{"id":3372,"date":"2016-04-20T12:00:19","date_gmt":"2016-04-20T17:00:19","guid":{"rendered":"https:\/\/idenergie.ca\/?page_id=3372"},"modified":"2016-04-20T12:36:27","modified_gmt":"2016-04-20T17:36:27","slug":"river-turbine-22","status":"publish","type":"page","link":"https:\/\/idenergie.ca\/en\/river-turbine-22\/","title":{"rendered":"River Turbine SV2"},"content":{"rendered":"<p><script>\/\/ <![CDATA[\nfunction isScrolledIntoView(elem){\nvar elem = jQuery(elem);\nvar wind = jQuery(window);\nvar docViewTop = wind.scrollTop();\nvar docViewBottom = docViewTop + wind.height();\nvar elemTop = elem.offset().top;\nvar elemBottom = elemTop + elem.height();\nif ((elemBottom <= docViewBottom)){ if((elemTop >= docViewTop)){\nreturn true;\n}else{\nreturn false;\n}\n}else{\nreturn false;\n}\n}\njQuery(document).ready(function(){\njQuery(\".firstTitle,.firstText,.firstLink\").css({opacity:0});\n\/\/jQuery(\".sixBox\").css({opacity:0});\njQuery(\".TenBox,.elevenBox\").css({opacity:0});\njQuery(\".thirdBox\").css({opacity:0});\njQuery(\"#fourImage\").css({opacity:0});\njQuery(\"#fiveImage\").css({opacity:0});\njQuery(\"#sevenImage\").css({opacity:0});\njQuery(\"#eightImage\").css({opacity:0});\njQuery(\".firstTitle\").css({\"padding-top\":\"+=40px\"});\njQuery(\".firstTitle\").stop(true, true).delay(500).animate({opacity:1,\"padding-top\":\"-=40px\"},2000);\njQuery(\".firstText\").css({\"padding-top\":\"+=40px\"});\njQuery(\".firstText\").stop(true, true).delay(1000).animate({opacity:1,\"padding-top\":\"-=40px\"},1000);\njQuery(\".firstLink\").css({\"padding-top\":\"+=40px\"});\njQuery(\".firstLink\").stop(true, true).delay(1000).animate({opacity:1,\"padding-top\":\"-=40px\"},1000);\njQuery(window).scroll(function(){  \nif(isScrolledIntoView(\".secText\")){\njQuery(\".secText\").delay(300).animate({\"font-size\":\"25px\"},600);\n}\nif(isScrolledIntoView(\".thirdTitle\")){\njQuery(\".thirdBox\").delay(300).animate({opacity:1,\"margin-left\":\"0px\"},1000);\njQuery(\".thirdText\").delay(300).animate({\"font-size\":\"25px\"},600);\n}\nif(isScrolledIntoView(\".fourTitle\")){\njQuery(\"#fourImage\").delay(300).animate({opacity:1,\"margin-left\":\"0px\"},1000);\njQuery(\".fourText\").delay(300).animate({\"font-size\":\"25px\"},600);\n}\nif(isScrolledIntoView(\".fiveTitle\")){\njQuery(\"#fiveImage\").delay(300).animate({opacity:1,\"margin-left\":\"0px\"},1000);\njQuery(\".fiveText\").delay(300).animate({\"font-size\":\"25px\"},600);\n}\nif(isScrolledIntoView(\".sixTitle\")){\n\/\/jQuery(\".sixBox\").stop(true, true).delay(500).animate({opacity:1},1500);\n\/\/jQuery(\".sixText\").delay(300).animate({\"font-size\":\"25px\"},600);\n}\nif(isScrolledIntoView(\".sevenTitle\")){\njQuery(\"#sevenImage\").delay(300).animate({opacity:1,\"margin-left\":\"0px\"},1000);\njQuery(\".sevenText\").delay(300).animate({\"font-size\":\"25px\"},600);\n}\nif(isScrolledIntoView(\".eightTitle\")){\njQuery(\"#eightImage\").delay(300).animate({opacity:1,\"margin-left\":\"0px\"},1000);\njQuery(\".eightText\").delay(300).animate({\"font-size\":\"25px\"},600);\n}\nif(isScrolledIntoView(\".nineTitle\")){\njQuery(\".nineText\").delay(300).animate({\"font-size\":\"25px\"},600);\n}\nif(isScrolledIntoView(\".tenTitle\")){\njQuery(\".TenBox,.elevenBox\").stop(true, true).delay(1000).animate({opacity:1},1000);\njQuery(\".tenText,.elevenText\").delay(300).animate({\"font-size\":\"25px\"},600);\n}\n});\n});\n\/\/ ]]><\/script><\/p>\n<div class=\"section-full-width section-light-bg firstTitle\" style=\"\" id=\"id\u00e9nergie\u2019sriverturbine\"><div class=\"section-boxed\" style=\"color:#373737;\"><h2 class=\"section-title\" style=\"color:#252525;\">Id\u00e9nergie\u2019s river turbine<\/h2><\/p>\n<p class=\"firstText\" style=\"text-align: center;\"><strong>\u00a0<\/strong>Cost saving and efficient, Id\u00e9nergie\u2019s river turbine is a state-of-the-art innovation in clean technology. Equipped with multiple smart features, allowing it to function in a large number of rivers, the river turbine represents the future of renewables.<\/p>\n<p>&nbsp;<\/p>\n<div class=\"thumbnailLinkLeft firstLink\" style=\"display:inline-block; width:45%;float:left;\">\n<div class=\"cta-element\">\n<h2 class=\"cta-title\">Download our brochure<\/h2>\n<p><a href=\"https:\/\/idenergie.ca\/wp-content\/uploads\/2015\/03\/Brochure-F%C3%A9v.-2015.-ENGv2.pdf\" target=\"_blank\" onclick=\"__gaTracker('send', 'event', 'download', 'https:\/\/idenergie.ca\/wp-content\/uploads\/2015\/03\/Brochure-F%C3%A9v.-2015.-ENGv2.pdf');\" class=\"button\">Click here for the PDF version<\/a><\/div>\n<\/div>\n<div class=\"thumbnailLinkRight firstLink\" style=\"display:inline-block; width:45%;float:right;\">\n<div class=\"cta-element\"><h2 class=\"cta-title\">Order yours today<\/h2><a class=\"button\" href=\"https:\/\/idenergie.ca\/en\/catalogue\/\">Visit our online catalogue<\/a><\/div><\/p>\n<\/div>\n<p>\n<\/div><\/div>\n<div class=\"section-full-width section-light-bg parallax-fixed\" style=\"background-color:#f7f7f7;\" id=\"\u00c9conomique\"><div class=\"section-boxed\" style=\"color:#373737;\"><h2 class=\"section-title\" style=\"color:#252525;\">   \u00c9CONOMIQUE<\/h2><h4 style=\"color:#252525;\" class=\"sub-title\">Une alternative de taille aux g\u00e9n\u00e9ratrices \u00e0 essence<\/h4><\/p>\n<div class=\"cols-wrapper cols-2\">\n<div class=\"col\">\n<p style=\"text-align: center;\">\u00a0\u00c9CONOMIQUE<\/p>\n<p>Une alternative de taille aux g\u00e9n\u00e9ratrices \u00e0 essence\u00a0<strong class=\"secText\">AA\u00a0<\/strong>B\u00e9n\u00e9ficiez d\u2019une source d\u2019\u00e9nergie autonome qui fonctionne simplement avec le courant d\u2019eau de votre rivi\u00e8re. Finissez-en avec le bruit d\u2019une g\u00e9n\u00e9ratrice \u00e0 essence, les allez retours aux stations-service,\u00a0<strong class=\"secText\">AA<\/strong>et les d\u00e9penses en carburants pouvant grimper hors de votre contr\u00f4le.<br \/>\n<strong class=\"secText\"> AA<\/strong><\/p>\n<\/div>\n<div class=\"col nomargin\"><img loading=\"lazy\" class=\"\" src=\"https:\/\/idenergie.ca\/wp-content\/uploads\/2015\/07\/Rivi\u00e8re11-small.jpg\" alt=\"\" width=\"80%\" height=\"auto\" \/><\/div>\n<\/div>\n<p>\n<\/div><\/div>\n<div class=\"cols-wrapper cols-2\">\n<div class=\"col thirdBox\">\n<div class=\"section-full-width section-light-bg parallax-fixed\" style=\"background-color: #;\">\n<div class=\"section-boxed\" style=\"color: #373737;\">\n<h2 class=\"section-title thirdTitle\" style=\"color: #252525;\">Easy to install<\/h2>\n<p><img loading=\"lazy\" class=\"thirdImage\" src=\"https:\/\/idenergie.ca\/wp-content\/uploads\/2015\/07\/Rivi\u00e8re4.jpg\" alt=\"\" width=\"100%\" height=\"auto\" \/><\/p>\n<p align=\"center\">Id\u00e9nergie\u2019s river turbine is delivered disassembled, making its transportation to the most remote areas easier and facilitating its installation on site, requiring only <strong class=\"thirdText\">two people<\/strong> and <strong class=\"thirdText\">a few hours<\/strong> to be completed.<\/p>\n<\/div>\n<\/div>\n<\/div>\n<div class=\"col nomargin thirdBox\">\n<div class=\"section-full-width section-light-bg parallax-fixed\" style=\"background-color: #;\">\n<div class=\"section-boxed\" style=\"color: #373737;\">\n<h2 class=\"section-title\" style=\"color: #252525;\">Network installation<\/h2>\n<p><img loading=\"lazy\" class=\"thirdImage\" src=\"https:\/\/idenergie.ca\/wp-content\/uploads\/2014\/09\/slider4.jpg\" alt=\"\" width=\"100%\" height=\"auto\" \/><\/p>\n<p align=\"center\">Why stop at just one river turbine? Did you know that it is possible to install <strong class=\"thirdText\">multiple<\/strong> river turbines in the same section of the river and connect them on the same battery bank in order to power an establishment with greater energy needs such as a small <strong class=\"thirdText\">isolated community<\/strong> with low consumption.<\/p>\n<\/div>\n<\/div>\n<\/div>\n<\/div>\n<div class=\"cols-wrapper cols-2\">\n<div class=\"col\"><div class=\"cta-element\"><h2 class=\"cta-title\">For more information on the installation<\/h2><a class=\"button\" href=\"https:\/\/idenergie.ca\/en\/technology\/\">Click here<\/a><\/div><\/div>\n<div class=\"col nomargin\"><div class=\"cta-element\"><h2 class=\"cta-title\">For more information on a network installation<\/h2><a class=\"button\" href=\"https:\/\/idenergie.ca\/en\/technology\/\">Click here<\/a><\/div><\/div>\n<\/div>\n<div class=\"cols-wrapper cols-2\">\n<div class=\"col\">\n<div class=\"section-full-width section-light-bg parallax-fixed\" style=\"background-color: #;\">\n<div class=\"section-boxed\" style=\"color: #373737;\">\n<h2 class=\"fourTitle section-title\" style=\"color: #252525;\">Low maintenance<\/h2>\n<p align=\"center\">Id\u00e9nergie\u2019s river turbine is equipped with a new type of electric generator designed and manufactured only by Id\u00e9nergie. Our unique patented shaftless technology prevents any water intrusions within the generator\u2019s electric casing making it <strong class=\"fourText\">100% waterproof<\/strong> leading to an <strong class=\"fourText\">almost maintenance-free<\/strong> subwater generator. This limits the maintenance required to keep the turbine functioning properly and insures a long product life.<br \/>\n<div class=\"cta-element\"><h2 class=\"cta-title\">For more information on the waterproof generator<\/h2><a class=\"button\" href=\"https:\/\/idenergie.ca\/en\/technology-2\/\">Click here<\/a><\/div><\/p>\n<\/div>\n<\/div>\n<\/div>\n<div class=\"col nomargin\"><img loading=\"lazy\" id=\"fourImage\" src=\"https:\/\/idenergie.ca\/wp-content\/uploads\/2015\/07\/Rivi\u00e8re1.jpg\" alt=\"\" width=\"100%\" height=\"auto\" \/><\/div>\n<\/div>\n<div class=\"cols-wrapper cols-2 fiveContainer\">\n<div class=\"col fiveBox\"><img loading=\"lazy\" id=\"fiveImage\" src=\"https:\/\/idenergie.ca\/wp-content\/uploads\/2014\/08\/turbineinriver.jpg\" alt=\"\" width=\"100%\" height=\"auto\" \/><\/div>\n<div class=\"col nomargin fiveBox\">\n<div class=\"section-full-width section-light-bg parallax-fixed\" style=\"background-color: #;\">\n<div class=\"section-boxed\" style=\"color: #373737;\">\n<h2 class=\"fiveTitle section-title\" style=\"color: #252525;\">Optimal power<br \/>\nany time<\/h2>\n<p align=\"center\">Id\u00e9nergie\u2019s river turbine has an embedded <strong class=\"thirdText\">smart converter<\/strong> that allows the conversion of the energy harnessed from the water current into electricity.In addition, it gives the user better control by automatically regulating the rotational speed of the turbine thus extracting maximum<br \/>\npower from the current.<br \/>\n<div class=\"cta-element\"><h2 class=\"cta-title\">For more information on the smart converter <\/h2><a class=\"button\" href=\"https:\/\/idenergie.ca\/en\/technology-2\/\">Click here<\/a><\/div><\/p>\n<\/div>\n<\/div>\n<\/div>\n<\/div>\n<div class=\"section-full-width sixBox section-light-bg parallax-fixed\" style=\"background-color: #;\">\n<div class=\"section-boxed\" style=\"color: #373737;\">\n<h2 class=\"sixTitle section-title\" style=\"color: #252525;\">Take advantage of many<br \/>\ninnovative features<\/h2>\n<p align=\"center\">Besides converting the energy of the river into electricity, the built-in smart converter includes many additional<br \/>\nfeatures including a <strong class=\"thirdText\">self-starting<\/strong> turbine, continuous <strong class=\"thirdText\">power optimization,<\/strong><br \/>\n<strong class=\"thirdText\"> remote monitoring<\/strong> capabilities, an <strong class=\"thirdText\">emergency brake<\/strong> and many more to come.<br \/>\n<div class=\"cta-element\"><h2 class=\"cta-title\">For more information on the smart converter <\/h2><a class=\"button\" href=\"https:\/\/idenergie.ca\/en\/technology-2\/\">Click here<\/a><\/div><\/p>\n<\/div>\n<\/div>\n<div class=\"cols-wrapper cols-2\">\n<div class=\"col\"><img loading=\"lazy\" id=\"sevenImage\" src=\"https:\/\/idenergie.ca\/wp-content\/uploads\/2015\/07\/Rivi\u00e8re2.jpg\" alt=\"\" width=\"100%\" height=\"auto\" \/><\/div>\n<div class=\"col nomargin\">\n<div class=\"section-full-width section-light-bg parallax-fixed\" style=\"background-color: #;\">\n<div class=\"section-boxed\" style=\"color: #373737;\">\n<h2 class=\"sevenTitle section-title\" style=\"color: #252525;\">Customized for<br \/>\nyour river<\/h2>\n<p align=\"center\">Designed to perform even in shallow depths of<br \/>\n<strong class=\"sevenText\">two feet (60 cm)<\/strong> of water and current velocities<br \/>\nas low as <strong class=\"sevenText\">1 m\/s<\/strong> or higher, the river turbine easily<br \/>\nadapts to the specific conditions of your site.<br \/>\n<div class=\"cta-element\"><h2 class=\"cta-title\">To view qualified rivers<\/h2><a class=\"button\" href=\"https:\/\/idenergie.ca\/en\/power-production\/\">Click here<\/a><\/div><\/p>\n<\/div>\n<\/div>\n<\/div>\n<\/div>\n<div class=\"cols-wrapper cols-2\">\n<div class=\"col\">\n<div class=\"section-full-width section-light-bg parallax-fixed\" style=\"background-color: #;\">\n<div class=\"section-boxed\" style=\"color: #373737;\">\n<h2 class=\"eightTitle section-title\" style=\"color: #252525;\">Zero debris concept<\/h2>\n<p align=\"center\"><strong class=\"eightText\">Freely suspended<\/strong> turbines, a simple and smooth external structure as well as a <strong class=\"eightText\">rotational<br \/>\nmechanism<\/strong> all decrease the risks of debris accumulation.<br \/>\n<div class=\"cta-element\"><h2 class=\"cta-title\">To see how the turbine interacts with the debris in the river <\/h2><a class=\"button\" href=\"https:\/\/vimeo.com\/108047501\">Click here<\/a><\/div><\/p>\n<\/div>\n<\/div>\n<\/div>\n<div class=\"col nomargin\"><img loading=\"lazy\" id=\"eightImage\" src=\"https:\/\/idenergie.ca\/wp-content\/uploads\/2014\/10\/A4A7995.jpg\" alt=\"\" width=\"100%\" height=\"auto\" \/><\/div>\n<\/div>\n<div class=\"section-full-width section-light-bg parallax-fixed\" style=\"background-color: #;\">\n<div class=\"section-boxed\" style=\"color: #373737;\">\n<h2 class=\"nineTitle section-title\" style=\"color: #252525;\">Reduce your energy costs<\/h2>\n<p align=\"center\">Did you know that a single river turbine, at maximum capacity,<br \/>\ngenerates as much energy as <strong class=\"nineText\">12 solar panels!<\/strong><br \/>\nIts energy production also represents annual savings of <strong class=\"nineText\">50 %<\/strong><br \/>\nof the maintenance cost compared with a gasoline-powered generator.<br \/>\n<div class=\"cta-element\"><h2 class=\"cta-title\">To see the production capacity of the river turbine<\/h2><a class=\"button\" href=\"https:\/\/idenergie.ca\/en\/power-production\/\">Click here<\/a><\/div><\/p>\n<\/div>\n<\/div>\n<div class=\"cols-wrapper cols-2\">\n<div class=\"col TenBox\">\n<div class=\"section-full-width section-light-bg parallax-fixed\" style=\"background-color: #;\">\n<div class=\"section-boxed\" style=\"color: #373737;\">\n<h2 class=\"section-title tenTitle\" style=\"color: #252525;\">In harmony with<br \/>\nthe river ecosystem<\/h2>\n<p><img loading=\"lazy\" id=\"tenImage\" src=\"https:\/\/idenergie.ca\/wp-content\/uploads\/2015\/07\/Rivi\u00e8re9.jpg\" alt=\"\" width=\"100%\" height=\"auto\" \/><\/p>\n<p align=\"center\">By taking into account numerous studies estimating the interactions of the turbines with the ecosystems, Id\u00e9nergie designed its product in order to <strong class=\"tenText\">minimize<\/strong> the impact on the aquatic fauna and its habitat. Studies have shown that Darrieus-type turbines, the kind used by Id\u00e9nergie, present <strong class=\"tenText\">no harm<\/strong> to the river\u2019s ecosystem.<\/p>\n<div class=\"cta-element\">\n<h2 class=\"cta-title\">For more information on the study<\/h2>\n<p><a class=\"button\" href=\"https:\/\/idenergie.ca\/wp-content\/uploads\/2015\/07\/Id\u00e9nergies-river-turbine-and-fresh-water-fish.pdf\" target=\"_blank\">Click here<\/a><\/p>\n<\/div>\n<\/div>\n<\/div>\n<\/div>\n<div class=\"col nomargin elevenBox\">\n<div class=\"section-full-width section-light-bg parallax-fixed\" style=\"background-color: #;\">\n<div class=\"section-boxed\" style=\"color: #373737;\">\n<h2 class=\"section-title\" style=\"color: #252525;\">Environmentally-friendly<\/h2>\n<p><img loading=\"lazy\" id=\"elevenImage\" src=\"https:\/\/idenergie.ca\/wp-content\/uploads\/2015\/07\/Rivi\u00e8re6.jpg\" alt=\"\" width=\"100%\" height=\"auto\" \/><\/p>\n<p align=\"center\">Mostly made of noble metals such as aluminum and other <strong class=\"elevenText\">environmentally-friendly<\/strong>, components, the turbine is the <strong class=\"elevenText\">greenest<\/strong> among all available renewable energy products. These materials do not react with the environment and are easily recyclable, ensuring a substantial end-of-life value.<br \/>\n<div class=\"cta-element\"><h2 class=\"cta-title\">Discover the river turbine's components<\/h2><a class=\"button\" href=\"https:\/\/idenergie.ca\/en\/technology-2\/\">Click here<\/a><\/div><\/p>\n<\/div>\n<\/div>\n<\/div>\n<\/div>\n<div class=\"thumbnailLinkLeft firstLink\" style=\"display: inline-block; width: 45%; float: left;\"><div class=\"cta-element\"><h2 class=\"cta-title\">Check out the turbine's specs<\/h2><a class=\"button\" href=\"https:\/\/idenergie.ca\/en\/specifications-2\/\">Click here<\/a><\/div><\/div>\n<div class=\"thumbnailLinkRight firstLink\" style=\"display: inline-block; width: 45%; float: right;\"><div class=\"cta-element\"><h2 class=\"cta-title\">Order yours today!<\/h2><a class=\"button\" href=\"https:\/\/idenergie.ca\/en\/catalogue\/\">Visit our online catalogue<\/a><\/div><\/div>\n","protected":false},"excerpt":{"rendered":"<p>Easy to install Id\u00e9nergie\u2019s river turbine is delivered disassembled, making its transportation to the most remote areas easier and facilitating [&hellip;]<\/p>\n","protected":false},"author":1,"featured_media":0,"parent":0,"menu_order":0,"comment_status":"closed","ping_status":"open","template":"template-full-custom.php","meta":[],"yoast_head":"<!-- This site is optimized with the Yoast SEO plugin v17.9 - https:\/\/yoast.com\/wordpress\/plugins\/seo\/ -->\n<title>River Turbine SV2 - Id\u00e9nergie<\/title>\n<meta name=\"description\" content=\"Id\u00e9nergie&#039;s river turbine generates electricity simply from the flow of the river. Discover its multiple smart features making it the future in cleantech.\" \/>\n<meta name=\"robots\" content=\"index, follow, max-snippet:-1, max-image-preview:large, max-video-preview:-1\" \/>\n<link rel=\"canonical\" href=\"https:\/\/idenergie.ca\/en\/river-turbine-22\/\" \/>\n<meta property=\"og:locale\" content=\"en_US\" \/>\n<meta property=\"og:type\" content=\"article\" \/>\n<meta property=\"og:title\" content=\"River Turbine SV2 - Id\u00e9nergie\" \/>\n<meta property=\"og:description\" content=\"Id\u00e9nergie&#039;s river turbine generates electricity simply from the flow of the river. Discover its multiple smart features making it the future in cleantech.\" \/>\n<meta property=\"og:url\" content=\"https:\/\/idenergie.ca\/en\/river-turbine-22\/\" \/>\n<meta property=\"og:site_name\" content=\"Id\u00e9nergie\" \/>\n<meta property=\"article:modified_time\" content=\"2016-04-20T17:36:27+00:00\" \/>\n<meta property=\"og:image\" content=\"https:\/\/idenergie.ca\/wp-content\/uploads\/2015\/07\/Rivi\u00e8re11-small.jpg\" \/>\n<meta name=\"twitter:label1\" content=\"Est. reading time\" \/>\n\t<meta name=\"twitter:data1\" content=\"5 minutes\" \/>\n<script type=\"application\/ld+json\" class=\"yoast-schema-graph\">{\"@context\":\"https:\/\/schema.org\",\"@graph\":[{\"@type\":\"WebSite\",\"@id\":\"https:\/\/idenergie.ca\/fr\/#website\",\"url\":\"https:\/\/idenergie.ca\/fr\/\",\"name\":\"Id\\u00e9nergie\",\"description\":\"\",\"potentialAction\":[{\"@type\":\"SearchAction\",\"target\":{\"@type\":\"EntryPoint\",\"urlTemplate\":\"https:\/\/idenergie.ca\/fr\/?s={search_term_string}\"},\"query-input\":\"required name=search_term_string\"}],\"inLanguage\":\"en-US\"},{\"@type\":\"ImageObject\",\"@id\":\"https:\/\/idenergie.ca\/en\/river-turbine-22\/#primaryimage\",\"inLanguage\":\"en-US\",\"url\":\"https:\/\/idenergie.ca\/wp-content\/uploads\/2015\/07\/Rivi\\u00e8re11-small.jpg\",\"contentUrl\":\"https:\/\/idenergie.ca\/wp-content\/uploads\/2015\/07\/Rivi\\u00e8re11-small.jpg\",\"width\":600,\"height\":450},{\"@type\":\"WebPage\",\"@id\":\"https:\/\/idenergie.ca\/en\/river-turbine-22\/#webpage\",\"url\":\"https:\/\/idenergie.ca\/en\/river-turbine-22\/\",\"name\":\"River Turbine SV2 - Id\\u00e9nergie\",\"isPartOf\":{\"@id\":\"https:\/\/idenergie.ca\/fr\/#website\"},\"primaryImageOfPage\":{\"@id\":\"https:\/\/idenergie.ca\/en\/river-turbine-22\/#primaryimage\"},\"datePublished\":\"2016-04-20T17:00:19+00:00\",\"dateModified\":\"2016-04-20T17:36:27+00:00\",\"description\":\"Id\\u00e9nergie's river turbine generates electricity simply from the flow of the river. Discover its multiple smart features making it the future in cleantech.\",\"breadcrumb\":{\"@id\":\"https:\/\/idenergie.ca\/en\/river-turbine-22\/#breadcrumb\"},\"inLanguage\":\"en-US\",\"potentialAction\":[{\"@type\":\"ReadAction\",\"target\":[\"https:\/\/idenergie.ca\/en\/river-turbine-22\/\"]}]},{\"@type\":\"BreadcrumbList\",\"@id\":\"https:\/\/idenergie.ca\/en\/river-turbine-22\/#breadcrumb\",\"itemListElement\":[{\"@type\":\"ListItem\",\"position\":1,\"name\":\"Home\",\"item\":\"https:\/\/idenergie.ca\/en\/\"},{\"@type\":\"ListItem\",\"position\":2,\"name\":\"River Turbine SV2\"}]}]}<\/script>\n<!-- \/ Yoast SEO plugin. -->","yoast_head_json":{"title":"River Turbine SV2 - Id\u00e9nergie","description":"Id\u00e9nergie's river turbine generates electricity simply from the flow of the river. Discover its multiple smart features making it the future in cleantech.","robots":{"index":"index","follow":"follow","max-snippet":"max-snippet:-1","max-image-preview":"max-image-preview:large","max-video-preview":"max-video-preview:-1"},"canonical":"https:\/\/idenergie.ca\/en\/river-turbine-22\/","og_locale":"en_US","og_type":"article","og_title":"River Turbine SV2 - Id\u00e9nergie","og_description":"Id\u00e9nergie's river turbine generates electricity simply from the flow of the river. Discover its multiple smart features making it the future in cleantech.","og_url":"https:\/\/idenergie.ca\/en\/river-turbine-22\/","og_site_name":"Id\u00e9nergie","article_modified_time":"2016-04-20T17:36:27+00:00","og_image":[{"url":"https:\/\/idenergie.ca\/wp-content\/uploads\/2015\/07\/Rivi\u00e8re11-small.jpg"}],"twitter_misc":{"Est. reading time":"5 minutes"},"schema":{"@context":"https:\/\/schema.org","@graph":[{"@type":"WebSite","@id":"https:\/\/idenergie.ca\/fr\/#website","url":"https:\/\/idenergie.ca\/fr\/","name":"Id\u00e9nergie","description":"","potentialAction":[{"@type":"SearchAction","target":{"@type":"EntryPoint","urlTemplate":"https:\/\/idenergie.ca\/fr\/?s={search_term_string}"},"query-input":"required name=search_term_string"}],"inLanguage":"en-US"},{"@type":"ImageObject","@id":"https:\/\/idenergie.ca\/en\/river-turbine-22\/#primaryimage","inLanguage":"en-US","url":"https:\/\/idenergie.ca\/wp-content\/uploads\/2015\/07\/Rivi\u00e8re11-small.jpg","contentUrl":"https:\/\/idenergie.ca\/wp-content\/uploads\/2015\/07\/Rivi\u00e8re11-small.jpg","width":600,"height":450},{"@type":"WebPage","@id":"https:\/\/idenergie.ca\/en\/river-turbine-22\/#webpage","url":"https:\/\/idenergie.ca\/en\/river-turbine-22\/","name":"River Turbine SV2 - Id\u00e9nergie","isPartOf":{"@id":"https:\/\/idenergie.ca\/fr\/#website"},"primaryImageOfPage":{"@id":"https:\/\/idenergie.ca\/en\/river-turbine-22\/#primaryimage"},"datePublished":"2016-04-20T17:00:19+00:00","dateModified":"2016-04-20T17:36:27+00:00","description":"Id\u00e9nergie's river turbine generates electricity simply from the flow of the river. Discover its multiple smart features making it the future in cleantech.","breadcrumb":{"@id":"https:\/\/idenergie.ca\/en\/river-turbine-22\/#breadcrumb"},"inLanguage":"en-US","potentialAction":[{"@type":"ReadAction","target":["https:\/\/idenergie.ca\/en\/river-turbine-22\/"]}]},{"@type":"BreadcrumbList","@id":"https:\/\/idenergie.ca\/en\/river-turbine-22\/#breadcrumb","itemListElement":[{"@type":"ListItem","position":1,"name":"Home","item":"https:\/\/idenergie.ca\/en\/"},{"@type":"ListItem","position":2,"name":"River Turbine SV2"}]}]}},"_links":{"self":[{"href":"https:\/\/idenergie.ca\/en\/wp-json\/wp\/v2\/pages\/3372"}],"collection":[{"href":"https:\/\/idenergie.ca\/en\/wp-json\/wp\/v2\/pages"}],"about":[{"href":"https:\/\/idenergie.ca\/en\/wp-json\/wp\/v2\/types\/page"}],"author":[{"embeddable":true,"href":"https:\/\/idenergie.ca\/en\/wp-json\/wp\/v2\/users\/1"}],"replies":[{"embeddable":true,"href":"https:\/\/idenergie.ca\/en\/wp-json\/wp\/v2\/comments?post=3372"}],"version-history":[{"count":7,"href":"https:\/\/idenergie.ca\/en\/wp-json\/wp\/v2\/pages\/3372\/revisions"}],"predecessor-version":[{"id":3377,"href":"https:\/\/idenergie.ca\/en\/wp-json\/wp\/v2\/pages\/3372\/revisions\/3377"}],"wp:attachment":[{"href":"https:\/\/idenergie.ca\/en\/wp-json\/wp\/v2\/media?parent=3372"}],"curies":[{"name":"wp","href":"https:\/\/api.w.org\/{rel}","templated":true}]}}