{"id":3633,"date":"2016-04-24T17:34:52","date_gmt":"2016-04-24T22:34:52","guid":{"rendered":"https:\/\/idenergie.ca\/?page_id=3633"},"modified":"2016-06-05T19:58:30","modified_gmt":"2016-06-06T00:58:30","slug":"technologies","status":"publish","type":"page","link":"https:\/\/idenergie.ca\/en\/technologies\/","title":{"rendered":"Technologies"},"content":{"rendered":"<div class=\"services-wrapper services-default cols-wrapper cols-2 pexeto-parallax\"><div class=\"services-box col\"><div class=\"img-container\"><img src=\"https:\/\/idenergie.ca\/wp-content\/uploads\/2016\/04\/gen-case-1.png\" alt=\"100% WATERPROOF GENERATOR\"\/><\/div><div class=\"services-content\"><div class=\"sc-wraper\"><h3>100% WATERPROOF GENERATOR<\/h3><p>Id\u00e9nergie has developed a new type of electric generator, highly efficient at low velocities and completely waterproof thanks to an innovation that eliminates the drive shaft between the turbine and the generator. Thus we obtain a completely isolated generating housing, not penetrated by any rotating part. Its waterproofness limits necessary maintenance and will ensure a long product life. We are the inventors of this generator and are the only manufacturers of turbines in the world with this technology.<\/p><\/div><\/div><\/div><div class=\"services-box col nomargin\"><div class=\"img-container\"><img src=\"https:\/\/idenergie.ca\/wp-content\/uploads\/2016\/04\/embedded-1.png\" alt=\"SMART ELECTRIC CONVERTER\"\/><\/div><div class=\"services-content\"><div class=\"sc-wraper\"><h3>SMART ELECTRIC CONVERTER<\/h3><p>This electronic board designed by our electric team is located inside the generator housing to allow the optimal conversion of electricity and control of the generator. It allows to recharge batteries while regulating the optimal speed of the turbine. The architecture of the card can be easily adapted to connect multiple turbines together to produce a higher amount of energy. Furthermore, a motor mode has been integrated to enable the auto start-up of the turbine, continuous power optimization, remote monitoring capabilities, an emergency brake and many more to come.\r\n<\/p><\/div><\/div><\/div><div class=\"clear\"><\/div><\/div>\n<div class=\"section-full-width section-light-bg\" style=\"background-color:#f7f7f7;\" id=\"turbinesdarrieus\"><div class=\"section-boxed\" style=\"color:#373737;\"><h2 class=\"section-title\" style=\"color:#252525;\">Turbines Darrieus <\/h2><\/p>\n<p style=\"text-align: justify;\">L&#8217;hydrolienne Id\u00e9nergie est \u00e9quip\u00e9e de deux urbines Darrieus. Ce mod\u00e8le de turbine, d&#8217;abord issu des \u00e9oliennes, fut choisi pour sa simplicit\u00e9 de fabrication et d&#8217;installation. Il permet d\u2019accommoder une profondeur d&#8217;\u00e0 peine 2 pieds (60 cm) ce qui augmente significativement le potentiel de rivi\u00e8res dans lequel les turbines peuvent op\u00e9rer. Sa plus grande qualit\u00e9 sont que les pales sont peu co\u00fbteuses, rempla\u00e7ables et exp\u00e9diables facilement en cas de bris.<\/p>\n<p><img class=\"img-frame aligncenter\" src=\"https:\/\/idenergie.ca\/wp-content\/uploads\/2015\/06\/turbines.jpg\" alt=\"\" \/><\/p>\n<p>\n<\/div><\/div>\n<div class=\"section-full-width section-light-bg parallax-fixed\" style=\"background-color:#ffffff;\" id=\"convertisseur\u00c9lectrique6kw\"><div style=\"background-image:url(https:\/\/idenergie.ca\/wp-content\/uploads\/2014\/08\/Gaussian-blur-background.jpg); opacity:0.5; filter: alpha(opacity=50);\" class=\"full-bg-image\" ><\/div><div class=\"section-boxed\" style=\"color:#373737;\"><h2 class=\"section-title\" style=\"color:#252525;\"> CONVERTISSEUR \u00c9LECTRIQUE 6 KW<\/h2><h4 style=\"color:#252525;\" class=\"sub-title\">Peut accomoder jusqu&#39;\u00e0 12 turbines sur une  distance de plus d&#39;un kilom\u00e8tre ( ~1\/2 miles )<\/h4><\/p>\n<p style=\"text-align: justify;\">Lorsque le courant atteint les batteries, la tension en sortie se voit r\u00e9duite jusqu&#8217;\u00e0 72V, 60V 48V et m\u00eame 24V gr\u00e2ce \u00e0 notre technologie de convertisseur. Le convertisseur permet aussi de brancher plusieurs turbines jusqu&#8217;\u00e0 6 kW de puissance. Le syst\u00e8me complet permet le transport du courant jusqu&#8217;\u00e0 un kilom\u00e8tre sans pertes significatives.<\/p>\n<p style=\"text-align: justify;\">\n<p><img class=\"img-frame \" src=\"https:\/\/idenergie.ca\/wp-content\/uploads\/2016\/06\/convertisseur.png\" alt=\"\" \/><\/p>\n<p>\n<\/div><\/div>\n<div class=\"thumbnailLinkLeft firstLink\" style=\"display: inline-block; width: 45%; float: left;\"><div class=\"cta-element\"><h2 class=\"cta-title\">T\u00e9l\u00e9chargez notre brochure<\/h2><a class=\"button\" href=\"https:\/\/idenergie.ca\/wp-content\/uploads\/2015\/03\/Brochure-F\u00e9v.-2015v2.pdf\">Cliquez ici pour la version pdf<\/a><\/div><\/div>\n<div class=\"thumbnailLinkRight firstLink\" style=\"display: inline-block; width: 45%; float: right;\"><div class=\"cta-element\"><h2 class=\"cta-title\">Reservez la v\u00f4tre maintenant<\/h2><a class=\"button\" href=\"https:\/\/idenergie.ca\/fr\/contact\/\">Cliquez ici pour nous contacter<\/a><\/div><\/div>\n<div class=\"thumbnailLinkLeft firstLink\" style=\"display: inline-block; width: 45%; float: left;\"><\/div>\n","protected":false},"excerpt":{"rendered":"","protected":false},"author":1,"featured_media":0,"parent":0,"menu_order":0,"comment_status":"closed","ping_status":"closed","template":"template-full-custom.php","meta":[],"yoast_head":"<!-- This site is optimized with the Yoast SEO plugin v17.9 - https:\/\/yoast.com\/wordpress\/plugins\/seo\/ -->\n<title>Technologies - Id\u00e9nergie<\/title>\n<meta name=\"robots\" content=\"index, follow, max-snippet:-1, max-image-preview:large, max-video-preview:-1\" \/>\n<link rel=\"canonical\" href=\"https:\/\/idenergie.ca\/en\/technologies\/\" \/>\n<meta property=\"og:locale\" content=\"en_US\" \/>\n<meta property=\"og:type\" content=\"article\" \/>\n<meta property=\"og:title\" content=\"Technologies - Id\u00e9nergie\" \/>\n<meta property=\"og:url\" content=\"https:\/\/idenergie.ca\/en\/technologies\/\" \/>\n<meta property=\"og:site_name\" content=\"Id\u00e9nergie\" \/>\n<meta property=\"article:modified_time\" content=\"2016-06-06T00:58:30+00:00\" \/>\n<meta property=\"og:image\" content=\"http:\/\/idenergie.ca\/wp-content\/uploads\/2015\/06\/turbines.jpg\" \/>\n<meta name=\"twitter:label1\" content=\"Est. reading time\" \/>\n\t<meta name=\"twitter:data1\" content=\"2 minutes\" \/>\n<script type=\"application\/ld+json\" class=\"yoast-schema-graph\">{\"@context\":\"https:\/\/schema.org\",\"@graph\":[{\"@type\":\"WebSite\",\"@id\":\"https:\/\/idenergie.ca\/fr\/#website\",\"url\":\"https:\/\/idenergie.ca\/fr\/\",\"name\":\"Id\\u00e9nergie\",\"description\":\"\",\"potentialAction\":[{\"@type\":\"SearchAction\",\"target\":{\"@type\":\"EntryPoint\",\"urlTemplate\":\"https:\/\/idenergie.ca\/fr\/?s={search_term_string}\"},\"query-input\":\"required name=search_term_string\"}],\"inLanguage\":\"en-US\"},{\"@type\":\"ImageObject\",\"@id\":\"https:\/\/idenergie.ca\/en\/technologies\/#primaryimage\",\"inLanguage\":\"en-US\",\"url\":\"https:\/\/idenergie.ca\/wp-content\/uploads\/2015\/06\/turbines.jpg\",\"contentUrl\":\"https:\/\/idenergie.ca\/wp-content\/uploads\/2015\/06\/turbines.jpg\",\"width\":1128,\"height\":388},{\"@type\":\"WebPage\",\"@id\":\"https:\/\/idenergie.ca\/en\/technologies\/#webpage\",\"url\":\"https:\/\/idenergie.ca\/en\/technologies\/\",\"name\":\"Technologies - Id\\u00e9nergie\",\"isPartOf\":{\"@id\":\"https:\/\/idenergie.ca\/fr\/#website\"},\"primaryImageOfPage\":{\"@id\":\"https:\/\/idenergie.ca\/en\/technologies\/#primaryimage\"},\"datePublished\":\"2016-04-24T22:34:52+00:00\",\"dateModified\":\"2016-06-06T00:58:30+00:00\",\"breadcrumb\":{\"@id\":\"https:\/\/idenergie.ca\/en\/technologies\/#breadcrumb\"},\"inLanguage\":\"en-US\",\"potentialAction\":[{\"@type\":\"ReadAction\",\"target\":[\"https:\/\/idenergie.ca\/en\/technologies\/\"]}]},{\"@type\":\"BreadcrumbList\",\"@id\":\"https:\/\/idenergie.ca\/en\/technologies\/#breadcrumb\",\"itemListElement\":[{\"@type\":\"ListItem\",\"position\":1,\"name\":\"Home\",\"item\":\"https:\/\/idenergie.ca\/en\/\"},{\"@type\":\"ListItem\",\"position\":2,\"name\":\"Technologies\"}]}]}<\/script>\n<!-- \/ Yoast SEO plugin. -->","yoast_head_json":{"title":"Technologies - Id\u00e9nergie","robots":{"index":"index","follow":"follow","max-snippet":"max-snippet:-1","max-image-preview":"max-image-preview:large","max-video-preview":"max-video-preview:-1"},"canonical":"https:\/\/idenergie.ca\/en\/technologies\/","og_locale":"en_US","og_type":"article","og_title":"Technologies - Id\u00e9nergie","og_url":"https:\/\/idenergie.ca\/en\/technologies\/","og_site_name":"Id\u00e9nergie","article_modified_time":"2016-06-06T00:58:30+00:00","og_image":[{"url":"http:\/\/idenergie.ca\/wp-content\/uploads\/2015\/06\/turbines.jpg"}],"twitter_misc":{"Est. reading time":"2 minutes"},"schema":{"@context":"https:\/\/schema.org","@graph":[{"@type":"WebSite","@id":"https:\/\/idenergie.ca\/fr\/#website","url":"https:\/\/idenergie.ca\/fr\/","name":"Id\u00e9nergie","description":"","potentialAction":[{"@type":"SearchAction","target":{"@type":"EntryPoint","urlTemplate":"https:\/\/idenergie.ca\/fr\/?s={search_term_string}"},"query-input":"required name=search_term_string"}],"inLanguage":"en-US"},{"@type":"ImageObject","@id":"https:\/\/idenergie.ca\/en\/technologies\/#primaryimage","inLanguage":"en-US","url":"https:\/\/idenergie.ca\/wp-content\/uploads\/2015\/06\/turbines.jpg","contentUrl":"https:\/\/idenergie.ca\/wp-content\/uploads\/2015\/06\/turbines.jpg","width":1128,"height":388},{"@type":"WebPage","@id":"https:\/\/idenergie.ca\/en\/technologies\/#webpage","url":"https:\/\/idenergie.ca\/en\/technologies\/","name":"Technologies - Id\u00e9nergie","isPartOf":{"@id":"https:\/\/idenergie.ca\/fr\/#website"},"primaryImageOfPage":{"@id":"https:\/\/idenergie.ca\/en\/technologies\/#primaryimage"},"datePublished":"2016-04-24T22:34:52+00:00","dateModified":"2016-06-06T00:58:30+00:00","breadcrumb":{"@id":"https:\/\/idenergie.ca\/en\/technologies\/#breadcrumb"},"inLanguage":"en-US","potentialAction":[{"@type":"ReadAction","target":["https:\/\/idenergie.ca\/en\/technologies\/"]}]},{"@type":"BreadcrumbList","@id":"https:\/\/idenergie.ca\/en\/technologies\/#breadcrumb","itemListElement":[{"@type":"ListItem","position":1,"name":"Home","item":"https:\/\/idenergie.ca\/en\/"},{"@type":"ListItem","position":2,"name":"Technologies"}]}]}},"_links":{"self":[{"href":"https:\/\/idenergie.ca\/en\/wp-json\/wp\/v2\/pages\/3633"}],"collection":[{"href":"https:\/\/idenergie.ca\/en\/wp-json\/wp\/v2\/pages"}],"about":[{"href":"https:\/\/idenergie.ca\/en\/wp-json\/wp\/v2\/types\/page"}],"author":[{"embeddable":true,"href":"https:\/\/idenergie.ca\/en\/wp-json\/wp\/v2\/users\/1"}],"replies":[{"embeddable":true,"href":"https:\/\/idenergie.ca\/en\/wp-json\/wp\/v2\/comments?post=3633"}],"version-history":[{"count":10,"href":"https:\/\/idenergie.ca\/en\/wp-json\/wp\/v2\/pages\/3633\/revisions"}],"predecessor-version":[{"id":4217,"href":"https:\/\/idenergie.ca\/en\/wp-json\/wp\/v2\/pages\/3633\/revisions\/4217"}],"wp:attachment":[{"href":"https:\/\/idenergie.ca\/en\/wp-json\/wp\/v2\/media?parent=3633"}],"curies":[{"name":"wp","href":"https:\/\/api.w.org\/{rel}","templated":true}]}}