{"id":5849,"date":"2016-11-11T11:38:32","date_gmt":"2016-11-11T16:38:32","guid":{"rendered":"https:\/\/idenergie.ca\/en\/?page_id=5849"},"modified":"2016-11-11T13:32:01","modified_gmt":"2016-11-11T18:32:01","slug":"turbines-levek","status":"publish","type":"page","link":"https:\/\/idenergie.ca\/en\/turbines-levek\/","title":{"rendered":"Turbines Levek"},"content":{"rendered":"<div class=\"section-full-width section-light-bg\" style=\"background-color:#f7f7f7;\" id=\"votremicrocentraled39\u00c9lectricit\u00c9\"><div class=\"section-boxed\" style=\"color:#373737;\"><h2 class=\"section-title\" style=\"color:#252525;\">VOTRE MICRO CENTRALE D&#39;\u00c9LECTRICIT\u00c9<\/h2><\/p>\n<p style=\"text-align: justify;\">\n<p style=\"text-align: justify;\">Les turbines Levek peuvent fournir de l&#8217;\u00e9lectricit\u00e9 \u00e0 tous les utilisateurs qui sont hors de port\u00e9e des lignes d&#8217;un r\u00e9seaux \u00e9lectrique \u00e0 un <strong>faible<\/strong>\u00a0<strong>co\u00fbt in\u00e9galable<\/strong>.<\/p>\n<p style=\"text-align: justify;\">L&#8217;exp\u00e9rience des 25 derni\u00e8res ann\u00e9es des \u00e9quipements Levek ont d\u00e9montr\u00e9 qu&#8217;ils fournissent un approvisionnement <strong>stable<\/strong> et <strong>fiable<\/strong> de l&#8217;\u00e9nergie \u00e9lectrique.<\/p>\n<p style=\"text-align: justify;\">Un investissement dans un Hydrog\u00e9n\u00e9rateur fournissant de\u00a010 \u00e0 60 kW (ou micro centrale \u00e9lectrique qui a une capacit\u00e9 de production de plusieurs centaines de kW) n\u00e9cessite une courte p\u00e9riode d&#8217;amortissement et permet des \u00e9conomies qui se traduisent par des b\u00e9n\u00e9fices, souvent dans la premi\u00e8re ann\u00e9e de fonctionnement.<\/p>\n<p style=\"text-align: justify;\">\n<div class=\"inline_top\">\n<div class=\"caption visible-md visible-lg\">\n<h3>ID\u00c9AL POUR<\/h3>\n<ul>\n<li>Pourvoiries<\/li>\n<li>Camps isol\u00e9s<\/li>\n<li>Op\u00e9rations industrielles<\/li>\n<li>Communaut\u00e9 de plusieurs centaines d&#8217;habitations<\/li>\n<\/ul>\n<\/div>\n<\/div>\n<h3><\/h3>\n<p>\n<\/div><\/div>\n<div class=\"section-full-width section-light2\" style=\"background-color:#EDF5F7;\" id=\"comparaisondesprix\"><div class=\"section-boxed\" style=\"color:#777777;\"><h2 class=\"section-title\" style=\"color:#252525;\">Comparaison des prix<\/h2><h4 style=\"color:#252525;\" class=\"sub-title\">De l'\u00e9lectricit\u00e9 moins ch\u00e8re que celle de la compagnie d'\u00e9lectricit\u00e9<\/h4><\/p>\n<h3><\/h3>\n<div class=\"block_in_right bars\">\n<p><img class=\"img-responsive\" src=\"http:\/\/www.levekturbines.com\/images\/bar1.png\" alt=\"\" \/><\/p>\n<p class=\"inline\">GENERATRICE AU DIESEL<\/p>\n<p class=\"inline\">0.19 &#8211; 0.45 $ \/ kWh<\/p>\n<p><img class=\"img-responsive\" src=\"http:\/\/www.levekturbines.com\/images\/bar2.png\" alt=\"\" \/><\/p>\n<p class=\"inline\">COMPAGNIE NATIONALE D&#8217;\u00c9LECTRICIT\u00c9<\/p>\n<p class=\"inline\">0.07 &#8211; 0.14 $ \/ kWh<\/p>\n<p><img class=\"img-responsive\" src=\"http:\/\/www.levekturbines.com\/images\/bar3.png\" alt=\"\" \/><\/p>\n<p class=\"inline\">MICRO CENTRALE LEVEK<\/p>\n<p class=\"inline\">0.03 &#8211; 0.06 $ \/ kWh<\/p>\n<\/div>\n<p>\n<\/div><\/div>\n<div class=\"section-full-width section-light\" style=\"background-color:#f7f7f7;\" id=\"installation\"><div class=\"section-boxed\" style=\"color:#777777;\"><h2 class=\"section-title\" style=\"color:#252525;\">Installation<\/h2><\/p>\n<div class=\"cols-wrapper cols-2\">\n<div class=\"col\" style=\"width: 25%;\">\n<p style=\"text-align: justify;\">Les turbines Levek peuvent \u00eatre install\u00e9es dans les ruisseaux et rivi\u00e8res \u00e0 faible d\u00e9bit de d\u00e9charge. Ils peuvent fonctionner sous aussi bas que 2 m\u00e8tres de t\u00eate d&#8217;eau.<\/p>\n<p style=\"text-align: justify;\">Les hydrog\u00e9n\u00e9rateurs utilisent seulement une partie d&#8217;un flux.La production d&#8217;\u00e9nergie hydro\u00e9lectrique fiable et renouvelable ne n\u00e9cessite donc pas des r\u00e9servoirs, ni d&#8217;inondation des zones basses.<\/p>\n<\/div>\n<div class=\"col nomargin\" style=\"width: 70%;\">\n<img class=\"img-frame \" src=\"https:\/\/idenergie.ca\/wp-content\/uploads\/2016\/11\/plans.jpg\" alt=\"\" \/><\/div>\n<\/div>\n<p>\n<\/div><\/div>\n<p>&nbsp;<\/p>\n<div class=\"cols-wrapper cols-2\">\n<div class=\"col\">\n<p>Les turbines sont modulaires et leur fiabilit\u00e9 ainsi que les mat\u00e9riaux utilis\u00e9s dans la construction (polyur\u00e9thane industriel) leur permettent de prix \u00e0 la moiti\u00e9 du co\u00fbt des g\u00e9n\u00e9rateurs de turbines classiques.<\/p>\n<\/div>\n<div class=\"col nomargin\">\n<p>&nbsp;<\/p>\n<div style=\"width: 1170px;\" class=\"wp-video\"><!--[if lt IE 9]><script>document.createElement('video');<\/script><![endif]-->\n<video class=\"wp-video-shortcode\" id=\"video-5849-1\" width=\"1170\" height=\"658\" loop=\"1\" autoplay=\"1\" preload=\"metadata\" controls=\"controls\"><source type=\"video\/mp4\" src=\"https:\/\/idenergie.ca\/wp-content\/uploads\/2016\/11\/Technology.mp4?_=1\" \/><a href=\"https:\/\/idenergie.ca\/wp-content\/uploads\/2016\/11\/Technology.mp4\">https:\/\/idenergie.ca\/wp-content\/uploads\/2016\/11\/Technology.mp4<\/a><\/video><\/div>\n<\/div>\n<\/div>\n<div class=\"section-full-width section-light2\" style=\"background-color:#c7c7c7;\" id=\"puissance\"><div class=\"section-boxed\" style=\"color:#777777;\"><h2 class=\"section-title\" style=\"color:#252525;\">Puissance<\/h2><h4 style=\"color:#252525;\" class=\"sub-title\">de 18 \u00e0 76 kW, jour et nuit<\/h4><\/p>\n<table class=\"specifications\">\n<tbody>\n<tr class=\"bigger\">\n<th>MODELS<\/th>\n<th>D\u00c9BIT (M3\/SEC)<\/th>\n<th>HEAD (M)<\/th>\n<th>POWER (KW)<\/th>\n<\/tr>\n<tr>\n<td>LTI66FF80<\/td>\n<td>2,11<\/td>\n<td>5,00<\/td>\n<td>76,3<\/td>\n<\/tr>\n<tr>\n<td>LYTI66F50<\/td>\n<td>1,81<\/td>\n<td>3,67<\/td>\n<td>45,6<\/td>\n<\/tr>\n<tr>\n<td>LTI66FF30<\/td>\n<td>1,58<\/td>\n<td>2,81<\/td>\n<td>28,4<\/td>\n<\/tr>\n<tr>\n<td>LTI66FF20<\/td>\n<td>1,41<\/td>\n<td>2,22<\/td>\n<td>18,0<\/td>\n<\/tr>\n<\/tbody>\n<\/table>\n<p>\n<\/div><\/div>\n<div class=\"section-full-width section-light-bg\" style=\"background-color:#f7f7f7;\" id=\"section-1\"><div class=\"section-boxed\" style=\"color:#373737;\"><\/p>\n<div class=\"cols-wrapper cols-4\">\n<div class=\"col\">\n<p><a href=\"https:\/\/idenergie.ca\/fr\/convertisseur-solaire-idenergie\/\"><img loading=\"lazy\" class=\"img-frame aligncenter\" src=\"https:\/\/idenergie.ca\/wp-content\/uploads\/2016\/04\/solar_mini.png\" alt=\"\" width=\"72\" height=\"71\" \/><\/a><\/p>\n<p style=\"text-align: center;\"><strong>Technologies<br \/>\nSolaires<\/strong><\/p>\n<p style=\"text-align: center;\">Panneaux photovolta\u00efques et convertisseurs<\/p>\n<p style=\"text-align: center;\"><a href=\"https:\/\/idenergie.ca\/fr\/solar-panels\/\">D\u00e9couvrir &gt;<\/a><\/p>\n<\/div>\n<div class=\"col\">\n<p><a href=\"https:\/\/idenergie.ca\/fr\/hydrolienne-2\/\"><img loading=\"lazy\" class=\"img-frame aligncenter\" src=\"https:\/\/idenergie.ca\/wp-content\/uploads\/2016\/04\/turbine_tite.png\" alt=\"\" width=\"71\" height=\"70\" \/><\/a><\/p>\n<p style=\"text-align: center;\"><strong>Technologies<br \/>\nhydroliennes<\/strong><\/p>\n<p style=\"text-align: center;\">faire de l&#8217;\u00e9nergie<br \/>\n\u00e0 partir de sa rivi\u00e8re<\/p>\n<p style=\"text-align: center;\"><a href=\"https:\/\/idenergie.ca\/fr\/hydrolienne-2\/\">Explorer &gt;<\/a><\/p>\n<\/div>\n<div class=\"col\">\n<p><a href=\"https:\/\/idenergie.ca\/fr\/batir-mon-systeme\/\"><img loading=\"lazy\" class=\"img-frame aligncenter\" src=\"https:\/\/idenergie.ca\/wp-content\/uploads\/2016\/04\/system_builder.png\" alt=\"\" width=\"71\" height=\"70\" \/><\/a><\/p>\n<p style=\"text-align: center;\"><strong>B\u00e2tisseur<br \/>\nde syst\u00e8me<\/strong><\/p>\n<p style=\"text-align: center;\">Votre syst\u00e8me complet en moins de cinq minutes<\/p>\n<p style=\"text-align: center;\"><a href=\"https:\/\/idenergie.ca\/fr\/batir-mon-systeme\/\">D\u00e9marrer\u00a0&gt;<\/a><\/p>\n<\/div>\n<div class=\"col nomargin\">\n<p><a href=\"https:\/\/idenergie.ca\/fr\/shop\/\"><img loading=\"lazy\" class=\"img-frame aligncenter\" src=\"https:\/\/idenergie.ca\/wp-content\/uploads\/2016\/04\/store_mini.png\" alt=\"\" width=\"71\" height=\"70\" \/><\/a><\/p>\n<p style=\"text-align: center;\"><strong>Boutique<br \/>\nen ligne<\/strong><\/p>\n<p style=\"text-align: center;\">Tout le n\u00e9cessaire pour votre<br \/>\ninstallation<\/p>\n<p style=\"text-align: center;\"><a href=\"https:\/\/idenergie.ca\/fr\/shop\/\">Magasiner\u00a0&gt;<\/a><\/p>\n<\/div>\n<\/div>\n<p>\n<\/div><\/div>\n","protected":false},"excerpt":{"rendered":"<p>&nbsp; Les turbines sont modulaires et leur fiabilit\u00e9 ainsi que les mat\u00e9riaux utilis\u00e9s dans la construction (polyur\u00e9thane industriel) leur permettent [&hellip;]<\/p>\n","protected":false},"author":1,"featured_media":0,"parent":0,"menu_order":0,"comment_status":"closed","ping_status":"closed","template":"template-full-custom.php","meta":[],"yoast_head":"<!-- This site is optimized with the Yoast SEO plugin v17.9 - https:\/\/yoast.com\/wordpress\/plugins\/seo\/ -->\n<title>Turbines Levek - Id\u00e9nergie<\/title>\n<meta name=\"robots\" content=\"index, follow, max-snippet:-1, max-image-preview:large, max-video-preview:-1\" \/>\n<link rel=\"canonical\" href=\"https:\/\/idenergie.ca\/en\/turbines-levek\/\" \/>\n<meta property=\"og:locale\" content=\"en_US\" \/>\n<meta property=\"og:type\" content=\"article\" \/>\n<meta property=\"og:title\" content=\"Turbines Levek - Id\u00e9nergie\" \/>\n<meta property=\"og:description\" content=\"&nbsp; Les turbines sont modulaires et leur fiabilit\u00e9 ainsi que les mat\u00e9riaux utilis\u00e9s dans la construction (polyur\u00e9thane industriel) leur permettent [&hellip;]\" \/>\n<meta property=\"og:url\" content=\"https:\/\/idenergie.ca\/en\/turbines-levek\/\" \/>\n<meta property=\"og:site_name\" content=\"Id\u00e9nergie\" \/>\n<meta property=\"article:modified_time\" content=\"2016-11-11T18:32:01+00:00\" \/>\n<meta property=\"og:image\" content=\"http:\/\/www.levekturbines.com\/images\/bar1.png\" \/>\n<meta name=\"twitter:label1\" content=\"Est. reading time\" \/>\n\t<meta name=\"twitter:data1\" content=\"3 minutes\" \/>\n<script type=\"application\/ld+json\" class=\"yoast-schema-graph\">{\"@context\":\"https:\/\/schema.org\",\"@graph\":[{\"@type\":\"WebSite\",\"@id\":\"https:\/\/idenergie.ca\/fr\/#website\",\"url\":\"https:\/\/idenergie.ca\/fr\/\",\"name\":\"Id\\u00e9nergie\",\"description\":\"\",\"potentialAction\":[{\"@type\":\"SearchAction\",\"target\":{\"@type\":\"EntryPoint\",\"urlTemplate\":\"https:\/\/idenergie.ca\/fr\/?s={search_term_string}\"},\"query-input\":\"required name=search_term_string\"}],\"inLanguage\":\"en-US\"},{\"@type\":\"ImageObject\",\"@id\":\"https:\/\/idenergie.ca\/en\/turbines-levek\/#primaryimage\",\"inLanguage\":\"en-US\",\"url\":\"http:\/\/www.levekturbines.com\/images\/bar1.png\",\"contentUrl\":\"http:\/\/www.levekturbines.com\/images\/bar1.png\"},{\"@type\":\"WebPage\",\"@id\":\"https:\/\/idenergie.ca\/en\/turbines-levek\/#webpage\",\"url\":\"https:\/\/idenergie.ca\/en\/turbines-levek\/\",\"name\":\"Turbines Levek - Id\\u00e9nergie\",\"isPartOf\":{\"@id\":\"https:\/\/idenergie.ca\/fr\/#website\"},\"primaryImageOfPage\":{\"@id\":\"https:\/\/idenergie.ca\/en\/turbines-levek\/#primaryimage\"},\"datePublished\":\"2016-11-11T16:38:32+00:00\",\"dateModified\":\"2016-11-11T18:32:01+00:00\",\"breadcrumb\":{\"@id\":\"https:\/\/idenergie.ca\/en\/turbines-levek\/#breadcrumb\"},\"inLanguage\":\"en-US\",\"potentialAction\":[{\"@type\":\"ReadAction\",\"target\":[\"https:\/\/idenergie.ca\/en\/turbines-levek\/\"]}]},{\"@type\":\"BreadcrumbList\",\"@id\":\"https:\/\/idenergie.ca\/en\/turbines-levek\/#breadcrumb\",\"itemListElement\":[{\"@type\":\"ListItem\",\"position\":1,\"name\":\"Home\",\"item\":\"https:\/\/idenergie.ca\/en\/\"},{\"@type\":\"ListItem\",\"position\":2,\"name\":\"Turbines Levek\"}]}]}<\/script>\n<!-- \/ Yoast SEO plugin. -->","yoast_head_json":{"title":"Turbines Levek - Id\u00e9nergie","robots":{"index":"index","follow":"follow","max-snippet":"max-snippet:-1","max-image-preview":"max-image-preview:large","max-video-preview":"max-video-preview:-1"},"canonical":"https:\/\/idenergie.ca\/en\/turbines-levek\/","og_locale":"en_US","og_type":"article","og_title":"Turbines Levek - Id\u00e9nergie","og_description":"&nbsp; Les turbines sont modulaires et leur fiabilit\u00e9 ainsi que les mat\u00e9riaux utilis\u00e9s dans la construction (polyur\u00e9thane industriel) leur permettent [&hellip;]","og_url":"https:\/\/idenergie.ca\/en\/turbines-levek\/","og_site_name":"Id\u00e9nergie","article_modified_time":"2016-11-11T18:32:01+00:00","og_image":[{"url":"http:\/\/www.levekturbines.com\/images\/bar1.png"}],"twitter_misc":{"Est. reading time":"3 minutes"},"schema":{"@context":"https:\/\/schema.org","@graph":[{"@type":"WebSite","@id":"https:\/\/idenergie.ca\/fr\/#website","url":"https:\/\/idenergie.ca\/fr\/","name":"Id\u00e9nergie","description":"","potentialAction":[{"@type":"SearchAction","target":{"@type":"EntryPoint","urlTemplate":"https:\/\/idenergie.ca\/fr\/?s={search_term_string}"},"query-input":"required name=search_term_string"}],"inLanguage":"en-US"},{"@type":"ImageObject","@id":"https:\/\/idenergie.ca\/en\/turbines-levek\/#primaryimage","inLanguage":"en-US","url":"http:\/\/www.levekturbines.com\/images\/bar1.png","contentUrl":"http:\/\/www.levekturbines.com\/images\/bar1.png"},{"@type":"WebPage","@id":"https:\/\/idenergie.ca\/en\/turbines-levek\/#webpage","url":"https:\/\/idenergie.ca\/en\/turbines-levek\/","name":"Turbines Levek - Id\u00e9nergie","isPartOf":{"@id":"https:\/\/idenergie.ca\/fr\/#website"},"primaryImageOfPage":{"@id":"https:\/\/idenergie.ca\/en\/turbines-levek\/#primaryimage"},"datePublished":"2016-11-11T16:38:32+00:00","dateModified":"2016-11-11T18:32:01+00:00","breadcrumb":{"@id":"https:\/\/idenergie.ca\/en\/turbines-levek\/#breadcrumb"},"inLanguage":"en-US","potentialAction":[{"@type":"ReadAction","target":["https:\/\/idenergie.ca\/en\/turbines-levek\/"]}]},{"@type":"BreadcrumbList","@id":"https:\/\/idenergie.ca\/en\/turbines-levek\/#breadcrumb","itemListElement":[{"@type":"ListItem","position":1,"name":"Home","item":"https:\/\/idenergie.ca\/en\/"},{"@type":"ListItem","position":2,"name":"Turbines Levek"}]}]}},"_links":{"self":[{"href":"https:\/\/idenergie.ca\/en\/wp-json\/wp\/v2\/pages\/5849"}],"collection":[{"href":"https:\/\/idenergie.ca\/en\/wp-json\/wp\/v2\/pages"}],"about":[{"href":"https:\/\/idenergie.ca\/en\/wp-json\/wp\/v2\/types\/page"}],"author":[{"embeddable":true,"href":"https:\/\/idenergie.ca\/en\/wp-json\/wp\/v2\/users\/1"}],"replies":[{"embeddable":true,"href":"https:\/\/idenergie.ca\/en\/wp-json\/wp\/v2\/comments?post=5849"}],"version-history":[{"count":13,"href":"https:\/\/idenergie.ca\/en\/wp-json\/wp\/v2\/pages\/5849\/revisions"}],"predecessor-version":[{"id":5889,"href":"https:\/\/idenergie.ca\/en\/wp-json\/wp\/v2\/pages\/5849\/revisions\/5889"}],"wp:attachment":[{"href":"https:\/\/idenergie.ca\/en\/wp-json\/wp\/v2\/media?parent=5849"}],"curies":[{"name":"wp","href":"https:\/\/api.w.org\/{rel}","templated":true}]}}