{"id":1892,"date":"2015-07-02T14:20:17","date_gmt":"2015-07-02T19:20:17","guid":{"rendered":"https:\/\/idenergie.ca\/home-2-2\/"},"modified":"2015-07-22T15:35:44","modified_gmt":"2015-07-22T20:35:44","slug":"paginadeinicio","status":"publish","type":"page","link":"https:\/\/idenergie.ca\/es\/paginadeinicio\/","title":{"rendered":"P\u00e1gina de inicio"},"content":{"rendered":"<div class=\"section-full-width section-light-bg\" style=\"background-color:#f7f7f7;\" id=\"hidroturbinader\u00edo\"><div class=\"section-boxed\" style=\"color:#373737;\"><h2 class=\"section-title\" style=\"color:#252525;\">Hidroturbina de r\u00edo<\/h2><p style=\"text-align: center;margin-bottom:20px;\">Id\u00e9nergie es una nueva empresa en tecnolog\u00edas verdes y representa una alternativa ventajosa con respecto a las energ\u00edas f\u00f3siles. Una vez sumergida en el agua, la hidroturbina permite la producci\u00f3n de energ\u00eda a partir de la corriente del r\u00edo. Con el objetivo de mejorar el acceso a la electricidad de millones de personas, la  hidroturbina no es tan solo una fuente de electrificaci\u00f3n sino tambi\u00e9n el futuro de la industria de la tecnolog\u00eda verde.<\/p>\n<p><iframe loading=\"lazy\" src=\"https:\/\/player.vimeo.com\/video\/108247848\" width=\"500\" height=\"281\" frameborder=\"0\" webkitallowfullscreen mozallowfullscreen allowfullscreen><\/iframe><\/p>\n<h2 class=\"page-heading\" style=\"text-align: center;\"><\/h2>\n<div class=\"cols-wrapper cols-4\">\n<div class=\"col\" style=\"text-align: center; font-size: 14px;\">\u00bfEs usted un particular y desea alimentar su casa cercana de una corriente de agua?<\/p>\n<hr \/>\n<p><a href=\"https:\/\/idenergie.ca\/es\/propietarioderesidencia\/\"><img loading=\"lazy\" class=\"img-frame aligncenter\" src=\"https:\/\/idenergie.ca\/wp-content\/uploads\/2014\/10\/ti-chalet.jpg\" alt=\"\" width=\"300\" height=\"200\" \/><\/a><\/p>\n<\/div>\n<div class=\"col\" style=\"text-align: center; font-size: 14px;\">\u00bfEs usted el propietario de una empresa con una instalaci\u00f3n comercial a proximidad de un r\u00edo?<\/p>\n<hr \/>\n<p><a href=\"https:\/\/idenergie.ca\/es\/propietariodelaempresa\/\"><img loading=\"lazy\" class=\"img-frame aligncenter\" src=\"https:\/\/idenergie.ca\/wp-content\/uploads\/2015\/07\/shutterstock_185911586.jpg\" alt=\"\" width=\"300\" height=\"200\" \/><\/a><\/p>\n<\/div>\n<div class=\"col\" style=\"text-align: center;font-size:14px;\">\u00bfEs usted  el responsable de un proyecto en energ\u00eda renovable o hace usted parte de una ONG? ?<\/p>\n<hr \/>\n<p><a href=\"https:\/\/idenergie.ca\/es\/proyectos\/\"><img loading=\"lazy\" class=\"img-frame aligncenter\" src=\"https:\/\/idenergie.ca\/wp-content\/uploads\/2015\/07\/Pont_small.jpg\" alt=\"\" width=\"300\" height=\"200\" \/><\/a><\/p>\n<\/div>\n<div class=\"col\" style=\"text-align: center;\">Convi\u00e9rtase en socio comercial<\/p>\n<hr \/>\n<p><a title=\"Boutique\" href=\"https:\/\/idenergie.ca\/es\/socioscomerciales\/\"><img loading=\"lazy\" class=\"img-frame  aligncenter\" src=\"https:\/\/idenergie.ca\/wp-content\/uploads\/2015\/07\/shutterstock_223390054.jpg\" alt=\"\" width=\"300\" height=\"200\" \/><\/a><\/p>\n<\/div>\n<\/div>\n<p>\n<\/div><\/div><br \/>\n<script>\/\/ <![CDATA[\njQuery(document).ready(function($) {\njQuery(\"#main-container\").addClass(\"fixed-header-scroll\");\nvar ww=jQuery(window).width();\nif(ww<1000){\nvar headerHeight=\"600\";\nvar imageHeight=Math.round((ww*923)\/1384);\nif (imageHeight < headerHeight) {\nheaderHeight = imageHeight;\n};\nvar text=\"<\"+\"div class='headerWrapper' style='position:absolute;top:0;left:0;width:100%;height:\"+headerHeight+\"px;overflow:hidden;margin-bottom:-90px;'><\/div\"+\">\";\njQuery(\".page-wrapper\").append(text);\njQuery(\".headerWrapper\").css({\"padding-top\": \"64px\"});\njQuery(\".headerWrapper\").append(\"<\"+\"img id='headerImage' style='position:absolute;top:0;left:0; width: 100%; height: auto' src='https:\/\/idenergie.ca\/wp-content\/uploads\/2014\/09\/slider1.jpg' \/>\");\nvar offset = headerHeight-150;\njQuery(\"#content-container\").css(\"padding-top\",offset+\"px\");\njQuery(\"#content-container\").css(\"margin-bottom\",\"-90px\");\n}else{\nvar videoHeight=Math.round((ww*281)\/500);\nvar headerHeight=\"750\";\nvar videoMargin=\"-5\";\nif (videoHeight < headerHeight) {\nheaderHeight = videoHeight;\nvar videoMargin=\"0\";\n};\nvar text=\"<\"+\"div class='headerWrapper' style='position:absolute;top:0;left:0;width:100%;height:\"+headerHeight+\"px;overflow:hidden;margin-bottom:-90px;'><\/div\"+\">\";\njQuery(\".page-wrapper\").append(text);\njQuery(\".headerWrapper\").append(\"<\"+\"div id='headerVideo' style='position:absolute;top:0;left:0; width: 100%; height: 100%'>\"+\"<\"+\"iframe \"+\n\"src='\/\/player.vimeo.com\/video\/124967540?title=0&#038;byline=0&#038;portrait=0&#038;color=3a6774&#038;autoplay=1&#038;loop=1' \"+\n\"width='100%' height='\"+videoHeight+\"px' style='margin-top:\"+videoMargin+\"%;' frameborder='0' webkitallowfullscreen \"+\n\"mozallowfullscreen allowfullscreen>\"+\"<\"+\"\/iframe>\"+\"<\"+\"\/div>\");\n\/\/NV2\n\/\/124967541 nv1\n\/\/124967540 nv2\nvar offset = headerHeight-200;\nvar position = 300;\njQuery(\"#content-container\").css(\"padding-top\",offset+\"px\");\njQuery(\"#content-container\").css(\"margin-bottom\",\"-90px\");\n}\njQuery(window).scroll(function (){\nif(jQuery(window).scrollTop()>10){\nvar offset = headerHeight-150;\njQuery(\"#content-container\").css(\"padding-top\",offset+\"px\");\n}else{\nvar offset = headerHeight-200;\njQuery(\"#content-container\").css(\"padding-top\",offset+\"px\");\n}\n});\njQuery(window).resize(function (){\nww=jQuery(window).width();\nif(ww<1000){\nif(jQuery('#headerImage','.headerWrapper').length == 1){\nvar imageHeight=Math.round((ww*923)\/1384);\nvar headerHeight=\"600\";\nif (imageHeight < headerHeight) {\nheaderHeight = imageHeight;\njQuery(\".headerWrapper\").css(\"height\",headerHeight+\"px\");\n};\nvar offset = headerHeight-150;\njQuery(\"#content-container\").css(\"padding-top\",offset+\"px\");\njQuery(\"#content-container\").css(\"margin-bottom\",\"-90px\");\n}else {\njQuery(\".headerWrapper\").empty();\nvar headerHeight=\"600\";\njQuery(\".headerWrapper\").css(\"height\",headerHeight+\"px\");\nvar imageHeight=Math.round((ww*923)\/1384);\njQuery(\".headerWrapper\").append(\"<\"+\"img id='headerImage' style='position:absolute;top:0;left:0; width: 100%; height: auto' src='https:\/\/idenergie.ca\/wp-content\/uploads\/2014\/09\/slider1.jpg' \/>\");\nvar offset = headerHeight-150;\njQuery(\"#content-container\").css(\"padding-top\",offset+\"px\");\njQuery(\"#content-container\").css(\"margin-bottom\",\"-90px\");\n}\n}else{\nif(jQuery('#headerVideo','.headerWrapper').length == 1){\njQuery(\".headerWrapper\").empty();\nvar videoHeight=Math.round((ww*281)\/500);\nvar headerHeight=\"750\";\nvar videoMargin=\"-5\";\nif (videoHeight < headerHeight) {\nheaderHeight = videoHeight;\nvideoMargin=\"0\";\njQuery(\".headerWrapper\").css(\"height\",headerHeight+\"px\");\n};\njQuery(\".headerWrapper\").append(\"<\"+\"div id='headerVideo' style='position:absolute;top:0;left:0; width: 100%; height: 100%'>\"+\"<\"+\"iframe \"+\n\"src='\/\/player.vimeo.com\/video\/124967540?title=0&#038;byline=0&#038;portrait=0&#038;color=3a6774&#038;autoplay=1&#038;loop=1' \"+\n\"width='100%' height='\"+videoHeight+\"px' style='margin-top:\"+videoMargin+\"%;' frameborder='0' webkitallowfullscreen \"+\n\"mozallowfullscreen allowfullscreen>\"+\"<\"+\"\/iframe>\"+\"<\"+\"\/div>\");\nvar offset = headerHeight-150;\njQuery(\"#content-container\").css(\"padding-top\",offset+\"px\");\njQuery(\"#content-container\").css(\"margin-bottom\",\"-90px\");\n}else {\njQuery(\".headerWrapper\").empty();\nvar videoHeight=Math.round((ww*281)\/500);\nvar headerHeight=\"750\";\nvar videoMargin=\"-5\";\nif (videoHeight < headerHeight) {\nheaderHeight = videoHeight;\nvideoMargin=\"0\";\n};\njQuery(\".headerWrapper\").css(\"height\",headerHeight+\"px\");\njQuery(\".headerWrapper\").append(\"<\"+\"div id='headerVideo' style='position:absolute;top:0;left:0; width: 100%; height: 100%'>\"+\"<\"+\"iframe \"+\n\"src='\/\/player.vimeo.com\/video\/124967540?title=0&#038;byline=0&#038;portrait=0&#038;color=3a6774&#038;autoplay=1&#038;loop=1' \"+\n\"width='100%' height='\"+videoHeight+\"px' style='margin-top:\"+videoMargin+\"%;' frameborder='0' webkitallowfullscreen \"+\n\"mozallowfullscreen allowfullscreen>\"+\"<\"+\"\/iframe>\"+\"<\"+\"\/div>\");\nvar offset = headerHeight-150;\nvar position = 300;\njQuery(\"#content-container\").css(\"padding-top\",offset+\"px\");\njQuery(\"#content-container\").css(\"margin-bottom\",\"-90px\");\n}\n}\n});\n})\n\/\/ ]]><\/script><\/p>\n","protected":false},"excerpt":{"rendered":"","protected":false},"author":1,"featured_media":0,"parent":0,"menu_order":0,"comment_status":"closed","ping_status":"open","template":"template-full-custom.php","meta":[],"yoast_head":"<!-- This site is optimized with the Yoast SEO plugin v17.9 - https:\/\/yoast.com\/wordpress\/plugins\/seo\/ -->\n<title>P\u00e1gina de inicio - Id\u00e9nergie<\/title>\n<meta name=\"robots\" content=\"index, follow, max-snippet:-1, max-image-preview:large, max-video-preview:-1\" \/>\n<link rel=\"canonical\" href=\"https:\/\/idenergie.ca\/es\/paginadeinicio\/\" \/>\n<meta property=\"og:locale\" content=\"es_ES\" \/>\n<meta property=\"og:type\" content=\"article\" \/>\n<meta property=\"og:title\" content=\"P\u00e1gina de inicio - Id\u00e9nergie\" \/>\n<meta property=\"og:url\" content=\"https:\/\/idenergie.ca\/es\/paginadeinicio\/\" \/>\n<meta property=\"og:site_name\" content=\"Id\u00e9nergie\" \/>\n<meta property=\"article:modified_time\" content=\"2015-07-22T20:35:44+00:00\" \/>\n<meta property=\"og:image\" content=\"https:\/\/idenergie.ca\/wp-content\/uploads\/2014\/10\/ti-chalet.jpg\" \/>\n<meta name=\"twitter:label1\" content=\"Tiempo de lectura\" \/>\n\t<meta name=\"twitter:data1\" content=\"1 minuto\" \/>\n<script type=\"application\/ld+json\" class=\"yoast-schema-graph\">{\"@context\":\"https:\/\/schema.org\",\"@graph\":[{\"@type\":\"WebSite\",\"@id\":\"https:\/\/idenergie.ca\/fr\/#website\",\"url\":\"https:\/\/idenergie.ca\/fr\/\",\"name\":\"Id\\u00e9nergie\",\"description\":\"\",\"potentialAction\":[{\"@type\":\"SearchAction\",\"target\":{\"@type\":\"EntryPoint\",\"urlTemplate\":\"https:\/\/idenergie.ca\/fr\/?s={search_term_string}\"},\"query-input\":\"required name=search_term_string\"}],\"inLanguage\":\"es\"},{\"@type\":\"ImageObject\",\"@id\":\"https:\/\/idenergie.ca\/es\/paginadeinicio\/#primaryimage\",\"inLanguage\":\"es\",\"url\":\"https:\/\/idenergie.ca\/wp-content\/uploads\/2014\/10\/ti-chalet.jpg\",\"contentUrl\":\"https:\/\/idenergie.ca\/wp-content\/uploads\/2014\/10\/ti-chalet.jpg\",\"width\":2304,\"height\":1536},{\"@type\":\"WebPage\",\"@id\":\"https:\/\/idenergie.ca\/es\/paginadeinicio\/#webpage\",\"url\":\"https:\/\/idenergie.ca\/es\/paginadeinicio\/\",\"name\":\"P\\u00e1gina de inicio - Id\\u00e9nergie\",\"isPartOf\":{\"@id\":\"https:\/\/idenergie.ca\/fr\/#website\"},\"primaryImageOfPage\":{\"@id\":\"https:\/\/idenergie.ca\/es\/paginadeinicio\/#primaryimage\"},\"datePublished\":\"2015-07-02T19:20:17+00:00\",\"dateModified\":\"2015-07-22T20:35:44+00:00\",\"breadcrumb\":{\"@id\":\"https:\/\/idenergie.ca\/es\/paginadeinicio\/#breadcrumb\"},\"inLanguage\":\"es\",\"potentialAction\":[{\"@type\":\"ReadAction\",\"target\":[\"https:\/\/idenergie.ca\/es\/paginadeinicio\/\"]}]},{\"@type\":\"BreadcrumbList\",\"@id\":\"https:\/\/idenergie.ca\/es\/paginadeinicio\/#breadcrumb\",\"itemListElement\":[{\"@type\":\"ListItem\",\"position\":1,\"name\":\"Home\",\"item\":\"https:\/\/idenergie.ca\/en\/\"},{\"@type\":\"ListItem\",\"position\":2,\"name\":\"P\\u00e1gina de inicio\"}]}]}<\/script>\n<!-- \/ Yoast SEO plugin. -->","yoast_head_json":{"title":"P\u00e1gina de inicio - Id\u00e9nergie","robots":{"index":"index","follow":"follow","max-snippet":"max-snippet:-1","max-image-preview":"max-image-preview:large","max-video-preview":"max-video-preview:-1"},"canonical":"https:\/\/idenergie.ca\/es\/paginadeinicio\/","og_locale":"es_ES","og_type":"article","og_title":"P\u00e1gina de inicio - Id\u00e9nergie","og_url":"https:\/\/idenergie.ca\/es\/paginadeinicio\/","og_site_name":"Id\u00e9nergie","article_modified_time":"2015-07-22T20:35:44+00:00","og_image":[{"url":"https:\/\/idenergie.ca\/wp-content\/uploads\/2014\/10\/ti-chalet.jpg"}],"twitter_misc":{"Tiempo de lectura":"1 minuto"},"schema":{"@context":"https:\/\/schema.org","@graph":[{"@type":"WebSite","@id":"https:\/\/idenergie.ca\/fr\/#website","url":"https:\/\/idenergie.ca\/fr\/","name":"Id\u00e9nergie","description":"","potentialAction":[{"@type":"SearchAction","target":{"@type":"EntryPoint","urlTemplate":"https:\/\/idenergie.ca\/fr\/?s={search_term_string}"},"query-input":"required name=search_term_string"}],"inLanguage":"es"},{"@type":"ImageObject","@id":"https:\/\/idenergie.ca\/es\/paginadeinicio\/#primaryimage","inLanguage":"es","url":"https:\/\/idenergie.ca\/wp-content\/uploads\/2014\/10\/ti-chalet.jpg","contentUrl":"https:\/\/idenergie.ca\/wp-content\/uploads\/2014\/10\/ti-chalet.jpg","width":2304,"height":1536},{"@type":"WebPage","@id":"https:\/\/idenergie.ca\/es\/paginadeinicio\/#webpage","url":"https:\/\/idenergie.ca\/es\/paginadeinicio\/","name":"P\u00e1gina de inicio - Id\u00e9nergie","isPartOf":{"@id":"https:\/\/idenergie.ca\/fr\/#website"},"primaryImageOfPage":{"@id":"https:\/\/idenergie.ca\/es\/paginadeinicio\/#primaryimage"},"datePublished":"2015-07-02T19:20:17+00:00","dateModified":"2015-07-22T20:35:44+00:00","breadcrumb":{"@id":"https:\/\/idenergie.ca\/es\/paginadeinicio\/#breadcrumb"},"inLanguage":"es","potentialAction":[{"@type":"ReadAction","target":["https:\/\/idenergie.ca\/es\/paginadeinicio\/"]}]},{"@type":"BreadcrumbList","@id":"https:\/\/idenergie.ca\/es\/paginadeinicio\/#breadcrumb","itemListElement":[{"@type":"ListItem","position":1,"name":"Home","item":"https:\/\/idenergie.ca\/en\/"},{"@type":"ListItem","position":2,"name":"P\u00e1gina de inicio"}]}]}},"_links":{"self":[{"href":"https:\/\/idenergie.ca\/es\/wp-json\/wp\/v2\/pages\/1892"}],"collection":[{"href":"https:\/\/idenergie.ca\/es\/wp-json\/wp\/v2\/pages"}],"about":[{"href":"https:\/\/idenergie.ca\/es\/wp-json\/wp\/v2\/types\/page"}],"author":[{"embeddable":true,"href":"https:\/\/idenergie.ca\/es\/wp-json\/wp\/v2\/users\/1"}],"replies":[{"embeddable":true,"href":"https:\/\/idenergie.ca\/es\/wp-json\/wp\/v2\/comments?post=1892"}],"version-history":[{"count":15,"href":"https:\/\/idenergie.ca\/es\/wp-json\/wp\/v2\/pages\/1892\/revisions"}],"predecessor-version":[{"id":2197,"href":"https:\/\/idenergie.ca\/es\/wp-json\/wp\/v2\/pages\/1892\/revisions\/2197"}],"wp:attachment":[{"href":"https:\/\/idenergie.ca\/es\/wp-json\/wp\/v2\/media?parent=1892"}],"curies":[{"name":"wp","href":"https:\/\/api.w.org\/{rel}","templated":true}]}}