{"id":1898,"date":"2015-05-06T13:43:10","date_gmt":"2015-05-06T18:43:10","guid":{"rendered":"https:\/\/idenergie.ca\/benefices-2\/"},"modified":"2017-10-30T14:39:32","modified_gmt":"2017-10-30T19:39:32","slug":"hidroturbina","status":"publish","type":"page","link":"https:\/\/idenergie.ca\/es\/hidroturbina\/","title":{"rendered":"Hidroturbina"},"content":{"rendered":"<p><script>\/\/ <![CDATA[\nfunction isScrolledIntoView(elem){\nvar elem = jQuery(elem);\nvar wind = jQuery(window);\nvar docViewTop = wind.scrollTop();\nvar docViewBottom = docViewTop + wind.height();\nvar elemTop = elem.offset().top;\nvar elemBottom = elemTop + elem.height();\nif ((elemBottom <= docViewBottom)){ if((elemTop >= docViewTop)){\nreturn true;\n}else{\nreturn false;\n}\n}else{\nreturn false;\n}\n}\njQuery(document).ready(function(){\njQuery(\".firstTitle,.firstText,.firstLink\").css({opacity:0});\n\/\/jQuery(\".sixBox\").css({opacity:0});\njQuery(\".TenBox,.elevenBox\").css({opacity:0});\njQuery(\".thirdBox\").css({opacity:0});\njQuery(\"#fourImage\").css({opacity:0});\njQuery(\"#fiveImage\").css({opacity:0});\njQuery(\"#sevenImage\").css({opacity:0});\njQuery(\"#eightImage\").css({opacity:0});\njQuery(\".firstTitle\").css({\"padding-top\":\"+=40px\"});\njQuery(\".firstTitle\").stop(true, true).delay(500).animate({opacity:1,\"padding-top\":\"-=40px\"},2000);\njQuery(\".firstText\").css({\"padding-top\":\"+=40px\"});\njQuery(\".firstText\").stop(true, true).delay(1000).animate({opacity:1,\"padding-top\":\"-=40px\"},1000);\njQuery(\".firstLink\").css({\"padding-top\":\"+=40px\"});\njQuery(\".firstLink\").stop(true, true).delay(1000).animate({opacity:1,\"padding-top\":\"-=40px\"},1000);\njQuery(window).scroll(function(){  \nif(isScrolledIntoView(\".secText\")){\njQuery(\".secText\").delay(300).animate({\"font-size\":\"25px\"},600);\n}\nif(isScrolledIntoView(\".thirdTitle\")){\njQuery(\".thirdBox\").delay(300).animate({opacity:1,\"margin-left\":\"0px\"},1000);\njQuery(\".thirdText\").delay(300).animate({\"font-size\":\"25px\"},600);\n}\nif(isScrolledIntoView(\".fourTitle\")){\njQuery(\"#fourImage\").delay(300).animate({opacity:1,\"margin-left\":\"0px\"},1000);\njQuery(\".fourText\").delay(300).animate({\"font-size\":\"25px\"},600);\n}\nif(isScrolledIntoView(\".fiveTitle\")){\njQuery(\"#fiveImage\").delay(300).animate({opacity:1,\"margin-left\":\"0px\"},1000);\njQuery(\".fiveText\").delay(300).animate({\"font-size\":\"25px\"},600);\n}\nif(isScrolledIntoView(\".sixTitle\")){\n\/\/jQuery(\".sixBox\").stop(true, true).delay(500).animate({opacity:1},1500);\n\/\/jQuery(\".sixText\").delay(300).animate({\"font-size\":\"25px\"},600);\n}\nif(isScrolledIntoView(\".sevenTitle\")){\njQuery(\"#sevenImage\").delay(300).animate({opacity:1,\"margin-left\":\"0px\"},1000);\njQuery(\".sevenText\").delay(300).animate({\"font-size\":\"25px\"},600);\n}\nif(isScrolledIntoView(\".eightTitle\")){\njQuery(\"#eightImage\").delay(300).animate({opacity:1,\"margin-left\":\"0px\"},1000);\njQuery(\".eightText\").delay(300).animate({\"font-size\":\"25px\"},600);\n}\nif(isScrolledIntoView(\".nineTitle\")){\njQuery(\".nineText\").delay(300).animate({\"font-size\":\"25px\"},600);\n}\nif(isScrolledIntoView(\".tenTitle\")){\njQuery(\".TenBox,.elevenBox\").stop(true, true).delay(1000).animate({opacity:1},1000);\njQuery(\".tenText,.elevenText\").delay(300).animate({\"font-size\":\"25px\"},600);\n}\n});\n});\n\/\/ ]]><\/script><\/p>\n<div class=\"section-full-width undefined\" style=\"\" id=\"lahidroturbinadeid\u00e9nergie\"><div class=\"section-boxed\" style=\"color:#373737;\"><h2 class=\"section-title\" style=\"color:#252525;\">La hidroturbina de Id\u00e9nergie<\/h2><\/p>\n<p class=\"firstText\" style=\"text-align: center;\"><strong>\u00a0<\/strong>Econ\u00f3mica y eficaz, la hidroturbina de Id\u00e9nergie representa una innovaci\u00f3n a la vanguardia de la tecnolog\u00eda. Dotada de m\u00faltiples funciones inteligentes que le permiten tener un buen rendimiento en numerosos r\u00edos, la hidroturbina representa el futuro de las tecnolog\u00edas verdes.<\/p>\n<p>&nbsp;<\/p>\n<div class=\"thumbnailLinkLeft firstLink\" style=\"display: inline-block; width: 45%; float: left;\">\n<div class=\"cta-element\">\n<h2 class=\"cta-title\">Descargue el folleto<\/h2>\n<p><a class=\"button\" href=\"https:\/\/idenergie.ca\/wp-content\/uploads\/2015\/07\/Brochure-Espagnole-07.15.pdf\" target=\"_blank\">Haga clic aqu\u00ed<\/a><\/p>\n<\/div>\n<\/div>\n<div class=\"thumbnailLinkRight firstLink\" style=\"display: inline-block; width: 45%; float: right;\">\n<div class=\"cta-element\"><h2 class=\"cta-title\">Reserve la suya ahora<\/h2><a class=\"button\" href=\"https:\/\/idenergie.ca\/fr\/contact\/\">Haga clic aqu\u00ed<\/a><\/div>\n<\/div>\n<p>\n<\/div><\/div>\n<div class=\"section-full-width section-light-bg parallax-fixed\" style=\"\" id=\"unafuentedeenerg\u00edacontinua\"><div class=\"section-boxed\" style=\"color:#373737;\"><h2 class=\"section-title\" style=\"color:#252525;\">Una fuente de energ\u00eda continua<\/h2><\/p>\n<div class=\"cols-wrapper cols-2\">\n<div class=\"col\">\n<p style=\"text-align: center;\">\u00a0El r\u00edo ofrece el mejor potencial energ\u00e9tico frente a otras fuentes de energ\u00eda renovable. Proporciona energ\u00eda fiable y constante <strong class=\"secText\">24 horas sobre 24,<\/strong> la hidroturbina de Id\u00e9nergie responde a las necesidades el\u00e9ctricas de una residencia que produce, a capacidad m\u00e1xima, hasta <strong class=\"secText\">12 kWh <\/strong> diarios.<\/p>\n<\/div>\n<div class=\"col nomargin\">\n<img loading=\"lazy\" class=\"\" src=\"https:\/\/idenergie.ca\/wp-content\/uploads\/2015\/07\/Rivi\u00e8re11-small.jpg\" width=\"80%\" height=\"auto\"><\/div>\n<\/div>\n<p>\n<\/div><\/div>\n<div class=\"cols-wrapper cols-2\">\n<div class=\"col thirdBox\">\n<div class=\"section-full-width section-light-bg parallax-fixed\" style=\"background-color: #;\">\n<div class=\"section-boxed\" style=\"color: #373737;\">\n<h2 class=\"section-title thirdTitle\" style=\"color: #252525;\">F\u00e1cil de instalar<\/h2>\n<p><img loading=\"lazy\" class=\"thirdImage\" src=\"https:\/\/idenergie.ca\/wp-content\/uploads\/2015\/07\/Rivi\u00e8re4.jpg\" alt=\"\" width=\"100%\" height=\"auto\" \/><\/p>\n<p align=\"center\">La hidroturbina se puede desmontar para facilitar su transporte en los rincones m\u00e1s remotos del mundo, y luego armarse en el lugar deseado. Su f\u00e1cil y r\u00e1pida instalaci\u00f3n requiere de s\u00f3lo <strong class=\"thirdText\">dos personas<\/strong> y <strong class=\"thirdText\">unas pocas horas.<\/strong><\/p>\n<\/div>\n<\/div>\n<\/div>\n<div class=\"col nomargin thirdBox\">\n<div class=\"section-full-width section-light-bg parallax-fixed\" style=\"background-color: #;\">\n<div class=\"section-boxed\" style=\"color: #373737;\">\n<h2 class=\"section-title\" style=\"color: #252525;\">Instalaci\u00f3n en red<\/h2>\n<p><img loading=\"lazy\" class=\"thirdImage\" src=\"https:\/\/idenergie.ca\/wp-content\/uploads\/2014\/09\/slider4.jpg\" alt=\"\" width=\"100%\" height=\"auto\" \/><\/p>\n<p align=\"center\">\u00bfPorque limitarse a una sola hidroturbina? Sab\u00eda usted que es posible instalar <strong class=\"thirdText\">varias<\/strong> en una misma secci\u00f3n del r\u00edo y conectarlas entre ellas en un mismo banco de bater\u00edas con mayor capacidad para as\u00ed alimentar un establecimiento que tenga necesidades energ\u00e9ticas m\u00e1s importantes e incluso una peque\u00f1a <strong class=\"thirdText\">comunidad aislada<\/strong>.<\/p>\n<\/div>\n<\/div>\n<\/div>\n<\/div>\n<div class=\"cols-wrapper cols-2\">\n<div class=\"col\"><div class=\"cta-element\"><h2 class=\"cta-title\">Para obtener m\u00e1s informaci\u00f3n sobre la instalaci\u00f3n.<\/h2><a class=\"button\" href=\"https:\/\/idenergie.ca\/es\/instalacion\/\">Haga clic aqu\u00ed<\/a><\/div><\/div>\n<div class=\"col nomargin\"><div class=\"cta-element\"><h2 class=\"cta-title\">Para obtener m\u00e1s informaci\u00f3n sobre la instalaci\u00f3n en red.<\/h2><a class=\"button\" href=\"https:\/\/idenergie.ca\/es\/instalacion\/\">Haga clic aqu\u00ed<\/a><\/div><\/div>\n<\/div>\n<div class=\"cols-wrapper cols-2\">\n<div class=\"col\">\n<div class=\"section-full-width section-light-bg parallax-fixed\" style=\"background-color: #;\">\n<div class=\"section-boxed\" style=\"color: #373737;\">\n<h2 class=\"fourTitle section-title\" style=\"color: #252525;\">Requiere poco mantenimiento<\/h2>\n<p align=\"center\">La hidroturbina de Id\u00e9nergie est\u00e1 dotada de un nuevo tipo de generador el\u00e9ctrico inventado por Id\u00e9nergie. Somos el \u00fanico fabricante de \u00e9ste en el mundo. Nuestra tecnolog\u00eda \u00fanica, sin eje y <strong class=\"fourText\">100% herm\u00e9tico<\/strong> impide toda intrusi\u00f3n de agua en la envoltura del generador, limita el mantenimiento y asegura <strong class=\"fourText\">una larga vida<\/strong> a la turbina.<br \/>\n<div class=\"cta-element\"><h2 class=\"cta-title\">Para m\u00e1s informaci\u00f3n sobre el generador 100% herm\u00e9tico<\/h2><a class=\"button\" href=\"https:\/\/idenergie.ca\/es\/tecnologia\/\">Haga clic aqu\u00ed<\/a><\/div><\/p>\n<\/div>\n<\/div>\n<\/div>\n<div class=\"col nomargin\"><img loading=\"lazy\" id=\"fourImage\" src=\"https:\/\/idenergie.ca\/wp-content\/uploads\/2015\/07\/Rivi\u00e8re1.jpg\" alt=\"\" width=\"100%\" height=\"auto\" \/><\/div>\n<\/div>\n<div class=\"cols-wrapper cols-2 fiveContainer\">\n<div class=\"col fiveBox\"><img loading=\"lazy\" id=\"fiveImage\" src=\"https:\/\/idenergie.ca\/wp-content\/uploads\/2014\/08\/turbineinriver.jpg\" alt=\"\" width=\"100%\" height=\"auto\" \/><\/div>\n<div class=\"col nomargin fiveBox\">\n<div class=\"section-full-width section-light-bg parallax-fixed\" style=\"background-color: #;\">\n<div class=\"section-boxed\" style=\"color: #373737;\">\n<h2 class=\"fiveTitle section-title\" style=\"color: #252525;\">Potencia \u00f3ptima<br \/>\nen todo momento<\/h2>\n<p align=\"center\">La hidroturbina est\u00e1 equipada con un <strong class=\"fiveText\">convertidor inteligente<\/strong> que permite controlar mejor la producci\u00f3n de energ\u00eda mediante la regulaci\u00f3n autom\u00e1tica de la velocidad de rotaci\u00f3n de la hidroturbina, proporcionando as\u00ed la m\u00e1xima potencia.<br \/>\n<div class=\"cta-element\"><h2 class=\"cta-title\">Para m\u00e1s informaci\u00f3n sobre el convertidor inteligente<\/h2><a class=\"button\" href=\"https:\/\/idenergie.ca\/es\/tecnologia\/\">Haga clic aqu\u00ed<\/a><\/div><\/p>\n<\/div>\n<\/div>\n<\/div>\n<\/div>\n<div class=\"section-full-width sixBox section-light-bg parallax-fixed\" style=\"background-color: #;\">\n<div class=\"section-boxed\" style=\"color: #373737;\">\n<h2 class=\"sixTitle section-title\" style=\"color: #252525;\">Disfrute de numerosas<br \/>\nfuncionalidades innovadoras<\/h2>\n<p align=\"center\">Adem\u00e1s de convertir la energ\u00eda del r\u00edo en electricidad, el convertidor inteligente integrado permite un <strong class=\"sixText\">arranque autom\u00e1tico<\/strong> de la hidroturbina, <strong class=\"sixText\">la optimizaci\u00f3n<\/strong> de la potencia en continuo, el <strong class=\"sixText\">monitoreo a distancia<\/strong>, el <strong class=\"sixText\">frenado de urgencia<\/strong> y otras opciones futuras.<br \/>\n<div class=\"cta-element\"><h2 class=\"cta-title\">Para m\u00e1s informaciones sobre el convertidor inteligente<\/h2><a class=\"button\" href=\"https:\/\/idenergie.ca\/es\/tecnologia\/\">Haga clic aqu\u00ed<\/a><\/div><\/p>\n<\/div>\n<\/div>\n<div class=\"cols-wrapper cols-2\">\n<div class=\"col\"><img loading=\"lazy\" id=\"sevenImage\" src=\"https:\/\/idenergie.ca\/wp-content\/uploads\/2015\/07\/Rivi\u00e8re2.jpg\" alt=\"\" width=\"100%\" height=\"auto\" \/><\/div>\n<div class=\"col nomargin\">\n<div class=\"section-full-width section-light-bg parallax-fixed\" style=\"background-color: #;\">\n<div class=\"section-boxed\" style=\"color: #373737;\">\n<h2 class=\"sevenTitle section-title\" style=\"color: #252525;\">Dise\u00f1ada para<br \/>\nsu r\u00edo<\/h2>\n<p align=\"center\">Dise\u00f1ada para desempe\u00f1arse bien en una profundidad de agua m\u00ednima de <strong class=\"sevenText\">60 cm<\/strong> (dos pies) y una velocidad m\u00ednima de <strong class=\"sevenText\">1 m\/s<\/strong>, la hidroturbina se adapta f\u00e1cilmente a las condiciones espec\u00edficas de su sitio.<br \/>\n<div class=\"cta-element\"><h2 class=\"cta-title\">Para ver los tipos de r\u00edos potenciales en los que la hidroturbina puede ser instalada<\/h2><a class=\"button\" href=\"https:\/\/idenergie.ca\/es\/produccionenergetica\/\">Haga clic aqu\u00ed<\/a><\/div><\/p>\n<\/div>\n<\/div>\n<\/div>\n<\/div>\n<div class=\"cols-wrapper cols-2\">\n<div class=\"col\">\n<div class=\"section-full-width section-light-bg parallax-fixed\" style=\"background-color: #;\">\n<div class=\"section-boxed\" style=\"color: #373737;\">\n<h2 class=\"eightTitle section-title\" style=\"color: #252525;\">Concepto cero desechos<\/h2>\n<p align=\"center\">Con turbinas <strong class=\"eightText\">suspendidas libremente<\/strong>, la ausencia de una estructura externa, y de un <strong class=\"eightText\">mecanismo de rotaci\u00f3n<\/strong> disminuyen los riesgos de acumulaci\u00f3n de desechos.<br \/>\n<div class=\"cta-element\"><h2 class=\"cta-title\">Para ver como la hidroturbina interact\u00faa con los desechos del r\u00edo<\/h2><a class=\"button\" href=\"https:\/\/vimeo.com\/108047501\">Haga clic aqu\u00ed<\/a><\/div><\/p>\n<\/div>\n<\/div>\n<\/div>\n<div class=\"col nomargin\"><img loading=\"lazy\" id=\"eightImage\" src=\"https:\/\/idenergie.ca\/wp-content\/uploads\/2014\/10\/A4A7995.jpg\" alt=\"\" width=\"100%\" height=\"auto\" \/><\/div>\n<\/div>\n<div class=\"section-full-width section-light-bg parallax-fixed\" style=\"background-color: #;\">\n<div class=\"section-boxed\" style=\"color: #373737;\">\n<h2 class=\"nineTitle section-title\" style=\"color: #252525;\">Reduzca sus costos energ\u00e9ticos<\/h2>\n<p align=\"center\">\u00bfSab\u00eda usted que una sola hidroturbina, a capacidad m\u00e1xima, produce la misma cantidad de energ\u00eda que <strong class=\"nineText\">12 paneles solares?<\/strong><br \/>\nTambi\u00e9n representa un ahorro anual de <strong class=\"nineText\">50%<\/strong> sobre los costos de mantenimiento en comparaci\u00f3n con un generador de gasolina.<br \/>\n<div class=\"cta-element\"><h2 class=\"cta-title\">Para ver la capacidad de producci\u00f3n de la hidroturbina<\/h2><a class=\"button\" href=\"https:\/\/idenergie.ca\/fr\/puissance\/\">Haga clic aqu\u00ed<\/a><\/div><\/p>\n<\/div>\n<\/div>\n<div class=\"cols-wrapper cols-2\">\n<div class=\"col TenBox\">\n<div class=\"section-full-width section-light-bg parallax-fixed\" style=\"background-color: #;\">\n<div class=\"section-boxed\" style=\"color: #373737;\">\n<h2 class=\"section-title tenTitle\" style=\"color: #252525;\">En armon\u00eda<br \/>\ncon la fauna<\/h2>\n<p><img loading=\"lazy\" id=\"tenImage\" src=\"https:\/\/idenergie.ca\/wp-content\/uploads\/2015\/07\/Rivi\u00e8re9.jpg\" alt=\"\" width=\"100%\" height=\"auto\" \/><\/p>\n<p align=\"center\">La hidroturbina no requiere de ninguna estructura permanente lo que reduce su interacci\u00f3n con la fauna acu\u00e1tica. Estudios cient\u00edficos tambi\u00e9n han demostrado que el modelo de turbinas utilizado por Id\u00e9nergie representa un <strong class=\"tenText\">riesgo m\u00ednimo<\/strong> para los peces y su h\u00e1bitat.<\/p>\n<div class=\"cta-element\">\n<h2 class=\"cta-title\">Para tener m\u00e1s informaci\u00f3n sobre el estudio en cuesti\u00f3n<\/h2>\n<p><a class=\"button\" href=\"https:\/\/idenergie.ca\/wp-content\/uploads\/2015\/07\/Lhydrolienne-et-les-poissons-ES.pdf\" target=\"_blank\">Haga clic aqu\u00ed<\/a><\/p>\n<\/div>\n<\/div>\n<\/div>\n<\/div>\n<div class=\"col nomargin elevenBox\">\n<div class=\"section-full-width section-light-bg parallax-fixed\" style=\"background-color: #;\">\n<div class=\"section-boxed\" style=\"color: #373737;\">\n<h2 class=\"section-title\" style=\"color: #252525;\">Respeta al<br \/>\nmedio ambiente<\/h2>\n<p><img loading=\"lazy\" id=\"elevenImage\" src=\"https:\/\/idenergie.ca\/wp-content\/uploads\/2015\/07\/Rivi\u00e8re6.jpg\" alt=\"\" width=\"100%\" height=\"auto\" \/><\/p>\n<p align=\"center\">Compuesta en su mayor\u00eda de aluminio y otros materiales nobles de <strong class=\"elevenText\">bajo impacto ambiental<\/strong>, la hidroturbina de Id\u00e9nergie es la soluci\u00f3n <strong class=\"elevenText\">m\u00e1s ecol\u00f3gica<\/strong> en el mercado.<br \/>\n<div class=\"cta-element\"><h2 class=\"cta-title\">Descubrir los componentes de la hidroturbina<\/h2><a class=\"button\" href=\"https:\/\/idenergie.ca\/es\/tecnologia\/\">Haga clic aqu\u00ed<\/a><\/div><\/p>\n<\/div>\n<\/div>\n<\/div>\n<\/div>\n","protected":false},"excerpt":{"rendered":"<p>F\u00e1cil de instalar La hidroturbina se puede desmontar para facilitar su transporte en los rincones m\u00e1s remotos del mundo, y [&hellip;]<\/p>\n","protected":false},"author":1,"featured_media":0,"parent":0,"menu_order":0,"comment_status":"closed","ping_status":"open","template":"template-full-custom.php","meta":[],"yoast_head":"<!-- This site is optimized with the Yoast SEO plugin v17.9 - https:\/\/yoast.com\/wordpress\/plugins\/seo\/ -->\n<title>Hidroturbina - Id\u00e9nergie<\/title>\n<meta name=\"robots\" content=\"index, follow, max-snippet:-1, max-image-preview:large, max-video-preview:-1\" \/>\n<link rel=\"canonical\" href=\"https:\/\/idenergie.ca\/es\/hidroturbina\/\" \/>\n<meta property=\"og:locale\" content=\"es_ES\" \/>\n<meta property=\"og:type\" content=\"article\" \/>\n<meta property=\"og:title\" content=\"Hidroturbina - Id\u00e9nergie\" \/>\n<meta property=\"og:description\" content=\"F\u00e1cil de instalar La hidroturbina se puede desmontar para facilitar su transporte en los rincones m\u00e1s remotos del mundo, y [&hellip;]\" \/>\n<meta property=\"og:url\" content=\"https:\/\/idenergie.ca\/es\/hidroturbina\/\" \/>\n<meta property=\"og:site_name\" content=\"Id\u00e9nergie\" \/>\n<meta property=\"article:modified_time\" content=\"2017-10-30T19:39:32+00:00\" \/>\n<meta property=\"og:image\" content=\"http:\/\/idenergie.ca\/wp-content\/uploads\/2015\/07\/Rivi\u00e8re11-small.jpg\" \/>\n<meta name=\"twitter:label1\" content=\"Tiempo de lectura\" \/>\n\t<meta name=\"twitter:data1\" content=\"5 minutos\" \/>\n<script type=\"application\/ld+json\" class=\"yoast-schema-graph\">{\"@context\":\"https:\/\/schema.org\",\"@graph\":[{\"@type\":\"WebSite\",\"@id\":\"https:\/\/idenergie.ca\/fr\/#website\",\"url\":\"https:\/\/idenergie.ca\/fr\/\",\"name\":\"Id\\u00e9nergie\",\"description\":\"\",\"potentialAction\":[{\"@type\":\"SearchAction\",\"target\":{\"@type\":\"EntryPoint\",\"urlTemplate\":\"https:\/\/idenergie.ca\/fr\/?s={search_term_string}\"},\"query-input\":\"required name=search_term_string\"}],\"inLanguage\":\"es\"},{\"@type\":\"ImageObject\",\"@id\":\"https:\/\/idenergie.ca\/es\/hidroturbina\/#primaryimage\",\"inLanguage\":\"es\",\"url\":\"https:\/\/idenergie.ca\/wp-content\/uploads\/2015\/07\/Rivi\\u00e8re11-small.jpg\",\"contentUrl\":\"https:\/\/idenergie.ca\/wp-content\/uploads\/2015\/07\/Rivi\\u00e8re11-small.jpg\",\"width\":600,\"height\":450},{\"@type\":\"WebPage\",\"@id\":\"https:\/\/idenergie.ca\/es\/hidroturbina\/#webpage\",\"url\":\"https:\/\/idenergie.ca\/es\/hidroturbina\/\",\"name\":\"Hidroturbina - Id\\u00e9nergie\",\"isPartOf\":{\"@id\":\"https:\/\/idenergie.ca\/fr\/#website\"},\"primaryImageOfPage\":{\"@id\":\"https:\/\/idenergie.ca\/es\/hidroturbina\/#primaryimage\"},\"datePublished\":\"2015-05-06T18:43:10+00:00\",\"dateModified\":\"2017-10-30T19:39:32+00:00\",\"breadcrumb\":{\"@id\":\"https:\/\/idenergie.ca\/es\/hidroturbina\/#breadcrumb\"},\"inLanguage\":\"es\",\"potentialAction\":[{\"@type\":\"ReadAction\",\"target\":[\"https:\/\/idenergie.ca\/es\/hidroturbina\/\"]}]},{\"@type\":\"BreadcrumbList\",\"@id\":\"https:\/\/idenergie.ca\/es\/hidroturbina\/#breadcrumb\",\"itemListElement\":[{\"@type\":\"ListItem\",\"position\":1,\"name\":\"Home\",\"item\":\"https:\/\/idenergie.ca\/en\/\"},{\"@type\":\"ListItem\",\"position\":2,\"name\":\"Hidroturbina\"}]}]}<\/script>\n<!-- \/ Yoast SEO plugin. -->","yoast_head_json":{"title":"Hidroturbina - Id\u00e9nergie","robots":{"index":"index","follow":"follow","max-snippet":"max-snippet:-1","max-image-preview":"max-image-preview:large","max-video-preview":"max-video-preview:-1"},"canonical":"https:\/\/idenergie.ca\/es\/hidroturbina\/","og_locale":"es_ES","og_type":"article","og_title":"Hidroturbina - Id\u00e9nergie","og_description":"F\u00e1cil de instalar La hidroturbina se puede desmontar para facilitar su transporte en los rincones m\u00e1s remotos del mundo, y [&hellip;]","og_url":"https:\/\/idenergie.ca\/es\/hidroturbina\/","og_site_name":"Id\u00e9nergie","article_modified_time":"2017-10-30T19:39:32+00:00","og_image":[{"url":"http:\/\/idenergie.ca\/wp-content\/uploads\/2015\/07\/Rivi\u00e8re11-small.jpg"}],"twitter_misc":{"Tiempo de lectura":"5 minutos"},"schema":{"@context":"https:\/\/schema.org","@graph":[{"@type":"WebSite","@id":"https:\/\/idenergie.ca\/fr\/#website","url":"https:\/\/idenergie.ca\/fr\/","name":"Id\u00e9nergie","description":"","potentialAction":[{"@type":"SearchAction","target":{"@type":"EntryPoint","urlTemplate":"https:\/\/idenergie.ca\/fr\/?s={search_term_string}"},"query-input":"required name=search_term_string"}],"inLanguage":"es"},{"@type":"ImageObject","@id":"https:\/\/idenergie.ca\/es\/hidroturbina\/#primaryimage","inLanguage":"es","url":"https:\/\/idenergie.ca\/wp-content\/uploads\/2015\/07\/Rivi\u00e8re11-small.jpg","contentUrl":"https:\/\/idenergie.ca\/wp-content\/uploads\/2015\/07\/Rivi\u00e8re11-small.jpg","width":600,"height":450},{"@type":"WebPage","@id":"https:\/\/idenergie.ca\/es\/hidroturbina\/#webpage","url":"https:\/\/idenergie.ca\/es\/hidroturbina\/","name":"Hidroturbina - Id\u00e9nergie","isPartOf":{"@id":"https:\/\/idenergie.ca\/fr\/#website"},"primaryImageOfPage":{"@id":"https:\/\/idenergie.ca\/es\/hidroturbina\/#primaryimage"},"datePublished":"2015-05-06T18:43:10+00:00","dateModified":"2017-10-30T19:39:32+00:00","breadcrumb":{"@id":"https:\/\/idenergie.ca\/es\/hidroturbina\/#breadcrumb"},"inLanguage":"es","potentialAction":[{"@type":"ReadAction","target":["https:\/\/idenergie.ca\/es\/hidroturbina\/"]}]},{"@type":"BreadcrumbList","@id":"https:\/\/idenergie.ca\/es\/hidroturbina\/#breadcrumb","itemListElement":[{"@type":"ListItem","position":1,"name":"Home","item":"https:\/\/idenergie.ca\/en\/"},{"@type":"ListItem","position":2,"name":"Hidroturbina"}]}]}},"_links":{"self":[{"href":"https:\/\/idenergie.ca\/es\/wp-json\/wp\/v2\/pages\/1898"}],"collection":[{"href":"https:\/\/idenergie.ca\/es\/wp-json\/wp\/v2\/pages"}],"about":[{"href":"https:\/\/idenergie.ca\/es\/wp-json\/wp\/v2\/types\/page"}],"author":[{"embeddable":true,"href":"https:\/\/idenergie.ca\/es\/wp-json\/wp\/v2\/users\/1"}],"replies":[{"embeddable":true,"href":"https:\/\/idenergie.ca\/es\/wp-json\/wp\/v2\/comments?post=1898"}],"version-history":[{"count":18,"href":"https:\/\/idenergie.ca\/es\/wp-json\/wp\/v2\/pages\/1898\/revisions"}],"predecessor-version":[{"id":7333,"href":"https:\/\/idenergie.ca\/es\/wp-json\/wp\/v2\/pages\/1898\/revisions\/7333"}],"wp:attachment":[{"href":"https:\/\/idenergie.ca\/es\/wp-json\/wp\/v2\/media?parent=1898"}],"curies":[{"name":"wp","href":"https:\/\/api.w.org\/{rel}","templated":true}]}}