{"id":1910,"date":"2015-05-06T13:49:57","date_gmt":"2015-05-06T18:49:57","guid":{"rendered":"https:\/\/idenergie.ca\/specifications-2-2\/"},"modified":"2015-09-01T16:04:45","modified_gmt":"2015-09-01T21:04:45","slug":"especificaciones","status":"publish","type":"page","link":"https:\/\/idenergie.ca\/es\/especificaciones\/","title":{"rendered":"Especificaciones"},"content":{"rendered":"<div class=\"section-full-width section-light-bg parallax-fixed\" style=\"background-color:#ffffff;\" id=\"especificacionest\u00e9cnicas\"><div class=\"section-boxed\" style=\"color:#ffffff;\"><h2 class=\"section-title\" style=\"color:#252525;\">Especificaciones t\u00e9cnicas<\/h2><\/p>\n<style>\n.table-col {\nmargin-left:3%;\nwidth:95%;\n}\n.table-col td {\nwidth:40%;\ncolor:black;\n}\n.specImageWrapper{\nwidth:100%;\nalign:center;\nposition:relative;\n}\n.under{\nz-index:11;\n}\n.over{\nposition:absolute;\ntop:0;\nleft:0;\nopacity:0;\nz-index:21;}\n<\/style>\n<p><script>\njQuery(document).ready(function (){\njQuery(\"#main-container\").addClass(\"fixed-header-scroll\");\njQuery(\".over\").onload = function() {\njQuery(\".over\").animate({\"opacity\":\"1\"},2000,\"linear\");\n}\njQuery(\".over\").delay(2000).animate({\"opacity\":\"1\"},2000,\"linear\");\n});\n<\/script><\/p>\n<div class=\"specImageWrapper\">\n<img class=\"specImage under\" src=\"https:\/\/idenergie.ca\/wp-content\/uploads\/2015\/07\/Hydrolienne-Id\u00e9nergie-power-rangers.jpg\" alt=\"Hydrolienne 3D\" \/><br \/>\n<img class=\"specImage over\" src=\"https:\/\/idenergie.ca\/wp-content\/uploads\/2015\/09\/Hydrolienne-Id\u00e9nergie-power-rangers-avec-fleche-ES.jpg\" alt=\"Hydrolienne 3D\" \/>\n<\/div>\n<div class=\"table-col\">\n<table>\n<tbody>\n<tr>\n<th colspan=\"2\">Configuraci\u00f3n El\u00e9ctrica<\/th>\n<\/tr>\n<tr>\n<td>Generador<\/td>\n<td>Motor trif\u00e1sico de im\u00e1n permanente<\/p>\n<p>Modo motor integrado<\/p>\n<p>Generador 100% herm\u00e9tico y sin eje<\/td>\n<\/tr>\n<tr>\n<td>Tensi\u00f3n en la salida<\/td>\n<td>24 \u2013 48 V CC (12V opcional)<\/p>\n<p>Configuraci\u00f3n autom\u00e1tica de tensi\u00f3n en la salida<\/td>\n<\/tr>\n<tr>\n<td>Convertidor<\/td>\n<td>Variador de velocidad integrado<\/p>\n<p>Arranque autom\u00e1tico <\/p>\n<p>Frenado de urgencia incluido<\/p>\n<p>Convertidor CA \/ CC<\/p>\n<p>Actualizaciones del software<\/td>\n<\/tr>\n<\/tbody>\n<\/table>\n<\/div>\n<div class=\"table-col\">\n<table>\n<tbody>\n<tr>\n<th colspan=\"2\">Caracter\u00edsticas t\u00e9cnicas<\/th>\n<\/tr>\n<tr>\n<td>Turbina<\/td>\n<td>Darrieus Doble<\/p>\n<p>Concepto cero desechos\u2122<\/td>\n<\/tr>\n<tr>\n<td>Eje<\/td>\n<td>Horizontal<\/td>\n<\/tr>\n<tr>\n<td>Altura<\/td>\n<td>0.59 m \u2013 23 \u00bc in <\/td>\n<\/tr>\n<tr>\n<td>Anchura<\/td>\n<td>1.36 m- 54 in<\/td>\n<\/tr>\n<tr>\n<td>Peso<\/td>\n<td>118 kg \u2013 260 lbs<\/td>\n<\/tr>\n<tr>\n<td>\u00c1rea<\/td>\n<td>0.60 m<sup>2\u00a0<\/sup>&#8211; 6.46\u00a0pi. m<sup>2<\/sup><\/td>\n<\/tr>\n<tr>\n<td>Material<\/td>\n<td>Aluminio<\/td>\n<\/tr>\n<\/tbody>\n<\/table>\n<\/div>\n<div class=\"certification-table table-col\">\n<table>\n<tbody>\n<tr>\n<th colspan=\"2\">Certificaciones<\/th>\n<\/tr>\n<tr>\n<td>CSA\/UL\/CE<\/td>\n<td>Disponible en 2015<\/td>\n<\/tr>\n<\/tbody>\n<\/table>\n<\/div>\n<div class=\"table-col performance-table\">\n<table>\n<tbody>\n<tr>\n<th colspan=\"2\">Producci\u00f3n energ\u00e9tica<\/th>\n<\/tr>\n<tr>\n<td>Potencia<\/td>\n<td>100-500W<\/td>\n<\/tr>\n<tr>\n<td>Velocidad m\u00ednima necesaria<\/td>\n<td>1.0 m\/s<\/td>\n<\/tr>\n<tr>\n<td>Velocidad m\u00e1xima<\/td>\n<td>3 m\/s<\/td>\n<\/tr>\n<tr>\n<td>Velocidad de rotaci\u00f3n<\/td>\n<td>80 \u00e0 150 RPM<\/td>\n<\/tr>\n<tr>\n<td>Producci\u00f3n anual a 1.0 m\/s<\/td>\n<td>900 kWh<\/td>\n<\/tr>\n<tr>\n<td>Producci\u00f3n anual a 1.5 m\/s<\/td>\n<td>1700 kWh<\/td>\n<\/tr>\n<tr>\n<td>Producci\u00f3n anual a 2.0 m\/s<\/td>\n<td>2800 kWh<\/td>\n<\/tr>\n<tr>\n<td>Producci\u00f3n anual a 2.5 m\/s<\/td>\n<td>4300 kWh<\/td>\n<\/tr>\n<\/tbody>\n<\/table>\n<\/div>\n<p>\n<\/div><\/div>\n<div class=\"section-full-width section-light-bg\" style=\"background-color:#f7f7f7;\" id=\"section-1\"><div style=\"background-image:url(https:\/\/idenergie.ca\/wp-content\/uploads\/2014\/10\/A4A7995.jpg); opacity:0.4; filter: alpha(opacity=40);\" class=\"full-bg-image\" ><\/div><div class=\"section-boxed\" style=\"color:#373737;\"><div class=\"thumbnailLinkLeft\" style=\"display:inline-block; width:45%;\">\n<div class=\"cta-element\"><h4 class=\"cta-small-title\">para m\u00e1s informaci\u00f3n<\/h4><h2 class=\"cta-title\">Descargue el folleto<\/h2><a class=\"button\" href=\"https:\/\/idenergie.ca\/wp-content\/uploads\/2015\/07\/Brochure-espagnol-version-2.pdf\">Haga clic aqu\u00ed<\/a><\/div><\/p>\n<\/div>\n<div class=\"thumbnailLinkRight\" style=\"display:inline-block; width:45%;\">\n<div class=\"cta-element\"><h4 class=\"cta-small-title\">para m\u00e1s informaci\u00f3n<\/h4><h2 class=\"cta-title\">Reserve la suya ahora<\/h2><a class=\"button\" href=\"https:\/\/idenergie.ca\/fr\/contact\/\">Haga clic aqu\u00ed<\/a><\/div><\/p>\n<\/div>\n<p>\n<\/div><\/div><br \/>\n<script>\/\/ <![CDATA[\njQuery(document).ready(function($) {\njQuery(\".cta-element\").find(\"a\").attr(\"target\",\"_blank\")\n})\n\/\/ ]]><\/script><\/p>\n","protected":false},"excerpt":{"rendered":"","protected":false},"author":1,"featured_media":0,"parent":0,"menu_order":0,"comment_status":"closed","ping_status":"open","template":"template-full-custom.php","meta":[],"yoast_head":"<!-- This site is optimized with the Yoast SEO plugin v17.9 - https:\/\/yoast.com\/wordpress\/plugins\/seo\/ -->\n<title>Especificaciones  - Id\u00e9nergie<\/title>\n<meta name=\"robots\" content=\"index, follow, max-snippet:-1, max-image-preview:large, max-video-preview:-1\" \/>\n<link rel=\"canonical\" href=\"https:\/\/idenergie.ca\/es\/especificaciones\/\" \/>\n<meta property=\"og:locale\" content=\"es_ES\" \/>\n<meta property=\"og:type\" content=\"article\" \/>\n<meta property=\"og:title\" content=\"Especificaciones  - Id\u00e9nergie\" \/>\n<meta property=\"og:url\" content=\"https:\/\/idenergie.ca\/es\/especificaciones\/\" \/>\n<meta property=\"og:site_name\" content=\"Id\u00e9nergie\" \/>\n<meta property=\"article:modified_time\" content=\"2015-09-01T21:04:45+00:00\" \/>\n<meta property=\"og:image\" content=\"https:\/\/idenergie.ca\/wp-content\/uploads\/2015\/07\/Hydrolienne-Id\u00e9nergie-power-rangers.jpg\" \/>\n<meta name=\"twitter:label1\" content=\"Tiempo de lectura\" \/>\n\t<meta name=\"twitter:data1\" content=\"2 minutos\" \/>\n<script type=\"application\/ld+json\" class=\"yoast-schema-graph\">{\"@context\":\"https:\/\/schema.org\",\"@graph\":[{\"@type\":\"WebSite\",\"@id\":\"https:\/\/idenergie.ca\/fr\/#website\",\"url\":\"https:\/\/idenergie.ca\/fr\/\",\"name\":\"Id\\u00e9nergie\",\"description\":\"\",\"potentialAction\":[{\"@type\":\"SearchAction\",\"target\":{\"@type\":\"EntryPoint\",\"urlTemplate\":\"https:\/\/idenergie.ca\/fr\/?s={search_term_string}\"},\"query-input\":\"required name=search_term_string\"}],\"inLanguage\":\"es\"},{\"@type\":\"ImageObject\",\"@id\":\"https:\/\/idenergie.ca\/es\/especificaciones\/#primaryimage\",\"inLanguage\":\"es\",\"url\":\"https:\/\/idenergie.ca\/wp-content\/uploads\/2015\/07\/Hydrolienne-Id\\u00e9nergie-power-rangers.jpg\",\"contentUrl\":\"https:\/\/idenergie.ca\/wp-content\/uploads\/2015\/07\/Hydrolienne-Id\\u00e9nergie-power-rangers.jpg\",\"width\":5366,\"height\":3779},{\"@type\":\"WebPage\",\"@id\":\"https:\/\/idenergie.ca\/es\/especificaciones\/#webpage\",\"url\":\"https:\/\/idenergie.ca\/es\/especificaciones\/\",\"name\":\"Especificaciones - Id\\u00e9nergie\",\"isPartOf\":{\"@id\":\"https:\/\/idenergie.ca\/fr\/#website\"},\"primaryImageOfPage\":{\"@id\":\"https:\/\/idenergie.ca\/es\/especificaciones\/#primaryimage\"},\"datePublished\":\"2015-05-06T18:49:57+00:00\",\"dateModified\":\"2015-09-01T21:04:45+00:00\",\"breadcrumb\":{\"@id\":\"https:\/\/idenergie.ca\/es\/especificaciones\/#breadcrumb\"},\"inLanguage\":\"es\",\"potentialAction\":[{\"@type\":\"ReadAction\",\"target\":[\"https:\/\/idenergie.ca\/es\/especificaciones\/\"]}]},{\"@type\":\"BreadcrumbList\",\"@id\":\"https:\/\/idenergie.ca\/es\/especificaciones\/#breadcrumb\",\"itemListElement\":[{\"@type\":\"ListItem\",\"position\":1,\"name\":\"Home\",\"item\":\"https:\/\/idenergie.ca\/en\/\"},{\"@type\":\"ListItem\",\"position\":2,\"name\":\"Especificaciones\"}]}]}<\/script>\n<!-- \/ Yoast SEO plugin. -->","yoast_head_json":{"title":"Especificaciones  - Id\u00e9nergie","robots":{"index":"index","follow":"follow","max-snippet":"max-snippet:-1","max-image-preview":"max-image-preview:large","max-video-preview":"max-video-preview:-1"},"canonical":"https:\/\/idenergie.ca\/es\/especificaciones\/","og_locale":"es_ES","og_type":"article","og_title":"Especificaciones  - Id\u00e9nergie","og_url":"https:\/\/idenergie.ca\/es\/especificaciones\/","og_site_name":"Id\u00e9nergie","article_modified_time":"2015-09-01T21:04:45+00:00","og_image":[{"url":"https:\/\/idenergie.ca\/wp-content\/uploads\/2015\/07\/Hydrolienne-Id\u00e9nergie-power-rangers.jpg"}],"twitter_misc":{"Tiempo de lectura":"2 minutos"},"schema":{"@context":"https:\/\/schema.org","@graph":[{"@type":"WebSite","@id":"https:\/\/idenergie.ca\/fr\/#website","url":"https:\/\/idenergie.ca\/fr\/","name":"Id\u00e9nergie","description":"","potentialAction":[{"@type":"SearchAction","target":{"@type":"EntryPoint","urlTemplate":"https:\/\/idenergie.ca\/fr\/?s={search_term_string}"},"query-input":"required name=search_term_string"}],"inLanguage":"es"},{"@type":"ImageObject","@id":"https:\/\/idenergie.ca\/es\/especificaciones\/#primaryimage","inLanguage":"es","url":"https:\/\/idenergie.ca\/wp-content\/uploads\/2015\/07\/Hydrolienne-Id\u00e9nergie-power-rangers.jpg","contentUrl":"https:\/\/idenergie.ca\/wp-content\/uploads\/2015\/07\/Hydrolienne-Id\u00e9nergie-power-rangers.jpg","width":5366,"height":3779},{"@type":"WebPage","@id":"https:\/\/idenergie.ca\/es\/especificaciones\/#webpage","url":"https:\/\/idenergie.ca\/es\/especificaciones\/","name":"Especificaciones - Id\u00e9nergie","isPartOf":{"@id":"https:\/\/idenergie.ca\/fr\/#website"},"primaryImageOfPage":{"@id":"https:\/\/idenergie.ca\/es\/especificaciones\/#primaryimage"},"datePublished":"2015-05-06T18:49:57+00:00","dateModified":"2015-09-01T21:04:45+00:00","breadcrumb":{"@id":"https:\/\/idenergie.ca\/es\/especificaciones\/#breadcrumb"},"inLanguage":"es","potentialAction":[{"@type":"ReadAction","target":["https:\/\/idenergie.ca\/es\/especificaciones\/"]}]},{"@type":"BreadcrumbList","@id":"https:\/\/idenergie.ca\/es\/especificaciones\/#breadcrumb","itemListElement":[{"@type":"ListItem","position":1,"name":"Home","item":"https:\/\/idenergie.ca\/en\/"},{"@type":"ListItem","position":2,"name":"Especificaciones"}]}]}},"_links":{"self":[{"href":"https:\/\/idenergie.ca\/es\/wp-json\/wp\/v2\/pages\/1910"}],"collection":[{"href":"https:\/\/idenergie.ca\/es\/wp-json\/wp\/v2\/pages"}],"about":[{"href":"https:\/\/idenergie.ca\/es\/wp-json\/wp\/v2\/types\/page"}],"author":[{"embeddable":true,"href":"https:\/\/idenergie.ca\/es\/wp-json\/wp\/v2\/users\/1"}],"replies":[{"embeddable":true,"href":"https:\/\/idenergie.ca\/es\/wp-json\/wp\/v2\/comments?post=1910"}],"version-history":[{"count":14,"href":"https:\/\/idenergie.ca\/es\/wp-json\/wp\/v2\/pages\/1910\/revisions"}],"predecessor-version":[{"id":2541,"href":"https:\/\/idenergie.ca\/es\/wp-json\/wp\/v2\/pages\/1910\/revisions\/2541"}],"wp:attachment":[{"href":"https:\/\/idenergie.ca\/es\/wp-json\/wp\/v2\/media?parent=1910"}],"curies":[{"name":"wp","href":"https:\/\/api.w.org\/{rel}","templated":true}]}}