{"id":1916,"date":"2015-06-05T15:38:12","date_gmt":"2015-06-05T20:38:12","guid":{"rendered":"https:\/\/idenergie.ca\/technologie-2-2\/"},"modified":"2015-07-22T15:38:06","modified_gmt":"2015-07-22T20:38:06","slug":"tecnologia","status":"publish","type":"page","link":"https:\/\/idenergie.ca\/es\/tecnologia\/","title":{"rendered":"Tecnolog\u00eda"},"content":{"rendered":"<style>\n.custom-page-content{\nbackground-color:#f7f7f7;\n}\n#content-container .section-full-width .section-boxed {\nmargin-top:20px;\npadding-bottom:30px;\n}\n#content-container .section-boxed{\nmargin:0px;\nmargin-left:auto;\nmargin-right:auto;\n}\n#content-container .section-full-width .section-boxed{\nmargin-bottom:20px;}\n.section-full-width{\nbox-shadow: 0 1px 0 0 rgba(0, 0, 0, 0.00) inset, 0 -1px 0 0 rgba(0, 0, 0, 0.00) inset;\n}\n.page-template-template-full-custom-php #content-container{\nbackground-color:#f7f7f7;\n}<\/style>\n<p><script>\njQuery(document).ready(function($) {\njQuery(\"#main-container\").addClass(\"fixed-header-scroll\");\n});\n<\/script><\/p>\n<div class=\"cols-wrapper cols-2\">\n<div class=\"col\" style=\"width:65%;\">\n<div class=\"section-full-width section-light-bg parallax-fixed\" style=\"background-color:#;\">\n<div class=\"section-boxed\" style=\"color:#373737;\">\n<h2 class=\"fourTitle section-title\" style=\"color:#252525;\">Generador 100% herm\u00e9tico<\/h2>\n<p align=\"center\">\nId\u00e9nergie ha desarrollado un nuevo tipo de generador el\u00e9ctrico de alto rendimiento a baja velocidad, completamente sellado gracias a una innovaci\u00f3n que elimina el eje de transmisi\u00f3n entre la turbina y el generador. Es as\u00ed como obtenemos una estructura completamente herm\u00e9tica. La impermeabilidad limita el mantenimiento necesario y garantizar\u00e1 una larga vida a la hidroturbina sin comprometer su rendimiento. Id\u00e9nergie es el inventor de este generador y el \u00fanico fabricante de hidroturbinas en el mundo que posee esta tecnolog\u00eda.\n<\/p>\n<\/div>\n<\/div>\n<\/div>\n<div class=\"col nomargin\" style=\"width:30%\"><img src=\"https:\/\/idenergie.ca\/wp-content\/uploads\/2015\/06\/G\u00e9n\u00e9rateurCentral.jpg\" style=\"height:300px;width:auto;\">\n<\/div>\n<\/div>\n<div>\n<div class=\"section-full-width section-light-bg firstTitle\" style=\"\" id=\"unconvertidorinteligente\"><div class=\"section-boxed\" style=\"color:#373737;\"><h2 class=\"section-title\" style=\"color:#252525;\">Un convertidor inteligente<\/h2><\/p>\n<p style=\"text-align: center;\">\nEsta tarjeta electr\u00f3nica, desarrollada por nuestro equipo, se encuentra dentro de la estructura del generador. \u00c9sta permite la conversi\u00f3n de la electricidad hacia las bater\u00edas adem\u00e1s de regular la velocidad de la hidroturbina, proporcionando as\u00ed una potencia m\u00e1xima. La arquitectura de la tarjeta permite conectar varias turbinas en red para proporcionar una mayor cantidad de energ\u00eda. Adem\u00e1s, un modo motor fue integrado para permitir el control de la hidroturbina. Esta funci\u00f3n permite el inicio autom\u00e1tico de la turbina, la optimizaci\u00f3n de la potencia en continuo, el monitoreo a distancia, el frenado de urgencia y otras opciones futuras.\n<\/p>\n<p>\n<\/div><\/div>\n<div class=\"section-full-width section-light-bg firstTitle\" style=\"\" id=\"turbinas\"><div class=\"section-boxed\" style=\"color:#373737;\"><h2 class=\"section-title\" style=\"color:#252525;\">Turbinas<\/h2><p style=\"text-align: center;\">\nLa hidroturbina de Id\u00e9nergie est\u00e1 compuesta de dos turbinas de tipo Darrieus. Este modelo de turbinas, resultante del mundo e\u00f3lico, fue elegido por su facilidad de instalaci\u00f3n y de fabricaci\u00f3n. \u00c9stas pueden adaptarse a una profundidad de agua de solo 60 cm (2 pies), lo que corresponde a la mayor\u00eda de los r\u00edos potenciales de nuestros clientes. Su otra gran calidad es el tipo de palas que las componen. \u00c9stas son poco costosas de producir, f\u00e1ciles de reemplazar y enviar en caso de rotura.\n<\/p>\n<p>\n<\/div><\/div><br \/>\n<img loading=\"lazy\" src=\"https:\/\/idenergie.ca\/wp-content\/uploads\/2015\/06\/turbines.jpg\" width=\"100%\" height=\"auto\" > <\/p>\n<div class=\"section-full-width section-light-bg firstTitle\" style=\"\" id=\"unaestructuraenaluminio\"><div class=\"section-boxed\" style=\"color:#373737;\"><h2 class=\"section-title\" style=\"color:#252525;\">Una estructura en aluminio<\/h2><\/p>\n<p style=\"text-align: center;\">\nLa estructura y la envoltura del generador est\u00e1n hechas en aluminio por las ventajas que este material tiene, que son: la ligereza y la resistencia a la corrosi\u00f3n en agua dulce y salada.\n<\/p>\n<p>\n<\/div><\/div>\n<div class=\"thumbnailLinkLeft firstLink\" style=\"display:inline-block; width:45%;float:left;\">\n<div class=\"cta-element\"><h2 class=\"cta-title\">Descargue el folleto<\/h2><a class=\"button\" href=\"https:\/\/idenergie.ca\/wp-content\/uploads\/2015\/07\/Brochure-Espagnole-07.15.pdf\">HAGA CLIC AQU\u00cd<\/a><\/div><\/p>\n<\/div>\n<div class=\"thumbnailLinkRight firstLink\" style=\"display:inline-block; width:45%;float:right;\">\n<div class=\"cta-element\"><h2 class=\"cta-title\">Reserve la suya ahora<\/h2><a class=\"button\" href=\"https:\/\/idenergie.ca\/fr\/contact\/\">HAGA CLIC AQU\u00cd<\/a><\/div><\/p>\n<\/div>\n","protected":false},"excerpt":{"rendered":"<p>Generador 100% herm\u00e9tico Id\u00e9nergie ha desarrollado un nuevo tipo de generador el\u00e9ctrico de alto rendimiento a baja velocidad, completamente sellado [&hellip;]<\/p>\n","protected":false},"author":1,"featured_media":0,"parent":0,"menu_order":0,"comment_status":"closed","ping_status":"open","template":"template-full-custom.php","meta":[],"yoast_head":"<!-- This site is optimized with the Yoast SEO plugin v17.9 - https:\/\/yoast.com\/wordpress\/plugins\/seo\/ -->\n<title>Tecnolog\u00eda - Id\u00e9nergie<\/title>\n<meta name=\"robots\" content=\"index, follow, max-snippet:-1, max-image-preview:large, max-video-preview:-1\" \/>\n<link rel=\"canonical\" href=\"https:\/\/idenergie.ca\/es\/tecnologia\/\" \/>\n<meta property=\"og:locale\" content=\"es_ES\" \/>\n<meta property=\"og:type\" content=\"article\" \/>\n<meta property=\"og:title\" content=\"Tecnolog\u00eda - Id\u00e9nergie\" \/>\n<meta property=\"og:description\" content=\"Generador 100% herm\u00e9tico Id\u00e9nergie ha desarrollado un nuevo tipo de generador el\u00e9ctrico de alto rendimiento a baja velocidad, completamente sellado [&hellip;]\" \/>\n<meta property=\"og:url\" content=\"https:\/\/idenergie.ca\/es\/tecnologia\/\" \/>\n<meta property=\"og:site_name\" content=\"Id\u00e9nergie\" \/>\n<meta property=\"article:modified_time\" content=\"2015-07-22T20:38:06+00:00\" \/>\n<meta property=\"og:image\" content=\"http:\/\/idenergie.ca\/wp-content\/uploads\/2015\/06\/G\u00e9n\u00e9rateurCentral.jpg\" \/>\n<meta name=\"twitter:label1\" content=\"Tiempo de lectura\" \/>\n\t<meta name=\"twitter:data1\" content=\"2 minutos\" \/>\n<script type=\"application\/ld+json\" class=\"yoast-schema-graph\">{\"@context\":\"https:\/\/schema.org\",\"@graph\":[{\"@type\":\"WebSite\",\"@id\":\"https:\/\/idenergie.ca\/fr\/#website\",\"url\":\"https:\/\/idenergie.ca\/fr\/\",\"name\":\"Id\\u00e9nergie\",\"description\":\"\",\"potentialAction\":[{\"@type\":\"SearchAction\",\"target\":{\"@type\":\"EntryPoint\",\"urlTemplate\":\"https:\/\/idenergie.ca\/fr\/?s={search_term_string}\"},\"query-input\":\"required name=search_term_string\"}],\"inLanguage\":\"es\"},{\"@type\":\"ImageObject\",\"@id\":\"https:\/\/idenergie.ca\/es\/tecnologia\/#primaryimage\",\"inLanguage\":\"es\",\"url\":\"https:\/\/idenergie.ca\/wp-content\/uploads\/2015\/06\/G\\u00e9n\\u00e9rateurCentral.jpg\",\"contentUrl\":\"https:\/\/idenergie.ca\/wp-content\/uploads\/2015\/06\/G\\u00e9n\\u00e9rateurCentral.jpg\",\"width\":1024,\"height\":1429},{\"@type\":\"WebPage\",\"@id\":\"https:\/\/idenergie.ca\/es\/tecnologia\/#webpage\",\"url\":\"https:\/\/idenergie.ca\/es\/tecnologia\/\",\"name\":\"Tecnolog\\u00eda - Id\\u00e9nergie\",\"isPartOf\":{\"@id\":\"https:\/\/idenergie.ca\/fr\/#website\"},\"primaryImageOfPage\":{\"@id\":\"https:\/\/idenergie.ca\/es\/tecnologia\/#primaryimage\"},\"datePublished\":\"2015-06-05T20:38:12+00:00\",\"dateModified\":\"2015-07-22T20:38:06+00:00\",\"breadcrumb\":{\"@id\":\"https:\/\/idenergie.ca\/es\/tecnologia\/#breadcrumb\"},\"inLanguage\":\"es\",\"potentialAction\":[{\"@type\":\"ReadAction\",\"target\":[\"https:\/\/idenergie.ca\/es\/tecnologia\/\"]}]},{\"@type\":\"BreadcrumbList\",\"@id\":\"https:\/\/idenergie.ca\/es\/tecnologia\/#breadcrumb\",\"itemListElement\":[{\"@type\":\"ListItem\",\"position\":1,\"name\":\"Home\",\"item\":\"https:\/\/idenergie.ca\/en\/\"},{\"@type\":\"ListItem\",\"position\":2,\"name\":\"Tecnolog\\u00eda\"}]}]}<\/script>\n<!-- \/ Yoast SEO plugin. -->","yoast_head_json":{"title":"Tecnolog\u00eda - Id\u00e9nergie","robots":{"index":"index","follow":"follow","max-snippet":"max-snippet:-1","max-image-preview":"max-image-preview:large","max-video-preview":"max-video-preview:-1"},"canonical":"https:\/\/idenergie.ca\/es\/tecnologia\/","og_locale":"es_ES","og_type":"article","og_title":"Tecnolog\u00eda - Id\u00e9nergie","og_description":"Generador 100% herm\u00e9tico Id\u00e9nergie ha desarrollado un nuevo tipo de generador el\u00e9ctrico de alto rendimiento a baja velocidad, completamente sellado [&hellip;]","og_url":"https:\/\/idenergie.ca\/es\/tecnologia\/","og_site_name":"Id\u00e9nergie","article_modified_time":"2015-07-22T20:38:06+00:00","og_image":[{"url":"http:\/\/idenergie.ca\/wp-content\/uploads\/2015\/06\/G\u00e9n\u00e9rateurCentral.jpg"}],"twitter_misc":{"Tiempo de lectura":"2 minutos"},"schema":{"@context":"https:\/\/schema.org","@graph":[{"@type":"WebSite","@id":"https:\/\/idenergie.ca\/fr\/#website","url":"https:\/\/idenergie.ca\/fr\/","name":"Id\u00e9nergie","description":"","potentialAction":[{"@type":"SearchAction","target":{"@type":"EntryPoint","urlTemplate":"https:\/\/idenergie.ca\/fr\/?s={search_term_string}"},"query-input":"required name=search_term_string"}],"inLanguage":"es"},{"@type":"ImageObject","@id":"https:\/\/idenergie.ca\/es\/tecnologia\/#primaryimage","inLanguage":"es","url":"https:\/\/idenergie.ca\/wp-content\/uploads\/2015\/06\/G\u00e9n\u00e9rateurCentral.jpg","contentUrl":"https:\/\/idenergie.ca\/wp-content\/uploads\/2015\/06\/G\u00e9n\u00e9rateurCentral.jpg","width":1024,"height":1429},{"@type":"WebPage","@id":"https:\/\/idenergie.ca\/es\/tecnologia\/#webpage","url":"https:\/\/idenergie.ca\/es\/tecnologia\/","name":"Tecnolog\u00eda - Id\u00e9nergie","isPartOf":{"@id":"https:\/\/idenergie.ca\/fr\/#website"},"primaryImageOfPage":{"@id":"https:\/\/idenergie.ca\/es\/tecnologia\/#primaryimage"},"datePublished":"2015-06-05T20:38:12+00:00","dateModified":"2015-07-22T20:38:06+00:00","breadcrumb":{"@id":"https:\/\/idenergie.ca\/es\/tecnologia\/#breadcrumb"},"inLanguage":"es","potentialAction":[{"@type":"ReadAction","target":["https:\/\/idenergie.ca\/es\/tecnologia\/"]}]},{"@type":"BreadcrumbList","@id":"https:\/\/idenergie.ca\/es\/tecnologia\/#breadcrumb","itemListElement":[{"@type":"ListItem","position":1,"name":"Home","item":"https:\/\/idenergie.ca\/en\/"},{"@type":"ListItem","position":2,"name":"Tecnolog\u00eda"}]}]}},"_links":{"self":[{"href":"https:\/\/idenergie.ca\/es\/wp-json\/wp\/v2\/pages\/1916"}],"collection":[{"href":"https:\/\/idenergie.ca\/es\/wp-json\/wp\/v2\/pages"}],"about":[{"href":"https:\/\/idenergie.ca\/es\/wp-json\/wp\/v2\/types\/page"}],"author":[{"embeddable":true,"href":"https:\/\/idenergie.ca\/es\/wp-json\/wp\/v2\/users\/1"}],"replies":[{"embeddable":true,"href":"https:\/\/idenergie.ca\/es\/wp-json\/wp\/v2\/comments?post=1916"}],"version-history":[{"count":6,"href":"https:\/\/idenergie.ca\/es\/wp-json\/wp\/v2\/pages\/1916\/revisions"}],"predecessor-version":[{"id":2236,"href":"https:\/\/idenergie.ca\/es\/wp-json\/wp\/v2\/pages\/1916\/revisions\/2236"}],"wp:attachment":[{"href":"https:\/\/idenergie.ca\/es\/wp-json\/wp\/v2\/media?parent=1916"}],"curies":[{"name":"wp","href":"https:\/\/api.w.org\/{rel}","templated":true}]}}