{"id":1921,"date":"2015-05-27T12:50:43","date_gmt":"2015-05-27T17:50:43","guid":{"rendered":"https:\/\/idenergie.ca\/particuliers-2\/"},"modified":"2015-09-01T16:13:44","modified_gmt":"2015-09-01T21:13:44","slug":"propietarioderesidencia","status":"publish","type":"page","link":"https:\/\/idenergie.ca\/es\/propietarioderesidencia\/","title":{"rendered":"Propietario de residencia"},"content":{"rendered":"<style>\n.content-slider.cols-wrapper.cols-2{\npadding-top:70px;\npadding-bottom:50px;\n}\n#content-container .section-boxed{\nmargin-top:0px;\n}\n.custom-page-content{\nbackground-color: #f7f7f7;\n}\n#content-container .section-full-width .section-boxed {\nmargin-top:20px;\npadding-bottom:30px;\n}\n#content-container .section-boxed{\nmargin:0px;\nmargin-left:auto;\nmargin-right:auto;\n}\n.page-template-template-full-custom-php #content-container{\n}\n.cta-element{\npadding-bottom:150px;\n}\np{\nmax-width:100%;}\n<\/style>\n<p><script>\njQuery(document).ready(function($) {\njQuery(\"#main-container\").addClass(\"fixed-header-scroll\");\n});\n<\/script><\/p>\n<div class=\"cols-wrapper cols-2\">\n<div class=\"col\">\n<div class=\"section-full-width section-light-bg parallax-fixed\" style=\"background-color:#;\">\n<div class=\"section-boxed\" style=\"color:#373737;\">\n<h2 class=\"section-title\" style=\"color:#252525;\">El ahorrador<\/h2>\n<p align=\"center\">\nEl ahorrador busca una soluci\u00f3n energ\u00e9tica rentable. El precio es un aspecto importante en su decisi\u00f3n: est\u00e1 dispuesto a pagar la suma que sea necesaria pero quiere que el sistema que est\u00e1 adquiriendo le proporcione un retorno sobre la inversi\u00f3n a medio y largo plazo. Por consiguiente, la hidroturbina de Id\u00e9nergie representa una alternativa interesante para \u00e9l.<br \/>\nUn an\u00e1lisis comparativo interno entre un generador de gasolina de 3000 W que alimenta un chalet fuera de la red utilizado 8 h\/d\u00eda, 7 d\u00edas\/semana el a\u00f1o entero y la hidroturbina de Id\u00e9nergie utilizada en las mismas condiciones, concluy\u00f3 que \u00e9sta \u00faltima se rentabiliza en un periodo de 2 a\u00f1os. Esto se debe, en gran parte, al aumento de los costos del combustible que es indispensable para el generador de gasolina.\n<\/p>\n<\/div>\n<\/div>\n<\/div>\n<div class=\"col nomargin\">\n<img src=\"https:\/\/idenergie.ca\/wp-content\/uploads\/2014\/09\/slider2.jpg\" style=\"width:100%;height:auto;margin-top:100px;\"\/>\n<\/div>\n<\/div>\n<div class=\"section-full-width section-light-bg parallax-fixed\" style=\"background-color:#f7f7f7;\" id=\"elaut\u00f3nomo\"><div style=\"background-image:url(\/wp-content\/uploads\/2014\/08\/Gaussian-blur-background.jpg); opacity:0.4; filter: alpha(opacity=40);\" class=\"full-bg-image\" ><\/div><div class=\"section-boxed\" style=\"color:#373737;\"><h2 class=\"section-title\" style=\"color:#252525;\">El aut\u00f3nomo<\/h2><\/p>\n<p style=\"text-align: center;\">El cliente aut\u00f3nomo se mantiene informado sobre la industria de la energ\u00eda y los diferentes problemas que afectan este campo. Esc\u00e9ptico sobre el futuro del sistema de la red el\u00e9ctrica actual, \u00e9ste est\u00e1 a la b\u00fasqueda de alternativas para lograr el autoabastecimiento energ\u00e9tico a toda costa. \u00c9ste se gira entonces hacia los sistemas de energ\u00eda renovables con el  fin de alcanzar sus objetivos. La hidroturbina de Id\u00e9nergie representa una soluci\u00f3n continua y estable capaz de alimentar los aparatos est\u00e1ndares de una residencia  y traer la autosuficiencia energ\u00e9tica a sus usuarios.<\/p>\n<p>\n<\/div><\/div>\n<div class=\"cols-wrapper cols-2\">\n<div class=\"col\">\n<img src=\"https:\/\/idenergie.ca\/wp-content\/uploads\/2014\/10\/thumbnail-chalet.jpg\" style=\"width:100%;height:auto;margin-top:50px;\"\/>\n<\/div>\n<div class=\"col nomargin\">\n<div class=\"section-full-width section-light-bg parallax-fixed\" style=\"background-color:#;\">\n<div class=\"section-boxed\" style=\"color:#373737;\">\n<h2 class=\"section-title\" style=\"color:#252525;\">El ecologista<\/h2>\n<p align=\"center\">\nEl ecologista se identifica con los valores y los principios ambientales expresados por la ecolog\u00eda. \u00c9ste desea reducir su huella de carbono por distintos medios como por ejemplo mejorando su consumo de energ\u00eda. Por consiguiente, los sistemas de energ\u00eda renovables representan para \u00e9l la mejor alternativa. La hidroturbina de Id\u00e9nergie es una de las soluciones m\u00e1s ecol\u00f3gicas en el mercado. A esto se suma el inter\u00e9s por el respeto de la fauna y la flora.\n<\/p>\n<\/div>\n<\/div>\n<\/div>\n<\/div>\n<div class=\"cols-wrapper cols-2\">\n<div class=\"col\">\n<div class=\"cta-element\"><h2 class=\"cta-title\">\u00bfTiene usted un proyecto que encaje?<\/h2><a class=\"button\" href=\"https:\/\/idenergie.ca\/en\/contact\/\">Danos m\u00e1s detalles<\/a><\/div>\n<\/div>\n<div class=\"col nomargin\">\n<div class=\"cta-element\"><h2 class=\"cta-title\">Descubra nuestra Hidroturbina<\/h2><a class=\"button\" href=\"https:\/\/idenergie.ca\/es\/hidroturbina\/\">Haga clic aqu\u00ed<\/a><\/div>\n<\/div>\n<\/div>\n","protected":false},"excerpt":{"rendered":"<p>El ahorrador El ahorrador busca una soluci\u00f3n energ\u00e9tica rentable. El precio es un aspecto importante en su decisi\u00f3n: est\u00e1 dispuesto [&hellip;]<\/p>\n","protected":false},"author":1,"featured_media":0,"parent":0,"menu_order":0,"comment_status":"closed","ping_status":"open","template":"template-full-custom.php","meta":[],"yoast_head":"<!-- This site is optimized with the Yoast SEO plugin v17.9 - https:\/\/yoast.com\/wordpress\/plugins\/seo\/ -->\n<title>Propietario de residencia - Id\u00e9nergie<\/title>\n<meta name=\"robots\" content=\"index, follow, max-snippet:-1, max-image-preview:large, max-video-preview:-1\" \/>\n<link rel=\"canonical\" href=\"https:\/\/idenergie.ca\/es\/propietarioderesidencia\/\" \/>\n<meta property=\"og:locale\" content=\"es_ES\" \/>\n<meta property=\"og:type\" content=\"article\" \/>\n<meta property=\"og:title\" content=\"Propietario de residencia - Id\u00e9nergie\" \/>\n<meta property=\"og:description\" content=\"El ahorrador El ahorrador busca una soluci\u00f3n energ\u00e9tica rentable. El precio es un aspecto importante en su decisi\u00f3n: est\u00e1 dispuesto [&hellip;]\" \/>\n<meta property=\"og:url\" content=\"https:\/\/idenergie.ca\/es\/propietarioderesidencia\/\" \/>\n<meta property=\"og:site_name\" content=\"Id\u00e9nergie\" \/>\n<meta property=\"article:modified_time\" content=\"2015-09-01T21:13:44+00:00\" \/>\n<meta property=\"og:image\" content=\"https:\/\/idenergie.ca\/wp-content\/uploads\/2014\/09\/slider2.jpg\" \/>\n<meta name=\"twitter:label1\" content=\"Tiempo de lectura\" \/>\n\t<meta name=\"twitter:data1\" content=\"2 minutos\" \/>\n<script type=\"application\/ld+json\" class=\"yoast-schema-graph\">{\"@context\":\"https:\/\/schema.org\",\"@graph\":[{\"@type\":\"WebSite\",\"@id\":\"https:\/\/idenergie.ca\/fr\/#website\",\"url\":\"https:\/\/idenergie.ca\/fr\/\",\"name\":\"Id\\u00e9nergie\",\"description\":\"\",\"potentialAction\":[{\"@type\":\"SearchAction\",\"target\":{\"@type\":\"EntryPoint\",\"urlTemplate\":\"https:\/\/idenergie.ca\/fr\/?s={search_term_string}\"},\"query-input\":\"required name=search_term_string\"}],\"inLanguage\":\"es\"},{\"@type\":\"ImageObject\",\"@id\":\"https:\/\/idenergie.ca\/es\/propietarioderesidencia\/#primaryimage\",\"inLanguage\":\"es\",\"url\":\"https:\/\/idenergie.ca\/wp-content\/uploads\/2014\/09\/slider2.jpg\",\"contentUrl\":\"https:\/\/idenergie.ca\/wp-content\/uploads\/2014\/09\/slider2.jpg\",\"width\":1920,\"height\":1081},{\"@type\":\"WebPage\",\"@id\":\"https:\/\/idenergie.ca\/es\/propietarioderesidencia\/#webpage\",\"url\":\"https:\/\/idenergie.ca\/es\/propietarioderesidencia\/\",\"name\":\"Propietario de residencia - Id\\u00e9nergie\",\"isPartOf\":{\"@id\":\"https:\/\/idenergie.ca\/fr\/#website\"},\"primaryImageOfPage\":{\"@id\":\"https:\/\/idenergie.ca\/es\/propietarioderesidencia\/#primaryimage\"},\"datePublished\":\"2015-05-27T17:50:43+00:00\",\"dateModified\":\"2015-09-01T21:13:44+00:00\",\"breadcrumb\":{\"@id\":\"https:\/\/idenergie.ca\/es\/propietarioderesidencia\/#breadcrumb\"},\"inLanguage\":\"es\",\"potentialAction\":[{\"@type\":\"ReadAction\",\"target\":[\"https:\/\/idenergie.ca\/es\/propietarioderesidencia\/\"]}]},{\"@type\":\"BreadcrumbList\",\"@id\":\"https:\/\/idenergie.ca\/es\/propietarioderesidencia\/#breadcrumb\",\"itemListElement\":[{\"@type\":\"ListItem\",\"position\":1,\"name\":\"Home\",\"item\":\"https:\/\/idenergie.ca\/en\/\"},{\"@type\":\"ListItem\",\"position\":2,\"name\":\"Propietario de residencia\"}]}]}<\/script>\n<!-- \/ Yoast SEO plugin. -->","yoast_head_json":{"title":"Propietario de residencia - Id\u00e9nergie","robots":{"index":"index","follow":"follow","max-snippet":"max-snippet:-1","max-image-preview":"max-image-preview:large","max-video-preview":"max-video-preview:-1"},"canonical":"https:\/\/idenergie.ca\/es\/propietarioderesidencia\/","og_locale":"es_ES","og_type":"article","og_title":"Propietario de residencia - Id\u00e9nergie","og_description":"El ahorrador El ahorrador busca una soluci\u00f3n energ\u00e9tica rentable. El precio es un aspecto importante en su decisi\u00f3n: est\u00e1 dispuesto [&hellip;]","og_url":"https:\/\/idenergie.ca\/es\/propietarioderesidencia\/","og_site_name":"Id\u00e9nergie","article_modified_time":"2015-09-01T21:13:44+00:00","og_image":[{"url":"https:\/\/idenergie.ca\/wp-content\/uploads\/2014\/09\/slider2.jpg"}],"twitter_misc":{"Tiempo de lectura":"2 minutos"},"schema":{"@context":"https:\/\/schema.org","@graph":[{"@type":"WebSite","@id":"https:\/\/idenergie.ca\/fr\/#website","url":"https:\/\/idenergie.ca\/fr\/","name":"Id\u00e9nergie","description":"","potentialAction":[{"@type":"SearchAction","target":{"@type":"EntryPoint","urlTemplate":"https:\/\/idenergie.ca\/fr\/?s={search_term_string}"},"query-input":"required name=search_term_string"}],"inLanguage":"es"},{"@type":"ImageObject","@id":"https:\/\/idenergie.ca\/es\/propietarioderesidencia\/#primaryimage","inLanguage":"es","url":"https:\/\/idenergie.ca\/wp-content\/uploads\/2014\/09\/slider2.jpg","contentUrl":"https:\/\/idenergie.ca\/wp-content\/uploads\/2014\/09\/slider2.jpg","width":1920,"height":1081},{"@type":"WebPage","@id":"https:\/\/idenergie.ca\/es\/propietarioderesidencia\/#webpage","url":"https:\/\/idenergie.ca\/es\/propietarioderesidencia\/","name":"Propietario de residencia - Id\u00e9nergie","isPartOf":{"@id":"https:\/\/idenergie.ca\/fr\/#website"},"primaryImageOfPage":{"@id":"https:\/\/idenergie.ca\/es\/propietarioderesidencia\/#primaryimage"},"datePublished":"2015-05-27T17:50:43+00:00","dateModified":"2015-09-01T21:13:44+00:00","breadcrumb":{"@id":"https:\/\/idenergie.ca\/es\/propietarioderesidencia\/#breadcrumb"},"inLanguage":"es","potentialAction":[{"@type":"ReadAction","target":["https:\/\/idenergie.ca\/es\/propietarioderesidencia\/"]}]},{"@type":"BreadcrumbList","@id":"https:\/\/idenergie.ca\/es\/propietarioderesidencia\/#breadcrumb","itemListElement":[{"@type":"ListItem","position":1,"name":"Home","item":"https:\/\/idenergie.ca\/en\/"},{"@type":"ListItem","position":2,"name":"Propietario de residencia"}]}]}},"_links":{"self":[{"href":"https:\/\/idenergie.ca\/es\/wp-json\/wp\/v2\/pages\/1921"}],"collection":[{"href":"https:\/\/idenergie.ca\/es\/wp-json\/wp\/v2\/pages"}],"about":[{"href":"https:\/\/idenergie.ca\/es\/wp-json\/wp\/v2\/types\/page"}],"author":[{"embeddable":true,"href":"https:\/\/idenergie.ca\/es\/wp-json\/wp\/v2\/users\/1"}],"replies":[{"embeddable":true,"href":"https:\/\/idenergie.ca\/es\/wp-json\/wp\/v2\/comments?post=1921"}],"version-history":[{"count":8,"href":"https:\/\/idenergie.ca\/es\/wp-json\/wp\/v2\/pages\/1921\/revisions"}],"predecessor-version":[{"id":2547,"href":"https:\/\/idenergie.ca\/es\/wp-json\/wp\/v2\/pages\/1921\/revisions\/2547"}],"wp:attachment":[{"href":"https:\/\/idenergie.ca\/es\/wp-json\/wp\/v2\/media?parent=1921"}],"curies":[{"name":"wp","href":"https:\/\/api.w.org\/{rel}","templated":true}]}}