{"id":1928,"date":"2015-05-27T12:52:03","date_gmt":"2015-05-27T17:52:03","guid":{"rendered":"https:\/\/idenergie.ca\/proprietaireentreprise-2\/"},"modified":"2015-09-01T16:22:49","modified_gmt":"2015-09-01T21:22:49","slug":"propietariodelaempresa","status":"publish","type":"page","link":"https:\/\/idenergie.ca\/es\/propietariodelaempresa\/","title":{"rendered":"Propietario de la empresa"},"content":{"rendered":"<style>\n.content-slider.cols-wrapper.cols-2{\npadding-top:70px;\npadding-bottom:50px;\n}\n#content-container .section-boxed{\nmargin-top:0px;\n}\n.custom-page-content{\nbackground-color: #f7f7f7;\n}\n#content-container .section-full-width .section-boxed {\nmargin-top:20px;\npadding-bottom:30px;\n}\n#content-container .section-boxed{\nmargin:0px;\nmargin-left:auto;\nmargin-right:auto;\n}\n.page-template-template-full-custom-php #content-container{\n}\n.cta-element{\npadding-bottom:150px;\n}\np{\nmax-width:100%;\n}\n<\/style>\n<p><script>\njQuery(document).ready(function($) {\njQuery(\"#main-container\").addClass(\"fixed-header-scroll\");\n});\n<\/script><\/p>\n<div class=\"section-full-width section-light-bg parallax-fixed\" style=\"background-color:#;\">\n<div class=\"section-boxed\" style=\"color:#373737;\">\n<h2 class=\"section-title\" style=\"color:#252525;\">Outfitters de caza y pesca, campamentos de cacer\u00eda y campings<\/h2>\n<div class=\"cols-wrapper cols-2\">\n<div class=\"col\">\n<p align=\"center\">\nA menudo aislados de la red el\u00e9ctrica, estas instituciones dependen de generadores de gasolina para satisfacer sus necesidades de energ\u00eda, que a menudo consisten en la alimentaci\u00f3n de sus instalaciones: la estaci\u00f3n de recepci\u00f3n, anexos, etc. Sin embargo, el mantenimiento a largo plazo del generador de gasolina resulta caro, debido al aumento del precio del combustible. Muchas personas est\u00e1n recurriendo a la energ\u00eda renovable, las turbinas e\u00f3licas y paneles solares, para paliar los gastos significativos engendrados por el generador de gasolina. Sin embargo, estas soluciones no son \u00f3ptimas debido a la intermitencia de la producci\u00f3n causada por la variabilidad del tiempo. En consecuencia, s\u00f3lo se utiliza entre 12% a 35% de su potencial real, lo que implica un sobredimensionamiento de las instalaciones y los sistemas de almacenamiento de la energ\u00eda producida. La hidroturbina de Id\u00e9nergie ofrece una soluci\u00f3n ideal para estas instituciones que a menudo se encuentran cerca de r\u00edos. \u00c9sta permite una producci\u00f3n constante y fiable de energ\u00eda y asegura la recarga de las bater\u00edas 24h sobre 24h. Un an\u00e1lisis comparativo interno entre un generador de gasolina de 3000 W que alimenta un chalet fuera de la red utilizado 8 h\/d\u00eda, 7 d\u00edas\/semana el a\u00f1o entero y la hidroturbina de Id\u00e9nergie utilizada en las mismas condiciones, concluy\u00f3 que \u00e9sta \u00faltima se rentabiliza en un periodo de 2 a\u00f1os. Esto se debe, en gran parte, al aumento del precio del combustible que es indispensable para el generador de gasolina.<\/p>\n<\/div>\n<div class=\"col nomargin\">\n<img src=\"https:\/\/idenergie.ca\/wp-content\/uploads\/2015\/07\/shutterstock_185911586.jpg\" style=\"width:100%;height:auto;margin-top:200px;\"\/>\n<\/div>\n<\/div>\n<\/div>\n<\/div>\n<div class=\"section-full-width section-light-bg parallax-fixed\" style=\"background-color:#f7f7f7;\" id=\"sitiosecotur\u00edsticos\"><div style=\"background-image:url(\/wp-content\/uploads\/2014\/08\/Gaussian-blur-background.jpg); opacity:0.4; filter: alpha(opacity=40);\" class=\"full-bg-image\" ><\/div><div class=\"section-boxed\" style=\"color:#373737;\"><h2 class=\"section-title\" style=\"color:#252525;\">Sitios ecotur\u00edsticos<\/h2><\/p>\n<div class=\"cols-wrapper cols-2\">\n<div class=\"col\">\n<img src=\"https:\/\/idenergie.ca\/wp-content\/uploads\/2015\/07\/shutterstock_small.jpg\" style=\"width:100%;height:auto;margin-top:80px;\"\/>\n<\/div>\n<div class=\"col nomargin\">\n<p style=\"text-align: center;padding-top:50px;\">\nApoyan los valores ambientales s\u00f3lidos. Los establecimientos de ecoturismo desean reducir sus emisiones de gases de efecto invernadero (principalmente CO2), adaptando una soluci\u00f3n rentable capaz de responder a sus necesidades energ\u00e9ticas. A menudo ya tienen un sistema de energ\u00eda renovable, pero est\u00e1n siempre en b\u00fasqueda de nuevas tecnolog\u00edas verdes. Adem\u00e1s de proporcionar un retorno de la inversi\u00f3n en el mediano y largo plazo, la instalaci\u00f3n de una hidroturbina muestra una conciencia ecol\u00f3gica y una garant\u00eda de respeto por el medio ambiente.<\/p>\n<\/div>\n<\/div>\n<p>\n<\/div><\/div>\n<div class=\"cols-wrapper cols-2\">\n<div class=\"col\">\n<div class=\"cta-element\"><h2 class=\"cta-title\">Tiene usted un proyecto que encaje<\/h2><a class=\"button\" href=\"https:\/\/idenergie.ca\/fr\/contact\/\">Danos m\u00e1s detalles<\/a><\/div>\n<\/div>\n<div class=\"col nomargin\">\n<div class=\"cta-element\"><h2 class=\"cta-title\">Descubra nuestra Hidroturbina<\/h2><a class=\"button\" href=\"https:\/\/idenergie.ca\/es\/hidroturbina\/\">Haga clic aqu\u00ed<\/a><\/div>\n<\/div>\n<\/div>\n","protected":false},"excerpt":{"rendered":"<p>Outfitters de caza y pesca, campamentos de cacer\u00eda y campings A menudo aislados de la red el\u00e9ctrica, estas instituciones dependen [&hellip;]<\/p>\n","protected":false},"author":1,"featured_media":0,"parent":0,"menu_order":0,"comment_status":"closed","ping_status":"open","template":"template-full-custom.php","meta":[],"yoast_head":"<!-- This site is optimized with the Yoast SEO plugin v17.9 - https:\/\/yoast.com\/wordpress\/plugins\/seo\/ -->\n<title>Propietario de la empresa - Id\u00e9nergie<\/title>\n<meta name=\"robots\" content=\"index, follow, max-snippet:-1, max-image-preview:large, max-video-preview:-1\" \/>\n<link rel=\"canonical\" href=\"https:\/\/idenergie.ca\/es\/propietariodelaempresa\/\" \/>\n<meta property=\"og:locale\" content=\"es_ES\" \/>\n<meta property=\"og:type\" content=\"article\" \/>\n<meta property=\"og:title\" content=\"Propietario de la empresa - Id\u00e9nergie\" \/>\n<meta property=\"og:description\" content=\"Outfitters de caza y pesca, campamentos de cacer\u00eda y campings A menudo aislados de la red el\u00e9ctrica, estas instituciones dependen [&hellip;]\" \/>\n<meta property=\"og:url\" content=\"https:\/\/idenergie.ca\/es\/propietariodelaempresa\/\" \/>\n<meta property=\"og:site_name\" content=\"Id\u00e9nergie\" \/>\n<meta property=\"article:modified_time\" content=\"2015-09-01T21:22:49+00:00\" \/>\n<meta property=\"og:image\" content=\"http:\/\/idenergie.ca\/wp-content\/uploads\/2015\/07\/shutterstock_185911586.jpg\" \/>\n<meta name=\"twitter:label1\" content=\"Tiempo de lectura\" \/>\n\t<meta name=\"twitter:data1\" content=\"2 minutos\" \/>\n<script type=\"application\/ld+json\" class=\"yoast-schema-graph\">{\"@context\":\"https:\/\/schema.org\",\"@graph\":[{\"@type\":\"WebSite\",\"@id\":\"https:\/\/idenergie.ca\/fr\/#website\",\"url\":\"https:\/\/idenergie.ca\/fr\/\",\"name\":\"Id\\u00e9nergie\",\"description\":\"\",\"potentialAction\":[{\"@type\":\"SearchAction\",\"target\":{\"@type\":\"EntryPoint\",\"urlTemplate\":\"https:\/\/idenergie.ca\/fr\/?s={search_term_string}\"},\"query-input\":\"required name=search_term_string\"}],\"inLanguage\":\"es\"},{\"@type\":\"ImageObject\",\"@id\":\"https:\/\/idenergie.ca\/es\/propietariodelaempresa\/#primaryimage\",\"inLanguage\":\"es\",\"url\":\"https:\/\/idenergie.ca\/wp-content\/uploads\/2015\/07\/shutterstock_185911586.jpg\",\"contentUrl\":\"https:\/\/idenergie.ca\/wp-content\/uploads\/2015\/07\/shutterstock_185911586.jpg\",\"width\":400,\"height\":267},{\"@type\":\"WebPage\",\"@id\":\"https:\/\/idenergie.ca\/es\/propietariodelaempresa\/#webpage\",\"url\":\"https:\/\/idenergie.ca\/es\/propietariodelaempresa\/\",\"name\":\"Propietario de la empresa - Id\\u00e9nergie\",\"isPartOf\":{\"@id\":\"https:\/\/idenergie.ca\/fr\/#website\"},\"primaryImageOfPage\":{\"@id\":\"https:\/\/idenergie.ca\/es\/propietariodelaempresa\/#primaryimage\"},\"datePublished\":\"2015-05-27T17:52:03+00:00\",\"dateModified\":\"2015-09-01T21:22:49+00:00\",\"breadcrumb\":{\"@id\":\"https:\/\/idenergie.ca\/es\/propietariodelaempresa\/#breadcrumb\"},\"inLanguage\":\"es\",\"potentialAction\":[{\"@type\":\"ReadAction\",\"target\":[\"https:\/\/idenergie.ca\/es\/propietariodelaempresa\/\"]}]},{\"@type\":\"BreadcrumbList\",\"@id\":\"https:\/\/idenergie.ca\/es\/propietariodelaempresa\/#breadcrumb\",\"itemListElement\":[{\"@type\":\"ListItem\",\"position\":1,\"name\":\"Home\",\"item\":\"https:\/\/idenergie.ca\/en\/\"},{\"@type\":\"ListItem\",\"position\":2,\"name\":\"Propietario de la empresa\"}]}]}<\/script>\n<!-- \/ Yoast SEO plugin. -->","yoast_head_json":{"title":"Propietario de la empresa - Id\u00e9nergie","robots":{"index":"index","follow":"follow","max-snippet":"max-snippet:-1","max-image-preview":"max-image-preview:large","max-video-preview":"max-video-preview:-1"},"canonical":"https:\/\/idenergie.ca\/es\/propietariodelaempresa\/","og_locale":"es_ES","og_type":"article","og_title":"Propietario de la empresa - Id\u00e9nergie","og_description":"Outfitters de caza y pesca, campamentos de cacer\u00eda y campings A menudo aislados de la red el\u00e9ctrica, estas instituciones dependen [&hellip;]","og_url":"https:\/\/idenergie.ca\/es\/propietariodelaempresa\/","og_site_name":"Id\u00e9nergie","article_modified_time":"2015-09-01T21:22:49+00:00","og_image":[{"url":"http:\/\/idenergie.ca\/wp-content\/uploads\/2015\/07\/shutterstock_185911586.jpg"}],"twitter_misc":{"Tiempo de lectura":"2 minutos"},"schema":{"@context":"https:\/\/schema.org","@graph":[{"@type":"WebSite","@id":"https:\/\/idenergie.ca\/fr\/#website","url":"https:\/\/idenergie.ca\/fr\/","name":"Id\u00e9nergie","description":"","potentialAction":[{"@type":"SearchAction","target":{"@type":"EntryPoint","urlTemplate":"https:\/\/idenergie.ca\/fr\/?s={search_term_string}"},"query-input":"required name=search_term_string"}],"inLanguage":"es"},{"@type":"ImageObject","@id":"https:\/\/idenergie.ca\/es\/propietariodelaempresa\/#primaryimage","inLanguage":"es","url":"https:\/\/idenergie.ca\/wp-content\/uploads\/2015\/07\/shutterstock_185911586.jpg","contentUrl":"https:\/\/idenergie.ca\/wp-content\/uploads\/2015\/07\/shutterstock_185911586.jpg","width":400,"height":267},{"@type":"WebPage","@id":"https:\/\/idenergie.ca\/es\/propietariodelaempresa\/#webpage","url":"https:\/\/idenergie.ca\/es\/propietariodelaempresa\/","name":"Propietario de la empresa - Id\u00e9nergie","isPartOf":{"@id":"https:\/\/idenergie.ca\/fr\/#website"},"primaryImageOfPage":{"@id":"https:\/\/idenergie.ca\/es\/propietariodelaempresa\/#primaryimage"},"datePublished":"2015-05-27T17:52:03+00:00","dateModified":"2015-09-01T21:22:49+00:00","breadcrumb":{"@id":"https:\/\/idenergie.ca\/es\/propietariodelaempresa\/#breadcrumb"},"inLanguage":"es","potentialAction":[{"@type":"ReadAction","target":["https:\/\/idenergie.ca\/es\/propietariodelaempresa\/"]}]},{"@type":"BreadcrumbList","@id":"https:\/\/idenergie.ca\/es\/propietariodelaempresa\/#breadcrumb","itemListElement":[{"@type":"ListItem","position":1,"name":"Home","item":"https:\/\/idenergie.ca\/en\/"},{"@type":"ListItem","position":2,"name":"Propietario de la empresa"}]}]}},"_links":{"self":[{"href":"https:\/\/idenergie.ca\/es\/wp-json\/wp\/v2\/pages\/1928"}],"collection":[{"href":"https:\/\/idenergie.ca\/es\/wp-json\/wp\/v2\/pages"}],"about":[{"href":"https:\/\/idenergie.ca\/es\/wp-json\/wp\/v2\/types\/page"}],"author":[{"embeddable":true,"href":"https:\/\/idenergie.ca\/es\/wp-json\/wp\/v2\/users\/1"}],"replies":[{"embeddable":true,"href":"https:\/\/idenergie.ca\/es\/wp-json\/wp\/v2\/comments?post=1928"}],"version-history":[{"count":8,"href":"https:\/\/idenergie.ca\/es\/wp-json\/wp\/v2\/pages\/1928\/revisions"}],"predecessor-version":[{"id":2549,"href":"https:\/\/idenergie.ca\/es\/wp-json\/wp\/v2\/pages\/1928\/revisions\/2549"}],"wp:attachment":[{"href":"https:\/\/idenergie.ca\/es\/wp-json\/wp\/v2\/media?parent=1928"}],"curies":[{"name":"wp","href":"https:\/\/api.w.org\/{rel}","templated":true}]}}