{"id":1934,"date":"2015-06-12T14:56:45","date_gmt":"2015-06-12T19:56:45","guid":{"rendered":"https:\/\/idenergie.ca\/projets-2\/"},"modified":"2015-07-22T15:40:12","modified_gmt":"2015-07-22T20:40:12","slug":"projets","status":"publish","type":"page","link":"https:\/\/idenergie.ca\/es\/projets\/","title":{"rendered":"Proyectos"},"content":{"rendered":"<style>\n.content-slider.cols-wrapper.cols-2{\npadding-top:70px;\npadding-bottom:50px;\n}\n#content-container .section-boxed{\nmargin-top:0px;\n}\n.custom-page-content{\nbackground-color: #f7f7f7;\n}\n#content-container .section-full-width .section-boxed {\nmargin-top:20px;\npadding-bottom:30px;\n}\n#content-container .section-boxed{\nmargin:0px;\nmargin-left:auto;\nmargin-right:auto;\n}\n.page-template-template-full-custom-php #content-container{\n}\n.cta-element{\npadding-bottom:150px;\n}\np{\nmax-width:100%;}\n<\/style>\n<p><script>\njQuery(document).ready(function($) {\njQuery(\"#main-container\").addClass(\"fixed-header-scroll\");\n});\n<\/script><\/p>\n<div class=\"section-full-width section-light-bg parallax-fixed\" style=\"background-color:#;\">\n<div class=\"section-boxed\" style=\"color:#373737;\">\n<h2 class=\"fourTitle section-title\" style=\"color:#252525;\">Proyectos humanitarios<\/h2>\n<p align=\"center\">\nNumerosas organizaciones no gubernamentales tienen la misi\u00f3n  de mejorar el acceso a la electricidad para ayudar a las poblaciones aisladas. Sus sitios de intervenci\u00f3n se encuentran generalmente en ambientes poco clementes, de dif\u00edcil acceso y aislados de la red el\u00e9ctrica. La hidroturbina es la soluci\u00f3n ideal para proyectos situados cerca de r\u00edos, igualmente \u00e9sta puede ser utilizada sola o en red para proporcionar mayores cantidades de electricidad y as\u00ed alimentar pueblos aislados con bajo consumo. Por lo tanto, para este tipo de proyectos, la hidroturbina representa m\u00e1s que s\u00f3lo el acceso a la electricidad. La energ\u00eda es la base del desarrollo econ\u00f3mico de una comunidad y gracias a la electricidad suministrada, la hidroturbina permite mejorar las condiciones de vida de sus usuarios incluyendo la salud, mediante la mejora de las condiciones de higiene, y la educaci\u00f3n, mediante las fuentes de electrificaci\u00f3n.\n<\/p>\n<\/div>\n<\/div>\n<div class=\"section-full-width section-light-bg parallax-fixed\" style=\"background-color:#f7f7f7;\" id=\"proyectoslocaleseinternacionales\"><div style=\"background-image:url(\/wp-content\/uploads\/2014\/08\/Gaussian-blur-background.jpg); opacity:0.4; filter: alpha(opacity=40);\" class=\"full-bg-image\" ><\/div><div class=\"section-boxed\" style=\"color:#373737;\"><h2 class=\"section-title\" style=\"color:#252525;\">Proyectos locales e internacionales<\/h2><\/p>\n<div class=\"cols-wrapper cols-2\">\n<div class=\"col\">\n<p style=\"text-align: center;\">Los responsables pol\u00edticos, de todos los niveles de gobierno, se dan cuenta de los efectos perjudiciales de los cambios clim\u00e1ticos sobre sus territorios y sus poblaciones. Conscientes de que las pr\u00e1cticas tienen que cambiar, quieren ponerse a la vanguardia del movimiento ambiental para fomentar el cambio a nivel local e internacional. La hidroturbina de Id\u00e9nergie es una tecnolog\u00eda que podr\u00eda servir para este tipo de proyectos que demuestran la voluntad de los dirigentes de apoyar la producci\u00f3n de energ\u00eda de manera m\u00e1s eco-responsable y de promover las energ\u00edas verdes.<\/p>\n<\/div>\n<div class=\"col nomargin\">\n<img src=\"https:\/\/idenergie.ca\/wp-content\/uploads\/2015\/07\/Pont.jpg\" style=\"width:100%;height:auto;margin-top:50px;\"\/>\n<\/div>\n<\/div>\n<p>\n<\/div><\/div>\n<div class=\"section-full-width section-light-bg parallax-fixed\" style=\"background-color:#;\">\n<div class=\"section-boxed\" style=\"color:#373737;\">\n<h2 class=\"fourTitle section-title\" style=\"color:#252525;\">Intervenci\u00f3n de emergencia<\/h2>\n<p align=\"center\">\nCada a\u00f1o millones de personas se ven afectadas por los desastres de origen humano o natural. Se necesitan varios instrumentos de intervenci\u00f3n durante y despu\u00e9s de la intervenci\u00f3n de emergencia para salvar vidas humanas. La hidroturbina de Id\u00e9nergie se instala r\u00e1pidamente y produce energ\u00eda continuamente, lo que es esencial en este tipo de contexto. De hecho, la velocidad y la fiabilidad de las fuentes de electricidad son factores determinantes cuando nos referimos a la calidad de la intervenci\u00f3n en situaciones de emergencia.\n<\/p>\n<\/div>\n<\/div>\n<div class=\"cols-wrapper cols-2\">\n<div class=\"col\">\n<div class=\"cta-element\"><h2 class=\"cta-title\">\u00bfTiene usted un proyecto que encaje?<\/h2><a class=\"button\" href=\"https:\/\/idenergie.ca\/fr\/contact\/\">Danos m\u00e1s detalles<\/a><\/div>\n<\/div>\n<div class=\"col nomargin\">\n<div class=\"cta-element\"><h2 class=\"cta-title\">Descubra nuestra Hidroturbina<\/h2><a class=\"button\" href=\"https:\/\/idenergie.ca\/es\/hidroturbina\/\">Haga clic aqu\u00ed<\/a><\/div>\n<\/div>\n<\/div>\n","protected":false},"excerpt":{"rendered":"<p>Proyectos humanitarios Numerosas organizaciones no gubernamentales tienen la misi\u00f3n de mejorar el acceso a la electricidad para ayudar a las [&hellip;]<\/p>\n","protected":false},"author":1,"featured_media":0,"parent":0,"menu_order":0,"comment_status":"closed","ping_status":"open","template":"template-full-custom.php","meta":[],"yoast_head":"<!-- This site is optimized with the Yoast SEO plugin v17.9 - https:\/\/yoast.com\/wordpress\/plugins\/seo\/ -->\n<title>Proyectos - Id\u00e9nergie<\/title>\n<meta name=\"robots\" content=\"index, follow, max-snippet:-1, max-image-preview:large, max-video-preview:-1\" \/>\n<link rel=\"canonical\" href=\"https:\/\/idenergie.ca\/es\/projets\/\" \/>\n<meta property=\"og:locale\" content=\"es_ES\" \/>\n<meta property=\"og:type\" content=\"article\" \/>\n<meta property=\"og:title\" content=\"Proyectos - Id\u00e9nergie\" \/>\n<meta property=\"og:description\" content=\"Proyectos humanitarios Numerosas organizaciones no gubernamentales tienen la misi\u00f3n de mejorar el acceso a la electricidad para ayudar a las [&hellip;]\" \/>\n<meta property=\"og:url\" content=\"https:\/\/idenergie.ca\/es\/projets\/\" \/>\n<meta property=\"og:site_name\" content=\"Id\u00e9nergie\" \/>\n<meta property=\"article:modified_time\" content=\"2015-07-22T20:40:12+00:00\" \/>\n<meta property=\"og:image\" content=\"https:\/\/idenergie.ca\/wp-content\/uploads\/2015\/07\/Pont.jpg\" \/>\n<meta name=\"twitter:label1\" content=\"Tiempo de lectura\" \/>\n\t<meta name=\"twitter:data1\" content=\"2 minutos\" \/>\n<script type=\"application\/ld+json\" class=\"yoast-schema-graph\">{\"@context\":\"https:\/\/schema.org\",\"@graph\":[{\"@type\":\"WebSite\",\"@id\":\"https:\/\/idenergie.ca\/fr\/#website\",\"url\":\"https:\/\/idenergie.ca\/fr\/\",\"name\":\"Id\\u00e9nergie\",\"description\":\"\",\"potentialAction\":[{\"@type\":\"SearchAction\",\"target\":{\"@type\":\"EntryPoint\",\"urlTemplate\":\"https:\/\/idenergie.ca\/fr\/?s={search_term_string}\"},\"query-input\":\"required name=search_term_string\"}],\"inLanguage\":\"es\"},{\"@type\":\"ImageObject\",\"@id\":\"https:\/\/idenergie.ca\/es\/projets\/#primaryimage\",\"inLanguage\":\"es\",\"url\":\"https:\/\/idenergie.ca\/wp-content\/uploads\/2015\/07\/Pont.jpg\",\"contentUrl\":\"https:\/\/idenergie.ca\/wp-content\/uploads\/2015\/07\/Pont.jpg\",\"width\":1698,\"height\":1131},{\"@type\":\"WebPage\",\"@id\":\"https:\/\/idenergie.ca\/es\/projets\/#webpage\",\"url\":\"https:\/\/idenergie.ca\/es\/projets\/\",\"name\":\"Proyectos - Id\\u00e9nergie\",\"isPartOf\":{\"@id\":\"https:\/\/idenergie.ca\/fr\/#website\"},\"primaryImageOfPage\":{\"@id\":\"https:\/\/idenergie.ca\/es\/projets\/#primaryimage\"},\"datePublished\":\"2015-06-12T19:56:45+00:00\",\"dateModified\":\"2015-07-22T20:40:12+00:00\",\"breadcrumb\":{\"@id\":\"https:\/\/idenergie.ca\/es\/projets\/#breadcrumb\"},\"inLanguage\":\"es\",\"potentialAction\":[{\"@type\":\"ReadAction\",\"target\":[\"https:\/\/idenergie.ca\/es\/projets\/\"]}]},{\"@type\":\"BreadcrumbList\",\"@id\":\"https:\/\/idenergie.ca\/es\/projets\/#breadcrumb\",\"itemListElement\":[{\"@type\":\"ListItem\",\"position\":1,\"name\":\"Home\",\"item\":\"https:\/\/idenergie.ca\/en\/\"},{\"@type\":\"ListItem\",\"position\":2,\"name\":\"Proyectos\"}]}]}<\/script>\n<!-- \/ Yoast SEO plugin. -->","yoast_head_json":{"title":"Proyectos - Id\u00e9nergie","robots":{"index":"index","follow":"follow","max-snippet":"max-snippet:-1","max-image-preview":"max-image-preview:large","max-video-preview":"max-video-preview:-1"},"canonical":"https:\/\/idenergie.ca\/es\/projets\/","og_locale":"es_ES","og_type":"article","og_title":"Proyectos - Id\u00e9nergie","og_description":"Proyectos humanitarios Numerosas organizaciones no gubernamentales tienen la misi\u00f3n de mejorar el acceso a la electricidad para ayudar a las [&hellip;]","og_url":"https:\/\/idenergie.ca\/es\/projets\/","og_site_name":"Id\u00e9nergie","article_modified_time":"2015-07-22T20:40:12+00:00","og_image":[{"url":"https:\/\/idenergie.ca\/wp-content\/uploads\/2015\/07\/Pont.jpg"}],"twitter_misc":{"Tiempo de lectura":"2 minutos"},"schema":{"@context":"https:\/\/schema.org","@graph":[{"@type":"WebSite","@id":"https:\/\/idenergie.ca\/fr\/#website","url":"https:\/\/idenergie.ca\/fr\/","name":"Id\u00e9nergie","description":"","potentialAction":[{"@type":"SearchAction","target":{"@type":"EntryPoint","urlTemplate":"https:\/\/idenergie.ca\/fr\/?s={search_term_string}"},"query-input":"required name=search_term_string"}],"inLanguage":"es"},{"@type":"ImageObject","@id":"https:\/\/idenergie.ca\/es\/projets\/#primaryimage","inLanguage":"es","url":"https:\/\/idenergie.ca\/wp-content\/uploads\/2015\/07\/Pont.jpg","contentUrl":"https:\/\/idenergie.ca\/wp-content\/uploads\/2015\/07\/Pont.jpg","width":1698,"height":1131},{"@type":"WebPage","@id":"https:\/\/idenergie.ca\/es\/projets\/#webpage","url":"https:\/\/idenergie.ca\/es\/projets\/","name":"Proyectos - Id\u00e9nergie","isPartOf":{"@id":"https:\/\/idenergie.ca\/fr\/#website"},"primaryImageOfPage":{"@id":"https:\/\/idenergie.ca\/es\/projets\/#primaryimage"},"datePublished":"2015-06-12T19:56:45+00:00","dateModified":"2015-07-22T20:40:12+00:00","breadcrumb":{"@id":"https:\/\/idenergie.ca\/es\/projets\/#breadcrumb"},"inLanguage":"es","potentialAction":[{"@type":"ReadAction","target":["https:\/\/idenergie.ca\/es\/projets\/"]}]},{"@type":"BreadcrumbList","@id":"https:\/\/idenergie.ca\/es\/projets\/#breadcrumb","itemListElement":[{"@type":"ListItem","position":1,"name":"Home","item":"https:\/\/idenergie.ca\/en\/"},{"@type":"ListItem","position":2,"name":"Proyectos"}]}]}},"_links":{"self":[{"href":"https:\/\/idenergie.ca\/es\/wp-json\/wp\/v2\/pages\/1934"}],"collection":[{"href":"https:\/\/idenergie.ca\/es\/wp-json\/wp\/v2\/pages"}],"about":[{"href":"https:\/\/idenergie.ca\/es\/wp-json\/wp\/v2\/types\/page"}],"author":[{"embeddable":true,"href":"https:\/\/idenergie.ca\/es\/wp-json\/wp\/v2\/users\/1"}],"replies":[{"embeddable":true,"href":"https:\/\/idenergie.ca\/es\/wp-json\/wp\/v2\/comments?post=1934"}],"version-history":[{"count":11,"href":"https:\/\/idenergie.ca\/es\/wp-json\/wp\/v2\/pages\/1934\/revisions"}],"predecessor-version":[{"id":2277,"href":"https:\/\/idenergie.ca\/es\/wp-json\/wp\/v2\/pages\/1934\/revisions\/2277"}],"wp:attachment":[{"href":"https:\/\/idenergie.ca\/es\/wp-json\/wp\/v2\/media?parent=1934"}],"curies":[{"name":"wp","href":"https:\/\/api.w.org\/{rel}","templated":true}]}}