{"id":1938,"date":"2015-06-12T14:37:43","date_gmt":"2015-06-12T19:37:43","guid":{"rendered":"https:\/\/idenergie.ca\/partenariat-2\/"},"modified":"2015-07-23T14:14:33","modified_gmt":"2015-07-23T19:14:33","slug":"socioscomerciales","status":"publish","type":"page","link":"https:\/\/idenergie.ca\/es\/socioscomerciales\/","title":{"rendered":"Socios comerciales"},"content":{"rendered":"<style>\n.custom-page-content{\nbackground-color: #f7f7f7;\n}\n#content-container .section-full-width .section-boxed {\nmargin-top:20px;\npadding-bottom:30px;\n}\n#content-container .section-boxed{\nmargin:0px;\nmargin-left:auto;\nmargin-right:auto;\n}\n.section-full-width{\nbox-shadow: 0 1px 0 0 rgba(0, 0, 0, 0.0) inset, 0 -1px 0 0 rgba(0, 0, 0, 0.00) inset; \n}\n<\/style>\n<div class=\"section-full-width section-light-bg firstTitle\" style=\"\" id=\"socioscomerciales\"><div class=\"section-boxed\" style=\"color:#373737;\"><h2 class=\"section-title\" style=\"color:#252525;\">Socios comerciales<\/h2><p style=\"text-align: justify;\">\nUnirse a Id\u00e9nergie como socio comercial, es unirse a un equipo comprometido a ofrecer las mejores soluciones en t\u00e9rminos de energ\u00eda renovable. Nuestra primera innovaci\u00f3n es una hidroturbina de r\u00edo de peque\u00f1a potencia, una tecnolog\u00eda  en la que cada vez m\u00e1s y m\u00e1s personas se interesan.  Por otra parte, el r\u00e1pido crecimiento del mercado de las energ\u00edas renovables nos impulsa a ampliar nuestra \u00e1rea de actividad a trav\u00e9s de la creaci\u00f3n de una red de socios altamente calificados. Al unirse a Id\u00e9nergie como socio comercial, usted puede estar seguro que se llevar\u00e1 a cabo una cooperaci\u00f3n y una relaci\u00f3n comercial a largo plazo. Estamos buscando socios de negocios, distribuidores, instaladores, socios de producci\u00f3n y de implementaci\u00f3n (organizaciones gubernamentales o no gubernamentales). Nuestros acuerdos se adaptan a las necesidades del socio y tienen en cuenta las particularidades del mercado y  del territorio. Nuestros esfuerzos en investigaci\u00f3n y desarrollo, as\u00ed como en marketing, junto con su experiencia local, permitir\u00e1n que Id\u00e9nergie ponga en el mercado un producto de calidad adaptado a las necesidades de nuestros clientes.\n<\/p>\n<p>\n<\/div><\/div><br \/>\n<div class=\"section-full-width section-light-bg firstTitle\" style=\"\" id=\"beneficios\"><div class=\"section-boxed\" style=\"color:#373737;\"><h2 class=\"section-title\" style=\"color:#252525;\">Beneficios<\/h2><\/p>\n<p style=\"text-align: justify;\">\n\u00bfQue le aporta una asociaci\u00f3n con Id\u00e9nergie?<br \/>\nId\u00e9nergie se compromete a reunir los recursos necesarios adem\u00e1s de proporcionarle la ayuda que necesita, incluyendo:<\/p>\n<ol>\n<li>Productos eficaces a la vanguardia de la tecnolog\u00eda. <\/li>\n<li>Una formaci\u00f3n para los profesionales adem\u00e1s de toda la informaci\u00f3n t\u00e9cnica pertinente para la instalaci\u00f3n, el control de los l\u00edmites de rendimiento y el apoyo para los cambios que aportar a los equipos. <\/li>\n<li>Precio preferencial para la compra de la primera tanda de turbinas, as\u00ed como descuentos sobre los objetivos de ventas anuales. <\/li>\n<li>Un servicio t\u00e9cnico personalizado. <\/li>\n<li>El equipo y apoyo promocional necesario. <\/li>\n<\/ol>\n<p>\n<\/div><\/div><br \/>\n<div class=\"section-full-width section-light-bg firstTitle\" style=\"\" id=\"criteriosdeadmisibilidad\"><div class=\"section-boxed\" style=\"color:#373737;\"><h2 class=\"section-title\" style=\"color:#252525;\">Criterios de admisibilidad <\/h2><\/p>\n<p style=\"text-align: justify;\">\nNuestro \u00e9xito depende de nuestra red y  de las relaciones duraderas que construimos con nuestros socios que comparten nuestra visi\u00f3n. Estamos buscando construir alianzas s\u00f3lidas a trav\u00e9s de una red mundial de expertos que desean aumentar el acceso a la energ\u00eda renovable. Con el fin de desarrollar y mantener relaciones profesionales de calidad, basadas sobre la confianza, le pedimos a nuestros socios que:  <\/p>\n<ol>\n<li>Nos manden informaci\u00f3n relativa a las condiciones de penetraci\u00f3n y de crecimiento del mercado para evaluar de manera constructiva el potencial de \u00e9ste..<\/li>\n<li>Nos mantengan informados del plan de marketing incluyendo la capacidad de compra del socio, la estrategia de ventas y el tipo de contactos.<\/li>\n<li>Tengan experiencia en venta o distribuci\u00f3n con el fin de participar al desarrollo de sus mercados potenciales. Id\u00e9nergie tambi\u00e9n tiene en cuenta la experiencia en la industria de las energ\u00edas renovables y los campos relacionados, as\u00ed como el profesionalismo en la selecci\u00f3n de sus distribuidores con el fin de fortalecer la experiencia local y convertirse en un l\u00edder en la industria.<\/li>\n<li>Proporcionen servicios de instalaci\u00f3n y mantenimiento, y desarrollen una red para este fin. Idealmente,  el socio tambi\u00e9n debe manejar un inventario de acuerdo a su poder adquisitivo. <\/li>\n<li>Conozcan la normativa aplicable y los procesos de autorizaci\u00f3n vigentes en su territorio. Id\u00e9nergie se compromete a proporcionar los documentos que tenga y que faciliten el proceso de concesi\u00f3n de licencias.<\/li>\n<\/ol>\n<p>\n<\/div><\/div><\/p>\n<p style=\"text-align: center;\">\n<div class=\"cta-element\"><h2 class=\"cta-title\">Convi\u00e9rtase en socio comercial<\/h2><a class=\"button\" href=\"https:\/\/idenergie.ca\/fr\/contact\/\">Haga clic aqu\u00ed<\/a><\/div><\/p>\n","protected":false},"excerpt":{"rendered":"","protected":false},"author":1,"featured_media":0,"parent":0,"menu_order":0,"comment_status":"closed","ping_status":"open","template":"template-full-custom.php","meta":[],"yoast_head":"<!-- This site is optimized with the Yoast SEO plugin v17.9 - https:\/\/yoast.com\/wordpress\/plugins\/seo\/ -->\n<title>Socios comerciales - Id\u00e9nergie<\/title>\n<meta name=\"robots\" content=\"index, follow, max-snippet:-1, max-image-preview:large, max-video-preview:-1\" \/>\n<link rel=\"canonical\" href=\"https:\/\/idenergie.ca\/es\/socioscomerciales\/\" \/>\n<meta property=\"og:locale\" content=\"es_ES\" \/>\n<meta property=\"og:type\" content=\"article\" \/>\n<meta property=\"og:title\" content=\"Socios comerciales - Id\u00e9nergie\" \/>\n<meta property=\"og:url\" content=\"https:\/\/idenergie.ca\/es\/socioscomerciales\/\" \/>\n<meta property=\"og:site_name\" content=\"Id\u00e9nergie\" \/>\n<meta property=\"article:modified_time\" content=\"2015-07-23T19:14:33+00:00\" \/>\n<meta name=\"twitter:label1\" content=\"Tiempo de lectura\" \/>\n\t<meta name=\"twitter:data1\" content=\"3 minutos\" \/>\n<script type=\"application\/ld+json\" class=\"yoast-schema-graph\">{\"@context\":\"https:\/\/schema.org\",\"@graph\":[{\"@type\":\"WebSite\",\"@id\":\"https:\/\/idenergie.ca\/fr\/#website\",\"url\":\"https:\/\/idenergie.ca\/fr\/\",\"name\":\"Id\\u00e9nergie\",\"description\":\"\",\"potentialAction\":[{\"@type\":\"SearchAction\",\"target\":{\"@type\":\"EntryPoint\",\"urlTemplate\":\"https:\/\/idenergie.ca\/fr\/?s={search_term_string}\"},\"query-input\":\"required name=search_term_string\"}],\"inLanguage\":\"es\"},{\"@type\":\"WebPage\",\"@id\":\"https:\/\/idenergie.ca\/es\/socioscomerciales\/#webpage\",\"url\":\"https:\/\/idenergie.ca\/es\/socioscomerciales\/\",\"name\":\"Socios comerciales - Id\\u00e9nergie\",\"isPartOf\":{\"@id\":\"https:\/\/idenergie.ca\/fr\/#website\"},\"datePublished\":\"2015-06-12T19:37:43+00:00\",\"dateModified\":\"2015-07-23T19:14:33+00:00\",\"breadcrumb\":{\"@id\":\"https:\/\/idenergie.ca\/es\/socioscomerciales\/#breadcrumb\"},\"inLanguage\":\"es\",\"potentialAction\":[{\"@type\":\"ReadAction\",\"target\":[\"https:\/\/idenergie.ca\/es\/socioscomerciales\/\"]}]},{\"@type\":\"BreadcrumbList\",\"@id\":\"https:\/\/idenergie.ca\/es\/socioscomerciales\/#breadcrumb\",\"itemListElement\":[{\"@type\":\"ListItem\",\"position\":1,\"name\":\"Home\",\"item\":\"https:\/\/idenergie.ca\/en\/\"},{\"@type\":\"ListItem\",\"position\":2,\"name\":\"Socios comerciales\"}]}]}<\/script>\n<!-- \/ Yoast SEO plugin. -->","yoast_head_json":{"title":"Socios comerciales - Id\u00e9nergie","robots":{"index":"index","follow":"follow","max-snippet":"max-snippet:-1","max-image-preview":"max-image-preview:large","max-video-preview":"max-video-preview:-1"},"canonical":"https:\/\/idenergie.ca\/es\/socioscomerciales\/","og_locale":"es_ES","og_type":"article","og_title":"Socios comerciales - Id\u00e9nergie","og_url":"https:\/\/idenergie.ca\/es\/socioscomerciales\/","og_site_name":"Id\u00e9nergie","article_modified_time":"2015-07-23T19:14:33+00:00","twitter_misc":{"Tiempo de lectura":"3 minutos"},"schema":{"@context":"https:\/\/schema.org","@graph":[{"@type":"WebSite","@id":"https:\/\/idenergie.ca\/fr\/#website","url":"https:\/\/idenergie.ca\/fr\/","name":"Id\u00e9nergie","description":"","potentialAction":[{"@type":"SearchAction","target":{"@type":"EntryPoint","urlTemplate":"https:\/\/idenergie.ca\/fr\/?s={search_term_string}"},"query-input":"required name=search_term_string"}],"inLanguage":"es"},{"@type":"WebPage","@id":"https:\/\/idenergie.ca\/es\/socioscomerciales\/#webpage","url":"https:\/\/idenergie.ca\/es\/socioscomerciales\/","name":"Socios comerciales - Id\u00e9nergie","isPartOf":{"@id":"https:\/\/idenergie.ca\/fr\/#website"},"datePublished":"2015-06-12T19:37:43+00:00","dateModified":"2015-07-23T19:14:33+00:00","breadcrumb":{"@id":"https:\/\/idenergie.ca\/es\/socioscomerciales\/#breadcrumb"},"inLanguage":"es","potentialAction":[{"@type":"ReadAction","target":["https:\/\/idenergie.ca\/es\/socioscomerciales\/"]}]},{"@type":"BreadcrumbList","@id":"https:\/\/idenergie.ca\/es\/socioscomerciales\/#breadcrumb","itemListElement":[{"@type":"ListItem","position":1,"name":"Home","item":"https:\/\/idenergie.ca\/en\/"},{"@type":"ListItem","position":2,"name":"Socios comerciales"}]}]}},"_links":{"self":[{"href":"https:\/\/idenergie.ca\/es\/wp-json\/wp\/v2\/pages\/1938"}],"collection":[{"href":"https:\/\/idenergie.ca\/es\/wp-json\/wp\/v2\/pages"}],"about":[{"href":"https:\/\/idenergie.ca\/es\/wp-json\/wp\/v2\/types\/page"}],"author":[{"embeddable":true,"href":"https:\/\/idenergie.ca\/es\/wp-json\/wp\/v2\/users\/1"}],"replies":[{"embeddable":true,"href":"https:\/\/idenergie.ca\/es\/wp-json\/wp\/v2\/comments?post=1938"}],"version-history":[{"count":6,"href":"https:\/\/idenergie.ca\/es\/wp-json\/wp\/v2\/pages\/1938\/revisions"}],"predecessor-version":[{"id":2346,"href":"https:\/\/idenergie.ca\/es\/wp-json\/wp\/v2\/pages\/1938\/revisions\/2346"}],"wp:attachment":[{"href":"https:\/\/idenergie.ca\/es\/wp-json\/wp\/v2\/media?parent=1938"}],"curies":[{"name":"wp","href":"https:\/\/api.w.org\/{rel}","templated":true}]}}