{"id":2006,"date":"2014-10-05T15:02:24","date_gmt":"2014-10-05T20:02:24","guid":{"rendered":"https:\/\/idenergie.ca\/puissance-2\/"},"modified":"2015-09-11T16:13:23","modified_gmt":"2015-09-11T21:13:23","slug":"produccionenergetica","status":"publish","type":"page","link":"https:\/\/idenergie.ca\/es\/produccionenergetica\/","title":{"rendered":"Producci\u00f3n energ\u00e9tica"},"content":{"rendered":"<style>\n#content-container .section-full-width .section-boxed{\nmargin-top:30px;}\n.page-template-template-full-custom-php #content-container{\nmargin-top:-90px;}\n.tableButton{\ndisplay:inline;\nwidth:100px;\nmargin-left:30px;\n}\n.hiddenTable{\nheight:0px;\noverflow:hidden;}\n<\/style>\n<p><script>\njQuery(document).ready(function (){\njQuery(\"#main-container\").addClass(\"fixed-header-scroll\");\nvar $=jQuery;\n$('#firstLink').click(function (){\n$('.hiddenTable').animate({height:\"0px\"},400);\n$('#firstTable').parent().animate({height:($('#firstTable').height()+40)+\"px\"},700);\n});\n$('#secondLink').click(function (){\n$('.hiddenTable').animate({height:\"0px\"},400);\n$('#secondTable').parent().animate({height:($('#secondTable').height()+40)+\"px\"},700);\n});\n$('#thirdLink').click(function (){\n$('.hiddenTable').animate({height:\"0px\"},400);\n$('#thirdTable').parent().animate({height:($('#thirdTable').height()+40)+\"px\"},700);\n});\n$('#fourthLink').click(function (){\n$('.hiddenTable').animate({height:\"0px\"},400);\n$('#fourthTable').parent().animate({height:($('#fourthTable').height()+40)+\"px\"},700);\n});\n});\n<\/script><br \/>\n<div class=\"section-full-width section-light-bg parallax-fixed\" style=\"background-color:#f7f7f7;\" id=\"section-1\"><div style=\"background-image:url(\/wp-content\/uploads\/2014\/08\/Gaussian-blur-background.jpg); opacity:0.2; filter: alpha(opacity=20);\" class=\"full-bg-image\" ><\/div><div class=\"section-boxed\" style=\"color:#373737;\"><\/p>\n<p align=\"center\">\nLa hidroturbina de r\u00edo transforma la energ\u00eda cin\u00e9tica de la corriente del r\u00edo en <strong>electricidad<\/strong>.<br \/>\nSu producci\u00f3n energ\u00e9tica depende de la <strong>velocidad de la corriente<\/strong>. As\u00ed que mientras m\u00e1s fuerte es la corriente, la hidroturbina produce m\u00e1s electricidad.<\/p>\n<p>El proceso de producci\u00f3n de energ\u00eda es el siguiente: las turbinas giran gracias a la corriente del r\u00edo y activan el <strong>generador<\/strong>. La energ\u00eda obtenida se convierte entonces en electricidad gracias al <strong>convertidor inteligente<\/strong> que se encuentra al interior de la carcasa. Posteriormente, la energ\u00eda es transmitida hasta las bater\u00edas para <strong>recargarlas 24 horas sobre 24<\/strong> con la ayuda de un cable el\u00e9ctrico conectado a la hidroturbina. A partir de las bater\u00edas,  un inversor transforma la <strong>corriente continua<\/strong> (24-48 V CC) en <strong>corriente alterna<\/strong> (120 V CA) para as\u00ed alimentar los aparatos el\u00e9ctricos, de acuerdo a la demanda.<\/p>\n<p>El siguiente gr\u00e1fico muestra la capacidad de<strong> producci\u00f3n diaria<\/strong>. \u00c9sta var\u00eda entre <strong>4 y 12 kWh <\/strong> dependiendo de la velocidad de la corriente del r\u00edo.\n<\/p>\n<h3 style=\"color: black; text-align: center; margin-top: 20px;\"><\/h3>\n<h3 style=\"color: black; text-align: center; margin-top: 20px;\">Producci\u00f3n de energ\u00eda diaria seg\u00fan la velocidad del r\u00edo<\/h3>\n<p><img loading=\"lazy\" class=\"aligncenter wp-image-573 size-full\" src=\"https:\/\/idenergie.ca\/wp-content\/uploads\/2015\/07\/production_graph-es.png\" alt=\"production_graph\" width=\"1008\" height=\"549\" \/><\/p>\n<p>Los datos del gr\u00e1fico a continuaci\u00f3n est\u00e1n ilustrados en el siguiente cuadro:<\/p>\n<table class=\"power-production-table\">\n<tbody>\n<tr>\n<th>Velocidad de la corriente\u00a0(m\/s)<\/th>\n<td>1<\/td>\n<td>1.5<\/td>\n<td>2<\/td>\n<td>2.5<\/td>\n<\/tr>\n<tr>\n<tr>\n<th>Producci\u00f3n diaria(kWh\/d\u00eda)<\/th>\n<td>2,3<\/td>\n<td>4,7<\/td>\n<td>7,8<\/td>\n<td>11,6<\/td>\n<\/tr>\n<\/tbody>\n<\/table>\n<p>\n<\/div><\/div><\/p>\n<div class=\"section-full-width section-light-bg\" style=\"background-color:#f7f7f7;\" id=\"velocidaddelr\u00edo\"><div class=\"section-boxed\" style=\"color:#373737;\"><h2 class=\"section-title\" style=\"color:#252525;\">Velocidad del r\u00edo <\/h2><\/p>\n<p align=\"center\" style=\"margin-bottom:30px;\">\nGeneralmente, la velocidad del r\u00edo es expresada en metros por segundo (m\/s).<br \/>\nHe aqu\u00ed algunos ejemplos de velocidades de r\u00edos propicios a la utilizaci\u00f3n de la hidroturbina. <\/p>\n<p align=\"center\">\n<iframe loading=\"lazy\" src=\"https:\/\/player.vimeo.com\/video\/129269292\" width=\"700px\" height=\"450px;\" frameborder=\"0\" webkitallowfullscreen mozallowfullscreen allowfullscreen><\/iframe>\n<\/p>\n<\/p>\n<p align=\"center\" style=\"margin-bottom:30px;\">\n<h2 class=\"section-title\" style=\"color:#252525;\">Escenario de consumo<\/h2>\n<p align=\"center\" style=\"margin-bottom:30px;\">\nA partir de estos ejemplos, ahora usted puede tener una idea de la velocidad de su r\u00edo.<br \/>\nEl siguiente cuadro muestra una serie de escenarios t\u00edpicos de potencia seg\u00fan la producci\u00f3n diaria de la hidroturbina.<\/p>\n<p style=\"text-align:center;margin-top:30px;\">\n<a id=\"firstLink\" class=\"button tableButton\">1,0 m\/s<\/a><a id=\"secondLink\" class=\"button tableButton\">1,5 m\/s<\/a><a id=\"thirdLink\" class=\"button tableButton\">2,0 m\/s<\/a><a id=\"fourthLink\" class=\"button tableButton\">2,5 m\/s<\/a><\/p>\n<div class=\"hiddenTable\">\n<table id=\"fourthTable\" class=\"power-production-table\">\n<tbody>\n<tr>\n<th>Aparatos el\u00e9ctricos<\/th>\n<th>Numero de horas utilizado\/d\u00eda<\/th>\n<th>Consumo diario (Wh)<\/th>\n<\/tr>\n<tr>\n<th>Iluminaci\u00f3n de un cuarto &#8211; 15Watts\t<\/th>\n<td>1h\t<\/td>\n<td>15<\/td>\n<\/tr>\n<tr>\n<th>Iluminaci\u00f3n de un cuarto &#8211; 15Watts\t<\/th>\n<td>1h\t<\/td>\n<td>15<\/td>\n<\/tr>\n<tr>\n<th>Iluminaci\u00f3n de una cocina &#8211; 20Watts\t<\/th>\n<td>8h\t<\/td>\n<td>160<\/td>\n<\/tr>\n<tr>\n<th>Iluminaci\u00f3n de un sal\u00f3n &#8211; 15Watts\t<\/th>\n<td>5h\t<\/td>\n<td>75<\/td>\n<\/tr>\n<tr>\n<th>Iluminaci\u00f3n externa &#8211; 15Watts\t\t<\/th>\n<td>4h\t<\/td>\n<td>60<\/td>\n<\/tr>\n<tr>\n<th>Iluminaci\u00f3n de un ba\u00f1o &#8211; 15Watts\t<\/th>\n<td>1h\t<\/td>\n<td>15<\/td>\n<\/tr>\n<tr>\n<th>Iluminaci\u00f3n del fregadero &#8211; 15Watts\t<\/th>\n<td>2h\t<\/td>\n<td>30<\/td>\n<\/tr>\n<tr>\n<th>\t\t<\/th>\n<td><\/td>\n<td><\/td>\n<\/tr>\n<tr>\n<th>Horno\/ tostador de pan &#8211; 2000Watts\t<\/th>\n<td>2h\t<\/td>\n<td>4000<\/td>\n<\/tr>\n<tr>\n<th>Nevera &#8211; 30Watts\t\t\t<\/th>\n<td>24h\t<\/td>\n<td>720<\/td>\n<\/tr>\n<tr>\n<th>Microondas de 1000Watts\t\t\t\t<\/th>\n<td>6min\t<\/td>\n<td>100<\/td>\n<\/tr>\n<tr>\n<th>Cafetera &#8211; 1500Watts\t\t\t\t<\/th>\n<td>10min\t<\/td>\n<td>255<\/td>\n<\/tr>\n<tr>\n<th>Placas calentadoras &#8211;  1200Watts\t<\/th>\n<td>1h 30min\t<\/td>\n<td>1800<\/td>\n<\/tr>\n<tr>\n<th>Bomba de agua &#8211; 85Watts\t\t\t\t<\/th>\n<td>1h 30min\t<\/td>\n<td>127,5<\/td>\n<\/tr>\n<tr>\n<th>Bomba de agua &#8211; 100Watts\t\t\t\t<\/th>\n<td>8h\t<\/td>\n<td>800<\/td>\n<\/tr>\n<tr>\n<th>Wifi &#8211; 30Watts\t\t\t\t\t\t<\/th>\n<td>8h\t<\/td>\n<td>240<\/td>\n<\/tr>\n<tr>\n<th>Tel\u00e9fono &#8211; 5 Watts\t\t\t\t<\/th>\n<td>2h\t<\/td>\n<td>10<\/td>\n<\/tr>\n<tr>\n<th>Despertador &#8211; 15Watts\t\t\t<\/th>\n<td>24h\t<\/td>\n<td>360<\/td>\n<\/tr>\n<tr>\n<th>Televisi\u00f3n &#8211; 60Watts\t\t\t\t<\/th>\n<td>5h\t<\/td>\n<td>300<\/td>\n<\/tr>\n<tr>\n<th>\t\t<\/th>\n<td><\/td>\n<td><\/td>\n<\/tr>\n<tr>\n<th>Taladro &#8211; 500Watts\t\t\t\t<\/th>\n<td>30min\t<\/td>\n<td>250<\/td>\n<\/tr>\n<tr>\n<th>Cierra el\u00e9ctrica &#8211; 1000Watts\t\t<\/th>\n<td>30min\t<\/td>\n<td>500<\/td>\n<\/tr>\n<tr>\n<th>Radio &#8211; 10Watts\t\t\t\t\t<\/th>\n<td>5h\t<\/td>\n<td>50<\/td>\n<\/tr>\n<tr>\n<th>Ventilador de techo &#8211; 24Watts   \t<\/th>\n<td>15h\t<\/td>\n<td>360<\/td>\n<\/tr>\n<tr>\n<th>Plancha &#8211; 1000Watts\t\t\t<\/th>\n<td>15 min\t<\/td>\n<td>250<\/td>\n<\/tr>\n<tr>\n<th>Consumo Total<\/th>\n<td><\/td>\n<td>10483,5<\/td>\n<\/tr>\n<tr>\n<th>Producci\u00f3n total de la hidroturbina<\/th>\n<th><\/th>\n<th>11 600<\/th>\n<\/tr>\n<\/tbody>\n<\/table>\n<\/div>\n<div class=\"hiddenTable\">\n<table id=\"thirdTable\" class=\"power-production-table\">\n<tbody>\n<tr>\n<th>Aparatos el\u00e9ctricos<\/th>\n<th>Numero de horas utilizados\/d\u00eda<\/th>\n<th>Consumo diario (Wh)<\/th>\n<\/tr>\n<tr>\n<th>Iluminaci\u00f3n de un cuarto &#8211; 15Watts\t<\/th>\n<td>1h\t<\/td>\n<td>15<\/td>\n<\/tr>\n<tr>\n<th>Iluminaci\u00f3n de un cuarto &#8211; 15Watts\t<\/th>\n<td>1h\t<\/td>\n<td>15<\/td>\n<\/tr>\n<tr>\n<th>Iluminaci\u00f3n de la cocina &#8211; 20Watts\t\t<\/th>\n<td>8h\t<\/td>\n<td>160<\/td>\n<\/tr>\n<tr>\n<th>Iluminaci\u00f3n del sal\u00f3n &#8211; 15Watts\t\t<\/th>\n<td>5h\t<\/td>\n<td>75<\/td>\n<\/tr>\n<tr>\n<th>Iluminaci\u00f3n exterior &#8211; 15Watts\t\t<\/th>\n<td>4h\t<\/td>\n<td>60<\/td>\n<\/tr>\n<tr>\n<th>Iluminaci\u00f3n del ba\u00f1o &#8211; 15Watts\t        <\/th>\n<td>1h\t<\/td>\n<td>15<\/td>\n<\/tr>\n<tr>\n<th>Iluminaci\u00f3n del fregadero &#8211; 15Watts\t\t\t<\/th>\n<td>2h\t<\/td>\n<td>30<\/td>\n<\/tr>\n<tr>\n<th>Horno\/ tostador de pan &#8211; 2000Watts\t\t<\/th>\n<td>30min\t<\/td>\n<td>1000<\/td>\n<\/tr>\n<tr>\n<th>Nevera &#8211; 30Watts\t\t\t<\/th>\n<td>24h\t<\/td>\n<td>720<\/td>\n<\/tr>\n<tr>\n<th>Bomba de agua &#8211; 85Watts\t\t\t<\/th>\n<td>1h 30min\t<\/td>\n<td>127,5<\/td>\n<\/tr>\n<tr>\n<th>Placas calentadoras &#8211; 1200Watts\t        <\/th>\n<td>1h 30min\t<\/td>\n<td>1800<\/td>\n<\/tr>\n<tr>\n<th>Computadora &#8211; 100Watts\t\t\t\t<\/th>\n<td>8h\t<\/td>\n<td>800<\/td>\n<\/tr>\n<tr>\n<th>Microondas &#8211; 1000Watts\t\t\t\t<\/th>\n<td>6h\t<\/td>\n<td>100<\/td>\n<\/tr>\n<tr>\n<th>Cafetera &#8211; 1500Watts\t\t\t\t<\/th>\n<td>6h\t<\/td>\n<td>150<\/td>\n<\/tr>\n<tr>\n<th>Wifi &#8211; 30Watts\t\t\t\t\t\t<\/th>\n<td>8h\t<\/td>\n<td>240<\/td>\n<\/tr>\n<tr>\n<th>Tel\u00e9fono &#8211; 5 Watts\t\t\t\t<\/th>\n<td>2h\t<\/td>\n<td>10<\/td>\n<\/tr>\n<tr>\n<th>Despertador &#8211; 15Watts\t\t\t<\/th>\n<td>24h\t<\/td>\n<td>360<\/td>\n<\/tr>\n<tr>\n<th>Televisi\u00f3n &#8211; 60Watts\t\t\t\t<\/th>\n<td>5h\t<\/td>\n<td>300<\/td>\n<\/tr>\n<tr>\n<th>Taladro &#8211; 500Watts\t\t\t\t<\/th>\n<td>10min\t<\/td>\n<td>85<\/td>\n<\/tr>\n<tr>\n<th>Sierra el\u00e9ctrica &#8211; 1000Watts\t\t<\/th>\n<td>10min\t<\/td>\n<td>170<\/td>\n<\/tr>\n<tr>\n<th>Radio &#8211; 10Watts\t\t\t\t\t<\/th>\n<td>5h\t<\/td>\n<td>50<\/td>\n<\/tr>\n<tr>\n<th>Ventilador de techo &#8211; 24Watts\t        <\/th>\n<td>15h\t<\/td>\n<td>360<\/td>\n<\/tr>\n<tr>\n<th>Consumo total\t\t\t\t\t<\/th>\n<td><\/td>\n<td>6642,5<\/td>\n<\/tr>\n<tr>\n<th>Producci\u00f3n total de la hidroturbina\t\t<\/th>\n<th><\/th>\n<th>7800<\/th>\n<\/tr>\n<\/tbody>\n<\/table>\n<\/div>\n<div class=\"hiddenTable\">\n<table id=\"secondTable\" class=\"power-production-table\">\n<tbody>\n<tr>\n<th>Aparatos el\u00e9ctricos<\/th>\n<th>Numero de horas utilizados\/d\u00eda<\/th>\n<th>Consumo diario (Wh)<\/th>\n<\/tr>\n<tr>\n<th>Iluminaci\u00f3n de un cuarto &#8211; 15Watts\t<\/th>\n<td>1h\t<\/td>\n<td> 15<\/td>\n<\/tr>\n<tr>\n<th>Iluminaci\u00f3n de un cuarto &#8211; 15Watts\t<\/th>\n<td>1h\t<\/td>\n<td> 15<\/td>\n<\/tr>\n<tr>\n<th>Iluminaci\u00f3n de la cocina &#8211; 20Watts\t\t<\/th>\n<td>8h\t<\/td>\n<td> 160<\/td>\n<\/tr>\n<tr>\n<th>Iluminaci\u00f3n del sal\u00f3n &#8211; 15Watts\t\t<\/th>\n<td>5h\t<\/td>\n<td> 75<\/td>\n<\/tr>\n<tr>\n<th>Iluminiaci\u00f3n exterior &#8211; 15Watts\t\t<\/th>\n<td>2h\t<\/td>\n<td> 30<\/td>\n<\/tr>\n<tr>\n<th>Iluminaci\u00f3n del ba\u00f1o &#8211; 15Watts\t        <\/th>\n<td>1h\t<\/td>\n<td> 15<\/td>\n<\/tr>\n<tr>\n<th>Iluminaci\u00f3n del fregadero &#8211; 15Watts\t\t\t<\/th>\n<td>2h\t<\/td>\n<td> 30<\/td>\n<\/tr>\n<tr>\n<th>Horno\/ tostador de pan &#8211; 2000Watts\t\t<\/th>\n<td>30min\t<\/td>\n<td> 1000<\/td>\n<\/tr>\n<tr>\n<th>Nevera &#8211; 30Watts\t\t\t<\/th>\n<td>24h\t<\/td>\n<td> 720<\/td>\n<\/tr>\n<tr>\n<th>Bomba de agua &#8211; 85Watts\t\t\t\t<\/th>\n<td>1h 30min\t<\/td>\n<td>127,5<\/td>\n<\/tr>\n<tr>\n<th>Placas calentadoras &#8211; 1200Watts\t        <\/th>\n<td>1h 30min\t<\/td>\n<td> 1800<\/td>\n<\/tr>\n<tr>\n<th>Computadora &#8211; 100Watts\t\t\t\t<\/th>\n<td>3h\t<\/td>\n<td> 300<\/td>\n<\/tr>\n<tr>\n<th>Microondas &#8211; 1000Watts\t\t\t\t<\/th>\n<td>6min\t<\/td>\n<td> 100<\/td>\n<\/tr>\n<tr>\n<th>Cafetera &#8211; 1500Watts\t\t\t\t<\/th>\n<td>6min\t<\/td>\n<td> 150<\/td>\n<\/tr>\n<tr>\n<th>Wifi &#8211; 30Watts\t\t\t\t\t\t<\/th>\n<td>3h\t<\/td>\n<td> 90<\/td>\n<\/tr>\n<tr>\n<th>Tel\u00e9fono &#8211; 5 Watts\t\t\t\t<\/th>\n<td>2h\t<\/td>\n<td> 10<\/td>\n<\/tr>\n<tr>\n<th>Consumo Total\t\t\t\t\t<\/th>\n<td><\/td>\n<td>4637,5<\/td>\n<\/tr>\n<tr>\n<th>Producci\u00f3n total de la hidroturbina\t\t<\/th>\n<th><\/th>\n<th>4700<\/th>\n<\/tr>\n<\/tbody>\n<\/table>\n<\/div>\n<div class=\"hiddenTable\">\n<table id=\"firstTable\" class=\"power-production-table\">\n<tbody>\n<tr>\n<th>Aparatos el\u00e9ctricos<\/th>\n<th>Numero de horas utilizados\/d\u00eda<\/th>\n<th>Consumo diario (Wh)<\/th>\n<\/tr>\n<tr>\n<th>Iluminaci\u00f3n de un cuarto &#8211; 15Watts\t<\/th>\n<td>1h\t<\/td>\n<td>15<\/td>\n<\/tr>\n<tr>\n<th>Iluminaci\u00f3n de un cuarto &#8211; 15Watts\t<\/th>\n<td>1h\t<\/td>\n<td>15<\/td>\n<\/tr>\n<tr>\n<th>Iluminaci\u00f3n de la cocina &#8211;  20Watts\t\t<\/th>\n<td>5h\t<\/td>\n<td>100<\/td>\n<\/tr>\n<tr>\n<th>Iluminaci\u00f3n del sal\u00f3n &#8211; 15Watts\t\t<\/th>\n<td>2h\t<\/td>\n<td>30<\/td>\n<\/tr>\n<tr>\n<th>Iluminaci\u00f3n exterior &#8211; 15Watts\t\t<\/th>\n<td>2h\t<\/td>\n<td>30<\/td>\n<\/tr>\n<tr>\n<th>Iluminaci\u00f3n del ba\u00f1o &#8211; 15Watts\t        <\/th>\n<td>1h\t<\/td>\n<td>15<\/td>\n<\/tr>\n<tr>\n<th>Iluminaci\u00f3n del fregadero &#8211; 15Watts\t\t\t<\/th>\n<td>2h\t<\/td>\n<td>30<\/td>\n<\/tr>\n<tr>\n<th>Horno\/ tostador de pan &#8211; 2000Watts\t\t<\/th>\n<td>24min\t<\/td>\n<td>800<\/td>\n<\/tr>\n<tr>\n<th>Nevera &#8211; 30Watts\t\t\t<\/th>\n<td>24h\t<\/td>\n<td>720<\/td>\n<\/tr>\n<tr>\n<th>Bomba de agua &#8211; 85Watts\t\t\t\t<\/th>\n<td>1h 30min\t<\/td>\n<td>127,5<\/td>\n<\/tr>\n<tr>\n<th>Placas calentadoras &#8211; 1200Watts\t<\/th>\n<td>18 min\t<\/td>\n<td>360<\/td>\n<\/tr>\n<tr>\n<th>Consumo total\t\t\t\t\t<\/th>\n<td><\/td>\n<td>2242,5<\/td>\n<\/tr>\n<tr>\n<th>Producci\u00f3n total de la hidroturbina\t<\/th>\n<th><\/th>\n<th>2\u00a0300,0<\/th>\n<\/tr>\n<\/tbody>\n<\/table>\n<\/div>\n<p>\n<\/div><\/div>\n<div class=\"section-full-width section-light-bg parallax-fixed\" style=\"background-color:#f7f7f7;\" id=\"section-2\"><div style=\"background-image:url(https:\/\/idenergie.ca\/wp-content\/uploads\/2014\/08\/Gaussian-blur-background.jpg); opacity:0.2; filter: alpha(opacity=20);\" class=\"full-bg-image\" ><\/div><div class=\"section-boxed\" style=\"color:#373737;\"><div class=\"cta-element\"><h2 class=\"cta-title\">Reserve la suya ahora<\/h2><a class=\"button\" href=\"\/fr\/contact\">Haga clic aqu\u00ed <\/a><\/div>\n<\/div><\/div>\n","protected":false},"excerpt":{"rendered":"","protected":false},"author":1,"featured_media":0,"parent":0,"menu_order":0,"comment_status":"open","ping_status":"open","template":"template-full-custom.php","meta":[],"yoast_head":"<!-- This site is optimized with the Yoast SEO plugin v17.9 - https:\/\/yoast.com\/wordpress\/plugins\/seo\/ -->\n<title>Producci\u00f3n energ\u00e9tica - Id\u00e9nergie<\/title>\n<meta name=\"robots\" content=\"index, follow, max-snippet:-1, max-image-preview:large, max-video-preview:-1\" \/>\n<link rel=\"canonical\" href=\"https:\/\/idenergie.ca\/es\/produccionenergetica\/\" \/>\n<meta property=\"og:locale\" content=\"es_ES\" \/>\n<meta property=\"og:type\" content=\"article\" \/>\n<meta property=\"og:title\" content=\"Producci\u00f3n energ\u00e9tica - Id\u00e9nergie\" \/>\n<meta property=\"og:url\" content=\"https:\/\/idenergie.ca\/es\/produccionenergetica\/\" \/>\n<meta property=\"og:site_name\" content=\"Id\u00e9nergie\" \/>\n<meta property=\"article:modified_time\" content=\"2015-09-11T21:13:23+00:00\" \/>\n<meta property=\"og:image\" content=\"http:\/\/idenergie.ca\/wp-content\/uploads\/2015\/07\/production_graph-es.png\" \/>\n<meta name=\"twitter:label1\" content=\"Tiempo de lectura\" \/>\n\t<meta name=\"twitter:data1\" content=\"5 minutos\" \/>\n<script type=\"application\/ld+json\" class=\"yoast-schema-graph\">{\"@context\":\"https:\/\/schema.org\",\"@graph\":[{\"@type\":\"WebSite\",\"@id\":\"https:\/\/idenergie.ca\/fr\/#website\",\"url\":\"https:\/\/idenergie.ca\/fr\/\",\"name\":\"Id\\u00e9nergie\",\"description\":\"\",\"potentialAction\":[{\"@type\":\"SearchAction\",\"target\":{\"@type\":\"EntryPoint\",\"urlTemplate\":\"https:\/\/idenergie.ca\/fr\/?s={search_term_string}\"},\"query-input\":\"required name=search_term_string\"}],\"inLanguage\":\"es\"},{\"@type\":\"ImageObject\",\"@id\":\"https:\/\/idenergie.ca\/es\/produccionenergetica\/#primaryimage\",\"inLanguage\":\"es\",\"url\":\"https:\/\/idenergie.ca\/wp-content\/uploads\/2015\/07\/production_graph-es.png\",\"contentUrl\":\"https:\/\/idenergie.ca\/wp-content\/uploads\/2015\/07\/production_graph-es.png\",\"width\":1008,\"height\":549},{\"@type\":\"WebPage\",\"@id\":\"https:\/\/idenergie.ca\/es\/produccionenergetica\/#webpage\",\"url\":\"https:\/\/idenergie.ca\/es\/produccionenergetica\/\",\"name\":\"Producci\\u00f3n energ\\u00e9tica - Id\\u00e9nergie\",\"isPartOf\":{\"@id\":\"https:\/\/idenergie.ca\/fr\/#website\"},\"primaryImageOfPage\":{\"@id\":\"https:\/\/idenergie.ca\/es\/produccionenergetica\/#primaryimage\"},\"datePublished\":\"2014-10-05T20:02:24+00:00\",\"dateModified\":\"2015-09-11T21:13:23+00:00\",\"breadcrumb\":{\"@id\":\"https:\/\/idenergie.ca\/es\/produccionenergetica\/#breadcrumb\"},\"inLanguage\":\"es\",\"potentialAction\":[{\"@type\":\"ReadAction\",\"target\":[\"https:\/\/idenergie.ca\/es\/produccionenergetica\/\"]}]},{\"@type\":\"BreadcrumbList\",\"@id\":\"https:\/\/idenergie.ca\/es\/produccionenergetica\/#breadcrumb\",\"itemListElement\":[{\"@type\":\"ListItem\",\"position\":1,\"name\":\"Home\",\"item\":\"https:\/\/idenergie.ca\/en\/\"},{\"@type\":\"ListItem\",\"position\":2,\"name\":\"Producci\\u00f3n energ\\u00e9tica\"}]}]}<\/script>\n<!-- \/ Yoast SEO plugin. -->","yoast_head_json":{"title":"Producci\u00f3n energ\u00e9tica - Id\u00e9nergie","robots":{"index":"index","follow":"follow","max-snippet":"max-snippet:-1","max-image-preview":"max-image-preview:large","max-video-preview":"max-video-preview:-1"},"canonical":"https:\/\/idenergie.ca\/es\/produccionenergetica\/","og_locale":"es_ES","og_type":"article","og_title":"Producci\u00f3n energ\u00e9tica - Id\u00e9nergie","og_url":"https:\/\/idenergie.ca\/es\/produccionenergetica\/","og_site_name":"Id\u00e9nergie","article_modified_time":"2015-09-11T21:13:23+00:00","og_image":[{"url":"http:\/\/idenergie.ca\/wp-content\/uploads\/2015\/07\/production_graph-es.png"}],"twitter_misc":{"Tiempo de lectura":"5 minutos"},"schema":{"@context":"https:\/\/schema.org","@graph":[{"@type":"WebSite","@id":"https:\/\/idenergie.ca\/fr\/#website","url":"https:\/\/idenergie.ca\/fr\/","name":"Id\u00e9nergie","description":"","potentialAction":[{"@type":"SearchAction","target":{"@type":"EntryPoint","urlTemplate":"https:\/\/idenergie.ca\/fr\/?s={search_term_string}"},"query-input":"required name=search_term_string"}],"inLanguage":"es"},{"@type":"ImageObject","@id":"https:\/\/idenergie.ca\/es\/produccionenergetica\/#primaryimage","inLanguage":"es","url":"https:\/\/idenergie.ca\/wp-content\/uploads\/2015\/07\/production_graph-es.png","contentUrl":"https:\/\/idenergie.ca\/wp-content\/uploads\/2015\/07\/production_graph-es.png","width":1008,"height":549},{"@type":"WebPage","@id":"https:\/\/idenergie.ca\/es\/produccionenergetica\/#webpage","url":"https:\/\/idenergie.ca\/es\/produccionenergetica\/","name":"Producci\u00f3n energ\u00e9tica - Id\u00e9nergie","isPartOf":{"@id":"https:\/\/idenergie.ca\/fr\/#website"},"primaryImageOfPage":{"@id":"https:\/\/idenergie.ca\/es\/produccionenergetica\/#primaryimage"},"datePublished":"2014-10-05T20:02:24+00:00","dateModified":"2015-09-11T21:13:23+00:00","breadcrumb":{"@id":"https:\/\/idenergie.ca\/es\/produccionenergetica\/#breadcrumb"},"inLanguage":"es","potentialAction":[{"@type":"ReadAction","target":["https:\/\/idenergie.ca\/es\/produccionenergetica\/"]}]},{"@type":"BreadcrumbList","@id":"https:\/\/idenergie.ca\/es\/produccionenergetica\/#breadcrumb","itemListElement":[{"@type":"ListItem","position":1,"name":"Home","item":"https:\/\/idenergie.ca\/en\/"},{"@type":"ListItem","position":2,"name":"Producci\u00f3n energ\u00e9tica"}]}]}},"_links":{"self":[{"href":"https:\/\/idenergie.ca\/es\/wp-json\/wp\/v2\/pages\/2006"}],"collection":[{"href":"https:\/\/idenergie.ca\/es\/wp-json\/wp\/v2\/pages"}],"about":[{"href":"https:\/\/idenergie.ca\/es\/wp-json\/wp\/v2\/types\/page"}],"author":[{"embeddable":true,"href":"https:\/\/idenergie.ca\/es\/wp-json\/wp\/v2\/users\/1"}],"replies":[{"embeddable":true,"href":"https:\/\/idenergie.ca\/es\/wp-json\/wp\/v2\/comments?post=2006"}],"version-history":[{"count":18,"href":"https:\/\/idenergie.ca\/es\/wp-json\/wp\/v2\/pages\/2006\/revisions"}],"predecessor-version":[{"id":2766,"href":"https:\/\/idenergie.ca\/es\/wp-json\/wp\/v2\/pages\/2006\/revisions\/2766"}],"wp:attachment":[{"href":"https:\/\/idenergie.ca\/es\/wp-json\/wp\/v2\/media?parent=2006"}],"curies":[{"name":"wp","href":"https:\/\/api.w.org\/{rel}","templated":true}]}}