{"id":2014,"date":"2014-09-15T14:30:32","date_gmt":"2014-09-15T19:30:32","guid":{"rendered":"https:\/\/idenergie.ca\/technologie-3\/"},"modified":"2015-07-23T13:08:54","modified_gmt":"2015-07-23T18:08:54","slug":"instalacion","status":"publish","type":"page","link":"https:\/\/idenergie.ca\/es\/instalacion\/","title":{"rendered":"Instalaci\u00f3n"},"content":{"rendered":"<p><script>\njQuery(document).ready(function($) {\njQuery(\"#main-container\").addClass(\"fixed-header-scroll\");\n});\n<\/script><br \/>\n<div class=\"section-full-width section-light-bg parallax-fixed\" style=\"background-color:#f7f7f7;\" id=\"sitiospotenciales\"><div class=\"section-boxed\" style=\"color:#373737;\"><h2 class=\"section-title\" style=\"color:#252525;\">Sitios potenciales<\/h2><\/p>\n<p align=\"center\">Para que un sitio sea propicio para el uso de la hidroturbina, \u00e9ste debe cumplir con ciertos criterios:<\/p>\n<div class=\"services-wrapper services-default cols-wrapper cols-4\"><div class=\"clear\"><\/div><\/div>\n<p>\n<\/div><\/div><\/p>\n<div class=\"section-full-width section-light-bg parallax-fixed\" style=\"background-color:#f7f7f7;\" id=\"procesodeinstalaci\u00f3n\"><div style=\"background-image:url(https:\/\/idenergie.ca\/wp-content\/uploads\/2014\/08\/Gaussian-blur-background.jpg); opacity:0.2; filter: alpha(opacity=20);\" class=\"full-bg-image\" ><\/div><div class=\"section-boxed\" style=\"color:#373737;\"><h2 class=\"section-title\" style=\"color:#252525;\">Proceso de instalaci\u00f3n<\/h2><p>&nbsp;<\/p>\n<p align=\"center\">He aqu\u00ed un resumen de las principales etapas de la instalaci\u00f3n. Aunque se recomienda fuertemente un instalador certificado, el usuario mismo puede realizar la instalaci\u00f3n de la hidroturbina respetando los pasos y las normas de seguridad apropiadas. Usted podr\u00e1 encontrar m\u00e1s informaciones en el manual de utilizaci\u00f3n.<\/p>\n<div class=\"services-box col\" style=\"width: 100%;\">\n<div class=\"img-container\"><img src=\"https:\/\/idenergie.ca\/wp-content\/uploads\/2014\/10\/thumbnail-dissassemble-turbine.jpg\" alt=\"\u00c9tape 1\" \/><\/div>\n<h2>Etapa 1<\/h2>\n<div class=\"services-content\">\n<div class=\"sc-wraper\">Ensamble las turbinas (palas y placas) y f\u00edjelas al generador con el soporte.<\/div>\n<\/div>\n<\/div>\n<div class=\"services-box col\" style=\"width:100%\">\n<div class=\"img-container\"><img src=\"https:\/\/idenergie.ca\/wp-content\/uploads\/2015\/07\/Equipements-ES.jpg\" alt=\"\u00c9tape 2\" style=\"width:700px;height:auto;\"\/><\/div>\n<h2>Etapa 2<\/h2>\n<div class=\"services-content\">\n<div class=\"sc-wraper\">Aseg\u00farese de usar un equipo de seguridad con el fin de caminar sin riesgo en el r\u00edo. Recomendado: si la velocidad de la corriente es elevada, am\u00e1rrese con cuerdas de escalada a la orilla.<\/div>\n<\/div>\n<\/div>\n<div class=\"services-wrapper services-default cols-wrapper cols-2\"><div class=\"clear\"><\/div><\/div>\n<p>\n<\/div><\/div>\n<div class=\"section-full-width section-light-bg\" style=\"background-color:#ffffff;\" id=\"instalaci\u00f3nresidencial\"><div class=\"section-boxed\" style=\"color:#373737;\"><h2 class=\"section-title\" style=\"color:#252525;\">Instalaci\u00f3n residencial<\/h2><p><img class=\"img-frame aligncenter\" src=\"https:\/\/idenergie.ca\/wp-content\/uploads\/2014\/10\/electricit\u00e9-maison.jpg\" alt=\"\" width=\"600\" \/><\/p>\n<p align=\"center\">\nLa hidroturbina de Id\u00e9nergie es la \u00fanica tecnolog\u00eda en hidroturbinas que puede responder a las necesidades el\u00e9ctricas de una residencia a partir de la corriente del agua. La hidroturbina est\u00e1 directamente conectada a unas bater\u00edas, recargadas 24h\/24 gracias a la corriente constante del r\u00edo. Incluso a capacidad m\u00ednima, la energ\u00eda producida es suficiente para alimentar los dispositivos est\u00e1ndares de una residencia como un refrigerador, una televisi\u00f3n, una computadora, la iluminaci\u00f3n. <\/em><\/p>\n<p>\n<\/div><\/div>\n<div class=\"section-full-width section-light-bg\" style=\"background-color:#ffffff;\" id=\"instalaci\u00f3nenred\"><div class=\"section-boxed\" style=\"color:#373737;\"><h2 class=\"section-title\" style=\"color:#252525;\">Instalaci\u00f3n en red<\/h2><p><img class=\"img-frame aligncenter\" src=\"https:\/\/idenergie.ca\/wp-content\/uploads\/2014\/10\/electricit\u00e9-village-FR.jpg\" alt=\"\" width=\"600\" \/><\/p>\n<p align=\"center\">\n\u00bfPorque limitarse a una sola hidroturbina cuando es posible  instalar varias en una misma secci\u00f3n del r\u00edo? Se pueden conectar varias hidroturbinas entre s\u00ed al mismo banco de bater\u00edas con mayor capacidad y de esta manera se puede alimentar una peque\u00f1a comunidad aislada. Se obtiene un peque\u00f1o parque de hidroturbinas, transportada, montada e instalada en un tiempo record. Algunos dispositivos est\u00e1ndares del mercado permitir\u00e1n, a continuaci\u00f3n, conectarse a todo tipo de micro-red para alimentar a la comunidad. Una instalaci\u00f3n ideal para los pa\u00edses que tienen una temporada de lluvia de varios meses por a\u00f1o (el monz\u00f3n).<\/p>\n<p>\n<\/div><\/div>\n","protected":false},"excerpt":{"rendered":"","protected":false},"author":1,"featured_media":0,"parent":0,"menu_order":0,"comment_status":"open","ping_status":"open","template":"template-full-custom.php","meta":[],"yoast_head":"<!-- This site is optimized with the Yoast SEO plugin v17.9 - https:\/\/yoast.com\/wordpress\/plugins\/seo\/ -->\n<title>Instalaci\u00f3n - Id\u00e9nergie<\/title>\n<meta name=\"robots\" content=\"index, follow, max-snippet:-1, max-image-preview:large, max-video-preview:-1\" \/>\n<link rel=\"canonical\" href=\"https:\/\/idenergie.ca\/es\/instalacion\/\" \/>\n<meta property=\"og:locale\" content=\"es_ES\" \/>\n<meta property=\"og:type\" content=\"article\" \/>\n<meta property=\"og:title\" content=\"Instalaci\u00f3n - Id\u00e9nergie\" \/>\n<meta property=\"og:url\" content=\"https:\/\/idenergie.ca\/es\/instalacion\/\" \/>\n<meta property=\"og:site_name\" content=\"Id\u00e9nergie\" \/>\n<meta property=\"article:modified_time\" content=\"2015-07-23T18:08:54+00:00\" \/>\n<meta property=\"og:image\" content=\"http:\/\/idenergie.ca\/wp-content\/uploads\/2014\/10\/thumbnail-dissassemble-turbine.jpg\" \/>\n<meta name=\"twitter:label1\" content=\"Tiempo de lectura\" \/>\n\t<meta name=\"twitter:data1\" content=\"3 minutos\" \/>\n<script type=\"application\/ld+json\" class=\"yoast-schema-graph\">{\"@context\":\"https:\/\/schema.org\",\"@graph\":[{\"@type\":\"WebSite\",\"@id\":\"https:\/\/idenergie.ca\/fr\/#website\",\"url\":\"https:\/\/idenergie.ca\/fr\/\",\"name\":\"Id\\u00e9nergie\",\"description\":\"\",\"potentialAction\":[{\"@type\":\"SearchAction\",\"target\":{\"@type\":\"EntryPoint\",\"urlTemplate\":\"https:\/\/idenergie.ca\/fr\/?s={search_term_string}\"},\"query-input\":\"required name=search_term_string\"}],\"inLanguage\":\"es\"},{\"@type\":\"ImageObject\",\"@id\":\"https:\/\/idenergie.ca\/es\/instalacion\/#primaryimage\",\"inLanguage\":\"es\",\"url\":\"https:\/\/idenergie.ca\/wp-content\/uploads\/2014\/10\/thumbnail-dissassemble-turbine.jpg\",\"contentUrl\":\"https:\/\/idenergie.ca\/wp-content\/uploads\/2014\/10\/thumbnail-dissassemble-turbine.jpg\",\"width\":800,\"height\":450},{\"@type\":\"WebPage\",\"@id\":\"https:\/\/idenergie.ca\/es\/instalacion\/#webpage\",\"url\":\"https:\/\/idenergie.ca\/es\/instalacion\/\",\"name\":\"Instalaci\\u00f3n - Id\\u00e9nergie\",\"isPartOf\":{\"@id\":\"https:\/\/idenergie.ca\/fr\/#website\"},\"primaryImageOfPage\":{\"@id\":\"https:\/\/idenergie.ca\/es\/instalacion\/#primaryimage\"},\"datePublished\":\"2014-09-15T19:30:32+00:00\",\"dateModified\":\"2015-07-23T18:08:54+00:00\",\"breadcrumb\":{\"@id\":\"https:\/\/idenergie.ca\/es\/instalacion\/#breadcrumb\"},\"inLanguage\":\"es\",\"potentialAction\":[{\"@type\":\"ReadAction\",\"target\":[\"https:\/\/idenergie.ca\/es\/instalacion\/\"]}]},{\"@type\":\"BreadcrumbList\",\"@id\":\"https:\/\/idenergie.ca\/es\/instalacion\/#breadcrumb\",\"itemListElement\":[{\"@type\":\"ListItem\",\"position\":1,\"name\":\"Home\",\"item\":\"https:\/\/idenergie.ca\/en\/\"},{\"@type\":\"ListItem\",\"position\":2,\"name\":\"Instalaci\\u00f3n\"}]}]}<\/script>\n<!-- \/ Yoast SEO plugin. -->","yoast_head_json":{"title":"Instalaci\u00f3n - Id\u00e9nergie","robots":{"index":"index","follow":"follow","max-snippet":"max-snippet:-1","max-image-preview":"max-image-preview:large","max-video-preview":"max-video-preview:-1"},"canonical":"https:\/\/idenergie.ca\/es\/instalacion\/","og_locale":"es_ES","og_type":"article","og_title":"Instalaci\u00f3n - Id\u00e9nergie","og_url":"https:\/\/idenergie.ca\/es\/instalacion\/","og_site_name":"Id\u00e9nergie","article_modified_time":"2015-07-23T18:08:54+00:00","og_image":[{"url":"http:\/\/idenergie.ca\/wp-content\/uploads\/2014\/10\/thumbnail-dissassemble-turbine.jpg"}],"twitter_misc":{"Tiempo de lectura":"3 minutos"},"schema":{"@context":"https:\/\/schema.org","@graph":[{"@type":"WebSite","@id":"https:\/\/idenergie.ca\/fr\/#website","url":"https:\/\/idenergie.ca\/fr\/","name":"Id\u00e9nergie","description":"","potentialAction":[{"@type":"SearchAction","target":{"@type":"EntryPoint","urlTemplate":"https:\/\/idenergie.ca\/fr\/?s={search_term_string}"},"query-input":"required name=search_term_string"}],"inLanguage":"es"},{"@type":"ImageObject","@id":"https:\/\/idenergie.ca\/es\/instalacion\/#primaryimage","inLanguage":"es","url":"https:\/\/idenergie.ca\/wp-content\/uploads\/2014\/10\/thumbnail-dissassemble-turbine.jpg","contentUrl":"https:\/\/idenergie.ca\/wp-content\/uploads\/2014\/10\/thumbnail-dissassemble-turbine.jpg","width":800,"height":450},{"@type":"WebPage","@id":"https:\/\/idenergie.ca\/es\/instalacion\/#webpage","url":"https:\/\/idenergie.ca\/es\/instalacion\/","name":"Instalaci\u00f3n - Id\u00e9nergie","isPartOf":{"@id":"https:\/\/idenergie.ca\/fr\/#website"},"primaryImageOfPage":{"@id":"https:\/\/idenergie.ca\/es\/instalacion\/#primaryimage"},"datePublished":"2014-09-15T19:30:32+00:00","dateModified":"2015-07-23T18:08:54+00:00","breadcrumb":{"@id":"https:\/\/idenergie.ca\/es\/instalacion\/#breadcrumb"},"inLanguage":"es","potentialAction":[{"@type":"ReadAction","target":["https:\/\/idenergie.ca\/es\/instalacion\/"]}]},{"@type":"BreadcrumbList","@id":"https:\/\/idenergie.ca\/es\/instalacion\/#breadcrumb","itemListElement":[{"@type":"ListItem","position":1,"name":"Home","item":"https:\/\/idenergie.ca\/en\/"},{"@type":"ListItem","position":2,"name":"Instalaci\u00f3n"}]}]}},"_links":{"self":[{"href":"https:\/\/idenergie.ca\/es\/wp-json\/wp\/v2\/pages\/2014"}],"collection":[{"href":"https:\/\/idenergie.ca\/es\/wp-json\/wp\/v2\/pages"}],"about":[{"href":"https:\/\/idenergie.ca\/es\/wp-json\/wp\/v2\/types\/page"}],"author":[{"embeddable":true,"href":"https:\/\/idenergie.ca\/es\/wp-json\/wp\/v2\/users\/1"}],"replies":[{"embeddable":true,"href":"https:\/\/idenergie.ca\/es\/wp-json\/wp\/v2\/comments?post=2014"}],"version-history":[{"count":12,"href":"https:\/\/idenergie.ca\/es\/wp-json\/wp\/v2\/pages\/2014\/revisions"}],"predecessor-version":[{"id":2334,"href":"https:\/\/idenergie.ca\/es\/wp-json\/wp\/v2\/pages\/2014\/revisions\/2334"}],"wp:attachment":[{"href":"https:\/\/idenergie.ca\/es\/wp-json\/wp\/v2\/media?parent=2014"}],"curies":[{"name":"wp","href":"https:\/\/api.w.org\/{rel}","templated":true}]}}