{"id":2029,"date":"2014-08-12T16:44:09","date_gmt":"2014-08-12T21:44:09","guid":{"rendered":"https:\/\/idenergie.ca\/a-propos-2\/"},"modified":"2020-04-20T10:36:37","modified_gmt":"2020-04-20T15:36:37","slug":"apropos","status":"publish","type":"page","link":"https:\/\/idenergie.ca\/es\/apropos\/","title":{"rendered":"\u00bfQui\u00e9nes somos?"},"content":{"rendered":"<div class=\"section-full-width section-light-bg\" style=\"background-color:#f7f7f7;\" id=\"lahistoriadelproyecto\"><div class=\"section-boxed\" style=\"color:#373737;\"><h2 class=\"section-title\" style=\"color:#252525;\">La historia del proyecto<\/h2><h4 style=\"color:#252525;\" class=\"sub-title\">Como lo logramos<\/h4><p>El equipo se form\u00f3 en 2010 cuando Pierre Blanchet convenci\u00f3 a sus dos socios de negocios a unirse a \u00e9l en su b\u00fasqueda para aportar una soluci\u00f3n pr\u00e1ctica y eficaz a la creciente demanda de energ\u00eda verde, especialmente en zonas apartadas donde el acceso a la electricidad es dif\u00edcil. Despu\u00e9s de darse cuenta de que no hab\u00eda ninguna soluci\u00f3n disponible para generar electricidad a partir de los r\u00edos, el equipo Id\u00e9nergie desarroll\u00f3 tres prototipos que han evolucionado con el tiempo. Despu\u00e9s de numerosas pruebas, la compa\u00f1\u00eda consigui\u00f3 concebir un producto f\u00e1cil de usar, durable y eficiente.<\/p>\n<p>Aprovechando la experiencia quebequense en cuanto a la energ\u00eda hidroel\u00e9ctrica, el aluminio y las energ\u00edas renovables, Id\u00e9nergie ofrece una soluci\u00f3n a los problemas energ\u00e9ticos, proporcionando la primera hidroturbina de r\u00edo. Esta innovaci\u00f3n permitir\u00e1 que la poblaci\u00f3n se abastezca en energ\u00eda a partir de r\u00edos cercanos, 24h\/24. Desde su creaci\u00f3n, se han hecho grandes esfuerzos para superar las dificultades t\u00e9cnicas asociadas a la producci\u00f3n de electricidad bajo el agua. Id\u00e9nergie ha sido reconocido por diversas entidades p\u00fablicas y privadas por la calidad de su proyecto y de su modelo de negocio. La  hidroturbina pronto se unir\u00e1 a los paneles solares y turbinas de viento en el creciente mercado de la energ\u00eda renovable residencial.<\/p>\n<p>\n<\/div><\/div>\n<div class=\"section-full-width section-light-bg\" style=\"background-color:#e5e5e5;\" id=\"losfundadores\"><div class=\"section-boxed\" style=\"color:#373737;\"><h2 class=\"section-title\" style=\"color:#252525;\">Los fundadores<\/h2><h4 style=\"color:#252525;\" class=\"sub-title\">Los innovadores detr\u00e1s del proyecto<\/h4><\/p>\n<div class=\"founder-wrap\">\n<p><img class=\"img-frame founders\" src=\"\/wp-content\/uploads\/2014\/08\/idenergie_pierre_cropped.jpeg\" alt=\"\" \/><\/p>\n<p class=\"founders\"><strong>PIERRE BLANCHET<\/strong>, M.Sc, Presidente y jefe de investigaci\u00f3n y desarrollo, es responsable del desarrollo de las tecnolog\u00edas el\u00e9ctricas y electr\u00f3nicas. Sr. Blanchet tiene una licenciatura en <strong> ingenier\u00eda el\u00e9ctrica <\/strong> y una maestr\u00eda en <strong>ingenier\u00eda de energ\u00edas renovables<\/strong> de l\u2019\u00c9cole de technologie sup\u00e9rieure (\u00c9TS). \u00c9l es un <strong>empresario nato<\/strong>, tiene una tremenda determinaci\u00f3n y es un excelente orador p\u00fablico, as\u00ed como una inclinaci\u00f3n por la propiedad intelectual y la innovaci\u00f3n tecnol\u00f3gica.<\/p>\n<\/div>\n<div class=\"founder-wrap\">\n<p><img class=\"img-frame founders\" src=\"\/wp-content\/uploads\/2014\/08\/idenergie_gilles_cropped.jpeg\" alt=\"\" \/><\/p>\n<p class=\"founders\"><strong>GILLES TROTTIER<\/strong>, Ing. Jr. Vicepresidente de producci\u00f3n y calidad, se ocupa de la direcci\u00f3n del desarrollo mec\u00e1nico. Anteriormente, sr. Trottier era copropietario de una empresa especializada en la venta y reparaci\u00f3n de maquinaria forestal. \u00c9ste posee una licenciatura en <strong>ingenier\u00eda mec\u00e1nica<\/strong>, adem\u00e1s de una maestr\u00eda en <strong>ingenier\u00eda de energ\u00edas renovables<\/strong> de l\u2019\u00c9TS. Su<strong>experiencia empresarial<\/strong> es una ventaja importante para la compa\u00f1\u00eda Id\u00e9nergie ya que trae sabidur\u00eda y rigor. Su larga trayectoria en mec\u00e1nica garantiza el hecho que hoy la hidroturbina es fuerte y muy fiable.<\/p>\n<\/div>\n<div class=\"founder-wrap\">\n<p><img class=\"img-frame founders\" src=\"\/wp-content\/uploads\/2014\/08\/idenergie_denis_cropped.jpeg\" alt=\"\" \/><\/p>\n<p class=\"founders\"><strong>DENIS BASTIEN<\/strong>, CPA, miembro de la junta, tiene m\u00e1s de 15 a\u00f1os de experiencia en las PYME y empresas de envergadura mundial como Arthur Andersen y Black &amp; Decker Corporation. Sr. Bastien enriquece la compa\u00f1\u00eda gracias a su conocimiento en <strong>comercio internacional<\/strong> adquirido a partir de sus experiencias de trabajo en los Estados Unidos, M\u00e9xico y Europa. Posee una <strong>licenciatura en contabilidad<\/strong>\u00a0y un t\u00edtulo de <strong>contable homologado americano.<\/strong>.<\/p>\n<\/div>\n<p>\n<\/div><\/div>\n<div class=\"section-full-width section-light-bg parallax-fixed\" style=\"background-color:#e5e5e5;\" id=\"elequipodeid\u00e9nergie\"><div class=\"section-boxed\" style=\"color:#373737;\"><h2 class=\"section-title\" style=\"color:#252525;\">El equipo de Id\u00e9nergie<\/h2><p>Durante los \u00faltimos tres a\u00f1os, el equipo de Id\u00e9nergie ha seguido creciendo . Nuevas habilidades y recursos se a\u00f1aden cada d\u00eda para alcanzar los objetivos establecidos.<\/p>\n<p><img class=\"img-frame aligncenter\" style=\"width:85%;\" src=\"https:\/\/idenergie.ca\/wp-content\/uploads\/2015\/09\/Photo-de-groupe2.jpg\" alt=\"\" \/><\/p>\n<p>\n<\/div><\/div>\n<div class=\"section-full-width section-light-bg\" style=\"background-color:#ffffff;\" id=\"nuestrossocios\"><div class=\"section-boxed\" style=\"color:#373737;\"><h2 class=\"section-title\" style=\"color:#252525;\">Nuestros socios<\/h2><p>&nbsp;<\/p>\n<p style=\"text-align: center;\">Queremos agradecer a la familia y amigos , profesores y empleados de ETS y Centech y todos aquellos que han contribuido directa o indirectamente a nuestro \u00e9xito. Gracias a todos!<\/p>\n<p><img loading=\"lazy\" class=\"img-frame partners\" src=\"https:\/\/idenergie.ca\/wp-content\/uploads\/2015\/03\/centech_logo_v2.jpg\" alt=\"\" width=\"406\" height=\"327\" \/><img loading=\"lazy\" class=\"img-frame partners\" src=\"https:\/\/idenergie.ca\/wp-content\/uploads\/2014\/08\/ETS-rouge-devise-impr-fond_transparent1.png\" alt=\"\" width=\"1053\" height=\"613\" \/><img class=\"img-frame partners\" src=\"\/wp-content\/uploads\/2014\/08\/fdetsweb_1.jpg\" alt=\"\" \/><img class=\"img-frame partners\" src=\"\/wp-content\/uploads\/2014\/08\/logo-fjab1.jpg\" alt=\"\" \/><img class=\"img-frame partners\" src=\"\/wp-content\/uploads\/2014\/08\/fondation_du_maire.jpg\" alt=\"\" \/><img class=\"img-frame partners\" src=\"\/wp-content\/uploads\/2014\/08\/GREPCI.gif\" alt=\"\" \/><img class=\"img-frame partners\" src=\"\/wp-content\/uploads\/2014\/08\/Partenaires_logo_Quebecor1.png\" alt=\"\" \/><img class=\"img-frame partners\" src=\"\/wp-content\/uploads\/2014\/08\/defi-montreal.jpeg\" alt=\"\" \/><img class=\"img-frame partners\" src=\"\/wp-content\/uploads\/2014\/08\/LOGO-EcotechQuebec1.jpg\" alt=\"\" \/><img class=\"img-frame partners\" src=\"\/wp-content\/uploads\/2014\/08\/cqrda.jpg\" alt=\"\" \/><img loading=\"lazy\" class=\"img-frame partners\" src=\"https:\/\/idenergie.ca\/wp-content\/uploads\/2014\/10\/futurpreneur-logo-e1416596079469.png\" alt=\"\" width=\"240\" height=\"75\" \/><img loading=\"lazy\" class=\"img-frame partners\" src=\"https:\/\/idenergie.ca\/wp-content\/uploads\/2014\/10\/spinmaster.gif.png\" alt=\"\" width=\"109\" height=\"122\" \/><img loading=\"lazy\" class=\"img-frame partners\" src=\"https:\/\/idenergie.ca\/wp-content\/uploads\/2015\/03\/MERN_coul.png\" alt=\"\" width=\"227\" height=\"84\" \/><img loading=\"lazy\" class=\"img-frame partners\" src=\"https:\/\/idenergie.ca\/wp-content\/uploads\/2015\/03\/ingo_logo.jpg\" alt=\"\" width=\"200\" height=\"48\" \/><img class=\"img-frame partners\" src=\"https:\/\/idenergie.ca\/wp-content\/uploads\/2015\/03\/logo_reso.gif\" alt=\"\"\/><img class=\"img-frame partners\" src=\"https:\/\/idenergie.ca\/wp-content\/uploads\/2015\/03\/logoSVA.png\" alt=\"\"\/><img class=\"img-frame partners\" src=\"https:\/\/idenergie.ca\/wp-content\/uploads\/2015\/03\/logo_sdevm.jpg\" alt=\"\"\/><\/p>\n<p>\n<\/div><\/div>\n","protected":false},"excerpt":{"rendered":"","protected":false},"author":1,"featured_media":0,"parent":0,"menu_order":3,"comment_status":"open","ping_status":"open","template":"template-full-custom.php","meta":[],"yoast_head":"<!-- This site is optimized with the Yoast SEO plugin v17.9 - https:\/\/yoast.com\/wordpress\/plugins\/seo\/ -->\n<title>\u00bfQui\u00e9nes somos? - Id\u00e9nergie<\/title>\n<meta name=\"robots\" content=\"index, follow, max-snippet:-1, max-image-preview:large, max-video-preview:-1\" \/>\n<link rel=\"canonical\" href=\"https:\/\/idenergie.ca\/es\/apropos\/\" \/>\n<meta property=\"og:locale\" content=\"es_ES\" \/>\n<meta property=\"og:type\" content=\"article\" \/>\n<meta property=\"og:title\" content=\"\u00bfQui\u00e9nes somos? - Id\u00e9nergie\" \/>\n<meta property=\"og:url\" content=\"https:\/\/idenergie.ca\/es\/apropos\/\" \/>\n<meta property=\"og:site_name\" content=\"Id\u00e9nergie\" \/>\n<meta property=\"article:modified_time\" content=\"2020-04-20T15:36:37+00:00\" \/>\n<meta property=\"og:image\" content=\"https:\/\/idenergie.ca\/wp-content\/uploads\/2014\/08\/idenergie_pierre_cropped.jpeg\" \/>\n<meta name=\"twitter:label1\" content=\"Tiempo de lectura\" \/>\n\t<meta name=\"twitter:data1\" content=\"4 minutos\" \/>\n<script type=\"application\/ld+json\" class=\"yoast-schema-graph\">{\"@context\":\"https:\/\/schema.org\",\"@graph\":[{\"@type\":\"WebSite\",\"@id\":\"https:\/\/idenergie.ca\/fr\/#website\",\"url\":\"https:\/\/idenergie.ca\/fr\/\",\"name\":\"Id\\u00e9nergie\",\"description\":\"\",\"potentialAction\":[{\"@type\":\"SearchAction\",\"target\":{\"@type\":\"EntryPoint\",\"urlTemplate\":\"https:\/\/idenergie.ca\/fr\/?s={search_term_string}\"},\"query-input\":\"required name=search_term_string\"}],\"inLanguage\":\"es\"},{\"@type\":\"ImageObject\",\"@id\":\"https:\/\/idenergie.ca\/es\/apropos\/#primaryimage\",\"inLanguage\":\"es\",\"url\":\"\/wp-content\/uploads\/2014\/08\/idenergie_pierre_cropped.jpeg\",\"contentUrl\":\"\/wp-content\/uploads\/2014\/08\/idenergie_pierre_cropped.jpeg\"},{\"@type\":\"WebPage\",\"@id\":\"https:\/\/idenergie.ca\/es\/apropos\/#webpage\",\"url\":\"https:\/\/idenergie.ca\/es\/apropos\/\",\"name\":\"\\u00bfQui\\u00e9nes somos? - Id\\u00e9nergie\",\"isPartOf\":{\"@id\":\"https:\/\/idenergie.ca\/fr\/#website\"},\"primaryImageOfPage\":{\"@id\":\"https:\/\/idenergie.ca\/es\/apropos\/#primaryimage\"},\"datePublished\":\"2014-08-12T21:44:09+00:00\",\"dateModified\":\"2020-04-20T15:36:37+00:00\",\"breadcrumb\":{\"@id\":\"https:\/\/idenergie.ca\/es\/apropos\/#breadcrumb\"},\"inLanguage\":\"es\",\"potentialAction\":[{\"@type\":\"ReadAction\",\"target\":[\"https:\/\/idenergie.ca\/es\/apropos\/\"]}]},{\"@type\":\"BreadcrumbList\",\"@id\":\"https:\/\/idenergie.ca\/es\/apropos\/#breadcrumb\",\"itemListElement\":[{\"@type\":\"ListItem\",\"position\":1,\"name\":\"Home\",\"item\":\"https:\/\/idenergie.ca\/en\/\"},{\"@type\":\"ListItem\",\"position\":2,\"name\":\"\\u00bfQui\\u00e9nes somos?\"}]}]}<\/script>\n<!-- \/ Yoast SEO plugin. -->","yoast_head_json":{"title":"\u00bfQui\u00e9nes somos? - Id\u00e9nergie","robots":{"index":"index","follow":"follow","max-snippet":"max-snippet:-1","max-image-preview":"max-image-preview:large","max-video-preview":"max-video-preview:-1"},"canonical":"https:\/\/idenergie.ca\/es\/apropos\/","og_locale":"es_ES","og_type":"article","og_title":"\u00bfQui\u00e9nes somos? - Id\u00e9nergie","og_url":"https:\/\/idenergie.ca\/es\/apropos\/","og_site_name":"Id\u00e9nergie","article_modified_time":"2020-04-20T15:36:37+00:00","og_image":[{"url":"https:\/\/idenergie.ca\/wp-content\/uploads\/2014\/08\/idenergie_pierre_cropped.jpeg"}],"twitter_misc":{"Tiempo de lectura":"4 minutos"},"schema":{"@context":"https:\/\/schema.org","@graph":[{"@type":"WebSite","@id":"https:\/\/idenergie.ca\/fr\/#website","url":"https:\/\/idenergie.ca\/fr\/","name":"Id\u00e9nergie","description":"","potentialAction":[{"@type":"SearchAction","target":{"@type":"EntryPoint","urlTemplate":"https:\/\/idenergie.ca\/fr\/?s={search_term_string}"},"query-input":"required name=search_term_string"}],"inLanguage":"es"},{"@type":"ImageObject","@id":"https:\/\/idenergie.ca\/es\/apropos\/#primaryimage","inLanguage":"es","url":"\/wp-content\/uploads\/2014\/08\/idenergie_pierre_cropped.jpeg","contentUrl":"\/wp-content\/uploads\/2014\/08\/idenergie_pierre_cropped.jpeg"},{"@type":"WebPage","@id":"https:\/\/idenergie.ca\/es\/apropos\/#webpage","url":"https:\/\/idenergie.ca\/es\/apropos\/","name":"\u00bfQui\u00e9nes somos? - Id\u00e9nergie","isPartOf":{"@id":"https:\/\/idenergie.ca\/fr\/#website"},"primaryImageOfPage":{"@id":"https:\/\/idenergie.ca\/es\/apropos\/#primaryimage"},"datePublished":"2014-08-12T21:44:09+00:00","dateModified":"2020-04-20T15:36:37+00:00","breadcrumb":{"@id":"https:\/\/idenergie.ca\/es\/apropos\/#breadcrumb"},"inLanguage":"es","potentialAction":[{"@type":"ReadAction","target":["https:\/\/idenergie.ca\/es\/apropos\/"]}]},{"@type":"BreadcrumbList","@id":"https:\/\/idenergie.ca\/es\/apropos\/#breadcrumb","itemListElement":[{"@type":"ListItem","position":1,"name":"Home","item":"https:\/\/idenergie.ca\/en\/"},{"@type":"ListItem","position":2,"name":"\u00bfQui\u00e9nes somos?"}]}]}},"_links":{"self":[{"href":"https:\/\/idenergie.ca\/es\/wp-json\/wp\/v2\/pages\/2029"}],"collection":[{"href":"https:\/\/idenergie.ca\/es\/wp-json\/wp\/v2\/pages"}],"about":[{"href":"https:\/\/idenergie.ca\/es\/wp-json\/wp\/v2\/types\/page"}],"author":[{"embeddable":true,"href":"https:\/\/idenergie.ca\/es\/wp-json\/wp\/v2\/users\/1"}],"replies":[{"embeddable":true,"href":"https:\/\/idenergie.ca\/es\/wp-json\/wp\/v2\/comments?post=2029"}],"version-history":[{"count":8,"href":"https:\/\/idenergie.ca\/es\/wp-json\/wp\/v2\/pages\/2029\/revisions"}],"predecessor-version":[{"id":7594,"href":"https:\/\/idenergie.ca\/es\/wp-json\/wp\/v2\/pages\/2029\/revisions\/7594"}],"wp:attachment":[{"href":"https:\/\/idenergie.ca\/es\/wp-json\/wp\/v2\/media?parent=2029"}],"curies":[{"name":"wp","href":"https:\/\/api.w.org\/{rel}","templated":true}]}}