{"id":2046,"date":"2015-03-12T18:11:34","date_gmt":"2015-03-12T23:11:34","guid":{"rendered":"https:\/\/idenergie.ca\/foire-aux-questions-2\/"},"modified":"2017-01-11T16:46:24","modified_gmt":"2017-01-11T21:46:24","slug":"preguntasfrecuentes","status":"publish","type":"page","link":"https:\/\/idenergie.ca\/es\/preguntasfrecuentes\/","title":{"rendered":"Preguntas Frecuentes"},"content":{"rendered":"<p>&nbsp;<\/p>\n<div class=\"simnor-shortcode simnor-shortcode-accordion\"><\/p>\n<p><div class=\"simnor-shortcode simnor-shortcode-toggle \"><h3 class=\"simnor-shortcode simnor-shortcode-toggle-heading\">\u00bfCual es el precio de la turbina?<i class=\"toggle-down fa-icon-plus\"><\/i><i class=\"toggle-up fa-icon-minus\"><\/i><\/h3><div class=\"simnor-shortcode simnor-shortcode-toggle-content\"><p>El precio normal de la turbina es $12.500 (d\u00f3lares canadienses).<\/p>\n<\/div><\/div><br \/>\n<div class=\"simnor-shortcode simnor-shortcode-toggle \"><h3 class=\"simnor-shortcode simnor-shortcode-toggle-heading\">\u00bfEs necesario un permiso para instalar una hidroturbina en un r\u00edo?<i class=\"toggle-down fa-icon-plus\"><\/i><i class=\"toggle-up fa-icon-minus\"><\/i><\/h3><div class=\"simnor-shortcode simnor-shortcode-toggle-content\"><p>En la mayor\u00eda de los casos, depende de la ubicaci\u00f3n del lugar y de las reglamentaciones establecidas en la regi\u00f3n, es necesario tener un permiso para instalar una hidroturbina en un r\u00edo. Los procedimientos para la autorizaci\u00f3n son a discreci\u00f3n del cliente. Sin embargo, Id\u00e9nergie ofrece documentos de informaci\u00f3n sobre los procedimientos para la autorizaci\u00f3n en algunas jurisdicciones con el fin de ayudar al cliente que desee pedir una turbina. Para proyectos m\u00e1s grandes, por un costo adicional, Id\u00e9nergie ofrece igualmente un programa de acompa\u00f1amiento personalizado en el que el cliente es guiado por nuestro experto en demandas de autorizaci\u00f3n a lo largo de todo el proceso.<\/p>\n<\/div><\/div><br \/>\n<div class=\"simnor-shortcode simnor-shortcode-toggle \"><h3 class=\"simnor-shortcode simnor-shortcode-toggle-heading\">\u00bfQu\u00e9 equipamiento adicional es necesario para la utilizaci\u00f3n de la turbina?<i class=\"toggle-down fa-icon-plus\"><\/i><i class=\"toggle-up fa-icon-minus\"><\/i><\/h3><div class=\"simnor-shortcode simnor-shortcode-toggle-content\"><p>El precio de base de la hidroturbina incluye:<\/p>\n<ul>\n<li>Turbina<\/li>\n<li>Cable el\u00e9ctrico sub marino (20 metros)<\/li>\n<li>Caja de conexiones que junta el cable submarino con el cable terrestre<\/li>\n<li>Pie<\/li>\n<li>Convertidor integrado<\/li>\n<\/ul>\n<p>Para una instalaci\u00f3n completa llave en mano, adem\u00e1s de la turbina, Id\u00e9nergie le propone que se procure localmente un kit que incluye bater\u00edas y equipo el\u00e9ctrico para evitar costos altos de transporte. El precio de este equipo depende de la configuraci\u00f3n espec\u00edfica de cada sistema y de las necesidades del cliente. Este tipo de sistema es compatible con otros productos en energ\u00edas renovables (paneles solares y turbinas de viento)<\/p>\n<p>Para un uso b\u00e1sico, le sugerimos:<\/p>\n<ul>\n<li>Controlador de carga<\/li>\n<li>Bater\u00edas de 7,2 kWh *<\/li>\n<li>Inversor (48 VCC \u00e0 120 VCA) de 1 500 W *<\/li>\n<\/ul>\n<p><em>* Existe la posibilidad de aumentar la cantidad de bater\u00edas y la capacidad del inversor. <\/em><\/p>\n<p>En opci\u00f3n:<\/p>\n<ul>\n<li>Kit de seguridad personal: chalecos, pantalones-medias-botas, tacos, arn\u00e9s, mosquetones, ganchos, aseguradores de \u00edndice, guantes de neopreno, cuerda de sujeci\u00f3n, cuchillo, casco, estaca<\/li>\n<li>Kit de instalaci\u00f3n: 4 anclajes roscados internamente, 4 hebillas en hacer inoxidable, 4 tornillos de ensamblaje 3\/8'' \u2013 16, 2X15 metros de cable en acero inoxidable, 12 anillos de compresi\u00f3n, 4 Rappel zincada con anilla<\/li>\n<li>Kit de alerta mar\u00edtima: boya de advertencia colocada m\u00e1s arriba en el r\u00edo de donde est\u00e1 la turbina, letrero que dice \u201chidroturbina a 100 m\u201d y bandera flexible fijada encima de la turbina<\/li>\n<li>\u2022 Convertidor Id\u00e9nergie reductor de tensi\u00f3n bidireccional (48 V \u00e0 24 V) en los casos siguientes :\n<ol>\n<li>Hay m\u00e1s de 400 m de distancia entre la hidroturbina y su panel el\u00e9ctrico<\/li>\n<li>Desea disminuir la tensi\u00f3n para un sistema de 12 o 24 V<\/li>\n<li>Desea conectar varias turbinas juntas (uno por turbina)<\/li>\n<\/ol>\n<\/li>\n<li>Cable el\u00e9ctrico, de calidad marina, de la orilla al edificio (longitud m\u00e1xima de 1000 metros)<\/li>\n<li>Anodizaci\u00f3n para una zona mar\u00edtima.<\/li>\n<\/ul>\n<p>\n<\/div><\/div><br \/>\n<div class=\"simnor-shortcode simnor-shortcode-toggle \"><h3 class=\"simnor-shortcode simnor-shortcode-toggle-heading\">\u00bfCu\u00e1l es la garant\u00eda sobre el equipo?<i class=\"toggle-down fa-icon-plus\"><\/i><i class=\"toggle-up fa-icon-minus\"><\/i><\/h3><div class=\"simnor-shortcode simnor-shortcode-toggle-content\"><p>\nLas garant\u00edas ofrecidas son las siguientes :<\/p>\n<ul>\n<li>  Componentes internos de la carcasa del generador de la turbina: tres (3) a\u00f1os.<\/li>\n<li>  Garant\u00eda de 3 meses sobre las piezas y para todos los otros componentes mano de obra en el taller: libre de defectos de fabricaci\u00f3n y de materiales en condiciones normales de utilizaci\u00f3n y de buen funcionamiento<\/li>\n<li>  Cualquier material suministrado al cliente que no es fabricado por Id\u00e9nergie Inc. est\u00e1 cubierto por una garant\u00eda seg\u00fan el certificado de garant\u00eda de los proveedores (sujeto a algunas condiciones)<\/li>\n<\/ul>\n<p>\n<\/div><\/div><br \/>\n<div class=\"simnor-shortcode simnor-shortcode-toggle \"><h3 class=\"simnor-shortcode simnor-shortcode-toggle-heading\">\u00bfCu\u00e1l es la garant\u00eda sobre las bater\u00edas?<i class=\"toggle-down fa-icon-plus\"><\/i><i class=\"toggle-up fa-icon-minus\"><\/i><\/h3><div class=\"simnor-shortcode simnor-shortcode-toggle-content\"><p>Generalmente, las bater\u00edas tienen una garant\u00eda de cinco (5) a\u00f1os. Esto var\u00eda seg\u00fan el fabricante.<\/p>\n<\/div><\/div><br \/>\n<div class=\"simnor-shortcode simnor-shortcode-toggle \"><h3 class=\"simnor-shortcode simnor-shortcode-toggle-heading\">\u00bfLa hidroturbina es rentable para aquellos que est\u00e1n conectados a la red el\u00e9ctrica local?<i class=\"toggle-down fa-icon-plus\"><\/i><i class=\"toggle-up fa-icon-minus\"><\/i><\/h3><div class=\"simnor-shortcode simnor-shortcode-toggle-content\"><p>Es importante saber que para los clientes que est\u00e1n conectados a la red el\u00e9ctrica local, la hidroturbina Id\u00e9nergie no representa una alternativa competitiva para el retorno de la inversi\u00f3n a largo plazo e igualmente sobre el costo del KWh producido. Adem\u00e1s, existe la posibilidad de revender o hacerse acreditar la energ\u00eda producida por un sistema de energ\u00eda renovable. Los diferentes programas de autoproducci\u00f3n var\u00edan seg\u00fan la regi\u00f3n, es importante verificar con su compa\u00f1\u00eda de electricidad local para tener m\u00e1s detalles.<\/p>\n<\/div><\/div><br \/>\n<div class=\"simnor-shortcode simnor-shortcode-toggle \"><h3 class=\"simnor-shortcode simnor-shortcode-toggle-heading\">\u00bfLa hidroturbina es rentable para los clientes que se encuentran fuera de la red?<i class=\"toggle-down fa-icon-plus\"><\/i><i class=\"toggle-up fa-icon-minus\"><\/i><\/h3><div class=\"simnor-shortcode simnor-shortcode-toggle-content\"><p>Si su residencia o establecimiento se encuentran aislados de la red el\u00e9ctrica local, electrificarla en energ\u00eda puede ser costoso. En algunos casos es necesario prever al menos 50 000$ por kil\u00f3metro de distancia a partir del poste el\u00e9ctrico que est\u00e9 m\u00e1s cerca. Cada vez m\u00e1s y m\u00e1s personas utilizan energ\u00edas renovables cuando estas condiciones se aplican. La hidroturbina de Id\u00e9nergie es una opci\u00f3n ideal adem\u00e1s de una excelente inversi\u00f3n con respecto al generador de gasolina.<\/p>\n<\/div><\/div><br \/>\n<div class=\"simnor-shortcode simnor-shortcode-toggle \"><h3 class=\"simnor-shortcode simnor-shortcode-toggle-heading\">\u00bfC\u00f3mo interact\u00faa la fauna acu\u00e1tica con la turbina?<i class=\"toggle-down fa-icon-plus\"><\/i><i class=\"toggle-up fa-icon-minus\"><\/i><\/h3><div class=\"simnor-shortcode simnor-shortcode-toggle-content\"><p>La misi\u00f3n de Id\u00e9nergie es de desarrollar un producto que mejore el acceso de la poblaci\u00f3n a una fuente de energ\u00eda renovable: el r\u00edo. El objetivo es producir energ\u00eda siendo respetuosos con el medio ambiente y no creando un nuevo problema.<\/p>\n<p>Los laboratorios Alden en Estados Unidos han realizado estudios con un modelo de la turbina Darrieus que se le asemeja a la que es utilizada por Id\u00e9nergie y el resultado fue que la hidroturbina tiene muy poco impacto sobre la fauna acu\u00e1tica. Se llevaron a cabo test en un conducto cerrado con peces y como resultado los peces evitan la turbina. Los que penetraban en ella no ten\u00edan ning\u00fan impacto significativo. Por consecuencia, no existe ninguna prueba que diga que la hidroturbina representa un peligro para la fauna acu\u00e1tica, adem\u00e1s que \u00e9sta ocupa une peque\u00f1a porci\u00f3n del r\u00edo. Una exenci\u00f3n de autorizaci\u00f3n entregada por P\u00eaches et Oc\u00e9ans Canada corrobora el conjunto de estudios realizados. La entidad considera que la hidroturbina Id\u00e9nergie, en su forma actual, no presenta un riesgo importante para el pez y el h\u00e1bitat de la fauna.<\/p>\n<p>Sin embargo, un an\u00e1lisis del lugar es recomendado con el fin de asegurarse de que la hidroturbina no sea instalada justamente en una zona de desove.<\/p>\n<p><em>(Fuente: D\u00e9partement de l\u2019Energie am\u00e9ricain et P\u00eaches et Oc\u00e9ans Canada, \u00ab Turbine Passage survival estimates for the Dunvegan hydroelectric project, Stephan V. Amaral, Alden Research Lab et \u00ab Fish passage at small hydro sites, IEA technical report \u00bb)<\/em><\/p>\n<\/div><\/div><br \/>\n<div class=\"simnor-shortcode simnor-shortcode-toggle \"><h3 class=\"simnor-shortcode simnor-shortcode-toggle-heading\">\u00bfCu\u00e1les son los riesgos para la hidroturbina con respecto a los desechos presentes en las corrientes de agua?<i class=\"toggle-down fa-icon-plus\"><\/i><i class=\"toggle-up fa-icon-minus\"><\/i><\/h3><div class=\"simnor-shortcode simnor-shortcode-toggle-content\"><\/div><\/div><br \/>\n<div class=\"simnor-shortcode simnor-shortcode-toggle \"><h3 class=\"simnor-shortcode simnor-shortcode-toggle-heading\">\u00bfC\u00f3mo se instala la hidroturbina?<i class=\"toggle-down fa-icon-plus\"><\/i><i class=\"toggle-up fa-icon-minus\"><\/i><\/h3><div class=\"simnor-shortcode simnor-shortcode-toggle-content\"><\/div><\/div><br \/>\n<div class=\"simnor-shortcode simnor-shortcode-toggle \"><h3 class=\"simnor-shortcode simnor-shortcode-toggle-heading\">\u00bfEstas turbinas pueden instalarse en cualquier tipo de r\u00edo?<i class=\"toggle-down fa-icon-plus\"><\/i><i class=\"toggle-up fa-icon-minus\"><\/i><\/h3><div class=\"simnor-shortcode simnor-shortcode-toggle-content\"><p>Es necesario tener una profundidad m\u00ednima de 60 cm y que la corriente de agua sea de una velocidad de entre 1 y 3 m\/s para que la hidroturbina pueda funcionar. Si la corriente del agua tiene estas caracter\u00edsticas, es un sitio potencial para el funcionamiento de la turbina.<\/p>\n<\/div><\/div><br \/>\n<div class=\"simnor-shortcode simnor-shortcode-toggle \"><h3 class=\"simnor-shortcode simnor-shortcode-toggle-heading\">\u00bfSe puede transportar la hidroturbina hasta mi destination?<i class=\"toggle-down fa-icon-plus\"><\/i><i class=\"toggle-up fa-icon-minus\"><\/i><\/h3><div class=\"simnor-shortcode simnor-shortcode-toggle-content\"><p>La hidroturbina es desmontable, lo que facilita su transporte a los lugares m\u00e1s alejados. Puede utilizarse en cualquier parte del mundo siempre y cuando las condiciones sean propicias. Cont\u00e1ctenos para saber si un distribuidor est\u00e1 disponible en su regi\u00f3n.<\/p>\n<\/div><\/div><br \/>\n<div class=\"simnor-shortcode simnor-shortcode-toggle \"><h3 class=\"simnor-shortcode simnor-shortcode-toggle-heading\">\u00bfLa hidroturbina funciona en invierno?<i class=\"toggle-down fa-icon-plus\"><\/i><i class=\"toggle-up fa-icon-minus\"><\/i><\/h3><div class=\"simnor-shortcode simnor-shortcode-toggle-content\"><p>Cada lugar y cada r\u00edo son \u00fanico. La utilizaci\u00f3n de la hidroturbina en invierno depende de la profundidad del r\u00edo y de la velocidad de la corriente del agua. Si \u00e9stas son suficientes y que el r\u00edo no se congela, la hidroturbina puede funcionar normalmente. Trabajamos actualmente sobre nuevas soluciones con el fin de que la hidroturbina funcione en condiciones de frio extremo.<\/p>\n<\/div><\/div><br \/>\n<div class=\"simnor-shortcode simnor-shortcode-toggle \"><h3 class=\"simnor-shortcode simnor-shortcode-toggle-heading\">\u00bfPuedo utilizar la hidroturbina para electrificar un calentador de agua o un calentador el\u00e9ctrico?<i class=\"toggle-down fa-icon-plus\"><\/i><i class=\"toggle-up fa-icon-minus\"><\/i><\/h3><div class=\"simnor-shortcode simnor-shortcode-toggle-content\"><p>Mientras m\u00e1s importante la corriente del r\u00edo es m\u00e1s la cantidad de electricidad producida por la hidroturbina lo es tambi\u00e9n. La hidroturbina funciona en corrientes de agua que tienen una velocidad entre 1 y 3 m\/s. Incluso cuando est\u00e1 en su capacidad m\u00ednima, la energ\u00eda acumulada en las bater\u00edas es suficiente para electrificar aparatos el\u00e9ctricos dom\u00e9sticos est\u00e1ndar tales como la iluminaci\u00f3n, la televisi\u00f3n, un refrigerador, una computadora, un micro ondas, etc. Sin embargo, los calentadores y los calentadores de agua consumen m\u00e1s energ\u00eda y exigen una cantidad de energ\u00eda superior a la que la hidroturbina puede suministrar.<\/p>\n<\/div><\/div><br \/>\n<div class=\"simnor-shortcode simnor-shortcode-toggle \"><h3 class=\"simnor-shortcode simnor-shortcode-toggle-heading\">\u00bfLa hidroturbina puede suministrarle electricidad a una o varias residencias o a una peque\u00f1a ciudad atravesada por un r\u00edo?<i class=\"toggle-down fa-icon-plus\"><\/i><i class=\"toggle-up fa-icon-minus\"><\/i><\/h3><div class=\"simnor-shortcode simnor-shortcode-toggle-content\"><p>Id\u00e9nergie ofrece la \u00fanica soluci\u00f3n del mercado que permite responder a las necesidades el\u00e9ctricas de una residencia a partir de una corriente de agua poco profunda. Varias turbinas pueden ser instaladas en red para suministrar una cantidad m\u00e1s importante de electricidad para as\u00ed electrificar peque\u00f1as ciudades aisladas con bajo consumo.<\/p>\n<\/div><\/div><br \/>\n<div class=\"simnor-shortcode simnor-shortcode-toggle \"><h3 class=\"simnor-shortcode simnor-shortcode-toggle-heading\">\u00bfCu\u00e1l es la potencia de salida de la hidroturbina y cu\u00e1l es su tensi\u00f3n de salida?<i class=\"toggle-down fa-icon-plus\"><\/i><i class=\"toggle-up fa-icon-minus\"><\/i><\/h3><div class=\"simnor-shortcode simnor-shortcode-toggle-content\"><p>La hidroturbina produce entre 100 y 500 W de potencia en continuo, lo que corresponde a 12 kWh de energ\u00eda por d\u00eda. La tensi\u00f3n de salida de la hidroturbina es de 48 V CC.<\/p>\n<\/div><\/div><br \/>\n<div class=\"simnor-shortcode simnor-shortcode-toggle \"><h3 class=\"simnor-shortcode simnor-shortcode-toggle-heading\">\u00bfC\u00f3mo puede seguir los avances de Id\u00e9nergie?<i class=\"toggle-down fa-icon-plus\"><\/i><i class=\"toggle-up fa-icon-minus\"><\/i><\/h3><div class=\"simnor-shortcode simnor-shortcode-toggle-content\"><p>Siga nuestras \u00faltimas noticias y m\u00e1s cosas sobre nuestra p\u00e1gina Facebook o sobre nuestra cuenta Twitter.<\/p>\n<\/div><\/div><br \/>\n<\/div>\n","protected":false},"excerpt":{"rendered":"<p>&nbsp;<\/p>\n","protected":false},"author":1,"featured_media":0,"parent":0,"menu_order":0,"comment_status":"closed","ping_status":"open","template":"","meta":[],"yoast_head":"<!-- This site is optimized with the Yoast SEO plugin v17.9 - https:\/\/yoast.com\/wordpress\/plugins\/seo\/ -->\n<title>Preguntas Frecuentes - Id\u00e9nergie<\/title>\n<meta name=\"robots\" content=\"index, follow, max-snippet:-1, max-image-preview:large, max-video-preview:-1\" \/>\n<link rel=\"canonical\" href=\"https:\/\/idenergie.ca\/es\/preguntasfrecuentes\/\" \/>\n<meta property=\"og:locale\" content=\"es_ES\" \/>\n<meta property=\"og:type\" content=\"article\" \/>\n<meta property=\"og:title\" content=\"Preguntas Frecuentes - Id\u00e9nergie\" \/>\n<meta property=\"og:description\" content=\"&nbsp;\" \/>\n<meta property=\"og:url\" content=\"https:\/\/idenergie.ca\/es\/preguntasfrecuentes\/\" \/>\n<meta property=\"og:site_name\" content=\"Id\u00e9nergie\" \/>\n<meta property=\"article:modified_time\" content=\"2017-01-11T21:46:24+00:00\" \/>\n<meta name=\"twitter:label1\" content=\"Tiempo de lectura\" \/>\n\t<meta name=\"twitter:data1\" content=\"9 minutos\" \/>\n<script type=\"application\/ld+json\" class=\"yoast-schema-graph\">{\"@context\":\"https:\/\/schema.org\",\"@graph\":[{\"@type\":\"WebSite\",\"@id\":\"https:\/\/idenergie.ca\/fr\/#website\",\"url\":\"https:\/\/idenergie.ca\/fr\/\",\"name\":\"Id\\u00e9nergie\",\"description\":\"\",\"potentialAction\":[{\"@type\":\"SearchAction\",\"target\":{\"@type\":\"EntryPoint\",\"urlTemplate\":\"https:\/\/idenergie.ca\/fr\/?s={search_term_string}\"},\"query-input\":\"required name=search_term_string\"}],\"inLanguage\":\"es\"},{\"@type\":\"WebPage\",\"@id\":\"https:\/\/idenergie.ca\/es\/preguntasfrecuentes\/#webpage\",\"url\":\"https:\/\/idenergie.ca\/es\/preguntasfrecuentes\/\",\"name\":\"Preguntas Frecuentes - Id\\u00e9nergie\",\"isPartOf\":{\"@id\":\"https:\/\/idenergie.ca\/fr\/#website\"},\"datePublished\":\"2015-03-12T23:11:34+00:00\",\"dateModified\":\"2017-01-11T21:46:24+00:00\",\"breadcrumb\":{\"@id\":\"https:\/\/idenergie.ca\/es\/preguntasfrecuentes\/#breadcrumb\"},\"inLanguage\":\"es\",\"potentialAction\":[{\"@type\":\"ReadAction\",\"target\":[\"https:\/\/idenergie.ca\/es\/preguntasfrecuentes\/\"]}]},{\"@type\":\"BreadcrumbList\",\"@id\":\"https:\/\/idenergie.ca\/es\/preguntasfrecuentes\/#breadcrumb\",\"itemListElement\":[{\"@type\":\"ListItem\",\"position\":1,\"name\":\"Home\",\"item\":\"https:\/\/idenergie.ca\/en\/\"},{\"@type\":\"ListItem\",\"position\":2,\"name\":\"Preguntas Frecuentes\"}]}]}<\/script>\n<!-- \/ Yoast SEO plugin. -->","yoast_head_json":{"title":"Preguntas Frecuentes - Id\u00e9nergie","robots":{"index":"index","follow":"follow","max-snippet":"max-snippet:-1","max-image-preview":"max-image-preview:large","max-video-preview":"max-video-preview:-1"},"canonical":"https:\/\/idenergie.ca\/es\/preguntasfrecuentes\/","og_locale":"es_ES","og_type":"article","og_title":"Preguntas Frecuentes - Id\u00e9nergie","og_description":"&nbsp;","og_url":"https:\/\/idenergie.ca\/es\/preguntasfrecuentes\/","og_site_name":"Id\u00e9nergie","article_modified_time":"2017-01-11T21:46:24+00:00","twitter_misc":{"Tiempo de lectura":"9 minutos"},"schema":{"@context":"https:\/\/schema.org","@graph":[{"@type":"WebSite","@id":"https:\/\/idenergie.ca\/fr\/#website","url":"https:\/\/idenergie.ca\/fr\/","name":"Id\u00e9nergie","description":"","potentialAction":[{"@type":"SearchAction","target":{"@type":"EntryPoint","urlTemplate":"https:\/\/idenergie.ca\/fr\/?s={search_term_string}"},"query-input":"required name=search_term_string"}],"inLanguage":"es"},{"@type":"WebPage","@id":"https:\/\/idenergie.ca\/es\/preguntasfrecuentes\/#webpage","url":"https:\/\/idenergie.ca\/es\/preguntasfrecuentes\/","name":"Preguntas Frecuentes - Id\u00e9nergie","isPartOf":{"@id":"https:\/\/idenergie.ca\/fr\/#website"},"datePublished":"2015-03-12T23:11:34+00:00","dateModified":"2017-01-11T21:46:24+00:00","breadcrumb":{"@id":"https:\/\/idenergie.ca\/es\/preguntasfrecuentes\/#breadcrumb"},"inLanguage":"es","potentialAction":[{"@type":"ReadAction","target":["https:\/\/idenergie.ca\/es\/preguntasfrecuentes\/"]}]},{"@type":"BreadcrumbList","@id":"https:\/\/idenergie.ca\/es\/preguntasfrecuentes\/#breadcrumb","itemListElement":[{"@type":"ListItem","position":1,"name":"Home","item":"https:\/\/idenergie.ca\/en\/"},{"@type":"ListItem","position":2,"name":"Preguntas Frecuentes"}]}]}},"_links":{"self":[{"href":"https:\/\/idenergie.ca\/es\/wp-json\/wp\/v2\/pages\/2046"}],"collection":[{"href":"https:\/\/idenergie.ca\/es\/wp-json\/wp\/v2\/pages"}],"about":[{"href":"https:\/\/idenergie.ca\/es\/wp-json\/wp\/v2\/types\/page"}],"author":[{"embeddable":true,"href":"https:\/\/idenergie.ca\/es\/wp-json\/wp\/v2\/users\/1"}],"replies":[{"embeddable":true,"href":"https:\/\/idenergie.ca\/es\/wp-json\/wp\/v2\/comments?post=2046"}],"version-history":[{"count":13,"href":"https:\/\/idenergie.ca\/es\/wp-json\/wp\/v2\/pages\/2046\/revisions"}],"predecessor-version":[{"id":6628,"href":"https:\/\/idenergie.ca\/es\/wp-json\/wp\/v2\/pages\/2046\/revisions\/6628"}],"wp:attachment":[{"href":"https:\/\/idenergie.ca\/es\/wp-json\/wp\/v2\/media?parent=2046"}],"curies":[{"name":"wp","href":"https:\/\/api.w.org\/{rel}","templated":true}]}}