{"id":2424,"date":"2015-08-12T14:17:21","date_gmt":"2015-08-12T19:17:21","guid":{"rendered":"https:\/\/idenergie.ca\/?page_id=2424"},"modified":"2015-08-27T09:42:07","modified_gmt":"2015-08-27T14:42:07","slug":"tutoriel","status":"publish","type":"page","link":"https:\/\/idenergie.ca\/es\/tutoriel\/","title":{"rendered":"Tutoriels"},"content":{"rendered":"<style>\n.custom-page-content{\nbackground-color:#f7f7f7;\n}\n#content-container .section-full-width .section-boxed {\nmargin-top:20px;\npadding-bottom:30px;\n}\n#content-container .section-boxed{\nmargin:0px;\nmargin-left:auto;\nmargin-right:auto;\n}\n#content-container .section-full-width .section-boxed{\nmargin-bottom:20px;}\n.section-full-width{\nbox-shadow: 0 1px 0 0 rgba(0, 0, 0, 0.00) inset, 0 -1px 0 0 rgba(0, 0, 0, 0.00) inset;\n}\n.page-template-template-full-custom-php #content-container{\nbackground-color:#f7f7f7;\n}<\/style>\n<p><script>\njQuery(document).ready(function($) {\njQuery(\"#main-container\").addClass(\"fixed-header-scroll\");\n});\n<\/script><\/p>\n<p align=\"center\" style=\"font-size:18px;padding-top:20px;\">Los siguientes videos muestran toda la informaci\u00f3n necesaria para el uso \u00f3ptimo de la hidroturbina incluyendo la preparaci\u00f3n para ponerla en el agua, la instalaci\u00f3n, el mantenimiento, etc. Le recomendamos que vea estos videos y el manual de instrucciones antes de empezar la instalaci\u00f3n de la hidroturbina de r\u00edo.<\/p>\n<div class=\"section-full-width section-light-bg parallax-fixed\" style=\"background-color:#;margin-bottom:0;\">\n<div class=\"section-boxed\" style=\"color:#373737;\">\n<h2 class=\"fourTitle section-title\" style=\"color:#252525;\">Calificaci\u00f3n del lugar<\/h2>\n<p align=\"center\">\nPara que usted pueda instalar una hidroturbina en un r\u00edo, el lugar debe responder a varios criterios enumerados en el siguiente video. La precalificaci\u00f3n del lugar es fundamental para la instalaci\u00f3n de la hidroturbina.\n<\/p>\n<\/div>\n<\/div>\n<div class=\"cols-wrapper cols-2\" style=\"\">\n<div class=\"col\" style=\"width:65%;text-align:center\">\n<iframe src=\"https:\/\/player.vimeo.com\/video\/136133072\" style=\"width:100%;height:450px; min-height:350px;\" frameborder=\"0\" webkitallowfullscreen mozallowfullscreen allowfullscreen><\/iframe>\n<\/div>\n<div class=\"col nomargin\" style=\"width:30%;padding-top:100px;\">\n<ol>\nEtapas incluidas en este v\u00eddeo<\/p>\n<li>Velocidad de el corriente<\/li>\n<li>Profundidad del agua<\/li>\n<li>Caracter\u00edsticas del lecho del r\u00edo<\/li>\n<li>Acceso al sitio y la distancia a las bater\u00edas<\/li>\n<\/ol>\n<\/div>\n<\/div>\n<div class=\"section-full-width section-light-bg parallax-fixed\" style=\"background-color:#;margin-bottom:0;\">\n<div class=\"section-boxed\" style=\"color:#373737;\">\n<h2 class=\"fourTitle section-title\" style=\"color:#252525;\">Instalaci\u00f3n de la hidroturbina de r\u00edo<\/h2>\n<p align=\"center\">\nLos siguientes videos explican las etapas de instalaci\u00f3n de la hidroturbina de r\u00edo de Id\u00e9nergie. Todas est\u00e1n relacionadas y deben hacerse en orden para lograr una buena instalaci\u00f3n. Es altamente recomendado un instalador certificado, sin embargo el cliente puede instalarla el mismo respetando las etapas y las normas de seguridad apropiadas.\n<\/p>\n<p style=\"font-size:22px;font-weight:bold;text-align:center;margin-top:30px\">Etapa 1: Montaje inicial<\/p>\n<\/h2>\n<p align=\"center\">\n\u00ab Pr\u00f3ximamente se subir\u00e1 el video \u00bb<\/p>\n<p style=\"text-align:center;margin-top:30px;\"><img src=\"https:\/\/idenergie.ca\/wp-content\/uploads\/2014\/10\/A4A7686.jpg\" style=\"width:80%;height:80%;\"><\/p>\n<p style=\"font-size:22px;font-weight:bold;text-align:center;margin-top:30px\">Etapa 2: Ensamblaje de la hidroturbinaen el sitio<\/p>\n<p style=\"text-align:center;\">La hidroturbina de r\u00edo se entrega desmontada para facilitar su transporte a los lugares m\u00e1s remotos. Las palas, las placas extremas, el generador y el pie deben ensamblarse con los tornillos adecuados como lo muestra el siguiente video.<\/p>\n<div class=\"cols-wrapper cols-2\" style=\"margin-top:30px\">\n<div class=\"col\" style=\"width:65%;text-align:center\">\n<iframe src=\"https:\/\/player.vimeo.com\/video\/136133073\" style=\"width:100%;height:450px; min-height:350px;\" frameborder=\"0\" webkitallowfullscreen mozallowfullscreen allowfullscreen><\/iframe>\n<\/div>\n<div class=\"col nomargin\" style=\"width:30%;padding-top:100px;\">\n<ol>\nEtapas incluidas en este v\u00eddeo<\/p>\n<li>Ensamblaje del pie al generador<\/li>\n<li>Fijaci\u00f3n de la turbina al generador<\/li>\n<li>Fijaci\u00f3n de la estructura de lanzamiento<\/li>\n<\/ol>\n<\/div>\n<\/div>\n<p style=\"font-size:22px;font-weight:bold;text-align:center;margin-top:30px\">Etapa 3: Ropa de seguridad<\/p>\n<p style=\"text-align:center;\">Antes de ponerla en el agua, el instalador debe asegurarse que tiene la ropa y los equipos de seguridad necesarios para realizar una instalaci\u00f3n segura y minimizar los riesgos y heridas.<\/p>\n<div class=\"cols-wrapper cols-2\" style=\"margin-top:30px\">\n<div class=\"col\" style=\"width:65%;text-align:center\">\n<iframe src=\"https:\/\/player.vimeo.com\/video\/136133074\" style=\"width:100%;height:450px; min-height:350px;\" frameborder=\"0\" webkitallowfullscreen mozallowfullscreen allowfullscreen><\/iframe>\n<\/div>\n<div class=\"col nomargin\" style=\"width:30%;padding-top:100px;\">\n<ol>\nEtapas incluidas en este v\u00eddeo<\/p>\n<li>Tacos<\/li>\n<li>Dispositivo de arranque autom\u00e1tico<\/li>\n<li>Asegurador de \u00edndice<\/li>\n<li>Guantes en neopreno<\/li>\n<li>cuchillo que se cuelga<\/li>\n<li>Arn\u00e9s<\/li>\n<li>Chaleco salvavidas<\/li>\n<li>Casco protector<\/li>\n<li>Casco protector<\/li>\n<li>Cuerda est\u00e1tica en nylon<\/li>\n<\/ol>\n<\/div>\n<\/div>\n<div class=\"cta-element\"><h2 class=\"cta-title\">Obtener equipo de seguridad<\/h2><a class=\"button\" href=\"https:\/\/idenergie.ca\/fr\/buy\/\">Consultar nuestro cat\u00e1logo en l\u00ednea<\/a><\/div>\n<p style=\"font-size:22px;font-weight:bold;text-align:center;margin-top:30px\">Etapa 4: Conexi\u00f3n el\u00e9ctrica<\/p>\n<p style=\"text-align:center;\">\u00ab Pr\u00f3ximamente se subir\u00e1 el video \u00bb<\/p>\n<\/div>\n<\/div>\n<p style=\"font-size:22px;font-weight:bold;text-align:center;margin-top:30px\">Etapa 5: Introducirla en el agua<\/p>\n<p style=\"text-align:center;\">La introducci\u00f3n al agua incluye varios pasos indicados en el siguiente video. Es importante que<br \/>las personas involucradas est\u00e9n atentos en esta etapa de la instalaci\u00f3n.<\/h2>\n<p align=\"center\">\n\u00ab Pr\u00f3ximamente se subir\u00e1 el video \u00bb\n<\/p>\n<div class=\"cols-wrapper cols-2\" style=\"margin-top:30px;height:500px;overflow:hidden;\">\n<div class=\"col\" style=\"width:65%;text-align:center;font-weight:bold;\">\n<img src=\"https:\/\/idenergie.ca\/wp-content\/uploads\/2014\/10\/installer-hydro-turbine.jpg\" style=\"width:100%;height:auto;\">\n<\/div>\n<div class=\"col nomargin\" style=\"width:30%;padding-top:100px;\">\n<ol>\nEtapas incluidas en este v\u00eddeo<\/p>\n<li>Preparaci\u00f3n del cable de seguridad<\/li>\n<li>Instalaci\u00f3n del anclaje<\/li>\n<li>Instalaci\u00f3n de la cuerda de una instalaci\u00f3n<\/li>\n<li>Fijaci\u00f3n del cable el\u00e9ctrico y el segundo cable de acero inoxidable<\/li>\n<li>Posicionar la hidroturbina<\/li>\n<li>Desmontar la estructura de transporte<\/li>\n<li>Implementaci\u00f3n del cable en acero<\/li>\n<\/ol>\n<\/div>\n<\/div>\n<div class=\"section-full-width section-light-bg parallax-fixed\" style=\"background-color:#;margin-bottom:0;\">\n<div class=\"section-boxed\" style=\"color:#373737;\">\n<h2 class=\"fourTitle section-title\" style=\"color:#252525;\">Desinstalaci\u00f3n<\/h2>\n<p align=\"center\">\n\u00ab Pr\u00f3ximamente se subir\u00e1 el video \u00bb\n<\/p>\n<\/div>\n<\/div>\n<div class=\"section-full-width section-light-bg parallax-fixed\" style=\"background-color:#;margin-bottom:0;\">\n<div class=\"section-boxed\" style=\"color:#373737;\">\n<h2 class=\"fourTitle section-title\" style=\"color:#252525;\">Mantenimiento<\/h2>\n<p align=\"center\">\n\u00ab Pr\u00f3ximamente se subir\u00e1 el video \u00bb\n<\/p>\n<\/div>\n<\/div>\n<div class=\"section-full-width section-light-bg parallax-fixed\" style=\"background-color:#;margin-bottom:0;\">\n<div class=\"section-boxed\" style=\"color:#373737;\">\n<h2 class=\"fourTitle section-title\" style=\"color:#252525;\">Tranquilizar el sitio<\/h2>\n<p align=\"center\">\n\u00ab Pr\u00f3ximamente se subir\u00e1 el video \u00bb\n<\/p>\n<\/div>\n<\/div>\n<div class=\"section-full-width section-light-bg parallax-fixed\" style=\"background-color:#;margin-bottom:0;\">\n<div class=\"section-boxed\" style=\"color:#373737;\">\n<h2 class=\"fourTitle section-title\" style=\"color:#252525;\">Composantes de un sistema de energ\u00eda renovable<\/h2>\n<p align=\"center\">\n\u00ab Pr\u00f3ximamente se subir\u00e1 el video \u00bb\n<\/p>\n<\/div>\n<\/div>\n","protected":false},"excerpt":{"rendered":"<p>Los siguientes videos muestran toda la informaci\u00f3n necesaria para el uso \u00f3ptimo de la hidroturbina incluyendo la preparaci\u00f3n para ponerla [&hellip;]<\/p>\n","protected":false},"author":1,"featured_media":0,"parent":0,"menu_order":0,"comment_status":"closed","ping_status":"open","template":"template-full-custom.php","meta":[],"yoast_head":"<!-- This site is optimized with the Yoast SEO plugin v17.9 - https:\/\/yoast.com\/wordpress\/plugins\/seo\/ -->\n<title>Tutoriels - Id\u00e9nergie<\/title>\n<meta name=\"robots\" content=\"index, follow, max-snippet:-1, max-image-preview:large, max-video-preview:-1\" \/>\n<link rel=\"canonical\" href=\"https:\/\/idenergie.ca\/es\/tutoriel\/\" \/>\n<meta property=\"og:locale\" content=\"es_ES\" \/>\n<meta property=\"og:type\" content=\"article\" \/>\n<meta property=\"og:title\" content=\"Tutoriels - Id\u00e9nergie\" \/>\n<meta property=\"og:description\" content=\"Los siguientes videos muestran toda la informaci\u00f3n necesaria para el uso \u00f3ptimo de la hidroturbina incluyendo la preparaci\u00f3n para ponerla [&hellip;]\" \/>\n<meta property=\"og:url\" content=\"https:\/\/idenergie.ca\/es\/tutoriel\/\" \/>\n<meta property=\"og:site_name\" content=\"Id\u00e9nergie\" \/>\n<meta property=\"article:modified_time\" content=\"2015-08-27T14:42:07+00:00\" \/>\n<meta property=\"og:image\" content=\"https:\/\/idenergie.ca\/wp-content\/uploads\/2014\/10\/A4A7686.jpg\" \/>\n<meta name=\"twitter:label1\" content=\"Tiempo de lectura\" \/>\n\t<meta name=\"twitter:data1\" content=\"3 minutos\" \/>\n<script type=\"application\/ld+json\" class=\"yoast-schema-graph\">{\"@context\":\"https:\/\/schema.org\",\"@graph\":[{\"@type\":\"WebSite\",\"@id\":\"https:\/\/idenergie.ca\/fr\/#website\",\"url\":\"https:\/\/idenergie.ca\/fr\/\",\"name\":\"Id\\u00e9nergie\",\"description\":\"\",\"potentialAction\":[{\"@type\":\"SearchAction\",\"target\":{\"@type\":\"EntryPoint\",\"urlTemplate\":\"https:\/\/idenergie.ca\/fr\/?s={search_term_string}\"},\"query-input\":\"required name=search_term_string\"}],\"inLanguage\":\"es\"},{\"@type\":\"ImageObject\",\"@id\":\"https:\/\/idenergie.ca\/es\/tutoriel\/#primaryimage\",\"inLanguage\":\"es\",\"url\":\"https:\/\/idenergie.ca\/wp-content\/uploads\/2014\/10\/A4A7686.jpg\",\"contentUrl\":\"https:\/\/idenergie.ca\/wp-content\/uploads\/2014\/10\/A4A7686.jpg\",\"width\":1200,\"height\":800},{\"@type\":\"WebPage\",\"@id\":\"https:\/\/idenergie.ca\/es\/tutoriel\/#webpage\",\"url\":\"https:\/\/idenergie.ca\/es\/tutoriel\/\",\"name\":\"Tutoriels - Id\\u00e9nergie\",\"isPartOf\":{\"@id\":\"https:\/\/idenergie.ca\/fr\/#website\"},\"primaryImageOfPage\":{\"@id\":\"https:\/\/idenergie.ca\/es\/tutoriel\/#primaryimage\"},\"datePublished\":\"2015-08-12T19:17:21+00:00\",\"dateModified\":\"2015-08-27T14:42:07+00:00\",\"breadcrumb\":{\"@id\":\"https:\/\/idenergie.ca\/es\/tutoriel\/#breadcrumb\"},\"inLanguage\":\"es\",\"potentialAction\":[{\"@type\":\"ReadAction\",\"target\":[\"https:\/\/idenergie.ca\/es\/tutoriel\/\"]}]},{\"@type\":\"BreadcrumbList\",\"@id\":\"https:\/\/idenergie.ca\/es\/tutoriel\/#breadcrumb\",\"itemListElement\":[{\"@type\":\"ListItem\",\"position\":1,\"name\":\"Home\",\"item\":\"https:\/\/idenergie.ca\/en\/\"},{\"@type\":\"ListItem\",\"position\":2,\"name\":\"Tutoriels\"}]}]}<\/script>\n<!-- \/ Yoast SEO plugin. -->","yoast_head_json":{"title":"Tutoriels - Id\u00e9nergie","robots":{"index":"index","follow":"follow","max-snippet":"max-snippet:-1","max-image-preview":"max-image-preview:large","max-video-preview":"max-video-preview:-1"},"canonical":"https:\/\/idenergie.ca\/es\/tutoriel\/","og_locale":"es_ES","og_type":"article","og_title":"Tutoriels - Id\u00e9nergie","og_description":"Los siguientes videos muestran toda la informaci\u00f3n necesaria para el uso \u00f3ptimo de la hidroturbina incluyendo la preparaci\u00f3n para ponerla [&hellip;]","og_url":"https:\/\/idenergie.ca\/es\/tutoriel\/","og_site_name":"Id\u00e9nergie","article_modified_time":"2015-08-27T14:42:07+00:00","og_image":[{"url":"https:\/\/idenergie.ca\/wp-content\/uploads\/2014\/10\/A4A7686.jpg"}],"twitter_misc":{"Tiempo de lectura":"3 minutos"},"schema":{"@context":"https:\/\/schema.org","@graph":[{"@type":"WebSite","@id":"https:\/\/idenergie.ca\/fr\/#website","url":"https:\/\/idenergie.ca\/fr\/","name":"Id\u00e9nergie","description":"","potentialAction":[{"@type":"SearchAction","target":{"@type":"EntryPoint","urlTemplate":"https:\/\/idenergie.ca\/fr\/?s={search_term_string}"},"query-input":"required name=search_term_string"}],"inLanguage":"es"},{"@type":"ImageObject","@id":"https:\/\/idenergie.ca\/es\/tutoriel\/#primaryimage","inLanguage":"es","url":"https:\/\/idenergie.ca\/wp-content\/uploads\/2014\/10\/A4A7686.jpg","contentUrl":"https:\/\/idenergie.ca\/wp-content\/uploads\/2014\/10\/A4A7686.jpg","width":1200,"height":800},{"@type":"WebPage","@id":"https:\/\/idenergie.ca\/es\/tutoriel\/#webpage","url":"https:\/\/idenergie.ca\/es\/tutoriel\/","name":"Tutoriels - Id\u00e9nergie","isPartOf":{"@id":"https:\/\/idenergie.ca\/fr\/#website"},"primaryImageOfPage":{"@id":"https:\/\/idenergie.ca\/es\/tutoriel\/#primaryimage"},"datePublished":"2015-08-12T19:17:21+00:00","dateModified":"2015-08-27T14:42:07+00:00","breadcrumb":{"@id":"https:\/\/idenergie.ca\/es\/tutoriel\/#breadcrumb"},"inLanguage":"es","potentialAction":[{"@type":"ReadAction","target":["https:\/\/idenergie.ca\/es\/tutoriel\/"]}]},{"@type":"BreadcrumbList","@id":"https:\/\/idenergie.ca\/es\/tutoriel\/#breadcrumb","itemListElement":[{"@type":"ListItem","position":1,"name":"Home","item":"https:\/\/idenergie.ca\/en\/"},{"@type":"ListItem","position":2,"name":"Tutoriels"}]}]}},"_links":{"self":[{"href":"https:\/\/idenergie.ca\/es\/wp-json\/wp\/v2\/pages\/2424"}],"collection":[{"href":"https:\/\/idenergie.ca\/es\/wp-json\/wp\/v2\/pages"}],"about":[{"href":"https:\/\/idenergie.ca\/es\/wp-json\/wp\/v2\/types\/page"}],"author":[{"embeddable":true,"href":"https:\/\/idenergie.ca\/es\/wp-json\/wp\/v2\/users\/1"}],"replies":[{"embeddable":true,"href":"https:\/\/idenergie.ca\/es\/wp-json\/wp\/v2\/comments?post=2424"}],"version-history":[{"count":20,"href":"https:\/\/idenergie.ca\/es\/wp-json\/wp\/v2\/pages\/2424\/revisions"}],"predecessor-version":[{"id":2529,"href":"https:\/\/idenergie.ca\/es\/wp-json\/wp\/v2\/pages\/2424\/revisions\/2529"}],"wp:attachment":[{"href":"https:\/\/idenergie.ca\/es\/wp-json\/wp\/v2\/media?parent=2424"}],"curies":[{"name":"wp","href":"https:\/\/api.w.org\/{rel}","templated":true}]}}