{"id":1065,"date":"2014-10-04T21:48:53","date_gmt":"2014-10-05T02:48:53","guid":{"rendered":"https:\/\/idenergie.ca\/buy-2\/"},"modified":"2016-06-06T22:09:26","modified_gmt":"2016-06-07T03:09:26","slug":"buy","status":"publish","type":"page","link":"https:\/\/idenergie.ca\/fr\/buy\/","title":{"rendered":"Boutique en ligne"},"content":{"rendered":"<div class=\"section-full-width section-dark-bg parallax-fixed\" style=\"background-color:#3ca4cf;\" id=\"section-1\"><div style=\"background-image:url(https:\/\/idenergie.ca\/wp-content\/uploads\/2016\/06\/construction.jpg); opacity:0.5; filter: alpha(opacity=50);\" class=\"full-bg-image\" ><\/div><div class=\"section-boxed\" style=\"color:#ffffff;\"><\/p>\n<h2 style=\"text-align: justify;\"><span style=\"color: #000000;\">*Veuillez prendre note que la boutique en ligne\u00a0est pr\u00e9sentement en construction.\u00a0Contactez-nous pour de plus amples informations sur nos produits et leur prix.<\/span><\/h2>\n<div class=\"cta-element\"><h2 class=\"cta-title\"><\/h2><a class=\"button\" href=\"\/fr\/contact\/\">CONTACT \/ ACHAT<\/a><\/div>\n<p>\n<\/div><\/div>\n<div class=\"section-full-width section-light-bg parallax-fixed\" style=\"background-color:#f7f7f7;\" id=\"hydrolienne\"><div style=\"background-image:url(http:\/\/idenergie.staging.ctrlweb.ca\/wp-content\/uploads\/2014\/08\/Gaussian-blur-background.jpg); opacity:0.5; filter: alpha(opacity=50);\" class=\"full-bg-image\" ><\/div><div class=\"section-boxed\" style=\"color:#373737;\"><h2 class=\"section-title\" style=\"color:#252525;\">HYDROLIENNE<\/h2><\/p>\n<div class=\"cols-wrapper cols-3\">\n<div class=\"col\">\n<p><img class=\"img-frame alignleft\" src=\"http:\/\/idenergie.staging.ctrlweb.ca\/wp-content\/uploads\/2014\/09\/slider1.jpg\" alt=\"\" \/><\/p>\n<\/div>\n<div class=\"col\">\n<p>L&rsquo;ensemble d&rsquo;hydrolienne portable comprend\u00a0:<\/p>\n<ul>\n<li>Hydrolienne Id\u00e9nergie<\/li>\n<li>Ensemble de convertisseur (contr\u00f4leur de charge, onduleur AC)<\/li>\n<li>Banque de batteries de 10 kWh<\/li>\n<li>Installation de base incluse<\/li>\n<li>Garantie de 3 mois pi\u00e8ces et main d&rsquo;oeuvre<\/li>\n<li>Garantie de 2 ans sur le g\u00e9n\u00e9rateur<\/li>\n<li>Convertisseur bi-directionnel pour batteries<br \/>\n*<em>*Garanties prolong\u00e9es disponibles<\/em><\/li>\n<\/ul>\n<\/div>\n<div class=\"col nomargin\">\n<div class=\"cta-element\"><h2 class=\"cta-title\">PROCUREZ-VOUS LA V\u00d4TRE<\/h2><a class=\"button\" href=\"\/fr\/contact\/\">CONTACTEZ-NOUS<\/a><\/div>\n<p style=\"text-align: center;\">Escomptes disponibles sur volume<\/p>\n<\/div>\n<\/div>\n<p class=\"small-note\"><em>*Prix en dollars canadiens &#8211; Offres sp\u00e9ciales disponibles &#8211; Frais d&rsquo;exp\u00e9dition non inclus- Pour toutes questions concernant les prix de transport ou autre, n&rsquo;h\u00e9sitez pas \u00e0 communiquer avec nous via notre ligne de service au 514-225-6896 ou remplissez le formulaire de contact et un repr\u00e9sentant vous contactera d\u00e8s que possible.<\/em><\/p>\n<p>\n<\/div><\/div>\n<div class=\"section-full-width section-light-bg\" style=\"background-color:#f7f7f7;\" id=\"section-2\"><div class=\"section-boxed\" style=\"color:#373737;\"><\/p>\n<div class=\"cols-wrapper cols-4\">\n<div class=\"col\">\n<p>\u00a0<img class=\"img-frame aligncenter\" src=\"https:\/\/idenergie.ca\/wp-content\/uploads\/2016\/04\/solar_mini.png\" alt=\"\" \/><\/p>\n<h3 style=\"text-align: center;\">Solaire\/Hybride<\/h3>\n<h4 style=\"text-align: center;\">Solutions combinant les deux technologies<\/h4>\n<p style=\"text-align: center;\"><a href=\"https:\/\/idenergie.ca\/fr\/solar-panels\/\">D\u00e9couvrir &gt;<\/a><\/p>\n<\/div>\n<div class=\"col\">\n<p>\u00a0<img class=\"img-frame aligncenter\" src=\"https:\/\/idenergie.ca\/wp-content\/uploads\/2016\/04\/mini_panel.png\" alt=\"\" \/><\/p>\n<h3 style=\"text-align: center;\">Paneaux pr\u00e9cabl\u00e9s<\/h3>\n<h4 style=\"text-align: center;\">Rend l&rsquo;installation facile aux bricoleurs<\/h4>\n<p style=\"text-align: center;\"><a href=\"https:\/\/idenergie.ca\/fr\/prewired_kit\/\">Explorer &gt;<\/a><\/p>\n<\/div>\n<div class=\"col\">\n<p>\u00a0<img class=\"img-frame aligncenter\" src=\"https:\/\/idenergie.ca\/wp-content\/uploads\/2016\/04\/system_builder.png\" alt=\"\" \/><\/p>\n<h3 style=\"text-align: center;\">B\u00e2tisseur de syst\u00e8me<\/h3>\n<h4 style=\"text-align: center;\">Votre syst\u00e8me complet en moins de cinq minutes<\/h4>\n<p style=\"text-align: center;\"><a href=\"https:\/\/idenergie.ca\/fr\/batir-mon-systeme\/\">D\u00e9marrer\u00a0&gt;<\/a><\/p>\n<\/div>\n<div class=\"col nomargin\">\n<p><a href=\"https:\/\/idenergie.ca\/fr\/batir-mon-systeme\/\">\u00a0<img class=\"img-frame aligncenter\" src=\"https:\/\/idenergie.ca\/wp-content\/uploads\/2016\/04\/store_mini.png\" alt=\"\" \/><\/a><\/p>\n<h3 style=\"text-align: center;\">Boutique\u00a0en ligne<\/h3>\n<h4 style=\"text-align: center;\">Tout le n\u00e9cessaire pour votre\u00a0installation<\/h4>\n<p style=\"text-align: center;\"><a href=\"https:\/\/idenergie.ca\/fr\/buy\/\">Magasiner\u00a0&gt;<\/a><\/p>\n<\/div>\n<\/div>\n<p>\n<\/div><\/div>\n","protected":false},"excerpt":{"rendered":"","protected":false},"author":1,"featured_media":0,"parent":0,"menu_order":0,"comment_status":"open","ping_status":"open","template":"template-full-custom.php","meta":[],"yoast_head":"<!-- This site is optimized with the Yoast SEO plugin v17.9 - https:\/\/yoast.com\/wordpress\/plugins\/seo\/ -->\n<title>Boutique en ligne - Id\u00e9nergie<\/title>\n<meta name=\"robots\" content=\"index, follow, max-snippet:-1, max-image-preview:large, max-video-preview:-1\" \/>\n<link rel=\"canonical\" href=\"https:\/\/idenergie.ca\/fr\/buy\/\" \/>\n<meta property=\"og:locale\" content=\"fr_FR\" \/>\n<meta property=\"og:type\" content=\"article\" \/>\n<meta property=\"og:title\" content=\"Boutique en ligne - Id\u00e9nergie\" \/>\n<meta property=\"og:url\" content=\"https:\/\/idenergie.ca\/fr\/buy\/\" \/>\n<meta property=\"og:site_name\" content=\"Id\u00e9nergie\" \/>\n<meta property=\"article:modified_time\" content=\"2016-06-07T03:09:26+00:00\" \/>\n<meta property=\"og:image\" content=\"http:\/\/idenergie.staging.ctrlweb.ca\/wp-content\/uploads\/2014\/09\/slider1.jpg\" \/>\n<meta name=\"twitter:label1\" content=\"Dur\u00e9e de lecture est.\" \/>\n\t<meta name=\"twitter:data1\" content=\"2 minutes\" \/>\n<script type=\"application\/ld+json\" class=\"yoast-schema-graph\">{\"@context\":\"https:\/\/schema.org\",\"@graph\":[{\"@type\":\"WebSite\",\"@id\":\"https:\/\/idenergie.ca\/fr\/#website\",\"url\":\"https:\/\/idenergie.ca\/fr\/\",\"name\":\"Id\\u00e9nergie\",\"description\":\"\",\"potentialAction\":[{\"@type\":\"SearchAction\",\"target\":{\"@type\":\"EntryPoint\",\"urlTemplate\":\"https:\/\/idenergie.ca\/fr\/?s={search_term_string}\"},\"query-input\":\"required name=search_term_string\"}],\"inLanguage\":\"fr-FR\"},{\"@type\":\"ImageObject\",\"@id\":\"https:\/\/idenergie.ca\/fr\/buy\/#primaryimage\",\"inLanguage\":\"fr-FR\",\"url\":\"http:\/\/idenergie.staging.ctrlweb.ca\/wp-content\/uploads\/2014\/09\/slider1.jpg\",\"contentUrl\":\"http:\/\/idenergie.staging.ctrlweb.ca\/wp-content\/uploads\/2014\/09\/slider1.jpg\"},{\"@type\":\"WebPage\",\"@id\":\"https:\/\/idenergie.ca\/fr\/buy\/#webpage\",\"url\":\"https:\/\/idenergie.ca\/fr\/buy\/\",\"name\":\"Boutique en ligne - Id\\u00e9nergie\",\"isPartOf\":{\"@id\":\"https:\/\/idenergie.ca\/fr\/#website\"},\"primaryImageOfPage\":{\"@id\":\"https:\/\/idenergie.ca\/fr\/buy\/#primaryimage\"},\"datePublished\":\"2014-10-05T02:48:53+00:00\",\"dateModified\":\"2016-06-07T03:09:26+00:00\",\"breadcrumb\":{\"@id\":\"https:\/\/idenergie.ca\/fr\/buy\/#breadcrumb\"},\"inLanguage\":\"fr-FR\",\"potentialAction\":[{\"@type\":\"ReadAction\",\"target\":[\"https:\/\/idenergie.ca\/fr\/buy\/\"]}]},{\"@type\":\"BreadcrumbList\",\"@id\":\"https:\/\/idenergie.ca\/fr\/buy\/#breadcrumb\",\"itemListElement\":[{\"@type\":\"ListItem\",\"position\":1,\"name\":\"Home\",\"item\":\"https:\/\/idenergie.ca\/fr\/\"},{\"@type\":\"ListItem\",\"position\":2,\"name\":\"Boutique en ligne\"}]}]}<\/script>\n<!-- \/ Yoast SEO plugin. -->","yoast_head_json":{"title":"Boutique en ligne - Id\u00e9nergie","robots":{"index":"index","follow":"follow","max-snippet":"max-snippet:-1","max-image-preview":"max-image-preview:large","max-video-preview":"max-video-preview:-1"},"canonical":"https:\/\/idenergie.ca\/fr\/buy\/","og_locale":"fr_FR","og_type":"article","og_title":"Boutique en ligne - Id\u00e9nergie","og_url":"https:\/\/idenergie.ca\/fr\/buy\/","og_site_name":"Id\u00e9nergie","article_modified_time":"2016-06-07T03:09:26+00:00","og_image":[{"url":"http:\/\/idenergie.staging.ctrlweb.ca\/wp-content\/uploads\/2014\/09\/slider1.jpg"}],"twitter_misc":{"Dur\u00e9e de lecture est.":"2 minutes"},"schema":{"@context":"https:\/\/schema.org","@graph":[{"@type":"WebSite","@id":"https:\/\/idenergie.ca\/fr\/#website","url":"https:\/\/idenergie.ca\/fr\/","name":"Id\u00e9nergie","description":"","potentialAction":[{"@type":"SearchAction","target":{"@type":"EntryPoint","urlTemplate":"https:\/\/idenergie.ca\/fr\/?s={search_term_string}"},"query-input":"required name=search_term_string"}],"inLanguage":"fr-FR"},{"@type":"ImageObject","@id":"https:\/\/idenergie.ca\/fr\/buy\/#primaryimage","inLanguage":"fr-FR","url":"http:\/\/idenergie.staging.ctrlweb.ca\/wp-content\/uploads\/2014\/09\/slider1.jpg","contentUrl":"http:\/\/idenergie.staging.ctrlweb.ca\/wp-content\/uploads\/2014\/09\/slider1.jpg"},{"@type":"WebPage","@id":"https:\/\/idenergie.ca\/fr\/buy\/#webpage","url":"https:\/\/idenergie.ca\/fr\/buy\/","name":"Boutique en ligne - Id\u00e9nergie","isPartOf":{"@id":"https:\/\/idenergie.ca\/fr\/#website"},"primaryImageOfPage":{"@id":"https:\/\/idenergie.ca\/fr\/buy\/#primaryimage"},"datePublished":"2014-10-05T02:48:53+00:00","dateModified":"2016-06-07T03:09:26+00:00","breadcrumb":{"@id":"https:\/\/idenergie.ca\/fr\/buy\/#breadcrumb"},"inLanguage":"fr-FR","potentialAction":[{"@type":"ReadAction","target":["https:\/\/idenergie.ca\/fr\/buy\/"]}]},{"@type":"BreadcrumbList","@id":"https:\/\/idenergie.ca\/fr\/buy\/#breadcrumb","itemListElement":[{"@type":"ListItem","position":1,"name":"Home","item":"https:\/\/idenergie.ca\/fr\/"},{"@type":"ListItem","position":2,"name":"Boutique en ligne"}]}]}},"_links":{"self":[{"href":"https:\/\/idenergie.ca\/fr\/wp-json\/wp\/v2\/pages\/1065"}],"collection":[{"href":"https:\/\/idenergie.ca\/fr\/wp-json\/wp\/v2\/pages"}],"about":[{"href":"https:\/\/idenergie.ca\/fr\/wp-json\/wp\/v2\/types\/page"}],"author":[{"embeddable":true,"href":"https:\/\/idenergie.ca\/fr\/wp-json\/wp\/v2\/users\/1"}],"replies":[{"embeddable":true,"href":"https:\/\/idenergie.ca\/fr\/wp-json\/wp\/v2\/comments?post=1065"}],"version-history":[{"count":40,"href":"https:\/\/idenergie.ca\/fr\/wp-json\/wp\/v2\/pages\/1065\/revisions"}],"predecessor-version":[{"id":4373,"href":"https:\/\/idenergie.ca\/fr\/wp-json\/wp\/v2\/pages\/1065\/revisions\/4373"}],"wp:attachment":[{"href":"https:\/\/idenergie.ca\/fr\/wp-json\/wp\/v2\/media?parent=1065"}],"curies":[{"name":"wp","href":"https:\/\/api.w.org\/{rel}","templated":true}]}}