{"id":1108,"date":"2014-10-05T15:02:24","date_gmt":"2014-10-05T20:02:24","guid":{"rendered":"https:\/\/idenergie.ca\/?page_id=1108"},"modified":"2016-12-21T15:00:47","modified_gmt":"2016-12-21T20:00:47","slug":"puissance","status":"publish","type":"page","link":"https:\/\/idenergie.ca\/fr\/puissance\/","title":{"rendered":"Production \u00e9nerg\u00e9tique"},"content":{"rendered":"<style>\n#content-container .section-full-width .section-boxed{\nmargin-top:30px;}\n.page-template-template-full-custom-php #content-container{\nmargin-top:-90px;}\n.tableButton{\ndisplay:inline;\nwidth:100px;\nmargin-left:30px;\n}\n.hiddenTable{\nheight:0px;\noverflow:hidden;}\n<\/style>\n<p><script>\njQuery(document).ready(function (){\njQuery(\"#main-container\").addClass(\"fixed-header-scroll\");\nvar $=jQuery;\n$('#firstLink').click(function (){\n$('.hiddenTable').animate({height:\"0px\"},400);\n$('#firstTable').parent().animate({height:($('#firstTable').height()+40)+\"px\"},700);\n});\n$('#secondLink').click(function (){\n$('.hiddenTable').animate({height:\"0px\"},400);\n$('#secondTable').parent().animate({height:($('#secondTable').height()+40)+\"px\"},700);\n});\n$('#thirdLink').click(function (){\n$('.hiddenTable').animate({height:\"0px\"},400);\n$('#thirdTable').parent().animate({height:($('#thirdTable').height()+40)+\"px\"},700);\n});\n$('#fourthLink').click(function (){\n$('.hiddenTable').animate({height:\"0px\"},400);\n$('#fourthTable').parent().animate({height:($('#fourthTable').height()+40)+\"px\"},700);\n});\n});\n<\/script><br \/>\n<div class=\"section-full-width section-light-bg parallax-fixed\" style=\"background-color:#f7f7f7;\" id=\"vitessedecourant\"><div style=\"background-image:url(\/wp-content\/uploads\/2014\/08\/Gaussian-blur-background.jpg); opacity:0.2; filter: alpha(opacity=20);\" class=\"full-bg-image\" ><\/div><div class=\"section-boxed\" style=\"color:#373737;\"><h2 class=\"section-title\" style=\"color:#252525;\">Vitesse de courant<\/h2><\/p>\n<p align=\"center\">\nL\u2019hydrolienne de rivi\u00e8re transforme l\u2019\u00e9nergie cin\u00e9tique du courant de la rivi\u00e8re en <strong>\u00e9lectricit\u00e9<\/strong>.<br \/>\nSa production \u00e9nerg\u00e9tique d\u00e9pend de la <strong>vitesse de courant<\/strong>. Ainsi plus celui-ci est fort, plus l\u2019hydrolienne produira de l\u2019\u00e9lectricit\u00e9.<br \/>\nLa vitesse de la rivi\u00e8re est g\u00e9n\u00e9ralement exprim\u00e9e en m\u00e8tres par seconde (m\/s).<br \/>\nVoici quelques exemples de vitesses de rivi\u00e8res propices \u00e0 l\u2019utilisation de l\u2019hydrolienne.<\/p>\n<p align=\"center\">\n<iframe loading=\"lazy\" src=\"https:\/\/player.vimeo.com\/video\/129269292\" width=\"700px\" height=\"450px;\" frameborder=\"0\" webkitallowfullscreen mozallowfullscreen allowfullscreen><\/iframe>\n<\/p>\n<div class=\"section-full-width section-light-bg parallax-fixed\" style=\"background-color:#f7f7f7;\" id=\"production\u00e9nerg\u00e9tique\"><div style=\"background-image:url(\/wp-content\/uploads\/2014\/08\/Gaussian-blur-background.jpg); opacity:0.2; filter: alpha(opacity=20);\" class=\"full-bg-image\" ><\/div><div class=\"section-boxed\" style=\"color:#373737;\"><h2 class=\"section-title\" style=\"color:#252525;\">Production \u00e9nerg\u00e9tique<\/h2><\/div><\/div>\n<p align=\"center\" style=\"margin-bottom:30px;\">\nLe processus de production d\u2019\u00e9nergie va comme suit : les turbines tournent gr\u00e2ce au courant de la rivi\u00e8re et celles-ci activent le <strong>g\u00e9n\u00e9rateur<\/strong>. L\u2019\u00e9nergie qui en d\u00e9coule est ensuite convertie en \u00e9lectricit\u00e9 gr\u00e2ce au <strong>convertisseur intelligent <\/strong>qui se trouve \u00e0 l\u2019int\u00e9rieur du b\u00e2ti. Par la suite, l\u2019\u00e9nergie est achemin\u00e9e jusqu\u2019aux batteries afin de les <strong>recharger 24 heures sur 24<\/strong> \u00e0 l\u2019aide d\u2019un c\u00e2ble \u00e9lectrique reli\u00e9 \u00e0 l\u2019hydrolienne. \u00c0 partir des batteries, un onduleur transforme le <strong>courant continu<\/strong> (24-48 V DC) en <strong>courant alternatif<\/strong> (120 V AC) afin d\u2019alimenter les appareils \u00e9lectriques, selon la demande.<\/p>\n<p>Le graphique ci-dessous illustre la capacit\u00e9 de<strong> production journali\u00e8re<\/strong>. Celle-ci varie entre <strong>4 et 12 kWh<\/strong> selon la vitesse du courant de la rivi\u00e8re.\n<\/p>\n<h3 style=\"color: black; text-align: center; margin-top: 20px;\"><\/h3>\n<h3 style=\"color: black; text-align: center; margin-top: 20px;\">PRODUCTION \u00c9NERG\u00c9TIQUE JOURNALI\u00c8RE SELON LA VITESSE DE L&rsquo;EAU<\/h3>\n<p><img loading=\"lazy\" class=\"aligncenter wp-image-573 size-full\" src=\"https:\/\/idenergie.ca\/wp-content\/uploads\/2015\/07\/production_graph-fr.png\" alt=\"production_graph\" width=\"1008\" height=\"549\" \/><\/p>\n<p>Selon le graphique, voici quelques exemples de production en puissance:<\/p>\n<table class=\"power-production-table\">\n<tbody>\n<tr>\n<th>Vitesse de l&rsquo;eau\u00a0(m\/s)<\/th>\n<td>1<\/td>\n<td>1.5<\/td>\n<td>2<\/td>\n<td>2.5<\/td>\n<\/tr>\n<tr>\n<tr>\n<th>Production journali\u00e8re (kWh\/day)<\/th>\n<td>2,3<\/td>\n<td>4,7<\/td>\n<td>7,8<\/td>\n<td>11,6<\/td>\n<\/tr>\n<\/tbody>\n<\/table>\n<p>\n<\/div><\/div>\n<div class=\"section-full-width section-light-bg parallax-fixed\" style=\"background-color:#f7f7f7;\" id=\"sc\u00e9nariostypesdeconsommation\"><div style=\"background-image:url(\/wp-content\/uploads\/2014\/08\/Gaussian-blur-background.jpg); opacity:0.2; filter: alpha(opacity=20);\" class=\"full-bg-image\" ><\/div><div class=\"section-boxed\" style=\"color:#373737;\"><h2 class=\"section-title\" style=\"color:#252525;\">Sc\u00e9narios types de consommation<\/h2><\/p>\n<p align=\"center\" style=\"margin-bottom:30px;\">\n<p align=\"center\">\u00c0 partir de ces exemples, il vous est maintenant possible d\u2019avoir une id\u00e9e de la vitesse de votre rivi\u00e8re.<br \/>\nLe tableau suivant illustre une s\u00e9rie de sc\u00e9narios types d\u2019alimentation selon la production journali\u00e8re de l\u2019hydrolienne.<\/p>\n<\/p>\n<p style=\"text-align:center;margin-top:30px;\">\n<a id=\"firstLink\" class=\"button tableButton\">1,0 m\/s<\/a><a id=\"secondLink\" class=\"button tableButton\">1,5 m\/s<\/a><a id=\"thirdLink\" class=\"button tableButton\">2,0 m\/s<\/a><a id=\"fourthLink\" class=\"button tableButton\">2,5 m\/s<\/a><\/p>\n<div class=\"hiddenTable\">\n<table id=\"fourthTable\" class=\"power-production-table\">\n<tbody>\n<tr>\n<th>Appareils \u00e9lectriques<\/th>\n<th>Puissance<\/th>\n<th>Nombre d&rsquo;heure d&rsquo;utilisation\/Jour<\/th>\n<th>Consommation journali\u00e8re (Wh)<\/th>\n<\/tr>\n<tr>\n<th>Eclairage ch \u00e0 coucher <\/th>\n<td>15 Watts\t<\/th>\n<td>1h\t<\/td>\n<td>15<\/td>\n<\/tr>\n<tr>\n<th>Eclairage ch \u00e0 coucher <\/th>\n<td>15 Watts\t<\/th>\n<td>1h\t<\/td>\n<td>15<\/td>\n<\/tr>\n<tr>\n<th>Eclairage cuisine <\/th>\n<td>20 Watts\t\t<\/th>\n<td>8h\t<\/td>\n<td>160<\/td>\n<\/tr>\n<tr>\n<th>Eclairage du salon <\/th>\n<td>15 Watts\t\t<\/th>\n<td>5h\t<\/td>\n<td>75<\/td>\n<\/tr>\n<tr>\n<th>Eclairage ext\u00e9rieur <\/th>\n<td>15 Watts\t\t<\/th>\n<td>4h\t<\/td>\n<td>60<\/td>\n<\/tr>\n<tr>\n<th>Eclairage salle de bain <\/th>\n<td>15 Watts\t<\/th>\n<td>1h\t<\/td>\n<td>15<\/td>\n<\/tr>\n<tr>\n<th>Eclairage lavabo <\/th>\n<td>15 Watts\t\t\t<\/th>\n<td>2h\t<\/td>\n<td>30<\/td>\n<\/tr>\n<tr>\n<th>Four\/ grille pain <\/th>\n<td>2000 Watts\t\t<\/th>\n<td>2h\t<\/td>\n<td>4000<\/td>\n<\/tr>\n<tr>\n<th>R\u00e9frig\u00e9rateur <\/th>\n<td>30 Watts\t\t\t<\/th>\n<td>24h\t<\/td>\n<td>720<\/td>\n<\/tr>\n<tr>\n<th>Micro-onde <\/th>\n<td>1000 Watts\t\t\t\t<\/th>\n<td>6min\t<\/td>\n<td>100<\/td>\n<\/tr>\n<tr>\n<th>Cafeti\u00e8re <\/th>\n<td>1500 Watts\t\t\t\t<\/th>\n<td>10min\t<\/td>\n<td>255<\/td>\n<\/tr>\n<tr>\n<th>Plaques chauffantes <\/th>\n<td>1200 Watts\t<\/th>\n<td>1h 30min\t<\/td>\n<td>1800<\/td>\n<\/tr>\n<tr>\n<th>Pompe \u00e0 eau <\/th>\n<td>85 Watts\t\t\t\t<\/th>\n<td>1h 30min\t<\/td>\n<td>128<\/td>\n<\/tr>\n<tr>\n<th>Ordinateur <\/th>\n<td>100 Watts\t\t\t\t<\/th>\n<td>8h\t<\/td>\n<td>800<\/td>\n<\/tr>\n<tr>\n<th>Wifi <\/th>\n<td>30 Watts\t\t\t\t\t\t<\/th>\n<td>8h\t<\/td>\n<td>240<\/td>\n<\/tr>\n<tr>\n<th>T\u00e9l\u00e9phone <\/th>\n<td>5 Watts\t\t\t\t<\/th>\n<td>2h\t<\/td>\n<td>10<\/td>\n<\/tr>\n<tr>\n<th>R\u00e9veille matin <\/th>\n<td>15 Watts\t\t\t<\/th>\n<td>24h\t<\/td>\n<td>360<\/td>\n<\/tr>\n<tr>\n<th>T\u00e9l\u00e9vision <\/th>\n<td>60 Watts\t\t\t\t<\/th>\n<td>5h\t<\/td>\n<td>300<\/td>\n<\/tr>\n<tr>\n<th>Perceuse <\/th>\n<td>500 Watts\t\t\t\t<\/th>\n<td>30min\t<\/td>\n<td>250<\/td>\n<\/tr>\n<tr>\n<th>Scie \u00e9lectrique <\/th>\n<td>1000 Watts\t\t<\/th>\n<td>30min\t<\/td>\n<td>500<\/td>\n<\/tr>\n<tr>\n<th>Radio <\/th>\n<td>10 Watts\t\t\t\t\t<\/th>\n<td>5h\t<\/td>\n<td>50<\/td>\n<\/tr>\n<tr>\n<th>Ventillateur de plafond <\/th>\n<td>24 Watts\t<\/th>\n<td>15h\t<\/td>\n<td>360<\/td>\n<\/tr>\n<tr>\n<th>Fer \u00e0 repasser <\/th>\n<td>1000 Watts\t\t\t<\/th>\n<td>15 min\t<\/td>\n<td>250<\/td>\n<\/tr>\n<tr>\n<th>Consommation Totale\t<\/th>\n<td>\n<td><\/td>\n<td>10484<\/td>\n<\/tr>\n<tr>\n<th>Production Totale de l&rsquo;hydrolienne<\/th>\n<th>\n<th><\/th>\n<th>11 600<\/th>\n<\/tr>\n<\/tbody>\n<\/table>\n<\/div>\n<div class=\"hiddenTable\">\n<table id=\"thirdTable\" class=\"power-production-table\">\n<tbody>\n<tr>\n<th>Appareils \u00e9lectriques<\/th>\n<th>Puissance<\/th>\n<th>Nombre d&rsquo;heure d&rsquo;utilisation\/Jour<\/th>\n<th>Consommation journali\u00e8re (Wh)<\/th>\n<\/tr>\n<tr>\n<th>Eclairage ch \u00e0 coucher <\/th>\n<td>15 Watts\t<\/th>\n<td>1h\t<\/td>\n<td>15<\/td>\n<\/tr>\n<tr>\n<th>Eclairage ch \u00e0 coucher <\/th>\n<td>15 Watts\t<\/th>\n<td>1h\t<\/td>\n<td>15<\/td>\n<\/tr>\n<tr>\n<th>Eclairage cuisine <\/th>\n<td>20 Watts\t\t<\/th>\n<td>8h\t<\/td>\n<td>160<\/td>\n<\/tr>\n<tr>\n<th>Eclairage du salon <\/th>\n<td>15 Watts\t\t<\/th>\n<td>5h\t<\/td>\n<td>75<\/td>\n<\/tr>\n<tr>\n<th>Eclairage ext\u00e9rieur <\/th>\n<td>15 Watts\t\t<\/th>\n<td>4h\t<\/td>\n<td>60<\/td>\n<\/tr>\n<tr>\n<th>Eclairage salle de bain <\/th>\n<td>15 Watts\t<\/th>\n<td>1h\t<\/td>\n<td>15<\/td>\n<\/tr>\n<tr>\n<th>Eclairage lavabo <\/th>\n<td>15 Watts\t\t\t<\/th>\n<td>2h\t<\/td>\n<td>30<\/td>\n<\/tr>\n<tr>\n<th>Four\/ grille pain <\/th>\n<td>2000 Watts\t\t<\/th>\n<td>30min\t<\/td>\n<td>1000<\/td>\n<\/tr>\n<tr>\n<th>R\u00e9frig\u00e9rateur <\/th>\n<td>30 Watts\t\t\t<\/th>\n<td>24h\t<\/td>\n<td>720<\/td>\n<\/tr>\n<tr>\n<th>Pompe \u00e0 eau <\/th>\n<td>85 Watts\t\t\t\t<\/th>\n<td>1h 30min\t<\/td>\n<td>128<\/td>\n<\/tr>\n<tr>\n<th>Plaques chauffantes <\/th>\n<td>1200 Watts\t<\/th>\n<td>1h 30min\t<\/td>\n<td>1800<\/td>\n<\/tr>\n<tr>\n<th>Ordinateur <\/th>\n<td>100 Watts\t\t\t\t<\/th>\n<td>8h\t<\/td>\n<td>800<\/td>\n<\/tr>\n<tr>\n<th>Micro-onde <\/th>\n<td>1000 Watts\t\t\t\t<\/th>\n<td>6h\t<\/td>\n<td>100<\/td>\n<\/tr>\n<tr>\n<th>Cafeti\u00e8re <\/th>\n<td>1500 Watts\t\t\t\t<\/th>\n<td>6h\t<\/td>\n<td>150<\/td>\n<\/tr>\n<tr>\n<th>Wifi <\/th>\n<td>30 Watts\t\t\t\t\t\t<\/th>\n<td>8h\t<\/td>\n<td>240<\/td>\n<\/tr>\n<tr>\n<th>T\u00e9l\u00e9phone <\/th>\n<td>5 Watts\t\t\t\t<\/th>\n<td>2h\t<\/td>\n<td>10<\/td>\n<\/tr>\n<tr>\n<th>R\u00e9veille matin <\/th>\n<td>15 Watts\t\t\t<\/th>\n<td>24h\t<\/td>\n<td>360<\/td>\n<\/tr>\n<tr>\n<th>T\u00e9l\u00e9vision <\/th>\n<td>60 Watts\t\t\t\t<\/th>\n<td>5h\t<\/td>\n<td>300<\/td>\n<\/tr>\n<tr>\n<th>Perceuse <\/th>\n<td>500 Watts\t\t\t\t<\/th>\n<td>10min\t<\/td>\n<td>85<\/td>\n<\/tr>\n<tr>\n<th>Scie \u00e9lectrique <\/th>\n<td>100 0Watts\t\t<\/th>\n<td>10min\t<\/td>\n<td>170<\/td>\n<\/tr>\n<tr>\n<th>Radio <\/th>\n<td>10 Watts\t\t\t\t\t<\/th>\n<td>5h\t<\/td>\n<td>50<\/td>\n<\/tr>\n<tr>\n<th>Ventillateur de plafond <\/th>\n<td>24 Watts\t<\/th>\n<td>15h\t<\/td>\n<td>360<\/td>\n<\/tr>\n<tr>\n<th>Consommation Totale\t<\/th>\n<td>\n<td><\/td>\n<td>6643<\/td>\n<\/tr>\n<tr>\n<th>Production totale de l&rsquo;hydrolienne<\/th>\n<th>\n<th><\/th>\n<th>7800<\/th>\n<\/tr>\n<\/tbody>\n<\/table>\n<\/div>\n<div class=\"hiddenTable\">\n<table id=\"secondTable\" class=\"power-production-table\">\n<tbody>\n<tr>\n<th>Appareils \u00e9lectriques<\/th>\n<th>Puissance<\/th>\n<th>Nombre d&rsquo;heure d&rsquo;utilisation\/Jour<\/th>\n<th>Consommation journali\u00e8re (Wh)<\/th>\n<\/tr>\n<tr>\n<th>Eclairage ch \u00e0 coucher <\/th>\n<td>15Watts\t<\/th>\n<td>1h\t<\/td>\n<td> 15<\/td>\n<\/tr>\n<tr>\n<th>Eclairage ch \u00e0 coucher <\/th>\n<td>15Watts\t<\/th>\n<td>1h\t<\/td>\n<td> 15<\/td>\n<\/tr>\n<tr>\n<th>Eclairage cuisine <\/th>\n<td>20Watts\t\t<\/th>\n<td>8h\t<\/td>\n<td> 160<\/td>\n<\/tr>\n<tr>\n<th>Eclairage du salon <\/th>\n<td>15Watts\t\t<\/th>\n<td>5h\t<\/td>\n<td> 75<\/td>\n<\/tr>\n<tr>\n<th>Eclairage ext\u00e9rieur <\/th>\n<td>15Watts\t\t<\/th>\n<td>2h\t<\/td>\n<td> 30<\/td>\n<\/tr>\n<tr>\n<th>Eclairage salle de bain <\/th>\n<td>15Watts\t<\/th>\n<td>1h\t<\/td>\n<td> 15<\/td>\n<\/tr>\n<tr>\n<th>Eclairage lavabo <\/th>\n<td>15Watts\t\t\t<\/th>\n<td>2h\t<\/td>\n<td> 30<\/td>\n<\/tr>\n<tr>\n<th>Four\/ grille pain <\/th>\n<td>2000Watts\t\t<\/th>\n<td>30min\t<\/td>\n<td> 1000<\/td>\n<\/tr>\n<tr>\n<th>R\u00e9frig\u00e9rateur <\/th>\n<td>30Watts\t\t\t<\/th>\n<td>24h\t<\/td>\n<td> 720<\/td>\n<\/tr>\n<tr>\n<th>Pompe \u00e0 eau <\/th>\n<td>85Watts\t\t\t\t<\/th>\n<td>1h 30min\t<\/td>\n<td>128<\/td>\n<\/tr>\n<tr>\n<th>Plaques chauffantes <\/th>\n<td>1200Watts\t<\/th>\n<td>1h 30min\t<\/td>\n<td> 1800<\/td>\n<\/tr>\n<tr>\n<th>Ordinateur <\/th>\n<td>100Watts\t\t\t\t<\/th>\n<td>3h\t<\/td>\n<td> 300<\/td>\n<\/tr>\n<tr>\n<th>Micro-onde <\/th>\n<td>1000Watts\t\t\t\t<\/th>\n<td>6min\t<\/td>\n<td> 100<\/td>\n<\/tr>\n<tr>\n<th>Cafeti\u00e8re <\/th>\n<td>1500Watts\t\t\t\t<\/th>\n<td>6min\t<\/td>\n<td> 150<\/td>\n<\/tr>\n<tr>\n<th>Wifi <\/th>\n<td>30Watts\t\t\t\t\t\t<\/th>\n<td>3h\t<\/td>\n<td> 90<\/td>\n<\/tr>\n<tr>\n<th>T\u00e9l\u00e9phone <\/th>\n<td>5 Watts\t\t\t\t<\/th>\n<td>2h\t<\/td>\n<td> 10<\/td>\n<\/tr>\n<tr>\n<th>Consommation Totale\t<\/th>\n<td>\n<td><\/td>\n<td>4638<\/td>\n<\/tr>\n<tr>\n<th>Production totale de l&rsquo;hydrolienne<\/th>\n<th>\n<th><\/th>\n<th>4700<\/th>\n<\/tr>\n<\/tbody>\n<\/table>\n<\/div>\n<div class=\"hiddenTable\">\n<table id=\"firstTable\" class=\"power-production-table\">\n<tbody>\n<tr>\n<th>Appareils \u00e9lectriques<\/th>\n<th>Puissance<\/th>\n<th>Nombre d&rsquo;heure d&rsquo;utilisation\/Jour<\/th>\n<th>Consommation journali\u00e8re (Wh)<\/th>\n<\/tr>\n<tr>\n<th>Eclairage ch \u00e0 coucher <\/th>\n<td>15 Watts\t<\/th>\n<td>1h\t<\/td>\n<td>15<\/td>\n<\/tr>\n<tr>\n<th>Eclairage ch \u00e0 coucher <\/th>\n<td>15 Watts\t<\/th>\n<td>1h\t<\/td>\n<td>15<\/td>\n<\/tr>\n<tr>\n<th>Eclairage cuisine <\/th>\n<td>20 Watts\t\t<\/th>\n<td>5h\t<\/td>\n<td>100<\/td>\n<\/tr>\n<tr>\n<th>Eclairage du salon <\/th>\n<td>15 Watts\t\t<\/th>\n<td>2h\t<\/td>\n<td>30<\/td>\n<\/tr>\n<tr>\n<th>Eclairage ext\u00e9rieur <\/th>\n<td>15 Watts\t\t<\/th>\n<td>2h\t<\/td>\n<td>30<\/td>\n<\/tr>\n<tr>\n<th>Eclairage salle de bain <\/th>\n<td>15 Watts\t<\/th>\n<td>1h\t<\/td>\n<td>15<\/td>\n<\/tr>\n<tr>\n<th>Eclairage lavabo <\/th>\n<td>15 Watts\t\t\t<\/th>\n<td>2h\t<\/td>\n<td>30<\/td>\n<\/tr>\n<tr>\n<th>Four\/ grille pain <\/th>\n<td>2000 Watts\t\t<\/th>\n<td>24min\t<\/td>\n<td>800<\/td>\n<\/tr>\n<tr>\n<th>R\u00e9frig\u00e9rateur <\/th>\n<td>30 Watts\t\t\t<\/th>\n<td>24h\t<\/td>\n<td>720<\/td>\n<\/tr>\n<tr>\n<th>Pompe \u00e0 eau <\/th>\n<td>85 Watts\t\t\t\t<\/th>\n<td>1h 30min\t<\/td>\n<td>128<\/td>\n<\/tr>\n<tr>\n<th>Plaques chauffantes <\/th>\n<td>1200 Watts\t<\/th>\n<td>18 min\t<\/td>\n<td>360<\/td>\n<\/tr>\n<tr>\n<th>Consommation Totale\t<\/th>\n<td>\n<td><\/td>\n<td>2243<\/td>\n<\/tr>\n<tr>\n<th>Production totale de l&rsquo;hydrolienne<\/th>\n<th>\n<th><\/th>\n<th>2\u00a0300<\/th>\n<\/tr>\n<\/tbody>\n<\/table>\n<\/div>\n<p>\n<\/div><\/div>\n<div class=\"thumbnailLinkLeft firstLink\" style=\"display:inline-block; width:45%;float:left;\">\n<div class=\"cta-element\"><h2 class=\"cta-title\">Comment installe-t-on l'hydrolienne?<\/h2><a class=\"button\" href=\"https:\/\/idenergie.ca\/fr\/technologie\/\">Notre processus d'installation<\/a><\/div><\/p>\n<\/div>\n<div class=\"thumbnailLinkRight firstLink\" style=\"display:inline-block; width:45%;float:right;\">\n<div class=\"cta-element\"><h2 class=\"cta-title\">R\u00e9servez la v\u00f4tre maintenant!<\/h2><a class=\"button\" href=\"https:\/\/idenergie.ca\/fr\/catalogue\/\">Visitez notre catalogue en ligne<\/a><\/div><\/p>\n","protected":false},"excerpt":{"rendered":"","protected":false},"author":1,"featured_media":0,"parent":0,"menu_order":0,"comment_status":"open","ping_status":"open","template":"template-full-custom.php","meta":[],"yoast_head":"<!-- This site is optimized with the Yoast SEO plugin v17.9 - https:\/\/yoast.com\/wordpress\/plugins\/seo\/ -->\n<title>Production \u00e9nerg\u00e9tique<\/title>\n<meta name=\"description\" content=\"\u00c0 capacit\u00e9 maximale l&#039;hydrolienne produit jusqu&#039;\u00e0 12 kWh par jour.\" \/>\n<meta name=\"robots\" content=\"index, follow, max-snippet:-1, max-image-preview:large, max-video-preview:-1\" \/>\n<link rel=\"canonical\" href=\"https:\/\/idenergie.ca\/fr\/puissance\/\" \/>\n<meta property=\"og:locale\" content=\"fr_FR\" \/>\n<meta property=\"og:type\" content=\"article\" \/>\n<meta property=\"og:title\" content=\"Production \u00e9nerg\u00e9tique\" \/>\n<meta property=\"og:description\" content=\"\u00c0 capacit\u00e9 maximale l&#039;hydrolienne produit jusqu&#039;\u00e0 12 kWh par jour.\" \/>\n<meta property=\"og:url\" content=\"https:\/\/idenergie.ca\/fr\/puissance\/\" \/>\n<meta property=\"og:site_name\" content=\"Id\u00e9nergie\" \/>\n<meta property=\"article:modified_time\" content=\"2016-12-21T20:00:47+00:00\" \/>\n<meta property=\"og:image\" content=\"http:\/\/idenergie.ca\/wp-content\/uploads\/2015\/07\/production_graph-fr.png\" \/>\n<meta name=\"twitter:label1\" content=\"Dur\u00e9e de lecture est.\" \/>\n\t<meta name=\"twitter:data1\" content=\"4 minutes\" \/>\n<script type=\"application\/ld+json\" class=\"yoast-schema-graph\">{\"@context\":\"https:\/\/schema.org\",\"@graph\":[{\"@type\":\"WebSite\",\"@id\":\"https:\/\/idenergie.ca\/fr\/#website\",\"url\":\"https:\/\/idenergie.ca\/fr\/\",\"name\":\"Id\\u00e9nergie\",\"description\":\"\",\"potentialAction\":[{\"@type\":\"SearchAction\",\"target\":{\"@type\":\"EntryPoint\",\"urlTemplate\":\"https:\/\/idenergie.ca\/fr\/?s={search_term_string}\"},\"query-input\":\"required name=search_term_string\"}],\"inLanguage\":\"fr-FR\"},{\"@type\":\"ImageObject\",\"@id\":\"https:\/\/idenergie.ca\/fr\/puissance\/#primaryimage\",\"inLanguage\":\"fr-FR\",\"url\":\"https:\/\/idenergie.ca\/wp-content\/uploads\/2015\/07\/production_graph-fr.png\",\"contentUrl\":\"https:\/\/idenergie.ca\/wp-content\/uploads\/2015\/07\/production_graph-fr.png\",\"width\":1008,\"height\":549},{\"@type\":\"WebPage\",\"@id\":\"https:\/\/idenergie.ca\/fr\/puissance\/#webpage\",\"url\":\"https:\/\/idenergie.ca\/fr\/puissance\/\",\"name\":\"Production \\u00e9nerg\\u00e9tique\",\"isPartOf\":{\"@id\":\"https:\/\/idenergie.ca\/fr\/#website\"},\"primaryImageOfPage\":{\"@id\":\"https:\/\/idenergie.ca\/fr\/puissance\/#primaryimage\"},\"datePublished\":\"2014-10-05T20:02:24+00:00\",\"dateModified\":\"2016-12-21T20:00:47+00:00\",\"description\":\"\\u00c0 capacit\\u00e9 maximale l'hydrolienne produit jusqu'\\u00e0 12 kWh par jour.\",\"breadcrumb\":{\"@id\":\"https:\/\/idenergie.ca\/fr\/puissance\/#breadcrumb\"},\"inLanguage\":\"fr-FR\",\"potentialAction\":[{\"@type\":\"ReadAction\",\"target\":[\"https:\/\/idenergie.ca\/fr\/puissance\/\"]}]},{\"@type\":\"BreadcrumbList\",\"@id\":\"https:\/\/idenergie.ca\/fr\/puissance\/#breadcrumb\",\"itemListElement\":[{\"@type\":\"ListItem\",\"position\":1,\"name\":\"Home\",\"item\":\"https:\/\/idenergie.ca\/fr\/\"},{\"@type\":\"ListItem\",\"position\":2,\"name\":\"Production \\u00e9nerg\\u00e9tique\"}]}]}<\/script>\n<!-- \/ Yoast SEO plugin. -->","yoast_head_json":{"title":"Production \u00e9nerg\u00e9tique","description":"\u00c0 capacit\u00e9 maximale l'hydrolienne produit jusqu'\u00e0 12 kWh par jour.","robots":{"index":"index","follow":"follow","max-snippet":"max-snippet:-1","max-image-preview":"max-image-preview:large","max-video-preview":"max-video-preview:-1"},"canonical":"https:\/\/idenergie.ca\/fr\/puissance\/","og_locale":"fr_FR","og_type":"article","og_title":"Production \u00e9nerg\u00e9tique","og_description":"\u00c0 capacit\u00e9 maximale l'hydrolienne produit jusqu'\u00e0 12 kWh par jour.","og_url":"https:\/\/idenergie.ca\/fr\/puissance\/","og_site_name":"Id\u00e9nergie","article_modified_time":"2016-12-21T20:00:47+00:00","og_image":[{"url":"http:\/\/idenergie.ca\/wp-content\/uploads\/2015\/07\/production_graph-fr.png"}],"twitter_misc":{"Dur\u00e9e de lecture est.":"4 minutes"},"schema":{"@context":"https:\/\/schema.org","@graph":[{"@type":"WebSite","@id":"https:\/\/idenergie.ca\/fr\/#website","url":"https:\/\/idenergie.ca\/fr\/","name":"Id\u00e9nergie","description":"","potentialAction":[{"@type":"SearchAction","target":{"@type":"EntryPoint","urlTemplate":"https:\/\/idenergie.ca\/fr\/?s={search_term_string}"},"query-input":"required name=search_term_string"}],"inLanguage":"fr-FR"},{"@type":"ImageObject","@id":"https:\/\/idenergie.ca\/fr\/puissance\/#primaryimage","inLanguage":"fr-FR","url":"https:\/\/idenergie.ca\/wp-content\/uploads\/2015\/07\/production_graph-fr.png","contentUrl":"https:\/\/idenergie.ca\/wp-content\/uploads\/2015\/07\/production_graph-fr.png","width":1008,"height":549},{"@type":"WebPage","@id":"https:\/\/idenergie.ca\/fr\/puissance\/#webpage","url":"https:\/\/idenergie.ca\/fr\/puissance\/","name":"Production \u00e9nerg\u00e9tique","isPartOf":{"@id":"https:\/\/idenergie.ca\/fr\/#website"},"primaryImageOfPage":{"@id":"https:\/\/idenergie.ca\/fr\/puissance\/#primaryimage"},"datePublished":"2014-10-05T20:02:24+00:00","dateModified":"2016-12-21T20:00:47+00:00","description":"\u00c0 capacit\u00e9 maximale l'hydrolienne produit jusqu'\u00e0 12 kWh par jour.","breadcrumb":{"@id":"https:\/\/idenergie.ca\/fr\/puissance\/#breadcrumb"},"inLanguage":"fr-FR","potentialAction":[{"@type":"ReadAction","target":["https:\/\/idenergie.ca\/fr\/puissance\/"]}]},{"@type":"BreadcrumbList","@id":"https:\/\/idenergie.ca\/fr\/puissance\/#breadcrumb","itemListElement":[{"@type":"ListItem","position":1,"name":"Home","item":"https:\/\/idenergie.ca\/fr\/"},{"@type":"ListItem","position":2,"name":"Production \u00e9nerg\u00e9tique"}]}]}},"_links":{"self":[{"href":"https:\/\/idenergie.ca\/fr\/wp-json\/wp\/v2\/pages\/1108"}],"collection":[{"href":"https:\/\/idenergie.ca\/fr\/wp-json\/wp\/v2\/pages"}],"about":[{"href":"https:\/\/idenergie.ca\/fr\/wp-json\/wp\/v2\/types\/page"}],"author":[{"embeddable":true,"href":"https:\/\/idenergie.ca\/fr\/wp-json\/wp\/v2\/users\/1"}],"replies":[{"embeddable":true,"href":"https:\/\/idenergie.ca\/fr\/wp-json\/wp\/v2\/comments?post=1108"}],"version-history":[{"count":54,"href":"https:\/\/idenergie.ca\/fr\/wp-json\/wp\/v2\/pages\/1108\/revisions"}],"predecessor-version":[{"id":1124,"href":"https:\/\/idenergie.ca\/fr\/wp-json\/wp\/v2\/pages\/1108\/revisions\/1124"}],"wp:attachment":[{"href":"https:\/\/idenergie.ca\/fr\/wp-json\/wp\/v2\/media?parent=1108"}],"curies":[{"name":"wp","href":"https:\/\/api.w.org\/{rel}","templated":true}]}}