{"id":1444,"date":"2015-01-06T10:42:11","date_gmt":"2015-01-06T15:42:11","guid":{"rendered":"https:\/\/idenergie.ca\/?page_id=1444"},"modified":"2015-01-06T10:48:48","modified_gmt":"2015-01-06T15:48:48","slug":"merci","status":"publish","type":"page","link":"https:\/\/idenergie.ca\/fr\/merci\/","title":{"rendered":"Merci"},"content":{"rendered":"<p>&nbsp;<\/p>\n<p>&nbsp;<\/p>\n<p>&nbsp;<\/p>\n<p style=\"text-align: center;\"><br class=\"clear\" \/>Merci de nous avoir contact\u00e9. Nous r\u00e9pondrons \u00e0 votre demande d\u00e8s que possible.<\/p>\n<p>&nbsp;<\/p>\n<p style=\"text-align: center;\"><a class=\"button\" href=\"https:\/\/idenergie.ca\/en\/\">RETOUR \u00c0 LA PAGE D&rsquo;ACCUEIL<\/a><\/p>\n","protected":false},"excerpt":{"rendered":"<p>&nbsp; &nbsp; &nbsp; Merci de nous avoir contact\u00e9. Nous r\u00e9pondrons \u00e0 votre demande d\u00e8s que possible. &nbsp; RETOUR \u00c0 LA [&hellip;]<\/p>\n","protected":false},"author":1,"featured_media":0,"parent":0,"menu_order":0,"comment_status":"closed","ping_status":"open","template":"","meta":[],"yoast_head":"<!-- This site is optimized with the Yoast SEO plugin v17.9 - https:\/\/yoast.com\/wordpress\/plugins\/seo\/ -->\n<title>Merci - Id\u00e9nergie<\/title>\n<meta name=\"robots\" content=\"index, follow, max-snippet:-1, max-image-preview:large, max-video-preview:-1\" \/>\n<link rel=\"canonical\" href=\"https:\/\/idenergie.ca\/fr\/merci\/\" \/>\n<meta property=\"og:locale\" content=\"fr_FR\" \/>\n<meta property=\"og:type\" content=\"article\" \/>\n<meta property=\"og:title\" content=\"Merci - Id\u00e9nergie\" \/>\n<meta property=\"og:description\" content=\"&nbsp; &nbsp; &nbsp; Merci de nous avoir contact\u00e9. Nous r\u00e9pondrons \u00e0 votre demande d\u00e8s que possible. &nbsp; RETOUR \u00c0 LA [&hellip;]\" \/>\n<meta property=\"og:url\" content=\"https:\/\/idenergie.ca\/fr\/merci\/\" \/>\n<meta property=\"og:site_name\" content=\"Id\u00e9nergie\" \/>\n<meta property=\"article:modified_time\" content=\"2015-01-06T15:48:48+00:00\" \/>\n<script type=\"application\/ld+json\" class=\"yoast-schema-graph\">{\"@context\":\"https:\/\/schema.org\",\"@graph\":[{\"@type\":\"WebSite\",\"@id\":\"https:\/\/idenergie.ca\/fr\/#website\",\"url\":\"https:\/\/idenergie.ca\/fr\/\",\"name\":\"Id\\u00e9nergie\",\"description\":\"\",\"potentialAction\":[{\"@type\":\"SearchAction\",\"target\":{\"@type\":\"EntryPoint\",\"urlTemplate\":\"https:\/\/idenergie.ca\/fr\/?s={search_term_string}\"},\"query-input\":\"required name=search_term_string\"}],\"inLanguage\":\"fr-FR\"},{\"@type\":\"WebPage\",\"@id\":\"https:\/\/idenergie.ca\/fr\/merci\/#webpage\",\"url\":\"https:\/\/idenergie.ca\/fr\/merci\/\",\"name\":\"Merci - Id\\u00e9nergie\",\"isPartOf\":{\"@id\":\"https:\/\/idenergie.ca\/fr\/#website\"},\"datePublished\":\"2015-01-06T15:42:11+00:00\",\"dateModified\":\"2015-01-06T15:48:48+00:00\",\"breadcrumb\":{\"@id\":\"https:\/\/idenergie.ca\/fr\/merci\/#breadcrumb\"},\"inLanguage\":\"fr-FR\",\"potentialAction\":[{\"@type\":\"ReadAction\",\"target\":[\"https:\/\/idenergie.ca\/fr\/merci\/\"]}]},{\"@type\":\"BreadcrumbList\",\"@id\":\"https:\/\/idenergie.ca\/fr\/merci\/#breadcrumb\",\"itemListElement\":[{\"@type\":\"ListItem\",\"position\":1,\"name\":\"Home\",\"item\":\"https:\/\/idenergie.ca\/fr\/\"},{\"@type\":\"ListItem\",\"position\":2,\"name\":\"Merci\"}]}]}<\/script>\n<!-- \/ Yoast SEO plugin. -->","yoast_head_json":{"title":"Merci - Id\u00e9nergie","robots":{"index":"index","follow":"follow","max-snippet":"max-snippet:-1","max-image-preview":"max-image-preview:large","max-video-preview":"max-video-preview:-1"},"canonical":"https:\/\/idenergie.ca\/fr\/merci\/","og_locale":"fr_FR","og_type":"article","og_title":"Merci - Id\u00e9nergie","og_description":"&nbsp; &nbsp; &nbsp; Merci de nous avoir contact\u00e9. Nous r\u00e9pondrons \u00e0 votre demande d\u00e8s que possible. &nbsp; RETOUR \u00c0 LA [&hellip;]","og_url":"https:\/\/idenergie.ca\/fr\/merci\/","og_site_name":"Id\u00e9nergie","article_modified_time":"2015-01-06T15:48:48+00:00","schema":{"@context":"https:\/\/schema.org","@graph":[{"@type":"WebSite","@id":"https:\/\/idenergie.ca\/fr\/#website","url":"https:\/\/idenergie.ca\/fr\/","name":"Id\u00e9nergie","description":"","potentialAction":[{"@type":"SearchAction","target":{"@type":"EntryPoint","urlTemplate":"https:\/\/idenergie.ca\/fr\/?s={search_term_string}"},"query-input":"required name=search_term_string"}],"inLanguage":"fr-FR"},{"@type":"WebPage","@id":"https:\/\/idenergie.ca\/fr\/merci\/#webpage","url":"https:\/\/idenergie.ca\/fr\/merci\/","name":"Merci - Id\u00e9nergie","isPartOf":{"@id":"https:\/\/idenergie.ca\/fr\/#website"},"datePublished":"2015-01-06T15:42:11+00:00","dateModified":"2015-01-06T15:48:48+00:00","breadcrumb":{"@id":"https:\/\/idenergie.ca\/fr\/merci\/#breadcrumb"},"inLanguage":"fr-FR","potentialAction":[{"@type":"ReadAction","target":["https:\/\/idenergie.ca\/fr\/merci\/"]}]},{"@type":"BreadcrumbList","@id":"https:\/\/idenergie.ca\/fr\/merci\/#breadcrumb","itemListElement":[{"@type":"ListItem","position":1,"name":"Home","item":"https:\/\/idenergie.ca\/fr\/"},{"@type":"ListItem","position":2,"name":"Merci"}]}]}},"_links":{"self":[{"href":"https:\/\/idenergie.ca\/fr\/wp-json\/wp\/v2\/pages\/1444"}],"collection":[{"href":"https:\/\/idenergie.ca\/fr\/wp-json\/wp\/v2\/pages"}],"about":[{"href":"https:\/\/idenergie.ca\/fr\/wp-json\/wp\/v2\/types\/page"}],"author":[{"embeddable":true,"href":"https:\/\/idenergie.ca\/fr\/wp-json\/wp\/v2\/users\/1"}],"replies":[{"embeddable":true,"href":"https:\/\/idenergie.ca\/fr\/wp-json\/wp\/v2\/comments?post=1444"}],"version-history":[{"count":3,"href":"https:\/\/idenergie.ca\/fr\/wp-json\/wp\/v2\/pages\/1444\/revisions"}],"predecessor-version":[{"id":1448,"href":"https:\/\/idenergie.ca\/fr\/wp-json\/wp\/v2\/pages\/1444\/revisions\/1448"}],"wp:attachment":[{"href":"https:\/\/idenergie.ca\/fr\/wp-json\/wp\/v2\/media?parent=1444"}],"curies":[{"name":"wp","href":"https:\/\/api.w.org\/{rel}","templated":true}]}}