{"id":1461,"date":"2015-03-12T18:11:34","date_gmt":"2015-03-12T23:11:34","guid":{"rendered":"https:\/\/idenergie.ca\/?page_id=1461"},"modified":"2017-01-11T16:44:10","modified_gmt":"2017-01-11T21:44:10","slug":"foire-aux-questions","status":"publish","type":"page","link":"https:\/\/idenergie.ca\/fr\/foire-aux-questions\/","title":{"rendered":"Foire aux questions"},"content":{"rendered":"<div class=\"simnor-shortcode simnor-shortcode-accordion\"><\/p>\n<p><div class=\"simnor-shortcode simnor-shortcode-toggle \"><h3 class=\"simnor-shortcode simnor-shortcode-toggle-heading\">Combien co\u00fbte l'hydrolienne?<i class=\"toggle-down fa-icon-plus\"><\/i><i class=\"toggle-up fa-icon-minus\"><\/i><\/h3><div class=\"simnor-shortcode simnor-shortcode-toggle-content\"><p>Le prix normal de l'hydrolienne est de 12 500 dollars canadiens.<\/p>\n<\/div><\/div><br \/>\n<div class=\"simnor-shortcode simnor-shortcode-toggle \"><h3 class=\"simnor-shortcode simnor-shortcode-toggle-heading\">Faut-il un permis pour installer une hydrolienne dans ma rivi\u00e8re?<i class=\"toggle-down fa-icon-plus\"><\/i><i class=\"toggle-up fa-icon-minus\"><\/i><\/h3><div class=\"simnor-shortcode simnor-shortcode-toggle-content\"><p>Dans la majorit\u00e9 des cas, un permis est requis pour l\u2019installation d\u2019une hydrolienne en rivi\u00e8re, selon l\u2019emplacement du site et des r\u00e9glementations en place dans la r\u00e9gion. Les d\u00e9marches d\u2019autorisation sont \u00e0 la discr\u00e9tion du client. Id\u00e9nergie offre des documents d\u2019information sur les proc\u00e9dures d\u2019autorisation dans certaines juridictions afin d\u2019aider le client qui souhaite faire une demande. Pour des frais suppl\u00e9mentaires, Id\u00e9nergie offre \u00e9galement un programme d\u2019accompagnement personnalis\u00e9 au cours duquel le client est guid\u00e9 par notre expert en demandes d\u2019autorisation tout au long du processus.<\/p>\n<\/div><\/div><br \/>\n<div class=\"simnor-shortcode simnor-shortcode-toggle \"><h3 class=\"simnor-shortcode simnor-shortcode-toggle-heading\">Quels autres \u00e9quipements additionnels sont-ils n\u00e9cessaires \u00e0 l\u2019utilisation de l\u2019hydrolienne?<i class=\"toggle-down fa-icon-plus\"><\/i><i class=\"toggle-up fa-icon-minus\"><\/i><\/h3><div class=\"simnor-shortcode simnor-shortcode-toggle-content\"><p>Le forfait de base de l\u2019hydrolienne comprend:<\/p>\n<ul>\n<li>L\u2019hydrolienne<\/li>\n<li>Ancrage et c\u00e2ble en acier inoxydable<\/li>\n<li>C\u00e2ble \u00e9lectrique sous-marin (10 m\u00e8tres)<\/li>\n<li>Bo\u00eete de jonction eau-sol<\/li>\n<li>Pied<\/li>\n<li>Convertisseur int\u00e9gr\u00e9<\/li>\n<\/ul>\n<p>En plus de l\u2019hydrolienne, Id\u00e9nergie offre \u00e9galement un kit cl\u00e9 en main comprenant batteries et \u00e9quipement \u00e9lectrique pour une installation compl\u00e8te. Selon des besoins du client, celui-ci doit pr\u00e9voir des co\u00fbts suppl\u00e9mentaires \u00e0 partir de 3250 $ en moyenne. Ce type de syst\u00e8me est \u00e9galement compatible avec d\u2019autres produits d\u2019\u00e9nergies renouvelables (panneaux solaires et \u00e9oliennes).<\/p>\n<p>Ce prix comprend:<\/p>\n<ul>\n<li>Contr\u00f4leur de charge<\/li>\n<li>Accumulateurs (batteries de 10 kWh) *<\/li>\n<li>Onduleur (inverter) (48 Vdc \u00e0 120 Vac) de 1 500 W *<\/li>\n<\/ul>\n<p><em>* Il est possible d\u2019augmenter le nombre de batteries et la capacit\u00e9 de l\u2019onduleur. <\/em><\/p>\n<p>En option:<\/p>\n<ul>\n<li>Kit d\u2019installation et s\u00e9curit\u00e9 personnelle : gilets, pantalon-bottes, crampons d'appoint, baudrier, mousquetons, ascendeur, gants en n\u00e9opr\u00e8ne, corde d'attache, couteau, casque, pieu<\/li>\n<li>Kit d\u2019avertissement maritime : bou\u00e9e d\u2019avertissement plac\u00e9e en amont de l\u2019hydrolienne, enseigne \u00ab hydrolienne \u00e0 100 m \u00bb et drapeau flexible \u00e0 fixer au-dessus de l\u2019hydrolienne<\/li>\n<li>Convertisseur abaisseur de tension bidirectionnel Id\u00e9nergie (48 V \u00e0 24 V) dans les cas suivants :\n<ol>\n<li>Il y a plus de 400 m de distance entre l\u2019hydrolienne et votre panneau \u00e9lectrique<\/li>\n<li>Vous souhaitez abaisser la tension pour un syst\u00e8me \u00e0 12 ou 24 V<\/li>\n<li>Vous souhaitez brancher plusieurs hydroliennes ensemble (un par hydrolienne)<\/li>\n<\/ol>\n<\/li>\n<li>C\u00e2ble \u00e9lectrique de cat\u00e9gorie marine de la berge jusqu'au b\u00e2timent (longueur maximale de 1 000 m\u00e8tres)<\/li>\n<li>Anodisation pour zone marine<\/li>\n<\/ul>\n<p>\n<\/div><\/div><br \/>\n<div class=\"simnor-shortcode simnor-shortcode-toggle \"><h3 class=\"simnor-shortcode simnor-shortcode-toggle-heading\">Quelle est la garantie sur l\u2019\u00e9quipement?<i class=\"toggle-down fa-icon-plus\"><\/i><i class=\"toggle-up fa-icon-minus\"><\/i><\/h3><div class=\"simnor-shortcode simnor-shortcode-toggle-content\"><p>\nLes garanties offertes sont les suivantes :<\/p>\n<ul>\n<li>  Composants internes du bo\u00eetier de la g\u00e9n\u00e9ratrice de l\u2019hydrolienne: trois (3) ans.<\/li>\n<li>  Garantie de 3 mois sur les pi\u00e8ces et la main-d\u2019\u0153uvre en atelier pour toutes les autres composantes : exempts de d\u00e9fauts de fabrication et de mat\u00e9riaux dans des conditions normales d\u2019utilisation et de bon fonctionnement.<\/li>\n<li>  Tout mat\u00e9riel fourni au client qui n\u2019est pas fabriqu\u00e9 par Id\u00e9nergie Inc. voit sa garantie couverte selon le certificat de garantie des fournisseurs (sujet \u00e0 certaines conditions).<\/li>\n<\/ul>\n<p>\n<\/div><\/div><br \/>\n<div class=\"simnor-shortcode simnor-shortcode-toggle \"><h3 class=\"simnor-shortcode simnor-shortcode-toggle-heading\">Quelle est la garantie sur les batteries?<i class=\"toggle-down fa-icon-plus\"><\/i><i class=\"toggle-up fa-icon-minus\"><\/i><\/h3><div class=\"simnor-shortcode simnor-shortcode-toggle-content\"><p>Les batteries sont g\u00e9n\u00e9ralement garanties cinq (5) ans. Ceci varie selon le fabriquant.<\/p>\n<\/div><\/div><br \/>\n<div class=\"simnor-shortcode simnor-shortcode-toggle \"><h3 class=\"simnor-shortcode simnor-shortcode-toggle-heading\">L\u2019hydrolienne est-elle rentable pour ceux qui sont branch\u00e9s au r\u00e9seau \u00e9lectrique local?<i class=\"toggle-down fa-icon-plus\"><\/i><i class=\"toggle-up fa-icon-minus\"><\/i><\/h3><div class=\"simnor-shortcode simnor-shortcode-toggle-content\"><p>Il est important de noter que pour les clients connect\u00e9s au r\u00e9seau d\u2019\u00e9lectricit\u00e9 local, l\u2019hydrolienne d\u2019Id\u00e9nergie n\u2019offre g\u00e9n\u00e9ralement pas une alternative comp\u00e9titive pour le retour sur l\u2019investissement au long terme et \u00e9galement sur le plan du co\u00fbt du kWh produit. Il est aussi possible de revendre ou de se faire cr\u00e9diter l\u2019\u00e9nergie produite par un syst\u00e8me d\u2019\u00e9nergie renouvelable. Les diff\u00e9rents programmes d\u2019autoproduction varient selon la r\u00e9gion, il est important de v\u00e9rifier aupr\u00e8s de votre compagnie d\u2019\u00e9lectricit\u00e9 locale pour avoir plus de d\u00e9tails.<\/p>\n<\/div><\/div><br \/>\n<div class=\"simnor-shortcode simnor-shortcode-toggle \"><h3 class=\"simnor-shortcode simnor-shortcode-toggle-heading\">L\u2019hydrolienne est-elle rentable pour les clients hors r\u00e9seau?<i class=\"toggle-down fa-icon-plus\"><\/i><i class=\"toggle-up fa-icon-minus\"><\/i><\/h3><div class=\"simnor-shortcode simnor-shortcode-toggle-content\"><p>Si votre r\u00e9sidence ou \u00e9tablissement est isol\u00e9 du r\u00e9seau \u00e9lectrique local, l\u2019alimenter en \u00e9nergie peut co\u00fbter cher. Dans certain cas il faut pr\u00e9voir au moins 50 000 $ par kilom\u00e8tre de distance avec le poteau \u00e9lectrique le plus proche. Dans ces conditions, de plus en plus de gens se tournent vers l\u2019\u00e9nergie renouvelable. L\u2019hydrolienne d\u2019Id\u00e9nergie est une option id\u00e9ale ainsi qu\u2019un excellent investissement par rapport des g\u00e9n\u00e9ratrices \u00e0 essence.<\/p>\n<\/div><\/div><br \/>\n<div class=\"simnor-shortcode simnor-shortcode-toggle \"><h3 class=\"simnor-shortcode simnor-shortcode-toggle-heading\">Comment la faune aquatique interagit-elle avec l\u2019hydrolienne?<i class=\"toggle-down fa-icon-plus\"><\/i><i class=\"toggle-up fa-icon-minus\"><\/i><\/h3><div class=\"simnor-shortcode simnor-shortcode-toggle-content\"><p>La mission d\u2019Id\u00e9nergie est de d\u00e9velopper un produit am\u00e9liorant l\u2019acc\u00e8s de la population \u00e0 une source d\u2019\u00e9nergie renouvelable : la rivi\u00e8re. L\u2019objectif est de produire de l\u2019\u00e9nergie tout en \u00e9tant respectueux de l\u2019environnement et non de cr\u00e9er une nouvelle probl\u00e9matique.<\/p>\n<p>Les laboratoires Alden aux \u00c9tats-Unis ont effectu\u00e9 des \u00e9tudes sur un mod\u00e8le de turbine Darrieus ayant un profil similaire \u00e0 celle utilis\u00e9e par Id\u00e9nergie et il s\u2019est av\u00e9r\u00e9 que leur impact sur la faune aquatique \u00e9tait extr\u00eamement faible. Des tests sur des poissons en conduite ferm\u00e9e ont r\u00e9v\u00e9l\u00e9 que la tr\u00e8s grande majorit\u00e9 des poissons \u00e9vitaient la turbine ayant un profil similaire \u00e0 celle utilis\u00e9e par Id\u00e9nergie. Pour ceux qui la p\u00e9n\u00e9traient, aucun impact significatif n\u2019a \u00e9t\u00e9 enregistr\u00e9. Par cons\u00e9quent, il n\u2019existe aucune preuve que l\u2019hydrolienne repr\u00e9sente un danger pour la faune aquatique, d\u2019autant plus qu\u2019elle n\u2019occupe qu\u2019une petite portion de la rivi\u00e8re. Suite \u00e0 l'analyse de dossiers, P\u00eaches et Oc\u00e9ans Canada consid\u00e8re que l\u2019hydrolienne Id\u00e9nergie, sous ses caract\u00e9ristiques actuelles, peut \u00eatre utilis\u00e9e dans les cours d\u2019eau sans danger.<\/p>\n<p>Il demeure qu\u2019une analyse du site est recommand\u00e9e afin de s\u2019assurer que l\u2019hydrolienne ne soit pas install\u00e9e directement dans une fray\u00e8re.<\/p>\n<p><em>(Source : D\u00e9partement de l\u2019Energie am\u00e9ricain et P\u00eaches et Oc\u00e9ans Canada, \u00ab Turbine Passage survival estimates for the Dunvegan hydroelectric project, Stephan V. Amaral, Alden Research Lab et \u00ab Fish passage at small hydro sites, IEA technical report \u00bb)<\/em><\/p>\n<\/div><\/div><br \/>\n<div class=\"simnor-shortcode simnor-shortcode-toggle \"><h3 class=\"simnor-shortcode simnor-shortcode-toggle-heading\">Quels sont les risques pour l\u2019hydrolienne pos\u00e9s par les d\u00e9bris pr\u00e9sents dans les cours d\u2019eau?<i class=\"toggle-down fa-icon-plus\"><\/i><i class=\"toggle-up fa-icon-minus\"><\/i><\/h3><div class=\"simnor-shortcode simnor-shortcode-toggle-content\"><\/div><\/div><br \/>\n<div class=\"simnor-shortcode simnor-shortcode-toggle \"><h3 class=\"simnor-shortcode simnor-shortcode-toggle-heading\">Comment s\u2019installe l\u2019hydrolienne ?<i class=\"toggle-down fa-icon-plus\"><\/i><i class=\"toggle-up fa-icon-minus\"><\/i><\/h3><div class=\"simnor-shortcode simnor-shortcode-toggle-content\"><\/div><\/div><br \/>\n<div class=\"simnor-shortcode simnor-shortcode-toggle \"><h3 class=\"simnor-shortcode simnor-shortcode-toggle-heading\">L\u2019hydrolienne peut-elle s'installer dans tout type de rivi\u00e8re ou de fleuve? <i class=\"toggle-down fa-icon-plus\"><\/i><i class=\"toggle-up fa-icon-minus\"><\/i><\/h3><div class=\"simnor-shortcode simnor-shortcode-toggle-content\"><p>Un minimum de 60 cm de profondeur d'eau et une vitesse de courant entre 1 et 3 m\/s sont n\u00e9cessaires pour faire fonctionner l'hydrolienne. Si le cours d'eau (rivi\u00e8re ou fleuve) pr\u00e9sente ces caract\u00e9ristiques, il repr\u00e9sente un site potentiel pour l'utilisation de l'hydrolienne.<\/p>\n<\/div><\/div><br \/>\n<div class=\"simnor-shortcode simnor-shortcode-toggle \"><h3 class=\"simnor-shortcode simnor-shortcode-toggle-heading\">L\u2019hydrolienne peut-elle \u00eatre transport\u00e9e \u00e0 ma destination?<i class=\"toggle-down fa-icon-plus\"><\/i><i class=\"toggle-up fa-icon-minus\"><\/i><\/h3><div class=\"simnor-shortcode simnor-shortcode-toggle-content\"><p>L'hydrolienne est d\u00e9montable, facilitant le transport aux lieux les plus \u00e9loign\u00e9s de la plan\u00e8te. Elle peut \u00eatre utilis\u00e9e partout dans le monde si les conditions du site sont propices. Contactez-nous pour savoir si un distributeur est disponible dans votre r\u00e9gion.<\/p>\n<\/div><\/div><br \/>\n<div class=\"simnor-shortcode simnor-shortcode-toggle \"><h3 class=\"simnor-shortcode simnor-shortcode-toggle-heading\">L\u2019hydrolienne fonctionne-t-elle en hiver?<i class=\"toggle-down fa-icon-plus\"><\/i><i class=\"toggle-up fa-icon-minus\"><\/i><\/h3><div class=\"simnor-shortcode simnor-shortcode-toggle-content\"><p>Chaque site et chaque rivi\u00e8re est unique. L\u2019utilisation de l\u2019hydrolienne en hiver d\u00e9pend de la profondeur de la rivi\u00e8re et de la vitesse du courant. Si celle-ci est suffisante et que la rivi\u00e8re ne g\u00e8le pas, l\u2019hydrolienne peut fonctionner normalement. Nous travaillons actuellement sur de nouvelles solutions afin que l\u2019hydrolienne fonctionne dans des conditions de froid extr\u00eame.<\/p>\n<\/div><\/div><br \/>\n<div class=\"simnor-shortcode simnor-shortcode-toggle \"><h3 class=\"simnor-shortcode simnor-shortcode-toggle-heading\">Puis-je utiliser l\u2019hydrolienne pour alimenter un chauffe-eau ou un chauffage \u00e9lectrique?<i class=\"toggle-down fa-icon-plus\"><\/i><i class=\"toggle-up fa-icon-minus\"><\/i><\/h3><div class=\"simnor-shortcode simnor-shortcode-toggle-content\"><p>Plus le courant de la rivi\u00e8re est important, plus l'hydrolienne produit une quantit\u00e9 importante d'\u00e9lectricit\u00e9. Elle fonctionne dans des courants ayant des vitesses entre 1 et 3 m\/s. M\u00eame \u00e0 capacit\u00e9 minimale, l'\u00e9nergie accumul\u00e9e dans les batteries suffit pour alimenter des appareils \u00e9lectriques domestiques standards tel que l'\u00e9clairage, la t\u00e9l\u00e9vision, un r\u00e9frig\u00e9rateur, un ordinateur, un micro-ondes, etc. Par contre, les appareils de chauffage ou les chauffe-eau sont plus \u00e9nergivores et exigent une quantit\u00e9 d'\u00e9nergie sup\u00e9rieure \u00e0 ce que l'hydrolienne peut fournir.<\/p>\n<\/div><\/div><br \/>\n<div class=\"simnor-shortcode simnor-shortcode-toggle \"><h3 class=\"simnor-shortcode simnor-shortcode-toggle-heading\">L\u2019hydrolienne peut-elle fournir de l'\u00e9lectricit\u00e9 \u00e0 une ou plusieurs r\u00e9sidences ou \u00e0 un petit village travers\u00e9 par une rivi\u00e8re?<i class=\"toggle-down fa-icon-plus\"><\/i><i class=\"toggle-up fa-icon-minus\"><\/i><\/h3><div class=\"simnor-shortcode simnor-shortcode-toggle-content\"><p>Id\u00e9nergie offre la seule solution sur le march\u00e9 permettant de r\u00e9pondre aux besoins \u00e9lectriques d\u2019une r\u00e9sidence \u00e0 partir d\u2019un cours d\u2019eau peu profond. Plusieurs hydroliennes peuvent \u00eatre utilis\u00e9es en r\u00e9seau pour fournir une quantit\u00e9 plus importante d\u2019\u00e9lectricit\u00e9 afin d'alimenter des villages isol\u00e9s \u00e0 faible consommation.<\/p>\n<\/div><\/div><br \/>\n<div class=\"simnor-shortcode simnor-shortcode-toggle \"><h3 class=\"simnor-shortcode simnor-shortcode-toggle-heading\">Quelle est la puissance produite par l\u2019hydrolienne et quelle est sa tension de sortie?<i class=\"toggle-down fa-icon-plus\"><\/i><i class=\"toggle-up fa-icon-minus\"><\/i><\/h3><div class=\"simnor-shortcode simnor-shortcode-toggle-content\"><p>L\u2019hydrolienne produit entre 100 et 500 W de puissance en continu, ce qui correspond \u00e0 2 \u00e0 12 kWh d\u2019\u00e9nergie par jour. La tension en sortie de l\u2019hydrolienne est de 48 V DC.<\/p>\n<\/div><\/div><br \/>\n<div class=\"simnor-shortcode simnor-shortcode-toggle \"><h3 class=\"simnor-shortcode simnor-shortcode-toggle-heading\">Comment puis-je suivre les d\u00e9veloppements d\u2019Id\u00e9nergie?<i class=\"toggle-down fa-icon-plus\"><\/i><i class=\"toggle-up fa-icon-minus\"><\/i><\/h3><div class=\"simnor-shortcode simnor-shortcode-toggle-content\"><p>Suivez nos derni\u00e8res actualit\u00e9s et plus encore sur notre page Facebook ou sur notre compte Twitter.<\/p>\n<\/div><\/div><br \/>\n<\/div>\n","protected":false},"excerpt":{"rendered":"","protected":false},"author":1,"featured_media":0,"parent":0,"menu_order":0,"comment_status":"closed","ping_status":"open","template":"","meta":[],"yoast_head":"<!-- This site is optimized with the Yoast SEO plugin v17.9 - https:\/\/yoast.com\/wordpress\/plugins\/seo\/ -->\n<title>Foire aux questions - Id\u00e9nergie<\/title>\n<meta name=\"robots\" content=\"index, follow, max-snippet:-1, max-image-preview:large, max-video-preview:-1\" \/>\n<link rel=\"canonical\" href=\"https:\/\/idenergie.ca\/fr\/foire-aux-questions\/\" \/>\n<meta property=\"og:locale\" content=\"fr_FR\" \/>\n<meta property=\"og:type\" content=\"article\" \/>\n<meta property=\"og:title\" content=\"Foire aux questions - Id\u00e9nergie\" \/>\n<meta property=\"og:url\" content=\"https:\/\/idenergie.ca\/fr\/foire-aux-questions\/\" \/>\n<meta property=\"og:site_name\" content=\"Id\u00e9nergie\" \/>\n<meta property=\"article:modified_time\" content=\"2017-01-11T21:44:10+00:00\" \/>\n<meta name=\"twitter:label1\" content=\"Dur\u00e9e de lecture est.\" \/>\n\t<meta name=\"twitter:data1\" content=\"8 minutes\" \/>\n<script type=\"application\/ld+json\" class=\"yoast-schema-graph\">{\"@context\":\"https:\/\/schema.org\",\"@graph\":[{\"@type\":\"WebSite\",\"@id\":\"https:\/\/idenergie.ca\/fr\/#website\",\"url\":\"https:\/\/idenergie.ca\/fr\/\",\"name\":\"Id\\u00e9nergie\",\"description\":\"\",\"potentialAction\":[{\"@type\":\"SearchAction\",\"target\":{\"@type\":\"EntryPoint\",\"urlTemplate\":\"https:\/\/idenergie.ca\/fr\/?s={search_term_string}\"},\"query-input\":\"required name=search_term_string\"}],\"inLanguage\":\"fr-FR\"},{\"@type\":\"WebPage\",\"@id\":\"https:\/\/idenergie.ca\/fr\/foire-aux-questions\/#webpage\",\"url\":\"https:\/\/idenergie.ca\/fr\/foire-aux-questions\/\",\"name\":\"Foire aux questions - Id\\u00e9nergie\",\"isPartOf\":{\"@id\":\"https:\/\/idenergie.ca\/fr\/#website\"},\"datePublished\":\"2015-03-12T23:11:34+00:00\",\"dateModified\":\"2017-01-11T21:44:10+00:00\",\"breadcrumb\":{\"@id\":\"https:\/\/idenergie.ca\/fr\/foire-aux-questions\/#breadcrumb\"},\"inLanguage\":\"fr-FR\",\"potentialAction\":[{\"@type\":\"ReadAction\",\"target\":[\"https:\/\/idenergie.ca\/fr\/foire-aux-questions\/\"]}]},{\"@type\":\"BreadcrumbList\",\"@id\":\"https:\/\/idenergie.ca\/fr\/foire-aux-questions\/#breadcrumb\",\"itemListElement\":[{\"@type\":\"ListItem\",\"position\":1,\"name\":\"Home\",\"item\":\"https:\/\/idenergie.ca\/fr\/\"},{\"@type\":\"ListItem\",\"position\":2,\"name\":\"Foire aux questions\"}]}]}<\/script>\n<!-- \/ Yoast SEO plugin. -->","yoast_head_json":{"title":"Foire aux questions - Id\u00e9nergie","robots":{"index":"index","follow":"follow","max-snippet":"max-snippet:-1","max-image-preview":"max-image-preview:large","max-video-preview":"max-video-preview:-1"},"canonical":"https:\/\/idenergie.ca\/fr\/foire-aux-questions\/","og_locale":"fr_FR","og_type":"article","og_title":"Foire aux questions - Id\u00e9nergie","og_url":"https:\/\/idenergie.ca\/fr\/foire-aux-questions\/","og_site_name":"Id\u00e9nergie","article_modified_time":"2017-01-11T21:44:10+00:00","twitter_misc":{"Dur\u00e9e de lecture est.":"8 minutes"},"schema":{"@context":"https:\/\/schema.org","@graph":[{"@type":"WebSite","@id":"https:\/\/idenergie.ca\/fr\/#website","url":"https:\/\/idenergie.ca\/fr\/","name":"Id\u00e9nergie","description":"","potentialAction":[{"@type":"SearchAction","target":{"@type":"EntryPoint","urlTemplate":"https:\/\/idenergie.ca\/fr\/?s={search_term_string}"},"query-input":"required name=search_term_string"}],"inLanguage":"fr-FR"},{"@type":"WebPage","@id":"https:\/\/idenergie.ca\/fr\/foire-aux-questions\/#webpage","url":"https:\/\/idenergie.ca\/fr\/foire-aux-questions\/","name":"Foire aux questions - Id\u00e9nergie","isPartOf":{"@id":"https:\/\/idenergie.ca\/fr\/#website"},"datePublished":"2015-03-12T23:11:34+00:00","dateModified":"2017-01-11T21:44:10+00:00","breadcrumb":{"@id":"https:\/\/idenergie.ca\/fr\/foire-aux-questions\/#breadcrumb"},"inLanguage":"fr-FR","potentialAction":[{"@type":"ReadAction","target":["https:\/\/idenergie.ca\/fr\/foire-aux-questions\/"]}]},{"@type":"BreadcrumbList","@id":"https:\/\/idenergie.ca\/fr\/foire-aux-questions\/#breadcrumb","itemListElement":[{"@type":"ListItem","position":1,"name":"Home","item":"https:\/\/idenergie.ca\/fr\/"},{"@type":"ListItem","position":2,"name":"Foire aux questions"}]}]}},"_links":{"self":[{"href":"https:\/\/idenergie.ca\/fr\/wp-json\/wp\/v2\/pages\/1461"}],"collection":[{"href":"https:\/\/idenergie.ca\/fr\/wp-json\/wp\/v2\/pages"}],"about":[{"href":"https:\/\/idenergie.ca\/fr\/wp-json\/wp\/v2\/types\/page"}],"author":[{"embeddable":true,"href":"https:\/\/idenergie.ca\/fr\/wp-json\/wp\/v2\/users\/1"}],"replies":[{"embeddable":true,"href":"https:\/\/idenergie.ca\/fr\/wp-json\/wp\/v2\/comments?post=1461"}],"version-history":[{"count":29,"href":"https:\/\/idenergie.ca\/fr\/wp-json\/wp\/v2\/pages\/1461\/revisions"}],"predecessor-version":[{"id":6626,"href":"https:\/\/idenergie.ca\/fr\/wp-json\/wp\/v2\/pages\/1461\/revisions\/6626"}],"wp:attachment":[{"href":"https:\/\/idenergie.ca\/fr\/wp-json\/wp\/v2\/media?parent=1461"}],"curies":[{"name":"wp","href":"https:\/\/api.w.org\/{rel}","templated":true}]}}