{"id":1646,"date":"2015-05-06T13:49:57","date_gmt":"2015-05-06T18:49:57","guid":{"rendered":"https:\/\/idenergie.ca\/?page_id=1646"},"modified":"2015-10-05T13:17:01","modified_gmt":"2015-10-05T18:17:01","slug":"specifications-2","status":"publish","type":"page","link":"https:\/\/idenergie.ca\/fr\/specifications-2\/","title":{"rendered":"Sp\u00e9cifications"},"content":{"rendered":"<div class=\"section-full-width section-light-bg parallax-fixed\" style=\"background-color:#ffffff;\" id=\"sp\u00e9cificationstechniques\"><div class=\"section-boxed\" style=\"color:#ffffff;\"><h2 class=\"section-title\" style=\"color:#252525;\">Sp\u00e9cifications techniques<\/h2><\/p>\n<style>\n.table-col {\nmargin-left:3%;\nwidth:95%;\n}\n.table-col td {\nwidth:40%;\ncolor:black;\n}\n.specImageWrapper{\nwidth:100%;\nalign:center;\nposition:relative;\n}\n.under{\nz-index:11;\n}\n.over{\nposition:absolute;\ntop:0;\nleft:0;\nopacity:0;\nz-index:21;}\n<\/style>\n<p><script>\njQuery(document).ready(function (){\njQuery(\"#main-container\").addClass(\"fixed-header-scroll\");\njQuery(\".over\").onload = function() {\njQuery(\".over\").animate({\"opacity\":\"1\"},2000,\"linear\");\n}\njQuery(\".over\").delay(2000).animate({\"opacity\":\"1\"},2000,\"linear\");\n});\n<\/script><\/p>\n<div class=\"specImageWrapper\">\n<img class=\"specImage under\" src=\"https:\/\/idenergie.ca\/wp-content\/uploads\/2015\/07\/Hydrolienne-Id\u00e9nergie-power-rangers.jpg\" alt=\"Hydrolienne 3D\" \/><br \/>\n<img class=\"specImage over\" src=\"https:\/\/idenergie.ca\/wp-content\/uploads\/2015\/09\/Hydrolienne-Id\u00e9nergie-power-rangers-avec-fleche.jpg\" alt=\"Hydrolienne 3D\" \/>\n<\/div>\n<div class=\"table-col\">\n<table>\n<tbody>\n<tr>\n<th colspan=\"2\">Configuration \u00c9lectrique<\/th>\n<\/tr>\n<tr>\n<td>G\u00e9n\u00e9rateur<\/td>\n<td>Moteur Triphas\u00e9 \u00e0 aimant permanent<\/p>\n<p>Mode moteur int\u00e9gr\u00e9<\/p>\n<p>G\u00e9n\u00e9rateur 100% \u00e9tanche sans Arbre<\/td>\n<\/tr>\n<tr>\n<td>Tension en sortie<\/td>\n<td>48 V DC <\/p>\n<p>Configuration automatique de tension \u00e0 la sortie<\/td>\n<\/tr>\n<tr>\n<td>Convertisseur<\/td>\n<td>Variateur de vitesse int\u00e9gr\u00e9<\/p>\n<p>Frein d&rsquo;urgence inclus<\/p>\n<p>D\u00e9marrage automatique<\/p>\n<p>Convertisseur AC \/ DC<\/p>\n<p>Mises \u00e0 jour logiciel<\/td>\n<\/tr>\n<\/tbody>\n<\/table>\n<\/div>\n<div class=\"table-col\">\n<table>\n<tbody>\n<tr>\n<th colspan=\"2\">Caract\u00e9ristiques Techniques<\/th>\n<\/tr>\n<tr>\n<td>Turbine<\/td>\n<td>Darrieus Double<\/p>\n<p>Concept z\u00e9ro d\u00e9bris\u00a0\u2122<\/td>\n<\/tr>\n<tr>\n<td>Axe<\/td>\n<td>Horizontal<\/td>\n<\/tr>\n<tr>\n<td>Hauteur<\/td>\n<td>0.59 m &#8211; 23 1\/4 in <\/td>\n<\/tr>\n<tr>\n<td>Largeur<\/td>\n<td>1.36 m\u2013 53 in<\/td>\n<\/tr>\n<tr>\n<td>Poids<\/td>\n<td>118 kg &#8211; 260 lbs<\/td>\n<\/tr>\n<tr>\n<td>Aire<\/td>\n<td>0.60 m<sup>2\u00a0<\/sup>&#8211; 6.46\u00a0pi. m<sup>2<\/sup><\/td>\n<\/tr>\n<tr>\n<td>Mat\u00e9riel<\/td>\n<td>Aluminium<\/td>\n<\/tr>\n<\/tbody>\n<\/table>\n<\/div>\n<div class=\"certification-table table-col\">\n<table>\n<tbody>\n<tr>\n<th colspan=\"2\">Certification<\/th>\n<\/tr>\n<tr>\n<td>CSA\/UL\/CE<\/td>\n<td>Disponible en 2015<\/td>\n<\/tr>\n<\/tbody>\n<\/table>\n<\/div>\n<div class=\"table-col performance-table\">\n<table>\n<tbody>\n<tr>\n<th colspan=\"2\">Production \u00c9nerg\u00e9tique<\/th>\n<\/tr>\n<tr>\n<td>Puissance<\/td>\n<td>100-500 W<\/td>\n<\/tr>\n<tr>\n<td>Vitesse\u00a0minimale n\u00e9cessaire<\/td>\n<td>1.0 m\/s <\/td>\n<\/tr>\n<tr>\n<td>Vitesse maximale<\/td>\n<td>3 m\/s \u00a0<\/td>\n<\/tr>\n<tr>\n<td>Vitesse de rotation<\/td>\n<td>80 \u00e0 150 RPM<\/td>\n<\/tr>\n<tr>\n<td>Production annuelle \u00e0\u00a01.0 m\/s<\/td>\n<td>900 kWh<\/td>\n<\/tr>\n<tr>\n<td>Production annuelle \u00e0\u00a01.5 m\/s<\/td>\n<td>1700 kWh<\/td>\n<\/tr>\n<tr>\n<td>Production annuelle \u00e0\u00a02.0 m\/s<\/td>\n<td>2800 kWh<\/td>\n<\/tr>\n<tr>\n<td>Production annuelle \u00e0\u00a02.5 m\/s<\/td>\n<td>4300 kWh<\/td>\n<\/tr>\n<\/tbody>\n<\/table>\n<\/div>\n<p>\n<\/div><\/div>\n<div class=\"thumbnailLinkLeft firstLink\" style=\"display:inline-block; width:45%;float:left;\">\n<div class=\"cta-element\"><h2 class=\"cta-title\">Combien produit l'hydrolienne?<\/h2><a class=\"button\" href=\"https:\/\/idenergie.ca\/fr\/puissance\/\">Production \u00e9nerg\u00e9tique<\/a><\/div><\/p>\n<\/div>\n<div class=\"thumbnailLinkRight firstLink\" style=\"display:inline-block; width:45%;float:right;\">\n<div class=\"cta-element\"><h2 class=\"cta-title\">R\u00e9servez la v\u00f4tre maintenant!<\/h2><a class=\"button\" href=\"https:\/\/idenergie.ca\/fr\/catalogue\/\">Visitez notre catalogue en ligne<\/a><\/div><\/p>\n","protected":false},"excerpt":{"rendered":"","protected":false},"author":1,"featured_media":0,"parent":0,"menu_order":0,"comment_status":"closed","ping_status":"open","template":"template-full-custom.php","meta":[],"yoast_head":"<!-- This site is optimized with the Yoast SEO plugin v17.9 - https:\/\/yoast.com\/wordpress\/plugins\/seo\/ -->\n<title>Sp\u00e9cifications - Id\u00e9nergie<\/title>\n<meta name=\"robots\" content=\"index, follow, max-snippet:-1, max-image-preview:large, max-video-preview:-1\" \/>\n<link rel=\"canonical\" href=\"https:\/\/idenergie.ca\/fr\/specifications-2\/\" \/>\n<meta property=\"og:locale\" content=\"fr_FR\" \/>\n<meta property=\"og:type\" content=\"article\" \/>\n<meta property=\"og:title\" content=\"Sp\u00e9cifications - Id\u00e9nergie\" \/>\n<meta property=\"og:url\" content=\"https:\/\/idenergie.ca\/fr\/specifications-2\/\" \/>\n<meta property=\"og:site_name\" content=\"Id\u00e9nergie\" \/>\n<meta property=\"article:modified_time\" content=\"2015-10-05T18:17:01+00:00\" \/>\n<meta property=\"og:image\" content=\"http:\/\/idenergie.ca\/wp-content\/uploads\/2015\/07\/Hydrolienne-Id\u00e9nergie-power-rangers.jpg\" \/>\n<meta name=\"twitter:label1\" content=\"Dur\u00e9e de lecture est.\" \/>\n\t<meta name=\"twitter:data1\" content=\"1 minute\" \/>\n<script type=\"application\/ld+json\" class=\"yoast-schema-graph\">{\"@context\":\"https:\/\/schema.org\",\"@graph\":[{\"@type\":\"WebSite\",\"@id\":\"https:\/\/idenergie.ca\/fr\/#website\",\"url\":\"https:\/\/idenergie.ca\/fr\/\",\"name\":\"Id\\u00e9nergie\",\"description\":\"\",\"potentialAction\":[{\"@type\":\"SearchAction\",\"target\":{\"@type\":\"EntryPoint\",\"urlTemplate\":\"https:\/\/idenergie.ca\/fr\/?s={search_term_string}\"},\"query-input\":\"required name=search_term_string\"}],\"inLanguage\":\"fr-FR\"},{\"@type\":\"ImageObject\",\"@id\":\"https:\/\/idenergie.ca\/fr\/specifications-2\/#primaryimage\",\"inLanguage\":\"fr-FR\",\"url\":\"https:\/\/idenergie.ca\/wp-content\/uploads\/2015\/07\/Hydrolienne-Id\\u00e9nergie-power-rangers.jpg\",\"contentUrl\":\"https:\/\/idenergie.ca\/wp-content\/uploads\/2015\/07\/Hydrolienne-Id\\u00e9nergie-power-rangers.jpg\",\"width\":5366,\"height\":3779},{\"@type\":\"WebPage\",\"@id\":\"https:\/\/idenergie.ca\/fr\/specifications-2\/#webpage\",\"url\":\"https:\/\/idenergie.ca\/fr\/specifications-2\/\",\"name\":\"Sp\\u00e9cifications - Id\\u00e9nergie\",\"isPartOf\":{\"@id\":\"https:\/\/idenergie.ca\/fr\/#website\"},\"primaryImageOfPage\":{\"@id\":\"https:\/\/idenergie.ca\/fr\/specifications-2\/#primaryimage\"},\"datePublished\":\"2015-05-06T18:49:57+00:00\",\"dateModified\":\"2015-10-05T18:17:01+00:00\",\"breadcrumb\":{\"@id\":\"https:\/\/idenergie.ca\/fr\/specifications-2\/#breadcrumb\"},\"inLanguage\":\"fr-FR\",\"potentialAction\":[{\"@type\":\"ReadAction\",\"target\":[\"https:\/\/idenergie.ca\/fr\/specifications-2\/\"]}]},{\"@type\":\"BreadcrumbList\",\"@id\":\"https:\/\/idenergie.ca\/fr\/specifications-2\/#breadcrumb\",\"itemListElement\":[{\"@type\":\"ListItem\",\"position\":1,\"name\":\"Home\",\"item\":\"https:\/\/idenergie.ca\/fr\/\"},{\"@type\":\"ListItem\",\"position\":2,\"name\":\"Sp\\u00e9cifications\"}]}]}<\/script>\n<!-- \/ Yoast SEO plugin. -->","yoast_head_json":{"title":"Sp\u00e9cifications - Id\u00e9nergie","robots":{"index":"index","follow":"follow","max-snippet":"max-snippet:-1","max-image-preview":"max-image-preview:large","max-video-preview":"max-video-preview:-1"},"canonical":"https:\/\/idenergie.ca\/fr\/specifications-2\/","og_locale":"fr_FR","og_type":"article","og_title":"Sp\u00e9cifications - Id\u00e9nergie","og_url":"https:\/\/idenergie.ca\/fr\/specifications-2\/","og_site_name":"Id\u00e9nergie","article_modified_time":"2015-10-05T18:17:01+00:00","og_image":[{"url":"http:\/\/idenergie.ca\/wp-content\/uploads\/2015\/07\/Hydrolienne-Id\u00e9nergie-power-rangers.jpg"}],"twitter_misc":{"Dur\u00e9e de lecture est.":"1 minute"},"schema":{"@context":"https:\/\/schema.org","@graph":[{"@type":"WebSite","@id":"https:\/\/idenergie.ca\/fr\/#website","url":"https:\/\/idenergie.ca\/fr\/","name":"Id\u00e9nergie","description":"","potentialAction":[{"@type":"SearchAction","target":{"@type":"EntryPoint","urlTemplate":"https:\/\/idenergie.ca\/fr\/?s={search_term_string}"},"query-input":"required name=search_term_string"}],"inLanguage":"fr-FR"},{"@type":"ImageObject","@id":"https:\/\/idenergie.ca\/fr\/specifications-2\/#primaryimage","inLanguage":"fr-FR","url":"https:\/\/idenergie.ca\/wp-content\/uploads\/2015\/07\/Hydrolienne-Id\u00e9nergie-power-rangers.jpg","contentUrl":"https:\/\/idenergie.ca\/wp-content\/uploads\/2015\/07\/Hydrolienne-Id\u00e9nergie-power-rangers.jpg","width":5366,"height":3779},{"@type":"WebPage","@id":"https:\/\/idenergie.ca\/fr\/specifications-2\/#webpage","url":"https:\/\/idenergie.ca\/fr\/specifications-2\/","name":"Sp\u00e9cifications - Id\u00e9nergie","isPartOf":{"@id":"https:\/\/idenergie.ca\/fr\/#website"},"primaryImageOfPage":{"@id":"https:\/\/idenergie.ca\/fr\/specifications-2\/#primaryimage"},"datePublished":"2015-05-06T18:49:57+00:00","dateModified":"2015-10-05T18:17:01+00:00","breadcrumb":{"@id":"https:\/\/idenergie.ca\/fr\/specifications-2\/#breadcrumb"},"inLanguage":"fr-FR","potentialAction":[{"@type":"ReadAction","target":["https:\/\/idenergie.ca\/fr\/specifications-2\/"]}]},{"@type":"BreadcrumbList","@id":"https:\/\/idenergie.ca\/fr\/specifications-2\/#breadcrumb","itemListElement":[{"@type":"ListItem","position":1,"name":"Home","item":"https:\/\/idenergie.ca\/fr\/"},{"@type":"ListItem","position":2,"name":"Sp\u00e9cifications"}]}]}},"_links":{"self":[{"href":"https:\/\/idenergie.ca\/fr\/wp-json\/wp\/v2\/pages\/1646"}],"collection":[{"href":"https:\/\/idenergie.ca\/fr\/wp-json\/wp\/v2\/pages"}],"about":[{"href":"https:\/\/idenergie.ca\/fr\/wp-json\/wp\/v2\/types\/page"}],"author":[{"embeddable":true,"href":"https:\/\/idenergie.ca\/fr\/wp-json\/wp\/v2\/users\/1"}],"replies":[{"embeddable":true,"href":"https:\/\/idenergie.ca\/fr\/wp-json\/wp\/v2\/comments?post=1646"}],"version-history":[{"count":27,"href":"https:\/\/idenergie.ca\/fr\/wp-json\/wp\/v2\/pages\/1646\/revisions"}],"predecessor-version":[{"id":2940,"href":"https:\/\/idenergie.ca\/fr\/wp-json\/wp\/v2\/pages\/1646\/revisions\/2940"}],"wp:attachment":[{"href":"https:\/\/idenergie.ca\/fr\/wp-json\/wp\/v2\/media?parent=1646"}],"curies":[{"name":"wp","href":"https:\/\/api.w.org\/{rel}","templated":true}]}}