{"id":1735,"date":"2015-05-27T12:50:43","date_gmt":"2015-05-27T17:50:43","guid":{"rendered":"https:\/\/idenergie.ca\/?page_id=1735"},"modified":"2015-09-01T16:10:37","modified_gmt":"2015-09-01T21:10:37","slug":"particuliers","status":"publish","type":"page","link":"https:\/\/idenergie.ca\/fr\/particuliers\/","title":{"rendered":"Particuliers"},"content":{"rendered":"<style>\n.content-slider.cols-wrapper.cols-2{\npadding-top:70px;\npadding-bottom:50px;\n}\n#content-container .section-boxed{\nmargin-top:0px;\n}\n.custom-page-content{\nbackground-color: #f7f7f7;\n}\n#content-container .section-full-width .section-boxed {\nmargin-top:20px;\npadding-bottom:30px;\n}\n#content-container .section-boxed{\nmargin:0px;\nmargin-left:auto;\nmargin-right:auto;\n}\n.page-template-template-full-custom-php #content-container{\n}\n.cta-element{\npadding-bottom:150px;\n}\np{\nmax-width:100%;}\n<\/style>\n<p><script>\njQuery(document).ready(function($) {\njQuery(\"#main-container\").addClass(\"fixed-header-scroll\");\n});\n<\/script><\/p>\n<div class=\"cols-wrapper cols-2\">\n<div class=\"col\">\n<div class=\"section-full-width section-light-bg parallax-fixed\" style=\"background-color:#;\">\n<div class=\"section-boxed\" style=\"color:#373737;\">\n<h2 class=\"section-title\" style=\"color:#252525;\">L\u2019\u00e9conome<\/h2>\n<p align=\"center\">\nL\u2019\u00e9conome est \u00e0 la recherche d\u2019une solution \u00e9nerg\u00e9tique rentable. Le facteur prix est un aspect important dans sa d\u00e9cision : il est pr\u00eat \u00e0 d\u00e9bourser la somme qu\u2019il faut mais souhaite que le syst\u00e8me lui donne un retour sur investissement \u00e0 moyen et long terme. L\u2019hydrolienne Id\u00e9nergie repr\u00e9sente donc une alternative int\u00e9ressante pour lui.<br \/>\nUne analyse comparative faite \u00e0 l\u2019interne entre une g\u00e9n\u00e9ratrice \u00e0 essence de 3000 W alimentant un chalet hors-r\u00e9seau, utilis\u00e9e 8 h\/jour, 7 jours\/semaine toute l\u2019ann\u00e9e et l\u2019hydrolienne, a conclu que cette derni\u00e8re est rentabilis\u00e9e sur une p\u00e9riode de deux ans. Ceci est d\u00fb en grande partie au co\u00fbt croissant du carburant.\n<\/p>\n<\/div>\n<\/div>\n<\/div>\n<div class=\"col nomargin\">\n<img src=\"https:\/\/idenergie.ca\/wp-content\/uploads\/2014\/09\/slider2.jpg\" style=\"width:100%;height:auto;margin-top:80px;\"\/>\n<\/div>\n<\/div>\n<div class=\"section-full-width section-light-bg parallax-fixed\" style=\"background-color:#f7f7f7;\" id=\"lautonome\"><div style=\"background-image:url(\/wp-content\/uploads\/2014\/08\/Gaussian-blur-background.jpg); opacity:0.4; filter: alpha(opacity=40);\" class=\"full-bg-image\" ><\/div><div class=\"section-boxed\" style=\"color:#373737;\"><h2 class=\"section-title\" style=\"color:#252525;\">L'autonome<\/h2><\/p>\n<p style=\"text-align: center;\">Le client autonome se tient inform\u00e9 sur l\u2019industrie de l\u2019\u00e9nergie et reste au courant des diff\u00e9rentes probl\u00e9matiques associ\u00e9es. Sceptique quant \u00e0 l\u2019avenir r\u00e9seau \u00e9lectrique actuel, il est \u00e0 la recherche d\u2019alternatives pour atteindre l\u2019autosuffisance \u00e9nerg\u00e9tique \u00e0 tout prix. Il se tourne donc vers les syst\u00e8mes d\u2019\u00e9nergie renouvelable afin d\u2019atteindre ses objectifs. L\u2019hydrolienne Id\u00e9nergie repr\u00e9sente une solution id\u00e9ale pour tout client recherchant une source d\u2019\u00e9nergie continue et stable capable d\u2019alimenter les appareils standards d\u2019une r\u00e9sidence et d\u2019apporter l\u2019autosuffisance \u00e9nerg\u00e9tique \u00e0 ses utilisateurs.<\/p>\n<p>\n<\/div><\/div>\n<div class=\"cols-wrapper cols-2\">\n<div class=\"col\">\n<img src=\"https:\/\/idenergie.ca\/wp-content\/uploads\/2014\/10\/thumbnail-chalet.jpg\" style=\"width:100%;height:auto;margin-top:50px;\"\/>\n<\/div>\n<div class=\"col nomargin\">\n<div class=\"section-full-width section-light-bg parallax-fixed\" style=\"background-color:#;\">\n<div class=\"section-boxed\" style=\"color:#373737;\">\n<h2 class=\"section-title\" style=\"color:#252525;\">L\u2019\u00e9cologiste<\/h2>\n<p align=\"center\">\nL\u2019\u00e9cologiste se retrouve dans les valeurs et principes environnementaux exprim\u00e9s par l\u2019\u00e9cologie. D\u00e9sireux de r\u00e9duire son empreinte carbone par divers moyens, mieux consommer son \u00e9nergie en fait partie. Les syst\u00e8mes d\u2019\u00e9nergie renouvelable repr\u00e9sentent  donc pour lui la meilleure alternative. L\u2019hydrolienne Id\u00e9nergie est l\u2019une des solutions les plus \u00e9cologiques sur le march\u00e9 vu qu\u2019elle est compos\u00e9e de mat\u00e9riaux recyclables ayant un impact minime sur l\u2019environnement. Elle repr\u00e9sente une excellente base sur laquelle b\u00e2tir un syst\u00e8me d\u2019\u00e9nergie propre.\n<\/p>\n<\/div>\n<\/div>\n<\/div>\n<\/div>\n<div class=\"cols-wrapper cols-2\">\n<div class=\"col\">\n<div class=\"cta-element\"><h2 class=\"cta-title\">Vous avez un projet qui correspond?<\/h2><a class=\"button\" href=\"https:\/\/idenergie.ca\/fr\/contact\/\">Parlez nous en plus en d\u00e9tail<\/a><\/div>\n<\/div>\n<div class=\"col nomargin\">\n<div class=\"cta-element\"><h2 class=\"cta-title\">D\u00e9couvrez notre hydrolienne de Rivi\u00e8re<\/h2><a class=\"button\" href=\"https:\/\/idenergie.ca\/fr\/hydrolienne-2\/\">Cliquez ici<\/a><\/div>\n<\/div>\n<\/div>\n","protected":false},"excerpt":{"rendered":"<p>L\u2019\u00e9conome L\u2019\u00e9conome est \u00e0 la recherche d\u2019une solution \u00e9nerg\u00e9tique rentable. Le facteur prix est un aspect important dans sa d\u00e9cision [&hellip;]<\/p>\n","protected":false},"author":1,"featured_media":0,"parent":0,"menu_order":0,"comment_status":"closed","ping_status":"open","template":"template-full-custom.php","meta":[],"yoast_head":"<!-- This site is optimized with the Yoast SEO plugin v17.9 - https:\/\/yoast.com\/wordpress\/plugins\/seo\/ -->\n<title>Particuliers - Id\u00e9nergie<\/title>\n<meta name=\"robots\" content=\"index, follow, max-snippet:-1, max-image-preview:large, max-video-preview:-1\" \/>\n<link rel=\"canonical\" href=\"https:\/\/idenergie.ca\/fr\/particuliers\/\" \/>\n<meta property=\"og:locale\" content=\"fr_FR\" \/>\n<meta property=\"og:type\" content=\"article\" \/>\n<meta property=\"og:title\" content=\"Particuliers - Id\u00e9nergie\" \/>\n<meta property=\"og:description\" content=\"L\u2019\u00e9conome L\u2019\u00e9conome est \u00e0 la recherche d\u2019une solution \u00e9nerg\u00e9tique rentable. Le facteur prix est un aspect important dans sa d\u00e9cision [&hellip;]\" \/>\n<meta property=\"og:url\" content=\"https:\/\/idenergie.ca\/fr\/particuliers\/\" \/>\n<meta property=\"og:site_name\" content=\"Id\u00e9nergie\" \/>\n<meta property=\"article:modified_time\" content=\"2015-09-01T21:10:37+00:00\" \/>\n<meta property=\"og:image\" content=\"http:\/\/idenergie.ca\/wp-content\/uploads\/2014\/09\/slider2.jpg\" \/>\n<meta name=\"twitter:label1\" content=\"Dur\u00e9e de lecture est.\" \/>\n\t<meta name=\"twitter:data1\" content=\"2 minutes\" \/>\n<script type=\"application\/ld+json\" class=\"yoast-schema-graph\">{\"@context\":\"https:\/\/schema.org\",\"@graph\":[{\"@type\":\"WebSite\",\"@id\":\"https:\/\/idenergie.ca\/fr\/#website\",\"url\":\"https:\/\/idenergie.ca\/fr\/\",\"name\":\"Id\\u00e9nergie\",\"description\":\"\",\"potentialAction\":[{\"@type\":\"SearchAction\",\"target\":{\"@type\":\"EntryPoint\",\"urlTemplate\":\"https:\/\/idenergie.ca\/fr\/?s={search_term_string}\"},\"query-input\":\"required name=search_term_string\"}],\"inLanguage\":\"fr-FR\"},{\"@type\":\"ImageObject\",\"@id\":\"https:\/\/idenergie.ca\/fr\/particuliers\/#primaryimage\",\"inLanguage\":\"fr-FR\",\"url\":\"https:\/\/idenergie.ca\/wp-content\/uploads\/2014\/09\/slider2.jpg\",\"contentUrl\":\"https:\/\/idenergie.ca\/wp-content\/uploads\/2014\/09\/slider2.jpg\",\"width\":1920,\"height\":1081},{\"@type\":\"WebPage\",\"@id\":\"https:\/\/idenergie.ca\/fr\/particuliers\/#webpage\",\"url\":\"https:\/\/idenergie.ca\/fr\/particuliers\/\",\"name\":\"Particuliers - Id\\u00e9nergie\",\"isPartOf\":{\"@id\":\"https:\/\/idenergie.ca\/fr\/#website\"},\"primaryImageOfPage\":{\"@id\":\"https:\/\/idenergie.ca\/fr\/particuliers\/#primaryimage\"},\"datePublished\":\"2015-05-27T17:50:43+00:00\",\"dateModified\":\"2015-09-01T21:10:37+00:00\",\"breadcrumb\":{\"@id\":\"https:\/\/idenergie.ca\/fr\/particuliers\/#breadcrumb\"},\"inLanguage\":\"fr-FR\",\"potentialAction\":[{\"@type\":\"ReadAction\",\"target\":[\"https:\/\/idenergie.ca\/fr\/particuliers\/\"]}]},{\"@type\":\"BreadcrumbList\",\"@id\":\"https:\/\/idenergie.ca\/fr\/particuliers\/#breadcrumb\",\"itemListElement\":[{\"@type\":\"ListItem\",\"position\":1,\"name\":\"Home\",\"item\":\"https:\/\/idenergie.ca\/fr\/\"},{\"@type\":\"ListItem\",\"position\":2,\"name\":\"Particuliers\"}]}]}<\/script>\n<!-- \/ Yoast SEO plugin. -->","yoast_head_json":{"title":"Particuliers - Id\u00e9nergie","robots":{"index":"index","follow":"follow","max-snippet":"max-snippet:-1","max-image-preview":"max-image-preview:large","max-video-preview":"max-video-preview:-1"},"canonical":"https:\/\/idenergie.ca\/fr\/particuliers\/","og_locale":"fr_FR","og_type":"article","og_title":"Particuliers - Id\u00e9nergie","og_description":"L\u2019\u00e9conome L\u2019\u00e9conome est \u00e0 la recherche d\u2019une solution \u00e9nerg\u00e9tique rentable. Le facteur prix est un aspect important dans sa d\u00e9cision [&hellip;]","og_url":"https:\/\/idenergie.ca\/fr\/particuliers\/","og_site_name":"Id\u00e9nergie","article_modified_time":"2015-09-01T21:10:37+00:00","og_image":[{"url":"http:\/\/idenergie.ca\/wp-content\/uploads\/2014\/09\/slider2.jpg"}],"twitter_misc":{"Dur\u00e9e de lecture est.":"2 minutes"},"schema":{"@context":"https:\/\/schema.org","@graph":[{"@type":"WebSite","@id":"https:\/\/idenergie.ca\/fr\/#website","url":"https:\/\/idenergie.ca\/fr\/","name":"Id\u00e9nergie","description":"","potentialAction":[{"@type":"SearchAction","target":{"@type":"EntryPoint","urlTemplate":"https:\/\/idenergie.ca\/fr\/?s={search_term_string}"},"query-input":"required name=search_term_string"}],"inLanguage":"fr-FR"},{"@type":"ImageObject","@id":"https:\/\/idenergie.ca\/fr\/particuliers\/#primaryimage","inLanguage":"fr-FR","url":"https:\/\/idenergie.ca\/wp-content\/uploads\/2014\/09\/slider2.jpg","contentUrl":"https:\/\/idenergie.ca\/wp-content\/uploads\/2014\/09\/slider2.jpg","width":1920,"height":1081},{"@type":"WebPage","@id":"https:\/\/idenergie.ca\/fr\/particuliers\/#webpage","url":"https:\/\/idenergie.ca\/fr\/particuliers\/","name":"Particuliers - Id\u00e9nergie","isPartOf":{"@id":"https:\/\/idenergie.ca\/fr\/#website"},"primaryImageOfPage":{"@id":"https:\/\/idenergie.ca\/fr\/particuliers\/#primaryimage"},"datePublished":"2015-05-27T17:50:43+00:00","dateModified":"2015-09-01T21:10:37+00:00","breadcrumb":{"@id":"https:\/\/idenergie.ca\/fr\/particuliers\/#breadcrumb"},"inLanguage":"fr-FR","potentialAction":[{"@type":"ReadAction","target":["https:\/\/idenergie.ca\/fr\/particuliers\/"]}]},{"@type":"BreadcrumbList","@id":"https:\/\/idenergie.ca\/fr\/particuliers\/#breadcrumb","itemListElement":[{"@type":"ListItem","position":1,"name":"Home","item":"https:\/\/idenergie.ca\/fr\/"},{"@type":"ListItem","position":2,"name":"Particuliers"}]}]}},"_links":{"self":[{"href":"https:\/\/idenergie.ca\/fr\/wp-json\/wp\/v2\/pages\/1735"}],"collection":[{"href":"https:\/\/idenergie.ca\/fr\/wp-json\/wp\/v2\/pages"}],"about":[{"href":"https:\/\/idenergie.ca\/fr\/wp-json\/wp\/v2\/types\/page"}],"author":[{"embeddable":true,"href":"https:\/\/idenergie.ca\/fr\/wp-json\/wp\/v2\/users\/1"}],"replies":[{"embeddable":true,"href":"https:\/\/idenergie.ca\/fr\/wp-json\/wp\/v2\/comments?post=1735"}],"version-history":[{"count":24,"href":"https:\/\/idenergie.ca\/fr\/wp-json\/wp\/v2\/pages\/1735\/revisions"}],"predecessor-version":[{"id":2546,"href":"https:\/\/idenergie.ca\/fr\/wp-json\/wp\/v2\/pages\/1735\/revisions\/2546"}],"wp:attachment":[{"href":"https:\/\/idenergie.ca\/fr\/wp-json\/wp\/v2\/media?parent=1735"}],"curies":[{"name":"wp","href":"https:\/\/api.w.org\/{rel}","templated":true}]}}