{"id":1738,"date":"2015-05-27T12:52:03","date_gmt":"2015-05-27T17:52:03","guid":{"rendered":"https:\/\/idenergie.ca\/?page_id=1738"},"modified":"2015-10-01T09:43:15","modified_gmt":"2015-10-01T14:43:15","slug":"proprietaireentreprise","status":"publish","type":"page","link":"https:\/\/idenergie.ca\/fr\/proprietaireentreprise\/","title":{"rendered":"Propri\u00e9taire d&rsquo;entreprise"},"content":{"rendered":"<style>\n.content-slider.cols-wrapper.cols-2{\npadding-top:70px;\npadding-bottom:50px;\n}\n#content-container .section-boxed{\nmargin-top:0px;\n}\n.custom-page-content{\nbackground-color: #f7f7f7;\n}\n#content-container .section-full-width .section-boxed {\nmargin-top:20px;\npadding-bottom:30px;\n}\n#content-container .section-boxed{\nmargin:0px;\nmargin-left:auto;\nmargin-right:auto;\n}\n.page-template-template-full-custom-php #content-container{\n}\n.cta-element{\npadding-bottom:150px;\n}\np{\nmax-width:100%;\n}\n<\/style>\n<p><script>\njQuery(document).ready(function($) {\njQuery(\"#main-container\").addClass(\"fixed-header-scroll\");\n});\n<\/script><\/p>\n<div class=\"section-full-width section-light-bg parallax-fixed\" style=\"background-color:#;\">\n<div class=\"section-boxed\" style=\"color:#373737;\">\n<h2 class=\"section-title\" style=\"color:#252525;\">\u00c9tablissement de plein air : pourvoiries, camps de chasse et campings<\/h2>\n<div class=\"cols-wrapper cols-2\">\n<div class=\"col\">\n<p align=\"center\">\nSouvent isol\u00e9s du r\u00e9seau \u00e9lectrique, ces \u00e9tablissements d\u00e9pendent g\u00e9n\u00e9ralement des g\u00e9n\u00e9ratrices \u00e0 essence pour r\u00e9pondre \u00e0 leurs besoins \u00e9nerg\u00e9tiques qui consistent souvent en l\u2019alimentation de leurs installations : poste d\u2019accueil, servitude, etc. Toutefois, au long terme, l\u2019entretien de la g\u00e9n\u00e9ratrice \u00e0 essence s\u2019av\u00e8re couteux, d\u00fb au co\u00fbt croissant du carburant. Nombreux sont ceux qui se tournent vers les \u00e9nergies renouvelables, turbines \u00e9oliennes et panneaux solaires photovolta\u00efques, pour pallier aux d\u00e9penses importantes engendr\u00e9es par la g\u00e9n\u00e9ratrice \u00e0 essence. Toutefois,  ces solutions ne sont pas optimales compte tenu de leur intermittence de production due \u00e0 la variabilit\u00e9 m\u00e9t\u00e9orologique. En cons\u00e9quence, ils ne sont utilis\u00e9s qu\u2019entre 12% \u00e0 35% de leur r\u00e9el potentiel, impliquant un surdimensionnement des installations et des syst\u00e8mes de stockage pour l\u2019\u00e9nergie produite. L\u2019hydrolienne Id\u00e9nergie offre une solution id\u00e9ale \u00e0 ces \u00e9tablissements qui sont souvent situ\u00e9s aupr\u00e8s de cours d\u2019eau. Elle permet une production constante et fiable d\u2019\u00e9nergie et garantie de recharger les batteries 24h sur 24h. De plus il est possible d\u2019installer l\u2019hydrolienne en compl\u00e9mentarit\u00e9 \u00e0 un syst\u00e8me d\u2019\u00e9nergie renouvelable d\u00e9j\u00e0 existant.<\/p>\n<\/div>\n<div class=\"col nomargin\">\n<img src=\"https:\/\/idenergie.ca\/wp-content\/uploads\/2015\/07\/shutterstock_185911586.jpg\" style=\"width:100%;height:auto;margin-top:50px;\"\/>\n<\/div>\n<\/div>\n<\/div>\n<\/div>\n<div class=\"section-full-width section-light-bg parallax-fixed\" style=\"background-color:#f7f7f7;\" id=\"sites\u00e9cotouristiques\"><div style=\"background-image:url(\/wp-content\/uploads\/2014\/08\/Gaussian-blur-background.jpg); opacity:0.4; filter: alpha(opacity=40);\" class=\"full-bg-image\" ><\/div><div class=\"section-boxed\" style=\"color:#373737;\"><h2 class=\"section-title\" style=\"color:#252525;\">Sites \u00e9cotouristiques<\/h2><\/p>\n<div class=\"cols-wrapper cols-2\">\n<div class=\"col\">\n<img src=\"https:\/\/idenergie.ca\/wp-content\/uploads\/2015\/07\/shutterstock_small.jpg\" style=\"width:100%;height:auto;margin-top:50px;\"\/>\n<\/div>\n<div class=\"col nomargin\">\n<p style=\"text-align: center;padding-top:150px;\">\nSoutenant de fortes valeurs environnementales, les \u00e9tablissements \u00e9cotouristiques d\u00e9sirent r\u00e9duire leurs \u00e9missions de gaz \u00e0 effet de serre (dont principalement le CO2) tout en adoptant une solution rentable capable de r\u00e9pondre \u00e0 leurs besoins \u00e9nerg\u00e9tiques. Souvent d\u00e9j\u00e0 dot\u00e9s d\u2019un syst\u00e8me d\u2019\u00e9nergie renouvelable, ils sont toujours \u00e0 l\u2019aff\u00fbt de nouvelles technologies vertes. En plus d\u2019offrir un retour sur investissement int\u00e9ressant sur le moyen et long terme, une installation d\u2019hydrolienne d\u00e9montre une conscience verte et un gage de respect pour l\u2019environnement.<\/p>\n<\/div>\n<\/div>\n<p>\n<\/div><\/div>\n<div class=\"cols-wrapper cols-2\">\n<div class=\"col\">\n<div class=\"cta-element\"><h2 class=\"cta-title\">Vous avez un projet qui correspond?<\/h2><a class=\"button\" href=\"https:\/\/idenergie.ca\/fr\/contact\/\">Parlez nous en plus en d\u00e9tail<\/a><\/div>\n<\/div>\n<div class=\"col nomargin\">\n<div class=\"cta-element\"><h2 class=\"cta-title\">D\u00e9couvrez notre Hydrolienne de Rivi\u00e8re<\/h2><a class=\"button\" href=\"https:\/\/idenergie.ca\/fr\/hydrolienne-2\/\">Cliquez ici<\/a><\/div>\n<\/div>\n<\/div>\n","protected":false},"excerpt":{"rendered":"<p>\u00c9tablissement de plein air : pourvoiries, camps de chasse et campings Souvent isol\u00e9s du r\u00e9seau \u00e9lectrique, ces \u00e9tablissements d\u00e9pendent g\u00e9n\u00e9ralement [&hellip;]<\/p>\n","protected":false},"author":1,"featured_media":0,"parent":0,"menu_order":0,"comment_status":"closed","ping_status":"open","template":"template-full-custom.php","meta":[],"yoast_head":"<!-- This site is optimized with the Yoast SEO plugin v17.9 - https:\/\/yoast.com\/wordpress\/plugins\/seo\/ -->\n<title>Propri\u00e9taire d&#039;entreprise - Id\u00e9nergie<\/title>\n<meta name=\"robots\" content=\"index, follow, max-snippet:-1, max-image-preview:large, max-video-preview:-1\" \/>\n<link rel=\"canonical\" href=\"https:\/\/idenergie.ca\/fr\/proprietaireentreprise\/\" \/>\n<meta property=\"og:locale\" content=\"fr_FR\" \/>\n<meta property=\"og:type\" content=\"article\" \/>\n<meta property=\"og:title\" content=\"Propri\u00e9taire d&#039;entreprise - Id\u00e9nergie\" \/>\n<meta property=\"og:description\" content=\"\u00c9tablissement de plein air : pourvoiries, camps de chasse et campings Souvent isol\u00e9s du r\u00e9seau \u00e9lectrique, ces \u00e9tablissements d\u00e9pendent g\u00e9n\u00e9ralement [&hellip;]\" \/>\n<meta property=\"og:url\" content=\"https:\/\/idenergie.ca\/fr\/proprietaireentreprise\/\" \/>\n<meta property=\"og:site_name\" content=\"Id\u00e9nergie\" \/>\n<meta property=\"article:modified_time\" content=\"2015-10-01T14:43:15+00:00\" \/>\n<meta property=\"og:image\" content=\"https:\/\/idenergie.ca\/wp-content\/uploads\/2015\/07\/shutterstock_185911586.jpg\" \/>\n<meta name=\"twitter:label1\" content=\"Dur\u00e9e de lecture est.\" \/>\n\t<meta name=\"twitter:data1\" content=\"2 minutes\" \/>\n<script type=\"application\/ld+json\" class=\"yoast-schema-graph\">{\"@context\":\"https:\/\/schema.org\",\"@graph\":[{\"@type\":\"WebSite\",\"@id\":\"https:\/\/idenergie.ca\/fr\/#website\",\"url\":\"https:\/\/idenergie.ca\/fr\/\",\"name\":\"Id\\u00e9nergie\",\"description\":\"\",\"potentialAction\":[{\"@type\":\"SearchAction\",\"target\":{\"@type\":\"EntryPoint\",\"urlTemplate\":\"https:\/\/idenergie.ca\/fr\/?s={search_term_string}\"},\"query-input\":\"required name=search_term_string\"}],\"inLanguage\":\"fr-FR\"},{\"@type\":\"ImageObject\",\"@id\":\"https:\/\/idenergie.ca\/fr\/proprietaireentreprise\/#primaryimage\",\"inLanguage\":\"fr-FR\",\"url\":\"https:\/\/idenergie.ca\/wp-content\/uploads\/2015\/07\/shutterstock_185911586.jpg\",\"contentUrl\":\"https:\/\/idenergie.ca\/wp-content\/uploads\/2015\/07\/shutterstock_185911586.jpg\",\"width\":400,\"height\":267},{\"@type\":\"WebPage\",\"@id\":\"https:\/\/idenergie.ca\/fr\/proprietaireentreprise\/#webpage\",\"url\":\"https:\/\/idenergie.ca\/fr\/proprietaireentreprise\/\",\"name\":\"Propri\\u00e9taire d'entreprise - Id\\u00e9nergie\",\"isPartOf\":{\"@id\":\"https:\/\/idenergie.ca\/fr\/#website\"},\"primaryImageOfPage\":{\"@id\":\"https:\/\/idenergie.ca\/fr\/proprietaireentreprise\/#primaryimage\"},\"datePublished\":\"2015-05-27T17:52:03+00:00\",\"dateModified\":\"2015-10-01T14:43:15+00:00\",\"breadcrumb\":{\"@id\":\"https:\/\/idenergie.ca\/fr\/proprietaireentreprise\/#breadcrumb\"},\"inLanguage\":\"fr-FR\",\"potentialAction\":[{\"@type\":\"ReadAction\",\"target\":[\"https:\/\/idenergie.ca\/fr\/proprietaireentreprise\/\"]}]},{\"@type\":\"BreadcrumbList\",\"@id\":\"https:\/\/idenergie.ca\/fr\/proprietaireentreprise\/#breadcrumb\",\"itemListElement\":[{\"@type\":\"ListItem\",\"position\":1,\"name\":\"Home\",\"item\":\"https:\/\/idenergie.ca\/fr\/\"},{\"@type\":\"ListItem\",\"position\":2,\"name\":\"Propri\\u00e9taire d&rsquo;entreprise\"}]}]}<\/script>\n<!-- \/ Yoast SEO plugin. -->","yoast_head_json":{"title":"Propri\u00e9taire d'entreprise - Id\u00e9nergie","robots":{"index":"index","follow":"follow","max-snippet":"max-snippet:-1","max-image-preview":"max-image-preview:large","max-video-preview":"max-video-preview:-1"},"canonical":"https:\/\/idenergie.ca\/fr\/proprietaireentreprise\/","og_locale":"fr_FR","og_type":"article","og_title":"Propri\u00e9taire d'entreprise - Id\u00e9nergie","og_description":"\u00c9tablissement de plein air : pourvoiries, camps de chasse et campings Souvent isol\u00e9s du r\u00e9seau \u00e9lectrique, ces \u00e9tablissements d\u00e9pendent g\u00e9n\u00e9ralement [&hellip;]","og_url":"https:\/\/idenergie.ca\/fr\/proprietaireentreprise\/","og_site_name":"Id\u00e9nergie","article_modified_time":"2015-10-01T14:43:15+00:00","og_image":[{"url":"https:\/\/idenergie.ca\/wp-content\/uploads\/2015\/07\/shutterstock_185911586.jpg"}],"twitter_misc":{"Dur\u00e9e de lecture est.":"2 minutes"},"schema":{"@context":"https:\/\/schema.org","@graph":[{"@type":"WebSite","@id":"https:\/\/idenergie.ca\/fr\/#website","url":"https:\/\/idenergie.ca\/fr\/","name":"Id\u00e9nergie","description":"","potentialAction":[{"@type":"SearchAction","target":{"@type":"EntryPoint","urlTemplate":"https:\/\/idenergie.ca\/fr\/?s={search_term_string}"},"query-input":"required name=search_term_string"}],"inLanguage":"fr-FR"},{"@type":"ImageObject","@id":"https:\/\/idenergie.ca\/fr\/proprietaireentreprise\/#primaryimage","inLanguage":"fr-FR","url":"https:\/\/idenergie.ca\/wp-content\/uploads\/2015\/07\/shutterstock_185911586.jpg","contentUrl":"https:\/\/idenergie.ca\/wp-content\/uploads\/2015\/07\/shutterstock_185911586.jpg","width":400,"height":267},{"@type":"WebPage","@id":"https:\/\/idenergie.ca\/fr\/proprietaireentreprise\/#webpage","url":"https:\/\/idenergie.ca\/fr\/proprietaireentreprise\/","name":"Propri\u00e9taire d'entreprise - Id\u00e9nergie","isPartOf":{"@id":"https:\/\/idenergie.ca\/fr\/#website"},"primaryImageOfPage":{"@id":"https:\/\/idenergie.ca\/fr\/proprietaireentreprise\/#primaryimage"},"datePublished":"2015-05-27T17:52:03+00:00","dateModified":"2015-10-01T14:43:15+00:00","breadcrumb":{"@id":"https:\/\/idenergie.ca\/fr\/proprietaireentreprise\/#breadcrumb"},"inLanguage":"fr-FR","potentialAction":[{"@type":"ReadAction","target":["https:\/\/idenergie.ca\/fr\/proprietaireentreprise\/"]}]},{"@type":"BreadcrumbList","@id":"https:\/\/idenergie.ca\/fr\/proprietaireentreprise\/#breadcrumb","itemListElement":[{"@type":"ListItem","position":1,"name":"Home","item":"https:\/\/idenergie.ca\/fr\/"},{"@type":"ListItem","position":2,"name":"Propri\u00e9taire d&rsquo;entreprise"}]}]}},"_links":{"self":[{"href":"https:\/\/idenergie.ca\/fr\/wp-json\/wp\/v2\/pages\/1738"}],"collection":[{"href":"https:\/\/idenergie.ca\/fr\/wp-json\/wp\/v2\/pages"}],"about":[{"href":"https:\/\/idenergie.ca\/fr\/wp-json\/wp\/v2\/types\/page"}],"author":[{"embeddable":true,"href":"https:\/\/idenergie.ca\/fr\/wp-json\/wp\/v2\/users\/1"}],"replies":[{"embeddable":true,"href":"https:\/\/idenergie.ca\/fr\/wp-json\/wp\/v2\/comments?post=1738"}],"version-history":[{"count":14,"href":"https:\/\/idenergie.ca\/fr\/wp-json\/wp\/v2\/pages\/1738\/revisions"}],"predecessor-version":[{"id":2826,"href":"https:\/\/idenergie.ca\/fr\/wp-json\/wp\/v2\/pages\/1738\/revisions\/2826"}],"wp:attachment":[{"href":"https:\/\/idenergie.ca\/fr\/wp-json\/wp\/v2\/media?parent=1738"}],"curies":[{"name":"wp","href":"https:\/\/api.w.org\/{rel}","templated":true}]}}