{"id":1808,"date":"2015-06-05T15:38:12","date_gmt":"2015-06-05T20:38:12","guid":{"rendered":"https:\/\/idenergie.ca\/?page_id=1808"},"modified":"2018-11-26T17:07:24","modified_gmt":"2018-11-26T22:07:24","slug":"technologie-2","status":"publish","type":"page","link":"https:\/\/idenergie.ca\/fr\/technologie-2\/","title":{"rendered":"Technologie"},"content":{"rendered":"<div class=\"services-wrapper services-default cols-wrapper cols-2 pexeto-parallax\"><div class=\"clear\"><\/div><\/div>\n<div class=\"section-full-width section-light-bg\" style=\"background-color:#f7f7f7;\" id=\"turbinesdarrieus\"><div class=\"section-boxed\" style=\"color:#373737;\"><h2 class=\"section-title\" style=\"color:#252525;\">Turbines Darrieus <\/h2><\/p>\n<p style=\"text-align: justify;\">L&rsquo;hydrolienne Id\u00e9nergie est \u00e9quip\u00e9e de deux urbines Darrieus. Ce mod\u00e8le de turbine, d&rsquo;abord issu des \u00e9oliennes, fut choisi pour sa simplicit\u00e9 de fabrication et d&rsquo;installation. Il permet d\u2019accommoder une profondeur d&rsquo;\u00e0 peine 2 pieds (60 cm) ce qui augmente significativement le potentiel de rivi\u00e8res dans lequel les turbines peuvent op\u00e9rer. Sa plus grande qualit\u00e9 sont que les pales sont peu co\u00fbteuses, rempla\u00e7ables et exp\u00e9diables facilement en cas de bris.<\/p>\n<p><img class=\"img-frame aligncenter\" src=\"https:\/\/idenergie.ca\/wp-content\/uploads\/2015\/06\/turbines.jpg\" alt=\"\" \/><\/p>\n<p>\n<\/div><\/div>\n<div class=\"section-full-width section-light-bg parallax-fixed\" style=\"background-color:#ffffff;\" id=\"convertisseur\u00c9lectrique6kw\"><div style=\"background-image:url(https:\/\/idenergie.ca\/wp-content\/uploads\/2014\/08\/Gaussian-blur-background.jpg); opacity:0.5; filter: alpha(opacity=50);\" class=\"full-bg-image\" ><\/div><div class=\"section-boxed\" style=\"color:#373737;\"><h2 class=\"section-title\" style=\"color:#252525;\"> CONVERTISSEUR \u00c9LECTRIQUE 6 KW<\/h2><h4 style=\"color:#252525;\" class=\"sub-title\">Peut accomoder jusqu&#39;\u00e0 12 turbines sur une  distance de plus d&#39;un kilom\u00e8tre ( ~1\/2 miles )<\/h4><\/p>\n<p style=\"text-align: justify;\">Lorsque le courant atteint les batteries, la tension en sortie se voit r\u00e9duite jusqu&rsquo;\u00e0 72V, 60V 48V et m\u00eame 24V gr\u00e2ce \u00e0 notre technologie de convertisseur. Le convertisseur permet aussi de brancher plusieurs turbines jusqu&rsquo;\u00e0 6 kW de puissance. Le syst\u00e8me complet permet le transport du courant jusqu&rsquo;\u00e0 un kilom\u00e8tre sans pertes significatives.<\/p>\n<p style=\"text-align: justify;\"><img class=\"img-frame \" src=\"https:\/\/idenergie.ca\/wp-content\/uploads\/2016\/06\/convertisseur.png\" alt=\"\" \/><\/p>\n<p>\n<\/div><\/div>\n<div class=\"section-full-width section-light-bg\" style=\"background-color:#f7f7f7;\" id=\"section-1\"><div class=\"section-boxed\" style=\"color:#373737;\"><\/p>\n<div class=\"cols-wrapper cols-4\">\n<div class=\"col\">\n<p><a href=\"https:\/\/idenergie.ca\/fr\/convertisseur-solaire-idenergie\/\"><img loading=\"lazy\" class=\"img-frame aligncenter\" src=\"https:\/\/idenergie.ca\/wp-content\/uploads\/2016\/04\/solar_mini.png\" alt=\"\" width=\"72\" height=\"71\" \/><\/a><\/p>\n<p style=\"text-align: center;\"><strong>Technologies<br \/>\nsolaires<\/strong><\/p>\n<p style=\"text-align: center;\">Panneaux photovolta\u00efques et convertisseurs<\/p>\n<p style=\"text-align: center;\"><a href=\"http:\/\/www.id.energy\/fr\/accueil\/\">D\u00e9couvrir &gt;<\/a><\/p>\n<\/div>\n<div class=\"col\">\n<p><a href=\"https:\/\/idenergie.ca\/fr\/hydrolienne-2\/\"><img loading=\"lazy\" class=\"img-frame aligncenter\" src=\"https:\/\/idenergie.ca\/wp-content\/uploads\/2016\/04\/turbine_tite.png\" alt=\"\" width=\"71\" height=\"70\" \/><\/a><\/p>\n<p style=\"text-align: center;\"><strong>Technologies<br \/>\nhydroliennes<\/strong><\/p>\n<p style=\"text-align: center;\">Faire de l&rsquo;\u00e9nergie<br \/>\n\u00e0 partir de sa rivi\u00e8re<\/p>\n<p style=\"text-align: center;\"><a href=\"https:\/\/idenergie.ca\/fr\/hydrolienne-2\/\">Explorer &gt;<\/a><\/p>\n<\/div>\n<div class=\"col\">\n<p><a href=\"https:\/\/idenergie.ca\/fr\/batir-mon-systeme\/\"><img loading=\"lazy\" class=\"img-frame aligncenter\" src=\"https:\/\/idenergie.ca\/wp-content\/uploads\/2016\/04\/system_builder.png\" alt=\"\" width=\"71\" height=\"70\" \/><\/a><\/p>\n<p style=\"text-align: center;\"><strong>B\u00e2tisseur<br \/>\nde syst\u00e8me<\/strong><\/p>\n<p style=\"text-align: center;\">Votre syst\u00e8me complet en moins de cinq minutes<\/p>\n<p style=\"text-align: center;\"><a href=\"https:\/\/idenergie.ca\/fr\/batir-mon-systeme\/\">D\u00e9marrer\u00a0&gt;<\/a><\/p>\n<\/div>\n<div class=\"col nomargin\">\n<p><a href=\"https:\/\/idenergie.ca\/fr\/shop\/\"><img loading=\"lazy\" class=\"img-frame aligncenter\" src=\"https:\/\/idenergie.ca\/wp-content\/uploads\/2016\/04\/store_mini.png\" alt=\"\" width=\"71\" height=\"70\" \/><\/a><\/p>\n<p style=\"text-align: center;\"><strong>Boutique<br \/>\nen ligne<\/strong><\/p>\n<p style=\"text-align: center;\">Tout le n\u00e9cessaire pour votre<br \/>\ninstallation<\/p>\n<p style=\"text-align: center;\"><a href=\"https:\/\/idenergie.ca\/fr\/shop\/\">Magasiner\u00a0&gt;<\/a><\/p>\n<\/div>\n<\/div>\n<p>\n<\/div><\/div>\n","protected":false},"excerpt":{"rendered":"","protected":false},"author":1,"featured_media":0,"parent":0,"menu_order":0,"comment_status":"closed","ping_status":"open","template":"template-full-custom.php","meta":[],"yoast_head":"<!-- This site is optimized with the Yoast SEO plugin v17.9 - https:\/\/yoast.com\/wordpress\/plugins\/seo\/ -->\n<title>Technologies<\/title>\n<meta name=\"description\" content=\"D\u00e9couvrez les divers composantes m\u00e9caniques et \u00e9lectriques de l&#039;hydrolienne.\" \/>\n<meta name=\"robots\" content=\"index, follow, max-snippet:-1, max-image-preview:large, max-video-preview:-1\" \/>\n<link rel=\"canonical\" href=\"https:\/\/idenergie.ca\/fr\/technologie-2\/\" \/>\n<meta property=\"og:locale\" content=\"fr_FR\" \/>\n<meta property=\"og:type\" content=\"article\" \/>\n<meta property=\"og:title\" content=\"Technologies\" \/>\n<meta property=\"og:description\" content=\"D\u00e9couvrez les divers composantes m\u00e9caniques et \u00e9lectriques de l&#039;hydrolienne.\" \/>\n<meta property=\"og:url\" content=\"https:\/\/idenergie.ca\/fr\/technologie-2\/\" \/>\n<meta property=\"og:site_name\" content=\"Id\u00e9nergie\" \/>\n<meta property=\"article:modified_time\" content=\"2018-11-26T22:07:24+00:00\" \/>\n<meta property=\"og:image\" content=\"http:\/\/idenergie.ca\/wp-content\/uploads\/2015\/06\/turbines.jpg\" \/>\n<meta name=\"twitter:label1\" content=\"Dur\u00e9e de lecture est.\" \/>\n\t<meta name=\"twitter:data1\" content=\"2 minutes\" \/>\n<script type=\"application\/ld+json\" class=\"yoast-schema-graph\">{\"@context\":\"https:\/\/schema.org\",\"@graph\":[{\"@type\":\"WebSite\",\"@id\":\"https:\/\/idenergie.ca\/fr\/#website\",\"url\":\"https:\/\/idenergie.ca\/fr\/\",\"name\":\"Id\\u00e9nergie\",\"description\":\"\",\"potentialAction\":[{\"@type\":\"SearchAction\",\"target\":{\"@type\":\"EntryPoint\",\"urlTemplate\":\"https:\/\/idenergie.ca\/fr\/?s={search_term_string}\"},\"query-input\":\"required name=search_term_string\"}],\"inLanguage\":\"fr-FR\"},{\"@type\":\"ImageObject\",\"@id\":\"https:\/\/idenergie.ca\/fr\/technologie-2\/#primaryimage\",\"inLanguage\":\"fr-FR\",\"url\":\"https:\/\/idenergie.ca\/wp-content\/uploads\/2015\/06\/turbines.jpg\",\"contentUrl\":\"https:\/\/idenergie.ca\/wp-content\/uploads\/2015\/06\/turbines.jpg\",\"width\":1128,\"height\":388},{\"@type\":\"WebPage\",\"@id\":\"https:\/\/idenergie.ca\/fr\/technologie-2\/#webpage\",\"url\":\"https:\/\/idenergie.ca\/fr\/technologie-2\/\",\"name\":\"Technologies\",\"isPartOf\":{\"@id\":\"https:\/\/idenergie.ca\/fr\/#website\"},\"primaryImageOfPage\":{\"@id\":\"https:\/\/idenergie.ca\/fr\/technologie-2\/#primaryimage\"},\"datePublished\":\"2015-06-05T20:38:12+00:00\",\"dateModified\":\"2018-11-26T22:07:24+00:00\",\"description\":\"D\\u00e9couvrez les divers composantes m\\u00e9caniques et \\u00e9lectriques de l'hydrolienne.\",\"breadcrumb\":{\"@id\":\"https:\/\/idenergie.ca\/fr\/technologie-2\/#breadcrumb\"},\"inLanguage\":\"fr-FR\",\"potentialAction\":[{\"@type\":\"ReadAction\",\"target\":[\"https:\/\/idenergie.ca\/fr\/technologie-2\/\"]}]},{\"@type\":\"BreadcrumbList\",\"@id\":\"https:\/\/idenergie.ca\/fr\/technologie-2\/#breadcrumb\",\"itemListElement\":[{\"@type\":\"ListItem\",\"position\":1,\"name\":\"Home\",\"item\":\"https:\/\/idenergie.ca\/fr\/\"},{\"@type\":\"ListItem\",\"position\":2,\"name\":\"Technologie\"}]}]}<\/script>\n<!-- \/ Yoast SEO plugin. -->","yoast_head_json":{"title":"Technologies","description":"D\u00e9couvrez les divers composantes m\u00e9caniques et \u00e9lectriques de l'hydrolienne.","robots":{"index":"index","follow":"follow","max-snippet":"max-snippet:-1","max-image-preview":"max-image-preview:large","max-video-preview":"max-video-preview:-1"},"canonical":"https:\/\/idenergie.ca\/fr\/technologie-2\/","og_locale":"fr_FR","og_type":"article","og_title":"Technologies","og_description":"D\u00e9couvrez les divers composantes m\u00e9caniques et \u00e9lectriques de l'hydrolienne.","og_url":"https:\/\/idenergie.ca\/fr\/technologie-2\/","og_site_name":"Id\u00e9nergie","article_modified_time":"2018-11-26T22:07:24+00:00","og_image":[{"url":"http:\/\/idenergie.ca\/wp-content\/uploads\/2015\/06\/turbines.jpg"}],"twitter_misc":{"Dur\u00e9e de lecture est.":"2 minutes"},"schema":{"@context":"https:\/\/schema.org","@graph":[{"@type":"WebSite","@id":"https:\/\/idenergie.ca\/fr\/#website","url":"https:\/\/idenergie.ca\/fr\/","name":"Id\u00e9nergie","description":"","potentialAction":[{"@type":"SearchAction","target":{"@type":"EntryPoint","urlTemplate":"https:\/\/idenergie.ca\/fr\/?s={search_term_string}"},"query-input":"required name=search_term_string"}],"inLanguage":"fr-FR"},{"@type":"ImageObject","@id":"https:\/\/idenergie.ca\/fr\/technologie-2\/#primaryimage","inLanguage":"fr-FR","url":"https:\/\/idenergie.ca\/wp-content\/uploads\/2015\/06\/turbines.jpg","contentUrl":"https:\/\/idenergie.ca\/wp-content\/uploads\/2015\/06\/turbines.jpg","width":1128,"height":388},{"@type":"WebPage","@id":"https:\/\/idenergie.ca\/fr\/technologie-2\/#webpage","url":"https:\/\/idenergie.ca\/fr\/technologie-2\/","name":"Technologies","isPartOf":{"@id":"https:\/\/idenergie.ca\/fr\/#website"},"primaryImageOfPage":{"@id":"https:\/\/idenergie.ca\/fr\/technologie-2\/#primaryimage"},"datePublished":"2015-06-05T20:38:12+00:00","dateModified":"2018-11-26T22:07:24+00:00","description":"D\u00e9couvrez les divers composantes m\u00e9caniques et \u00e9lectriques de l'hydrolienne.","breadcrumb":{"@id":"https:\/\/idenergie.ca\/fr\/technologie-2\/#breadcrumb"},"inLanguage":"fr-FR","potentialAction":[{"@type":"ReadAction","target":["https:\/\/idenergie.ca\/fr\/technologie-2\/"]}]},{"@type":"BreadcrumbList","@id":"https:\/\/idenergie.ca\/fr\/technologie-2\/#breadcrumb","itemListElement":[{"@type":"ListItem","position":1,"name":"Home","item":"https:\/\/idenergie.ca\/fr\/"},{"@type":"ListItem","position":2,"name":"Technologie"}]}]}},"_links":{"self":[{"href":"https:\/\/idenergie.ca\/fr\/wp-json\/wp\/v2\/pages\/1808"}],"collection":[{"href":"https:\/\/idenergie.ca\/fr\/wp-json\/wp\/v2\/pages"}],"about":[{"href":"https:\/\/idenergie.ca\/fr\/wp-json\/wp\/v2\/types\/page"}],"author":[{"embeddable":true,"href":"https:\/\/idenergie.ca\/fr\/wp-json\/wp\/v2\/users\/1"}],"replies":[{"embeddable":true,"href":"https:\/\/idenergie.ca\/fr\/wp-json\/wp\/v2\/comments?post=1808"}],"version-history":[{"count":28,"href":"https:\/\/idenergie.ca\/fr\/wp-json\/wp\/v2\/pages\/1808\/revisions"}],"predecessor-version":[{"id":7570,"href":"https:\/\/idenergie.ca\/fr\/wp-json\/wp\/v2\/pages\/1808\/revisions\/7570"}],"wp:attachment":[{"href":"https:\/\/idenergie.ca\/fr\/wp-json\/wp\/v2\/media?parent=1808"}],"curies":[{"name":"wp","href":"https:\/\/api.w.org\/{rel}","templated":true}]}}