{"id":1853,"date":"2015-06-12T14:37:43","date_gmt":"2015-06-12T19:37:43","guid":{"rendered":"https:\/\/idenergie.ca\/?page_id=1853"},"modified":"2016-11-07T14:38:39","modified_gmt":"2016-11-07T19:38:39","slug":"partenariat","status":"publish","type":"page","link":"https:\/\/idenergie.ca\/fr\/partenariat\/","title":{"rendered":"Partenariat"},"content":{"rendered":"<div class=\"section-full-width section-custom\" style=\"\" id=\"section-1\"><div class=\"section-boxed\" style=\"color:#;\"><\/p>\n<p style=\"text-align: justify;\">Rejoindre Id\u00e9nergie en tant que partenaire, c\u2019est rejoindre <strong>une \u00e9quipe engag\u00e9e<\/strong> \u00e0 fournir de meilleures solutions en termes d\u2019\u00e9nergie renouvelable. Nos technologies ont suscit\u00e9 beaucoup d\u2019int\u00e9r\u00eat \u00e0 travers le monde, et nous sentons que cet engouement est grandissant.<\/p>\n<p style=\"text-align: justify;\"><br class=\"clear\" \/>De plus, la croissance rapide du march\u00e9 des \u00e9nergies renouvelables nous pousse \u00e0 <strong>\u00e9largir notre zone d\u2019activit\u00e9<\/strong> par la cr\u00e9ation d\u2019<strong>un r\u00e9seau hautement qualifi\u00e9<\/strong>. En rejoignant Id\u00e9nergie en tant que partenaire commercial, vous vous assurez d\u2019une coop\u00e9ration et d\u2019une relation d\u2019affaires \u00e0 long terme.<\/p>\n<p style=\"text-align: justify;\"><br class=\"clear\" \/>Nos ententes sont <strong>adapt\u00e9es aux besoins du partenaire et tiennent compte des particularit\u00e9s du march\u00e9 et du territoire<\/strong>. Nos efforts en recherche et d\u00e9veloppement, ainsi qu\u2019en marketing, associ\u00e9s \u00e0 votre expertise locale, permettront \u00e0 Id\u00e9nergie de <strong>mettre en march\u00e9 <br class=\"clear\" \/>un produit de qualit\u00e9<\/strong> adapt\u00e9 aux besoins de vos clients.<\/p>\n<h1 style=\"text-align: justify;\"><\/h1>\n<hr \/>\n<h1 style=\"text-align: justify;\"><\/h1>\n<h1 style=\"text-align: center;\">Quels b\u00e9n\u00e9fices pour nos partenaires?<\/h1>\n<p style=\"text-align: justify;\">Id\u00e9nergie s\u2019engage \u00e0 rassembler les ressources n\u00e9cessaires ainsi qu\u2019\u00e0 fournir le soutien dont vous avez besoin, notamment:<\/p>\n<p style=\"text-align: justify;\"><strong><br class=\"clear\" \/>1- Des produits de qualit\u00e9<\/strong>, dont l\u2019int\u00e9gralit\u00e9 de l\u2019hydrolienne en pi\u00e8ces d\u00e9tach\u00e9es afin de faciliter le transport.<\/p>\n<p style=\"text-align: justify;\"><strong><br class=\"clear\" \/>2- Une formation aux professionnels ainsi que toute l\u2019information technique pertinente.<\/strong> Le transfert de savoir-faire inclut les instructions d\u2019installation, de contr\u00f4le de qualit\u00e9 et le soutien pour les modifications \u00e0 apporter aux \u00e9quipements.<\/p>\n<p style=\"text-align: justify;\"><strong><br class=\"clear\" \/>3- Un soutien technique<\/strong> ainsi qu\u2019un service personnalis\u00e9.<\/p>\n<p style=\"text-align: justify;\"><strong><br class=\"clear\" \/>4- Tout mat\u00e9riel promotionnel n\u00e9cessaire<\/strong> \u00e0 la vente de l\u2019hydrolienne, g\u00e9n\u00e9ralement disponible en trois langues (fran\u00e7ais. anglais et espagnol). La traduction dans une autre langue peut \u00eatre possible avec la collaboration du partenaire.<\/p>\n<h1 style=\"text-align: center;\"><br class=\"clear\" \/>Int\u00e9ress\u00e9 \u00e0 devenir notre partenaire?<\/h1>\n<p style=\"text-align: center;\"><a class=\"button\" style=\"background-color: #e2a65d;\" href=\"https:\/\/idenergie.ca\/fr\/contact\/\">Contactez-nous<\/a><\/p>\n<p>\n<\/div><\/div>\n<div class=\"section-full-width section-custom\" style=\"\" id=\"section-2\"><div style=\"background-image:url(https:\/\/idenergie.ca\/wp-content\/uploads\/2016\/11\/banner1.jpg); opacity:0.7; filter: alpha(opacity=70);\" class=\"full-bg-image\" ><\/div><div class=\"section-boxed\" style=\"color:#;\"><p>&nbsp;<\/p>\n<p>&nbsp;<\/p>\n<p>&nbsp;<\/p>\n<p>\n<\/div><\/div>\n","protected":false},"excerpt":{"rendered":"","protected":false},"author":1,"featured_media":0,"parent":0,"menu_order":0,"comment_status":"closed","ping_status":"open","template":"template-full-custom.php","meta":[],"yoast_head":"<!-- This site is optimized with the Yoast SEO plugin v17.9 - https:\/\/yoast.com\/wordpress\/plugins\/seo\/ -->\n<title>Partenariat - Id\u00e9nergie<\/title>\n<meta name=\"robots\" content=\"index, follow, max-snippet:-1, max-image-preview:large, max-video-preview:-1\" \/>\n<link rel=\"canonical\" href=\"https:\/\/idenergie.ca\/fr\/partenariat\/\" \/>\n<meta property=\"og:locale\" content=\"fr_FR\" \/>\n<meta property=\"og:type\" content=\"article\" \/>\n<meta property=\"og:title\" content=\"Partenariat - Id\u00e9nergie\" \/>\n<meta property=\"og:url\" content=\"https:\/\/idenergie.ca\/fr\/partenariat\/\" \/>\n<meta property=\"og:site_name\" content=\"Id\u00e9nergie\" \/>\n<meta property=\"article:modified_time\" content=\"2016-11-07T19:38:39+00:00\" \/>\n<meta name=\"twitter:label1\" content=\"Dur\u00e9e de lecture est.\" \/>\n\t<meta name=\"twitter:data1\" content=\"2 minutes\" \/>\n<script type=\"application\/ld+json\" class=\"yoast-schema-graph\">{\"@context\":\"https:\/\/schema.org\",\"@graph\":[{\"@type\":\"WebSite\",\"@id\":\"https:\/\/idenergie.ca\/fr\/#website\",\"url\":\"https:\/\/idenergie.ca\/fr\/\",\"name\":\"Id\\u00e9nergie\",\"description\":\"\",\"potentialAction\":[{\"@type\":\"SearchAction\",\"target\":{\"@type\":\"EntryPoint\",\"urlTemplate\":\"https:\/\/idenergie.ca\/fr\/?s={search_term_string}\"},\"query-input\":\"required name=search_term_string\"}],\"inLanguage\":\"fr-FR\"},{\"@type\":\"WebPage\",\"@id\":\"https:\/\/idenergie.ca\/fr\/partenariat\/#webpage\",\"url\":\"https:\/\/idenergie.ca\/fr\/partenariat\/\",\"name\":\"Partenariat - Id\\u00e9nergie\",\"isPartOf\":{\"@id\":\"https:\/\/idenergie.ca\/fr\/#website\"},\"datePublished\":\"2015-06-12T19:37:43+00:00\",\"dateModified\":\"2016-11-07T19:38:39+00:00\",\"breadcrumb\":{\"@id\":\"https:\/\/idenergie.ca\/fr\/partenariat\/#breadcrumb\"},\"inLanguage\":\"fr-FR\",\"potentialAction\":[{\"@type\":\"ReadAction\",\"target\":[\"https:\/\/idenergie.ca\/fr\/partenariat\/\"]}]},{\"@type\":\"BreadcrumbList\",\"@id\":\"https:\/\/idenergie.ca\/fr\/partenariat\/#breadcrumb\",\"itemListElement\":[{\"@type\":\"ListItem\",\"position\":1,\"name\":\"Home\",\"item\":\"https:\/\/idenergie.ca\/fr\/\"},{\"@type\":\"ListItem\",\"position\":2,\"name\":\"Partenariat\"}]}]}<\/script>\n<!-- \/ Yoast SEO plugin. -->","yoast_head_json":{"title":"Partenariat - Id\u00e9nergie","robots":{"index":"index","follow":"follow","max-snippet":"max-snippet:-1","max-image-preview":"max-image-preview:large","max-video-preview":"max-video-preview:-1"},"canonical":"https:\/\/idenergie.ca\/fr\/partenariat\/","og_locale":"fr_FR","og_type":"article","og_title":"Partenariat - Id\u00e9nergie","og_url":"https:\/\/idenergie.ca\/fr\/partenariat\/","og_site_name":"Id\u00e9nergie","article_modified_time":"2016-11-07T19:38:39+00:00","twitter_misc":{"Dur\u00e9e de lecture est.":"2 minutes"},"schema":{"@context":"https:\/\/schema.org","@graph":[{"@type":"WebSite","@id":"https:\/\/idenergie.ca\/fr\/#website","url":"https:\/\/idenergie.ca\/fr\/","name":"Id\u00e9nergie","description":"","potentialAction":[{"@type":"SearchAction","target":{"@type":"EntryPoint","urlTemplate":"https:\/\/idenergie.ca\/fr\/?s={search_term_string}"},"query-input":"required name=search_term_string"}],"inLanguage":"fr-FR"},{"@type":"WebPage","@id":"https:\/\/idenergie.ca\/fr\/partenariat\/#webpage","url":"https:\/\/idenergie.ca\/fr\/partenariat\/","name":"Partenariat - Id\u00e9nergie","isPartOf":{"@id":"https:\/\/idenergie.ca\/fr\/#website"},"datePublished":"2015-06-12T19:37:43+00:00","dateModified":"2016-11-07T19:38:39+00:00","breadcrumb":{"@id":"https:\/\/idenergie.ca\/fr\/partenariat\/#breadcrumb"},"inLanguage":"fr-FR","potentialAction":[{"@type":"ReadAction","target":["https:\/\/idenergie.ca\/fr\/partenariat\/"]}]},{"@type":"BreadcrumbList","@id":"https:\/\/idenergie.ca\/fr\/partenariat\/#breadcrumb","itemListElement":[{"@type":"ListItem","position":1,"name":"Home","item":"https:\/\/idenergie.ca\/fr\/"},{"@type":"ListItem","position":2,"name":"Partenariat"}]}]}},"_links":{"self":[{"href":"https:\/\/idenergie.ca\/fr\/wp-json\/wp\/v2\/pages\/1853"}],"collection":[{"href":"https:\/\/idenergie.ca\/fr\/wp-json\/wp\/v2\/pages"}],"about":[{"href":"https:\/\/idenergie.ca\/fr\/wp-json\/wp\/v2\/types\/page"}],"author":[{"embeddable":true,"href":"https:\/\/idenergie.ca\/fr\/wp-json\/wp\/v2\/users\/1"}],"replies":[{"embeddable":true,"href":"https:\/\/idenergie.ca\/fr\/wp-json\/wp\/v2\/comments?post=1853"}],"version-history":[{"count":17,"href":"https:\/\/idenergie.ca\/fr\/wp-json\/wp\/v2\/pages\/1853\/revisions"}],"predecessor-version":[{"id":5416,"href":"https:\/\/idenergie.ca\/fr\/wp-json\/wp\/v2\/pages\/1853\/revisions\/5416"}],"wp:attachment":[{"href":"https:\/\/idenergie.ca\/fr\/wp-json\/wp\/v2\/media?parent=1853"}],"curies":[{"name":"wp","href":"https:\/\/api.w.org\/{rel}","templated":true}]}}