{"id":1860,"date":"2015-06-12T14:56:45","date_gmt":"2015-06-12T19:56:45","guid":{"rendered":"https:\/\/idenergie.ca\/?page_id=1860"},"modified":"2015-08-13T09:00:33","modified_gmt":"2015-08-13T14:00:33","slug":"projets","status":"publish","type":"page","link":"https:\/\/idenergie.ca\/fr\/projets\/","title":{"rendered":"Projets"},"content":{"rendered":"<style>\n.content-slider.cols-wrapper.cols-2{\npadding-top:70px;\npadding-bottom:50px;\n}\n#content-container .section-boxed{\nmargin-top:0px;\n}\n.custom-page-content{\nbackground-color: #f7f7f7;\n}\n#content-container .section-full-width .section-boxed {\nmargin-top:20px;\npadding-bottom:30px;\n}\n#content-container .section-boxed{\nmargin:0px;\nmargin-left:auto;\nmargin-right:auto;\n}\n.page-template-template-full-custom-php #content-container{\n}\n.cta-element{\npadding-bottom:150px;\n}\np{\nmax-width:100%;}\n<\/style>\n<p><script>\njQuery(document).ready(function($) {\njQuery(\"#main-container\").addClass(\"fixed-header-scroll\");\n});\n<\/script><\/p>\n<div class=\"section-full-width section-light-bg parallax-fixed\" style=\"background-color:#;\">\n<div class=\"section-boxed\" style=\"color:#373737;\">\n<h2 class=\"fourTitle section-title\" style=\"color:#252525;\">Projets humanitaires<\/h2>\n<p align=\"center\">\nDe nombreuses organisations non gouvernementales ont pour mission d\u2019am\u00e9liorer l\u2019acc\u00e8s \u00e0 l\u2019\u00e9lectricit\u00e9 des populations isol\u00e9es. Leurs sites d\u2019interventions sont g\u00e9n\u00e9ralement situ\u00e9s dans des environnements peu cl\u00e9ments, difficiles d\u2019acc\u00e8s et isol\u00e9s du r\u00e9seau \u00e9lectrique. L\u2019hydrolienne repr\u00e9sente une solution id\u00e9ale pour les projets situ\u00e9s \u00e0 proximit\u00e9 des cours d\u2019eau, elle peut \u00eatre utilis\u00e9e seule ou \u00e9galement en r\u00e9seau pour fournir une quantit\u00e9 plus importante d\u2019\u00e9lectricit\u00e9 afin d&rsquo;alimenter des villages isol\u00e9s \u00e0 faible consommation. Ainsi, pour ce type de projet, elle repr\u00e9sente bien plus qu\u2019un simple acc\u00e8s \u00e0 l\u2019\u00e9lectricit\u00e9. L\u2019\u00e9nergie est la base du d\u00e9veloppement \u00e9conomique d\u2019une communaut\u00e9 et gr\u00e2ce \u00e0 l\u2019\u00e9lectricit\u00e9 fournie, l\u2019hydrolienne permet d\u2019am\u00e9liorer les conditions de vie de ses habitants. L\u2019\u00e9lectrification am\u00e9liore notamment l\u2019\u00e9ducation et la sant\u00e9, en permettant de meilleures conditions d\u2019hygi\u00e8ne.\n<\/p>\n<\/div>\n<\/div>\n<div class=\"section-full-width section-light-bg parallax-fixed\" style=\"background-color:#f7f7f7;\" id=\"projetsmunicipauxetinternationaux\"><div style=\"background-image:url(\/wp-content\/uploads\/2014\/08\/Gaussian-blur-background.jpg); opacity:0.4; filter: alpha(opacity=40);\" class=\"full-bg-image\" ><\/div><div class=\"section-boxed\" style=\"color:#373737;\"><h2 class=\"section-title\" style=\"color:#252525;\">Projets municipaux et internationaux<\/h2><\/p>\n<div class=\"cols-wrapper cols-2\">\n<div class=\"col\">\n<p style=\"text-align: center;\">Les responsables politiques, \u00e0 tous les paliers de gouvernement, se rendent compte des effets n\u00e9fastes des changements climatiques sur leurs territoires et leurs populations. Conscients que les pratiques doivent changer, ils souhaitent se placer \u00e0 l\u2019avant-garde du mouvement \u00e9cologique afin d\u2019encourager le changement \u00e0 l\u2019\u00e9chelle locale et internationale. L\u2019hydrolienne Id\u00e9nergie est une technologie qui pourrait servir \u00e0 ce type de projets, d\u00e9montrant la volont\u00e9 des dirigeants d\u2019appuyer une production d\u2019\u00e9nergie plus \u00e9coresponsable et de promouvoir les \u00e9nergies vertes.<\/p>\n<\/div>\n<div class=\"col nomargin\">\n<img src=\"https:\/\/idenergie.ca\/wp-content\/uploads\/2015\/07\/Pont.jpg\" style=\"width:100%;height:auto;margin-top:50px;\"\/>\n<\/div>\n<\/div>\n<p>\n<\/div><\/div>\n<div class=\"section-full-width section-light-bg parallax-fixed\" style=\"background-color:#;\">\n<div class=\"section-boxed\" style=\"color:#373737;\">\n<h2 class=\"fourTitle section-title\" style=\"color:#252525;\">Intervention d\u2019urgence<\/h2>\n<p align=\"center\">\nChaque ann\u00e9e des millions de personnes sont victimes de catastrophes d\u2019origine humaine ou naturelle. Plusieurs outils d\u2019intervention sont n\u00e9cessaires pendant et apr\u00e8s une intervention d\u2019urgence pour sauver des vies humaines. L\u2019hydrolienne Id\u00e9nergie s\u2019installe rapidement et produit de l\u2019\u00e9nergie en continu, ce qui est essentiel dans ce type de contexte. En effet, la rapidit\u00e9 et la fiabilit\u00e9 des sources d\u2019\u00e9lectricit\u00e9 sont des facteurs d\u00e9terminants quant \u00e0 la qualit\u00e9 de l\u2019intervention en situation d\u2019urgence.\n<\/p>\n<\/div>\n<\/div>\n<div class=\"cols-wrapper cols-2\">\n<div class=\"col\">\n<div class=\"cta-element\"><h2 class=\"cta-title\">Vous avez un projet qui correspond?<\/h2><a class=\"button\" href=\"https:\/\/idenergie.ca\/fr\/contact\/\">Parlez nous en plus en d\u00e9tail<\/a><\/div>\n<\/div>\n<div class=\"col nomargin\">\n<div class=\"cta-element\"><h2 class=\"cta-title\">D\u00e9couvrez notre Hydrolienne de Rivi\u00e8re<\/h2><a class=\"button\" href=\"https:\/\/idenergie.ca\/fr\/hydrolienne-2\/\">Cliquez ici<\/a><\/div>\n<\/div>\n<\/div>\n","protected":false},"excerpt":{"rendered":"<p>Projets humanitaires De nombreuses organisations non gouvernementales ont pour mission d\u2019am\u00e9liorer l\u2019acc\u00e8s \u00e0 l\u2019\u00e9lectricit\u00e9 des populations isol\u00e9es. Leurs sites d\u2019interventions [&hellip;]<\/p>\n","protected":false},"author":1,"featured_media":0,"parent":0,"menu_order":0,"comment_status":"closed","ping_status":"open","template":"template-full-custom.php","meta":[],"yoast_head":"<!-- This site is optimized with the Yoast SEO plugin v17.9 - https:\/\/yoast.com\/wordpress\/plugins\/seo\/ -->\n<title>Projets - Id\u00e9nergie<\/title>\n<meta name=\"robots\" content=\"index, follow, max-snippet:-1, max-image-preview:large, max-video-preview:-1\" \/>\n<link rel=\"canonical\" href=\"https:\/\/idenergie.ca\/fr\/projets\/\" \/>\n<meta property=\"og:locale\" content=\"fr_FR\" \/>\n<meta property=\"og:type\" content=\"article\" \/>\n<meta property=\"og:title\" content=\"Projets - Id\u00e9nergie\" \/>\n<meta property=\"og:description\" content=\"Projets humanitaires De nombreuses organisations non gouvernementales ont pour mission d\u2019am\u00e9liorer l\u2019acc\u00e8s \u00e0 l\u2019\u00e9lectricit\u00e9 des populations isol\u00e9es. Leurs sites d\u2019interventions [&hellip;]\" \/>\n<meta property=\"og:url\" content=\"https:\/\/idenergie.ca\/fr\/projets\/\" \/>\n<meta property=\"og:site_name\" content=\"Id\u00e9nergie\" \/>\n<meta property=\"article:modified_time\" content=\"2015-08-13T14:00:33+00:00\" \/>\n<meta property=\"og:image\" content=\"https:\/\/idenergie.ca\/wp-content\/uploads\/2015\/07\/Pont.jpg\" \/>\n<meta name=\"twitter:label1\" content=\"Dur\u00e9e de lecture est.\" \/>\n\t<meta name=\"twitter:data1\" content=\"2 minutes\" \/>\n<script type=\"application\/ld+json\" class=\"yoast-schema-graph\">{\"@context\":\"https:\/\/schema.org\",\"@graph\":[{\"@type\":\"WebSite\",\"@id\":\"https:\/\/idenergie.ca\/fr\/#website\",\"url\":\"https:\/\/idenergie.ca\/fr\/\",\"name\":\"Id\\u00e9nergie\",\"description\":\"\",\"potentialAction\":[{\"@type\":\"SearchAction\",\"target\":{\"@type\":\"EntryPoint\",\"urlTemplate\":\"https:\/\/idenergie.ca\/fr\/?s={search_term_string}\"},\"query-input\":\"required name=search_term_string\"}],\"inLanguage\":\"fr-FR\"},{\"@type\":\"ImageObject\",\"@id\":\"https:\/\/idenergie.ca\/fr\/projets\/#primaryimage\",\"inLanguage\":\"fr-FR\",\"url\":\"https:\/\/idenergie.ca\/wp-content\/uploads\/2015\/07\/Pont.jpg\",\"contentUrl\":\"https:\/\/idenergie.ca\/wp-content\/uploads\/2015\/07\/Pont.jpg\",\"width\":1698,\"height\":1131},{\"@type\":\"WebPage\",\"@id\":\"https:\/\/idenergie.ca\/fr\/projets\/#webpage\",\"url\":\"https:\/\/idenergie.ca\/fr\/projets\/\",\"name\":\"Projets - Id\\u00e9nergie\",\"isPartOf\":{\"@id\":\"https:\/\/idenergie.ca\/fr\/#website\"},\"primaryImageOfPage\":{\"@id\":\"https:\/\/idenergie.ca\/fr\/projets\/#primaryimage\"},\"datePublished\":\"2015-06-12T19:56:45+00:00\",\"dateModified\":\"2015-08-13T14:00:33+00:00\",\"breadcrumb\":{\"@id\":\"https:\/\/idenergie.ca\/fr\/projets\/#breadcrumb\"},\"inLanguage\":\"fr-FR\",\"potentialAction\":[{\"@type\":\"ReadAction\",\"target\":[\"https:\/\/idenergie.ca\/fr\/projets\/\"]}]},{\"@type\":\"BreadcrumbList\",\"@id\":\"https:\/\/idenergie.ca\/fr\/projets\/#breadcrumb\",\"itemListElement\":[{\"@type\":\"ListItem\",\"position\":1,\"name\":\"Home\",\"item\":\"https:\/\/idenergie.ca\/fr\/\"},{\"@type\":\"ListItem\",\"position\":2,\"name\":\"Projets\"}]}]}<\/script>\n<!-- \/ Yoast SEO plugin. -->","yoast_head_json":{"title":"Projets - Id\u00e9nergie","robots":{"index":"index","follow":"follow","max-snippet":"max-snippet:-1","max-image-preview":"max-image-preview:large","max-video-preview":"max-video-preview:-1"},"canonical":"https:\/\/idenergie.ca\/fr\/projets\/","og_locale":"fr_FR","og_type":"article","og_title":"Projets - Id\u00e9nergie","og_description":"Projets humanitaires De nombreuses organisations non gouvernementales ont pour mission d\u2019am\u00e9liorer l\u2019acc\u00e8s \u00e0 l\u2019\u00e9lectricit\u00e9 des populations isol\u00e9es. Leurs sites d\u2019interventions [&hellip;]","og_url":"https:\/\/idenergie.ca\/fr\/projets\/","og_site_name":"Id\u00e9nergie","article_modified_time":"2015-08-13T14:00:33+00:00","og_image":[{"url":"https:\/\/idenergie.ca\/wp-content\/uploads\/2015\/07\/Pont.jpg"}],"twitter_misc":{"Dur\u00e9e de lecture est.":"2 minutes"},"schema":{"@context":"https:\/\/schema.org","@graph":[{"@type":"WebSite","@id":"https:\/\/idenergie.ca\/fr\/#website","url":"https:\/\/idenergie.ca\/fr\/","name":"Id\u00e9nergie","description":"","potentialAction":[{"@type":"SearchAction","target":{"@type":"EntryPoint","urlTemplate":"https:\/\/idenergie.ca\/fr\/?s={search_term_string}"},"query-input":"required name=search_term_string"}],"inLanguage":"fr-FR"},{"@type":"ImageObject","@id":"https:\/\/idenergie.ca\/fr\/projets\/#primaryimage","inLanguage":"fr-FR","url":"https:\/\/idenergie.ca\/wp-content\/uploads\/2015\/07\/Pont.jpg","contentUrl":"https:\/\/idenergie.ca\/wp-content\/uploads\/2015\/07\/Pont.jpg","width":1698,"height":1131},{"@type":"WebPage","@id":"https:\/\/idenergie.ca\/fr\/projets\/#webpage","url":"https:\/\/idenergie.ca\/fr\/projets\/","name":"Projets - Id\u00e9nergie","isPartOf":{"@id":"https:\/\/idenergie.ca\/fr\/#website"},"primaryImageOfPage":{"@id":"https:\/\/idenergie.ca\/fr\/projets\/#primaryimage"},"datePublished":"2015-06-12T19:56:45+00:00","dateModified":"2015-08-13T14:00:33+00:00","breadcrumb":{"@id":"https:\/\/idenergie.ca\/fr\/projets\/#breadcrumb"},"inLanguage":"fr-FR","potentialAction":[{"@type":"ReadAction","target":["https:\/\/idenergie.ca\/fr\/projets\/"]}]},{"@type":"BreadcrumbList","@id":"https:\/\/idenergie.ca\/fr\/projets\/#breadcrumb","itemListElement":[{"@type":"ListItem","position":1,"name":"Home","item":"https:\/\/idenergie.ca\/fr\/"},{"@type":"ListItem","position":2,"name":"Projets"}]}]}},"_links":{"self":[{"href":"https:\/\/idenergie.ca\/fr\/wp-json\/wp\/v2\/pages\/1860"}],"collection":[{"href":"https:\/\/idenergie.ca\/fr\/wp-json\/wp\/v2\/pages"}],"about":[{"href":"https:\/\/idenergie.ca\/fr\/wp-json\/wp\/v2\/types\/page"}],"author":[{"embeddable":true,"href":"https:\/\/idenergie.ca\/fr\/wp-json\/wp\/v2\/users\/1"}],"replies":[{"embeddable":true,"href":"https:\/\/idenergie.ca\/fr\/wp-json\/wp\/v2\/comments?post=1860"}],"version-history":[{"count":13,"href":"https:\/\/idenergie.ca\/fr\/wp-json\/wp\/v2\/pages\/1860\/revisions"}],"predecessor-version":[{"id":2443,"href":"https:\/\/idenergie.ca\/fr\/wp-json\/wp\/v2\/pages\/1860\/revisions\/2443"}],"wp:attachment":[{"href":"https:\/\/idenergie.ca\/fr\/wp-json\/wp\/v2\/media?parent=1860"}],"curies":[{"name":"wp","href":"https:\/\/api.w.org\/{rel}","templated":true}]}}