{"id":2407,"date":"2015-08-12T14:17:21","date_gmt":"2015-08-12T19:17:21","guid":{"rendered":"https:\/\/idenergie.ca\/?page_id=2407"},"modified":"2015-10-05T13:37:43","modified_gmt":"2015-10-05T18:37:43","slug":"tutoriel","status":"publish","type":"page","link":"https:\/\/idenergie.ca\/fr\/tutoriel\/","title":{"rendered":"Tutoriels"},"content":{"rendered":"<style>\n.custom-page-content{\nbackground-color:#f7f7f7;\n}\n#content-container .section-full-width .section-boxed {\nmargin-top:20px;\npadding-bottom:30px;\n}\n#content-container .section-boxed{\nmargin:0px;\nmargin-left:auto;\nmargin-right:auto;\n}\n#content-container .section-full-width .section-boxed{\nmargin-bottom:20px;}\n.section-full-width{\nbox-shadow: 0 1px 0 0 rgba(0, 0, 0, 0.00) inset, 0 -1px 0 0 rgba(0, 0, 0, 0.00) inset;\n}\n.page-template-template-full-custom-php #content-container{\nbackground-color:#f7f7f7;\n}<\/style>\n<p><script>\njQuery(document).ready(function($) {\njQuery(\"#main-container\").addClass(\"fixed-header-scroll\");\n});\n<\/script><\/p>\n<p align=\"center\" style=\"font-size:18px;padding-top:20px;\">Les vid\u00e9os suivantes d\u00e9taillent l\u2019ensemble des informations n\u00e9cessaires pour une utilisation optimale de l\u2019hydrolienne de rivi\u00e8re, incluant la qualification d&rsquo;un site potentiel, la mise \u00e0 l\u2019eau, l\u2019entretien, etc. Il est recommand\u00e9 de visionner ces vid\u00e9os et de consulter le manuel d&rsquo;utilisation avant de proc\u00e9der \u00e0 l\u2019installation d\u2019une hydrolienne de rivi\u00e8re.<\/p>\n<div class=\"section-full-width section-light-bg parallax-fixed\" style=\"background-color:#;margin-bottom:0;\">\n<div class=\"section-boxed\" style=\"color:#373737;\">\n<h2 class=\"fourTitle section-title\" style=\"color:#252525;\">Qualification du site<\/h2>\n<p align=\"center\">\nPour qu\u2019un site soit propice \u00e0 l\u2019utilisation de l\u2019hydrolienne, celui-ci doit r\u00e9pondre \u00e0 certains crit\u00e8res \u00e9num\u00e9r\u00e9s dans la vid\u00e9o suivante. La qualification d\u2019un site est un \u00e9l\u00e9ment d\u00e9terminant pour le bon fonctionnement de l&rsquo;hydrolienne.\n<\/p>\n<\/div>\n<\/div>\n<div class=\"cols-wrapper cols-2\" style=\"\">\n<div class=\"col\" style=\"width:65%;text-align:center\">\n<iframe src=\"https:\/\/player.vimeo.com\/video\/136133064\" style=\"width:100%;height:450px; min-height:350px;\" frameborder=\"0\" webkitallowfullscreen mozallowfullscreen allowfullscreen><\/iframe>\n<\/div>\n<div class=\"col nomargin\" style=\"width:30%;padding-top:100px;\">\n<ol>\n\u00c9tapes de cette vid\u00e9o <\/p>\n<li>Vitesse du courant <\/li>\n<li>Profondeur de l\u2019eau<\/li>\n<li>Caract\u00e9ristiques du lit de la rivi\u00e8re<\/li>\n<li>Acc\u00e8s au site et distance jusqu&rsquo;aux batteries<\/li>\n<\/ol>\n<\/div>\n<\/div>\n<div class=\"section-full-width section-light-bg parallax-fixed\" style=\"background-color:#;margin-bottom:0;\">\n<div class=\"section-boxed\" style=\"color:#373737;\">\n<h2 class=\"fourTitle section-title\" style=\"color:#252525;\">Installation de l\u2019hydrolienne de rivi\u00e8re<\/h2>\n<p align=\"center\">\nLes vid\u00e9os suivantes expliquent les \u00e9tapes d\u2019installation de l\u2019hydrolienne de rivi\u00e8re Id\u00e9nergie. Elles sont toutes interd\u00e9pendantes et doivent \u00eatre r\u00e9alis\u00e9es dans l\u2019ordre sp\u00e9cifi\u00e9 afin d&rsquo;assurer une installation r\u00e9ussie. Quoiqu&rsquo;un installateur certifi\u00e9 est fortement recommand\u00e9, l\u2019usager peut proc\u00e9der lui-m\u00eame \u00e0 l\u2019installation en respectant chacune des \u00e9tapes et les r\u00e8gles de s\u00e9curit\u00e9 appropri\u00e9es.\n<\/p>\n<p style=\"font-size:22px;font-weight:bold;text-align:center;margin-top:30px\">\u00c9tape 1: Assemblage initial<\/p>\n<\/h2>\n<p align=\"center\">\n<p style=\"text-align:center;\">L\u2019hydrolienne de rivi\u00e8re est livr\u00e9e d\u00e9mont\u00e9e. Nous recommandons d&rsquo;assembler les turbines et le pied avant l&rsquo;arriv\u00e9e sur le site comme l&rsquo;indique la vid\u00e9o suivante. <\/p>\n<div class=\"cols-wrapper cols-2\" style=\"margin-top:30px\">\n<div class=\"col\" style=\"width:65%;text-align:center\">\n<iframe src=\"https:\/\/player.vimeo.com\/video\/139392159\" style=\"width:100%;height:450px; min-height:350px;\" frameborder=\"0\" webkitallowfullscreen mozallowfullscreen allowfullscreen><\/iframe>\n<\/div>\n<div class=\"col nomargin\" style=\"width:30%;padding-top:100px;\">\n<ol>\n\u00c9tapes de cette vid\u00e9o<\/p>\n<li>R\u00e9ception et d\u00e9ballage du colis<\/li>\n<li>Assemblage des turbines<\/li>\n<li>Assemblage du pied<\/li>\n<\/ol>\n<\/div>\n<\/div>\n<p style=\"font-size:22px;font-weight:bold;text-align:center;margin-top:30px\">\u00c9tape 2 : Assemblage de l\u2019hydrolienne sur le site<\/p>\n<p style=\"text-align:center;\">Nous recommandons d&rsquo;assembler, sur le site, les turbines et le pied  au g\u00e9n\u00e9rateur comme l&rsquo;indique la vid\u00e9o suivante. Ceci afin de faciliter le transport de l&rsquo;hydrolienne \u00e0 l&#8217;emplacement d&rsquo;installation.<\/p>\n<div class=\"cols-wrapper cols-2\" style=\"margin-top:30px\">\n<div class=\"col\" style=\"width:65%;text-align:center\">\n<iframe src=\"https:\/\/player.vimeo.com\/video\/136133071\" style=\"width:100%;height:450px; min-height:350px;\" frameborder=\"0\" webkitallowfullscreen mozallowfullscreen allowfullscreen><\/iframe>\n<\/div>\n<div class=\"col nomargin\" style=\"width:30%;padding-top:100px;\">\n<ol>\n\u00c9tapes de cette vid\u00e9o<\/p>\n<li>Fixer le pied au g\u00e9n\u00e9rateur<\/li>\n<li>Fixer les turbines au g\u00e9n\u00e9rateur<\/li>\n<li>Fixer le brancard de mise \u00e0 l&rsquo;eau<\/li>\n<\/ol>\n<\/div>\n<\/div>\n<p style=\"font-size:22px;font-weight:bold;text-align:center;margin-top:30px\">\u00c9tape 3 : V\u00eatements de s\u00e9curit\u00e9<\/p>\n<p style=\"text-align:center;\">Avant la mise \u00e0 l\u2019eau, les installateurs doivent s\u2019assurer d\u2019avoir les v\u00eatements et les outils de s\u00e9curit\u00e9 n\u00e9cessaires afin d&rsquo;effectuer une installation s\u00e9curitaire et, d&rsquo;ainsi, minimiser les risques de blessure.<\/p>\n<div class=\"cols-wrapper cols-2\" style=\"margin-top:30px\">\n<div class=\"col\" style=\"width:65%;text-align:center\">\n<iframe src=\"https:\/\/player.vimeo.com\/video\/136133458\" style=\"width:100%;height:450px; min-height:350px;\" frameborder=\"0\" webkitallowfullscreen mozallowfullscreen allowfullscreen><\/iframe>\n<\/div>\n<div class=\"col nomargin\" style=\"width:30%;padding-top:100px;\">\n<ol>\n\u00c9tapes de cette vid\u00e9o<\/p>\n<li>Crampons d&rsquo;appoint<\/li>\n<li>Dispositif de d\u00e9clenchement automatique<\/li>\n<li>Ascendeur index<\/li>\n<li>Gants en n\u00e9opr\u00e8ne<\/li>\n<li>Couteau accrochable<\/li>\n<li>Harnais<\/li>\n<li>Veste de sauvetage<\/li>\n<li>Casque de s\u00e9curit\u00e9<\/li>\n<li>Combinaison isothermique<\/li>\n<li>Corde statique en nylon<\/li>\n<\/ol>\n<\/div>\n<\/div>\n<div class=\"cta-element\"><h2 class=\"cta-title\">Procurez-vous les \u00e9quipements de s\u00e9curit\u00e9<\/h2><a class=\"button\" href=\"https:\/\/idenergie.ca\/fr\/buy\/\">Consulter notre catalogue en ligne<\/a><\/div>\n<p style=\"font-size:22px;font-weight:bold;text-align:center;margin-top:30px\">\u00c9tape 4 :Raccordements \u00e9lectriques<\/p>\n<p style=\"text-align:center;\">\u00ab Vid\u00e9o \u00e0 venir \u00bb<\/p>\n<\/div>\n<\/div>\n<p style=\"font-size:22px;font-weight:bold;text-align:center;margin-top:30px\">\u00c9tape 5 : La mise \u00e0 l\u2019eau<\/p>\n<p style=\"text-align:center;\">La mise \u00e0 l\u2019eau comprend plusieurs \u00e9tapes \u00e9num\u00e9r\u00e9es dans la vid\u00e9o suivante. Il est important que les individus concern\u00e9s fassent preuve de vigilance \u00e0 cette \u00e9tape de l\u2019installation.<\/h2>\n<p align=\"center\">\n\u00ab Vid\u00e9o \u00e0 venir \u00bb\n<\/p>\n<div class=\"cols-wrapper cols-2\" style=\"margin-top:30px;height:500px;overflow:hidden;\">\n<div class=\"col\" style=\"width:65%;text-align:center;font-weight:bold;\">\n<img src=\"https:\/\/idenergie.ca\/wp-content\/uploads\/2014\/10\/installer-hydro-turbine.jpg\" style=\"width:100%;height:auto;\">\n<\/div>\n<div class=\"col nomargin\" style=\"width:30%;padding-top:100px;\">\n<ol>\n\u00c9tapes de cette vid\u00e9o<\/p>\n<li>Pr\u00e9paration des cordes de s\u00e9curit\u00e9<\/li>\n<li>Installation des ancrages<\/li>\n<li>Mise en place de la corde d\u2019installation<\/li>\n<li>Fixation du c\u00e2ble \u00e9lectrique sous-marin ainsi que du deuxi\u00e8me c\u00e2ble d\u2019acier inoxydable<\/li>\n<li>Mise \u00e0 l\u2019eau de l\u2019hydrolienne<\/li>\n<li>D\u00e9sinstallation du brancard de mise \u00e0 l\u2019eau<\/li>\n<li>Accrocher le c\u00e2ble d\u2019acier inoxydable \u00e0 l\u2019hydrolienne<\/li>\n<\/ol>\n<\/div>\n<\/div>\n<div class=\"section-full-width section-light-bg parallax-fixed\" style=\"background-color:#;margin-bottom:0;\">\n<div class=\"section-boxed\" style=\"color:#373737;\">\n<h2 class=\"fourTitle section-title\" style=\"color:#252525;\">D\u00e9sinstallation<\/h2>\n<p align=\"center\">\n\u00ab Vid\u00e9o \u00e0 venir \u00bb\n<\/p>\n<\/div>\n<\/div>\n<div class=\"section-full-width section-light-bg parallax-fixed\" style=\"background-color:#;margin-bottom:0;\">\n<div class=\"section-boxed\" style=\"color:#373737;\">\n<h2 class=\"fourTitle section-title\" style=\"color:#252525;\">Entretien<\/h2>\n<p align=\"center\">\n\u00ab Vid\u00e9o \u00e0 venir \u00bb\n<\/p>\n<\/div>\n<\/div>\n<div class=\"section-full-width section-light-bg parallax-fixed\" style=\"background-color:#;margin-bottom:0;\">\n<div class=\"section-boxed\" style=\"color:#373737;\">\n<h2 class=\"fourTitle section-title\" style=\"color:#252525;\">S\u00e9curiser le site<\/h2>\n<p align=\"center\">\n\u00ab Vid\u00e9o \u00e0 venir \u00bb\n<\/p>\n<\/div>\n<\/div>\n<div class=\"section-full-width section-light-bg parallax-fixed\" style=\"background-color:#;margin-bottom:0;\">\n<div class=\"section-boxed\" style=\"color:#373737;\">\n<h2 class=\"fourTitle section-title\" style=\"color:#252525;\">Composantes d&rsquo;un syst\u00e8me d&rsquo;\u00e9nergies renouvelables<\/h2>\n<p align=\"center\">\n\u00ab Vid\u00e9o \u00e0 venir \u00bb\n<\/p>\n<\/div>\n<\/div>\n<div class=\"thumbnailLinkLeft firstLink\" style=\"display:inline-block; width:45%;float:left;\">\n<div class=\"cta-element\"><h2 class=\"cta-title\">Plus d'informations sur les composantes de l'hydrolienne<\/h2><a class=\"button\" href=\"https:\/\/idenergie.ca\/en\/catalogue\/\">Visitez notre page technologie<\/a><\/div><\/p>\n<\/div>\n<div class=\"thumbnailLinkRight firstLink\" style=\"display:inline-block; width:45%;float:right;\">\n<div class=\"cta-element\"><h2 class=\"cta-title\">R\u00e9servez la v\u00f4tre maintenant!<\/h2><a class=\"button\" href=\"https:\/\/idenergie.ca\/fr\/catalogue\/\">Visitez notre catalogue en ligne<\/a><\/div><\/p>\n","protected":false},"excerpt":{"rendered":"<p>Les vid\u00e9os suivantes d\u00e9taillent l\u2019ensemble des informations n\u00e9cessaires pour une utilisation optimale de l\u2019hydrolienne de rivi\u00e8re, incluant la qualification d&rsquo;un [&hellip;]<\/p>\n","protected":false},"author":1,"featured_media":0,"parent":0,"menu_order":0,"comment_status":"closed","ping_status":"open","template":"template-full-custom.php","meta":[],"yoast_head":"<!-- This site is optimized with the Yoast SEO plugin v17.9 - https:\/\/yoast.com\/wordpress\/plugins\/seo\/ -->\n<title>Tutoriels<\/title>\n<meta name=\"robots\" content=\"index, follow, max-snippet:-1, max-image-preview:large, max-video-preview:-1\" \/>\n<link rel=\"canonical\" href=\"https:\/\/idenergie.ca\/fr\/tutoriel\/\" \/>\n<meta property=\"og:locale\" content=\"fr_FR\" \/>\n<meta property=\"og:type\" content=\"article\" \/>\n<meta property=\"og:title\" content=\"Tutoriels\" \/>\n<meta property=\"og:description\" content=\"Les vid\u00e9os suivantes d\u00e9taillent l\u2019ensemble des informations n\u00e9cessaires pour une utilisation optimale de l\u2019hydrolienne de rivi\u00e8re, incluant la qualification d&rsquo;un [&hellip;]\" \/>\n<meta property=\"og:url\" content=\"https:\/\/idenergie.ca\/fr\/tutoriel\/\" \/>\n<meta property=\"og:site_name\" content=\"Id\u00e9nergie\" \/>\n<meta property=\"article:modified_time\" content=\"2015-10-05T18:37:43+00:00\" \/>\n<meta property=\"og:image\" content=\"https:\/\/idenergie.ca\/wp-content\/uploads\/2014\/10\/installer-hydro-turbine.jpg\" \/>\n<meta name=\"twitter:label1\" content=\"Dur\u00e9e de lecture est.\" \/>\n\t<meta name=\"twitter:data1\" content=\"3 minutes\" \/>\n<script type=\"application\/ld+json\" class=\"yoast-schema-graph\">{\"@context\":\"https:\/\/schema.org\",\"@graph\":[{\"@type\":\"WebSite\",\"@id\":\"https:\/\/idenergie.ca\/fr\/#website\",\"url\":\"https:\/\/idenergie.ca\/fr\/\",\"name\":\"Id\\u00e9nergie\",\"description\":\"\",\"potentialAction\":[{\"@type\":\"SearchAction\",\"target\":{\"@type\":\"EntryPoint\",\"urlTemplate\":\"https:\/\/idenergie.ca\/fr\/?s={search_term_string}\"},\"query-input\":\"required name=search_term_string\"}],\"inLanguage\":\"fr-FR\"},{\"@type\":\"ImageObject\",\"@id\":\"https:\/\/idenergie.ca\/fr\/tutoriel\/#primaryimage\",\"inLanguage\":\"fr-FR\",\"url\":\"https:\/\/idenergie.ca\/wp-content\/uploads\/2014\/10\/installer-hydro-turbine.jpg\",\"contentUrl\":\"https:\/\/idenergie.ca\/wp-content\/uploads\/2014\/10\/installer-hydro-turbine.jpg\",\"width\":800,\"height\":1200},{\"@type\":\"WebPage\",\"@id\":\"https:\/\/idenergie.ca\/fr\/tutoriel\/#webpage\",\"url\":\"https:\/\/idenergie.ca\/fr\/tutoriel\/\",\"name\":\"Tutoriels\",\"isPartOf\":{\"@id\":\"https:\/\/idenergie.ca\/fr\/#website\"},\"primaryImageOfPage\":{\"@id\":\"https:\/\/idenergie.ca\/fr\/tutoriel\/#primaryimage\"},\"datePublished\":\"2015-08-12T19:17:21+00:00\",\"dateModified\":\"2015-10-05T18:37:43+00:00\",\"breadcrumb\":{\"@id\":\"https:\/\/idenergie.ca\/fr\/tutoriel\/#breadcrumb\"},\"inLanguage\":\"fr-FR\",\"potentialAction\":[{\"@type\":\"ReadAction\",\"target\":[\"https:\/\/idenergie.ca\/fr\/tutoriel\/\"]}]},{\"@type\":\"BreadcrumbList\",\"@id\":\"https:\/\/idenergie.ca\/fr\/tutoriel\/#breadcrumb\",\"itemListElement\":[{\"@type\":\"ListItem\",\"position\":1,\"name\":\"Home\",\"item\":\"https:\/\/idenergie.ca\/fr\/\"},{\"@type\":\"ListItem\",\"position\":2,\"name\":\"Tutoriels\"}]}]}<\/script>\n<!-- \/ Yoast SEO plugin. -->","yoast_head_json":{"title":"Tutoriels","robots":{"index":"index","follow":"follow","max-snippet":"max-snippet:-1","max-image-preview":"max-image-preview:large","max-video-preview":"max-video-preview:-1"},"canonical":"https:\/\/idenergie.ca\/fr\/tutoriel\/","og_locale":"fr_FR","og_type":"article","og_title":"Tutoriels","og_description":"Les vid\u00e9os suivantes d\u00e9taillent l\u2019ensemble des informations n\u00e9cessaires pour une utilisation optimale de l\u2019hydrolienne de rivi\u00e8re, incluant la qualification d&rsquo;un [&hellip;]","og_url":"https:\/\/idenergie.ca\/fr\/tutoriel\/","og_site_name":"Id\u00e9nergie","article_modified_time":"2015-10-05T18:37:43+00:00","og_image":[{"url":"https:\/\/idenergie.ca\/wp-content\/uploads\/2014\/10\/installer-hydro-turbine.jpg"}],"twitter_misc":{"Dur\u00e9e de lecture est.":"3 minutes"},"schema":{"@context":"https:\/\/schema.org","@graph":[{"@type":"WebSite","@id":"https:\/\/idenergie.ca\/fr\/#website","url":"https:\/\/idenergie.ca\/fr\/","name":"Id\u00e9nergie","description":"","potentialAction":[{"@type":"SearchAction","target":{"@type":"EntryPoint","urlTemplate":"https:\/\/idenergie.ca\/fr\/?s={search_term_string}"},"query-input":"required name=search_term_string"}],"inLanguage":"fr-FR"},{"@type":"ImageObject","@id":"https:\/\/idenergie.ca\/fr\/tutoriel\/#primaryimage","inLanguage":"fr-FR","url":"https:\/\/idenergie.ca\/wp-content\/uploads\/2014\/10\/installer-hydro-turbine.jpg","contentUrl":"https:\/\/idenergie.ca\/wp-content\/uploads\/2014\/10\/installer-hydro-turbine.jpg","width":800,"height":1200},{"@type":"WebPage","@id":"https:\/\/idenergie.ca\/fr\/tutoriel\/#webpage","url":"https:\/\/idenergie.ca\/fr\/tutoriel\/","name":"Tutoriels","isPartOf":{"@id":"https:\/\/idenergie.ca\/fr\/#website"},"primaryImageOfPage":{"@id":"https:\/\/idenergie.ca\/fr\/tutoriel\/#primaryimage"},"datePublished":"2015-08-12T19:17:21+00:00","dateModified":"2015-10-05T18:37:43+00:00","breadcrumb":{"@id":"https:\/\/idenergie.ca\/fr\/tutoriel\/#breadcrumb"},"inLanguage":"fr-FR","potentialAction":[{"@type":"ReadAction","target":["https:\/\/idenergie.ca\/fr\/tutoriel\/"]}]},{"@type":"BreadcrumbList","@id":"https:\/\/idenergie.ca\/fr\/tutoriel\/#breadcrumb","itemListElement":[{"@type":"ListItem","position":1,"name":"Home","item":"https:\/\/idenergie.ca\/fr\/"},{"@type":"ListItem","position":2,"name":"Tutoriels"}]}]}},"_links":{"self":[{"href":"https:\/\/idenergie.ca\/fr\/wp-json\/wp\/v2\/pages\/2407"}],"collection":[{"href":"https:\/\/idenergie.ca\/fr\/wp-json\/wp\/v2\/pages"}],"about":[{"href":"https:\/\/idenergie.ca\/fr\/wp-json\/wp\/v2\/types\/page"}],"author":[{"embeddable":true,"href":"https:\/\/idenergie.ca\/fr\/wp-json\/wp\/v2\/users\/1"}],"replies":[{"embeddable":true,"href":"https:\/\/idenergie.ca\/fr\/wp-json\/wp\/v2\/comments?post=2407"}],"version-history":[{"count":45,"href":"https:\/\/idenergie.ca\/fr\/wp-json\/wp\/v2\/pages\/2407\/revisions"}],"predecessor-version":[{"id":2410,"href":"https:\/\/idenergie.ca\/fr\/wp-json\/wp\/v2\/pages\/2407\/revisions\/2410"}],"wp:attachment":[{"href":"https:\/\/idenergie.ca\/fr\/wp-json\/wp\/v2\/media?parent=2407"}],"curies":[{"name":"wp","href":"https:\/\/api.w.org\/{rel}","templated":true}]}}