{"id":2591,"date":"2015-09-04T14:18:08","date_gmt":"2015-09-04T19:18:08","guid":{"rendered":"https:\/\/idenergie.ca\/?page_id=2591"},"modified":"2015-10-05T10:33:50","modified_gmt":"2015-10-05T15:33:50","slug":"catalogue","status":"publish","type":"page","link":"https:\/\/idenergie.ca\/fr\/catalogue\/","title":{"rendered":"Catalogue"},"content":{"rendered":"<style>\n#content-container{\nmargin-top:-10px;\n}\n#content-container .section-full-width .section-boxed {\nmargin-top:20px;\npadding-bottom:30px;\n}\n#content-container .section-boxed{\nmargin:0px;\nmargin-left:auto;\nmargin-right:auto;\n}\n.sc-cont{\nheight:100%;\noverflow:hidden;\n}\n.col{\nmargin-right:2.5%;}\n.page-template-template-full-custom-php #content-container{\n}\n.thumbnailPicture{\npadding-top:16px;}\n<\/style>\n<p><script>\njQuery(document).ready(function(){\nvar $=jQuery;\n$(\".thumbnailPicture \").click(function(){\n$(\".bigthumb\").hide();\n$(\".\"+$(this).attr(\"id\")).show();\n});\n});\n<\/script><br \/>\n<div class=\"section-full-width section-light-bg parallax-fixed\" style=\"background-color:#f7f7f7;\" id=\"hydrolienne\"><div style=\"background-image:url(http:\/\/idenergie.staging.ctrlweb.ca\/wp-content\/uploads\/2014\/08\/Gaussian-blur-background.jpg); opacity:0.5; filter: alpha(opacity=50);\" class=\"full-bg-image\" ><\/div><div class=\"section-boxed\" style=\"color:#373737;\"><h2 class=\"section-title\" style=\"color:#252525;\">HYDROLIENNE<\/h2><\/p>\n<div class=\"cols-wrapper cols-2\">\n<div class=\"col\" style=\"width:65%;\">\n<img class=\"img-frame  bigthumb alignleft pic1\" src=\"https:\/\/idenergie.ca\/wp-content\/uploads\/2014\/09\/slider1.jpg\" alt=\"\" style=\"\"\/><br \/>\n<img class=\"img-frame bigthumb alignleft pic2\" src=\"https:\/\/idenergie.ca\/wp-content\/uploads\/2014\/08\/turbineinnature.jpg\"  alt=\"\" style=\"display:none;margin-top:-20px;\"\/><br \/>\n<img class=\"img-frame bigthumb alignleft pic3\" src=https:\/\/idenergie.ca\/wp-content\/uploads\/2014\/09\/slider5.jpg\"  alt=\"\" style=\"display:none;margin-top:-40px;\"\/>\n<\/div>\n<div class=\"col nomargin\" style=\"width:30%;\">\n<div>\n<img class=\"thumbnailPicture\" id=\"pic1\" src=\"https:\/\/idenergie.ca\/wp-content\/uploads\/2014\/09\/slider1.jpg\" style=\"width:250px;height:auto;cursor:pointer;\"\/><br \/>\n<img class=\"thumbnailPicture\" id=\"pic2\" src=\"https:\/\/idenergie.ca\/wp-content\/uploads\/2014\/08\/turbineinnature.jpg\" style=\"width:250px;height:auto;cursor:pointer;\"\/><br \/>\n<img class=\"thumbnailPicture\" id=\"pic3\" src=\"https:\/\/idenergie.ca\/wp-content\/uploads\/2014\/09\/slider5.jpg\" style=\"width:250px;height:auto;cursor:pointer;\"\/><\/p>\n<\/div>\n<\/div>\n<\/div>\n<div class=\"cols-wrapper cols-2\">\n<div class=\"col\" style=\"width:60%;padding-left:30px;\">\n<b>Le \u00ab\u00a0Kit hydrolienne\u00a0\u00bb inclut:<\/b><\/p>\n<ul>\n<li>G\u00e9n\u00e9rateur avec convertisseur intelligent int\u00e9gr\u00e9<\/li>\n<li>Pied en trois morceaux<\/li>\n<li>Lot de six pales<\/li>\n<li>C\u00e2ble \u00e9lectrique sous-marin (20 m\u00e8tres)<\/li>\n<li>Bo\u00eetier de jonction, fabriqu\u00e9 par Id\u00e9nergie<\/li>\n<li>Kit d&rsquo;ancrage<\/li>\n<li>Optionnel: Brancard de mise \u00e0 l&rsquo;eau<\/li>\n<li>Optionnel: C\u00e2ble \u00e9lectrique terrestre pour installation sous-terraine<\/li>\n<\/ul>\n<\/div>\n<div class=\"col nomargin\" style=\"width:35%;\">\n<div style=\"text-decoration:line-through; font-size:20px;float:right;padding-right:120px;color:red;\">12 000 $ USD<\/div>\n<div class=\"cta-element\">\n<h2 class=\"cta-title\" style=\"line-height:20px;\">9 900 $ USD<br \/>\n<span style=\"font-size:14px;\">&#8211; Sauvez 2,100 USD (-17.5%)<\/span><br \/>\n<\/h2>\n<p><a class=\"button\" href=\"\/fr\/demande-de-devis\/\">FAIRE UNE DEMANDE DE DEVIS<\/a><\/div>\n<\/div>\n<\/div>\n<p>\n<\/div><\/div><\/p>\n<div class=\"section-full-width section-light-bg parallax-fixed\" style=\"background-color:#f7f7f7;\" id=\"kitset\u00e9quipementsoptionnels\"><div class=\"section-boxed\" style=\"color:#373737;\"><h2 class=\"section-title\" style=\"color:#252525;\">Kits et \u00e9quipements optionnels<\/h2><\/p>\n<p style=\"text-align:center;\">\nId\u00e9nergie offre diff\u00e9rents kits et accessoires pour avoir un syst\u00e8me d&rsquo;\u00e9nergie renouvelable complet et faciliter l&rsquo;installation.<br \/>\n<i>Cliquez sur les images pour plus de d\u00e9tails<\/i>\n<\/p>\n<div class=\"services-wrapper services-boxed-photo cols-wrapper cols-3\">\n<div class=\"services-box col\">\n<div class=\"img-container\"><img src=\"https:\/\/idenergie.ca\/wp-content\/uploads\/2015\/09\/Ancrage-small.jpg\" alt=\"\u00c9quipement d&#039;installation\"\/>\n<\/div>\n<div class=\"services-content\">\n<div class=\"sc-wraper\">\n<h3>Kit d&rsquo;ancrage<\/h3>\n<p><i>Cliquez sur l&rsquo;image pour plus de d\u00e9tails<\/i><\/p>\n<div class=\"sc-cont\">\n<b>Ce kit inclut:<\/b><\/p>\n<ul>\n<li>3 lots d&rsquo;ancrage, incluant:<\/li>\n<ul type=\"square\">\n<li>1 douille filet\u00e9 int\u00e9rieur \u00e0 ins\u00e9rer dans la roche et 1 vis appropri\u00e9e<\/li>\n<\/ul>\n<ul type=\"square\">\n<li>1 plaquette de rappel accroch\u00e9e \u00e0 la boucle en acier inoxydable<\/li>\n<\/ul>\n<li>2 syst\u00e8mes de retenue de l&rsquo;hydrolienne, incluant:<\/li>\n<ul type=\"square\">\n<li>1 c\u00e2ble en acier inoxydable de 20 m\u00e8tres<\/li>\n<\/ul>\n<ul type=\"square\">\n<li>2 mousqueton \u00e0 vis<\/li>\n<\/ul>\n<ul type=\"square\">\n<li>2 boucles en acier inoxydable<\/li>\n<\/ul>\n<ul type=\"square\">\n<li> 6 anneaux de serrage<\/li>\n<\/ul>\n<\/ul>\n<\/div>\n<\/div>\n<\/div>\n<\/div>\n<div class=\"services-box col\">\n<div class=\"img-container\"><img src=\"https:\/\/idenergie.ca\/wp-content\/uploads\/2015\/09\/Installation-\u00e9quipement-small.jpg\" alt=\"Ensemble \u00e9lectriques\"\/>\n<\/div>\n<div class=\"services-content\">\n<div class=\"sc-wraper\">\n<h3>\u00c9quipements d&rsquo;installation<\/h3>\n<p><i>Cliquez sur l&rsquo;image pour plus de d\u00e9tails<\/i><\/p>\n<div class=\"sc-cont\">\n<b>Ce kit inclut:<\/b><\/p>\n<ul>\n<li>Id\u00e9nergie offre deux options en ce qui attrait aux \u00e9quipements d&rsquo;installation d\u00e9pendamment du nombre d&rsquo;installations pr\u00e9vues incluant:  <\/li>\n<ul type=\"square\">\n<li>Cordage d&rsquo;installation <\/li>\n<\/ul>\n<ul type=\"square\">\n<li>Poulies <\/li>\n<\/ul>\n<ul type=\"square\">\n<li>Syst\u00e8me de palan \u00e0 corde<\/li>\n<\/ul>\n<li>\u00c9quipements compl\u00e9mentaires au kit d&rsquo;installation<\/li>\n<ul type=\"square\">\n<li>Tamponnoir<\/li>\n<\/ul>\n<ul type=\"square\">\n<li>Foret au carbure 1\/2&Prime; X 18&Prime;<\/li>\n<\/ul>\n<\/ul>\n<\/div>\n<\/div>\n<\/div>\n<\/div>\n<div class=\"services-box col nomargin\">\n<div class=\"img-container\"><img src=\"https:\/\/idenergie.ca\/wp-content\/uploads\/2015\/09\/Batteries-4.jpg\" alt=\"Accessoires Id\u00e9nergie\"\/>\n<\/div>\n<div class=\"services-content\">\n<div class=\"sc-wraper\">\n<h3>Kit de batteries cl\u00e9 en main, c\u00e2blage pr\u00eat-\u00e0-brancher <\/h3>\n<p><i>Cliquez sur l&rsquo;image pour plus de d\u00e9tails<\/i><\/p>\n<div class=\"sc-cont\">\nDiff\u00e9rentes options sont disponibles selon votre consommation quotidienne d&rsquo;\u00e9nergie et la vitesse du courant de votre rivi\u00e8re. Chacun des kits inclut:<\/p>\n<ul>\n<li>Batteries <\/li>\n<li>Contr\u00f4leur de charge et les r\u00e9sistances de diversion<\/li>\n<li>Onduleur<\/li>\n<li>Bo\u00eetier et accessoires pour installation\t<\/li>\n<li>Option d&rsquo;un syst\u00e8me de batteries sur mesure dispobnible<\/li>\n<\/ul>\n<\/div>\n<\/div>\n<\/div>\n<\/div>\n<div class=\"clear\">\n<\/div>\n<\/div>\n<div class=\"services-wrapper services-boxed-photo cols-wrapper cols-3\">\n<div class=\"services-box col\">\n<div class=\"img-container\"><img src=\"https:\/\/idenergie.ca\/wp-content\/uploads\/2015\/09\/Kit-de-s\u00e9curit\u00e9-personnelle-small.jpg\" alt=\"\u00c9quipement d&#039;installation\"\/>\n<\/div>\n<div class=\"services-content\">\n<div class=\"sc-wraper\">\n<h3>Kit de s\u00e9curit\u00e9 personnelle<\/h3>\n<p><i>Cliquez sur l&rsquo;image pour plus de d\u00e9tails<\/i><\/p>\n<div class=\"sc-cont\">\n<b>Ce kit inclut:<\/b><\/p>\n<ul>\n<li>Crampons d&rsquo;appoint <\/li>\n<li>Ascendeur<\/li>\n<li>Dispositif de d\u00e9clenchement automatique<\/li>\n<li>Gants en n\u00e9opr\u00e8ne<\/li>\n<li>Couteau accrochable<\/li>\n<li>Veste de sauvetage<\/li>\n<li>Casque protecteur<\/li>\n<li>Corde de s\u00e9curit\u00e9 statique en nylon &#8211; Diam\u00e8tre 11mm &#8211; Longueur 35 m\u00e8tres<\/li>\n<li>Harnais<\/li>\n<li>Combinaison isotherme<\/li>\n<li>Chaussettes isothermes<\/li>\n<li>Bottes antid\u00e9rapantes<\/li>\n<\/ul>\n<\/div>\n<\/div>\n<\/div>\n<\/div>\n<div class=\"services-box col\">\n<div class=\"img-container\"><img src=\"https:\/\/idenergie.ca\/wp-content\/uploads\/2015\/09\/Kit-de-s\u00e9curit\u00e9-marin-small.jpg\" alt=\"Ensemble \u00e9lectriques\"\/>\n<\/div>\n<div class=\"services-content\">\n<div class=\"sc-wraper\">\n<h3>Kit d&rsquo;avertissement maritime<\/h3>\n<p><i>Cliquez sur l&rsquo;image pour plus de d\u00e9tails<\/i><\/p>\n<div class=\"sc-cont\">\n<b>Ce kit inclut:<\/b><\/p>\n<ul>\n<li>1 panneau d&rsquo;avertissement plac\u00e9 sur la rive \u00ab\u00a0TURBINE : 100 Mtr. (328&prime;)\u00a0\u00bb <\/li>\n<li>1 bou\u00e9e d&rsquo;avertissement install\u00e9e en amont de l&rsquo;hydrolienne<\/li>\n<li>1 drapeau flexible fix\u00e9 au dessus de l&rsquo;hydrolienne pour indiquer sa position exacte<\/li>\n<\/ul>\n<\/div>\n<\/div>\n<\/div>\n<\/div>\n<div class=\"services-box col nomargin\">\n<div class=\"img-container\"><img src=\"https:\/\/idenergie.ca\/wp-content\/uploads\/2015\/09\/Cluster-intsallation-small.jpg\" alt=\"Accessoires Id\u00e9nergie\"\/>\n<\/div>\n<div class=\"services-content\">\n<div class=\"sc-wraper\">\n<h3>Kit d&rsquo;hydroliennes en r\u00e9seau<\/h3>\n<p><i>Cliquez sur l&rsquo;image pour plus de d\u00e9tails<\/i><\/p>\n<div class=\"sc-cont\">\n<b><\/b><\/p>\n<ul>\n<li>Kit \u00e0 venir<\/li>\n<\/ul>\n<\/div>\n<\/div>\n<\/div>\n<\/div>\n<div class=\"clear\">\n<\/div>\n<\/div>\n<div class=\"services-wrapper services-boxed-photo cols-wrapper cols-3\" style=\"padding-left:17%\">\n<div class=\"services-box col\">\n<div class=\"img-container\"><img src=\"https:\/\/idenergie.ca\/wp-content\/uploads\/2015\/09\/Mileiu-f\u00e9reux-small.jpg\" alt=\"\u00c9quipement d&#039;installation\"\/>\n<\/div>\n<div class=\"services-content\">\n<div class=\"sc-wraper\">\n<h3>Protection de surface pour zone marine et milieu ferreux<\/h3>\n<p><i>Cliquez sur l&rsquo;image pour plus de d\u00e9tails<\/i><\/p>\n<div class=\"sc-cont\">\n<ul>\nCe traitement de surface des mat\u00e9riaux permet de cr\u00e9er une couche de protection pour \u00e9viter la corrosion des pi\u00e8ces en milieux ferreux et sal\u00e9.\n<\/ul>\n<\/div>\n<\/div>\n<\/div>\n<\/div>\n<div class=\"services-box col nomargin\">\n<div class=\"img-container\"><img src=\"https:\/\/idenergie.ca\/wp-content\/uploads\/2015\/09\/Kit-de-connection-longue-distance.png\" alt=\"Accessoires Id\u00e9nergie\"\/>\n<\/div>\n<div class=\"services-content\">\n<div class=\"sc-wraper\">\n<h3>Kit de connection longue distance<\/h3>\n<p><i>Cliquez sur l&rsquo;image pour plus de d\u00e9tails<\/i><\/p>\n<div class=\"sc-cont\">\n<b><\/b><\/p>\n<ul>\n<li>Kit \u00e0 venir<\/li>\n<\/ul>\n<\/div>\n<\/div>\n<\/div>\n<\/div>\n<div class=\"clear\">\n<\/div>\n<\/div>\n<p>\n<\/div><\/div>\n<p><script>\njQuery(\".img-container\").click(function (){\nvar el=jQuery(this).parent().find(\".services-content\").find(\".sc-cont\")\nif(jQuery(el).is(':visible')){\njQuery(el).slideUp();\n}else{\njQuery(el).slideDown();\n}\n});\njQuery(document).ready(function(){\njQuery(\".sc-cont\").slideUp();\n});\n<\/script><\/p>\n","protected":false},"excerpt":{"rendered":"","protected":false},"author":1,"featured_media":0,"parent":0,"menu_order":0,"comment_status":"closed","ping_status":"open","template":"template-full-custom.php","meta":[],"yoast_head":"<!-- This site is optimized with the Yoast SEO plugin v17.9 - https:\/\/yoast.com\/wordpress\/plugins\/seo\/ -->\n<title>Catalogue - Id\u00e9nergie<\/title>\n<meta name=\"robots\" content=\"index, follow, max-snippet:-1, max-image-preview:large, max-video-preview:-1\" \/>\n<link rel=\"canonical\" href=\"https:\/\/idenergie.ca\/fr\/catalogue\/\" \/>\n<meta property=\"og:locale\" content=\"fr_FR\" \/>\n<meta property=\"og:type\" content=\"article\" \/>\n<meta property=\"og:title\" content=\"Catalogue - Id\u00e9nergie\" \/>\n<meta property=\"og:url\" content=\"https:\/\/idenergie.ca\/fr\/catalogue\/\" \/>\n<meta property=\"og:site_name\" content=\"Id\u00e9nergie\" \/>\n<meta property=\"article:modified_time\" content=\"2015-10-05T15:33:50+00:00\" \/>\n<meta property=\"og:image\" content=\"http:\/\/idenergie.ca\/wp-content\/uploads\/2014\/09\/slider1.jpg\" \/>\n<script type=\"application\/ld+json\" class=\"yoast-schema-graph\">{\"@context\":\"https:\/\/schema.org\",\"@graph\":[{\"@type\":\"WebSite\",\"@id\":\"https:\/\/idenergie.ca\/fr\/#website\",\"url\":\"https:\/\/idenergie.ca\/fr\/\",\"name\":\"Id\\u00e9nergie\",\"description\":\"\",\"potentialAction\":[{\"@type\":\"SearchAction\",\"target\":{\"@type\":\"EntryPoint\",\"urlTemplate\":\"https:\/\/idenergie.ca\/fr\/?s={search_term_string}\"},\"query-input\":\"required name=search_term_string\"}],\"inLanguage\":\"fr-FR\"},{\"@type\":\"ImageObject\",\"@id\":\"https:\/\/idenergie.ca\/fr\/catalogue\/#primaryimage\",\"inLanguage\":\"fr-FR\",\"url\":\"https:\/\/idenergie.ca\/wp-content\/uploads\/2014\/09\/slider1.jpg\",\"contentUrl\":\"https:\/\/idenergie.ca\/wp-content\/uploads\/2014\/09\/slider1.jpg\",\"width\":1384,\"height\":923},{\"@type\":\"WebPage\",\"@id\":\"https:\/\/idenergie.ca\/fr\/catalogue\/#webpage\",\"url\":\"https:\/\/idenergie.ca\/fr\/catalogue\/\",\"name\":\"Catalogue - Id\\u00e9nergie\",\"isPartOf\":{\"@id\":\"https:\/\/idenergie.ca\/fr\/#website\"},\"primaryImageOfPage\":{\"@id\":\"https:\/\/idenergie.ca\/fr\/catalogue\/#primaryimage\"},\"datePublished\":\"2015-09-04T19:18:08+00:00\",\"dateModified\":\"2015-10-05T15:33:50+00:00\",\"breadcrumb\":{\"@id\":\"https:\/\/idenergie.ca\/fr\/catalogue\/#breadcrumb\"},\"inLanguage\":\"fr-FR\",\"potentialAction\":[{\"@type\":\"ReadAction\",\"target\":[\"https:\/\/idenergie.ca\/fr\/catalogue\/\"]}]},{\"@type\":\"BreadcrumbList\",\"@id\":\"https:\/\/idenergie.ca\/fr\/catalogue\/#breadcrumb\",\"itemListElement\":[{\"@type\":\"ListItem\",\"position\":1,\"name\":\"Home\",\"item\":\"https:\/\/idenergie.ca\/fr\/\"},{\"@type\":\"ListItem\",\"position\":2,\"name\":\"Catalogue\"}]}]}<\/script>\n<!-- \/ Yoast SEO plugin. -->","yoast_head_json":{"title":"Catalogue - Id\u00e9nergie","robots":{"index":"index","follow":"follow","max-snippet":"max-snippet:-1","max-image-preview":"max-image-preview:large","max-video-preview":"max-video-preview:-1"},"canonical":"https:\/\/idenergie.ca\/fr\/catalogue\/","og_locale":"fr_FR","og_type":"article","og_title":"Catalogue - Id\u00e9nergie","og_url":"https:\/\/idenergie.ca\/fr\/catalogue\/","og_site_name":"Id\u00e9nergie","article_modified_time":"2015-10-05T15:33:50+00:00","og_image":[{"url":"http:\/\/idenergie.ca\/wp-content\/uploads\/2014\/09\/slider1.jpg"}],"schema":{"@context":"https:\/\/schema.org","@graph":[{"@type":"WebSite","@id":"https:\/\/idenergie.ca\/fr\/#website","url":"https:\/\/idenergie.ca\/fr\/","name":"Id\u00e9nergie","description":"","potentialAction":[{"@type":"SearchAction","target":{"@type":"EntryPoint","urlTemplate":"https:\/\/idenergie.ca\/fr\/?s={search_term_string}"},"query-input":"required name=search_term_string"}],"inLanguage":"fr-FR"},{"@type":"ImageObject","@id":"https:\/\/idenergie.ca\/fr\/catalogue\/#primaryimage","inLanguage":"fr-FR","url":"https:\/\/idenergie.ca\/wp-content\/uploads\/2014\/09\/slider1.jpg","contentUrl":"https:\/\/idenergie.ca\/wp-content\/uploads\/2014\/09\/slider1.jpg","width":1384,"height":923},{"@type":"WebPage","@id":"https:\/\/idenergie.ca\/fr\/catalogue\/#webpage","url":"https:\/\/idenergie.ca\/fr\/catalogue\/","name":"Catalogue - Id\u00e9nergie","isPartOf":{"@id":"https:\/\/idenergie.ca\/fr\/#website"},"primaryImageOfPage":{"@id":"https:\/\/idenergie.ca\/fr\/catalogue\/#primaryimage"},"datePublished":"2015-09-04T19:18:08+00:00","dateModified":"2015-10-05T15:33:50+00:00","breadcrumb":{"@id":"https:\/\/idenergie.ca\/fr\/catalogue\/#breadcrumb"},"inLanguage":"fr-FR","potentialAction":[{"@type":"ReadAction","target":["https:\/\/idenergie.ca\/fr\/catalogue\/"]}]},{"@type":"BreadcrumbList","@id":"https:\/\/idenergie.ca\/fr\/catalogue\/#breadcrumb","itemListElement":[{"@type":"ListItem","position":1,"name":"Home","item":"https:\/\/idenergie.ca\/fr\/"},{"@type":"ListItem","position":2,"name":"Catalogue"}]}]}},"_links":{"self":[{"href":"https:\/\/idenergie.ca\/fr\/wp-json\/wp\/v2\/pages\/2591"}],"collection":[{"href":"https:\/\/idenergie.ca\/fr\/wp-json\/wp\/v2\/pages"}],"about":[{"href":"https:\/\/idenergie.ca\/fr\/wp-json\/wp\/v2\/types\/page"}],"author":[{"embeddable":true,"href":"https:\/\/idenergie.ca\/fr\/wp-json\/wp\/v2\/users\/1"}],"replies":[{"embeddable":true,"href":"https:\/\/idenergie.ca\/fr\/wp-json\/wp\/v2\/comments?post=2591"}],"version-history":[{"count":127,"href":"https:\/\/idenergie.ca\/fr\/wp-json\/wp\/v2\/pages\/2591\/revisions"}],"predecessor-version":[{"id":2922,"href":"https:\/\/idenergie.ca\/fr\/wp-json\/wp\/v2\/pages\/2591\/revisions\/2922"}],"wp:attachment":[{"href":"https:\/\/idenergie.ca\/fr\/wp-json\/wp\/v2\/media?parent=2591"}],"curies":[{"name":"wp","href":"https:\/\/api.w.org\/{rel}","templated":true}]}}