{"id":3580,"date":"2016-04-24T10:13:35","date_gmt":"2016-04-24T15:13:35","guid":{"rendered":"https:\/\/idenergie.ca\/?page_id=3580"},"modified":"2018-11-26T17:05:15","modified_gmt":"2018-11-26T22:05:15","slug":"particuliers-3","status":"publish","type":"page","link":"https:\/\/idenergie.ca\/fr\/particuliers-3\/","title":{"rendered":"Particuliers"},"content":{"rendered":"<div class=\"section-full-width section-custom\" style=\"\" id=\"section-1\"><div class=\"section-boxed\" style=\"color:#;\"><\/p>\n<div class=\"cols-wrapper cols-2\">\n<div class=\"col\">\n<p style=\"text-align: justify;\">Entamer votre transition \u00e9nerg\u00e9tique vous permet de b\u00e9n\u00e9ficier d&rsquo;une source d&rsquo;\u00e9nergie stable, continue et \u00e0 faible empreinte \u00e9cologique.<\/p>\n<p style=\"text-align: justify;\">Afin de produire votre propre \u00e9nergie et de peut-\u00eatre m\u00eame revendre vos surplus si vous \u00eates reli\u00e9 au r\u00e9seau, vous aurez besoin d&rsquo;identifier vos sources potentielles optimales, de quantifier votre consommation d&rsquo;\u00e9nergie et de choisir vos\u00a0\u00e9quipements tels que des convertisseurs, des c\u00e2bles et des batteries.<\/p>\n<p style=\"text-align: justify;\">Pour faciliter votre transition, nous avons d\u00e9velopp\u00e9 diff\u00e9rentes solutions \u00e9nerg\u00e9tiques pour r\u00e9sidences selon votre situation g\u00e9ographique et vos cat\u00e9gories de besoin en \u00e9nergie. Nous avons imagin\u00e9 et d\u00e9fini des kits complets d&rsquo;installation pour vous faciliter la vie et peut-\u00eatre \u00e9conomiser des frais suppl\u00e9mentaires si vous ne faites pas appel \u00e0 un installateur.<\/p>\n<\/div>\n<div class=\"col nomargin\">\u00a0<img class=\"img-frame aligncenter\" src=\"https:\/\/idenergie.ca\/wp-content\/uploads\/2016\/04\/panneautoit.jpg\" alt=\"\" \/><\/div>\n<\/div>\n<p>\n<\/div><\/div>\n<div class=\"section-full-width section-custom\" style=\"\" id=\"section-2\"><div style=\"background-image:url(https:\/\/idenergie.ca\/wp-content\/uploads\/2016\/11\/maison-cool.jpg); opacity:0.7; filter: alpha(opacity=70);\" class=\"full-bg-image\" ><\/div><div class=\"section-boxed\" style=\"color:#ffffff;\"><\/p>\n<h1 class=\"Corps\" style=\"text-align: center;\"><span lang=\"FR\">Quel kit pour quel usager?<br \/>\n<\/span><span lang=\"FR\">Id\u00e9nergie a d\u00e9velopp\u00e9 une application en ligne pour vous aider.<\/span><\/h1>\n<p>\n<\/div><\/div>\n<div class=\"section-full-width section-custom\" style=\"\" id=\"section-3\"><div class=\"section-boxed\" style=\"color:#;\"><\/p>\n<div class=\"cols-wrapper cols-2\">\n<div class=\"col\">\n<p><img class=\"img-frame aligncenter\" src=\"https:\/\/idenergie.ca\/wp-content\/uploads\/2016\/11\/application-tite.png\" alt=\"\" \/><\/p>\n<\/div>\n<div class=\"col nomargin\">\n<p>&nbsp;<\/p>\n<p style=\"text-align: justify;\"><span lang=\"FR\">Obtenez une premi\u00e8re estimation de votre consommation \u00e9nerg\u00e9tique gr\u00e2ce \u00e0 notre application en ligne. En fonction de vos besoins et de votre situation g\u00e9ographique, le logiciel\u00a0\u00e9tablira une premi\u00e8re estimation et vous guidera vers le kit le mieux adapt\u00e9. <\/span><\/p>\n<p class=\"Corps\" style=\"text-align: justify;\"><span lang=\"FR\">Id\u00e9nergie vous contactera ensuite avant de finaliser l\u2019envoi de l\u2019\u00e9quipement jusqu\u2019\u00e0 votre domicile.<\/span><\/p>\n<p class=\"Corps\" style=\"text-align: justify;\"><span lang=\"FR\">Selon vos pr\u00e9f\u00e9rences, nous vous assisterons \u00e0 distance durant les \u00e9tapes d\u2019installation ou nous vous r\u00e9f\u00e8rerons \u00e0 un installateur membre de notre r\u00e9seau.<\/span><\/p>\n<\/div>\n<\/div>\n<div class=\"cols-wrapper cols-2\" style=\"text-align: center;\">\n<div class=\"col\">\n<p><a class=\"button\" style=\"background-color: #e2a65d;\" href=\"https:\/\/idenergie.ca\/fr\/batir-mon-systeme\/\">Imaginez votre syst\u00e8me ici<\/a><\/p>\n<\/div>\n<div class=\"col nomargin\">\n<p><a class=\"button\" style=\"background-color: #e2a65d;\" href=\"https:\/\/idenergie.ca\/fr\/shop\/\">Visitez notre boutique en ligne<\/a><\/p>\n<\/div>\n<\/div>\n<p>\n<\/div><\/div>\n<div class=\"section-full-width section-light-bg\" style=\"background-color:#f7f7f7;\" id=\"section-4\"><div class=\"section-boxed\" style=\"color:#373737;\"><\/p>\n<div class=\"cols-wrapper cols-4\">\n<div class=\"col\">\n<p><a href=\"https:\/\/idenergie.ca\/fr\/convertisseur-solaire-idenergie\/\"><img loading=\"lazy\" class=\"img-frame aligncenter\" src=\"https:\/\/idenergie.ca\/wp-content\/uploads\/2016\/04\/solar_mini.png\" alt=\"\" width=\"72\" height=\"71\" \/><\/a><\/p>\n<p style=\"text-align: center;\"><strong>Technologies<br \/>\nsolaires<\/strong><\/p>\n<p style=\"text-align: center;\">Panneaux photovolta\u00efques et convertisseurs<\/p>\n<p style=\"text-align: center;\"><a href=\"http:\/\/www.id.energy\/fr\/accueil\/\">D\u00e9couvrir &gt;<\/a><\/p>\n<\/div>\n<div class=\"col\">\n<p><a href=\"https:\/\/idenergie.ca\/fr\/hydrolienne-2\/\"><img loading=\"lazy\" class=\"img-frame aligncenter\" src=\"https:\/\/idenergie.ca\/wp-content\/uploads\/2016\/04\/turbine_tite.png\" alt=\"\" width=\"71\" height=\"70\" \/><\/a><\/p>\n<p style=\"text-align: center;\"><strong>Technologies<br \/>\nhydroliennes<\/strong><\/p>\n<p style=\"text-align: center;\">Faire de l&rsquo;\u00e9nergie<br \/>\n\u00e0 partir de sa rivi\u00e8re<\/p>\n<p style=\"text-align: center;\"><a href=\"https:\/\/idenergie.ca\/fr\/hydrolienne-2\/\">Explorer &gt;<\/a><\/p>\n<\/div>\n<div class=\"col\">\n<p><a href=\"https:\/\/idenergie.ca\/fr\/batir-mon-systeme\/\"><img loading=\"lazy\" class=\"img-frame aligncenter\" src=\"https:\/\/idenergie.ca\/wp-content\/uploads\/2016\/04\/system_builder.png\" alt=\"\" width=\"71\" height=\"70\" \/><\/a><\/p>\n<p style=\"text-align: center;\"><strong>B\u00e2tisseur<br \/>\nde syst\u00e8me<\/strong><\/p>\n<p style=\"text-align: center;\">Votre syst\u00e8me complet en moins de cinq minutes<\/p>\n<p style=\"text-align: center;\"><a href=\"https:\/\/idenergie.ca\/fr\/batir-mon-systeme\/\">D\u00e9marrer\u00a0&gt;<\/a><\/p>\n<\/div>\n<div class=\"col nomargin\">\n<p><a href=\"https:\/\/idenergie.ca\/fr\/shop\/\"><img loading=\"lazy\" class=\"img-frame aligncenter\" src=\"https:\/\/idenergie.ca\/wp-content\/uploads\/2016\/04\/store_mini.png\" alt=\"\" width=\"71\" height=\"70\" \/><\/a><\/p>\n<p style=\"text-align: center;\"><strong>Boutique<br \/>\nen ligne<\/strong><\/p>\n<p style=\"text-align: center;\">Tout le n\u00e9cessaire pour votre<br \/>\ninstallation<\/p>\n<p style=\"text-align: center;\"><a href=\"https:\/\/idenergie.ca\/fr\/shop\/\">Magasiner\u00a0&gt;<\/a><\/p>\n<\/div>\n<\/div>\n<p>\n<\/div><\/div>\n","protected":false},"excerpt":{"rendered":"","protected":false},"author":1,"featured_media":0,"parent":0,"menu_order":0,"comment_status":"closed","ping_status":"open","template":"template-full-custom.php","meta":[],"yoast_head":"<!-- This site is optimized with the Yoast SEO plugin v17.9 - https:\/\/yoast.com\/wordpress\/plugins\/seo\/ -->\n<title>Particuliers - Id\u00e9nergie<\/title>\n<meta name=\"description\" content=\"\/\/ [pexservices pex_attr_set=&quot;particuliers&quot; pex_attr_layout=&quot;icon&quot; pex_attr_columns=&quot;3&quot; pex_attr_parallax=&quot;disabled&quot; pex_attr_crop=&quot;enabled&quot; pex_attr_undefi\" \/>\n<meta name=\"robots\" content=\"index, follow, max-snippet:-1, max-image-preview:large, max-video-preview:-1\" \/>\n<link rel=\"canonical\" href=\"https:\/\/idenergie.ca\/fr\/particuliers-3\/\" \/>\n<meta property=\"og:locale\" content=\"fr_FR\" \/>\n<meta property=\"og:type\" content=\"article\" \/>\n<meta property=\"og:title\" content=\"Particuliers - Id\u00e9nergie\" \/>\n<meta property=\"og:description\" content=\"\/\/ [pexservices pex_attr_set=&quot;particuliers&quot; pex_attr_layout=&quot;icon&quot; pex_attr_columns=&quot;3&quot; pex_attr_parallax=&quot;disabled&quot; pex_attr_crop=&quot;enabled&quot; pex_attr_undefi\" \/>\n<meta property=\"og:url\" content=\"https:\/\/idenergie.ca\/fr\/particuliers-3\/\" \/>\n<meta property=\"og:site_name\" content=\"Id\u00e9nergie\" \/>\n<meta property=\"article:modified_time\" content=\"2018-11-26T22:05:15+00:00\" \/>\n<meta property=\"og:image\" content=\"http:\/\/idenergie.ca\/wp-content\/uploads\/2016\/04\/panneautoit.jpg\" \/>\n<meta name=\"twitter:label1\" content=\"Dur\u00e9e de lecture est.\" \/>\n\t<meta name=\"twitter:data1\" content=\"2 minutes\" \/>\n<script type=\"application\/ld+json\" class=\"yoast-schema-graph\">{\"@context\":\"https:\/\/schema.org\",\"@graph\":[{\"@type\":\"WebSite\",\"@id\":\"https:\/\/idenergie.ca\/fr\/#website\",\"url\":\"https:\/\/idenergie.ca\/fr\/\",\"name\":\"Id\\u00e9nergie\",\"description\":\"\",\"potentialAction\":[{\"@type\":\"SearchAction\",\"target\":{\"@type\":\"EntryPoint\",\"urlTemplate\":\"https:\/\/idenergie.ca\/fr\/?s={search_term_string}\"},\"query-input\":\"required name=search_term_string\"}],\"inLanguage\":\"fr-FR\"},{\"@type\":\"ImageObject\",\"@id\":\"https:\/\/idenergie.ca\/fr\/particuliers-3\/#primaryimage\",\"inLanguage\":\"fr-FR\",\"url\":\"https:\/\/idenergie.ca\/wp-content\/uploads\/2016\/04\/panneautoit.jpg\",\"contentUrl\":\"https:\/\/idenergie.ca\/wp-content\/uploads\/2016\/04\/panneautoit.jpg\",\"width\":407,\"height\":499},{\"@type\":\"WebPage\",\"@id\":\"https:\/\/idenergie.ca\/fr\/particuliers-3\/#webpage\",\"url\":\"https:\/\/idenergie.ca\/fr\/particuliers-3\/\",\"name\":\"Particuliers - Id\\u00e9nergie\",\"isPartOf\":{\"@id\":\"https:\/\/idenergie.ca\/fr\/#website\"},\"primaryImageOfPage\":{\"@id\":\"https:\/\/idenergie.ca\/fr\/particuliers-3\/#primaryimage\"},\"datePublished\":\"2016-04-24T15:13:35+00:00\",\"dateModified\":\"2018-11-26T22:05:15+00:00\",\"description\":\"\/\/ [pexservices pex_attr_set=\\\"particuliers\\\" pex_attr_layout=\\\"icon\\\" pex_attr_columns=\\\"3\\\" pex_attr_parallax=\\\"disabled\\\" pex_attr_crop=\\\"enabled\\\" pex_attr_undefi\",\"breadcrumb\":{\"@id\":\"https:\/\/idenergie.ca\/fr\/particuliers-3\/#breadcrumb\"},\"inLanguage\":\"fr-FR\",\"potentialAction\":[{\"@type\":\"ReadAction\",\"target\":[\"https:\/\/idenergie.ca\/fr\/particuliers-3\/\"]}]},{\"@type\":\"BreadcrumbList\",\"@id\":\"https:\/\/idenergie.ca\/fr\/particuliers-3\/#breadcrumb\",\"itemListElement\":[{\"@type\":\"ListItem\",\"position\":1,\"name\":\"Home\",\"item\":\"https:\/\/idenergie.ca\/fr\/\"},{\"@type\":\"ListItem\",\"position\":2,\"name\":\"Particuliers\"}]}]}<\/script>\n<!-- \/ Yoast SEO plugin. -->","yoast_head_json":{"title":"Particuliers - Id\u00e9nergie","description":"\/\/ [pexservices pex_attr_set=\"particuliers\" pex_attr_layout=\"icon\" pex_attr_columns=\"3\" pex_attr_parallax=\"disabled\" pex_attr_crop=\"enabled\" pex_attr_undefi","robots":{"index":"index","follow":"follow","max-snippet":"max-snippet:-1","max-image-preview":"max-image-preview:large","max-video-preview":"max-video-preview:-1"},"canonical":"https:\/\/idenergie.ca\/fr\/particuliers-3\/","og_locale":"fr_FR","og_type":"article","og_title":"Particuliers - Id\u00e9nergie","og_description":"\/\/ [pexservices pex_attr_set=\"particuliers\" pex_attr_layout=\"icon\" pex_attr_columns=\"3\" pex_attr_parallax=\"disabled\" pex_attr_crop=\"enabled\" pex_attr_undefi","og_url":"https:\/\/idenergie.ca\/fr\/particuliers-3\/","og_site_name":"Id\u00e9nergie","article_modified_time":"2018-11-26T22:05:15+00:00","og_image":[{"url":"http:\/\/idenergie.ca\/wp-content\/uploads\/2016\/04\/panneautoit.jpg"}],"twitter_misc":{"Dur\u00e9e de lecture est.":"2 minutes"},"schema":{"@context":"https:\/\/schema.org","@graph":[{"@type":"WebSite","@id":"https:\/\/idenergie.ca\/fr\/#website","url":"https:\/\/idenergie.ca\/fr\/","name":"Id\u00e9nergie","description":"","potentialAction":[{"@type":"SearchAction","target":{"@type":"EntryPoint","urlTemplate":"https:\/\/idenergie.ca\/fr\/?s={search_term_string}"},"query-input":"required name=search_term_string"}],"inLanguage":"fr-FR"},{"@type":"ImageObject","@id":"https:\/\/idenergie.ca\/fr\/particuliers-3\/#primaryimage","inLanguage":"fr-FR","url":"https:\/\/idenergie.ca\/wp-content\/uploads\/2016\/04\/panneautoit.jpg","contentUrl":"https:\/\/idenergie.ca\/wp-content\/uploads\/2016\/04\/panneautoit.jpg","width":407,"height":499},{"@type":"WebPage","@id":"https:\/\/idenergie.ca\/fr\/particuliers-3\/#webpage","url":"https:\/\/idenergie.ca\/fr\/particuliers-3\/","name":"Particuliers - Id\u00e9nergie","isPartOf":{"@id":"https:\/\/idenergie.ca\/fr\/#website"},"primaryImageOfPage":{"@id":"https:\/\/idenergie.ca\/fr\/particuliers-3\/#primaryimage"},"datePublished":"2016-04-24T15:13:35+00:00","dateModified":"2018-11-26T22:05:15+00:00","description":"\/\/ [pexservices pex_attr_set=\"particuliers\" pex_attr_layout=\"icon\" pex_attr_columns=\"3\" pex_attr_parallax=\"disabled\" pex_attr_crop=\"enabled\" pex_attr_undefi","breadcrumb":{"@id":"https:\/\/idenergie.ca\/fr\/particuliers-3\/#breadcrumb"},"inLanguage":"fr-FR","potentialAction":[{"@type":"ReadAction","target":["https:\/\/idenergie.ca\/fr\/particuliers-3\/"]}]},{"@type":"BreadcrumbList","@id":"https:\/\/idenergie.ca\/fr\/particuliers-3\/#breadcrumb","itemListElement":[{"@type":"ListItem","position":1,"name":"Home","item":"https:\/\/idenergie.ca\/fr\/"},{"@type":"ListItem","position":2,"name":"Particuliers"}]}]}},"_links":{"self":[{"href":"https:\/\/idenergie.ca\/fr\/wp-json\/wp\/v2\/pages\/3580"}],"collection":[{"href":"https:\/\/idenergie.ca\/fr\/wp-json\/wp\/v2\/pages"}],"about":[{"href":"https:\/\/idenergie.ca\/fr\/wp-json\/wp\/v2\/types\/page"}],"author":[{"embeddable":true,"href":"https:\/\/idenergie.ca\/fr\/wp-json\/wp\/v2\/users\/1"}],"replies":[{"embeddable":true,"href":"https:\/\/idenergie.ca\/fr\/wp-json\/wp\/v2\/comments?post=3580"}],"version-history":[{"count":57,"href":"https:\/\/idenergie.ca\/fr\/wp-json\/wp\/v2\/pages\/3580\/revisions"}],"predecessor-version":[{"id":7565,"href":"https:\/\/idenergie.ca\/fr\/wp-json\/wp\/v2\/pages\/3580\/revisions\/7565"}],"wp:attachment":[{"href":"https:\/\/idenergie.ca\/fr\/wp-json\/wp\/v2\/media?parent=3580"}],"curies":[{"name":"wp","href":"https:\/\/api.w.org\/{rel}","templated":true}]}}