{"id":3872,"date":"2016-05-05T00:31:52","date_gmt":"2016-05-05T05:31:52","guid":{"rendered":"https:\/\/idenergie.ca\/?page_id=3872"},"modified":"2018-11-26T17:03:17","modified_gmt":"2018-11-26T22:03:17","slug":"communautes","status":"publish","type":"page","link":"https:\/\/idenergie.ca\/fr\/communautes\/","title":{"rendered":"Gouvernement"},"content":{"rendered":"<div class=\"section-full-width section-custom\" style=\"\" id=\"section-1\"><div class=\"section-boxed\" style=\"color:#;\"><\/p>\n<p style=\"text-align: justify;\">De nombreuses organisations non gouvernementales et autres agences gouvernementales ont pour mission d\u2019am\u00e9liorer l\u2019acc\u00e8s \u00e0 l\u2019\u00e9lectricit\u00e9 des populations isol\u00e9es et ainsi contribuer au d\u00e9veloppement \u00e9conomique.<\/p>\n<p style=\"text-align: justify;\">Id\u00e9nergie est d\u00e9termin\u00e9e \u00e0 contribuer \u00e0 cet objectif en offrant son expertise de mani\u00e8re collaborative \u00e0 ces organisations locales et internationales.<\/p>\n<p style=\"text-align: justify;\">L&rsquo;alliance de l&rsquo;\u00e9nergie solaire et hydraulique peut \u00eatre optimis\u00e9e afin de couvrir les besoins essentiels en \u00e9lectricit\u00e9, et ce peu importe le type de climat rencontr\u00e9.<\/p>\n<p style=\"text-align: justify;\">\n<\/div><\/div>\n<div class=\"services-wrapper services-default cols-wrapper cols-3 pexeto-parallax\"><div class=\"clear\"><\/div><\/div>\n<div class=\"services-wrapper services-default cols-wrapper cols-2 pexeto-parallax\"><div class=\"clear\"><\/div><\/div>\n<div class=\"section-full-width section-custom\" style=\"\" id=\"section-2\"><div style=\"background-image:url(https:\/\/idenergie.ca\/wp-content\/uploads\/2016\/05\/banner1.jpg); opacity:0.9; filter: alpha(opacity=90);\" class=\"full-bg-image\" ><\/div><div class=\"section-boxed\" style=\"color:#ffffff;\"><\/p>\n<h1><span style=\"color: #ffffff;\">R\u00c9ALISATIONS 2016 : ID\u00c9NERGIE A TRAVAILL\u00c9 AVEC UNE AGENCE GOUVERNEMENTALE CANADIENNE\u00a0<\/span><\/h1>\n<p>\n<\/div><\/div>\n<div class=\"section-full-width section-light\" style=\"background-color:#f7f7f7;\" id=\"section-3\"><div class=\"section-boxed\" style=\"color:#777777;\"><\/p>\n<div class=\"cols-wrapper cols-2\">\n<div class=\"col\">\n<p>Id\u00e9nergie a travaill\u00e9 en collaboration avec Parcs Canada et Hostelling International pour proc\u00e9der \u00e0 l&rsquo;installation d&rsquo;une dizaine d&rsquo;hydroliennes en Alberta au cours de l&rsquo;\u00e9t\u00e9 2016.<\/p>\n<p>Huit sites ont \u00e9t\u00e9 s\u00e9lectionn\u00e9s autour de Jasper et Lake Louise pour pr\u00e9senter cette nouvelle technologie.<\/p>\n<p>Ces hydroliennes, install\u00e9es sur une p\u00e9riode de douze jours, ont aliment\u00e9 des sites de camping rustiques en fournissant les services de base aux visiteurs.<\/p>\n<\/div>\n<div class=\"col nomargin\">\n<p>L&rsquo;hydrolienne a contribu\u00e9 \u00e0 alimenter des services tels que l&rsquo;\u00e9clairage, des bornes Wi-Fi, des pompes \u00e0 eau, mais aussi des syst\u00e8mes d&rsquo;\u00e9mission de signaux de d\u00e9tresse en lieux recul\u00e9s.<\/p>\n<p>L&rsquo;ajout de ces nouveaux services, fournis en utilisant cette source d&rsquo;\u00e9nergie renouvelable, a permis de r\u00e9duire l&rsquo;utilisation de g\u00e9n\u00e9ratrice \u00e0 essence et d&rsquo;augmenter le confort des nombreux visiteurs en saison estivale.<\/p>\n<\/div>\n<\/div>\n<p style=\"text-align: center;\"><a class=\"button\" style=\"background-color: #e2a65d;\">Contactez-nous<\/a><\/p>\n<p>\n<\/div><\/div>\n<div class=\"section-full-width section-light\" style=\"background-color:#f7f7f7;\" id=\"section-4\"><div style=\"background-image:url(https:\/\/idenergie.ca\/wp-content\/uploads\/2016\/08\/parcCan2.png); opacity:0.8; filter: alpha(opacity=80);\" class=\"full-bg-image\" ><\/div><div class=\"section-boxed\" style=\"color:#777777;\"><p>&nbsp;<\/p>\n<p>&nbsp;<\/p>\n<p>&nbsp;<\/p>\n<p>\n<\/div><\/div>\n<div class=\"section-full-width section-light-bg\" style=\"background-color:#f7f7f7;\" id=\"section-5\"><div class=\"section-boxed\" style=\"color:#373737;\"><\/p>\n<div class=\"cols-wrapper cols-4\">\n<div class=\"col\">\n<p><a href=\"https:\/\/idenergie.ca\/fr\/convertisseur-solaire-idenergie\/\"><img loading=\"lazy\" class=\"img-frame aligncenter\" src=\"https:\/\/idenergie.ca\/wp-content\/uploads\/2016\/04\/solar_mini.png\" alt=\"\" width=\"72\" height=\"71\" \/><\/a><\/p>\n<p style=\"text-align: center;\"><strong>Technologies<br \/>\nsolaires<\/strong><\/p>\n<p style=\"text-align: center;\">Panneaux photovolta\u00efques et convertisseurs<\/p>\n<p style=\"text-align: center;\"><a href=\"http:\/\/www.id.energy\/fr\/accueil\/\">D\u00e9couvrir &gt;<\/a><\/p>\n<\/div>\n<div class=\"col\">\n<p><a href=\"https:\/\/idenergie.ca\/fr\/hydrolienne-2\/\"><img loading=\"lazy\" class=\"img-frame aligncenter\" src=\"https:\/\/idenergie.ca\/wp-content\/uploads\/2016\/04\/turbine_tite.png\" alt=\"\" width=\"71\" height=\"70\" \/><\/a><\/p>\n<p style=\"text-align: center;\"><strong>Technologies<br \/>\nhydroliennes<\/strong><\/p>\n<p style=\"text-align: center;\">Faire de l&rsquo;\u00e9nergie<br \/>\n\u00e0 partir de sa rivi\u00e8re<\/p>\n<p style=\"text-align: center;\"><a href=\"https:\/\/idenergie.ca\/fr\/hydrolienne-2\/\">Explorer &gt;<\/a><\/p>\n<\/div>\n<div class=\"col\">\n<p><a href=\"https:\/\/idenergie.ca\/fr\/batir-mon-systeme\/\"><img loading=\"lazy\" class=\"img-frame aligncenter\" src=\"https:\/\/idenergie.ca\/wp-content\/uploads\/2016\/04\/system_builder.png\" alt=\"\" width=\"71\" height=\"70\" \/><\/a><\/p>\n<p style=\"text-align: center;\"><strong>B\u00e2tisseur<br \/>\nde syst\u00e8me<\/strong><\/p>\n<p style=\"text-align: center;\">Votre syst\u00e8me complet en moins de cinq minutes<\/p>\n<p style=\"text-align: center;\"><a href=\"https:\/\/idenergie.ca\/fr\/batir-mon-systeme\/\">D\u00e9marrer\u00a0&gt;<\/a><\/p>\n<\/div>\n<div class=\"col nomargin\">\n<p><a href=\"https:\/\/idenergie.ca\/fr\/shop\/\"><img loading=\"lazy\" class=\"img-frame aligncenter\" src=\"https:\/\/idenergie.ca\/wp-content\/uploads\/2016\/04\/store_mini.png\" alt=\"\" width=\"71\" height=\"70\" \/><\/a><\/p>\n<p style=\"text-align: center;\"><strong>Boutique<br \/>\nen ligne<\/strong><\/p>\n<p style=\"text-align: center;\">Tout le n\u00e9cessaire pour votre<br \/>\ninstallation<\/p>\n<p style=\"text-align: center;\"><a href=\"https:\/\/idenergie.ca\/fr\/shop\/\">Magasiner\u00a0&gt;<\/a><\/p>\n<\/div>\n<\/div>\n<p>\n<\/div><\/div>\n","protected":false},"excerpt":{"rendered":"","protected":false},"author":1,"featured_media":0,"parent":0,"menu_order":0,"comment_status":"closed","ping_status":"closed","template":"template-full-custom.php","meta":[],"yoast_head":"<!-- This site is optimized with the Yoast SEO plugin v17.9 - https:\/\/yoast.com\/wordpress\/plugins\/seo\/ -->\n<title>Gouvernement - Id\u00e9nergie<\/title>\n<meta name=\"robots\" content=\"index, follow, max-snippet:-1, max-image-preview:large, max-video-preview:-1\" \/>\n<link rel=\"canonical\" href=\"https:\/\/idenergie.ca\/fr\/communautes\/\" \/>\n<meta property=\"og:locale\" content=\"fr_FR\" \/>\n<meta property=\"og:type\" content=\"article\" \/>\n<meta property=\"og:title\" content=\"Gouvernement - Id\u00e9nergie\" \/>\n<meta property=\"og:url\" content=\"https:\/\/idenergie.ca\/fr\/communautes\/\" \/>\n<meta property=\"og:site_name\" content=\"Id\u00e9nergie\" \/>\n<meta property=\"article:modified_time\" content=\"2018-11-26T22:03:17+00:00\" \/>\n<meta property=\"og:image\" content=\"http:\/\/idenergie.ca\/wp-content\/uploads\/2016\/04\/solar_mini.png\" \/>\n<meta name=\"twitter:label1\" content=\"Dur\u00e9e de lecture est.\" \/>\n\t<meta name=\"twitter:data1\" content=\"3 minutes\" \/>\n<script type=\"application\/ld+json\" class=\"yoast-schema-graph\">{\"@context\":\"https:\/\/schema.org\",\"@graph\":[{\"@type\":\"WebSite\",\"@id\":\"https:\/\/idenergie.ca\/fr\/#website\",\"url\":\"https:\/\/idenergie.ca\/fr\/\",\"name\":\"Id\\u00e9nergie\",\"description\":\"\",\"potentialAction\":[{\"@type\":\"SearchAction\",\"target\":{\"@type\":\"EntryPoint\",\"urlTemplate\":\"https:\/\/idenergie.ca\/fr\/?s={search_term_string}\"},\"query-input\":\"required name=search_term_string\"}],\"inLanguage\":\"fr-FR\"},{\"@type\":\"ImageObject\",\"@id\":\"https:\/\/idenergie.ca\/fr\/communautes\/#primaryimage\",\"inLanguage\":\"fr-FR\",\"url\":\"https:\/\/idenergie.ca\/wp-content\/uploads\/2016\/04\/solar_mini.png\",\"contentUrl\":\"https:\/\/idenergie.ca\/wp-content\/uploads\/2016\/04\/solar_mini.png\",\"width\":93,\"height\":92},{\"@type\":\"WebPage\",\"@id\":\"https:\/\/idenergie.ca\/fr\/communautes\/#webpage\",\"url\":\"https:\/\/idenergie.ca\/fr\/communautes\/\",\"name\":\"Gouvernement - Id\\u00e9nergie\",\"isPartOf\":{\"@id\":\"https:\/\/idenergie.ca\/fr\/#website\"},\"primaryImageOfPage\":{\"@id\":\"https:\/\/idenergie.ca\/fr\/communautes\/#primaryimage\"},\"datePublished\":\"2016-05-05T05:31:52+00:00\",\"dateModified\":\"2018-11-26T22:03:17+00:00\",\"breadcrumb\":{\"@id\":\"https:\/\/idenergie.ca\/fr\/communautes\/#breadcrumb\"},\"inLanguage\":\"fr-FR\",\"potentialAction\":[{\"@type\":\"ReadAction\",\"target\":[\"https:\/\/idenergie.ca\/fr\/communautes\/\"]}]},{\"@type\":\"BreadcrumbList\",\"@id\":\"https:\/\/idenergie.ca\/fr\/communautes\/#breadcrumb\",\"itemListElement\":[{\"@type\":\"ListItem\",\"position\":1,\"name\":\"Home\",\"item\":\"https:\/\/idenergie.ca\/fr\/\"},{\"@type\":\"ListItem\",\"position\":2,\"name\":\"Gouvernement\"}]}]}<\/script>\n<!-- \/ Yoast SEO plugin. -->","yoast_head_json":{"title":"Gouvernement - Id\u00e9nergie","robots":{"index":"index","follow":"follow","max-snippet":"max-snippet:-1","max-image-preview":"max-image-preview:large","max-video-preview":"max-video-preview:-1"},"canonical":"https:\/\/idenergie.ca\/fr\/communautes\/","og_locale":"fr_FR","og_type":"article","og_title":"Gouvernement - Id\u00e9nergie","og_url":"https:\/\/idenergie.ca\/fr\/communautes\/","og_site_name":"Id\u00e9nergie","article_modified_time":"2018-11-26T22:03:17+00:00","og_image":[{"url":"http:\/\/idenergie.ca\/wp-content\/uploads\/2016\/04\/solar_mini.png"}],"twitter_misc":{"Dur\u00e9e de lecture est.":"3 minutes"},"schema":{"@context":"https:\/\/schema.org","@graph":[{"@type":"WebSite","@id":"https:\/\/idenergie.ca\/fr\/#website","url":"https:\/\/idenergie.ca\/fr\/","name":"Id\u00e9nergie","description":"","potentialAction":[{"@type":"SearchAction","target":{"@type":"EntryPoint","urlTemplate":"https:\/\/idenergie.ca\/fr\/?s={search_term_string}"},"query-input":"required name=search_term_string"}],"inLanguage":"fr-FR"},{"@type":"ImageObject","@id":"https:\/\/idenergie.ca\/fr\/communautes\/#primaryimage","inLanguage":"fr-FR","url":"https:\/\/idenergie.ca\/wp-content\/uploads\/2016\/04\/solar_mini.png","contentUrl":"https:\/\/idenergie.ca\/wp-content\/uploads\/2016\/04\/solar_mini.png","width":93,"height":92},{"@type":"WebPage","@id":"https:\/\/idenergie.ca\/fr\/communautes\/#webpage","url":"https:\/\/idenergie.ca\/fr\/communautes\/","name":"Gouvernement - Id\u00e9nergie","isPartOf":{"@id":"https:\/\/idenergie.ca\/fr\/#website"},"primaryImageOfPage":{"@id":"https:\/\/idenergie.ca\/fr\/communautes\/#primaryimage"},"datePublished":"2016-05-05T05:31:52+00:00","dateModified":"2018-11-26T22:03:17+00:00","breadcrumb":{"@id":"https:\/\/idenergie.ca\/fr\/communautes\/#breadcrumb"},"inLanguage":"fr-FR","potentialAction":[{"@type":"ReadAction","target":["https:\/\/idenergie.ca\/fr\/communautes\/"]}]},{"@type":"BreadcrumbList","@id":"https:\/\/idenergie.ca\/fr\/communautes\/#breadcrumb","itemListElement":[{"@type":"ListItem","position":1,"name":"Home","item":"https:\/\/idenergie.ca\/fr\/"},{"@type":"ListItem","position":2,"name":"Gouvernement"}]}]}},"_links":{"self":[{"href":"https:\/\/idenergie.ca\/fr\/wp-json\/wp\/v2\/pages\/3872"}],"collection":[{"href":"https:\/\/idenergie.ca\/fr\/wp-json\/wp\/v2\/pages"}],"about":[{"href":"https:\/\/idenergie.ca\/fr\/wp-json\/wp\/v2\/types\/page"}],"author":[{"embeddable":true,"href":"https:\/\/idenergie.ca\/fr\/wp-json\/wp\/v2\/users\/1"}],"replies":[{"embeddable":true,"href":"https:\/\/idenergie.ca\/fr\/wp-json\/wp\/v2\/comments?post=3872"}],"version-history":[{"count":26,"href":"https:\/\/idenergie.ca\/fr\/wp-json\/wp\/v2\/pages\/3872\/revisions"}],"predecessor-version":[{"id":7567,"href":"https:\/\/idenergie.ca\/fr\/wp-json\/wp\/v2\/pages\/3872\/revisions\/7567"}],"wp:attachment":[{"href":"https:\/\/idenergie.ca\/fr\/wp-json\/wp\/v2\/media?parent=3872"}],"curies":[{"name":"wp","href":"https:\/\/api.w.org\/{rel}","templated":true}]}}