{"id":3915,"date":"2016-05-05T00:28:27","date_gmt":"2016-05-05T05:28:27","guid":{"rendered":"https:\/\/idenergie.ca\/?page_id=3915"},"modified":"2018-11-26T17:05:30","modified_gmt":"2018-11-26T22:05:30","slug":"parcs-et-pourvoiries","status":"publish","type":"page","link":"https:\/\/idenergie.ca\/fr\/parcs-et-pourvoiries\/","title":{"rendered":"Commercial"},"content":{"rendered":"<p style=\"text-align: justify;\"><span lang=\"FR\">Que vous soyez <strong>propri\u00e9taire d&rsquo;un \u00e9tablissement touristique<\/strong>, ou d&rsquo;un <strong>site isol\u00e9 ayant des besoins \u00e9nerg\u00e9tiques importants<\/strong>, une assistance personnalis\u00e9e est n\u00e9cessaire pour le bon dimensionnement de votre syst\u00e8me. Notre \u00e9quipe chevronn\u00e9e en \u00e9nergie renouvelable\u00a0vous accompagnera du d\u00e9but jusqu&rsquo;\u00e0 la fin votre transition en vous <strong>proposant diff\u00e9rentes solutions personnalis\u00e9es<\/strong> selon <strong>vos besoins<\/strong> et <strong>votre budget<\/strong>.<\/span><\/p>\n<p style=\"text-align: justify;\">Id\u00e9nergie offre des syst\u00e8mes \u00e9nerg\u00e9tiques hydroliens, solaires ou hybrides, adaptables aux besoins des communaut\u00e9s et des villages permettant de produire l\u2019\u00e9nergie n\u00e9cessaire au bon fonctionnement de leurs infrastructures. Les solutions Id\u00e9nergie sont id\u00e9ales pour am\u00e9liorer l\u2019acc\u00e8s \u00e0 l\u2019\u00e9lectricit\u00e9 des populations isol\u00e9es. L&rsquo;\u00e9quipement peut s&rsquo;envoyer sur des longues distances et l&rsquo;installation ne demande pas de gros travaux de construction.<br class=\"clear\" \/><span style=\"color: #e5950b;\"><br \/>\nPOSTE D&rsquo;ACCUEIL<\/span><\/p>\n<hr \/>\n<div class=\"services-wrapper services-default cols-wrapper cols-3 pexeto-parallax\"><div class=\"services-box col\"><a href=\"https:\/\/idenergie.ca\/wp-content\/uploads\/2016\/04\/1.1-Particuliers-R\u00e9sidence-secondaire-Solution-solaire.pdf\"><div class=\"img-container\"><img src=\"https:\/\/idenergie.ca\/wp-content\/uploads\/2016\/05\/2.1.1-Pourvoyeurs-et-parcs-Poste-daccueil-Solution-solaire.png\" alt=\"Solution solaire\"\/><\/div><\/a><div class=\"services-content\"><div class=\"sc-wraper\"><h3><a href=\"https:\/\/idenergie.ca\/wp-content\/uploads\/2016\/04\/1.1-Particuliers-R\u00e9sidence-secondaire-Solution-solaire.pdf\">Solution solaire<\/a><\/h3><p>R\u00e9sidence secondaire, chalet hors-r\u00e9seau - Terrain \u00e0 d\u00e9couvert - Ensoleillement significatif tout au long de l\u2019ann\u00e9e ou utilisation saisonni\u00e8re\r\n<\/p><\/div><\/div><\/div><div class=\"services-box col\"><a href=\"https:\/\/idenergie.ca\/wp-content\/uploads\/2016\/04\/1.2-Particuliers-R\u00e9sidence-secondaire-Solution-hydrolienne.pdf\"><div class=\"img-container\"><img src=\"https:\/\/idenergie.ca\/wp-content\/uploads\/2016\/05\/2.1.2-Pourvoyeurs-et-parcs-Poste-daccueil-Solution-hydrolienne.png\" alt=\"Solution hydrolienne\"\/><\/div><\/a><div class=\"services-content\"><div class=\"sc-wraper\"><h3><a href=\"https:\/\/idenergie.ca\/wp-content\/uploads\/2016\/04\/1.2-Particuliers-R\u00e9sidence-secondaire-Solution-hydrolienne.pdf\">Solution hydrolienne<\/a><\/h3><p>R\u00e9sidence secondaire, chalet hors-r\u00e9seau - \u00c0 proximit\u00e9 d\u2019un cours d\u2019eau - D\u00e9bit tout au long de l\u2019ann\u00e9e ou utilisation saisonni\u00e8re<\/p><\/div><\/div><\/div><div class=\"services-box col nomargin\"><a href=\"https:\/\/idenergie.ca\/wp-content\/uploads\/2016\/04\/1.3-Particuliers-R\u00e9sidence-secondaire-Solution-hybride.pdf\"><div class=\"img-container\"><img src=\"https:\/\/idenergie.ca\/wp-content\/uploads\/2016\/05\/2.1.3-Pourvoyeurs-et-parcs-Poste-daccueil-Solution-hybride.png\" alt=\"Solution hybride\"\/><\/div><\/a><div class=\"services-content\"><div class=\"sc-wraper\"><h3><a href=\"https:\/\/idenergie.ca\/wp-content\/uploads\/2016\/04\/1.3-Particuliers-R\u00e9sidence-secondaire-Solution-hybride.pdf\">Solution hybride<\/a><\/h3><p>R\u00e9sidence secondaire, chalet hors-r\u00e9seau - Terrain \u00e0 d\u00e9couvert - \u00c0 proximit\u00e9 d\u2019un cours d\u2019eau - D\u00e9bit tout au long de l\u2019ann\u00e9e ou utilisation saisonni\u00e8re\r\n<\/p><\/div><\/div><\/div><div class=\"clear\"><\/div><\/div>\n<p style=\"text-align: justify;\"><span style=\"color: #e5950b;\">B\u00c2TIMENTS PRINCIPAUX ET CHALETS<\/span><\/p>\n<hr \/>\n<div class=\"services-wrapper services-default cols-wrapper cols-3\"><div class=\"services-box col\"><a href=\"https:\/\/idenergie.ca\/wp-content\/uploads\/2016\/05\/2.2.1-Pourvoyeurs-et-parcs-B\u00e2timent-principal-et-chalets-Solution-solaire.pdf\"><div class=\"img-container\"><img src=\"https:\/\/idenergie.ca\/wp-content\/uploads\/2016\/05\/2.2.1-Pourvoyeurs-et-parcs-B\u00e2timent-principal-et-chalets-Solution-solaire-1.png\" alt=\" Solution solaire\"\/><\/div><\/a><div class=\"services-content\"><div class=\"sc-wraper\"><h3><a href=\"https:\/\/idenergie.ca\/wp-content\/uploads\/2016\/05\/2.2.1-Pourvoyeurs-et-parcs-B\u00e2timent-principal-et-chalets-Solution-solaire.pdf\"> Solution solaire<\/a><\/h3><p>Pourvoirie ou \u00e9tablissement touristique hors r\u00e9seau. Plusieurs b\u00e2timents sur le m\u00eame syst\u00e8me. Terrain \u00e0 d\u00e9couvert. Ensoleillement significatif tout au long de l\u2019ann\u00e9e ou utilisation saisonni\u00e8re<\/p><\/div><\/div><\/div><div class=\"services-box col\"><a href=\"https:\/\/idenergie.ca\/wp-content\/uploads\/2016\/05\/2.2.2-Pourvoyeurs-et-parcs-B\u00e2timent-principal-et-chalets-Solution-hydrolienne.pdf\"><div class=\"img-container\"><img src=\"https:\/\/idenergie.ca\/wp-content\/uploads\/2016\/05\/2.2.2-Pourvoyeurs-et-parcs-B\u00e2timent-principal-et-chalets-Solution-hydrolienne-1.png\" alt=\"Solution hydrolienne\"\/><\/div><\/a><div class=\"services-content\"><div class=\"sc-wraper\"><h3><a href=\"https:\/\/idenergie.ca\/wp-content\/uploads\/2016\/05\/2.2.2-Pourvoyeurs-et-parcs-B\u00e2timent-principal-et-chalets-Solution-hydrolienne.pdf\">Solution hydrolienne<\/a><\/h3><p>Pourvoirie ou \u00e9tablissement touristique hors r\u00e9seau. Plusieurs b\u00e2timents sur le m\u00eame syst\u00e8me. \u00c0 proximit\u00e9 d\u2019un cours d\u2019eau. D\u00e9bit tout au long de l\u2019ann\u00e9e ou utilisation saisonni\u00e8re<\/p><\/div><\/div><\/div><div class=\"services-box col nomargin\"><a href=\"https:\/\/idenergie.ca\/wp-content\/uploads\/2016\/05\/2.2.3-Pourvoyeurs-et-parcs-B\u00e2timent-principal-et-chalets-Solution-hybride.pdf\"><div class=\"img-container\"><img src=\"https:\/\/idenergie.ca\/wp-content\/uploads\/2016\/05\/2.2.3-Pourvoyeurs-et-parcs-B\u00e2timent-principal-et-chalets-Solution-hybride-1.png\" alt=\"Solution hybride\"\/><\/div><\/a><div class=\"services-content\"><div class=\"sc-wraper\"><h3><a href=\"https:\/\/idenergie.ca\/wp-content\/uploads\/2016\/05\/2.2.3-Pourvoyeurs-et-parcs-B\u00e2timent-principal-et-chalets-Solution-hybride.pdf\">Solution hybride<\/a><\/h3><p>Pourvoirie ou \u00e9tablissement touristique hors r\u00e9seau. Plusieurs b\u00e2timents sur le m\u00eame syst\u00e8me. Terrain \u00e0 d\u00e9couvert. \u00c0 proximit\u00e9 d\u2019un cours d\u2019eau\r\nD\u00e9bit tout au long de l\u2019ann\u00e9e ou utilisation saisonni\u00e8re<\/p><\/div><\/div><\/div><div class=\"clear\"><\/div><\/div>\n<div class=\"section-full-width section-custom\" style=\"\" id=\"section-1\"><div style=\"background-image:url(https:\/\/idenergie.ca\/wp-content\/uploads\/2016\/11\/2Photo-banniesmall.jpg); opacity:1; filter: alpha(opacity=100);\" class=\"full-bg-image\" ><\/div><div class=\"section-boxed\" style=\"color:#ffffff;\"><\/p>\n<h1>R\u00e9alisation 2016 : Id\u00e9nergie \u00e9quipe une pourvoirie d&rsquo;un syst\u00e8me hybride<\/h1>\n<p>\n<\/div><\/div>\n<p>&nbsp;<\/p>\n<div class=\"cols-wrapper cols-2\">\n<div class=\"col\">\n<p>&nbsp;<\/p>\n<p>L\u2019\u00e9quipe d\u2019Id\u00e9nergie est fi\u00e8re d\u2019avoir permis \u00e0 une pourvoirie isol\u00e9e de r\u00e9duire l\u2019utilisation de combustibles fossiles gr\u00e2ce \u00e0 l\u2019installation d\u2019un syst\u00e8me photovolta\u00efque.<\/p>\n<p>Cette pourvoirie, faisant acheminer son combustible par h\u00e9licopt\u00e8re lors de la saison d\u2019activit\u00e9, a vu sa consommation r\u00e9duite de moiti\u00e9. Une g\u00e9n\u00e9ratrice d\u00e9marre automatiquement en cas d\u2019\u00e9tat de charge insuffisant des batteries.<\/p>\n<p>En plus des \u00e9conomies d&rsquo;essence, la diminution du bruit et de la pollution permet de mieux appr\u00e9cier la nature.<\/p>\n<\/div>\n<div class=\"col nomargin\">\n<p>\u00a0<img loading=\"lazy\" class=\"wp-image-5797 size-full alignright\" src=\"https:\/\/idenergie.ca\/wp-content\/uploads\/2016\/05\/photo-air.png\" alt=\"\" width=\"772\" height=\"363\" srcset=\"https:\/\/idenergie.ca\/wp-content\/uploads\/2016\/05\/photo-air.png 772w, https:\/\/idenergie.ca\/wp-content\/uploads\/2016\/05\/photo-air-300x141.png 300w, https:\/\/idenergie.ca\/wp-content\/uploads\/2016\/05\/photo-air-768x361.png 768w\" sizes=\"(max-width: 772px) 100vw, 772px\" \/><\/p>\n<\/div>\n<\/div>\n<div class=\"cols-wrapper cols-3\">\n<div class=\"col\">\n<p>&nbsp;<\/p>\n<p>Le projet, en bref :<\/p>\n<ul class=\"bullet_check imglist\">\n<li>24 kW de panneaux solaires<\/li>\n<li>un syst\u00e8me de batteries stockant 180 kWh<\/li>\n<li>la plus grosse structure sur poteau jamais fabriqu\u00e9e par notre fournisseur<\/li>\n<li>installation de 24 kW d&rsquo;onduleurs<\/li>\n<li>consommation de 4 \u00e0 12 kW, jour et nuit<\/li>\n<\/ul>\n<\/div>\n<div class=\"col\">\n<p><img loading=\"lazy\" class=\"aligncenter size-full wp-image-4872\" src=\"https:\/\/idenergie.ca\/wp-content\/uploads\/2016\/11\/commerceimage3.jpg\" alt=\"commerceimage3\" width=\"731\" height=\"549\" srcset=\"https:\/\/idenergie.ca\/wp-content\/uploads\/2016\/11\/commerceimage3.jpg 731w, https:\/\/idenergie.ca\/wp-content\/uploads\/2016\/11\/commerceimage3-300x225.jpg 300w\" sizes=\"(max-width: 731px) 100vw, 731px\" \/><\/p>\n<\/div>\n<div class=\"col nomargin\">\n<p><img loading=\"lazy\" class=\"aligncenter size-full wp-image-4875\" src=\"https:\/\/idenergie.ca\/wp-content\/uploads\/2016\/11\/commerceimage4.jpg\" alt=\"commerceimage4\" width=\"734\" height=\"551\" srcset=\"https:\/\/idenergie.ca\/wp-content\/uploads\/2016\/11\/commerceimage4.jpg 734w, https:\/\/idenergie.ca\/wp-content\/uploads\/2016\/11\/commerceimage4-300x225.jpg 300w\" sizes=\"(max-width: 734px) 100vw, 734px\" \/><\/p>\n<\/div>\n<\/div>\n<div class=\"cols-wrapper cols-3\">\n<div class=\"col\">\n<p><img loading=\"lazy\" class=\"aligncenter size-full wp-image-4883\" src=\"https:\/\/idenergie.ca\/wp-content\/uploads\/2016\/05\/commerceimage6.jpg\" alt=\"commerceimage6\" width=\"731\" height=\"549\" srcset=\"https:\/\/idenergie.ca\/wp-content\/uploads\/2016\/05\/commerceimage6.jpg 731w, https:\/\/idenergie.ca\/wp-content\/uploads\/2016\/05\/commerceimage6-300x225.jpg 300w\" sizes=\"(max-width: 731px) 100vw, 731px\" \/><\/p>\n<\/div>\n<div class=\"col\">\n<p><img loading=\"lazy\" class=\"aligncenter wp-image-4878 size-full\" src=\"https:\/\/idenergie.ca\/wp-content\/uploads\/2016\/11\/commerceimage5.jpg\" alt=\"commerceimage5\" width=\"735\" height=\"551\" srcset=\"https:\/\/idenergie.ca\/wp-content\/uploads\/2016\/11\/commerceimage5.jpg 735w, https:\/\/idenergie.ca\/wp-content\/uploads\/2016\/11\/commerceimage5-300x225.jpg 300w\" sizes=\"(max-width: 735px) 100vw, 735px\" \/><\/p>\n<\/div>\n<div class=\"col nomargin\">\n<p>Ce type de projet est g\u00e9n\u00e9ralement situ\u00e9 dans des endroits \u00e9loign\u00e9s et difficiles d&rsquo;acc\u00e8s, sujets \u00e0 de longues p\u00e9riodes de froid et d&rsquo;isolement ainsi que des vents intenses. Le mat\u00e9riel est soit achemin\u00e9 par voie a\u00e9rienne, soit par voie terrestre sur de tr\u00e8s longue distances. Cela implique une planification et une gestion minutieuse du temps et de la logistique.<\/p>\n<\/div>\n<\/div>\n<div class=\"cols-wrapper cols-3\">\n<div class=\"col\">\n<p>&nbsp;<\/p>\n<p>Nos syst\u00e8mes sont balanc\u00e9s pour utiliser la g\u00e9n\u00e9ratrice seulement pr\u00e8s de sa capacit\u00e9 nominale, alimentant les installations et rechargeant les batteries de la mani\u00e8re la plus efficace et rentable. Cela maximise l&rsquo;utilisation du carburant et r\u00e9duit le temps de fonctionnement.<\/p>\n<\/div>\n<div class=\"col\">\n<p><img loading=\"lazy\" class=\"aligncenter wp-image-5800\" src=\"https:\/\/idenergie.ca\/wp-content\/uploads\/2016\/05\/commerceimage7-300x219.png\" alt=\"\" width=\"734\" height=\"535\" srcset=\"https:\/\/idenergie.ca\/wp-content\/uploads\/2016\/05\/commerceimage7-300x219.png 300w, https:\/\/idenergie.ca\/wp-content\/uploads\/2016\/05\/commerceimage7.png 495w\" sizes=\"(max-width: 734px) 100vw, 734px\" \/><\/p>\n<\/div>\n<div class=\"col nomargin\">\n<p><img loading=\"lazy\" class=\"aligncenter wp-image-5803\" src=\"https:\/\/idenergie.ca\/wp-content\/uploads\/2016\/05\/commerceimage8-300x214.jpg\" alt=\"\" width=\"734\" height=\"524\" srcset=\"https:\/\/idenergie.ca\/wp-content\/uploads\/2016\/05\/commerceimage8-300x214.jpg 300w, https:\/\/idenergie.ca\/wp-content\/uploads\/2016\/05\/commerceimage8.jpg 508w\" sizes=\"(max-width: 734px) 100vw, 734px\" \/><\/p>\n<\/div>\n<\/div>\n<div class=\"section-full-width section-light-bg\" style=\"background-color:#f7f7f7;\" id=\"section-2\"><div class=\"section-boxed\" style=\"color:#373737;\"><\/p>\n<div class=\"cols-wrapper cols-4\">\n<div class=\"col\">\n<p><a href=\"https:\/\/idenergie.ca\/fr\/convertisseur-solaire-idenergie\/\"><img loading=\"lazy\" class=\"img-frame aligncenter\" src=\"https:\/\/idenergie.ca\/wp-content\/uploads\/2016\/04\/solar_mini.png\" alt=\"\" width=\"72\" height=\"71\" \/><\/a><\/p>\n<p style=\"text-align: center;\"><strong>Technologies<br \/>\nsolaires<\/strong><\/p>\n<p style=\"text-align: center;\">Panneaux photovolta\u00efques et convertisseurs<\/p>\n<p style=\"text-align: center;\"><a href=\"http:\/\/www.id.energy\/fr\/accueil\/\">D\u00e9couvrir &gt;<\/a><\/p>\n<\/div>\n<div class=\"col\">\n<p><a href=\"https:\/\/idenergie.ca\/fr\/hydrolienne-2\/\"><img loading=\"lazy\" class=\"img-frame aligncenter\" src=\"https:\/\/idenergie.ca\/wp-content\/uploads\/2016\/04\/turbine_tite.png\" alt=\"\" width=\"71\" height=\"70\" \/><\/a><\/p>\n<p style=\"text-align: center;\"><strong>Technologies<br \/>\nhydroliennes<\/strong><\/p>\n<p style=\"text-align: center;\">Faire de l&rsquo;\u00e9nergie<br \/>\n\u00e0 partir de sa rivi\u00e8re<\/p>\n<p style=\"text-align: center;\"><a href=\"https:\/\/idenergie.ca\/fr\/hydrolienne-2\/\">Explorer &gt;<\/a><\/p>\n<\/div>\n<div class=\"col\">\n<p><a href=\"https:\/\/idenergie.ca\/fr\/batir-mon-systeme\/\"><img loading=\"lazy\" class=\"img-frame aligncenter\" src=\"https:\/\/idenergie.ca\/wp-content\/uploads\/2016\/04\/system_builder.png\" alt=\"\" width=\"71\" height=\"70\" \/><\/a><\/p>\n<p style=\"text-align: center;\"><strong>B\u00e2tisseur<br \/>\nde syst\u00e8me<\/strong><\/p>\n<p style=\"text-align: center;\">Votre syst\u00e8me complet en moins de cinq minutes<\/p>\n<p style=\"text-align: center;\"><a href=\"https:\/\/idenergie.ca\/fr\/batir-mon-systeme\/\">D\u00e9marrer\u00a0&gt;<\/a><\/p>\n<\/div>\n<div class=\"col nomargin\">\n<p><a href=\"https:\/\/idenergie.ca\/fr\/shop\/\"><img loading=\"lazy\" class=\"img-frame aligncenter\" src=\"https:\/\/idenergie.ca\/wp-content\/uploads\/2016\/04\/store_mini.png\" alt=\"\" width=\"71\" height=\"70\" \/><\/a><\/p>\n<p style=\"text-align: center;\"><strong>Boutique<br \/>\nen ligne<\/strong><\/p>\n<p style=\"text-align: center;\">Tout le n\u00e9cessaire pour votre<br \/>\ninstallation<\/p>\n<p style=\"text-align: center;\"><a href=\"https:\/\/idenergie.ca\/fr\/shop\/\">Magasiner\u00a0&gt;<\/a><\/p>\n<\/div>\n<\/div>\n<p>\n<\/div><\/div>\n","protected":false},"excerpt":{"rendered":"<p>Que vous soyez propri\u00e9taire d&rsquo;un \u00e9tablissement touristique, ou d&rsquo;un site isol\u00e9 ayant des besoins \u00e9nerg\u00e9tiques importants, une assistance personnalis\u00e9e est [&hellip;]<\/p>\n","protected":false},"author":1,"featured_media":0,"parent":0,"menu_order":0,"comment_status":"closed","ping_status":"closed","template":"template-full-custom.php","meta":[],"yoast_head":"<!-- This site is optimized with the Yoast SEO plugin v17.9 - https:\/\/yoast.com\/wordpress\/plugins\/seo\/ -->\n<title>Commercial - Id\u00e9nergie<\/title>\n<meta name=\"robots\" content=\"index, follow, max-snippet:-1, max-image-preview:large, max-video-preview:-1\" \/>\n<link rel=\"canonical\" href=\"https:\/\/idenergie.ca\/fr\/parcs-et-pourvoiries\/\" \/>\n<meta property=\"og:locale\" content=\"fr_FR\" \/>\n<meta property=\"og:type\" content=\"article\" \/>\n<meta property=\"og:title\" content=\"Commercial - Id\u00e9nergie\" \/>\n<meta property=\"og:description\" content=\"Que vous soyez propri\u00e9taire d&rsquo;un \u00e9tablissement touristique, ou d&rsquo;un site isol\u00e9 ayant des besoins \u00e9nerg\u00e9tiques importants, une assistance personnalis\u00e9e est [&hellip;]\" \/>\n<meta property=\"og:url\" content=\"https:\/\/idenergie.ca\/fr\/parcs-et-pourvoiries\/\" \/>\n<meta property=\"og:site_name\" content=\"Id\u00e9nergie\" \/>\n<meta property=\"article:modified_time\" content=\"2018-11-26T22:05:30+00:00\" \/>\n<meta property=\"og:image\" content=\"http:\/\/idenergie.ca\/wp-content\/uploads\/2016\/05\/photo-air.png\" \/>\n<meta name=\"twitter:label1\" content=\"Dur\u00e9e de lecture est.\" \/>\n\t<meta name=\"twitter:data1\" content=\"3 minutes\" \/>\n<script type=\"application\/ld+json\" class=\"yoast-schema-graph\">{\"@context\":\"https:\/\/schema.org\",\"@graph\":[{\"@type\":\"WebSite\",\"@id\":\"https:\/\/idenergie.ca\/fr\/#website\",\"url\":\"https:\/\/idenergie.ca\/fr\/\",\"name\":\"Id\\u00e9nergie\",\"description\":\"\",\"potentialAction\":[{\"@type\":\"SearchAction\",\"target\":{\"@type\":\"EntryPoint\",\"urlTemplate\":\"https:\/\/idenergie.ca\/fr\/?s={search_term_string}\"},\"query-input\":\"required name=search_term_string\"}],\"inLanguage\":\"fr-FR\"},{\"@type\":\"ImageObject\",\"@id\":\"https:\/\/idenergie.ca\/fr\/parcs-et-pourvoiries\/#primaryimage\",\"inLanguage\":\"fr-FR\",\"url\":\"https:\/\/idenergie.ca\/wp-content\/uploads\/2016\/05\/photo-air.png\",\"contentUrl\":\"https:\/\/idenergie.ca\/wp-content\/uploads\/2016\/05\/photo-air.png\",\"width\":772,\"height\":363},{\"@type\":\"WebPage\",\"@id\":\"https:\/\/idenergie.ca\/fr\/parcs-et-pourvoiries\/#webpage\",\"url\":\"https:\/\/idenergie.ca\/fr\/parcs-et-pourvoiries\/\",\"name\":\"Commercial - Id\\u00e9nergie\",\"isPartOf\":{\"@id\":\"https:\/\/idenergie.ca\/fr\/#website\"},\"primaryImageOfPage\":{\"@id\":\"https:\/\/idenergie.ca\/fr\/parcs-et-pourvoiries\/#primaryimage\"},\"datePublished\":\"2016-05-05T05:28:27+00:00\",\"dateModified\":\"2018-11-26T22:05:30+00:00\",\"breadcrumb\":{\"@id\":\"https:\/\/idenergie.ca\/fr\/parcs-et-pourvoiries\/#breadcrumb\"},\"inLanguage\":\"fr-FR\",\"potentialAction\":[{\"@type\":\"ReadAction\",\"target\":[\"https:\/\/idenergie.ca\/fr\/parcs-et-pourvoiries\/\"]}]},{\"@type\":\"BreadcrumbList\",\"@id\":\"https:\/\/idenergie.ca\/fr\/parcs-et-pourvoiries\/#breadcrumb\",\"itemListElement\":[{\"@type\":\"ListItem\",\"position\":1,\"name\":\"Home\",\"item\":\"https:\/\/idenergie.ca\/fr\/\"},{\"@type\":\"ListItem\",\"position\":2,\"name\":\"Commercial\"}]}]}<\/script>\n<!-- \/ Yoast SEO plugin. -->","yoast_head_json":{"title":"Commercial - Id\u00e9nergie","robots":{"index":"index","follow":"follow","max-snippet":"max-snippet:-1","max-image-preview":"max-image-preview:large","max-video-preview":"max-video-preview:-1"},"canonical":"https:\/\/idenergie.ca\/fr\/parcs-et-pourvoiries\/","og_locale":"fr_FR","og_type":"article","og_title":"Commercial - Id\u00e9nergie","og_description":"Que vous soyez propri\u00e9taire d&rsquo;un \u00e9tablissement touristique, ou d&rsquo;un site isol\u00e9 ayant des besoins \u00e9nerg\u00e9tiques importants, une assistance personnalis\u00e9e est [&hellip;]","og_url":"https:\/\/idenergie.ca\/fr\/parcs-et-pourvoiries\/","og_site_name":"Id\u00e9nergie","article_modified_time":"2018-11-26T22:05:30+00:00","og_image":[{"url":"http:\/\/idenergie.ca\/wp-content\/uploads\/2016\/05\/photo-air.png"}],"twitter_misc":{"Dur\u00e9e de lecture est.":"3 minutes"},"schema":{"@context":"https:\/\/schema.org","@graph":[{"@type":"WebSite","@id":"https:\/\/idenergie.ca\/fr\/#website","url":"https:\/\/idenergie.ca\/fr\/","name":"Id\u00e9nergie","description":"","potentialAction":[{"@type":"SearchAction","target":{"@type":"EntryPoint","urlTemplate":"https:\/\/idenergie.ca\/fr\/?s={search_term_string}"},"query-input":"required name=search_term_string"}],"inLanguage":"fr-FR"},{"@type":"ImageObject","@id":"https:\/\/idenergie.ca\/fr\/parcs-et-pourvoiries\/#primaryimage","inLanguage":"fr-FR","url":"https:\/\/idenergie.ca\/wp-content\/uploads\/2016\/05\/photo-air.png","contentUrl":"https:\/\/idenergie.ca\/wp-content\/uploads\/2016\/05\/photo-air.png","width":772,"height":363},{"@type":"WebPage","@id":"https:\/\/idenergie.ca\/fr\/parcs-et-pourvoiries\/#webpage","url":"https:\/\/idenergie.ca\/fr\/parcs-et-pourvoiries\/","name":"Commercial - Id\u00e9nergie","isPartOf":{"@id":"https:\/\/idenergie.ca\/fr\/#website"},"primaryImageOfPage":{"@id":"https:\/\/idenergie.ca\/fr\/parcs-et-pourvoiries\/#primaryimage"},"datePublished":"2016-05-05T05:28:27+00:00","dateModified":"2018-11-26T22:05:30+00:00","breadcrumb":{"@id":"https:\/\/idenergie.ca\/fr\/parcs-et-pourvoiries\/#breadcrumb"},"inLanguage":"fr-FR","potentialAction":[{"@type":"ReadAction","target":["https:\/\/idenergie.ca\/fr\/parcs-et-pourvoiries\/"]}]},{"@type":"BreadcrumbList","@id":"https:\/\/idenergie.ca\/fr\/parcs-et-pourvoiries\/#breadcrumb","itemListElement":[{"@type":"ListItem","position":1,"name":"Home","item":"https:\/\/idenergie.ca\/fr\/"},{"@type":"ListItem","position":2,"name":"Commercial"}]}]}},"_links":{"self":[{"href":"https:\/\/idenergie.ca\/fr\/wp-json\/wp\/v2\/pages\/3915"}],"collection":[{"href":"https:\/\/idenergie.ca\/fr\/wp-json\/wp\/v2\/pages"}],"about":[{"href":"https:\/\/idenergie.ca\/fr\/wp-json\/wp\/v2\/types\/page"}],"author":[{"embeddable":true,"href":"https:\/\/idenergie.ca\/fr\/wp-json\/wp\/v2\/users\/1"}],"replies":[{"embeddable":true,"href":"https:\/\/idenergie.ca\/fr\/wp-json\/wp\/v2\/comments?post=3915"}],"version-history":[{"count":43,"href":"https:\/\/idenergie.ca\/fr\/wp-json\/wp\/v2\/pages\/3915\/revisions"}],"predecessor-version":[{"id":7566,"href":"https:\/\/idenergie.ca\/fr\/wp-json\/wp\/v2\/pages\/3915\/revisions\/7566"}],"wp:attachment":[{"href":"https:\/\/idenergie.ca\/fr\/wp-json\/wp\/v2\/media?parent=3915"}],"curies":[{"name":"wp","href":"https:\/\/api.w.org\/{rel}","templated":true}]}}