{"id":3963,"date":"2016-04-24T22:33:32","date_gmt":"2016-04-25T03:33:32","guid":{"rendered":"https:\/\/idenergie.ca\/3655-2-2\/"},"modified":"2016-06-06T00:42:42","modified_gmt":"2016-06-06T05:42:42","slug":"3655-2","status":"publish","type":"page","link":"https:\/\/idenergie.ca\/fr\/3655-2\/","title":{"rendered":"Page_MAIN"},"content":{"rendered":"<div class=\"section-full-width section-light-bg\" style=\"background-color:#f7f7f7;\" id=\"section-1\"><div style=\"background-image:url(https:\/\/idenergie.ca\/wp-content\/uploads\/2016\/04\/turbine-grand-format_compose.png); opacity:1; filter: alpha(opacity=100);\" class=\"full-bg-image\" ><\/div><div class=\"section-boxed\" style=\"color:#e19739;\"><p><img class=\"img-frame aligncenter\" src=\"https:\/\/idenergie.ca\/wp-content\/uploads\/2016\/06\/UNE-SOURCE-CONSTANTE-TITRE.png\" alt=\"\" \/><\/p>\n<div class=\"cols-wrapper cols-5\">\n<div class=\"col\">\n<div class=\"eds-animate edsanimate-sis-hidden \" data-eds-entry-animation=\"fadeInLeft\" data-eds-entry-delay=\"0\" data-eds-entry-duration=\"1\" data-eds-entry-timing=\"linear\" data-eds-exit-animation=\"\" data-eds-exit-delay=\"\" data-eds-exit-duration=\"\" data-eds-exit-timing=\"\" data-eds-repeat-count=\"1\" data-eds-keep=\"yes\" data-eds-animate-on=\"load\" data-eds-scroll-offset=\"\">\n<div style=\"text-align: center;\"><a class=\"lightbox-image\" title=\"\" href=\"https:\/\/idenergie.ca\/wp-content\/uploads\/2016\/06\/tag1_FR.png\" data-rel=\"lightbox\"><img class=\"img-frame aligncenter\" src=\"https:\/\/idenergie.ca\/wp-content\/uploads\/2016\/04\/SIGLE-1.png\" alt=\"\" \/><\/a><\/div>\n<p style=\"text-align: center;\"><strong><span style=\"color: #e19739;\">PORTABLE<\/span><\/strong><\/p>\n<\/div>\n<div class=\"eds-animate edsanimate-sis-hidden \" data-eds-entry-animation=\"fadeInLeft\" data-eds-entry-delay=\"0.5\" data-eds-entry-duration=\"1\" data-eds-entry-timing=\"linear\" data-eds-exit-animation=\"\" data-eds-exit-delay=\"\" data-eds-exit-duration=\"\" data-eds-exit-timing=\"\" data-eds-repeat-count=\"1\" data-eds-keep=\"yes\" data-eds-animate-on=\"load\" data-eds-scroll-offset=\"\">\n<div><a class=\"lightbox-image\" title=\"\" href=\"https:\/\/idenergie.ca\/wp-content\/uploads\/2016\/06\/tag2_FR.png\" data-rel=\"lightbox\"><img class=\"img-frame aligncenter\" src=\"https:\/\/idenergie.ca\/wp-content\/uploads\/2016\/04\/SIGLE-2.png\" alt=\"\" \/><\/a><\/div>\n<p style=\"text-align: center;\"><strong><span style=\"color: #e19739;\">IND\u00c9PENDANTE DE LA M\u00c9T\u00c9O<\/span><\/strong><\/p>\n<\/div>\n<div class=\"eds-animate edsanimate-sis-hidden \" data-eds-entry-animation=\"fadeInLeft\" data-eds-entry-delay=\"1\" data-eds-entry-duration=\"1\" data-eds-entry-timing=\"linear\" data-eds-exit-animation=\"\" data-eds-exit-delay=\"\" data-eds-exit-duration=\"\" data-eds-exit-timing=\"\" data-eds-repeat-count=\"1\" data-eds-keep=\"yes\" data-eds-animate-on=\"load\" data-eds-scroll-offset=\"\">\n<div style=\"text-align: center;\">\n<p><a class=\"lightbox-image\" title=\"\" href=\"https:\/\/idenergie.ca\/wp-content\/uploads\/2016\/06\/tag3_FR.png\" data-rel=\"lightbox\"><img class=\"img-frame aligncenter\" src=\"https:\/\/idenergie.ca\/wp-content\/uploads\/2016\/04\/SIGLE-3.png\" alt=\"\" \/><\/a><\/p>\n<p style=\"text-align: center;\"><strong><span style=\"color: #e19739;\">\u00c9CONOMIES D&rsquo;ESSENCE<\/span><\/strong><\/p>\n<\/div>\n<\/div>\n<\/div>\n<div class=\"col\"><\/div>\n<div class=\"col\"><\/div>\n<div class=\"col\"><\/div>\n<div class=\"col nomargin\">\n<div class=\"eds-animate edsanimate-sis-hidden \" data-eds-entry-animation=\"fadeInRight\" data-eds-entry-delay=\"0\" data-eds-entry-duration=\"1\" data-eds-entry-timing=\"linear\" data-eds-exit-animation=\"\" data-eds-exit-delay=\"\" data-eds-exit-duration=\"\" data-eds-exit-timing=\"\" data-eds-repeat-count=\"1\" data-eds-keep=\"yes\" data-eds-animate-on=\"load\" data-eds-scroll-offset=\"\">\n<div><a class=\"lightbox-image\" title=\"\" href=\"https:\/\/idenergie.ca\/wp-content\/uploads\/2016\/06\/tag4_FR.png\" data-rel=\"lightbox\"><img class=\"img-frame aligncenter\" src=\"https:\/\/idenergie.ca\/wp-content\/uploads\/2016\/04\/SIGLE-4.png\" alt=\"\" \/><\/a><\/div>\n<p style=\"text-align: center;\"><strong><span style=\"color: #e19739;\">INSTALLATION R\u00c9SEAU<\/span><\/strong><\/p>\n<\/div>\n<div class=\"eds-animate edsanimate-sis-hidden \" data-eds-entry-animation=\"fadeInRight\" data-eds-entry-delay=\"0.5\" data-eds-entry-duration=\"1\" data-eds-entry-timing=\"linear\" data-eds-exit-animation=\"\" data-eds-exit-delay=\"\" data-eds-exit-duration=\"\" data-eds-exit-timing=\"\" data-eds-repeat-count=\"1\" data-eds-keep=\"yes\" data-eds-animate-on=\"load\" data-eds-scroll-offset=\"\">\n<div><a class=\"lightbox-image\" title=\"\" href=\"https:\/\/idenergie.ca\/wp-content\/uploads\/2016\/06\/tag5_FR.png\" data-rel=\"lightbox\"><img class=\"img-frame aligncenter\" src=\"https:\/\/idenergie.ca\/wp-content\/uploads\/2016\/04\/SIGLE-5.png\" alt=\"\" \/><\/a><\/div>\n<p style=\"text-align: center;\"><strong><span style=\"color: #e19739;\">MAT\u00c9RIAUX RECYCLABLES<\/span><\/strong><\/p>\n<\/div>\n<div class=\"eds-animate edsanimate-sis-hidden \" data-eds-entry-animation=\"fadeInRight\" data-eds-entry-delay=\"1\" data-eds-entry-duration=\"1\" data-eds-entry-timing=\"linear\" data-eds-exit-animation=\"\" data-eds-exit-delay=\"\" data-eds-exit-duration=\"\" data-eds-exit-timing=\"\" data-eds-repeat-count=\"1\" data-eds-keep=\"yes\" data-eds-animate-on=\"load\" data-eds-scroll-offset=\"\">\n<div><a class=\"lightbox-image\" title=\"\" href=\"https:\/\/idenergie.ca\/wp-content\/uploads\/2016\/06\/tag6_FR.png\" data-rel=\"lightbox\"><img class=\"img-frame aligncenter\" src=\"https:\/\/idenergie.ca\/wp-content\/uploads\/2016\/04\/SIGLE-6.png\" alt=\"\" \/><\/a><\/div>\n<p style=\"text-align: center;\"><strong><span style=\"color: #e19739;\">CONVERTISSEUR INTELLIGENT<\/span><\/strong><\/p>\n<\/div>\n<\/div>\n<\/div>\n<h3 style=\"text-align: center;\"><code> <a id=\"69d23fde1d204\" rel=\"wp-video-lightbox\" href=\"https:\/\/vimeo.com\/164255187?width=640&#038;height=480\" title=\"\"><img src=\"https:\/\/idenergie.ca\/wp-content\/uploads\/2016\/06\/presentation-video_FR.png\" class=\"video_lightbox_anchor_image\" alt=\"\" \/><\/a>    <script>\r\n    \/* <![CDATA[ *\/\r\n    jQuery(document).ready(function($){\r\n        $(function(){\r\n            var width = $(window).innerWidth();\r\n            var setwidth = 640;\r\n            var ratio = 0.75;\r\n            var height = 480;\r\n            var link = 'https:\/\/vimeo.com\/164255187?width=640&height=480';\r\n            if(width < setwidth)\r\n            {\r\n                height = Math.floor(width * 0.75);\r\n                \/\/console.log(\"device width \"+width+\", set width \"+640+\", ratio \"+0.75+\", new height \"+ height);\r\n                var new_url = wpvl_paramReplace('width', link, width);\r\n                var new_url = wpvl_paramReplace('height', new_url, height);\r\n                $(\"a#69d23fde1d204\").attr('href', new_url);\r\n                \/\/console.log(new_url);\r\n            }\r\n        });\r\n    });\r\n    \/* ]]> *\/\r\n    <\/script><\/code><\/h3>\n<p>\n<\/div><\/div>\n<div class=\"section-full-width section-light-bg\" style=\"background-color:#ffffff;\" id=\"section-2\"><div class=\"section-boxed\" style=\"color:#373737;\"><\/p>\n<div class=\"cols-wrapper cols-2\">\n<div class=\"col\">\n<h1><\/h1>\n<div class=\"eds-animate edsanimate-sis-hidden \" data-eds-entry-animation=\"fadeInLeft\" data-eds-entry-delay=\"0\" data-eds-entry-duration=\"2\" data-eds-entry-timing=\"linear\" data-eds-exit-animation=\"\" data-eds-exit-delay=\"\" data-eds-exit-duration=\"\" data-eds-exit-timing=\"\" data-eds-repeat-count=\"1\" data-eds-keep=\"yes\" data-eds-animate-on=\"load\" data-eds-scroll-offset=\"75\">\n<h1 style=\"text-align: justify;\"><span style=\"color: #e19739;\">SILENCIEUSE, FIABLE &amp; \u00c9COLOGIQUE\u00a0<\/span><\/h1>\n<hr \/>\n<h1 style=\"text-align: center;\"><\/h1>\n<p style=\"text-align: justify;\"><span style=\"color: #000000;\"><a style=\"color: #000000;\" href=\"https:\/\/idenergie.ca\/fr\/puissance\/\">La rivi\u00e8re offre le meilleur potentiel d&rsquo;\u00e9nergie par rapport \u00e0 d&rsquo;autres sources d&rsquo;\u00e9nergie renouvelables. Fournissant une \u00e9nergie constante 24 heures par jour, l\u2019hydrolienne de rivi\u00e8re de Id\u00e9nergie peut r\u00e9pondre aux besoins \u00e9lectriques d&rsquo;une r\u00e9sidence en produisant, jusqu\u2019\u00e0 12 kWh par jour. La fiabilit\u00e9 de la turbine offre une bonne alternative aux g\u00e9n\u00e9ratrices \u00e0 essence. Le bruit du moteur, l&rsquo;odeur de la gazoline, les allers-retours aux stations de gaz, les d\u00e9penses de carburant seront sous peu des probl\u00e8mes du pass\u00e9.<\/a><\/span><\/p>\n<p style=\"text-align: left;\"><a href=\"https:\/\/idenergie.ca\/en\/power-production\/\">En apprendre plus sur la production \u00e9nerg\u00e9tique\u00a0&gt;<\/a><\/p>\n<\/div>\n<\/div>\n<div class=\"col nomargin\">\n<div class=\"eds-animate edsanimate-sis-hidden \" data-eds-entry-animation=\"fadeInRight\" data-eds-entry-delay=\"0\" data-eds-entry-duration=\"2\" data-eds-entry-timing=\"linear\" data-eds-exit-animation=\"\" data-eds-exit-delay=\"\" data-eds-exit-duration=\"\" data-eds-exit-timing=\"\" data-eds-repeat-count=\"1\" data-eds-keep=\"yes\" data-eds-animate-on=\"load\" data-eds-scroll-offset=\"75\">\n<p><img class=\"img-frame alignleft\" src=\"https:\/\/idenergie.ca\/wp-content\/uploads\/2016\/04\/tourne.png\" alt=\"\" \/><\/p>\n<\/div>\n<\/div>\n<\/div>\n<p>\n<\/div><\/div>\n<div class=\"section-full-width section-light-bg\" style=\"background-color:#ffffff;\" id=\"section-3\"><div style=\"background-image:url(https:\/\/idenergie.ca\/wp-content\/uploads\/2016\/04\/river_installation_2.jpg); opacity:1; filter: alpha(opacity=100);\" class=\"full-bg-image\" ><\/div><div class=\"section-boxed\" style=\"color:#373737;\"><\/p>\n<div class=\"cols-wrapper cols-3\">\n<div class=\"col\">\n<div class=\"eds-animate edsanimate-sis-hidden \" data-eds-entry-animation=\"fadeInLeft\" data-eds-entry-delay=\"0\" data-eds-entry-duration=\"2\" data-eds-entry-timing=\"linear\" data-eds-exit-animation=\"\" data-eds-exit-delay=\"\" data-eds-exit-duration=\"\" data-eds-exit-timing=\"\" data-eds-repeat-count=\"1\" data-eds-keep=\"yes\" data-eds-animate-on=\"load\" data-eds-scroll-offset=\"75\">\n<h1><\/h1>\n<hr \/>\n<p style=\"text-align: justify;\"><a href=\"https:\/\/idenergie.ca\/fr\/installation_rev\/\"><span style=\"color: #ffffff;\">L&rsquo;installation de la turbine de rivi\u00e8re ne requiert que 3 personnes avec peu ou pas d&rsquo;exp\u00e9rience. Nul besoin de grues, de modifications au lit de la rivi\u00e8re ou de travaux civils.<\/span><\/a><\/p>\n<p style=\"text-align: justify;\"><a href=\"https:\/\/idenergie.ca\/fr\/installation_rev\/\"><span style=\"color: #ffffff;\">Inspir\u00e9 par IKEA, l&rsquo;\u00e9quipment est exp\u00e9di\u00e9 en pi\u00e8ces d\u00e9tach\u00e9es dans une bo\u00eete partout sur la plan\u00e8te et peut \u00eatre r\u00e9assembl\u00e9 sur place en utilisant de simples cl\u00e9s Allan.<\/span><\/a><\/p>\n<p><a href=\"https:\/\/idenergie.ca\/fr\/installation_rev\/\">Pour en apprendre plus sur l&rsquo;installation &gt;&gt; <\/a><\/p>\n<\/div>\n<\/div>\n<div class=\"col\">\n<p>&nbsp;<\/p>\n<\/div>\n<div class=\"col nomargin\"><\/div>\n<\/div>\n<p>\n<\/div><\/div>\n<div class=\"section-full-width section-light-bg\" style=\"background-color:#ffffff;\" id=\"construitepourdurer\"><div class=\"section-boxed\" style=\"color:#373737;\"><h2 class=\"section-title\" style=\"color:#252525;\">Construite pour durer<\/h2><h4 style=\"color:#252525;\" class=\"sub-title\">Des composantes robustes pour survivre \u00e0 l&#39;\u00e9preuve du temps<\/h4><div class=\"eds-animate edsanimate-sis-hidden \" data-eds-entry-animation=\"fadeInUp\" data-eds-entry-delay=\"0\" data-eds-entry-duration=\"0\" data-eds-entry-timing=\"linear\" data-eds-exit-animation=\"\" data-eds-exit-delay=\"\" data-eds-exit-duration=\"\" data-eds-exit-timing=\"\" data-eds-repeat-count=\"1\" data-eds-keep=\"yes\" data-eds-animate-on=\"load\" data-eds-scroll-offset=\"75\">\n<p><img class=\"img-frame \" src=\"https:\/\/idenergie.ca\/wp-content\/uploads\/2015\/09\/Hydrolienne-Id\u00e9nergie-power-rangers-avec-fleche.jpg\" alt=\"\" \/><\/p>\n<p><a href=\"https:\/\/idenergie.ca\/en\/specifications-2\/\">T\u00e9l\u00e9chargez notre brochure &gt;<\/a><br \/>\n<\/div><\/p>\n<p>\n<\/div><\/div>\n<div class=\"section-full-width section-light-bg\" style=\"background-color:#ffffff;\" id=\"section-4\"><div style=\"background-image:url(https:\/\/idenergie.ca\/wp-content\/uploads\/2016\/04\/eco_friendly.jpg); opacity:1; filter: alpha(opacity=100);\" class=\"full-bg-image\" ><\/div><div class=\"section-boxed\" style=\"color:#373737;\"><\/p>\n<div class=\"cols-wrapper cols-3\">\n<div class=\"col\">\n<div class=\"eds-animate edsanimate-sis-hidden \" data-eds-entry-animation=\"fadeInLeft\" data-eds-entry-delay=\"0\" data-eds-entry-duration=\"2\" data-eds-entry-timing=\"linear\" data-eds-exit-animation=\"\" data-eds-exit-delay=\"\" data-eds-exit-duration=\"\" data-eds-exit-timing=\"\" data-eds-repeat-count=\"1\" data-eds-keep=\"yes\" data-eds-animate-on=\"load\" data-eds-scroll-offset=\"75\">\n<h1><\/h1>\n<p><img class=\"img-frame aligncenter\" src=\"https:\/\/idenergie.ca\/wp-content\/uploads\/2016\/06\/environmentally_friendly_FR.png\" alt=\"\" \/><\/p>\n<\/div>\n<\/div>\n<div class=\"col\"><\/div>\n<div class=\"col nomargin\"><\/div>\n<\/div>\n<p>\n<\/div><\/div>\n<h1 style=\"text-align: center;\"><span style=\"color: #e19739;\">TECHNOLOGIES INNOVANTES<\/span><\/h1>\n<hr \/>\n<p>&nbsp;<\/p>\n<p><div class=\"services-wrapper services-default cols-wrapper cols-3 pexeto-parallax\"><div class=\"clear\"><\/div><\/div><br \/>\n<a href=\"https:\/\/idenergie.ca\/en\/technologies\/\">Apprenez-en plus sur nos\u00a0technologies &gt;<\/a><\/p>\n<div class=\"section-full-width section-light-bg\" style=\"background-color:#f7f7f7;\" id=\"section-5\"><div class=\"section-boxed\" style=\"color:#373737;\"><\/p>\n<div class=\"cols-wrapper cols-4\">\n<div class=\"col\">\n<p>\u00a0<img class=\"img-frame aligncenter\" src=\"https:\/\/idenergie.ca\/wp-content\/uploads\/2016\/04\/solar_mini.png\" alt=\"\" \/><\/p>\n<h3 style=\"text-align: center;\">Solaire\/Hybride<\/h3>\n<h4 style=\"text-align: center;\">Solutions combinant les deux technologies<\/h4>\n<p style=\"text-align: center;\"><a href=\"https:\/\/idenergie.ca\/fr\/solar-panels\/\">D\u00e9couvrir &gt;<\/a><\/p>\n<\/div>\n<div class=\"col\">\n<p>\u00a0<img class=\"img-frame aligncenter\" src=\"https:\/\/idenergie.ca\/wp-content\/uploads\/2016\/04\/mini_panel.png\" alt=\"\" \/><\/p>\n<h3 style=\"text-align: center;\">Paneaux pr\u00e9cabl\u00e9s<\/h3>\n<h4 style=\"text-align: center;\">Rend l&rsquo;installation facile aux bricoleurs<\/h4>\n<p style=\"text-align: center;\"><a href=\"https:\/\/idenergie.ca\/fr\/prewired_kit\/\">Explorer &gt;<\/a><\/p>\n<\/div>\n<div class=\"col\">\n<p>\u00a0<img class=\"img-frame aligncenter\" src=\"https:\/\/idenergie.ca\/wp-content\/uploads\/2016\/04\/system_builder.png\" alt=\"\" \/><\/p>\n<h3 style=\"text-align: center;\">B\u00e2tisseur de syst\u00e8me<\/h3>\n<h4 style=\"text-align: center;\">Votre syst\u00e8me complet en moins de cinq minutes<\/h4>\n<p style=\"text-align: center;\"><a href=\"https:\/\/idenergie.ca\/fr\/batir-mon-systeme\/\">D\u00e9marrer\u00a0&gt;<\/a><\/p>\n<\/div>\n<div class=\"col nomargin\">\n<p><a href=\"https:\/\/idenergie.ca\/fr\/batir-mon-systeme\/\">\u00a0<img class=\"img-frame aligncenter\" src=\"https:\/\/idenergie.ca\/wp-content\/uploads\/2016\/04\/store_mini.png\" alt=\"\" \/><\/a><\/p>\n<h3 style=\"text-align: center;\">Boutique\u00a0en ligne<\/h3>\n<h4 style=\"text-align: center;\">Tout le n\u00e9cessaire pour votre\u00a0installation<\/h4>\n<p style=\"text-align: center;\"><a href=\"https:\/\/idenergie.ca\/fr\/buy\/\">Magasiner\u00a0&gt;<\/a><\/p>\n<\/div>\n<\/div>\n<p>\n<\/div><\/div>\n","protected":false},"excerpt":{"rendered":"<p>TECHNOLOGIES INNOVANTES &nbsp; Apprenez-en plus sur nos\u00a0technologies &gt;<\/p>\n","protected":false},"author":1,"featured_media":0,"parent":0,"menu_order":0,"comment_status":"closed","ping_status":"closed","template":"template-full-custom.php","meta":[],"yoast_head":"<!-- This site is optimized with the Yoast SEO plugin v17.9 - https:\/\/yoast.com\/wordpress\/plugins\/seo\/ -->\n<title>Page_MAIN - Id\u00e9nergie<\/title>\n<meta name=\"robots\" content=\"index, follow, max-snippet:-1, max-image-preview:large, max-video-preview:-1\" \/>\n<link rel=\"canonical\" href=\"https:\/\/idenergie.ca\/fr\/3655-2\/\" \/>\n<meta property=\"og:locale\" content=\"fr_FR\" \/>\n<meta property=\"og:type\" content=\"article\" \/>\n<meta property=\"og:title\" content=\"Page_MAIN - Id\u00e9nergie\" \/>\n<meta property=\"og:description\" content=\"TECHNOLOGIES INNOVANTES &nbsp; Apprenez-en plus sur nos\u00a0technologies &gt;\" \/>\n<meta property=\"og:url\" content=\"https:\/\/idenergie.ca\/fr\/3655-2\/\" \/>\n<meta property=\"og:site_name\" content=\"Id\u00e9nergie\" \/>\n<meta property=\"article:modified_time\" content=\"2016-06-06T05:42:42+00:00\" \/>\n<meta property=\"og:image\" content=\"https:\/\/idenergie.ca\/wp-content\/uploads\/2016\/06\/UNE-SOURCE-CONSTANTE-TITRE.png\" \/>\n<meta name=\"twitter:label1\" content=\"Dur\u00e9e de lecture est.\" \/>\n\t<meta name=\"twitter:data1\" content=\"5 minutes\" \/>\n<script type=\"application\/ld+json\" class=\"yoast-schema-graph\">{\"@context\":\"https:\/\/schema.org\",\"@graph\":[{\"@type\":\"WebSite\",\"@id\":\"https:\/\/idenergie.ca\/fr\/#website\",\"url\":\"https:\/\/idenergie.ca\/fr\/\",\"name\":\"Id\\u00e9nergie\",\"description\":\"\",\"potentialAction\":[{\"@type\":\"SearchAction\",\"target\":{\"@type\":\"EntryPoint\",\"urlTemplate\":\"https:\/\/idenergie.ca\/fr\/?s={search_term_string}\"},\"query-input\":\"required name=search_term_string\"}],\"inLanguage\":\"fr-FR\"},{\"@type\":\"ImageObject\",\"@id\":\"https:\/\/idenergie.ca\/fr\/3655-2\/#primaryimage\",\"inLanguage\":\"fr-FR\",\"url\":\"https:\/\/idenergie.ca\/wp-content\/uploads\/2016\/06\/UNE-SOURCE-CONSTANTE-TITRE.png\",\"contentUrl\":\"https:\/\/idenergie.ca\/wp-content\/uploads\/2016\/06\/UNE-SOURCE-CONSTANTE-TITRE.png\",\"width\":1081,\"height\":163},{\"@type\":\"WebPage\",\"@id\":\"https:\/\/idenergie.ca\/fr\/3655-2\/#webpage\",\"url\":\"https:\/\/idenergie.ca\/fr\/3655-2\/\",\"name\":\"Page_MAIN - Id\\u00e9nergie\",\"isPartOf\":{\"@id\":\"https:\/\/idenergie.ca\/fr\/#website\"},\"primaryImageOfPage\":{\"@id\":\"https:\/\/idenergie.ca\/fr\/3655-2\/#primaryimage\"},\"datePublished\":\"2016-04-25T03:33:32+00:00\",\"dateModified\":\"2016-06-06T05:42:42+00:00\",\"breadcrumb\":{\"@id\":\"https:\/\/idenergie.ca\/fr\/3655-2\/#breadcrumb\"},\"inLanguage\":\"fr-FR\",\"potentialAction\":[{\"@type\":\"ReadAction\",\"target\":[\"https:\/\/idenergie.ca\/fr\/3655-2\/\"]}]},{\"@type\":\"BreadcrumbList\",\"@id\":\"https:\/\/idenergie.ca\/fr\/3655-2\/#breadcrumb\",\"itemListElement\":[{\"@type\":\"ListItem\",\"position\":1,\"name\":\"Home\",\"item\":\"https:\/\/idenergie.ca\/fr\/\"},{\"@type\":\"ListItem\",\"position\":2,\"name\":\"Page_MAIN\"}]}]}<\/script>\n<!-- \/ Yoast SEO plugin. -->","yoast_head_json":{"title":"Page_MAIN - Id\u00e9nergie","robots":{"index":"index","follow":"follow","max-snippet":"max-snippet:-1","max-image-preview":"max-image-preview:large","max-video-preview":"max-video-preview:-1"},"canonical":"https:\/\/idenergie.ca\/fr\/3655-2\/","og_locale":"fr_FR","og_type":"article","og_title":"Page_MAIN - Id\u00e9nergie","og_description":"TECHNOLOGIES INNOVANTES &nbsp; Apprenez-en plus sur nos\u00a0technologies &gt;","og_url":"https:\/\/idenergie.ca\/fr\/3655-2\/","og_site_name":"Id\u00e9nergie","article_modified_time":"2016-06-06T05:42:42+00:00","og_image":[{"url":"https:\/\/idenergie.ca\/wp-content\/uploads\/2016\/06\/UNE-SOURCE-CONSTANTE-TITRE.png"}],"twitter_misc":{"Dur\u00e9e de lecture est.":"5 minutes"},"schema":{"@context":"https:\/\/schema.org","@graph":[{"@type":"WebSite","@id":"https:\/\/idenergie.ca\/fr\/#website","url":"https:\/\/idenergie.ca\/fr\/","name":"Id\u00e9nergie","description":"","potentialAction":[{"@type":"SearchAction","target":{"@type":"EntryPoint","urlTemplate":"https:\/\/idenergie.ca\/fr\/?s={search_term_string}"},"query-input":"required name=search_term_string"}],"inLanguage":"fr-FR"},{"@type":"ImageObject","@id":"https:\/\/idenergie.ca\/fr\/3655-2\/#primaryimage","inLanguage":"fr-FR","url":"https:\/\/idenergie.ca\/wp-content\/uploads\/2016\/06\/UNE-SOURCE-CONSTANTE-TITRE.png","contentUrl":"https:\/\/idenergie.ca\/wp-content\/uploads\/2016\/06\/UNE-SOURCE-CONSTANTE-TITRE.png","width":1081,"height":163},{"@type":"WebPage","@id":"https:\/\/idenergie.ca\/fr\/3655-2\/#webpage","url":"https:\/\/idenergie.ca\/fr\/3655-2\/","name":"Page_MAIN - Id\u00e9nergie","isPartOf":{"@id":"https:\/\/idenergie.ca\/fr\/#website"},"primaryImageOfPage":{"@id":"https:\/\/idenergie.ca\/fr\/3655-2\/#primaryimage"},"datePublished":"2016-04-25T03:33:32+00:00","dateModified":"2016-06-06T05:42:42+00:00","breadcrumb":{"@id":"https:\/\/idenergie.ca\/fr\/3655-2\/#breadcrumb"},"inLanguage":"fr-FR","potentialAction":[{"@type":"ReadAction","target":["https:\/\/idenergie.ca\/fr\/3655-2\/"]}]},{"@type":"BreadcrumbList","@id":"https:\/\/idenergie.ca\/fr\/3655-2\/#breadcrumb","itemListElement":[{"@type":"ListItem","position":1,"name":"Home","item":"https:\/\/idenergie.ca\/fr\/"},{"@type":"ListItem","position":2,"name":"Page_MAIN"}]}]}},"_links":{"self":[{"href":"https:\/\/idenergie.ca\/fr\/wp-json\/wp\/v2\/pages\/3963"}],"collection":[{"href":"https:\/\/idenergie.ca\/fr\/wp-json\/wp\/v2\/pages"}],"about":[{"href":"https:\/\/idenergie.ca\/fr\/wp-json\/wp\/v2\/types\/page"}],"author":[{"embeddable":true,"href":"https:\/\/idenergie.ca\/fr\/wp-json\/wp\/v2\/users\/1"}],"replies":[{"embeddable":true,"href":"https:\/\/idenergie.ca\/fr\/wp-json\/wp\/v2\/comments?post=3963"}],"version-history":[{"count":27,"href":"https:\/\/idenergie.ca\/fr\/wp-json\/wp\/v2\/pages\/3963\/revisions"}],"predecessor-version":[{"id":4229,"href":"https:\/\/idenergie.ca\/fr\/wp-json\/wp\/v2\/pages\/3963\/revisions\/4229"}],"wp:attachment":[{"href":"https:\/\/idenergie.ca\/fr\/wp-json\/wp\/v2\/media?parent=3963"}],"curies":[{"name":"wp","href":"https:\/\/api.w.org\/{rel}","templated":true}]}}