{"id":3994,"date":"2016-06-04T08:20:57","date_gmt":"2016-06-04T13:20:57","guid":{"rendered":"https:\/\/idenergie.ca\/?page_id=3994"},"modified":"2016-11-16T16:02:17","modified_gmt":"2016-11-16T21:02:17","slug":"installation_rev","status":"publish","type":"page","link":"https:\/\/idenergie.ca\/fr\/installation_rev\/","title":{"rendered":"Installation"},"content":{"rendered":"<div class=\"section-full-width section-dark\" style=\"background-color:#252525;\" id=\"\u00c9tape1assemblageinitial\"><div class=\"section-boxed\" style=\"color:#ffffff;\"><h2 class=\"section-title\" style=\"color:#ffffff;\">\u00c9tape 1 : Assemblage initial<\/h2><\/p>\n<div class=\"cols-wrapper cols-3\">\n<div class=\"cols-wrapper cols-3\">\n<div class=\"col\">\n<p><code> <a id=\"69d2f4362948f\" rel=\"wp-video-lightbox\" href=\"https:\/\/vimeo.com\/139392159?width=640&#038;height=480\" title=\"\"><img src=\"https:\/\/idenergie.ca\/wp-content\/uploads\/2016\/06\/etape3_FR.png\" class=\"video_lightbox_anchor_image\" alt=\"\" \/><\/a>    <script>\r\n    \/* <![CDATA[ *\/\r\n    jQuery(document).ready(function($){\r\n        $(function(){\r\n            var width = $(window).innerWidth();\r\n            var setwidth = 640;\r\n            var ratio = 0.75;\r\n            var height = 480;\r\n            var link = 'https:\/\/vimeo.com\/139392159?width=640&height=480';\r\n            if(width < setwidth)\r\n            {\r\n                height = Math.floor(width * 0.75);\r\n                \/\/console.log(\"device width \"+width+\", set width \"+640+\", ratio \"+0.75+\", new height \"+ height);\r\n                var new_url = wpvl_paramReplace('width', link, width);\r\n                var new_url = wpvl_paramReplace('height', new_url, height);\r\n                $(\"a#69d2f4362948f\").attr('href', new_url);\r\n                \/\/console.log(new_url);\r\n            }\r\n        });\r\n    });\r\n    \/* ]]> *\/\r\n    <\/script><\/code><\/p>\n<\/div>\n<div class=\"col\">\n<p>L\u2019hydrolienne de rivi\u00e8re est livr\u00e9e d\u00e9mont\u00e9e. Nous recommandons d\u2019assembler les turbines et le pied avant l\u2019arriv\u00e9e sur le site comme l\u2019indique la vid\u00e9o suivante.<\/p>\n<\/div>\n<div class=\"col nomargin\">\n<p>\u00c9tapes de cette vid\u00e9o<\/p>\n<ol>\n<li>R\u00e9ception et d\u00e9ballage du colis<\/li>\n<li>Assemblage des turbines<\/li>\n<li>Assemblage du pied<\/li>\n<\/ol>\n<\/div>\n<\/div>\n<\/div>\n<p>\n<\/div><\/div>\n<div class=\"section-full-width section-dark\" style=\"background-color:#252525;\" id=\"\u00c9tape2assemblagedel\u2019hydroliennesurlesite\"><div class=\"section-boxed\" style=\"color:#ffffff;\"><h2 class=\"section-title\" style=\"color:#ffffff;\">\u00c9tape 2 : Assemblage de l\u2019hydrolienne sur le site<\/h2><\/p>\n<div class=\"cols-wrapper cols-3\">\n<div class=\"cols-wrapper cols-3\">\n<div class=\"col\">\n<p><code> <a id=\"69d2f4362995e\" rel=\"wp-video-lightbox\" href=\"https:\/\/vimeo.com\/136133071?width=640&#038;height=480\" title=\"\"><img src=\"https:\/\/idenergie.ca\/wp-content\/uploads\/2016\/06\/etape4_FR.png\" class=\"video_lightbox_anchor_image\" alt=\"\" \/><\/a>    <script>\r\n    \/* <![CDATA[ *\/\r\n    jQuery(document).ready(function($){\r\n        $(function(){\r\n            var width = $(window).innerWidth();\r\n            var setwidth = 640;\r\n            var ratio = 0.75;\r\n            var height = 480;\r\n            var link = 'https:\/\/vimeo.com\/136133071?width=640&height=480';\r\n            if(width < setwidth)\r\n            {\r\n                height = Math.floor(width * 0.75);\r\n                \/\/console.log(\"device width \"+width+\", set width \"+640+\", ratio \"+0.75+\", new height \"+ height);\r\n                var new_url = wpvl_paramReplace('width', link, width);\r\n                var new_url = wpvl_paramReplace('height', new_url, height);\r\n                $(\"a#69d2f4362995e\").attr('href', new_url);\r\n                \/\/console.log(new_url);\r\n            }\r\n        });\r\n    });\r\n    \/* ]]> *\/\r\n    <\/script><\/code><\/p>\n<\/div>\n<div class=\"col\">\n<p>Nous recommandons d&rsquo;assembler, sur le site, les turbines et le pied au g\u00e9n\u00e9rateur comme l&rsquo;indique la vid\u00e9o suivante. Ceci afin de faciliter le transport de l&rsquo;hydrolienne \u00e0 l&#8217;emplacement d&rsquo;installation.<\/p>\n<\/div>\n<div class=\"col nomargin\">\n<p>\u00c9tapes de cette vid\u00e9o<\/p>\n<ol>\n<li>Fixer le pied au g\u00e9n\u00e9rateur<\/li>\n<li>Fixer les turbines au g\u00e9n\u00e9rateur<\/li>\n<li>Fixer le brancard de mise \u00e0 l&rsquo;eau<\/li>\n<\/ol>\n<\/div>\n<\/div>\n<\/div>\n<p>\n<\/div><\/div>\n<div class=\"section-full-width section-dark\" style=\"background-color:#252525;\" id=\"\u00c9tape3qualificationdusite\"><div class=\"section-boxed\" style=\"color:#ffffff;\"><h2 class=\"section-title\" style=\"color:#ffffff;\">\u00c9tape 3 : Qualification du site<\/h2><\/p>\n<div class=\"cols-wrapper cols-3\">\n<div class=\"cols-wrapper cols-3\">\n<div class=\"col\">\n<p style=\"text-align: right;\"><code> <a id=\"69d2f43629c5a\" rel=\"wp-video-lightbox\" href=\"https:\/\/vimeo.com\/136133064?width=640&#038;height=480\" title=\"\"><img src=\"https:\/\/idenergie.ca\/wp-content\/uploads\/2016\/06\/etape2_FR.png\" class=\"video_lightbox_anchor_image\" alt=\"\" \/><\/a>    <script>\r\n    \/* <![CDATA[ *\/\r\n    jQuery(document).ready(function($){\r\n        $(function(){\r\n            var width = $(window).innerWidth();\r\n            var setwidth = 640;\r\n            var ratio = 0.75;\r\n            var height = 480;\r\n            var link = 'https:\/\/vimeo.com\/136133064?width=640&height=480';\r\n            if(width < setwidth)\r\n            {\r\n                height = Math.floor(width * 0.75);\r\n                \/\/console.log(\"device width \"+width+\", set width \"+640+\", ratio \"+0.75+\", new height \"+ height);\r\n                var new_url = wpvl_paramReplace('width', link, width);\r\n                var new_url = wpvl_paramReplace('height', new_url, height);\r\n                $(\"a#69d2f43629c5a\").attr('href', new_url);\r\n                \/\/console.log(new_url);\r\n            }\r\n        });\r\n    });\r\n    \/* ]]> *\/\r\n    <\/script><\/code><\/p>\n<\/div>\n<div class=\"col\">\n<p style=\"text-align: justify;\">Pour qu\u2019un site soit propice \u00e0 l\u2019utilisation de l\u2019hydrolienne, celui-ci doit r\u00e9pondre \u00e0 certains crit\u00e8res \u00e9num\u00e9r\u00e9s dans la vid\u00e9o suivante. La qualification d\u2019un site est un \u00e9l\u00e9ment d\u00e9terminant pour le bon fonctionnement de l&rsquo;hydrolienne.<\/p>\n<\/div>\n<div class=\"col nomargin\">\n<p>\u00c9tapes de cette vid\u00e9o<\/p>\n<ol>\n<li>Vitesse du courant<\/li>\n<li>Profondeur de l\u2019eau<\/li>\n<li>Caract\u00e9ristiques du lit de la rivi\u00e8re<\/li>\n<li>Acc\u00e8s au site et distance jusqu&rsquo;aux batteries<\/li>\n<\/ol>\n<\/div>\n<\/div>\n<\/div>\n<p>\n<\/div><\/div>\n<div class=\"section-full-width section-dark\" style=\"background-color:#252525;\" id=\"\u00c9tape4v\u00eatementsdes\u00e9curit\u00e9\"><div class=\"section-boxed\" style=\"color:#ffffff;\"><h2 class=\"section-title\" style=\"color:#ffffff;\">\u00c9tape 4 : V\u00eatements de s\u00e9curit\u00e9<\/h2><\/p>\n<div class=\"cols-wrapper cols-3\">\n<div class=\"cols-wrapper cols-3\">\n<p>&nbsp;<\/p>\n<div class=\"cols-wrapper cols-3\">\n<div class=\"col\">\n<p style=\"text-align: right;\">\u00a0<a id=\"69d2f4362b07a\" rel=\"wp-video-lightbox\" href=\"https:\/\/vimeo.com\/136133458?width=640&#038;height=480\" title=\"\"><img src=\"https:\/\/idenergie.ca\/wp-content\/uploads\/2016\/06\/etape1_FR.png\" class=\"video_lightbox_anchor_image\" alt=\"\" \/><\/a>    <script>\r\n    \/* <![CDATA[ *\/\r\n    jQuery(document).ready(function($){\r\n        $(function(){\r\n            var width = $(window).innerWidth();\r\n            var setwidth = 640;\r\n            var ratio = 0.75;\r\n            var height = 480;\r\n            var link = 'https:\/\/vimeo.com\/136133458?width=640&height=480';\r\n            if(width < setwidth)\r\n            {\r\n                height = Math.floor(width * 0.75);\r\n                \/\/console.log(\"device width \"+width+\", set width \"+640+\", ratio \"+0.75+\", new height \"+ height);\r\n                var new_url = wpvl_paramReplace('width', link, width);\r\n                var new_url = wpvl_paramReplace('height', new_url, height);\r\n                $(\"a#69d2f4362b07a\").attr('href', new_url);\r\n                \/\/console.log(new_url);\r\n            }\r\n        });\r\n    });\r\n    \/* ]]> *\/\r\n    <\/script><\/p>\n<\/div>\n<div class=\"col\">\n<p>\u00a0Avant la mise \u00e0 l\u2019eau, les installateurs doivent s\u2019assurer d\u2019avoir les v\u00eatements et les outils de s\u00e9curit\u00e9 n\u00e9cessaires afin d&rsquo;effectuer une installation s\u00e9curitaire et, d&rsquo;ainsi, minimiser les risques de blessure.<\/p>\n<\/div>\n<div class=\"col nomargin\">\n<p>&#8211; Crampons d&rsquo;appoint\u00a0&#8211; Dispositif de d\u00e9clenchement automatique\u00a0&#8211; \u00a0Ascendeur index\u00a0&#8211; Gants en n\u00e9opr\u00e8ne\u00a0&#8211; Couteau accrochable\u00a0&#8211; \u00a0Harnais\u00a0&#8211; Veste de sauvetage\u00a0&#8211; \u00a0Casque de s\u00e9curit\u00e9\u00a0&#8211; Combinaison isothermique\u00a0&#8211; Corde statique en nylon<\/p>\n<\/div>\n<\/div>\n<p>&nbsp;<\/p>\n<\/div>\n<\/div>\n<p>\n<\/div><\/div>\n<div class=\"section-full-width section-dark\" style=\"background-color:#252525;\" id=\"\u00c9tape5lamise\u00e0l\u2019eaupartie1\"><div class=\"section-boxed\" style=\"color:#ffffff;\"><h2 class=\"section-title\" style=\"color:#ffffff;\">\u00c9tape 5 : La mise \u00e0 l\u2019eau (partie 1)<\/h2><\/p>\n<div class=\"cols-wrapper cols-3\">\n<div class=\"cols-wrapper cols-3\">\n<div class=\"col\">\n<p style=\"text-align: right;\"><code> <a id=\"69d2f4362b337\" rel=\"wp-video-lightbox\" href=\"https:\/\/vimeo.com\/165373691?width=640&#038;height=480\" title=\"\"><img src=\"https:\/\/idenergie.ca\/wp-content\/uploads\/2016\/06\/etape5_FR.png\" class=\"video_lightbox_anchor_image\" alt=\"\" \/><\/a>    <script>\r\n    \/* <![CDATA[ *\/\r\n    jQuery(document).ready(function($){\r\n        $(function(){\r\n            var width = $(window).innerWidth();\r\n            var setwidth = 640;\r\n            var ratio = 0.75;\r\n            var height = 480;\r\n            var link = 'https:\/\/vimeo.com\/165373691?width=640&height=480';\r\n            if(width < setwidth)\r\n            {\r\n                height = Math.floor(width * 0.75);\r\n                \/\/console.log(\"device width \"+width+\", set width \"+640+\", ratio \"+0.75+\", new height \"+ height);\r\n                var new_url = wpvl_paramReplace('width', link, width);\r\n                var new_url = wpvl_paramReplace('height', new_url, height);\r\n                $(\"a#69d2f4362b337\").attr('href', new_url);\r\n                \/\/console.log(new_url);\r\n            }\r\n        });\r\n    });\r\n    \/* ]]> *\/\r\n    <\/script><\/code><\/p>\n<\/div>\n<div class=\"col\">\n<p>La mise \u00e0 l\u2019eau comprend plusieurs \u00e9tapes \u00e9num\u00e9r\u00e9es dans la vid\u00e9o suivante. Il est important que les individus concern\u00e9s fassent preuve de vigilance \u00e0 cette \u00e9tape de l\u2019installation.<\/p>\n<\/div>\n<div class=\"col nomargin\">\n<p>\u00c9tapes de cette vid\u00e9o<\/p>\n<ol>\n<li>Pr\u00e9paration des cordes de s\u00e9curit\u00e9<\/li>\n<li>Installation des ancrages<\/li>\n<li>Mise en place de la corde d\u2019installation<\/li>\n<\/ol>\n<\/div>\n<\/div>\n<\/div>\n<p>\n<\/div><\/div>\n<div class=\"section-full-width section-dark\" style=\"background-color:#252525;\" id=\"\u00c9tape5lamise\u00e0l\u2019eaupartie2\"><div class=\"section-boxed\" style=\"color:#ffffff;\"><h2 class=\"section-title\" style=\"color:#ffffff;\">\u00c9tape 5 : La mise \u00e0 l\u2019eau (partie 2)<\/h2><\/p>\n<div class=\"cols-wrapper cols-3\">\n<div class=\"cols-wrapper cols-3\">\n<div class=\"col\">\n<p style=\"text-align: right;\"><code> <a id=\"69d2f4362b563\" rel=\"wp-video-lightbox\" href=\"https:\/\/vimeo.com\/165812673?width=640&#038;height=480\" title=\"\"><img src=\"https:\/\/idenergie.ca\/wp-content\/uploads\/2016\/06\/etape6_FR.png\" class=\"video_lightbox_anchor_image\" alt=\"\" \/><\/a>    <script>\r\n    \/* <![CDATA[ *\/\r\n    jQuery(document).ready(function($){\r\n        $(function(){\r\n            var width = $(window).innerWidth();\r\n            var setwidth = 640;\r\n            var ratio = 0.75;\r\n            var height = 480;\r\n            var link = 'https:\/\/vimeo.com\/165812673?width=640&height=480';\r\n            if(width < setwidth)\r\n            {\r\n                height = Math.floor(width * 0.75);\r\n                \/\/console.log(\"device width \"+width+\", set width \"+640+\", ratio \"+0.75+\", new height \"+ height);\r\n                var new_url = wpvl_paramReplace('width', link, width);\r\n                var new_url = wpvl_paramReplace('height', new_url, height);\r\n                $(\"a#69d2f4362b563\").attr('href', new_url);\r\n                \/\/console.log(new_url);\r\n            }\r\n        });\r\n    });\r\n    \/* ]]> *\/\r\n    <\/script><\/code><\/p>\n<\/div>\n<div class=\"col\">\n<p>La mise \u00e0 l\u2019eau comprend plusieurs \u00e9tapes \u00e9num\u00e9r\u00e9es dans la vid\u00e9o suivante. Il est important que les individus concern\u00e9s fassent preuve de vigilance \u00e0 cette \u00e9tape de l\u2019installation.<\/p>\n<\/div>\n<div class=\"col nomargin\">\n<p>\u00c9tapes de cette vid\u00e9o<\/p>\n<ol>\n<li>Fixation du c\u00e2ble \u00e9lectrique sous-marin ainsi que du deuxi\u00e8me c\u00e2ble d\u2019acier inoxydable<\/li>\n<li>Mise \u00e0 l\u2019eau de l\u2019hydrolienne<\/li>\n<li>D\u00e9sinstallation du brancard de mise \u00e0 l\u2019eau<\/li>\n<li>Accrocher le c\u00e2ble d\u2019acier inoxydable \u00e0 l\u2019hydrolienne<\/li>\n<\/ol>\n<\/div>\n<\/div>\n<\/div>\n<p>\n<\/div><\/div>\n<div class=\"section-full-width section-dark\" style=\"background-color:#252525;\" id=\"\u00c9tape6connexions\u00e9lectriques\u00e0venir\"><div class=\"section-boxed\" style=\"color:#ffffff;\"><h2 class=\"section-title\" style=\"color:#ffffff;\">\u00c9tape 6 : Connexions \u00e9lectriques (\u00e0 venir)<\/h2><\/p>\n<div class=\"cols-wrapper cols-3\"><\/div>\n<p>\n<\/div><\/div>\n","protected":false},"excerpt":{"rendered":"","protected":false},"author":1,"featured_media":0,"parent":0,"menu_order":0,"comment_status":"closed","ping_status":"open","template":"template-full-custom.php","meta":[],"yoast_head":"<!-- This site is optimized with the Yoast SEO plugin v17.9 - https:\/\/yoast.com\/wordpress\/plugins\/seo\/ -->\n<title>Tutoriels<\/title>\n<meta name=\"robots\" content=\"index, follow, max-snippet:-1, max-image-preview:large, max-video-preview:-1\" \/>\n<link rel=\"canonical\" href=\"https:\/\/idenergie.ca\/fr\/installation_rev\/\" \/>\n<meta property=\"og:locale\" content=\"fr_FR\" \/>\n<meta property=\"og:type\" content=\"article\" \/>\n<meta property=\"og:title\" content=\"Tutoriels\" \/>\n<meta property=\"og:url\" content=\"https:\/\/idenergie.ca\/fr\/installation_rev\/\" \/>\n<meta property=\"og:site_name\" content=\"Id\u00e9nergie\" \/>\n<meta property=\"article:modified_time\" content=\"2016-11-16T21:02:17+00:00\" \/>\n<meta name=\"twitter:label1\" content=\"Dur\u00e9e de lecture est.\" \/>\n\t<meta name=\"twitter:data1\" content=\"4 minutes\" \/>\n<script type=\"application\/ld+json\" class=\"yoast-schema-graph\">{\"@context\":\"https:\/\/schema.org\",\"@graph\":[{\"@type\":\"WebSite\",\"@id\":\"https:\/\/idenergie.ca\/fr\/#website\",\"url\":\"https:\/\/idenergie.ca\/fr\/\",\"name\":\"Id\\u00e9nergie\",\"description\":\"\",\"potentialAction\":[{\"@type\":\"SearchAction\",\"target\":{\"@type\":\"EntryPoint\",\"urlTemplate\":\"https:\/\/idenergie.ca\/fr\/?s={search_term_string}\"},\"query-input\":\"required name=search_term_string\"}],\"inLanguage\":\"fr-FR\"},{\"@type\":\"WebPage\",\"@id\":\"https:\/\/idenergie.ca\/fr\/installation_rev\/#webpage\",\"url\":\"https:\/\/idenergie.ca\/fr\/installation_rev\/\",\"name\":\"Tutoriels\",\"isPartOf\":{\"@id\":\"https:\/\/idenergie.ca\/fr\/#website\"},\"datePublished\":\"2016-06-04T13:20:57+00:00\",\"dateModified\":\"2016-11-16T21:02:17+00:00\",\"breadcrumb\":{\"@id\":\"https:\/\/idenergie.ca\/fr\/installation_rev\/#breadcrumb\"},\"inLanguage\":\"fr-FR\",\"potentialAction\":[{\"@type\":\"ReadAction\",\"target\":[\"https:\/\/idenergie.ca\/fr\/installation_rev\/\"]}]},{\"@type\":\"BreadcrumbList\",\"@id\":\"https:\/\/idenergie.ca\/fr\/installation_rev\/#breadcrumb\",\"itemListElement\":[{\"@type\":\"ListItem\",\"position\":1,\"name\":\"Home\",\"item\":\"https:\/\/idenergie.ca\/fr\/\"},{\"@type\":\"ListItem\",\"position\":2,\"name\":\"Installation\"}]}]}<\/script>\n<!-- \/ Yoast SEO plugin. -->","yoast_head_json":{"title":"Tutoriels","robots":{"index":"index","follow":"follow","max-snippet":"max-snippet:-1","max-image-preview":"max-image-preview:large","max-video-preview":"max-video-preview:-1"},"canonical":"https:\/\/idenergie.ca\/fr\/installation_rev\/","og_locale":"fr_FR","og_type":"article","og_title":"Tutoriels","og_url":"https:\/\/idenergie.ca\/fr\/installation_rev\/","og_site_name":"Id\u00e9nergie","article_modified_time":"2016-11-16T21:02:17+00:00","twitter_misc":{"Dur\u00e9e de lecture est.":"4 minutes"},"schema":{"@context":"https:\/\/schema.org","@graph":[{"@type":"WebSite","@id":"https:\/\/idenergie.ca\/fr\/#website","url":"https:\/\/idenergie.ca\/fr\/","name":"Id\u00e9nergie","description":"","potentialAction":[{"@type":"SearchAction","target":{"@type":"EntryPoint","urlTemplate":"https:\/\/idenergie.ca\/fr\/?s={search_term_string}"},"query-input":"required name=search_term_string"}],"inLanguage":"fr-FR"},{"@type":"WebPage","@id":"https:\/\/idenergie.ca\/fr\/installation_rev\/#webpage","url":"https:\/\/idenergie.ca\/fr\/installation_rev\/","name":"Tutoriels","isPartOf":{"@id":"https:\/\/idenergie.ca\/fr\/#website"},"datePublished":"2016-06-04T13:20:57+00:00","dateModified":"2016-11-16T21:02:17+00:00","breadcrumb":{"@id":"https:\/\/idenergie.ca\/fr\/installation_rev\/#breadcrumb"},"inLanguage":"fr-FR","potentialAction":[{"@type":"ReadAction","target":["https:\/\/idenergie.ca\/fr\/installation_rev\/"]}]},{"@type":"BreadcrumbList","@id":"https:\/\/idenergie.ca\/fr\/installation_rev\/#breadcrumb","itemListElement":[{"@type":"ListItem","position":1,"name":"Home","item":"https:\/\/idenergie.ca\/fr\/"},{"@type":"ListItem","position":2,"name":"Installation"}]}]}},"_links":{"self":[{"href":"https:\/\/idenergie.ca\/fr\/wp-json\/wp\/v2\/pages\/3994"}],"collection":[{"href":"https:\/\/idenergie.ca\/fr\/wp-json\/wp\/v2\/pages"}],"about":[{"href":"https:\/\/idenergie.ca\/fr\/wp-json\/wp\/v2\/types\/page"}],"author":[{"embeddable":true,"href":"https:\/\/idenergie.ca\/fr\/wp-json\/wp\/v2\/users\/1"}],"replies":[{"embeddable":true,"href":"https:\/\/idenergie.ca\/fr\/wp-json\/wp\/v2\/comments?post=3994"}],"version-history":[{"count":38,"href":"https:\/\/idenergie.ca\/fr\/wp-json\/wp\/v2\/pages\/3994\/revisions"}],"predecessor-version":[{"id":6242,"href":"https:\/\/idenergie.ca\/fr\/wp-json\/wp\/v2\/pages\/3994\/revisions\/6242"}],"wp:attachment":[{"href":"https:\/\/idenergie.ca\/fr\/wp-json\/wp\/v2\/media?parent=3994"}],"curies":[{"name":"wp","href":"https:\/\/api.w.org\/{rel}","templated":true}]}}