{"id":4152,"date":"2016-04-23T15:06:25","date_gmt":"2016-04-23T20:06:25","guid":{"rendered":"https:\/\/idenergie.ca\/prewired_kit-2\/"},"modified":"2016-06-10T00:45:50","modified_gmt":"2016-06-10T05:45:50","slug":"prewired_kit","status":"publish","type":"page","link":"https:\/\/idenergie.ca\/fr\/prewired_kit\/","title":{"rendered":"Panneaux pr\u00e9c\u00e2bl\u00e9s"},"content":{"rendered":"<div class=\"section-full-width section-light-bg parallax-fixed\" style=\"background-color:#f7f7f7;\" id=\"installationfacilesanssoucis\"><div style=\"background-image:url(https:\/\/idenergie.ca\/wp-content\/uploads\/2014\/08\/Gaussian-blur-background.jpg); opacity:0.5; filter: alpha(opacity=50);\" class=\"full-bg-image\" ><\/div><div class=\"section-boxed\" style=\"color:#373737;\"><h2 class=\"section-title\" style=\"color:#252525;\">INSTALLATION FACILE SANS SOUCIS<\/h2><h4 style=\"color:#252525;\" class=\"sub-title\">\u00c9VITEZ LE CAUCHEMAR DES CONNEXIONS DE DISJONCTEURS DC, GFDIs, FUSIBLES, SENSEURS ET CONVERTISSEURS<\/h4><\/p>\n<p style=\"text-align: justify;\">Le principal obstacle des installations d&rsquo; \u00e9nergie renouvelable sont les difficult\u00e9s associ\u00e9es aux connections \u00e9lectriques. Un installateur professional chargera plusieurs milliers de dollards en frais de voyagement et accomodation.<\/p>\n<p style=\"text-align: justify;\">Sauvez temps et argent sur le c\u00e2blage de votre r\u00e9seau DC gr\u00e2ce aux panneaux pr\u00e9c\u00e2bl\u00e9s Id\u00e9nergie. Id\u00e9nergie offre un panneau facile d&rsquo;installation par n&rsquo;importe quel \u00e9lectricien ou tout bon bricoleur en peu de temps.\u00a0Chaque syst\u00e8me est adapt\u00e9 selon les sp\u00e9cificit\u00e9s de l&rsquo;\u00e9quipement choisi avec toutes les protections n\u00e9cessaires (disjoncteurs et fusibles CC et AC, GFDI etc&#8230;<\/p>\n<div class=\"cols-wrapper cols-2\">\n<div class=\"col\">\n<p>\u00a0<img class=\"img-frame \" src=\"https:\/\/idenergie.ca\/wp-content\/uploads\/2016\/06\/1500W-1.png\" alt=\"\" \/><\/p>\n<\/div>\n<div class=\"col nomargin\">\n<p>\u00a0<img class=\"img-frame \" src=\"https:\/\/idenergie.ca\/wp-content\/uploads\/2016\/06\/2000W-1.png\" alt=\"\" \/><\/p>\n<\/div>\n<\/div>\n<p>\n<\/div><\/div>\n<div class=\"section-full-width section-light-bg\" style=\"background-color:#f7f7f7;\" id=\"commentsauverdesmilliersdedollars\"><div class=\"section-boxed\" style=\"color:#373737;\"><h2 class=\"section-title\" style=\"color:#252525;\">COMMENT SAUVER DES MILLIERS DE DOLLARS<\/h2><h4 style=\"color:#252525;\" class=\"sub-title\">Trois \u00e9tapes simples pour s&#39;\u00e9pargner la visite co\u00fbteuse d&#39;un installateur<\/h4><p><img class=\"img-frame aligncenter\" src=\"https:\/\/idenergie.ca\/wp-content\/uploads\/2016\/06\/step123_fr.png\" alt=\"\" \/><\/p>\n<\/div><\/div>\n<div class=\"section-full-width section-light-bg\" style=\"background-color:#f7f7f7;\" id=\"gardezunoeilsurvotreinstallation\"><div style=\"background-image:url(https:\/\/idenergie.ca\/wp-content\/uploads\/2014\/08\/Gaussian-blur-background.jpg); opacity:0.2; filter: alpha(opacity=20);\" class=\"full-bg-image\" ><\/div><div class=\"section-boxed\" style=\"color:#373737;\"><h2 class=\"section-title\" style=\"color:#252525;\">GARDEZ UN OEIL SUR VOTRE INSTALLATION<\/h2><h4 style=\"color:#252525;\" class=\"sub-title\">Surveillance \u00e0 distance et alarmes<\/h4><\/p>\n<div class=\"cols-wrapper cols-2\">\n<div class=\"col\">\u00a0<img class=\"img-frame aligncenter\" src=\"https:\/\/idenergie.ca\/wp-content\/uploads\/2016\/04\/monitor.png\" alt=\"\" \/><\/div>\n<div class=\"col nomargin\">\n<p style=\"text-align: justify;\">Id\u00e9nergie est engag\u00e9 \u00e0 faciliter votre consommation \u00e9nerg\u00e9tique avec encore plus de technologies.<\/p>\n<p style=\"text-align: justify;\">La porte frontale de nos panneaux est dot\u00e9e d&rsquo;indicateurs lumineux qui rapportent l&rsquo;\u00e9tat du syst\u00e8me (en charge, niveau des batteries, alarmes)<\/p>\n<p style=\"text-align: justify;\">Il est alors possible de g\u00e9rer votre site depuis votre\u00a0t\u00e9l\u00e9phone.<\/p>\n<ul class=\"bullet_arrow2 imglist\">\n<li>Consomation en puissance<\/li>\n<li>Niveau des batteries<\/li>\n<li>D\u00e9marrer ou arr\u00eater le g\u00e9n\u00e9rateur<\/li>\n<li>G\u00e9rer les alarmes<\/li>\n<\/ul>\n<\/div>\n<\/div>\n<p>\n<\/div><\/div>\n<div class=\"section-full-width section-light-bg\" style=\"background-color:#f7f7f7;\" id=\"o\u00d9commencer\"><div class=\"section-boxed\" style=\"color:#373737;\"><h2 class=\"section-title\" style=\"color:#252525;\">O\u00d9 COMMENCER?<\/h2><h4 style=\"color:#252525;\" class=\"sub-title\">Construisez votre syst\u00e8me en ligne avec nos solutions<\/h4><p>Idenergie offre une s\u00e9lection compl\u00e8te de produits d&rsquo;\u00e9nergie renouvelable, convertisseurs et solution de raccordement pour rendre votre vie plus facile. Visitez notre b\u00e2tisseur de syst\u00e8me en ligne et vous pourrez concevoir votre projet en moins de 5 minutes \u00e0 partir de simples questions.<\/p>\n<p>Lorsque vous aurez une id\u00e9e du prix et des sp\u00e9cificit\u00e9es de votre syst\u00e8me, aun repr\u00e9sentant peut r\u00e9viser avec vous vos besions et ajuster votre syst\u00e8me avant de commander. Le mat\u00e9rial sera livr\u00e9 \u00e0 votre porte et nous offrons le support t\u00e9l\u00e9phonique pour vous guider \u00e0 travers votre installation<\/p>\n<p><img class=\"img-frame \" src=\"https:\/\/idenergie.ca\/wp-content\/uploads\/2016\/06\/ENSEMBLE_fr.png\" alt=\"\" \/><\/p>\n<p>\n<\/div><\/div>\n<div class=\"section-full-width section-light-bg\" style=\"background-color:#f7f7f7;\" id=\"section-1\"><div class=\"section-boxed\" style=\"color:#373737;\"><\/p>\n<div class=\"cols-wrapper cols-4\">\n<div class=\"col\">\n<p>\u00a0<img class=\"img-frame aligncenter\" src=\"https:\/\/idenergie.ca\/wp-content\/uploads\/2016\/04\/solar_mini.png\" alt=\"\" \/><\/p>\n<h3 style=\"text-align: center;\">Solaire\/Hybride<\/h3>\n<h4 style=\"text-align: center;\">Solutions combinant les deux technologies<\/h4>\n<p style=\"text-align: center;\"><a href=\"https:\/\/idenergie.ca\/fr\/solar-panels\/\">D\u00e9couvrir &gt;<\/a><\/p>\n<\/div>\n<div class=\"col\">\n<p>\u00a0<img class=\"img-frame aligncenter\" src=\"https:\/\/idenergie.ca\/wp-content\/uploads\/2016\/04\/mini_panel.png\" alt=\"\" \/><\/p>\n<h3 style=\"text-align: center;\">Panneaux pr\u00e9cabl\u00e9s<\/h3>\n<h4 style=\"text-align: center;\">Rend l&rsquo;installation facile aux bricoleurs<\/h4>\n<p style=\"text-align: center;\"><a href=\"https:\/\/idenergie.ca\/fr\/prewired_kit\/\">Explorer &gt;<\/a><\/p>\n<\/div>\n<div class=\"col\">\n<p>\u00a0<img class=\"img-frame aligncenter\" src=\"https:\/\/idenergie.ca\/wp-content\/uploads\/2016\/04\/system_builder.png\" alt=\"\" \/><\/p>\n<h3 style=\"text-align: center;\">B\u00e2tisseur de syst\u00e8me<\/h3>\n<h4 style=\"text-align: center;\">Votre syst\u00e8me complet en moins de cinq minutes<\/h4>\n<p style=\"text-align: center;\"><a href=\"https:\/\/idenergie.ca\/fr\/batir-mon-systeme\/\">D\u00e9marrer\u00a0&gt;<\/a><\/p>\n<\/div>\n<div class=\"col nomargin\">\n<p><a href=\"https:\/\/idenergie.ca\/fr\/batir-mon-systeme\/\">\u00a0<img class=\"img-frame aligncenter\" src=\"https:\/\/idenergie.ca\/wp-content\/uploads\/2016\/04\/store_mini.png\" alt=\"\" \/><\/a><\/p>\n<h3 style=\"text-align: center;\">Boutique\u00a0en ligne<\/h3>\n<h4 style=\"text-align: center;\">Tout le n\u00e9cessaire pour votre\u00a0installation<\/h4>\n<p style=\"text-align: center;\"><a href=\"https:\/\/idenergie.ca\/fr\/buy\/\">Magasiner\u00a0&gt;<\/a><\/p>\n<\/div>\n<\/div>\n<p>\n<\/div><\/div>\n","protected":false},"excerpt":{"rendered":"","protected":false},"author":1,"featured_media":0,"parent":0,"menu_order":0,"comment_status":"closed","ping_status":"closed","template":"template-full-custom.php","meta":[],"yoast_head":"<!-- This site is optimized with the Yoast SEO plugin v17.9 - https:\/\/yoast.com\/wordpress\/plugins\/seo\/ -->\n<title>Panneaux pr\u00e9c\u00e2bl\u00e9s - Id\u00e9nergie<\/title>\n<meta name=\"robots\" content=\"index, follow, max-snippet:-1, max-image-preview:large, max-video-preview:-1\" \/>\n<link rel=\"canonical\" href=\"https:\/\/idenergie.ca\/fr\/prewired_kit\/\" \/>\n<meta property=\"og:locale\" content=\"fr_FR\" \/>\n<meta property=\"og:type\" content=\"article\" \/>\n<meta property=\"og:title\" content=\"Panneaux pr\u00e9c\u00e2bl\u00e9s - Id\u00e9nergie\" \/>\n<meta property=\"og:url\" content=\"https:\/\/idenergie.ca\/fr\/prewired_kit\/\" \/>\n<meta property=\"og:site_name\" content=\"Id\u00e9nergie\" \/>\n<meta property=\"article:modified_time\" content=\"2016-06-10T05:45:50+00:00\" \/>\n<meta property=\"og:image\" content=\"http:\/\/idenergie.ca\/wp-content\/uploads\/2016\/06\/1500W-1.png\" \/>\n<meta name=\"twitter:label1\" content=\"Dur\u00e9e de lecture est.\" \/>\n\t<meta name=\"twitter:data1\" content=\"3 minutes\" \/>\n<script type=\"application\/ld+json\" class=\"yoast-schema-graph\">{\"@context\":\"https:\/\/schema.org\",\"@graph\":[{\"@type\":\"WebSite\",\"@id\":\"https:\/\/idenergie.ca\/fr\/#website\",\"url\":\"https:\/\/idenergie.ca\/fr\/\",\"name\":\"Id\\u00e9nergie\",\"description\":\"\",\"potentialAction\":[{\"@type\":\"SearchAction\",\"target\":{\"@type\":\"EntryPoint\",\"urlTemplate\":\"https:\/\/idenergie.ca\/fr\/?s={search_term_string}\"},\"query-input\":\"required name=search_term_string\"}],\"inLanguage\":\"fr-FR\"},{\"@type\":\"ImageObject\",\"@id\":\"https:\/\/idenergie.ca\/fr\/prewired_kit\/#primaryimage\",\"inLanguage\":\"fr-FR\",\"url\":\"https:\/\/idenergie.ca\/wp-content\/uploads\/2016\/06\/1500W-1.png\",\"contentUrl\":\"https:\/\/idenergie.ca\/wp-content\/uploads\/2016\/06\/1500W-1.png\",\"width\":826,\"height\":580},{\"@type\":\"WebPage\",\"@id\":\"https:\/\/idenergie.ca\/fr\/prewired_kit\/#webpage\",\"url\":\"https:\/\/idenergie.ca\/fr\/prewired_kit\/\",\"name\":\"Panneaux pr\\u00e9c\\u00e2bl\\u00e9s - Id\\u00e9nergie\",\"isPartOf\":{\"@id\":\"https:\/\/idenergie.ca\/fr\/#website\"},\"primaryImageOfPage\":{\"@id\":\"https:\/\/idenergie.ca\/fr\/prewired_kit\/#primaryimage\"},\"datePublished\":\"2016-04-23T20:06:25+00:00\",\"dateModified\":\"2016-06-10T05:45:50+00:00\",\"breadcrumb\":{\"@id\":\"https:\/\/idenergie.ca\/fr\/prewired_kit\/#breadcrumb\"},\"inLanguage\":\"fr-FR\",\"potentialAction\":[{\"@type\":\"ReadAction\",\"target\":[\"https:\/\/idenergie.ca\/fr\/prewired_kit\/\"]}]},{\"@type\":\"BreadcrumbList\",\"@id\":\"https:\/\/idenergie.ca\/fr\/prewired_kit\/#breadcrumb\",\"itemListElement\":[{\"@type\":\"ListItem\",\"position\":1,\"name\":\"Home\",\"item\":\"https:\/\/idenergie.ca\/fr\/\"},{\"@type\":\"ListItem\",\"position\":2,\"name\":\"Panneaux pr\\u00e9c\\u00e2bl\\u00e9s\"}]}]}<\/script>\n<!-- \/ Yoast SEO plugin. -->","yoast_head_json":{"title":"Panneaux pr\u00e9c\u00e2bl\u00e9s - Id\u00e9nergie","robots":{"index":"index","follow":"follow","max-snippet":"max-snippet:-1","max-image-preview":"max-image-preview:large","max-video-preview":"max-video-preview:-1"},"canonical":"https:\/\/idenergie.ca\/fr\/prewired_kit\/","og_locale":"fr_FR","og_type":"article","og_title":"Panneaux pr\u00e9c\u00e2bl\u00e9s - Id\u00e9nergie","og_url":"https:\/\/idenergie.ca\/fr\/prewired_kit\/","og_site_name":"Id\u00e9nergie","article_modified_time":"2016-06-10T05:45:50+00:00","og_image":[{"url":"http:\/\/idenergie.ca\/wp-content\/uploads\/2016\/06\/1500W-1.png"}],"twitter_misc":{"Dur\u00e9e de lecture est.":"3 minutes"},"schema":{"@context":"https:\/\/schema.org","@graph":[{"@type":"WebSite","@id":"https:\/\/idenergie.ca\/fr\/#website","url":"https:\/\/idenergie.ca\/fr\/","name":"Id\u00e9nergie","description":"","potentialAction":[{"@type":"SearchAction","target":{"@type":"EntryPoint","urlTemplate":"https:\/\/idenergie.ca\/fr\/?s={search_term_string}"},"query-input":"required name=search_term_string"}],"inLanguage":"fr-FR"},{"@type":"ImageObject","@id":"https:\/\/idenergie.ca\/fr\/prewired_kit\/#primaryimage","inLanguage":"fr-FR","url":"https:\/\/idenergie.ca\/wp-content\/uploads\/2016\/06\/1500W-1.png","contentUrl":"https:\/\/idenergie.ca\/wp-content\/uploads\/2016\/06\/1500W-1.png","width":826,"height":580},{"@type":"WebPage","@id":"https:\/\/idenergie.ca\/fr\/prewired_kit\/#webpage","url":"https:\/\/idenergie.ca\/fr\/prewired_kit\/","name":"Panneaux pr\u00e9c\u00e2bl\u00e9s - Id\u00e9nergie","isPartOf":{"@id":"https:\/\/idenergie.ca\/fr\/#website"},"primaryImageOfPage":{"@id":"https:\/\/idenergie.ca\/fr\/prewired_kit\/#primaryimage"},"datePublished":"2016-04-23T20:06:25+00:00","dateModified":"2016-06-10T05:45:50+00:00","breadcrumb":{"@id":"https:\/\/idenergie.ca\/fr\/prewired_kit\/#breadcrumb"},"inLanguage":"fr-FR","potentialAction":[{"@type":"ReadAction","target":["https:\/\/idenergie.ca\/fr\/prewired_kit\/"]}]},{"@type":"BreadcrumbList","@id":"https:\/\/idenergie.ca\/fr\/prewired_kit\/#breadcrumb","itemListElement":[{"@type":"ListItem","position":1,"name":"Home","item":"https:\/\/idenergie.ca\/fr\/"},{"@type":"ListItem","position":2,"name":"Panneaux pr\u00e9c\u00e2bl\u00e9s"}]}]}},"_links":{"self":[{"href":"https:\/\/idenergie.ca\/fr\/wp-json\/wp\/v2\/pages\/4152"}],"collection":[{"href":"https:\/\/idenergie.ca\/fr\/wp-json\/wp\/v2\/pages"}],"about":[{"href":"https:\/\/idenergie.ca\/fr\/wp-json\/wp\/v2\/types\/page"}],"author":[{"embeddable":true,"href":"https:\/\/idenergie.ca\/fr\/wp-json\/wp\/v2\/users\/1"}],"replies":[{"embeddable":true,"href":"https:\/\/idenergie.ca\/fr\/wp-json\/wp\/v2\/comments?post=4152"}],"version-history":[{"count":12,"href":"https:\/\/idenergie.ca\/fr\/wp-json\/wp\/v2\/pages\/4152\/revisions"}],"predecessor-version":[{"id":4415,"href":"https:\/\/idenergie.ca\/fr\/wp-json\/wp\/v2\/pages\/4152\/revisions\/4415"}],"wp:attachment":[{"href":"https:\/\/idenergie.ca\/fr\/wp-json\/wp\/v2\/media?parent=4152"}],"curies":[{"name":"wp","href":"https:\/\/api.w.org\/{rel}","templated":true}]}}