{"id":4168,"date":"2016-04-23T14:13:30","date_gmt":"2016-04-23T19:13:30","guid":{"rendered":"https:\/\/idenergie.ca\/solar-panels-2\/"},"modified":"2018-11-26T17:06:20","modified_gmt":"2018-11-26T22:06:20","slug":"solar-panels","status":"publish","type":"page","link":"https:\/\/idenergie.ca\/fr\/solar-panels\/","title":{"rendered":"Panneaux solaires"},"content":{"rendered":"<div class=\"section-full-width section-custom\" style=\"\" id=\"del39\u00c9nergietoutel39ann\u00c9e\"><div class=\"section-boxed\" style=\"color:#;\"><h2 class=\"section-title\" style=\"color:#;\">DE L&#39;\u00c9NERGIE TOUTE l&#39;ANN\u00c9E<\/h2><p>&nbsp;<\/p>\n<p style=\"background: white; vertical-align: baseline; margin: 5.25pt 0cm; text-align: justify;\"><span style=\"font-size: 13.5pt; font-family: 'Open Sans',sans-serif; color: #777777;\">Les panneaux solaires repr\u00e9sentent une solution id\u00e9ale si vous \u00eates d\u00e9tenteur d\u2019une propri\u00e9t\u00e9 et\u00a0souhaitez acqu\u00e9rir votre ind\u00e9pendance \u00e9nerg\u00e9tique.<\/span><\/p>\n<p style=\"background: white; vertical-align: baseline; font-variant-ligatures: normal; font-variant-caps: normal; orphans: 2; text-align: justify; widows: 2; -webkit-text-stroke-width: 0px; word-spacing: 0px; margin: 5.25pt 0cm;\"><span style=\"font-size: 13.5pt; font-family: 'Open Sans',sans-serif; color: #777777;\">Pour autant, certains facteurs sont \u00e0 \u00e9valuer pour s\u2019assurer de la rentabilit\u00e9 de votre projet. S<\/span><span style=\"font-size: 13.5pt; font-family: 'Open Sans',sans-serif; color: #777777;\">i votre r\u00e9sidence est reli\u00e9e au r\u00e9seau, le prix de l\u2019\u00e9lectricit\u00e9 est un facteur \u00e0 prendre en consid\u00e9ration. Dans certains cas o\u00f9 l\u2019\u00e9lectricit\u00e9 est ch\u00e8re, il y a possibilit\u00e9 de revendre vos surplus d\u2019\u00e9lectricit\u00e9, ce qui permet de rendre l\u2019investissement int\u00e9ressant. \u00c0 l\u2019inverse, si l\u2019\u00e9lectricit\u00e9 est abordable, un projet de panneaux solaires devient moins rentable.<\/span><\/p>\n<p style=\"background: white; vertical-align: baseline; font-variant-ligatures: normal; font-variant-caps: normal; orphans: 2; text-align: justify; widows: 2; -webkit-text-stroke-width: 0px; word-spacing: 0px; margin: 5.25pt 0cm;\"><span style=\"font-size: 13.5pt; font-family: 'Open Sans',sans-serif; color: #777777;\">En revanche, si votre r\u00e9sidence est situ\u00e9e hors-r\u00e9seau, acqu\u00e9rir un syst\u00e8me d\u2019\u00e9nergies renouvelable devient l\u2019option la plus rentable par rapport \u00e0 la construction d\u2019une ligne \u00e9lectrique. Le syst\u00e8me de batteries peut \u00eatre con\u00e7u et optimiser pour vous donner un certain nombre de jours d\u2019autonomie \u00e9nerg\u00e9tique en cas de plusieurs jours de faible ensoleillement.<\/span><\/p>\n<p style=\"background: white; vertical-align: baseline; font-variant-ligatures: normal; font-variant-caps: normal; orphans: 2; text-align: justify; widows: 2; -webkit-text-stroke-width: 0px; word-spacing: 0px; margin: 5.25pt 0cm;\"><span style=\"font-size: 13.5pt; font-family: 'Open Sans',sans-serif; color: #777777;\">Peu importe votre situation g\u00e9ographique et vos besoins, la dur\u00e9e de vie de vos panneaux sera d\u00e9pendante du climat d\u2019utilisation.<\/span><\/p>\n<p>\n<\/div><\/div>\n<div class=\"section-full-width section-dark-bg\" style=\"background-color:#3ca4cf;\" id=\"laposedespanneauxsolaires\"><div class=\"section-boxed\" style=\"color:#ffffff;\"><h2 class=\"section-title\" style=\"color:#ffffff;\">LA POSE DES PANNEAUX SOLAIRES<\/h2><p>&nbsp;<\/p>\n<div class=\"cols-wrapper cols-2\">\n<div class=\"col\">\n<p style=\"text-align: justify;\"><strong>1-Travaux sur la toiture.<br \/>\n<\/strong>Des supports sous forme de rails sont d&rsquo;abord install\u00e9s sur la toiture en prenant soin de pr\u00e9server l\u2019\u00e9tanch\u00e9it\u00e9. Puis on y fixe\u00a0les panneaux. Derri\u00e8re ceux-ci, on relie les c\u00e2bles \u00e9lectriques entre eux et les achemine \u00e0 travers le toit vers la salle \u00e9lectrique.<\/p>\n<\/div>\n<div class=\"col nomargin\">\n<p style=\"text-align: justify;\"><strong>2-Convertisseurs et batteries<\/strong><br \/>\nLes panneaux sont reli\u00e9s \u00e0 un syst\u00e8me d\u2019\u00e9nergie renouvelable dans la salle \u00e9lectrique. Cela\u00a0requiert certaines connaissances en courant continu (DC)\u00a0et l&rsquo;aide recommand\u00e9e d&rsquo;un \u00e9lectricien pour tout ce qui touche le courant alternatif (120VAC)<\/p>\n<\/div>\n<\/div>\n<div class=\"cols-wrapper cols-2\">\n<div class=\"col\">\n<p style=\"text-align: left;\"><img loading=\"lazy\" class=\"img-frame aligncenter\" src=\"https:\/\/idenergie.ca\/wp-content\/uploads\/2016\/11\/solairetop.png\" alt=\"\" width=\"500\" height=\"355\" \/><\/p>\n<\/div>\n<div class=\"col nomargin\">\n<p><img loading=\"lazy\" class=\"img-frame aligncenter\" src=\"https:\/\/idenergie.ca\/wp-content\/uploads\/2016\/11\/sallepropre.png\" alt=\"\" width=\"500\" height=\"355\" \/><\/p>\n<\/div>\n<\/div>\n<p>\n<\/div><\/div>\n<div class=\"section-full-width section-custom\" style=\"\" id=\"commentfonctionnentlespanneaux\"><div class=\"section-boxed\" style=\"color:#;\"><h2 class=\"section-title\" style=\"color:#;\">Comment fonctionnent les panneaux<\/h2><h4 style=\"color:#;\" class=\"sub-title\">Deux types d&#39;installation<\/h4><\/p>\n<div class=\"cols-wrapper cols-2\">\n<div class=\"col\">\n<p style=\"text-align: justify;\"><strong>Reli\u00e9 au r\u00e9seau<\/strong><\/p>\n<p style=\"text-align: justify;\">Ces usagers produisent de l&rsquo;\u00e9lectricit\u00e9 sur leur toit ou dans leur cour, durant les heures ensoleill\u00e9es et revendent la partie qui n&rsquo;est pas consomm\u00e9e \u00e0 la compagnie d&rsquo;\u00e9lectricit\u00e9 locale ou parfois l&rsquo;accumulent dans des batteries.<\/p>\n<p style=\"text-align: justify;\">1-Les panneaux produisent de l&rsquo;\u00e9lectricit\u00e9 le jour et celle-ci est envoy\u00e9 vers un convertisseur.<\/p>\n<p style=\"text-align: justify;\">2-Le convertisseur (onduleur) transforme le courant continu des panneaux en courant alternatif (AC) et le distribue localement.<\/p>\n<p style=\"text-align: justify;\">3-Une partie de ce courant va vers le panneau de distribution et alimente les appareils \u00e9lectriques de la maison.<\/p>\n<p style=\"text-align: justify;\">4-La partie non consomm\u00e9e est achemin\u00e9e vers le r\u00e9seau pour y \u00eatre vendue.<\/p>\n<\/div>\n<div class=\"col nomargin\">\n<p style=\"text-align: justify;\"><strong>Milieu isol\u00e9<\/strong><\/p>\n<p style=\"text-align: justify;\">Ces usagers produisent de l&rsquo;\u00e9lectricit\u00e9 durant les heures ensoleill\u00e9es et l&rsquo;accumulent dans des batteries pour l&rsquo;utiliser la nuit. Ils sont isol\u00e9s de tout r\u00e9seau \u00e9lectrique (chalets, pourvoiries, communaut\u00e9s isol\u00e9es)<\/p>\n<p style=\"text-align: justify;\">1-Les panneaux produisent de l&rsquo;\u00e9lectricit\u00e9 le jour et celle-ci est envoy\u00e9 vers un convertisseur (r\u00e9gulateur de charge) qui charge les batteries.<\/p>\n<p style=\"text-align: justify;\">2-Le chargeur de batteries r\u00e9gule la tension pour les batteries (g\u00e9n\u00e9ralement 48 Vdc) et les charges ad\u00e9quatement.<\/p>\n<p style=\"text-align: justify;\">3- Un autre convertisseur (onduleur) tire du courant continu des batteries le transforme en courant alternatif (AC) vers le panneau de distribution et alimente les appareils \u00e9lectriques de la maison.<\/p>\n<\/div>\n<\/div>\n<div class=\"cols-wrapper cols-2\">\n<div class=\"col\">\n<p>\u00a0<iframe loading=\"lazy\" src=\"http:\/\/player.vimeo.com\/video\/190406217?autoplay=1;loop=1;preload=\" width=\"700\" height=\"393\" frameborder=\"0\" allowfullscreen=\"allowfullscreen\"><\/iframe><\/p>\n<p style=\"text-align: center;\"><em>Cliquer pour\u00a0lancer la vid\u00e9o<\/em><\/p>\n<\/div>\n<div class=\"col nomargin\">\n<p>\u00a0<iframe loading=\"lazy\" src=\"http:\/\/player.vimeo.com\/video\/190406218?autoplay=1;loop=1;preload=\" width=\"700\" height=\"393\" frameborder=\"0\" allowfullscreen=\"allowfullscreen\"><\/iframe><\/p>\n<p style=\"text-align: center;\"><em>Cliquer pour\u00a0lancer la vid\u00e9o<\/em><\/p>\n<\/div>\n<\/div>\n<p>\n<\/div><\/div>\n<div class=\"section-full-width section-custom parallax-scroll\" style=\"\" id=\"notre\u00e9quipeestl\u00e0pourvous\"><div style=\"background-image:url(https:\/\/idenergie.ca\/wp-content\/uploads\/2016\/11\/cielcouchant2.jpg); opacity:1; filter: alpha(opacity=100);\" class=\"full-bg-image\" ><\/div><div class=\"section-boxed\" style=\"color:#ffffff;\"><h2 class=\"section-title\" style=\"color:#ffffff;\">Notre \u00e9quipe est l\u00e0 pour vous<\/h2><\/p>\n<p style=\"text-align: justify;\">Que vous vouliez proc\u00e9der \u00e0 l&rsquo;installation vous m\u00eame ou que vous vouliez faire affaire avec des installateurs chevronn\u00e9s, nous sommes l\u00e0 pour r\u00e9pondre \u00e0 vos attentes. Visitez notre boutique en ligne ou encore notre application pour vous aider \u00e0 b\u00e2tir votre syst\u00e8me. Pour toutes questions sur l&rsquo;installation de votre syst\u00e8me, il nous fera plaisir de vous apporter\u00a0notre assistance, avant, pendant et apr\u00e8s l&rsquo;installation.<\/p>\n<p style=\"text-align: justify;\">L&rsquo;\u00e9quipe d&rsquo;Id\u00e9nergie<\/p>\n<div class=\"cols-wrapper cols-2\">\n<div class=\"col\">\n<p style=\"text-align: center;\">\u00a0<a class=\"button\" style=\"background-color: #e2a65d;\" href=\"https:\/\/idenergie.ca\/fr\/batir-mon-systeme\/\">IMAGINEZ VOTRE SYST\u00c8ME ICI<\/a><\/p>\n<\/div>\n<div class=\"col nomargin\">\n<p style=\"text-align: center;\">\u00a0<a class=\"button\" style=\"background-color: #e2a65d;\" href=\"https:\/\/idenergie.ca\/fr\/shop\/\">VISITEZ NOTRE BOUTIQUE EN LIGNE<\/a><\/p>\n<\/div>\n<\/div>\n<div class=\"col nomargin\"><\/div>\n<p>\n<\/div><\/div>\n<div class=\"section-full-width section-light-bg\" style=\"background-color:#f7f7f7;\" id=\"section-1\"><div class=\"section-boxed\" style=\"color:#373737;\"><\/p>\n<div class=\"cols-wrapper cols-4\">\n<div class=\"col\">\n<p><a href=\"https:\/\/idenergie.ca\/fr\/convertisseur-solaire-idenergie\/\"><img loading=\"lazy\" class=\"img-frame aligncenter\" src=\"https:\/\/idenergie.ca\/wp-content\/uploads\/2016\/04\/solar_mini.png\" alt=\"\" width=\"72\" height=\"71\" \/><\/a><\/p>\n<p style=\"text-align: center;\"><strong>Technologies<br \/>\nsolaires<\/strong><\/p>\n<p style=\"text-align: center;\">Panneaux<br \/>\nphotovolta\u00efques<br \/>\net convertisseurs<\/p>\n<p style=\"text-align: center;\"><a href=\"http:\/\/www.id.energy\/fr\/accueil\/\">D\u00e9couvrir &gt;<\/a><\/p>\n<\/div>\n<div class=\"col\">\n<p><a href=\"https:\/\/idenergie.ca\/fr\/hydrolienne-2\/\"><img loading=\"lazy\" class=\"img-frame aligncenter\" src=\"https:\/\/idenergie.ca\/wp-content\/uploads\/2016\/04\/turbine_tite.png\" alt=\"\" width=\"71\" height=\"70\" \/><\/a><\/p>\n<p style=\"text-align: center;\"><strong>Technologies<br \/>\nhydroliennes<\/strong><\/p>\n<p style=\"text-align: center;\">Faire de l&rsquo;\u00e9nergie<br \/>\n\u00e0 partir de<br \/>\nsa rivi\u00e8re<\/p>\n<p style=\"text-align: center;\"><a href=\"https:\/\/idenergie.ca\/fr\/hydrolienne-2\/\">Explorer &gt;<\/a><\/p>\n<\/div>\n<div class=\"col\">\n<p><a href=\"https:\/\/idenergie.ca\/fr\/batir-mon-systeme\/\"><img loading=\"lazy\" class=\"img-frame aligncenter\" src=\"https:\/\/idenergie.ca\/wp-content\/uploads\/2016\/04\/system_builder.png\" alt=\"\" width=\"71\" height=\"70\" \/><\/a><\/p>\n<p style=\"text-align: center;\"><strong>B\u00e2tisseur de syst\u00e8me<\/strong><\/p>\n<p style=\"text-align: center;\">Votre syst\u00e8me<br \/>\ncomplet en moins<br \/>\nde cinq minutes<\/p>\n<p style=\"text-align: center;\"><a href=\"https:\/\/idenergie.ca\/fr\/batir-mon-systeme\/\">D\u00e9marrer\u00a0&gt;<\/a><\/p>\n<\/div>\n<div class=\"col nomargin\">\n<p><a href=\"https:\/\/idenergie.ca\/fr\/shop\/\"><img loading=\"lazy\" class=\"img-frame aligncenter\" src=\"https:\/\/idenergie.ca\/wp-content\/uploads\/2016\/04\/store_mini.png\" alt=\"\" width=\"71\" height=\"70\" \/><\/a><\/p>\n<p style=\"text-align: center;\"><strong>Boutique\u00a0en ligne<\/strong><\/p>\n<p style=\"text-align: center;\">Tout le n\u00e9cessaire<br \/>\npour votre<br \/>\ninstallation<\/p>\n<p style=\"text-align: center;\"><a href=\"https:\/\/idenergie.ca\/fr\/shop\/\">Magasiner\u00a0&gt;<\/a><\/p>\n<\/div>\n<\/div>\n<p>\n<\/div><\/div>\n","protected":false},"excerpt":{"rendered":"","protected":false},"author":1,"featured_media":0,"parent":0,"menu_order":0,"comment_status":"closed","ping_status":"closed","template":"template-full-custom.php","meta":[],"yoast_head":"<!-- This site is optimized with the Yoast SEO plugin v17.9 - https:\/\/yoast.com\/wordpress\/plugins\/seo\/ -->\n<title>Panneaux solaires - Id\u00e9nergie<\/title>\n<meta name=\"robots\" content=\"index, follow, max-snippet:-1, max-image-preview:large, max-video-preview:-1\" \/>\n<link rel=\"canonical\" href=\"https:\/\/idenergie.ca\/fr\/solar-panels\/\" \/>\n<meta property=\"og:locale\" content=\"fr_FR\" \/>\n<meta property=\"og:type\" content=\"article\" \/>\n<meta property=\"og:title\" content=\"Panneaux solaires - Id\u00e9nergie\" \/>\n<meta property=\"og:url\" content=\"https:\/\/idenergie.ca\/fr\/solar-panels\/\" \/>\n<meta property=\"og:site_name\" content=\"Id\u00e9nergie\" \/>\n<meta property=\"article:modified_time\" content=\"2018-11-26T22:06:20+00:00\" \/>\n<meta property=\"og:image\" content=\"http:\/\/idenergie.ca\/wp-content\/uploads\/2016\/11\/solairetop.png\" \/>\n<meta name=\"twitter:label1\" content=\"Dur\u00e9e de lecture est.\" \/>\n\t<meta name=\"twitter:data1\" content=\"4 minutes\" \/>\n<script type=\"application\/ld+json\" class=\"yoast-schema-graph\">{\"@context\":\"https:\/\/schema.org\",\"@graph\":[{\"@type\":\"WebSite\",\"@id\":\"https:\/\/idenergie.ca\/fr\/#website\",\"url\":\"https:\/\/idenergie.ca\/fr\/\",\"name\":\"Id\\u00e9nergie\",\"description\":\"\",\"potentialAction\":[{\"@type\":\"SearchAction\",\"target\":{\"@type\":\"EntryPoint\",\"urlTemplate\":\"https:\/\/idenergie.ca\/fr\/?s={search_term_string}\"},\"query-input\":\"required name=search_term_string\"}],\"inLanguage\":\"fr-FR\"},{\"@type\":\"ImageObject\",\"@id\":\"https:\/\/idenergie.ca\/fr\/solar-panels\/#primaryimage\",\"inLanguage\":\"fr-FR\",\"url\":\"https:\/\/idenergie.ca\/wp-content\/uploads\/2016\/11\/solairetop.png\",\"contentUrl\":\"https:\/\/idenergie.ca\/wp-content\/uploads\/2016\/11\/solairetop.png\",\"width\":509,\"height\":360},{\"@type\":\"WebPage\",\"@id\":\"https:\/\/idenergie.ca\/fr\/solar-panels\/#webpage\",\"url\":\"https:\/\/idenergie.ca\/fr\/solar-panels\/\",\"name\":\"Panneaux solaires - Id\\u00e9nergie\",\"isPartOf\":{\"@id\":\"https:\/\/idenergie.ca\/fr\/#website\"},\"primaryImageOfPage\":{\"@id\":\"https:\/\/idenergie.ca\/fr\/solar-panels\/#primaryimage\"},\"datePublished\":\"2016-04-23T19:13:30+00:00\",\"dateModified\":\"2018-11-26T22:06:20+00:00\",\"breadcrumb\":{\"@id\":\"https:\/\/idenergie.ca\/fr\/solar-panels\/#breadcrumb\"},\"inLanguage\":\"fr-FR\",\"potentialAction\":[{\"@type\":\"ReadAction\",\"target\":[\"https:\/\/idenergie.ca\/fr\/solar-panels\/\"]}]},{\"@type\":\"BreadcrumbList\",\"@id\":\"https:\/\/idenergie.ca\/fr\/solar-panels\/#breadcrumb\",\"itemListElement\":[{\"@type\":\"ListItem\",\"position\":1,\"name\":\"Home\",\"item\":\"https:\/\/idenergie.ca\/fr\/\"},{\"@type\":\"ListItem\",\"position\":2,\"name\":\"Panneaux solaires\"}]}]}<\/script>\n<!-- \/ Yoast SEO plugin. -->","yoast_head_json":{"title":"Panneaux solaires - Id\u00e9nergie","robots":{"index":"index","follow":"follow","max-snippet":"max-snippet:-1","max-image-preview":"max-image-preview:large","max-video-preview":"max-video-preview:-1"},"canonical":"https:\/\/idenergie.ca\/fr\/solar-panels\/","og_locale":"fr_FR","og_type":"article","og_title":"Panneaux solaires - Id\u00e9nergie","og_url":"https:\/\/idenergie.ca\/fr\/solar-panels\/","og_site_name":"Id\u00e9nergie","article_modified_time":"2018-11-26T22:06:20+00:00","og_image":[{"url":"http:\/\/idenergie.ca\/wp-content\/uploads\/2016\/11\/solairetop.png"}],"twitter_misc":{"Dur\u00e9e de lecture est.":"4 minutes"},"schema":{"@context":"https:\/\/schema.org","@graph":[{"@type":"WebSite","@id":"https:\/\/idenergie.ca\/fr\/#website","url":"https:\/\/idenergie.ca\/fr\/","name":"Id\u00e9nergie","description":"","potentialAction":[{"@type":"SearchAction","target":{"@type":"EntryPoint","urlTemplate":"https:\/\/idenergie.ca\/fr\/?s={search_term_string}"},"query-input":"required name=search_term_string"}],"inLanguage":"fr-FR"},{"@type":"ImageObject","@id":"https:\/\/idenergie.ca\/fr\/solar-panels\/#primaryimage","inLanguage":"fr-FR","url":"https:\/\/idenergie.ca\/wp-content\/uploads\/2016\/11\/solairetop.png","contentUrl":"https:\/\/idenergie.ca\/wp-content\/uploads\/2016\/11\/solairetop.png","width":509,"height":360},{"@type":"WebPage","@id":"https:\/\/idenergie.ca\/fr\/solar-panels\/#webpage","url":"https:\/\/idenergie.ca\/fr\/solar-panels\/","name":"Panneaux solaires - Id\u00e9nergie","isPartOf":{"@id":"https:\/\/idenergie.ca\/fr\/#website"},"primaryImageOfPage":{"@id":"https:\/\/idenergie.ca\/fr\/solar-panels\/#primaryimage"},"datePublished":"2016-04-23T19:13:30+00:00","dateModified":"2018-11-26T22:06:20+00:00","breadcrumb":{"@id":"https:\/\/idenergie.ca\/fr\/solar-panels\/#breadcrumb"},"inLanguage":"fr-FR","potentialAction":[{"@type":"ReadAction","target":["https:\/\/idenergie.ca\/fr\/solar-panels\/"]}]},{"@type":"BreadcrumbList","@id":"https:\/\/idenergie.ca\/fr\/solar-panels\/#breadcrumb","itemListElement":[{"@type":"ListItem","position":1,"name":"Home","item":"https:\/\/idenergie.ca\/fr\/"},{"@type":"ListItem","position":2,"name":"Panneaux solaires"}]}]}},"_links":{"self":[{"href":"https:\/\/idenergie.ca\/fr\/wp-json\/wp\/v2\/pages\/4168"}],"collection":[{"href":"https:\/\/idenergie.ca\/fr\/wp-json\/wp\/v2\/pages"}],"about":[{"href":"https:\/\/idenergie.ca\/fr\/wp-json\/wp\/v2\/types\/page"}],"author":[{"embeddable":true,"href":"https:\/\/idenergie.ca\/fr\/wp-json\/wp\/v2\/users\/1"}],"replies":[{"embeddable":true,"href":"https:\/\/idenergie.ca\/fr\/wp-json\/wp\/v2\/comments?post=4168"}],"version-history":[{"count":93,"href":"https:\/\/idenergie.ca\/fr\/wp-json\/wp\/v2\/pages\/4168\/revisions"}],"predecessor-version":[{"id":7569,"href":"https:\/\/idenergie.ca\/fr\/wp-json\/wp\/v2\/pages\/4168\/revisions\/7569"}],"wp:attachment":[{"href":"https:\/\/idenergie.ca\/fr\/wp-json\/wp\/v2\/media?parent=4168"}],"curies":[{"name":"wp","href":"https:\/\/api.w.org\/{rel}","templated":true}]}}