{"id":4257,"date":"2016-06-05T23:55:56","date_gmt":"2016-06-06T04:55:56","guid":{"rendered":"https:\/\/idenergie.ca\/?page_id=4257"},"modified":"2016-11-04T10:26:40","modified_gmt":"2016-11-04T15:26:40","slug":"projets-cles-en-main","status":"publish","type":"page","link":"https:\/\/idenergie.ca\/fr\/projets-cles-en-main\/","title":{"rendered":"Notre client\u00e8le"},"content":{"rendered":"<h1 style=\"text-align: center;\">NOS CLIENTS<\/h1>\n<hr \/>\n<div class=\"services-wrapper services-default cols-wrapper cols-3 pexeto-parallax\"><div class=\"services-box col\"><a href=\"https:\/\/idenergie.ca\/fr\/particuliers-3\/\"><div class=\"img-container\"><img src=\"https:\/\/idenergie.ca\/wp-content\/uploads\/2016\/06\/MICROCHALET.png\" alt=\"Particuliers\"\/><\/div><\/a><div class=\"services-content\"><div class=\"sc-wraper\"><h3><a href=\"https:\/\/idenergie.ca\/fr\/particuliers-3\/\">Particuliers<\/a><\/h3><p>Id\u00e9nergie offre des syst\u00e8mes \u00e9nerg\u00e9tiques hydroliens, solaires ou hybrides, permettant de produire l\u2019\u00e9nergie suffisante pour les besoins du particulier. Ces alternatives au r\u00e9seau \u00e9lectrique et aux g\u00e9n\u00e9ratrice \u00e0 essence s\u2019adressent aux individus en qu\u00eate d\u2019\u00e9conomies, d\u2019autosuffisance \u00e9nerg\u00e9tique ou tout simplement d\u00e9sireux de r\u00e9duire leur empreinte \u00e9cologique. <\/p><\/div><\/div><\/div><div class=\"services-box col\"><a href=\"https:\/\/idenergie.ca\/fr\/parcs-et-pourvoiries\/\"><div class=\"img-container\"><img src=\"https:\/\/idenergie.ca\/wp-content\/uploads\/2016\/06\/MICROOUTFITTER.png\" alt=\"Commerciaux\"\/><\/div><\/a><div class=\"services-content\"><div class=\"sc-wraper\"><h3><a href=\"https:\/\/idenergie.ca\/fr\/parcs-et-pourvoiries\/\">Commerciaux<\/a><\/h3><p>Souvent isol\u00e9s du r\u00e9seau \u00e9lectrique, ces \u00e9tablissements d\u00e9pendent g\u00e9n\u00e9ralement des g\u00e9n\u00e9ratrices \u00e0 essence pour r\u00e9pondre \u00e0 leurs besoins \u00e9nerg\u00e9tiques qui consistent souvent en l\u2019alimentation de leurs installations : poste d\u2019accueil, servitude, etc. Nos syst\u00e8mes d\u2019\u00e9nergie renouvelable permettent de pallier aux d\u00e9penses importantes engendr\u00e9es par la g\u00e9n\u00e9ratrice \u00e0 essence.<\/p><\/div><\/div><\/div><div class=\"services-box col nomargin\"><a href=\"https:\/\/idenergie.ca\/fr\/communautes\/\"><div class=\"img-container\"><img src=\"https:\/\/idenergie.ca\/wp-content\/uploads\/2016\/06\/MICROCOMMUNAUTE.png\" alt=\"Gouvernementaux\"\/><\/div><\/a><div class=\"services-content\"><div class=\"sc-wraper\"><h3><a href=\"https:\/\/idenergie.ca\/fr\/communautes\/\">Gouvernementaux<\/a><\/h3><p>De nombreuses organisations ont pour mission d\u2019am\u00e9liorer l\u2019acc\u00e8s \u00e0 l\u2019\u00e9lectricit\u00e9 des populations isol\u00e9es. Leurs sites d\u2019interventions sont g\u00e9n\u00e9ralement situ\u00e9s dans des environnements peu cl\u00e9ments, difficiles d\u2019acc\u00e8s et isol\u00e9s du r\u00e9seau \u00e9lectrique. L\u2019\u00e9lectrification am\u00e9liore notamment l\u2019\u00e9ducation et la sant\u00e9, en permettant de meilleures conditions d\u2019hygi\u00e8ne pour les populations.<\/p><\/div><\/div><\/div><div class=\"clear\"><\/div><\/div>\n<div class=\"section-full-width section-light-bg\" style=\"background-color:#f7f7f7;\" id=\"section-1\"><div class=\"section-boxed\" style=\"color:#373737;\"><\/p>\n<div class=\"cols-wrapper cols-4\">\n<div class=\"col\">\n<p>\u00a0<img class=\"img-frame aligncenter\" src=\"https:\/\/idenergie.ca\/wp-content\/uploads\/2016\/04\/solar_mini.png\" alt=\"\" \/><\/p>\n<h3 style=\"text-align: center;\">Solaire\/Hybride<\/h3>\n<h4 style=\"text-align: center;\">Solutions combinant les deux technologies<\/h4>\n<p style=\"text-align: center;\"><a href=\"https:\/\/idenergie.ca\/fr\/solar-panels\/\">D\u00e9couvrir &gt;<\/a><\/p>\n<\/div>\n<div class=\"col\">\n<p>\u00a0<img class=\"img-frame aligncenter\" src=\"https:\/\/idenergie.ca\/wp-content\/uploads\/2016\/04\/mini_panel.png\" alt=\"\" \/><\/p>\n<h3 style=\"text-align: center;\">Paneaux pr\u00e9cabl\u00e9s<\/h3>\n<h4 style=\"text-align: center;\">Rend l&rsquo;installation facile aux bricoleurs<\/h4>\n<p style=\"text-align: center;\"><a href=\"https:\/\/idenergie.ca\/fr\/prewired_kit\/\">Explorer &gt;<\/a><\/p>\n<\/div>\n<div class=\"col\">\n<p>\u00a0<img class=\"img-frame aligncenter\" src=\"https:\/\/idenergie.ca\/wp-content\/uploads\/2016\/04\/system_builder.png\" alt=\"\" \/><\/p>\n<h3 style=\"text-align: center;\">B\u00e2tisseur de syst\u00e8me<\/h3>\n<h4 style=\"text-align: center;\">Votre syst\u00e8me complet en moins de cinq minutes<\/h4>\n<p style=\"text-align: center;\"><a href=\"https:\/\/idenergie.ca\/fr\/batir-mon-systeme\/\">D\u00e9marrer\u00a0&gt;<\/a><\/p>\n<\/div>\n<div class=\"col nomargin\">\n<p><a href=\"https:\/\/idenergie.ca\/fr\/batir-mon-systeme\/\">\u00a0<img class=\"img-frame aligncenter\" src=\"https:\/\/idenergie.ca\/wp-content\/uploads\/2016\/04\/store_mini.png\" alt=\"\" \/><\/a><\/p>\n<h3 style=\"text-align: center;\">Boutique\u00a0en ligne<\/h3>\n<h4 style=\"text-align: center;\">Tout le n\u00e9cessaire pour votre\u00a0installation<\/h4>\n<p style=\"text-align: center;\"><a href=\"https:\/\/idenergie.ca\/fr\/buy\/\">Magasiner\u00a0&gt;<\/a><\/p>\n<\/div>\n<\/div>\n<p>\n<\/div><\/div>\n","protected":false},"excerpt":{"rendered":"<p>NOS CLIENTS<\/p>\n","protected":false},"author":1,"featured_media":0,"parent":0,"menu_order":0,"comment_status":"closed","ping_status":"closed","template":"template-full-custom.php","meta":[],"yoast_head":"<!-- This site is optimized with the Yoast SEO plugin v17.9 - https:\/\/yoast.com\/wordpress\/plugins\/seo\/ -->\n<title>Notre client\u00e8le - Id\u00e9nergie<\/title>\n<meta name=\"robots\" content=\"index, follow, max-snippet:-1, max-image-preview:large, max-video-preview:-1\" \/>\n<link rel=\"canonical\" href=\"https:\/\/idenergie.ca\/fr\/projets-cles-en-main\/\" \/>\n<meta property=\"og:locale\" content=\"fr_FR\" \/>\n<meta property=\"og:type\" content=\"article\" \/>\n<meta property=\"og:title\" content=\"Notre client\u00e8le - Id\u00e9nergie\" \/>\n<meta property=\"og:description\" content=\"NOS CLIENTS\" \/>\n<meta property=\"og:url\" content=\"https:\/\/idenergie.ca\/fr\/projets-cles-en-main\/\" \/>\n<meta property=\"og:site_name\" content=\"Id\u00e9nergie\" \/>\n<meta property=\"article:modified_time\" content=\"2016-11-04T15:26:40+00:00\" \/>\n<meta property=\"og:image\" content=\"http:\/\/idenergie.ca\/wp-content\/uploads\/2016\/04\/solar_mini.png\" \/>\n<meta name=\"twitter:label1\" content=\"Dur\u00e9e de lecture est.\" \/>\n\t<meta name=\"twitter:data1\" content=\"1 minute\" \/>\n<script type=\"application\/ld+json\" class=\"yoast-schema-graph\">{\"@context\":\"https:\/\/schema.org\",\"@graph\":[{\"@type\":\"WebSite\",\"@id\":\"https:\/\/idenergie.ca\/fr\/#website\",\"url\":\"https:\/\/idenergie.ca\/fr\/\",\"name\":\"Id\\u00e9nergie\",\"description\":\"\",\"potentialAction\":[{\"@type\":\"SearchAction\",\"target\":{\"@type\":\"EntryPoint\",\"urlTemplate\":\"https:\/\/idenergie.ca\/fr\/?s={search_term_string}\"},\"query-input\":\"required name=search_term_string\"}],\"inLanguage\":\"fr-FR\"},{\"@type\":\"ImageObject\",\"@id\":\"https:\/\/idenergie.ca\/fr\/projets-cles-en-main\/#primaryimage\",\"inLanguage\":\"fr-FR\",\"url\":\"https:\/\/idenergie.ca\/wp-content\/uploads\/2016\/04\/solar_mini.png\",\"contentUrl\":\"https:\/\/idenergie.ca\/wp-content\/uploads\/2016\/04\/solar_mini.png\",\"width\":93,\"height\":92},{\"@type\":\"WebPage\",\"@id\":\"https:\/\/idenergie.ca\/fr\/projets-cles-en-main\/#webpage\",\"url\":\"https:\/\/idenergie.ca\/fr\/projets-cles-en-main\/\",\"name\":\"Notre client\\u00e8le - Id\\u00e9nergie\",\"isPartOf\":{\"@id\":\"https:\/\/idenergie.ca\/fr\/#website\"},\"primaryImageOfPage\":{\"@id\":\"https:\/\/idenergie.ca\/fr\/projets-cles-en-main\/#primaryimage\"},\"datePublished\":\"2016-06-06T04:55:56+00:00\",\"dateModified\":\"2016-11-04T15:26:40+00:00\",\"breadcrumb\":{\"@id\":\"https:\/\/idenergie.ca\/fr\/projets-cles-en-main\/#breadcrumb\"},\"inLanguage\":\"fr-FR\",\"potentialAction\":[{\"@type\":\"ReadAction\",\"target\":[\"https:\/\/idenergie.ca\/fr\/projets-cles-en-main\/\"]}]},{\"@type\":\"BreadcrumbList\",\"@id\":\"https:\/\/idenergie.ca\/fr\/projets-cles-en-main\/#breadcrumb\",\"itemListElement\":[{\"@type\":\"ListItem\",\"position\":1,\"name\":\"Home\",\"item\":\"https:\/\/idenergie.ca\/fr\/\"},{\"@type\":\"ListItem\",\"position\":2,\"name\":\"Notre client\\u00e8le\"}]}]}<\/script>\n<!-- \/ Yoast SEO plugin. -->","yoast_head_json":{"title":"Notre client\u00e8le - Id\u00e9nergie","robots":{"index":"index","follow":"follow","max-snippet":"max-snippet:-1","max-image-preview":"max-image-preview:large","max-video-preview":"max-video-preview:-1"},"canonical":"https:\/\/idenergie.ca\/fr\/projets-cles-en-main\/","og_locale":"fr_FR","og_type":"article","og_title":"Notre client\u00e8le - Id\u00e9nergie","og_description":"NOS CLIENTS","og_url":"https:\/\/idenergie.ca\/fr\/projets-cles-en-main\/","og_site_name":"Id\u00e9nergie","article_modified_time":"2016-11-04T15:26:40+00:00","og_image":[{"url":"http:\/\/idenergie.ca\/wp-content\/uploads\/2016\/04\/solar_mini.png"}],"twitter_misc":{"Dur\u00e9e de lecture est.":"1 minute"},"schema":{"@context":"https:\/\/schema.org","@graph":[{"@type":"WebSite","@id":"https:\/\/idenergie.ca\/fr\/#website","url":"https:\/\/idenergie.ca\/fr\/","name":"Id\u00e9nergie","description":"","potentialAction":[{"@type":"SearchAction","target":{"@type":"EntryPoint","urlTemplate":"https:\/\/idenergie.ca\/fr\/?s={search_term_string}"},"query-input":"required name=search_term_string"}],"inLanguage":"fr-FR"},{"@type":"ImageObject","@id":"https:\/\/idenergie.ca\/fr\/projets-cles-en-main\/#primaryimage","inLanguage":"fr-FR","url":"https:\/\/idenergie.ca\/wp-content\/uploads\/2016\/04\/solar_mini.png","contentUrl":"https:\/\/idenergie.ca\/wp-content\/uploads\/2016\/04\/solar_mini.png","width":93,"height":92},{"@type":"WebPage","@id":"https:\/\/idenergie.ca\/fr\/projets-cles-en-main\/#webpage","url":"https:\/\/idenergie.ca\/fr\/projets-cles-en-main\/","name":"Notre client\u00e8le - Id\u00e9nergie","isPartOf":{"@id":"https:\/\/idenergie.ca\/fr\/#website"},"primaryImageOfPage":{"@id":"https:\/\/idenergie.ca\/fr\/projets-cles-en-main\/#primaryimage"},"datePublished":"2016-06-06T04:55:56+00:00","dateModified":"2016-11-04T15:26:40+00:00","breadcrumb":{"@id":"https:\/\/idenergie.ca\/fr\/projets-cles-en-main\/#breadcrumb"},"inLanguage":"fr-FR","potentialAction":[{"@type":"ReadAction","target":["https:\/\/idenergie.ca\/fr\/projets-cles-en-main\/"]}]},{"@type":"BreadcrumbList","@id":"https:\/\/idenergie.ca\/fr\/projets-cles-en-main\/#breadcrumb","itemListElement":[{"@type":"ListItem","position":1,"name":"Home","item":"https:\/\/idenergie.ca\/fr\/"},{"@type":"ListItem","position":2,"name":"Notre client\u00e8le"}]}]}},"_links":{"self":[{"href":"https:\/\/idenergie.ca\/fr\/wp-json\/wp\/v2\/pages\/4257"}],"collection":[{"href":"https:\/\/idenergie.ca\/fr\/wp-json\/wp\/v2\/pages"}],"about":[{"href":"https:\/\/idenergie.ca\/fr\/wp-json\/wp\/v2\/types\/page"}],"author":[{"embeddable":true,"href":"https:\/\/idenergie.ca\/fr\/wp-json\/wp\/v2\/users\/1"}],"replies":[{"embeddable":true,"href":"https:\/\/idenergie.ca\/fr\/wp-json\/wp\/v2\/comments?post=4257"}],"version-history":[{"count":24,"href":"https:\/\/idenergie.ca\/fr\/wp-json\/wp\/v2\/pages\/4257\/revisions"}],"predecessor-version":[{"id":4976,"href":"https:\/\/idenergie.ca\/fr\/wp-json\/wp\/v2\/pages\/4257\/revisions\/4976"}],"wp:attachment":[{"href":"https:\/\/idenergie.ca\/fr\/wp-json\/wp\/v2\/media?parent=4257"}],"curies":[{"name":"wp","href":"https:\/\/api.w.org\/{rel}","templated":true}]}}