{"id":4487,"date":"2016-08-01T15:45:10","date_gmt":"2016-08-01T20:45:10","guid":{"rendered":"https:\/\/idenergie.ca\/en\/?page_id=4487"},"modified":"2016-08-01T16:18:32","modified_gmt":"2016-08-01T21:18:32","slug":"realisations","status":"publish","type":"page","link":"https:\/\/idenergie.ca\/fr\/realisations\/","title":{"rendered":"Realisations"},"content":{"rendered":"<div class=\"section-full-width section-light-bg\" style=\"background-color:#f7f7f7;\" id=\"section-1\"><div style=\"background-image:url(https:\/\/idenergie.ca\/wp-content\/uploads\/2016\/08\/PCAN.jpg); opacity:1; filter: alpha(opacity=100);\" class=\"full-bg-image\" ><\/div><div class=\"section-boxed\" style=\"color:#373737;\"><\/p>\n<p style=\"text-align: justify;\"><img class=\"img-frame alignleft\" src=\"https:\/\/idenergie.ca\/wp-content\/uploads\/2016\/08\/parcCan.png\" alt=\"\" \/><\/p>\n<p>&nbsp;<\/p>\n<p>&nbsp;<\/p>\n<p>&nbsp;<\/p>\n<p>&nbsp;<\/p>\n<p>&nbsp;<\/p>\n<p>&nbsp;<\/p>\n<p>&nbsp;<\/p>\n<p>&nbsp;<\/p>\n<p>&nbsp;<\/p>\n<p>&nbsp;<\/p>\n<p>&nbsp;<\/p>\n<p>&nbsp;<\/p>\n<p>&nbsp;<\/p>\n<p>&nbsp;<\/p>\n<p>&nbsp;<\/p>\n<p>&nbsp;<\/p>\n<p>&nbsp;<\/p>\n<p>&nbsp;<\/p>\n<p>&nbsp;<\/p>\n<p>&nbsp;<\/p>\n<p>&nbsp;<\/p>\n<p>&nbsp;<\/p>\n<p>&nbsp;<\/p>\n<p>&nbsp;<\/p>\n<p>&nbsp;<\/p>\n<p>&nbsp;<\/p>\n<p>&nbsp;<\/p>\n<p>&nbsp;<\/p>\n<p>&nbsp;<\/p>\n<p>\n<\/div><\/div>\n<p>Les hydroliennes alimentent en \u00e9lectricit\u00e9 les services et \u00e9quipements de plusieurs campings, chalets et auberges comme le Wi-Fi, la recharge de cellulaires, l\u2019\u00e9clairage, les pompes \u00e0 eau et les r\u00e9frig\u00e9rateurs, tout cela sans l\u2019utilisation de g\u00e9n\u00e9ratrice \u00e0 combustible fossile. Le projet avait pour but d\u2019am\u00e9liorer l\u2019exp\u00e9rience du touriste ainsi que de r\u00e9duire les l\u2019empreinte \u00e9cologique des sites en question.<\/p>\n<p><img src=\"https:\/\/idenergie.ca\/wp-content\/themes\/thestory\/functions\/formatting-buttons\/btnicons\/bg.png\" alt=\"\" data-pexcontent=\"&quot;&lt;p&gt;&lt;p\" \/><\/p>\n<div class=\"section-full-width section-light-bg\" style=\"background-color:#f7f7f7;\" id=\"section-2\"><div style=\"background-image:url(https:\/\/idenergie.ca\/wp-content\/uploads\/2016\/08\/parcCan2.png); opacity:1; filter: alpha(opacity=100);\" class=\"full-bg-image\" ><\/div><div class=\"section-boxed\" style=\"color:#373737;\"><p>&nbsp;<\/p>\n<p>&nbsp;<\/p>\n<p>&nbsp;<\/p>\n<p>&nbsp;<\/p>\n<p>&nbsp;<\/p>\n<p>&nbsp;<\/p>\n<p>\n<\/div><\/div>\n<div class=\"section-full-width section-light-bg\" style=\"background-color:#f7f7f7;\" id=\"section-3\"><div style=\"background-image:url(https:\/\/idenergie.ca\/wp-content\/uploads\/2016\/08\/parcCan1.png); opacity:1; filter: alpha(opacity=100);\" class=\"full-bg-image\" ><\/div><div class=\"section-boxed\" style=\"color:#373737;\"><p>&nbsp;<\/p>\n<p>&nbsp;<\/p>\n<p>&nbsp;<\/p>\n<p>&nbsp;<\/p>\n<p>\n<\/div><\/div>\n<div class=\"section-full-width section-light-bg\" style=\"background-color:#f7f7f7;\" id=\"section-4\"><div style=\"background-image:url(https:\/\/idenergie.ca\/wp-content\/uploads\/2016\/08\/top_horizon.jpg); opacity:1; filter: alpha(opacity=100);\" class=\"full-bg-image\" ><\/div><div class=\"section-boxed\" style=\"color:#373737;\"><p><img class=\"img-frame alignleft\" src=\"https:\/\/idenergie.ca\/wp-content\/uploads\/2016\/08\/pourLab.png\" alt=\"\" \/><\/p>\n<p>&nbsp;<\/p>\n<p>&nbsp;<\/p>\n<p>&nbsp;<\/p>\n<p>&nbsp;<\/p>\n<p>&nbsp;<\/p>\n<p>&nbsp;<\/p>\n<p>&nbsp;<\/p>\n<p>&nbsp;<\/p>\n<p>&nbsp;<\/p>\n<p>&nbsp;<\/p>\n<p>&nbsp;<\/p>\n<p>&nbsp;<\/p>\n<p>&nbsp;<\/p>\n<p>&nbsp;<\/p>\n<p>&nbsp;<\/p>\n<p>&nbsp;<\/p>\n<p>\n<\/div><\/div>\n<p>Ce projet de grande envergure a aussi \u00e9t\u00e9 un d\u00e9fi logistique pour l\u2019\u00e9quipe d\u2019Id\u00e9nergie: 6 hydroliennes, 72 panneaux solaires et 180 kWh de batteries alimentent les deux sites de 24kWh et 8kW de cette pourvoirie isol\u00e9e du Labrador. Cette installation permettra de r\u00e9duire l&rsquo;utilisation de la g\u00e9n\u00e9ratrice \u00e0 essence et de r\u00e9duire ainsi les co\u00fbts \u00e9nerg\u00e9tiques, la nuisance sonore et l\u2019empreinte \u00e9cologique de la pourvoirie pour le plus grand plaisir des clients.<\/p>\n<div class=\"section-full-width section-light-bg\" style=\"background-color:#f7f7f7;\" id=\"section-5\"><div style=\"background-image:url(https:\/\/idenergie.ca\/wp-content\/uploads\/2016\/08\/exp_long.png); opacity:1; filter: alpha(opacity=100);\" class=\"full-bg-image\" ><\/div><div class=\"section-boxed\" style=\"color:#373737;\"><p>&nbsp;<\/p>\n<p>&nbsp;<\/p>\n<p>&nbsp;<\/p>\n<p>&nbsp;<\/p>\n<p>&nbsp;<\/p>\n<p>&nbsp;<\/p>\n<p>\n<\/div><\/div>\n","protected":false},"excerpt":{"rendered":"<p>Les hydroliennes alimentent en \u00e9lectricit\u00e9 les services et \u00e9quipements de plusieurs campings, chalets et auberges comme le Wi-Fi, la recharge [&hellip;]<\/p>\n","protected":false},"author":1,"featured_media":0,"parent":0,"menu_order":0,"comment_status":"closed","ping_status":"closed","template":"template-full-custom.php","meta":[],"yoast_head":"<!-- This site is optimized with the Yoast SEO plugin v17.9 - https:\/\/yoast.com\/wordpress\/plugins\/seo\/ -->\n<title>Realisations - Id\u00e9nergie<\/title>\n<meta name=\"robots\" content=\"index, follow, max-snippet:-1, max-image-preview:large, max-video-preview:-1\" \/>\n<link rel=\"canonical\" href=\"https:\/\/idenergie.ca\/fr\/realisations\/\" \/>\n<meta property=\"og:locale\" content=\"fr_FR\" \/>\n<meta property=\"og:type\" content=\"article\" \/>\n<meta property=\"og:title\" content=\"Realisations - Id\u00e9nergie\" \/>\n<meta property=\"og:description\" content=\"Les hydroliennes alimentent en \u00e9lectricit\u00e9 les services et \u00e9quipements de plusieurs campings, chalets et auberges comme le Wi-Fi, la recharge [&hellip;]\" \/>\n<meta property=\"og:url\" content=\"https:\/\/idenergie.ca\/fr\/realisations\/\" \/>\n<meta property=\"og:site_name\" content=\"Id\u00e9nergie\" \/>\n<meta property=\"article:modified_time\" content=\"2016-08-01T21:18:32+00:00\" \/>\n<meta property=\"og:image\" content=\"https:\/\/idenergie.ca\/wp-content\/uploads\/2016\/08\/parcCan.png\" \/>\n<meta name=\"twitter:label1\" content=\"Dur\u00e9e de lecture est.\" \/>\n\t<meta name=\"twitter:data1\" content=\"2 minutes\" \/>\n<script type=\"application\/ld+json\" class=\"yoast-schema-graph\">{\"@context\":\"https:\/\/schema.org\",\"@graph\":[{\"@type\":\"WebSite\",\"@id\":\"https:\/\/idenergie.ca\/fr\/#website\",\"url\":\"https:\/\/idenergie.ca\/fr\/\",\"name\":\"Id\\u00e9nergie\",\"description\":\"\",\"potentialAction\":[{\"@type\":\"SearchAction\",\"target\":{\"@type\":\"EntryPoint\",\"urlTemplate\":\"https:\/\/idenergie.ca\/fr\/?s={search_term_string}\"},\"query-input\":\"required name=search_term_string\"}],\"inLanguage\":\"fr-FR\"},{\"@type\":\"ImageObject\",\"@id\":\"https:\/\/idenergie.ca\/fr\/realisations\/#primaryimage\",\"inLanguage\":\"fr-FR\",\"url\":\"https:\/\/idenergie.ca\/wp-content\/uploads\/2016\/08\/parcCan.png\",\"contentUrl\":\"https:\/\/idenergie.ca\/wp-content\/uploads\/2016\/08\/parcCan.png\",\"width\":569,\"height\":241},{\"@type\":\"WebPage\",\"@id\":\"https:\/\/idenergie.ca\/fr\/realisations\/#webpage\",\"url\":\"https:\/\/idenergie.ca\/fr\/realisations\/\",\"name\":\"Realisations - Id\\u00e9nergie\",\"isPartOf\":{\"@id\":\"https:\/\/idenergie.ca\/fr\/#website\"},\"primaryImageOfPage\":{\"@id\":\"https:\/\/idenergie.ca\/fr\/realisations\/#primaryimage\"},\"datePublished\":\"2016-08-01T20:45:10+00:00\",\"dateModified\":\"2016-08-01T21:18:32+00:00\",\"breadcrumb\":{\"@id\":\"https:\/\/idenergie.ca\/fr\/realisations\/#breadcrumb\"},\"inLanguage\":\"fr-FR\",\"potentialAction\":[{\"@type\":\"ReadAction\",\"target\":[\"https:\/\/idenergie.ca\/fr\/realisations\/\"]}]},{\"@type\":\"BreadcrumbList\",\"@id\":\"https:\/\/idenergie.ca\/fr\/realisations\/#breadcrumb\",\"itemListElement\":[{\"@type\":\"ListItem\",\"position\":1,\"name\":\"Home\",\"item\":\"https:\/\/idenergie.ca\/fr\/\"},{\"@type\":\"ListItem\",\"position\":2,\"name\":\"Realisations\"}]}]}<\/script>\n<!-- \/ Yoast SEO plugin. -->","yoast_head_json":{"title":"Realisations - Id\u00e9nergie","robots":{"index":"index","follow":"follow","max-snippet":"max-snippet:-1","max-image-preview":"max-image-preview:large","max-video-preview":"max-video-preview:-1"},"canonical":"https:\/\/idenergie.ca\/fr\/realisations\/","og_locale":"fr_FR","og_type":"article","og_title":"Realisations - Id\u00e9nergie","og_description":"Les hydroliennes alimentent en \u00e9lectricit\u00e9 les services et \u00e9quipements de plusieurs campings, chalets et auberges comme le Wi-Fi, la recharge [&hellip;]","og_url":"https:\/\/idenergie.ca\/fr\/realisations\/","og_site_name":"Id\u00e9nergie","article_modified_time":"2016-08-01T21:18:32+00:00","og_image":[{"url":"https:\/\/idenergie.ca\/wp-content\/uploads\/2016\/08\/parcCan.png"}],"twitter_misc":{"Dur\u00e9e de lecture est.":"2 minutes"},"schema":{"@context":"https:\/\/schema.org","@graph":[{"@type":"WebSite","@id":"https:\/\/idenergie.ca\/fr\/#website","url":"https:\/\/idenergie.ca\/fr\/","name":"Id\u00e9nergie","description":"","potentialAction":[{"@type":"SearchAction","target":{"@type":"EntryPoint","urlTemplate":"https:\/\/idenergie.ca\/fr\/?s={search_term_string}"},"query-input":"required name=search_term_string"}],"inLanguage":"fr-FR"},{"@type":"ImageObject","@id":"https:\/\/idenergie.ca\/fr\/realisations\/#primaryimage","inLanguage":"fr-FR","url":"https:\/\/idenergie.ca\/wp-content\/uploads\/2016\/08\/parcCan.png","contentUrl":"https:\/\/idenergie.ca\/wp-content\/uploads\/2016\/08\/parcCan.png","width":569,"height":241},{"@type":"WebPage","@id":"https:\/\/idenergie.ca\/fr\/realisations\/#webpage","url":"https:\/\/idenergie.ca\/fr\/realisations\/","name":"Realisations - Id\u00e9nergie","isPartOf":{"@id":"https:\/\/idenergie.ca\/fr\/#website"},"primaryImageOfPage":{"@id":"https:\/\/idenergie.ca\/fr\/realisations\/#primaryimage"},"datePublished":"2016-08-01T20:45:10+00:00","dateModified":"2016-08-01T21:18:32+00:00","breadcrumb":{"@id":"https:\/\/idenergie.ca\/fr\/realisations\/#breadcrumb"},"inLanguage":"fr-FR","potentialAction":[{"@type":"ReadAction","target":["https:\/\/idenergie.ca\/fr\/realisations\/"]}]},{"@type":"BreadcrumbList","@id":"https:\/\/idenergie.ca\/fr\/realisations\/#breadcrumb","itemListElement":[{"@type":"ListItem","position":1,"name":"Home","item":"https:\/\/idenergie.ca\/fr\/"},{"@type":"ListItem","position":2,"name":"Realisations"}]}]}},"_links":{"self":[{"href":"https:\/\/idenergie.ca\/fr\/wp-json\/wp\/v2\/pages\/4487"}],"collection":[{"href":"https:\/\/idenergie.ca\/fr\/wp-json\/wp\/v2\/pages"}],"about":[{"href":"https:\/\/idenergie.ca\/fr\/wp-json\/wp\/v2\/types\/page"}],"author":[{"embeddable":true,"href":"https:\/\/idenergie.ca\/fr\/wp-json\/wp\/v2\/users\/1"}],"replies":[{"embeddable":true,"href":"https:\/\/idenergie.ca\/fr\/wp-json\/wp\/v2\/comments?post=4487"}],"version-history":[{"count":30,"href":"https:\/\/idenergie.ca\/fr\/wp-json\/wp\/v2\/pages\/4487\/revisions"}],"predecessor-version":[{"id":4521,"href":"https:\/\/idenergie.ca\/fr\/wp-json\/wp\/v2\/pages\/4487\/revisions\/4521"}],"wp:attachment":[{"href":"https:\/\/idenergie.ca\/fr\/wp-json\/wp\/v2\/media?parent=4487"}],"curies":[{"name":"wp","href":"https:\/\/api.w.org\/{rel}","templated":true}]}}