{"id":4799,"date":"2018-11-13T16:21:07","date_gmt":"2018-11-13T21:21:07","guid":{"rendered":"https:\/\/idenergie.ca\/fr\/?page_id=4799"},"modified":"2018-11-14T14:47:26","modified_gmt":"2018-11-14T19:47:26","slug":"accueil-2","status":"publish","type":"page","link":"https:\/\/idenergie.ca\/fr\/","title":{"rendered":"Accueil &#8211; Idenergy \/ Id\u00e9nergie"},"content":{"rendered":"<h1 style=\"text-align: center;\">Bienvenue<img loading=\"lazy\" class=\"aligncenter size-full wp-image-7502\" src=\"https:\/\/idenergie.ca\/wp-content\/uploads\/2018\/11\/logos-1.png\" alt=\"logos\" width=\"1923\" height=\"351\" \/><\/h1>\n<div class=\"services-wrapper services-thumbnail\"><div class=\"services-box col\"><div class=\"thumbnail-wrapper\"><div class=\"services-img\" style=\"background-image:url(https:\/\/idenergie.ca\/wp-content\/uploads\/2018\/11\/concept-REV-short.png)\"><\/div><div class=\"services-content\"><div class=\"sc-wraper\"><h3><a href=\"http:\/\/www.id.energy\/fr\/accueil\/\">Convertisseurs intelligents<\/a><\/h3><\/div><\/div><\/div><\/div><div class=\"services-box col\"><div class=\"thumbnail-wrapper\"><div class=\"services-img\" style=\"background-image:url(https:\/\/idenergie.ca\/wp-content\/uploads\/2016\/12\/more-than-10-million-views-on-fa.jpg)\"><\/div><div class=\"services-content\"><div class=\"sc-wraper\"><h3><a href=\"https:\/\/idenergie.ca\/fr\/home\/\">Hydroliennes<\/a><\/h3><\/div><\/div><\/div><\/div><div class=\"clear\"><\/div><\/div>\n","protected":false},"excerpt":{"rendered":"<p>Bienvenue<\/p>\n","protected":false},"author":1,"featured_media":0,"parent":0,"menu_order":0,"comment_status":"open","ping_status":"open","template":"template-full-custom.php","meta":[],"yoast_head":"<!-- This site is optimized with the Yoast SEO plugin v17.9 - https:\/\/yoast.com\/wordpress\/plugins\/seo\/ -->\n<title>Accueil<\/title>\n<meta name=\"description\" content=\"Id\u00e9nergie pr\u00e9sente une nouvelle venue parmi les technologies vertes : une hydrolienne de rivi\u00e8re qui permet la production d&#039;\u00e9lectricit\u00e9 \u00e0 partir du courant.\" \/>\n<meta name=\"robots\" content=\"index, follow, max-snippet:-1, max-image-preview:large, max-video-preview:-1\" \/>\n<link rel=\"canonical\" href=\"https:\/\/idenergie.ca\/fr\/\" \/>\n<meta property=\"og:locale\" content=\"fr_FR\" \/>\n<meta property=\"og:type\" content=\"article\" \/>\n<meta property=\"og:title\" content=\"Accueil\" \/>\n<meta property=\"og:description\" content=\"Id\u00e9nergie pr\u00e9sente une nouvelle venue parmi les technologies vertes : une hydrolienne de rivi\u00e8re qui permet la production d&#039;\u00e9lectricit\u00e9 \u00e0 partir du courant.\" \/>\n<meta property=\"og:url\" content=\"https:\/\/idenergie.ca\/fr\/\" \/>\n<meta property=\"og:site_name\" content=\"Id\u00e9nergie\" \/>\n<meta property=\"article:modified_time\" content=\"2018-11-14T19:47:26+00:00\" \/>\n<meta property=\"og:image\" content=\"http:\/\/idenergie.ca\/wp-content\/uploads\/2018\/11\/logos-1.png\" \/>\n<script type=\"application\/ld+json\" class=\"yoast-schema-graph\">{\"@context\":\"https:\/\/schema.org\",\"@graph\":[{\"@type\":\"WebSite\",\"@id\":\"https:\/\/idenergie.ca\/fr\/#website\",\"url\":\"https:\/\/idenergie.ca\/fr\/\",\"name\":\"Id\\u00e9nergie\",\"description\":\"\",\"potentialAction\":[{\"@type\":\"SearchAction\",\"target\":{\"@type\":\"EntryPoint\",\"urlTemplate\":\"https:\/\/idenergie.ca\/fr\/?s={search_term_string}\"},\"query-input\":\"required name=search_term_string\"}],\"inLanguage\":\"fr-FR\"},{\"@type\":\"ImageObject\",\"@id\":\"https:\/\/idenergie.ca\/fr\/#primaryimage\",\"inLanguage\":\"fr-FR\",\"url\":\"https:\/\/idenergie.ca\/wp-content\/uploads\/2018\/11\/logos-1.png\",\"contentUrl\":\"https:\/\/idenergie.ca\/wp-content\/uploads\/2018\/11\/logos-1.png\",\"width\":1923,\"height\":351},{\"@type\":\"WebPage\",\"@id\":\"https:\/\/idenergie.ca\/fr\/#webpage\",\"url\":\"https:\/\/idenergie.ca\/fr\/\",\"name\":\"Accueil\",\"isPartOf\":{\"@id\":\"https:\/\/idenergie.ca\/fr\/#website\"},\"primaryImageOfPage\":{\"@id\":\"https:\/\/idenergie.ca\/fr\/#primaryimage\"},\"datePublished\":\"2018-11-13T21:21:07+00:00\",\"dateModified\":\"2018-11-14T19:47:26+00:00\",\"description\":\"Id\\u00e9nergie pr\\u00e9sente une nouvelle venue parmi les technologies vertes : une hydrolienne de rivi\\u00e8re qui permet la production d'\\u00e9lectricit\\u00e9 \\u00e0 partir du courant.\",\"breadcrumb\":{\"@id\":\"https:\/\/idenergie.ca\/fr\/#breadcrumb\"},\"inLanguage\":\"fr-FR\",\"potentialAction\":[{\"@type\":\"ReadAction\",\"target\":[\"https:\/\/idenergie.ca\/fr\/\"]}]},{\"@type\":\"BreadcrumbList\",\"@id\":\"https:\/\/idenergie.ca\/fr\/#breadcrumb\",\"itemListElement\":[{\"@type\":\"ListItem\",\"position\":1,\"name\":\"Home\",\"item\":\"https:\/\/idenergie.ca\/fr\/\"},{\"@type\":\"ListItem\",\"position\":2,\"name\":\"Accueil &#8211; Idenergy \/ Id\\u00e9nergie\"}]}]}<\/script>\n<!-- \/ Yoast SEO plugin. -->","yoast_head_json":{"title":"Accueil","description":"Id\u00e9nergie pr\u00e9sente une nouvelle venue parmi les technologies vertes : une hydrolienne de rivi\u00e8re qui permet la production d'\u00e9lectricit\u00e9 \u00e0 partir du courant.","robots":{"index":"index","follow":"follow","max-snippet":"max-snippet:-1","max-image-preview":"max-image-preview:large","max-video-preview":"max-video-preview:-1"},"canonical":"https:\/\/idenergie.ca\/fr\/","og_locale":"fr_FR","og_type":"article","og_title":"Accueil","og_description":"Id\u00e9nergie pr\u00e9sente une nouvelle venue parmi les technologies vertes : une hydrolienne de rivi\u00e8re qui permet la production d'\u00e9lectricit\u00e9 \u00e0 partir du courant.","og_url":"https:\/\/idenergie.ca\/fr\/","og_site_name":"Id\u00e9nergie","article_modified_time":"2018-11-14T19:47:26+00:00","og_image":[{"url":"http:\/\/idenergie.ca\/wp-content\/uploads\/2018\/11\/logos-1.png"}],"schema":{"@context":"https:\/\/schema.org","@graph":[{"@type":"WebSite","@id":"https:\/\/idenergie.ca\/fr\/#website","url":"https:\/\/idenergie.ca\/fr\/","name":"Id\u00e9nergie","description":"","potentialAction":[{"@type":"SearchAction","target":{"@type":"EntryPoint","urlTemplate":"https:\/\/idenergie.ca\/fr\/?s={search_term_string}"},"query-input":"required name=search_term_string"}],"inLanguage":"fr-FR"},{"@type":"ImageObject","@id":"https:\/\/idenergie.ca\/fr\/#primaryimage","inLanguage":"fr-FR","url":"https:\/\/idenergie.ca\/wp-content\/uploads\/2018\/11\/logos-1.png","contentUrl":"https:\/\/idenergie.ca\/wp-content\/uploads\/2018\/11\/logos-1.png","width":1923,"height":351},{"@type":"WebPage","@id":"https:\/\/idenergie.ca\/fr\/#webpage","url":"https:\/\/idenergie.ca\/fr\/","name":"Accueil","isPartOf":{"@id":"https:\/\/idenergie.ca\/fr\/#website"},"primaryImageOfPage":{"@id":"https:\/\/idenergie.ca\/fr\/#primaryimage"},"datePublished":"2018-11-13T21:21:07+00:00","dateModified":"2018-11-14T19:47:26+00:00","description":"Id\u00e9nergie pr\u00e9sente une nouvelle venue parmi les technologies vertes : une hydrolienne de rivi\u00e8re qui permet la production d'\u00e9lectricit\u00e9 \u00e0 partir du courant.","breadcrumb":{"@id":"https:\/\/idenergie.ca\/fr\/#breadcrumb"},"inLanguage":"fr-FR","potentialAction":[{"@type":"ReadAction","target":["https:\/\/idenergie.ca\/fr\/"]}]},{"@type":"BreadcrumbList","@id":"https:\/\/idenergie.ca\/fr\/#breadcrumb","itemListElement":[{"@type":"ListItem","position":1,"name":"Home","item":"https:\/\/idenergie.ca\/fr\/"},{"@type":"ListItem","position":2,"name":"Accueil &#8211; Idenergy \/ Id\u00e9nergie"}]}]}},"_links":{"self":[{"href":"https:\/\/idenergie.ca\/fr\/wp-json\/wp\/v2\/pages\/4799"}],"collection":[{"href":"https:\/\/idenergie.ca\/fr\/wp-json\/wp\/v2\/pages"}],"about":[{"href":"https:\/\/idenergie.ca\/fr\/wp-json\/wp\/v2\/types\/page"}],"author":[{"embeddable":true,"href":"https:\/\/idenergie.ca\/fr\/wp-json\/wp\/v2\/users\/1"}],"replies":[{"embeddable":true,"href":"https:\/\/idenergie.ca\/fr\/wp-json\/wp\/v2\/comments?post=4799"}],"version-history":[{"count":6,"href":"https:\/\/idenergie.ca\/fr\/wp-json\/wp\/v2\/pages\/4799\/revisions"}],"predecessor-version":[{"id":7535,"href":"https:\/\/idenergie.ca\/fr\/wp-json\/wp\/v2\/pages\/4799\/revisions\/7535"}],"wp:attachment":[{"href":"https:\/\/idenergie.ca\/fr\/wp-json\/wp\/v2\/media?parent=4799"}],"curies":[{"name":"wp","href":"https:\/\/api.w.org\/{rel}","templated":true}]}}