{"id":4808,"date":"2015-07-22T12:55:19","date_gmt":"2015-07-22T17:55:19","guid":{"rendered":"https:\/\/idenergie.ca\/fr\/checkout\/"},"modified":"2016-10-30T13:34:35","modified_gmt":"2016-10-30T18:34:35","slug":"checkout","status":"publish","type":"page","link":"https:\/\/idenergie.ca\/fr\/checkout\/","title":{"rendered":"Passer la commande"},"content":{"rendered":"<p>Note: Avant de passer la commande, vous pouvez nous contacter en tout temps pour confirmer que le syst\u00e8me correspond bien \u00e0 vos besoins et b\u00e9n\u00e9ficier de notre expertise technique. Notre \u00e9quipe pourras vous confirmer les d\u00e9lais de livraison et coordonner avec vous la bonne ex\u00e9cution de votre projet.<\/p>\n<p>[woocommerce_checkout]<\/p>\n","protected":false},"excerpt":{"rendered":"<p>Note: Avant de passer la commande, vous pouvez nous contacter en tout temps pour confirmer que le syst\u00e8me correspond bien [&hellip;]<\/p>\n","protected":false},"author":1,"featured_media":0,"parent":0,"menu_order":0,"comment_status":"closed","ping_status":"open","template":"template-full-custom.php","meta":[],"yoast_head":"<!-- This site is optimized with the Yoast SEO plugin v17.9 - https:\/\/yoast.com\/wordpress\/plugins\/seo\/ -->\n<title>Passer la commande - Id\u00e9nergie<\/title>\n<meta name=\"robots\" content=\"index, follow, max-snippet:-1, max-image-preview:large, max-video-preview:-1\" \/>\n<link rel=\"canonical\" href=\"https:\/\/idenergie.ca\/fr\/checkout\/\" \/>\n<meta property=\"og:locale\" content=\"fr_FR\" \/>\n<meta property=\"og:type\" content=\"article\" \/>\n<meta property=\"og:title\" content=\"Passer la commande - Id\u00e9nergie\" \/>\n<meta property=\"og:description\" content=\"Note: Avant de passer la commande, vous pouvez nous contacter en tout temps pour confirmer que le syst\u00e8me correspond bien [&hellip;]\" \/>\n<meta property=\"og:url\" content=\"https:\/\/idenergie.ca\/fr\/checkout\/\" \/>\n<meta property=\"og:site_name\" content=\"Id\u00e9nergie\" \/>\n<meta property=\"article:modified_time\" content=\"2016-10-30T18:34:35+00:00\" \/>\n<script type=\"application\/ld+json\" class=\"yoast-schema-graph\">{\"@context\":\"https:\/\/schema.org\",\"@graph\":[{\"@type\":\"WebSite\",\"@id\":\"https:\/\/idenergie.ca\/fr\/#website\",\"url\":\"https:\/\/idenergie.ca\/fr\/\",\"name\":\"Id\\u00e9nergie\",\"description\":\"\",\"potentialAction\":[{\"@type\":\"SearchAction\",\"target\":{\"@type\":\"EntryPoint\",\"urlTemplate\":\"https:\/\/idenergie.ca\/fr\/?s={search_term_string}\"},\"query-input\":\"required name=search_term_string\"}],\"inLanguage\":\"fr-FR\"},{\"@type\":\"WebPage\",\"@id\":\"https:\/\/idenergie.ca\/fr\/checkout\/#webpage\",\"url\":\"https:\/\/idenergie.ca\/fr\/checkout\/\",\"name\":\"Passer la commande - Id\\u00e9nergie\",\"isPartOf\":{\"@id\":\"https:\/\/idenergie.ca\/fr\/#website\"},\"datePublished\":\"2015-07-22T17:55:19+00:00\",\"dateModified\":\"2016-10-30T18:34:35+00:00\",\"breadcrumb\":{\"@id\":\"https:\/\/idenergie.ca\/fr\/checkout\/#breadcrumb\"},\"inLanguage\":\"fr-FR\",\"potentialAction\":[{\"@type\":\"ReadAction\",\"target\":[\"https:\/\/idenergie.ca\/fr\/checkout\/\"]}]},{\"@type\":\"BreadcrumbList\",\"@id\":\"https:\/\/idenergie.ca\/fr\/checkout\/#breadcrumb\",\"itemListElement\":[{\"@type\":\"ListItem\",\"position\":1,\"name\":\"Home\",\"item\":\"https:\/\/idenergie.ca\/fr\/\"},{\"@type\":\"ListItem\",\"position\":2,\"name\":\"Passer la commande\"}]}]}<\/script>\n<!-- \/ Yoast SEO plugin. -->","yoast_head_json":{"title":"Passer la commande - Id\u00e9nergie","robots":{"index":"index","follow":"follow","max-snippet":"max-snippet:-1","max-image-preview":"max-image-preview:large","max-video-preview":"max-video-preview:-1"},"canonical":"https:\/\/idenergie.ca\/fr\/checkout\/","og_locale":"fr_FR","og_type":"article","og_title":"Passer la commande - Id\u00e9nergie","og_description":"Note: Avant de passer la commande, vous pouvez nous contacter en tout temps pour confirmer que le syst\u00e8me correspond bien [&hellip;]","og_url":"https:\/\/idenergie.ca\/fr\/checkout\/","og_site_name":"Id\u00e9nergie","article_modified_time":"2016-10-30T18:34:35+00:00","schema":{"@context":"https:\/\/schema.org","@graph":[{"@type":"WebSite","@id":"https:\/\/idenergie.ca\/fr\/#website","url":"https:\/\/idenergie.ca\/fr\/","name":"Id\u00e9nergie","description":"","potentialAction":[{"@type":"SearchAction","target":{"@type":"EntryPoint","urlTemplate":"https:\/\/idenergie.ca\/fr\/?s={search_term_string}"},"query-input":"required name=search_term_string"}],"inLanguage":"fr-FR"},{"@type":"WebPage","@id":"https:\/\/idenergie.ca\/fr\/checkout\/#webpage","url":"https:\/\/idenergie.ca\/fr\/checkout\/","name":"Passer la commande - Id\u00e9nergie","isPartOf":{"@id":"https:\/\/idenergie.ca\/fr\/#website"},"datePublished":"2015-07-22T17:55:19+00:00","dateModified":"2016-10-30T18:34:35+00:00","breadcrumb":{"@id":"https:\/\/idenergie.ca\/fr\/checkout\/#breadcrumb"},"inLanguage":"fr-FR","potentialAction":[{"@type":"ReadAction","target":["https:\/\/idenergie.ca\/fr\/checkout\/"]}]},{"@type":"BreadcrumbList","@id":"https:\/\/idenergie.ca\/fr\/checkout\/#breadcrumb","itemListElement":[{"@type":"ListItem","position":1,"name":"Home","item":"https:\/\/idenergie.ca\/fr\/"},{"@type":"ListItem","position":2,"name":"Passer la commande"}]}]}},"_links":{"self":[{"href":"https:\/\/idenergie.ca\/fr\/wp-json\/wp\/v2\/pages\/4808"}],"collection":[{"href":"https:\/\/idenergie.ca\/fr\/wp-json\/wp\/v2\/pages"}],"about":[{"href":"https:\/\/idenergie.ca\/fr\/wp-json\/wp\/v2\/types\/page"}],"author":[{"embeddable":true,"href":"https:\/\/idenergie.ca\/fr\/wp-json\/wp\/v2\/users\/1"}],"replies":[{"embeddable":true,"href":"https:\/\/idenergie.ca\/fr\/wp-json\/wp\/v2\/comments?post=4808"}],"version-history":[{"count":4,"href":"https:\/\/idenergie.ca\/fr\/wp-json\/wp\/v2\/pages\/4808\/revisions"}],"predecessor-version":[{"id":4812,"href":"https:\/\/idenergie.ca\/fr\/wp-json\/wp\/v2\/pages\/4808\/revisions\/4812"}],"wp:attachment":[{"href":"https:\/\/idenergie.ca\/fr\/wp-json\/wp\/v2\/media?parent=4808"}],"curies":[{"name":"wp","href":"https:\/\/api.w.org\/{rel}","templated":true}]}}