{"id":5877,"date":"2016-11-11T13:16:00","date_gmt":"2016-11-11T18:16:00","guid":{"rendered":"https:\/\/idenergie.ca\/fr\/?page_id=5877"},"modified":"2016-11-11T15:32:16","modified_gmt":"2016-11-11T20:32:16","slug":"saison2016","status":"publish","type":"page","link":"https:\/\/idenergie.ca\/fr\/saison2016\/","title":{"rendered":"Saison2016"},"content":{"rendered":"<p>&nbsp;<\/p>\n<p align=\"center\"><iframe loading=\"lazy\" src=\"http:\/\/player.vimeo.com\/video\/190814205?autoplay=1;loop=1;preload=\" width=\"700\" height=\"393\" frameborder=\"0\" allowfullscreen=\"allowfullscreen\"><\/iframe><\/p>\n<div class=\"cols-wrapper cols-2\">\n<div class=\"col\">\n<p><img loading=\"lazy\" class=\"aligncenter size-medium wp-image-5880\" src=\"https:\/\/idenergie.ca\/wp-content\/uploads\/2016\/11\/payons-les-taxes-300x241.png\" alt=\"payons les taxes\" width=\"300\" height=\"241\" srcset=\"https:\/\/idenergie.ca\/wp-content\/uploads\/2016\/11\/payons-les-taxes-300x241.png 300w, https:\/\/idenergie.ca\/wp-content\/uploads\/2016\/11\/payons-les-taxes-768x616.png 768w, https:\/\/idenergie.ca\/wp-content\/uploads\/2016\/11\/payons-les-taxes.png 925w\" sizes=\"(max-width: 300px) 100vw, 300px\" \/><\/p>\n<\/div>\n<div class=\"col nomargin\">\n<h2 style=\"text-align: justify;\">Offrez-vous de l&rsquo;\u00e9quipement avant la fin de l&rsquo;ann\u00e9e et nous nous occuperons de l&rsquo;installer avant\u00a0votre prochaine saison d&rsquo;activit\u00e9s!<\/h2>\n<p><a class=\"button\" href=\"https:\/\/idenergie.ca\/fr\/contact\/\">CONTACTEZ-NOUS POUR UNE \u00c9VALUATION SANS FRAIS ET SANS OBLIGATIONS AU 1-855-654-7777<\/a><\/p>\n<\/div>\n<\/div>\n<div style=\"text-align: center;\"><\/div>\n<h1 style=\"text-align: center;\"><strong>Nos syst\u00e8mes peuvent inclure\u00a0<\/strong><\/h1>\n<div class=\"cols-wrapper cols-4\">\n<div class=\"col\"><img loading=\"lazy\" class=\"aligncenter wp-image-3310 size-medium\" src=\"https:\/\/idenergie.ca\/wp-content\/uploads\/2016\/02\/Panneau-Canadian-solar-CS6P-255P-300x300.png\" alt=\"Panneau Canadian solar CS6P-255P\" width=\"300\" height=\"300\" srcset=\"https:\/\/idenergie.ca\/wp-content\/uploads\/2016\/02\/Panneau-Canadian-solar-CS6P-255P-300x300.png 300w, https:\/\/idenergie.ca\/wp-content\/uploads\/2016\/02\/Panneau-Canadian-solar-CS6P-255P-150x150.png 150w, https:\/\/idenergie.ca\/wp-content\/uploads\/2016\/02\/Panneau-Canadian-solar-CS6P-255P-120x120.png 120w, https:\/\/idenergie.ca\/wp-content\/uploads\/2016\/02\/Panneau-Canadian-solar-CS6P-255P-400x400.png 400w, https:\/\/idenergie.ca\/wp-content\/uploads\/2016\/02\/Panneau-Canadian-solar-CS6P-255P-600x600.png 600w, https:\/\/idenergie.ca\/wp-content\/uploads\/2016\/02\/Panneau-Canadian-solar-CS6P-255P.png 720w\" sizes=\"(max-width: 300px) 100vw, 300px\" \/><\/div>\n<div class=\"col\">\n<p><img loading=\"lazy\" class=\"aligncenter wp-image-4820 size-medium\" src=\"https:\/\/idenergie.ca\/wp-content\/uploads\/2016\/10\/hydrolienne-300x300.jpg\" alt=\"hydrolienne\" width=\"300\" height=\"300\" srcset=\"https:\/\/idenergie.ca\/wp-content\/uploads\/2016\/10\/hydrolienne-300x300.jpg 300w, https:\/\/idenergie.ca\/wp-content\/uploads\/2016\/10\/hydrolienne-150x150.jpg 150w, https:\/\/idenergie.ca\/wp-content\/uploads\/2016\/10\/hydrolienne-768x768.jpg 768w, https:\/\/idenergie.ca\/wp-content\/uploads\/2016\/10\/hydrolienne-1024x1024.jpg 1024w, https:\/\/idenergie.ca\/wp-content\/uploads\/2016\/10\/hydrolienne-120x120.jpg 120w, https:\/\/idenergie.ca\/wp-content\/uploads\/2016\/10\/hydrolienne-600x600.jpg 600w, https:\/\/idenergie.ca\/wp-content\/uploads\/2016\/10\/hydrolienne.jpg 1134w\" sizes=\"(max-width: 300px) 100vw, 300px\" \/><\/p>\n<\/div>\n<div class=\"col\">\n<p><img loading=\"lazy\" class=\"aligncenter wp-image-5886 size-medium\" src=\"https:\/\/idenergie.ca\/wp-content\/uploads\/2016\/11\/Levek_brochure-digital_price-2016-full-300x257.jpg\" alt=\"Levek_brochure digital_price 2016 full\" width=\"300\" height=\"257\" srcset=\"https:\/\/idenergie.ca\/wp-content\/uploads\/2016\/11\/Levek_brochure-digital_price-2016-full-300x257.jpg 300w, https:\/\/idenergie.ca\/wp-content\/uploads\/2016\/11\/Levek_brochure-digital_price-2016-full-768x657.jpg 768w, https:\/\/idenergie.ca\/wp-content\/uploads\/2016\/11\/Levek_brochure-digital_price-2016-full.jpg 822w\" sizes=\"(max-width: 300px) 100vw, 300px\" \/><\/p>\n<\/div>\n<div class=\"col nomargin\">\n<p>\u00a0<img loading=\"lazy\" class=\"aligncenter wp-image-5883 \" src=\"https:\/\/idenergie.ca\/wp-content\/uploads\/2016\/11\/Ge\u0301ne\u0301ratrice-300x289.jpg\" alt=\"Ge\u0301ne\u0301ratrice\" width=\"149\" height=\"144\" srcset=\"https:\/\/idenergie.ca\/wp-content\/uploads\/2016\/11\/Ge\u0301ne\u0301ratrice-300x289.jpg 300w, https:\/\/idenergie.ca\/wp-content\/uploads\/2016\/11\/Ge\u0301ne\u0301ratrice.jpg 499w\" sizes=\"(max-width: 149px) 100vw, 149px\" \/><\/p>\n<\/div>\n<\/div>\n<div class=\"cols-wrapper cols-4\">\n<div class=\"col\">\n<p style=\"text-align: center;\"><b>Panneaux solaires\u00a0<\/b><\/p>\n<div>\n<p class=\"m_3480971476470431021gmail-p1\" style=\"text-align: left;\">Les panneaux solaires que nous proposons sont de la marque canadienne et r\u00e9put\u00e9e Canadian Solar.<\/p>\n<p class=\"m_3480971476470431021gmail-p1\" style=\"text-align: left;\">Fabriqu\u00e9 au pays, ils sont reconnus pour \u00eatre r\u00e9sistants aux temp\u00e9ratures et aux ventes nordiques.<\/p>\n<p class=\"m_3480971476470431021gmail-p1\" style=\"text-align: left;\">Les puissances disponibles sont de 250 ou 310 W. Le nombre de panneaux peut \u00eatre adapt\u00e9 en fonction de vos budgets et de vos besoins \u00e9nerg\u00e9tiques.<\/p>\n<\/div>\n<\/div>\n<div class=\"col\">\n<p style=\"text-align: center;\"><b>Hydroliennes<\/b><\/p>\n<div>\n<p class=\"m_3480971476470431021gmail-p1\">Les hydroliennes de rivi\u00e8re, une innovation qu\u00e9b\u00e9coise, sont portables et peuvent alimenter vos appareils en \u00e9lectricit\u00e9 24h\/24.<\/p>\n<p class=\"m_3480971476470431021gmail-p1\">D&rsquo;une puissance de 100 \u00e0 500 W, celles-ci produisent entre 2 kWh et 12 kWh par jour selon la vitesse du courant de la rivi\u00e8re.<\/p>\n<p class=\"m_3480971476470431021gmail-p1\">Plusieurs de ces hydroliennes portables peuvent \u00eatre reli\u00e9es ensemble et couvrir de plus grands besoins \u00e9nerg\u00e9tiques.<\/p>\n<\/div>\n<\/div>\n<div class=\"col\">\n<p style=\"text-align: center;\"><b>Micro Turbines<\/b><\/p>\n<p class=\"m_3480971476470431021gmail-p1\">Les turbines Levek sont con\u00e7ues pour les r\u00e9sidences \u00e0 proximit\u00e9 de rivi\u00e8res ou de chutes d&rsquo;eau.<\/p>\n<p class=\"m_3480971476470431021gmail-p1\">Leur puissance varie de 20 \u00e0 140 kW selon la chute nette de l&rsquo;eau et le d\u00e9bit de rivi\u00e8re disponible (de 1.4 \u00e0 4.22 m\u00b3 seconde). Notre partenaire Levek a 25 ans d&rsquo;exp\u00e9rience dans l&rsquo;installation d&rsquo;hydrog\u00e9n\u00e9rateurs.<\/p>\n<p class=\"m_3480971476470431021gmail-p1\">Selon les cas, ces turbines permettent de payer jusqu&rsquo;\u00e0 3 sous du kW.<\/p>\n<\/div>\n<div class=\"col nomargin\">\n<p style=\"text-align: center;\"><b>Syst\u00e8mes hybrides\u00a0<\/b><\/p>\n<p>Nos syst\u00e8mes d&rsquo;\u00e9nergies renouvelables peuvent \u00eatre jumel\u00e9s \u00e0 une g\u00e9n\u00e9ratrice \u00e0 essence d\u00e9j\u00e0 existante.<\/p>\n<p>Celle-ci peut d\u00e9marrer automatiquement en cas d&rsquo;\u00e9tat de charge insuffisant des batteries. Nous bala\u00e7ons nos syst\u00e8me pour l&rsquo;utiliser \u00e0 capacit\u00e9 nominale pour optimiser le carburant.<\/p>\n<p>Vous pouvez aussi surveillez l&rsquo;\u00e9tat de charge de votre banque de batteries en ligne.<\/p>\n<\/div>\n<\/div>\n<div class=\"section-full-width section-light-bg\" style=\"background-color:#f7f7f7;\" id=\"section-1\"><div class=\"section-boxed\" style=\"color:#373737;\"><\/p>\n<div class=\"cols-wrapper cols-4\">\n<div class=\"col\">\n<p><a href=\"https:\/\/idenergie.ca\/fr\/convertisseur-solaire-idenergie\/\"><img loading=\"lazy\" class=\"img-frame aligncenter\" src=\"https:\/\/idenergie.ca\/wp-content\/uploads\/2016\/04\/solar_mini.png\" alt=\"\" width=\"72\" height=\"71\" \/><\/a><\/p>\n<p style=\"text-align: center;\"><strong>Technologies<br \/>\nSolaires<\/strong><\/p>\n<p style=\"text-align: center;\">Panneaux photovolta\u00efques et convertisseurs<\/p>\n<p style=\"text-align: center;\"><a href=\"https:\/\/idenergie.ca\/fr\/solar-panels\/\">D\u00e9couvrir &gt;<\/a><\/p>\n<\/div>\n<div class=\"col\">\n<p><a href=\"https:\/\/idenergie.ca\/fr\/hydrolienne-2\/\"><img loading=\"lazy\" class=\"img-frame aligncenter\" src=\"https:\/\/idenergie.ca\/wp-content\/uploads\/2016\/04\/turbine_tite.png\" alt=\"\" width=\"71\" height=\"70\" \/><\/a><\/p>\n<p style=\"text-align: center;\"><strong>Technologies<br \/>\nhydroliennes<\/strong><\/p>\n<p style=\"text-align: center;\">faire de l&rsquo;\u00e9nergie<br \/>\n\u00e0 partir de sa rivi\u00e8re<\/p>\n<p style=\"text-align: center;\"><a href=\"https:\/\/idenergie.ca\/fr\/hydrolienne-2\/\">Explorer &gt;<\/a><\/p>\n<\/div>\n<div class=\"col\">\n<p><a href=\"https:\/\/idenergie.ca\/fr\/batir-mon-systeme\/\"><img loading=\"lazy\" class=\"img-frame aligncenter\" src=\"https:\/\/idenergie.ca\/wp-content\/uploads\/2016\/04\/system_builder.png\" alt=\"\" width=\"71\" height=\"70\" \/><\/a><\/p>\n<p style=\"text-align: center;\"><strong>B\u00e2tisseur<br \/>\nde syst\u00e8me<\/strong><\/p>\n<p style=\"text-align: center;\">Votre syst\u00e8me complet en moins de cinq minutes<\/p>\n<p style=\"text-align: center;\"><a href=\"https:\/\/idenergie.ca\/fr\/batir-mon-systeme\/\">D\u00e9marrer\u00a0&gt;<\/a><\/p>\n<\/div>\n<div class=\"col nomargin\">\n<p><a href=\"https:\/\/idenergie.ca\/fr\/shop\/\"><img loading=\"lazy\" class=\"img-frame aligncenter\" src=\"https:\/\/idenergie.ca\/wp-content\/uploads\/2016\/04\/store_mini.png\" alt=\"\" width=\"71\" height=\"70\" \/><\/a><\/p>\n<p style=\"text-align: center;\"><strong>Boutique<br \/>\nen ligne<\/strong><\/p>\n<p style=\"text-align: center;\">Tout le n\u00e9cessaire pour votre<br \/>\ninstallation<\/p>\n<p style=\"text-align: center;\"><a href=\"https:\/\/idenergie.ca\/fr\/shop\/\">Magasiner\u00a0&gt;<\/a><\/p>\n<\/div>\n<\/div>\n<p>\n<\/div><\/div>\n","protected":false},"excerpt":{"rendered":"<p>&nbsp; Offrez-vous de l&rsquo;\u00e9quipement avant la fin de l&rsquo;ann\u00e9e et nous nous occuperons de l&rsquo;installer avant\u00a0votre prochaine saison d&rsquo;activit\u00e9s! CONTACTEZ-NOUS [&hellip;]<\/p>\n","protected":false},"author":1,"featured_media":0,"parent":0,"menu_order":0,"comment_status":"closed","ping_status":"closed","template":"template-full-custom.php","meta":[],"yoast_head":"<!-- This site is optimized with the Yoast SEO plugin v17.9 - https:\/\/yoast.com\/wordpress\/plugins\/seo\/ -->\n<title>Saison2016 - Id\u00e9nergie<\/title>\n<meta name=\"robots\" content=\"index, follow, max-snippet:-1, max-image-preview:large, max-video-preview:-1\" \/>\n<link rel=\"canonical\" href=\"https:\/\/idenergie.ca\/fr\/saison2016\/\" \/>\n<meta property=\"og:locale\" content=\"fr_FR\" \/>\n<meta property=\"og:type\" content=\"article\" \/>\n<meta property=\"og:title\" content=\"Saison2016 - Id\u00e9nergie\" \/>\n<meta property=\"og:description\" content=\"&nbsp; Offrez-vous de l&rsquo;\u00e9quipement avant la fin de l&rsquo;ann\u00e9e et nous nous occuperons de l&rsquo;installer avant\u00a0votre prochaine saison d&rsquo;activit\u00e9s! CONTACTEZ-NOUS [&hellip;]\" \/>\n<meta property=\"og:url\" content=\"https:\/\/idenergie.ca\/fr\/saison2016\/\" \/>\n<meta property=\"og:site_name\" content=\"Id\u00e9nergie\" \/>\n<meta property=\"article:modified_time\" content=\"2016-11-11T20:32:16+00:00\" \/>\n<meta property=\"og:image\" content=\"https:\/\/idenergie.ca\/wp-content\/uploads\/2016\/11\/payons-les-taxes-300x241.png\" \/>\n<meta name=\"twitter:label1\" content=\"Dur\u00e9e de lecture est.\" \/>\n\t<meta name=\"twitter:data1\" content=\"2 minutes\" \/>\n<script type=\"application\/ld+json\" class=\"yoast-schema-graph\">{\"@context\":\"https:\/\/schema.org\",\"@graph\":[{\"@type\":\"WebSite\",\"@id\":\"https:\/\/idenergie.ca\/fr\/#website\",\"url\":\"https:\/\/idenergie.ca\/fr\/\",\"name\":\"Id\\u00e9nergie\",\"description\":\"\",\"potentialAction\":[{\"@type\":\"SearchAction\",\"target\":{\"@type\":\"EntryPoint\",\"urlTemplate\":\"https:\/\/idenergie.ca\/fr\/?s={search_term_string}\"},\"query-input\":\"required name=search_term_string\"}],\"inLanguage\":\"fr-FR\"},{\"@type\":\"ImageObject\",\"@id\":\"https:\/\/idenergie.ca\/fr\/saison2016\/#primaryimage\",\"inLanguage\":\"fr-FR\",\"url\":\"https:\/\/idenergie.ca\/wp-content\/uploads\/2016\/11\/payons-les-taxes.png\",\"contentUrl\":\"https:\/\/idenergie.ca\/wp-content\/uploads\/2016\/11\/payons-les-taxes.png\",\"width\":925,\"height\":742},{\"@type\":\"WebPage\",\"@id\":\"https:\/\/idenergie.ca\/fr\/saison2016\/#webpage\",\"url\":\"https:\/\/idenergie.ca\/fr\/saison2016\/\",\"name\":\"Saison2016 - Id\\u00e9nergie\",\"isPartOf\":{\"@id\":\"https:\/\/idenergie.ca\/fr\/#website\"},\"primaryImageOfPage\":{\"@id\":\"https:\/\/idenergie.ca\/fr\/saison2016\/#primaryimage\"},\"datePublished\":\"2016-11-11T18:16:00+00:00\",\"dateModified\":\"2016-11-11T20:32:16+00:00\",\"breadcrumb\":{\"@id\":\"https:\/\/idenergie.ca\/fr\/saison2016\/#breadcrumb\"},\"inLanguage\":\"fr-FR\",\"potentialAction\":[{\"@type\":\"ReadAction\",\"target\":[\"https:\/\/idenergie.ca\/fr\/saison2016\/\"]}]},{\"@type\":\"BreadcrumbList\",\"@id\":\"https:\/\/idenergie.ca\/fr\/saison2016\/#breadcrumb\",\"itemListElement\":[{\"@type\":\"ListItem\",\"position\":1,\"name\":\"Home\",\"item\":\"https:\/\/idenergie.ca\/fr\/\"},{\"@type\":\"ListItem\",\"position\":2,\"name\":\"Saison2016\"}]}]}<\/script>\n<!-- \/ Yoast SEO plugin. -->","yoast_head_json":{"title":"Saison2016 - Id\u00e9nergie","robots":{"index":"index","follow":"follow","max-snippet":"max-snippet:-1","max-image-preview":"max-image-preview:large","max-video-preview":"max-video-preview:-1"},"canonical":"https:\/\/idenergie.ca\/fr\/saison2016\/","og_locale":"fr_FR","og_type":"article","og_title":"Saison2016 - Id\u00e9nergie","og_description":"&nbsp; Offrez-vous de l&rsquo;\u00e9quipement avant la fin de l&rsquo;ann\u00e9e et nous nous occuperons de l&rsquo;installer avant\u00a0votre prochaine saison d&rsquo;activit\u00e9s! CONTACTEZ-NOUS [&hellip;]","og_url":"https:\/\/idenergie.ca\/fr\/saison2016\/","og_site_name":"Id\u00e9nergie","article_modified_time":"2016-11-11T20:32:16+00:00","og_image":[{"url":"https:\/\/idenergie.ca\/wp-content\/uploads\/2016\/11\/payons-les-taxes-300x241.png"}],"twitter_misc":{"Dur\u00e9e de lecture est.":"2 minutes"},"schema":{"@context":"https:\/\/schema.org","@graph":[{"@type":"WebSite","@id":"https:\/\/idenergie.ca\/fr\/#website","url":"https:\/\/idenergie.ca\/fr\/","name":"Id\u00e9nergie","description":"","potentialAction":[{"@type":"SearchAction","target":{"@type":"EntryPoint","urlTemplate":"https:\/\/idenergie.ca\/fr\/?s={search_term_string}"},"query-input":"required name=search_term_string"}],"inLanguage":"fr-FR"},{"@type":"ImageObject","@id":"https:\/\/idenergie.ca\/fr\/saison2016\/#primaryimage","inLanguage":"fr-FR","url":"https:\/\/idenergie.ca\/wp-content\/uploads\/2016\/11\/payons-les-taxes.png","contentUrl":"https:\/\/idenergie.ca\/wp-content\/uploads\/2016\/11\/payons-les-taxes.png","width":925,"height":742},{"@type":"WebPage","@id":"https:\/\/idenergie.ca\/fr\/saison2016\/#webpage","url":"https:\/\/idenergie.ca\/fr\/saison2016\/","name":"Saison2016 - Id\u00e9nergie","isPartOf":{"@id":"https:\/\/idenergie.ca\/fr\/#website"},"primaryImageOfPage":{"@id":"https:\/\/idenergie.ca\/fr\/saison2016\/#primaryimage"},"datePublished":"2016-11-11T18:16:00+00:00","dateModified":"2016-11-11T20:32:16+00:00","breadcrumb":{"@id":"https:\/\/idenergie.ca\/fr\/saison2016\/#breadcrumb"},"inLanguage":"fr-FR","potentialAction":[{"@type":"ReadAction","target":["https:\/\/idenergie.ca\/fr\/saison2016\/"]}]},{"@type":"BreadcrumbList","@id":"https:\/\/idenergie.ca\/fr\/saison2016\/#breadcrumb","itemListElement":[{"@type":"ListItem","position":1,"name":"Home","item":"https:\/\/idenergie.ca\/fr\/"},{"@type":"ListItem","position":2,"name":"Saison2016"}]}]}},"_links":{"self":[{"href":"https:\/\/idenergie.ca\/fr\/wp-json\/wp\/v2\/pages\/5877"}],"collection":[{"href":"https:\/\/idenergie.ca\/fr\/wp-json\/wp\/v2\/pages"}],"about":[{"href":"https:\/\/idenergie.ca\/fr\/wp-json\/wp\/v2\/types\/page"}],"author":[{"embeddable":true,"href":"https:\/\/idenergie.ca\/fr\/wp-json\/wp\/v2\/users\/1"}],"replies":[{"embeddable":true,"href":"https:\/\/idenergie.ca\/fr\/wp-json\/wp\/v2\/comments?post=5877"}],"version-history":[{"count":14,"href":"https:\/\/idenergie.ca\/fr\/wp-json\/wp\/v2\/pages\/5877\/revisions"}],"predecessor-version":[{"id":5879,"href":"https:\/\/idenergie.ca\/fr\/wp-json\/wp\/v2\/pages\/5877\/revisions\/5879"}],"wp:attachment":[{"href":"https:\/\/idenergie.ca\/fr\/wp-json\/wp\/v2\/media?parent=5877"}],"curies":[{"name":"wp","href":"https:\/\/api.w.org\/{rel}","templated":true}]}}