{"id":705,"date":"2014-08-12T16:12:38","date_gmt":"2014-08-12T21:12:38","guid":{"rendered":"https:\/\/idenergie.ca\/?page_id=705"},"modified":"2018-11-26T17:01:35","modified_gmt":"2018-11-26T22:01:35","slug":"home","status":"publish","type":"page","link":"https:\/\/idenergie.ca\/fr\/home\/","title":{"rendered":"Accueil"},"content":{"rendered":"<div class=\"section-full-width section-light-bg\" style=\"background-color:#f7f7f7;\" id=\"section-1\"><div class=\"section-boxed\" style=\"color:#373737;\"><\/p>\n<div class=\"cols-wrapper cols-4\">\n<div class=\"col\">\n<p><a href=\"https:\/\/idenergie.ca\/fr\/convertisseur-solaire-idenergie\/\"><img loading=\"lazy\" class=\"img-frame aligncenter\" src=\"https:\/\/idenergie.ca\/wp-content\/uploads\/2016\/04\/solar_mini.png\" alt=\"\" width=\"72\" height=\"71\" \/><\/a><\/p>\n<p style=\"text-align: center;\"><strong>Technologies<br \/>\nsolaires<\/strong><\/p>\n<p style=\"text-align: center;\">Panneaux photovolta\u00efques et convertisseurs<\/p>\n<p style=\"text-align: center;\"><a href=\"http:\/\/www.id.energy\/fr\/accueil\/\">D\u00e9couvrir &gt;<\/a><\/p>\n<\/div>\n<div class=\"col\">\n<p><a href=\"https:\/\/idenergie.ca\/fr\/hydrolienne-2\/\"><img loading=\"lazy\" class=\"img-frame aligncenter\" src=\"https:\/\/idenergie.ca\/wp-content\/uploads\/2016\/04\/turbine_tite.png\" alt=\"\" width=\"71\" height=\"70\" \/><\/a><\/p>\n<p style=\"text-align: center;\"><strong>Technologies<br \/>\nhydroliennes<\/strong><\/p>\n<p style=\"text-align: center;\">Faire de l&rsquo;\u00e9nergie<br \/>\n\u00e0 partir de sa rivi\u00e8re<\/p>\n<p style=\"text-align: center;\"><a href=\"https:\/\/idenergie.ca\/fr\/hydrolienne-2\/\">Explorer &gt;<\/a><\/p>\n<\/div>\n<div class=\"col\">\n<p><a href=\"https:\/\/idenergie.ca\/fr\/batir-mon-systeme\/\"><img loading=\"lazy\" class=\"img-frame aligncenter\" src=\"https:\/\/idenergie.ca\/wp-content\/uploads\/2016\/04\/system_builder.png\" alt=\"\" width=\"71\" height=\"70\" \/><\/a><\/p>\n<p style=\"text-align: center;\"><strong>B\u00e2tisseur<br \/>\nde syst\u00e8me<\/strong><\/p>\n<p style=\"text-align: center;\">Votre syst\u00e8me complet en moins de cinq minutes<\/p>\n<p style=\"text-align: center;\"><a href=\"https:\/\/idenergie.ca\/fr\/batir-mon-systeme\/\">D\u00e9marrer\u00a0&gt;<\/a><\/p>\n<\/div>\n<div class=\"col nomargin\">\n<p><a href=\"https:\/\/idenergie.ca\/fr\/shop\/\"><img loading=\"lazy\" class=\"img-frame aligncenter\" src=\"https:\/\/idenergie.ca\/wp-content\/uploads\/2016\/04\/store_mini.png\" alt=\"\" width=\"71\" height=\"70\" \/><\/a><\/p>\n<p style=\"text-align: center;\"><strong>Boutique<br \/>\nen ligne<\/strong><\/p>\n<p style=\"text-align: center;\">Tout le n\u00e9cessaire pour votre<br \/>\ninstallation<\/p>\n<p style=\"text-align: center;\"><a href=\"https:\/\/idenergie.ca\/fr\/shop\/\">Magasiner\u00a0&gt;<\/a><\/p>\n<\/div>\n<\/div>\n<p>\n<\/div><\/div>\n","protected":false},"excerpt":{"rendered":"","protected":false},"author":1,"featured_media":0,"parent":0,"menu_order":0,"comment_status":"open","ping_status":"open","template":"template-full-custom.php","meta":[],"yoast_head":"<!-- This site is optimized with the Yoast SEO plugin v17.9 - https:\/\/yoast.com\/wordpress\/plugins\/seo\/ -->\n<title>Accueil<\/title>\n<meta name=\"description\" content=\"Id\u00e9nergie pr\u00e9sente une nouvelle venue parmi les technologies vertes : une hydrolienne de rivi\u00e8re qui permet la production d&#039;\u00e9lectricit\u00e9 \u00e0 partir du courant.\" \/>\n<meta name=\"robots\" content=\"index, follow, max-snippet:-1, max-image-preview:large, max-video-preview:-1\" \/>\n<link rel=\"canonical\" href=\"https:\/\/idenergie.ca\/fr\/home\/\" \/>\n<meta property=\"og:locale\" content=\"fr_FR\" \/>\n<meta property=\"og:type\" content=\"article\" \/>\n<meta property=\"og:title\" content=\"Accueil\" \/>\n<meta property=\"og:description\" content=\"Id\u00e9nergie pr\u00e9sente une nouvelle venue parmi les technologies vertes : une hydrolienne de rivi\u00e8re qui permet la production d&#039;\u00e9lectricit\u00e9 \u00e0 partir du courant.\" \/>\n<meta property=\"og:url\" content=\"https:\/\/idenergie.ca\/fr\/home\/\" \/>\n<meta property=\"og:site_name\" content=\"Id\u00e9nergie\" \/>\n<meta property=\"article:modified_time\" content=\"2018-11-26T22:01:35+00:00\" \/>\n<meta property=\"og:image\" content=\"http:\/\/idenergie.ca\/wp-content\/uploads\/2016\/04\/solar_mini.png\" \/>\n<script type=\"application\/ld+json\" class=\"yoast-schema-graph\">{\"@context\":\"https:\/\/schema.org\",\"@graph\":[{\"@type\":\"WebSite\",\"@id\":\"https:\/\/idenergie.ca\/fr\/#website\",\"url\":\"https:\/\/idenergie.ca\/fr\/\",\"name\":\"Id\\u00e9nergie\",\"description\":\"\",\"potentialAction\":[{\"@type\":\"SearchAction\",\"target\":{\"@type\":\"EntryPoint\",\"urlTemplate\":\"https:\/\/idenergie.ca\/fr\/?s={search_term_string}\"},\"query-input\":\"required name=search_term_string\"}],\"inLanguage\":\"fr-FR\"},{\"@type\":\"ImageObject\",\"@id\":\"https:\/\/idenergie.ca\/fr\/home\/#primaryimage\",\"inLanguage\":\"fr-FR\",\"url\":\"https:\/\/idenergie.ca\/wp-content\/uploads\/2016\/04\/solar_mini.png\",\"contentUrl\":\"https:\/\/idenergie.ca\/wp-content\/uploads\/2016\/04\/solar_mini.png\",\"width\":93,\"height\":92},{\"@type\":\"WebPage\",\"@id\":\"https:\/\/idenergie.ca\/fr\/home\/#webpage\",\"url\":\"https:\/\/idenergie.ca\/fr\/home\/\",\"name\":\"Accueil\",\"isPartOf\":{\"@id\":\"https:\/\/idenergie.ca\/fr\/#website\"},\"primaryImageOfPage\":{\"@id\":\"https:\/\/idenergie.ca\/fr\/home\/#primaryimage\"},\"datePublished\":\"2014-08-12T21:12:38+00:00\",\"dateModified\":\"2018-11-26T22:01:35+00:00\",\"description\":\"Id\\u00e9nergie pr\\u00e9sente une nouvelle venue parmi les technologies vertes : une hydrolienne de rivi\\u00e8re qui permet la production d'\\u00e9lectricit\\u00e9 \\u00e0 partir du courant.\",\"breadcrumb\":{\"@id\":\"https:\/\/idenergie.ca\/fr\/home\/#breadcrumb\"},\"inLanguage\":\"fr-FR\",\"potentialAction\":[{\"@type\":\"ReadAction\",\"target\":[\"https:\/\/idenergie.ca\/fr\/home\/\"]}]},{\"@type\":\"BreadcrumbList\",\"@id\":\"https:\/\/idenergie.ca\/fr\/home\/#breadcrumb\",\"itemListElement\":[{\"@type\":\"ListItem\",\"position\":1,\"name\":\"Home\",\"item\":\"https:\/\/idenergie.ca\/fr\/\"},{\"@type\":\"ListItem\",\"position\":2,\"name\":\"Accueil\"}]}]}<\/script>\n<!-- \/ Yoast SEO plugin. -->","yoast_head_json":{"title":"Accueil","description":"Id\u00e9nergie pr\u00e9sente une nouvelle venue parmi les technologies vertes : une hydrolienne de rivi\u00e8re qui permet la production d'\u00e9lectricit\u00e9 \u00e0 partir du courant.","robots":{"index":"index","follow":"follow","max-snippet":"max-snippet:-1","max-image-preview":"max-image-preview:large","max-video-preview":"max-video-preview:-1"},"canonical":"https:\/\/idenergie.ca\/fr\/home\/","og_locale":"fr_FR","og_type":"article","og_title":"Accueil","og_description":"Id\u00e9nergie pr\u00e9sente une nouvelle venue parmi les technologies vertes : une hydrolienne de rivi\u00e8re qui permet la production d'\u00e9lectricit\u00e9 \u00e0 partir du courant.","og_url":"https:\/\/idenergie.ca\/fr\/home\/","og_site_name":"Id\u00e9nergie","article_modified_time":"2018-11-26T22:01:35+00:00","og_image":[{"url":"http:\/\/idenergie.ca\/wp-content\/uploads\/2016\/04\/solar_mini.png"}],"schema":{"@context":"https:\/\/schema.org","@graph":[{"@type":"WebSite","@id":"https:\/\/idenergie.ca\/fr\/#website","url":"https:\/\/idenergie.ca\/fr\/","name":"Id\u00e9nergie","description":"","potentialAction":[{"@type":"SearchAction","target":{"@type":"EntryPoint","urlTemplate":"https:\/\/idenergie.ca\/fr\/?s={search_term_string}"},"query-input":"required name=search_term_string"}],"inLanguage":"fr-FR"},{"@type":"ImageObject","@id":"https:\/\/idenergie.ca\/fr\/home\/#primaryimage","inLanguage":"fr-FR","url":"https:\/\/idenergie.ca\/wp-content\/uploads\/2016\/04\/solar_mini.png","contentUrl":"https:\/\/idenergie.ca\/wp-content\/uploads\/2016\/04\/solar_mini.png","width":93,"height":92},{"@type":"WebPage","@id":"https:\/\/idenergie.ca\/fr\/home\/#webpage","url":"https:\/\/idenergie.ca\/fr\/home\/","name":"Accueil","isPartOf":{"@id":"https:\/\/idenergie.ca\/fr\/#website"},"primaryImageOfPage":{"@id":"https:\/\/idenergie.ca\/fr\/home\/#primaryimage"},"datePublished":"2014-08-12T21:12:38+00:00","dateModified":"2018-11-26T22:01:35+00:00","description":"Id\u00e9nergie pr\u00e9sente une nouvelle venue parmi les technologies vertes : une hydrolienne de rivi\u00e8re qui permet la production d'\u00e9lectricit\u00e9 \u00e0 partir du courant.","breadcrumb":{"@id":"https:\/\/idenergie.ca\/fr\/home\/#breadcrumb"},"inLanguage":"fr-FR","potentialAction":[{"@type":"ReadAction","target":["https:\/\/idenergie.ca\/fr\/home\/"]}]},{"@type":"BreadcrumbList","@id":"https:\/\/idenergie.ca\/fr\/home\/#breadcrumb","itemListElement":[{"@type":"ListItem","position":1,"name":"Home","item":"https:\/\/idenergie.ca\/fr\/"},{"@type":"ListItem","position":2,"name":"Accueil"}]}]}},"_links":{"self":[{"href":"https:\/\/idenergie.ca\/fr\/wp-json\/wp\/v2\/pages\/705"}],"collection":[{"href":"https:\/\/idenergie.ca\/fr\/wp-json\/wp\/v2\/pages"}],"about":[{"href":"https:\/\/idenergie.ca\/fr\/wp-json\/wp\/v2\/types\/page"}],"author":[{"embeddable":true,"href":"https:\/\/idenergie.ca\/fr\/wp-json\/wp\/v2\/users\/1"}],"replies":[{"embeddable":true,"href":"https:\/\/idenergie.ca\/fr\/wp-json\/wp\/v2\/comments?post=705"}],"version-history":[{"count":89,"href":"https:\/\/idenergie.ca\/fr\/wp-json\/wp\/v2\/pages\/705\/revisions"}],"predecessor-version":[{"id":7564,"href":"https:\/\/idenergie.ca\/fr\/wp-json\/wp\/v2\/pages\/705\/revisions\/7564"}],"wp:attachment":[{"href":"https:\/\/idenergie.ca\/fr\/wp-json\/wp\/v2\/media?parent=705"}],"curies":[{"name":"wp","href":"https:\/\/api.w.org\/{rel}","templated":true}]}}