{"id":723,"date":"2014-10-03T15:02:01","date_gmt":"2014-10-03T20:02:01","guid":{"rendered":"https:\/\/idenergie.ca\/?page_id=723"},"modified":"2014-11-25T14:28:56","modified_gmt":"2014-11-25T19:28:56","slug":"hydrolienne","status":"publish","type":"page","link":"https:\/\/idenergie.ca\/fr\/hydrolienne\/","title":{"rendered":"hydrolienne"},"content":{"rendered":"<div class=\"section-full-width section-light-bg parallax-fixed\" style=\"background-color:#f7f7f7;\" id=\"unenouvellealternative\"><div style=\"background-image:url(https:\/\/idenergie.ca\/wp-content\/uploads\/2014\/08\/turbine-background.jpg); opacity:0.8; filter: alpha(opacity=80);\" class=\"full-bg-image\" ><\/div><div class=\"section-boxed\" style=\"color:#373737;\"><h2 class=\"section-title\" style=\"color:#252525;\">Une nouvelle alternative<\/h2><\/p>\n<p style=\"text-align: justify;\">1,4 milliard de personnes \u00e0 travers le monde vivent sans \u00e9lectricit\u00e9. La plupart sont situ\u00e9es dans des zones rurales et \u00e9loign\u00e9es souvent inaccessibles au r\u00e9seau \u00e9lectrique national ou r\u00e9gional. La solution la plus couramment utilis\u00e9e est la g\u00e9n\u00e9ratrice \u00e0 essence, option polluante et co\u00fbteuse \u00e0 moyen et long terme. En cons\u00e9quence, les sources d\u2019\u00e9nergie renouvelable deviennent une alternative int\u00e9ressante et n\u00e9cessaire.<\/p>\n<p style=\"text-align: justify;\">En effet, les solutions d&rsquo;\u00e9nergies renouvelables gagnent en popularit\u00e9 surtout sur le march\u00e9 r\u00e9sidentiel. Des milliards de dollars sont investis chaque ann\u00e9e\u00a0pour des syst\u00e8mes solaires et \u00e9oliens. Cependant, ces solutions ne sont pas optimales compte tenu de leur intermittence et de la variabilit\u00e9 m\u00e9t\u00e9orologique. En cons\u00e9quence, ils ne sont utilis\u00e9s qu\u2019entre 12% \u00e0 35% de leur r\u00e9el potentiel, impliquant un surdimensionnent \u200b\u200bdes installations et des syst\u00e8mes de stockage pour l&rsquo;\u00e9nergie produite.\u00a0Pourtant une solution encore sous exploit\u00e9e existe: la rivi\u00e8re, offrant une production\u00a0fiable et r\u00e9guli\u00e8re.<\/p>\n<p>\n<\/div><\/div>\n<div class=\"section-full-width section-light-bg parallax-fixed\" style=\"background-color:#ffffff;\" id=\"lasourceid\u00e9aled\u2019\u00e9nergierenouvelable\"><div style=\"background-image:url(\/wp-content\/uploads\/2014\/08\/riverflow.jpg); opacity:0.4; filter: alpha(opacity=40);\" class=\"full-bg-image\" ><\/div><div class=\"section-boxed\" style=\"color:#373737;\"><h2 class=\"section-title\" style=\"color:#252525;\">La source id\u00e9ale d\u2019\u00e9nergie renouvelable<\/h2><\/p>\n<p style=\"text-align: justify;\">Parmi toutes les sources d&rsquo;\u00e9nergies renouvelables, seule la rivi\u00e8re peut fournir une source fiable et pr\u00e9visible 24 heures par jour. L\u2019hydrolienne Id\u00e9nergie est la solution de choix pour profiter pleinement du potentiel \u00e9nerg\u00e9tique continu offert par la rivi\u00e8re. Elle est la seule solution permettant de r\u00e9pondre aux besoins \u00e9lectriques d\u2019une r\u00e9sidence en fournissant de l\u2019\u00e9nergie au fil de l\u2019eau alimentant directement les appareils m\u00e9nagers et rechargeant les batteries. Moins assujettie aux variations climatiques, le nombre de batterie n\u00e9cessaire est r\u00e9duit par rapport \u00e0 un syst\u00e8me d\u2019\u00e9nergie renouvelable standard. Elle repr\u00e9sente \u00e9galement un syst\u00e8me d&rsquo;urgence en raison de la quantit\u00e9 infinie d&rsquo;\u00e9nergie fournie.<\/p>\n<p>\n<\/div><\/div>\n<div class=\"section-full-width section-light-bg\" style=\"background-color:#f7f7f7;\" id=\"facile\u00e0installer\"><div class=\"section-boxed\" style=\"color:#373737;\"><h2 class=\"section-title\" style=\"color:#252525;\">Facile \u00e0 installer<\/h2><p>\n<img class=\"img-frame alignright\" src=\"https:\/\/idenergie.ca\/wp-content\/uploads\/2014\/10\/easy-to-install.jpg\" alt=\"\" width=\"300\" \/>Inspir\u00e9e par le concept IKEA , l\u2019hydrolienne Id\u00e9nergie peut \u00eatre d\u00e9mont\u00e9e en pi\u00e8ces d\u00e9tach\u00e9es facilitant son transport dans les coins les plus recul\u00e9s et pouvant ainsi \u00eatre assembl\u00e9es sur place. Ceci permet une installation simple et rapide qui ne n\u00e9cessite que deux personnes et seulement quelques heures. L\u2019hydrolienne est fix\u00e9e \u00e0 un pilier stable \u00e0 l\u2019aide d\u2019un c\u00e2ble d&rsquo;acier et est d\u00e9pos\u00e9e au fond de la rivi\u00e8re, s&rsquo;auto-positionnant dans le fluide comme un cerf-volant. Les connexions \u00e9lectriques DC sont simplifi\u00e9es par la pr\u00e9sence d\u2019un convertisseur \u00e9lectrique int\u00e9gr\u00e9. Tout ce qui reste \u00e0 faire est de connecter le c\u00e2ble aux batteries, sans aucun \u00e9quipement \u00e9lectrique suppl\u00e9mentaire.<\/p>\n<\/div><\/div>\n<div class=\"section-full-width section-light-bg\" style=\"background-color:#ffffff;\" id=\"puissanceoptimaleentouttemps\"><div class=\"section-boxed\" style=\"color:#373737;\"><h2 class=\"section-title\" style=\"color:#252525;\">Puissance optimale en tout temps<\/h2><\/p>\n<p style=\"text-align: justify;\">L\u2019hydrolienne est munie d\u2019un convertisseur intelligent qui permet la conversion d\u2019\u00e9lectricit\u00e9 du\u00a0g\u00e9n\u00e9rateur en courant continu\u00a0pour recharger les batteries et ainsi alimenter des appareils \u00e9lectrom\u00e9nagers. En outre, ce convertisseur permet \u00e0 l\u2019usager d&rsquo;avoir un meilleur contr\u00f4le en r\u00e9gulant automatiquement la vitesse de rotation de la turbine procurant ainsi un maximum de puissance. Le mode moteur int\u00e9gr\u00e9 a pour fonction le suivi de la production d\u2019\u00e9nergie en temps r\u00e9el ainsi que le d\u00e9marrage automatique c\u2019est-\u00e0-dire que dans un faible courant d\u2019eau le g\u00e9n\u00e9rateur en mode moteur peut initier un mouvement suffisant pour produire de l&rsquo;\u00e9lectricit\u00e9. La puissance de sortie est r\u00e9gl\u00e9e sur un courant continu, passant de 24 \u00e0 48V CC et plus, facilitant le transport d&rsquo;\u00e9lectricit\u00e9 sur de longues distances.<\/p>\n<div class=\"video-wrap\"><iframe loading=\"lazy\" src=\"\/\/player.vimeo.com\/video\/96219016\" width=\"1280\" height=\"720\" frameborder=\"0\" title=\"Id&eacute;nergie&#039;s self-starting turbine \/ Turbine auto-d&eacute;marrante par Id&eacute;nergie\" webkitallowfullscreen mozallowfullscreen allowfullscreen><\/iframe><\/div>\n\n<p>\n<\/div><\/div>\n<div class=\"section-full-width section-light-bg parallax-fixed\" style=\"background-color:#f7f7f7;\" id=\"peud39entretienrecquis\"><div style=\"background-image:url(\/wp-content\/uploads\/2014\/08\/turbineinriver.jpg); opacity:0.4; filter: alpha(opacity=40);\" class=\"full-bg-image\" ><\/div><div class=\"section-boxed\" style=\"color:#373737;\"><h2 class=\"section-title\" style=\"color:#252525;\">Peu d&#39;entretien recquis<\/h2><\/p>\n<p style=\"text-align: justify;\">L\u2019hydrolienne de rivi\u00e8re Id\u00e9nergie utilise un nouveau type de g\u00e9n\u00e9rateur \u00e9lectrique dont Id\u00e9nergie est l&rsquo;inventeur et le seul fabricant au monde. Notre technologie sans arbre unique emp\u00eache toute intrusion d&rsquo;eau dans l\u2019enveloppe du g\u00e9n\u00e9rateur ce qui limite l\u2019entretien et assure une longue dur\u00e9e de vie \u00e0 l\u2019hydrolienne. Le g\u00e9n\u00e9rateur est tr\u00e8s efficace dans un courant \u00e0 basse vitesse et la production \u00e9quivaut \u00e0 celle de 4 \u00e0 10 panneaux solaires (entre 2 et 6 kWh \/ jour).<\/p>\n<p>\n<\/div><\/div>\n<div class=\"section-full-width section-light-bg parallax-fixed\" style=\"background-color:#f7f7f7;\" id=\"section-1\"><div style=\"background-image:url(\/wp-content\/uploads\/2014\/08\/turbineinnature.jpg); opacity:1; filter: alpha(opacity=100);\" class=\"full-bg-image\" ><\/div><div class=\"section-boxed\" style=\"color:#373737;\"><\/p>\n<div style=\"height: 500px;\"><\/div>\n<p>\n<\/div><\/div>\n<div class=\"section-full-width section-light-bg parallax-fixed\" style=\"background-color:#f7f7f7;\" id=\"conceptrobuste\"><div class=\"section-boxed\" style=\"color:#373737;\"><h2 class=\"section-title\" style=\"color:#252525;\">Concept robuste<\/h2><\/p>\n<p style=\"text-align: justify;\">L\u2019hydrolienne de rivi\u00e8re Id\u00e9nergie est compos\u00e9e de deux turbines Darrieus. Ce mod\u00e8le a \u00e9t\u00e9 choisi pour sa simplicit\u00e9 de fabrication et d&rsquo;installation. Il permet d\u2019accommoder une profondeur d\u2019eau \u00e0 partir de deux pieds et un minimum de vitesse d&rsquo;eau de 1,2 m \/s. Les p\u00e2les qui la composent sont peu co\u00fbteuses \u00e0 produire et facile \u00e0 remplacer en cas de bris. La structure et l&rsquo;enveloppe du g\u00e9n\u00e9rateur sont faites d\u2019aluminium choisi pour ses caract\u00e9ristiques de l\u00e9g\u00e8ret\u00e9, de rigidit\u00e9 structurelle et de r\u00e9sistance \u00e0 la corrosion. Des turbines librement suspendues ainsi qu\u2019un m\u00e9canisme de rotation diminuent les risques d&rsquo;accumulation de d\u00e9bris. Sa conception robuste a m\u00eame prouv\u00e9e pouvoir r\u00e9sister \u00e0 de lourdes charges telle que des troncs d\u2019arbre.<\/p>\n<hr \/>\n<div class=\"cols-wrapper cols-2\">\n<div class=\"col\">\n<div class=\"video-wrap\"><iframe loading=\"lazy\" src=\"\/\/player.vimeo.com\/video\/108047501\" width=\"1280\" height=\"720\" frameborder=\"0\" title=\"debris\" webkitallowfullscreen mozallowfullscreen allowfullscreen><\/iframe><\/div>\n\n<\/div>\n<div class=\"col nomargin\">\n<div class=\"video-wrap\"><iframe loading=\"lazy\" src=\"\/\/player.vimeo.com\/video\/81359058\" width=\"1280\" height=\"720\" frameborder=\"0\" title=\"Run-of-the-river home generators : Underwater winter video\" webkitallowfullscreen mozallowfullscreen allowfullscreen><\/iframe><\/div>\n\n<\/div>\n<\/div>\n<p>\n<\/div><\/div>\n<div class=\"section-full-width section-light-bg parallax-fixed\" style=\"background-color:#f7f7f7;\" id=\"construitedansunsoucidel39environnement\"><div style=\"background-image:url(\/wp-content\/uploads\/2014\/08\/chalet_riviere_dark.jpg); opacity:0.3; filter: alpha(opacity=30);\" class=\"full-bg-image\" ><\/div><div class=\"section-boxed\" style=\"color:#373737;\"><h2 class=\"section-title\" style=\"color:#252525;\">Construite dans un souci de l&#39;environnement<\/h2><\/p>\n<p style=\"text-align: justify;\">Compos\u00e9e majoritairement d\u2019aluminium et d&rsquo;autres mat\u00e9riaux nobles \u00e0 faibles impacts environnementaux, l\u2019hydrolienne Id\u00e9nergie repr\u00e9sente la solution la plus \u00e9cologique sur le march\u00e9. Les turbines ainsi que l\u2019enveloppe du g\u00e9n\u00e9rateur sont 100% recyclables. De plus, l\u2019hydrolienne de rivi\u00e8re ne n\u00e9cessite aucune structure permanente, r\u00e9duisant son interaction avec \u200b\u200bla faune aquatique.<br \/>\nLes \u00e9tudes r\u00e9alis\u00e9es par les laboratoires am\u00e9ricains Alden ont prouv\u00e9 que la turbine Darrieus, utilis\u00e9e par Idenergie, ne repr\u00e9sente pas une menace pour l&rsquo;\u00e9cosyst\u00e8me de la rivi\u00e8re. En tenant compte de ces r\u00e9sultats, Id\u00e9nergie a con\u00e7u son produit de fa\u00e7on \u00e0 ce que ses effets sur la faune aquatique et la flore environnantes soient minimes. En effet, l&rsquo;extraction de l&rsquo;\u00e9nergie d&rsquo;un fluide a tendance \u00e0 ralentir ce-dernier, entra\u00eenant une vitesse plus rapide sur le c\u00f4t\u00e9 de la turbine. Les objets flottants, d\u00e9bris, ainsi que les poissons ont naturellement tendance \u00e0 \u00e9viter la turbine. Le taux de survie de ces-derniers est de 98%.<\/p>\n<p>\n<\/div><\/div>\n<div class=\"section-full-width section-light-bg parallax-fixed\" style=\"background-color:#f7f7f7;\" id=\"section-2\"><div style=\"background-image:url(https:\/\/idenergie.ca\/wp-content\/uploads\/2014\/08\/Gaussian-blur-background.jpg); opacity:0.2; filter: alpha(opacity=20);\" class=\"full-bg-image\" ><\/div><div class=\"section-boxed\" style=\"color:#373737;\"><div class=\"cta-element\"><h2 class=\"cta-title\">Disponible d\u00e8s maintenant!<\/h2><a class=\"button\" href=\"\/fr\/contact\">Contactez-nous!<\/a><\/div>\n<\/div><\/div>\n","protected":false},"excerpt":{"rendered":"","protected":false},"author":1,"featured_media":0,"parent":0,"menu_order":1,"comment_status":"open","ping_status":"open","template":"template-full-custom.php","meta":[],"yoast_head":"<!-- This site is optimized with the Yoast SEO plugin v17.9 - https:\/\/yoast.com\/wordpress\/plugins\/seo\/ -->\n<title>hydrolienne - Id\u00e9nergie<\/title>\n<meta name=\"robots\" content=\"index, follow, max-snippet:-1, max-image-preview:large, max-video-preview:-1\" \/>\n<link rel=\"canonical\" href=\"https:\/\/idenergie.ca\/fr\/hydrolienne\/\" \/>\n<meta property=\"og:locale\" content=\"fr_FR\" \/>\n<meta property=\"og:type\" content=\"article\" \/>\n<meta property=\"og:title\" content=\"hydrolienne - Id\u00e9nergie\" \/>\n<meta property=\"og:url\" content=\"https:\/\/idenergie.ca\/fr\/hydrolienne\/\" \/>\n<meta property=\"og:site_name\" content=\"Id\u00e9nergie\" \/>\n<meta property=\"article:modified_time\" content=\"2014-11-25T19:28:56+00:00\" \/>\n<meta property=\"og:image\" content=\"http:\/\/idenergie.ca\/wp-content\/uploads\/2014\/10\/easy-to-install.jpg\" \/>\n<meta name=\"twitter:label1\" content=\"Dur\u00e9e de lecture est.\" \/>\n\t<meta name=\"twitter:data1\" content=\"7 minutes\" \/>\n<script type=\"application\/ld+json\" class=\"yoast-schema-graph\">{\"@context\":\"https:\/\/schema.org\",\"@graph\":[{\"@type\":\"WebSite\",\"@id\":\"https:\/\/idenergie.ca\/fr\/#website\",\"url\":\"https:\/\/idenergie.ca\/fr\/\",\"name\":\"Id\\u00e9nergie\",\"description\":\"\",\"potentialAction\":[{\"@type\":\"SearchAction\",\"target\":{\"@type\":\"EntryPoint\",\"urlTemplate\":\"https:\/\/idenergie.ca\/fr\/?s={search_term_string}\"},\"query-input\":\"required name=search_term_string\"}],\"inLanguage\":\"fr-FR\"},{\"@type\":\"ImageObject\",\"@id\":\"https:\/\/idenergie.ca\/fr\/hydrolienne\/#primaryimage\",\"inLanguage\":\"fr-FR\",\"url\":\"https:\/\/idenergie.ca\/wp-content\/uploads\/2014\/10\/easy-to-install.jpg\",\"contentUrl\":\"https:\/\/idenergie.ca\/wp-content\/uploads\/2014\/10\/easy-to-install.jpg\",\"width\":1500,\"height\":1000},{\"@type\":\"WebPage\",\"@id\":\"https:\/\/idenergie.ca\/fr\/hydrolienne\/#webpage\",\"url\":\"https:\/\/idenergie.ca\/fr\/hydrolienne\/\",\"name\":\"hydrolienne - Id\\u00e9nergie\",\"isPartOf\":{\"@id\":\"https:\/\/idenergie.ca\/fr\/#website\"},\"primaryImageOfPage\":{\"@id\":\"https:\/\/idenergie.ca\/fr\/hydrolienne\/#primaryimage\"},\"datePublished\":\"2014-10-03T20:02:01+00:00\",\"dateModified\":\"2014-11-25T19:28:56+00:00\",\"breadcrumb\":{\"@id\":\"https:\/\/idenergie.ca\/fr\/hydrolienne\/#breadcrumb\"},\"inLanguage\":\"fr-FR\",\"potentialAction\":[{\"@type\":\"ReadAction\",\"target\":[\"https:\/\/idenergie.ca\/fr\/hydrolienne\/\"]}]},{\"@type\":\"BreadcrumbList\",\"@id\":\"https:\/\/idenergie.ca\/fr\/hydrolienne\/#breadcrumb\",\"itemListElement\":[{\"@type\":\"ListItem\",\"position\":1,\"name\":\"Home\",\"item\":\"https:\/\/idenergie.ca\/fr\/\"},{\"@type\":\"ListItem\",\"position\":2,\"name\":\"hydrolienne\"}]}]}<\/script>\n<!-- \/ Yoast SEO plugin. -->","yoast_head_json":{"title":"hydrolienne - Id\u00e9nergie","robots":{"index":"index","follow":"follow","max-snippet":"max-snippet:-1","max-image-preview":"max-image-preview:large","max-video-preview":"max-video-preview:-1"},"canonical":"https:\/\/idenergie.ca\/fr\/hydrolienne\/","og_locale":"fr_FR","og_type":"article","og_title":"hydrolienne - Id\u00e9nergie","og_url":"https:\/\/idenergie.ca\/fr\/hydrolienne\/","og_site_name":"Id\u00e9nergie","article_modified_time":"2014-11-25T19:28:56+00:00","og_image":[{"url":"http:\/\/idenergie.ca\/wp-content\/uploads\/2014\/10\/easy-to-install.jpg"}],"twitter_misc":{"Dur\u00e9e de lecture est.":"7 minutes"},"schema":{"@context":"https:\/\/schema.org","@graph":[{"@type":"WebSite","@id":"https:\/\/idenergie.ca\/fr\/#website","url":"https:\/\/idenergie.ca\/fr\/","name":"Id\u00e9nergie","description":"","potentialAction":[{"@type":"SearchAction","target":{"@type":"EntryPoint","urlTemplate":"https:\/\/idenergie.ca\/fr\/?s={search_term_string}"},"query-input":"required name=search_term_string"}],"inLanguage":"fr-FR"},{"@type":"ImageObject","@id":"https:\/\/idenergie.ca\/fr\/hydrolienne\/#primaryimage","inLanguage":"fr-FR","url":"https:\/\/idenergie.ca\/wp-content\/uploads\/2014\/10\/easy-to-install.jpg","contentUrl":"https:\/\/idenergie.ca\/wp-content\/uploads\/2014\/10\/easy-to-install.jpg","width":1500,"height":1000},{"@type":"WebPage","@id":"https:\/\/idenergie.ca\/fr\/hydrolienne\/#webpage","url":"https:\/\/idenergie.ca\/fr\/hydrolienne\/","name":"hydrolienne - Id\u00e9nergie","isPartOf":{"@id":"https:\/\/idenergie.ca\/fr\/#website"},"primaryImageOfPage":{"@id":"https:\/\/idenergie.ca\/fr\/hydrolienne\/#primaryimage"},"datePublished":"2014-10-03T20:02:01+00:00","dateModified":"2014-11-25T19:28:56+00:00","breadcrumb":{"@id":"https:\/\/idenergie.ca\/fr\/hydrolienne\/#breadcrumb"},"inLanguage":"fr-FR","potentialAction":[{"@type":"ReadAction","target":["https:\/\/idenergie.ca\/fr\/hydrolienne\/"]}]},{"@type":"BreadcrumbList","@id":"https:\/\/idenergie.ca\/fr\/hydrolienne\/#breadcrumb","itemListElement":[{"@type":"ListItem","position":1,"name":"Home","item":"https:\/\/idenergie.ca\/fr\/"},{"@type":"ListItem","position":2,"name":"hydrolienne"}]}]}},"_links":{"self":[{"href":"https:\/\/idenergie.ca\/fr\/wp-json\/wp\/v2\/pages\/723"}],"collection":[{"href":"https:\/\/idenergie.ca\/fr\/wp-json\/wp\/v2\/pages"}],"about":[{"href":"https:\/\/idenergie.ca\/fr\/wp-json\/wp\/v2\/types\/page"}],"author":[{"embeddable":true,"href":"https:\/\/idenergie.ca\/fr\/wp-json\/wp\/v2\/users\/1"}],"replies":[{"embeddable":true,"href":"https:\/\/idenergie.ca\/fr\/wp-json\/wp\/v2\/comments?post=723"}],"version-history":[{"count":59,"href":"https:\/\/idenergie.ca\/fr\/wp-json\/wp\/v2\/pages\/723\/revisions"}],"predecessor-version":[{"id":1129,"href":"https:\/\/idenergie.ca\/fr\/wp-json\/wp\/v2\/pages\/723\/revisions\/1129"}],"wp:attachment":[{"href":"https:\/\/idenergie.ca\/fr\/wp-json\/wp\/v2\/media?parent=723"}],"curies":[{"name":"wp","href":"https:\/\/api.w.org\/{rel}","templated":true}]}}